{"id":1129,"date":"2025-09-20T08:07:27","date_gmt":"2025-09-20T08:07:27","guid":{"rendered":"https:\/\/panwinjet.com\/?post_type=product&#038;p=1129"},"modified":"2025-09-20T08:07:27","modified_gmt":"2025-09-20T08:07:27","slug":"pipeline-hydro-jet-blasting-cleaning-machine-parts-for-woma-uni-valve-new-model","status":"publish","type":"product","link":"https:\/\/panwinjet.com\/fr\/produit\/pipeline-hydro-jet-blasting-cleaning-machine-parts-for-woma-uni-valve-new-model\/","title":{"rendered":"Pi\u00e8ces de machine de nettoyage par hydrojet pour pipeline WOMA Uni-Valve nouveau mod\u00e8le"},"content":{"rendered":"<p><strong><b>Pi\u00e8ces de machine de nettoyage par hydrojet pour pipeline WOMA Uni-Valve nouveau mod\u00e8le<\/b><\/strong><\/p>\n<p><strong><b>Pr\u00e9sentation des pi\u00e8ces d\u00e9tach\u00e9es pour machine de nettoyage par jet d&#039;eau hydrostatique de pipelines pour vanne WOMA Uni-Valve<\/b><\/strong><strong><b>\u00a0Assemblages de cartouches<\/b><\/strong><strong><b>\u00a0Nouveau mod\u00e8le<\/b><\/strong><\/p>\n<p>Les pi\u00e8ces de la machine de nettoyage par jet d&#039;eau haute pression pour pipelines WOMA Uni-Valve New Model ont \u00e9t\u00e9 con\u00e7ues pour une tr\u00e8s grande vari\u00e9t\u00e9 de t\u00e2ches de nettoyage de surface et sont utilis\u00e9es dans les pompes de nettoyage \u00e0 jet d&#039;eau haute pression WOMA.<\/p>","protected":false},"excerpt":{"rendered":"<p><strong><b>Param\u00e8tre (sp\u00e9cification) de <\/b><\/strong><strong><b>Pi\u00e8ces de machine de nettoyage par hydrojet pour pipeline WOMA Uni-Valve nouveau mod\u00e8le<\/b><\/strong><\/p>\n<p>Les cartouches Panwin Uni-Valve pour WOMA sont fabriqu\u00e9es en acier inoxydable de haute qualit\u00e9, b\u00e9n\u00e9ficiant d&#039;un traitement thermique sup\u00e9rieur pour une qualit\u00e9 exceptionnelle.<\/p>\n<p><strong><b>Caract\u00e9ristiques et applications de <\/b><\/strong><strong><b>Pi\u00e8ces de machine de nettoyage par hydrojet pour pipeline WOMA Uni-Valve nouveau mod\u00e8le<\/b><\/strong><\/p>\n<p>Les pi\u00e8ces d\u00e9tach\u00e9es pour la machine de nettoyage par jet d&#039;eau hydrostatique WOMA Uni-Valve (nouveau mod\u00e8le) sont des composants cl\u00e9s de la pompe de nettoyage par jet d&#039;eau WOMA. Elles sont de qualit\u00e9 stable et haute efficacit\u00e9 et pr\u00e9sentent les caract\u00e9ristiques suivantes\u00a0:<\/p>\n<ul>\n<li>Acier inoxydable de qualit\u00e9 exceptionnelle<\/li>\n<li>Un savoir-faire exceptionnel<\/li>\n<li>Tol\u00e9rance d&#039;\u00e9tanch\u00e9it\u00e9 \u00e9troite<\/li>\n<\/ul>\n<p><strong><b>Application:<\/b><\/strong><\/p>\n<p>Ces pi\u00e8ces de machine de nettoyage par jet d&#039;eau hydrostatique pour pipeline, destin\u00e9es au nouveau mod\u00e8le WOMA Uni-Valve, sont utilis\u00e9es avec la pompe \u00e0 pression de style nouveau WOMA\u00a0; il s&#039;agit des composants cl\u00e9s et d&#039;une conception de pointe.<\/p>\n<p>Cette pompe peut \u00eatre largement utilis\u00e9e pour le nettoyage de surfaces, le nettoyage de r\u00e9servoirs et de cuves, le nettoyage de la peinture automobile, le nettoyage dans l&#039;industrie mini\u00e8re, le nettoyage dans la fabrication de l&#039;acier, le secteur de la construction, etc.<\/p>","protected":false},"featured_media":1131,"template":"","meta":[],"product_brand":[],"product_cat":[6],"product_tag":[18],"class_list":{"0":"post-1129","1":"product","2":"type-product","3":"status-publish","4":"has-post-thumbnail","6":"product_cat-uni-valves-for-uhp-pump","7":"product_tag-woma-uni-valve-uhp-hydrojet","9":"first","10":"instock","11":"shipping-taxable","12":"product-type-simple"},"yoast_head":"<!-- This site is optimized with the Yoast SEO plugin v24.9 - https:\/\/yoast.com\/wordpress\/plugins\/seo\/ -->\n<title>Pipeline hydro Jet blasting cleaning machine parts for WOMA Uni-Valve New Model - Panwin Machinery&amp;Equipment<\/title>\n<meta name=\"robots\" content=\"index, follow, max-snippet:-1, max-image-preview:large, max-video-preview:-1\" \/>\n<link rel=\"canonical\" href=\"https:\/\/panwinjet.com\/fr\/produit\/pipeline-hydro-jet-blasting-cleaning-machine-parts-for-woma-uni-valve-new-model\/\" \/>\n<meta property=\"og:locale\" content=\"fr_FR\" \/>\n<meta property=\"og:type\" content=\"article\" \/>\n<meta property=\"og:title\" content=\"Pipeline hydro Jet blasting cleaning machine parts for WOMA Uni-Valve New Model - Panwin Machinery&amp;Equipment\" \/>\n<meta property=\"og:description\" content=\"Parameter (Specification) of Pipeline hydro Jet blasting cleaning machine parts for WOMA Uni-Valve New Model  Panwin\u00a0Uni-Valve\u00a0cartridge Assemblies for WOMA\u00a0is\u00a0made of High-classed\u00a0quality SST, superior\u00a0heat treatment craftsmanship for excellent quality.  Feature And Application of Pipeline hydro Jet blasting cleaning machine parts for WOMA Uni-Valve New Model  The Pipeline hydro Jet blasting cleaning machine parts for WOMA Uni-Valve New Model\u00a0is for WOMA Water Blasting pump key components, it is stable-quality and high-efficient and features as follows:   Distinctivequality stainless steel  Excellent craftsmanship  Close Sealing tolerance  Application:  This Pipeline hydro Jet blasting cleaning machine parts for WOMA Uni-Valve New Model\u00a0is applied to WOMA new style\u00a0pressure pump, it is the key componets and high-edge\u00a0design.  The pump can be widely used in surface cleaning,Tank&amp;Vessel Cleaning,Automotive Painting cleaning,Mining industry cleaning,Steel manufacture cleaning, Construction industry\u00a0etc.\" \/>\n<meta property=\"og:url\" content=\"https:\/\/panwinjet.com\/fr\/produit\/pipeline-hydro-jet-blasting-cleaning-machine-parts-for-woma-uni-valve-new-model\/\" \/>\n<meta property=\"og:site_name\" content=\"Panwin Machinery&amp;Equipment\" \/>\n<meta property=\"og:image\" content=\"https:\/\/panwinjet.com\/wp-content\/uploads\/2025\/09\/WOMA-2.png\" \/>\n\t<meta property=\"og:image:width\" content=\"571\" \/>\n\t<meta property=\"og:image:height\" content=\"469\" \/>\n\t<meta property=\"og:image:type\" content=\"image\/png\" \/>\n<meta name=\"twitter:card\" content=\"summary_large_image\" \/>\n<meta name=\"twitter:label1\" content=\"Dur\u00e9e de lecture estim\u00e9e\" \/>\n\t<meta name=\"twitter:data1\" content=\"1 minute\" \/>\n<script type=\"application\/ld+json\" class=\"yoast-schema-graph\">{\"@context\":\"https:\/\/schema.org\",\"@graph\":[{\"@type\":\"WebPage\",\"@id\":\"https:\/\/panwinjet.com\/product\/pipeline-hydro-jet-blasting-cleaning-machine-parts-for-woma-uni-valve-new-model\/\",\"url\":\"https:\/\/panwinjet.com\/product\/pipeline-hydro-jet-blasting-cleaning-machine-parts-for-woma-uni-valve-new-model\/\",\"name\":\"Pipeline hydro Jet blasting cleaning machine parts for WOMA Uni-Valve New Model - Panwin Machinery&amp;Equipment\",\"isPartOf\":{\"@id\":\"https:\/\/panwinjet.com\/#website\"},\"primaryImageOfPage\":{\"@id\":\"https:\/\/panwinjet.com\/product\/pipeline-hydro-jet-blasting-cleaning-machine-parts-for-woma-uni-valve-new-model\/#primaryimage\"},\"image\":{\"@id\":\"https:\/\/panwinjet.com\/product\/pipeline-hydro-jet-blasting-cleaning-machine-parts-for-woma-uni-valve-new-model\/#primaryimage\"},\"thumbnailUrl\":\"https:\/\/panwinjet.com\/wp-content\/uploads\/2025\/09\/WOMA-2.png\",\"datePublished\":\"2025-09-20T08:07:27+00:00\",\"breadcrumb\":{\"@id\":\"https:\/\/panwinjet.com\/product\/pipeline-hydro-jet-blasting-cleaning-machine-parts-for-woma-uni-valve-new-model\/#breadcrumb\"},\"inLanguage\":\"fr-FR\",\"potentialAction\":[{\"@type\":\"ReadAction\",\"target\":[\"https:\/\/panwinjet.com\/product\/pipeline-hydro-jet-blasting-cleaning-machine-parts-for-woma-uni-valve-new-model\/\"]}]},{\"@type\":\"ImageObject\",\"inLanguage\":\"fr-FR\",\"@id\":\"https:\/\/panwinjet.com\/product\/pipeline-hydro-jet-blasting-cleaning-machine-parts-for-woma-uni-valve-new-model\/#primaryimage\",\"url\":\"https:\/\/panwinjet.com\/wp-content\/uploads\/2025\/09\/WOMA-2.png\",\"contentUrl\":\"https:\/\/panwinjet.com\/wp-content\/uploads\/2025\/09\/WOMA-2.png\",\"width\":571,\"height\":469},{\"@type\":\"BreadcrumbList\",\"@id\":\"https:\/\/panwinjet.com\/product\/pipeline-hydro-jet-blasting-cleaning-machine-parts-for-woma-uni-valve-new-model\/#breadcrumb\",\"itemListElement\":[{\"@type\":\"ListItem\",\"position\":1,\"name\":\"\u9996\u9875\",\"item\":\"https:\/\/panwinjet.com\/\"},{\"@type\":\"ListItem\",\"position\":2,\"name\":\"PRODUCT\",\"item\":\"https:\/\/panwinjet.com\/product\/\"},{\"@type\":\"ListItem\",\"position\":3,\"name\":\"Pipeline hydro Jet blasting cleaning machine parts for WOMA Uni-Valve New Model\"}]},{\"@type\":\"WebSite\",\"@id\":\"https:\/\/panwinjet.com\/#website\",\"url\":\"https:\/\/panwinjet.com\/\",\"name\":\"Panwin Machinery&amp;Equipment\",\"description\":\"Shenzhen Panwin Machinery&amp;Equipment Co.Ltd\",\"potentialAction\":[{\"@type\":\"SearchAction\",\"target\":{\"@type\":\"EntryPoint\",\"urlTemplate\":\"https:\/\/panwinjet.com\/?s={search_term_string}\"},\"query-input\":{\"@type\":\"PropertyValueSpecification\",\"valueRequired\":true,\"valueName\":\"search_term_string\"}}],\"inLanguage\":\"fr-FR\"}]}<\/script>\n<!-- \/ Yoast SEO plugin. -->","yoast_head_json":{"title":"Pipeline hydro Jet blasting cleaning machine parts for WOMA Uni-Valve New Model - Panwin Machinery&amp;Equipment","robots":{"index":"index","follow":"follow","max-snippet":"max-snippet:-1","max-image-preview":"max-image-preview:large","max-video-preview":"max-video-preview:-1"},"canonical":"https:\/\/panwinjet.com\/fr\/produit\/pipeline-hydro-jet-blasting-cleaning-machine-parts-for-woma-uni-valve-new-model\/","og_locale":"fr_FR","og_type":"article","og_title":"Pipeline hydro Jet blasting cleaning machine parts for WOMA Uni-Valve New Model - Panwin Machinery&amp;Equipment","og_description":"Parameter (Specification) of Pipeline hydro Jet blasting cleaning machine parts for WOMA Uni-Valve New Model  Panwin\u00a0Uni-Valve\u00a0cartridge Assemblies for WOMA\u00a0is\u00a0made of High-classed\u00a0quality SST, superior\u00a0heat treatment craftsmanship for excellent quality.  Feature And Application of Pipeline hydro Jet blasting cleaning machine parts for WOMA Uni-Valve New Model  The Pipeline hydro Jet blasting cleaning machine parts for WOMA Uni-Valve New Model\u00a0is for WOMA Water Blasting pump key components, it is stable-quality and high-efficient and features as follows:   Distinctivequality stainless steel  Excellent craftsmanship  Close Sealing tolerance  Application:  This Pipeline hydro Jet blasting cleaning machine parts for WOMA Uni-Valve New Model\u00a0is applied to WOMA new style\u00a0pressure pump, it is the key componets and high-edge\u00a0design.  The pump can be widely used in surface cleaning,Tank&amp;Vessel Cleaning,Automotive Painting cleaning,Mining industry cleaning,Steel manufacture cleaning, Construction industry\u00a0etc.","og_url":"https:\/\/panwinjet.com\/fr\/produit\/pipeline-hydro-jet-blasting-cleaning-machine-parts-for-woma-uni-valve-new-model\/","og_site_name":"Panwin Machinery&amp;Equipment","og_image":[{"width":571,"height":469,"url":"https:\/\/panwinjet.com\/wp-content\/uploads\/2025\/09\/WOMA-2.png","type":"image\/png"}],"twitter_card":"summary_large_image","twitter_misc":{"Dur\u00e9e de lecture estim\u00e9e":"1 minute"},"schema":{"@context":"https:\/\/schema.org","@graph":[{"@type":"WebPage","@id":"https:\/\/panwinjet.com\/product\/pipeline-hydro-jet-blasting-cleaning-machine-parts-for-woma-uni-valve-new-model\/","url":"https:\/\/panwinjet.com\/product\/pipeline-hydro-jet-blasting-cleaning-machine-parts-for-woma-uni-valve-new-model\/","name":"Pipeline hydro Jet blasting cleaning machine parts for WOMA Uni-Valve New Model - Panwin Machinery&amp;Equipment","isPartOf":{"@id":"https:\/\/panwinjet.com\/#website"},"primaryImageOfPage":{"@id":"https:\/\/panwinjet.com\/product\/pipeline-hydro-jet-blasting-cleaning-machine-parts-for-woma-uni-valve-new-model\/#primaryimage"},"image":{"@id":"https:\/\/panwinjet.com\/product\/pipeline-hydro-jet-blasting-cleaning-machine-parts-for-woma-uni-valve-new-model\/#primaryimage"},"thumbnailUrl":"https:\/\/panwinjet.com\/wp-content\/uploads\/2025\/09\/WOMA-2.png","datePublished":"2025-09-20T08:07:27+00:00","breadcrumb":{"@id":"https:\/\/panwinjet.com\/product\/pipeline-hydro-jet-blasting-cleaning-machine-parts-for-woma-uni-valve-new-model\/#breadcrumb"},"inLanguage":"fr-FR","potentialAction":[{"@type":"ReadAction","target":["https:\/\/panwinjet.com\/product\/pipeline-hydro-jet-blasting-cleaning-machine-parts-for-woma-uni-valve-new-model\/"]}]},{"@type":"ImageObject","inLanguage":"fr-FR","@id":"https:\/\/panwinjet.com\/product\/pipeline-hydro-jet-blasting-cleaning-machine-parts-for-woma-uni-valve-new-model\/#primaryimage","url":"https:\/\/panwinjet.com\/wp-content\/uploads\/2025\/09\/WOMA-2.png","contentUrl":"https:\/\/panwinjet.com\/wp-content\/uploads\/2025\/09\/WOMA-2.png","width":571,"height":469},{"@type":"BreadcrumbList","@id":"https:\/\/panwinjet.com\/product\/pipeline-hydro-jet-blasting-cleaning-machine-parts-for-woma-uni-valve-new-model\/#breadcrumb","itemListElement":[{"@type":"ListItem","position":1,"name":"\u9996\u9875","item":"https:\/\/panwinjet.com\/"},{"@type":"ListItem","position":2,"name":"PRODUCT","item":"https:\/\/panwinjet.com\/product\/"},{"@type":"ListItem","position":3,"name":"Pipeline hydro Jet blasting cleaning machine parts for WOMA Uni-Valve New Model"}]},{"@type":"WebSite","@id":"https:\/\/panwinjet.com\/#website","url":"https:\/\/panwinjet.com\/","name":"Panwin Machinery&amp;Equipment","description":"Shenzhen Panwin Machinery&amp;Equipment Co.Ltd","potentialAction":[{"@type":"SearchAction","target":{"@type":"EntryPoint","urlTemplate":"https:\/\/panwinjet.com\/?s={search_term_string}"},"query-input":{"@type":"PropertyValueSpecification","valueRequired":true,"valueName":"search_term_string"}}],"inLanguage":"fr-FR"}]}},"_links":{"self":[{"href":"https:\/\/panwinjet.com\/fr\/wp-json\/wp\/v2\/product\/1129","targetHints":{"allow":["GET"]}}],"collection":[{"href":"https:\/\/panwinjet.com\/fr\/wp-json\/wp\/v2\/product"}],"about":[{"href":"https:\/\/panwinjet.com\/fr\/wp-json\/wp\/v2\/types\/product"}],"wp:featuredmedia":[{"embeddable":true,"href":"https:\/\/panwinjet.com\/fr\/wp-json\/wp\/v2\/media\/1131"}],"wp:attachment":[{"href":"https:\/\/panwinjet.com\/fr\/wp-json\/wp\/v2\/media?parent=1129"}],"wp:term":[{"taxonomy":"product_brand","embeddable":true,"href":"https:\/\/panwinjet.com\/fr\/wp-json\/wp\/v2\/product_brand?post=1129"},{"taxonomy":"product_cat","embeddable":true,"href":"https:\/\/panwinjet.com\/fr\/wp-json\/wp\/v2\/product_cat?post=1129"},{"taxonomy":"product_tag","embeddable":true,"href":"https:\/\/panwinjet.com\/fr\/wp-json\/wp\/v2\/product_tag?post=1129"}],"curies":[{"name":"wp","href":"https:\/\/api.w.org\/{rel}","templated":true}]}}