{"id":1118,"date":"2025-09-20T07:48:52","date_gmt":"2025-09-20T07:48:52","guid":{"rendered":"https:\/\/panwinjet.com\/?post_type=product&#038;p=1118"},"modified":"2025-09-21T13:34:49","modified_gmt":"2025-09-21T13:34:49","slug":"16000psi-pressure-water-blasting-cleaning-machine-parts-tongjie1600kgs-uni-valve","status":"publish","type":"product","link":"https:\/\/panwinjet.com\/fr\/produit\/16000psi-pressure-water-blasting-cleaning-machine-parts-tongjie1600kgs-uni-valve\/","title":{"rendered":"Machine de nettoyage \u00e0 jet d&#039;eau haute pression 16\u00a0000\u00a0psi pour pi\u00e8ces de machines Tongjie 1600\u00a0kg \u00e0 vanne unique"},"content":{"rendered":"<p><strong><b>\u00a0Introduction de <\/b><\/strong><strong><b>1<\/b><\/strong><strong><b>6<\/b><\/strong><strong><b>Pi\u00e8ces de machine de nettoyage \u00e0 jet d&#039;eau haute pression 000 psi Tongjie 1600 kg \u00e0 vanne unique<\/b><\/strong><\/p>\n<p>Ce bloc vanne unique TJ1600Kgs, pi\u00e8ce d\u00e9tach\u00e9e pour machine de nettoyage \u00e0 jet d&#039;eau sous pression de 16\u00a0000\u00a0psi, est con\u00e7u pour \u00eatre utilis\u00e9 avec les pompes \u00e0 eau haute pression TJ, leaders et r\u00e9put\u00e9es en Chine. Adapt\u00e9e \u00e0 un niveau de pression de 16\u00a0000\u00a0psi, cette pompe est pl\u00e9biscit\u00e9e par les utilisateurs et le march\u00e9, et ce bloc vanne unique est un composant fonctionnellement important pour le nettoyage \u00e0 jet d&#039;eau.<\/p>\n<p>&nbsp;<\/p>","protected":false},"excerpt":{"rendered":"<p><strong><b>Param\u00e8tre (sp\u00e9cification) de <\/b><\/strong><strong><b>Machine de nettoyage \u00e0 jet d&#039;eau haute pression 15\u00a0000\u00a0psi pour pi\u00e8ces de machines, vanne unique TJ1600\u00a0kg<\/b><\/strong><\/p>\n<p>Nous vous vendons des pi\u00e8ces d\u00e9tach\u00e9es pour machines de nettoyage \u00e0 jet d&#039;eau sous pression de 16\u00a0000\u00a0psi. Les ensembles de vannes unilame TJ1600KGS sont fabriqu\u00e9s en acier inoxydable de haute qualit\u00e9, b\u00e9n\u00e9ficient d&#039;une fabrication soign\u00e9e et d&#039;une excellente qualit\u00e9. Les ensembles de vannes unilame TJ1600KGS pour le nettoyage \u00e0 jet d&#039;eau sous pression de 16\u00a0000\u00a0psi sont durables et fiables.<\/p>\n<p><strong><b>Caract\u00e9ristiques et applications de <\/b><\/strong><strong><b>1<\/b><\/strong><strong><b>6<\/b><\/strong><strong><b>Pi\u00e8ces de machine de nettoyage \u00e0 jet d&#039;eau sous pression 000 psi TJ1600Kgs Uni-Valve<\/b><\/strong><\/p>\n<p><strong><b>Nous vous vendons le <\/b><\/strong><strong><b>1<\/b><\/strong><strong><b>6<\/b><\/strong><strong><b>Pi\u00e8ces de machine de nettoyage \u00e0 jet d&#039;eau sous pression 000 psi TJ1600Kgs Uni-Valve<\/b><\/strong><strong><b>\u00a0Il s&#039;agit d&#039;une pompe de conception avanc\u00e9e et sa pression est de 16\u00a0000\u00a0psi. <\/b><\/strong><strong><b>Nettoyage haute pression TJ1600Kgs Uni-Valve<\/b><\/strong><strong><b>\u00a0Ses caract\u00e9ristiques, telles que la facilit\u00e9 d&#039;entretien, le gain de temps et la haute efficacit\u00e9, sont dues \u00e0 une conception soign\u00e9e et peuvent \u00eatre g\u00e9n\u00e9ralement d\u00e9crites comme suit\u00a0:<\/b><\/strong><\/p>\n<ul>\n<li>Acier inoxydable de haute qualit\u00e9<\/li>\n<li>Technique sup\u00e9rieure<\/li>\n<li>Tol\u00e9rance d&#039;\u00e9tanch\u00e9it\u00e9 compacte<\/li>\n<\/ul>","protected":false},"featured_media":1122,"template":"","meta":[],"product_brand":[],"product_cat":[6],"product_tag":[],"class_list":{"0":"post-1118","1":"product","2":"type-product","3":"status-publish","4":"has-post-thumbnail","6":"product_cat-uni-valves-for-uhp-pump","8":"first","9":"instock","10":"shipping-taxable","11":"product-type-simple"},"yoast_head":"<!-- This site is optimized with the Yoast SEO plugin v24.9 - https:\/\/yoast.com\/wordpress\/plugins\/seo\/ -->\n<title>16000psi Pressure Water blasting cleaning machine parts Tongjie1600Kgs Uni-Valve - Panwin Machinery&amp;Equipment<\/title>\n<meta name=\"robots\" content=\"index, follow, max-snippet:-1, max-image-preview:large, max-video-preview:-1\" \/>\n<link rel=\"canonical\" href=\"https:\/\/panwinjet.com\/fr\/produit\/16000psi-pressure-water-blasting-cleaning-machine-parts-tongjie1600kgs-uni-valve\/\" \/>\n<meta property=\"og:locale\" content=\"fr_FR\" \/>\n<meta property=\"og:type\" content=\"article\" \/>\n<meta property=\"og:title\" content=\"16000psi Pressure Water blasting cleaning machine parts Tongjie1600Kgs Uni-Valve - Panwin Machinery&amp;Equipment\" \/>\n<meta property=\"og:description\" content=\"Parameter (Specification) of 15000psi Pressure Water blasting cleaning machine parts TJ1600Kgs Uni-Valve  We sell you 16000psi Pressure Water blasting cleaning machine parts TJ1600Kgs Uni-Valve\u00a0assemblies is made of heavy-duty\u00a0quality stainless steel, senior\u00a0craftsmanship and excellent quality, and 16kpsi Water Blasting TJ1600KGS\u00a0Uni Valve Assemblies is durable and reliable.  Feature And Application of 16000psi Pressure Water blasting cleaning machine parts TJ1600Kgs Uni-Valve  We sell you the 16000psi Pressure Water blasting cleaning machine parts TJ1600Kgs Uni-Valve\u00a0is advanced design pump and this 16kpsi Water blasting TJ1600Kgs Uni-Valve\u00a0is features easy-service, time-saving and high-efficiency performance due to good design, in generally we mentioned as follow:   High-level quality stainless Steel  Superior Technique  Compact Sealing tolerance\" \/>\n<meta property=\"og:url\" content=\"https:\/\/panwinjet.com\/fr\/produit\/16000psi-pressure-water-blasting-cleaning-machine-parts-tongjie1600kgs-uni-valve\/\" \/>\n<meta property=\"og:site_name\" content=\"Panwin Machinery&amp;Equipment\" \/>\n<meta property=\"article:modified_time\" content=\"2025-09-21T13:34:49+00:00\" \/>\n<meta property=\"og:image\" content=\"https:\/\/panwinjet.com\/wp-content\/uploads\/2025\/09\/TJ-Pump-3-2.png\" \/>\n\t<meta property=\"og:image:width\" content=\"1055\" \/>\n\t<meta property=\"og:image:height\" content=\"905\" \/>\n\t<meta property=\"og:image:type\" content=\"image\/png\" \/>\n<meta name=\"twitter:card\" content=\"summary_large_image\" \/>\n<meta name=\"twitter:label1\" content=\"Dur\u00e9e de lecture estim\u00e9e\" \/>\n\t<meta name=\"twitter:data1\" content=\"1 minute\" \/>\n<script type=\"application\/ld+json\" class=\"yoast-schema-graph\">{\"@context\":\"https:\/\/schema.org\",\"@graph\":[{\"@type\":\"WebPage\",\"@id\":\"https:\/\/panwinjet.com\/product\/16000psi-pressure-water-blasting-cleaning-machine-parts-tongjie1600kgs-uni-valve\/\",\"url\":\"https:\/\/panwinjet.com\/product\/16000psi-pressure-water-blasting-cleaning-machine-parts-tongjie1600kgs-uni-valve\/\",\"name\":\"16000psi Pressure Water blasting cleaning machine parts Tongjie1600Kgs Uni-Valve - Panwin Machinery&amp;Equipment\",\"isPartOf\":{\"@id\":\"https:\/\/panwinjet.com\/#website\"},\"primaryImageOfPage\":{\"@id\":\"https:\/\/panwinjet.com\/product\/16000psi-pressure-water-blasting-cleaning-machine-parts-tongjie1600kgs-uni-valve\/#primaryimage\"},\"image\":{\"@id\":\"https:\/\/panwinjet.com\/product\/16000psi-pressure-water-blasting-cleaning-machine-parts-tongjie1600kgs-uni-valve\/#primaryimage\"},\"thumbnailUrl\":\"https:\/\/panwinjet.com\/wp-content\/uploads\/2025\/09\/TJ-Pump-3-2.png\",\"datePublished\":\"2025-09-20T07:48:52+00:00\",\"dateModified\":\"2025-09-21T13:34:49+00:00\",\"breadcrumb\":{\"@id\":\"https:\/\/panwinjet.com\/product\/16000psi-pressure-water-blasting-cleaning-machine-parts-tongjie1600kgs-uni-valve\/#breadcrumb\"},\"inLanguage\":\"fr-FR\",\"potentialAction\":[{\"@type\":\"ReadAction\",\"target\":[\"https:\/\/panwinjet.com\/product\/16000psi-pressure-water-blasting-cleaning-machine-parts-tongjie1600kgs-uni-valve\/\"]}]},{\"@type\":\"ImageObject\",\"inLanguage\":\"fr-FR\",\"@id\":\"https:\/\/panwinjet.com\/product\/16000psi-pressure-water-blasting-cleaning-machine-parts-tongjie1600kgs-uni-valve\/#primaryimage\",\"url\":\"https:\/\/panwinjet.com\/wp-content\/uploads\/2025\/09\/TJ-Pump-3-2.png\",\"contentUrl\":\"https:\/\/panwinjet.com\/wp-content\/uploads\/2025\/09\/TJ-Pump-3-2.png\",\"width\":1055,\"height\":905},{\"@type\":\"BreadcrumbList\",\"@id\":\"https:\/\/panwinjet.com\/product\/16000psi-pressure-water-blasting-cleaning-machine-parts-tongjie1600kgs-uni-valve\/#breadcrumb\",\"itemListElement\":[{\"@type\":\"ListItem\",\"position\":1,\"name\":\"\u9996\u9875\",\"item\":\"https:\/\/panwinjet.com\/\"},{\"@type\":\"ListItem\",\"position\":2,\"name\":\"PRODUCT\",\"item\":\"https:\/\/panwinjet.com\/product\/\"},{\"@type\":\"ListItem\",\"position\":3,\"name\":\"16000psi Pressure Water blasting cleaning machine parts Tongjie1600Kgs Uni-Valve\"}]},{\"@type\":\"WebSite\",\"@id\":\"https:\/\/panwinjet.com\/#website\",\"url\":\"https:\/\/panwinjet.com\/\",\"name\":\"Panwin Machinery&amp;Equipment\",\"description\":\"Shenzhen Panwin Machinery&amp;Equipment Co.Ltd\",\"potentialAction\":[{\"@type\":\"SearchAction\",\"target\":{\"@type\":\"EntryPoint\",\"urlTemplate\":\"https:\/\/panwinjet.com\/?s={search_term_string}\"},\"query-input\":{\"@type\":\"PropertyValueSpecification\",\"valueRequired\":true,\"valueName\":\"search_term_string\"}}],\"inLanguage\":\"fr-FR\"}]}<\/script>\n<!-- \/ Yoast SEO plugin. -->","yoast_head_json":{"title":"16000psi Pressure Water blasting cleaning machine parts Tongjie1600Kgs Uni-Valve - Panwin Machinery&amp;Equipment","robots":{"index":"index","follow":"follow","max-snippet":"max-snippet:-1","max-image-preview":"max-image-preview:large","max-video-preview":"max-video-preview:-1"},"canonical":"https:\/\/panwinjet.com\/fr\/produit\/16000psi-pressure-water-blasting-cleaning-machine-parts-tongjie1600kgs-uni-valve\/","og_locale":"fr_FR","og_type":"article","og_title":"16000psi Pressure Water blasting cleaning machine parts Tongjie1600Kgs Uni-Valve - Panwin Machinery&amp;Equipment","og_description":"Parameter (Specification) of 15000psi Pressure Water blasting cleaning machine parts TJ1600Kgs Uni-Valve  We sell you 16000psi Pressure Water blasting cleaning machine parts TJ1600Kgs Uni-Valve\u00a0assemblies is made of heavy-duty\u00a0quality stainless steel, senior\u00a0craftsmanship and excellent quality, and 16kpsi Water Blasting TJ1600KGS\u00a0Uni Valve Assemblies is durable and reliable.  Feature And Application of 16000psi Pressure Water blasting cleaning machine parts TJ1600Kgs Uni-Valve  We sell you the 16000psi Pressure Water blasting cleaning machine parts TJ1600Kgs Uni-Valve\u00a0is advanced design pump and this 16kpsi Water blasting TJ1600Kgs Uni-Valve\u00a0is features easy-service, time-saving and high-efficiency performance due to good design, in generally we mentioned as follow:   High-level quality stainless Steel  Superior Technique  Compact Sealing tolerance","og_url":"https:\/\/panwinjet.com\/fr\/produit\/16000psi-pressure-water-blasting-cleaning-machine-parts-tongjie1600kgs-uni-valve\/","og_site_name":"Panwin Machinery&amp;Equipment","article_modified_time":"2025-09-21T13:34:49+00:00","og_image":[{"width":1055,"height":905,"url":"https:\/\/panwinjet.com\/wp-content\/uploads\/2025\/09\/TJ-Pump-3-2.png","type":"image\/png"}],"twitter_card":"summary_large_image","twitter_misc":{"Dur\u00e9e de lecture estim\u00e9e":"1 minute"},"schema":{"@context":"https:\/\/schema.org","@graph":[{"@type":"WebPage","@id":"https:\/\/panwinjet.com\/product\/16000psi-pressure-water-blasting-cleaning-machine-parts-tongjie1600kgs-uni-valve\/","url":"https:\/\/panwinjet.com\/product\/16000psi-pressure-water-blasting-cleaning-machine-parts-tongjie1600kgs-uni-valve\/","name":"16000psi Pressure Water blasting cleaning machine parts Tongjie1600Kgs Uni-Valve - Panwin Machinery&amp;Equipment","isPartOf":{"@id":"https:\/\/panwinjet.com\/#website"},"primaryImageOfPage":{"@id":"https:\/\/panwinjet.com\/product\/16000psi-pressure-water-blasting-cleaning-machine-parts-tongjie1600kgs-uni-valve\/#primaryimage"},"image":{"@id":"https:\/\/panwinjet.com\/product\/16000psi-pressure-water-blasting-cleaning-machine-parts-tongjie1600kgs-uni-valve\/#primaryimage"},"thumbnailUrl":"https:\/\/panwinjet.com\/wp-content\/uploads\/2025\/09\/TJ-Pump-3-2.png","datePublished":"2025-09-20T07:48:52+00:00","dateModified":"2025-09-21T13:34:49+00:00","breadcrumb":{"@id":"https:\/\/panwinjet.com\/product\/16000psi-pressure-water-blasting-cleaning-machine-parts-tongjie1600kgs-uni-valve\/#breadcrumb"},"inLanguage":"fr-FR","potentialAction":[{"@type":"ReadAction","target":["https:\/\/panwinjet.com\/product\/16000psi-pressure-water-blasting-cleaning-machine-parts-tongjie1600kgs-uni-valve\/"]}]},{"@type":"ImageObject","inLanguage":"fr-FR","@id":"https:\/\/panwinjet.com\/product\/16000psi-pressure-water-blasting-cleaning-machine-parts-tongjie1600kgs-uni-valve\/#primaryimage","url":"https:\/\/panwinjet.com\/wp-content\/uploads\/2025\/09\/TJ-Pump-3-2.png","contentUrl":"https:\/\/panwinjet.com\/wp-content\/uploads\/2025\/09\/TJ-Pump-3-2.png","width":1055,"height":905},{"@type":"BreadcrumbList","@id":"https:\/\/panwinjet.com\/product\/16000psi-pressure-water-blasting-cleaning-machine-parts-tongjie1600kgs-uni-valve\/#breadcrumb","itemListElement":[{"@type":"ListItem","position":1,"name":"\u9996\u9875","item":"https:\/\/panwinjet.com\/"},{"@type":"ListItem","position":2,"name":"PRODUCT","item":"https:\/\/panwinjet.com\/product\/"},{"@type":"ListItem","position":3,"name":"16000psi Pressure Water blasting cleaning machine parts Tongjie1600Kgs Uni-Valve"}]},{"@type":"WebSite","@id":"https:\/\/panwinjet.com\/#website","url":"https:\/\/panwinjet.com\/","name":"Panwin Machinery&amp;Equipment","description":"Shenzhen Panwin Machinery&amp;Equipment Co.Ltd","potentialAction":[{"@type":"SearchAction","target":{"@type":"EntryPoint","urlTemplate":"https:\/\/panwinjet.com\/?s={search_term_string}"},"query-input":{"@type":"PropertyValueSpecification","valueRequired":true,"valueName":"search_term_string"}}],"inLanguage":"fr-FR"}]}},"_links":{"self":[{"href":"https:\/\/panwinjet.com\/fr\/wp-json\/wp\/v2\/product\/1118","targetHints":{"allow":["GET"]}}],"collection":[{"href":"https:\/\/panwinjet.com\/fr\/wp-json\/wp\/v2\/product"}],"about":[{"href":"https:\/\/panwinjet.com\/fr\/wp-json\/wp\/v2\/types\/product"}],"wp:featuredmedia":[{"embeddable":true,"href":"https:\/\/panwinjet.com\/fr\/wp-json\/wp\/v2\/media\/1122"}],"wp:attachment":[{"href":"https:\/\/panwinjet.com\/fr\/wp-json\/wp\/v2\/media?parent=1118"}],"wp:term":[{"taxonomy":"product_brand","embeddable":true,"href":"https:\/\/panwinjet.com\/fr\/wp-json\/wp\/v2\/product_brand?post=1118"},{"taxonomy":"product_cat","embeddable":true,"href":"https:\/\/panwinjet.com\/fr\/wp-json\/wp\/v2\/product_cat?post=1118"},{"taxonomy":"product_tag","embeddable":true,"href":"https:\/\/panwinjet.com\/fr\/wp-json\/wp\/v2\/product_tag?post=1118"}],"curies":[{"name":"wp","href":"https:\/\/api.w.org\/{rel}","templated":true}]}}