{"id":1067,"date":"2025-09-20T03:22:38","date_gmt":"2025-09-20T03:22:38","guid":{"rendered":"https:\/\/panwinjet.com\/?post_type=product&#038;p=1067"},"modified":"2025-09-20T03:22:38","modified_gmt":"2025-09-20T03:22:38","slug":"3000bar-uhp-triplex-plunger-pump-cleaning-equipment-parts-shipyard-surface-preparaption-rotor-robot-for-hammelmann-spraying-bar","status":"publish","type":"product","link":"https:\/\/panwinjet.com\/fr\/produit\/3000bar-uhp-triplex-plunger-pump-cleaning-equipment-parts-shipyard-surface-preparaption-rotor-robot-for-hammelmann-spraying-bar\/","title":{"rendered":"Pi\u00e8ces d\u00e9tach\u00e9es pour \u00e9quipement de nettoyage de pompe \u00e0 piston triplex UHP 3000 bars\u00a0; robot rotor de pr\u00e9paration de surface pour barre de pulv\u00e9risation Hammelmann en chantier naval"},"content":{"rendered":"<p><strong><b>Introduction de <\/b><\/strong><strong><b>Pi\u00e8ces d\u00e9tach\u00e9es pour \u00e9quipement de nettoyage de pompe \u00e0 piston triplex UHP 3000 bars\u00a0; robot de pr\u00e9paration de surface pour barre de pulv\u00e9risation Hammelmann pour chantier naval<\/b><\/strong><\/p>\n<p><b style=\"font-weight: bold;\">Pi\u00e8ces d&#039;\u00e9quipement de nettoyage de pompe \u00e0 piston triplex UHP 3000 Bar pour robot de pr\u00e9paration de surface de chantier naval pour barre de pulv\u00e9risation Hammelmann\u00a0: ce robot de nettoyage de surface de coque de navire est enti\u00e8rement rempla\u00e7able sur la barre de pulv\u00e9risation Hammelmann, et pour les mod\u00e8les Spider-Jetting, nous proposons des kits complets pour une distance cible optimale et un nettoyage haute efficacit\u00e9.<\/b><\/p>\n<p>&nbsp;<\/p>\n<p>&nbsp;<\/p>\n<p><strong><b>Application:<\/b><\/strong><\/p>\n<p>Pi\u00e8ces d\u00e9tach\u00e9es pour \u00e9quipement de nettoyage de pompe \u00e0 piston triplex UHP 3000 bar, robot de pr\u00e9paration de surface pour barre de pulv\u00e9risation Hammelmann, destin\u00e9 aux chantiers navals.<\/p>\n<p>Industrie du fer, de l&#039;acier et des m\u00e9taux : sablage hydrodynamique<\/p>\n<p>Ing\u00e9nierie m\u00e9canique et des appareils pour nettoyeurs haute pression<\/p>\n<p>Industrie du ciment et du b\u00e9ton<\/p>\n<p>Nettoyage de surface haute pression Barracuda<\/p>\n<p>pi\u00e8ces d&#039;\u00e9quipement de nettoyage \u00e0 jet d&#039;eau ultra-haute pression<\/p>\n<p>Barres de pulv\u00e9risation pour le nettoyage industriel<\/p>\n<p>Machine de nettoyage \u00e0 haute pression pour l&#039;industrie du raffinage du p\u00e9trole<\/p>\n<p>Nettoyage de surfaces par hydrojet, nettoyage de r\u00e9servoirs et de cuves,<\/p>\n<p>Nettoyage de l&#039;\u00e9changeur de chaleur,<\/p>\n<p>Nettoyage de v\u00e9hicules (peinture), nettoyage pour l&#039;industrie mini\u00e8re, nettoyage pour la fabrication d&#039;acier, etc.<\/p>\n<p>\u00c9quipement de nettoyage des \u00e9gouts \u00e0 haute pression pour les r\u00e9seaux de canalisations municipales d&#039;adduction d&#039;eau et de drainage\u00a0;<\/p>","protected":false},"excerpt":{"rendered":"<p><strong><b>Caract\u00e9ristiques techniques (sp\u00e9cifications) de la pompe \u00e0 piston triplex UHP 3000 bars pour le nettoyage des pi\u00e8ces d\u00e9tach\u00e9es\u00a0; robot de pr\u00e9paration de surface pour barre de pulv\u00e9risation Hammelmann en chantier naval<\/b><\/strong><\/p>\n<p><strong><b>Ce robot de pr\u00e9paration de surface pour rampe de pulv\u00e9risation Hammelmann, \u00e9quip\u00e9 d&#039;une pompe \u00e0 piston triplex UHP de 3000 bars, est con\u00e7u pour le nettoyage des surfaces des chantiers navals. Les pi\u00e8ces sont positionn\u00e9es derri\u00e8re le jet d&#039;eau et toujours sur une surface fra\u00eechement pr\u00e9par\u00e9e, garantissant une adh\u00e9rence optimale, m\u00eame sur les surfaces glissantes. Le guidage pr\u00e9cis du jet d&#039;eau et la r\u00e9partition id\u00e9ale de l&#039;\u00e9nergie assurent une couverture de zone maximale.<\/b><\/strong><\/p>\n<p><strong><b>Et le param\u00e8tre de d\u00e9tails comme suit\u00a0:<\/b><\/strong><\/p>\n<div style=\"width: 736px;\" class=\"wp-video\"><video class=\"wp-video-shortcode\" id=\"video-1067-1\" width=\"736\" height=\"1280\" preload=\"metadata\" controls=\"controls\"><source type=\"video\/mp4\" src=\"https:\/\/panwinjet.com\/wp-content\/uploads\/2025\/09\/For-Hammelmann-Rotojet-Aquablast-Spray-Bar.mp4?_=1\" \/><a href=\"https:\/\/panwinjet.com\/wp-content\/uploads\/2025\/09\/For-Hammelmann-Rotojet-Aquablast-Spray-Bar.mp4\">https:\/\/panwinjet.com\/wp-content\/uploads\/2025\/09\/For-Hammelmann-Rotojet-Aquablast-Spray-Bar.mp4<\/a><\/video><\/div>","protected":false},"featured_media":-1,"template":"","meta":[],"product_brand":[],"product_cat":[11],"product_tag":[],"class_list":{"0":"post-1067","1":"product","2":"type-product","3":"status-publish","4":"has-post-thumbnail","6":"product_cat-ship-cleaning-device","8":"first","9":"instock","10":"shipping-taxable","11":"product-type-simple"},"yoast_head":"<!-- This site is optimized with the Yoast SEO plugin v24.9 - https:\/\/yoast.com\/wordpress\/plugins\/seo\/ -->\n<title>3000Bar UHP triplex plunger pump cleaning equipment parts Shipyard Surface preparaption Rotor Robot for Hammelmann Spraying Bar - Panwin Machinery&amp;Equipment<\/title>\n<meta name=\"robots\" content=\"index, follow, max-snippet:-1, max-image-preview:large, max-video-preview:-1\" \/>\n<link rel=\"canonical\" href=\"https:\/\/panwinjet.com\/fr\/produit\/3000bar-uhp-triplex-plunger-pump-cleaning-equipment-parts-shipyard-surface-preparaption-rotor-robot-for-hammelmann-spraying-bar\/\" \/>\n<meta property=\"og:locale\" content=\"fr_FR\" \/>\n<meta property=\"og:type\" content=\"article\" \/>\n<meta property=\"og:title\" content=\"3000Bar UHP triplex plunger pump cleaning equipment parts Shipyard Surface preparaption Rotor Robot for Hammelmann Spraying Bar - Panwin Machinery&amp;Equipment\" \/>\n<meta property=\"og:description\" content=\"Product Parameter (Specification) of 3000Bar UHP triplex plunger pump cleaning equipment parts Shipyard Surface preparaption Robot for \u00a0Hammelmann Spraying Bar  This 3000Bar UHP triplex plunger pump cleaning equipment parts Shipyard Surface preparaption Robot for \u00a0Hammelmann Spraying Bar is are located behind the water tool and are always on a freshly prepared surface - perfect conditions for a good grip, even on slippery surfaces. The precise guidance of the water tool and ideal energy distribution ensure enormous area coverage  And the details parameter as follows:\" \/>\n<meta property=\"og:url\" content=\"https:\/\/panwinjet.com\/fr\/produit\/3000bar-uhp-triplex-plunger-pump-cleaning-equipment-parts-shipyard-surface-preparaption-rotor-robot-for-hammelmann-spraying-bar\/\" \/>\n<meta property=\"og:site_name\" content=\"Panwin Machinery&amp;Equipment\" \/>\n<meta name=\"twitter:card\" content=\"summary_large_image\" \/>\n<meta name=\"twitter:label1\" content=\"Dur\u00e9e de lecture estim\u00e9e\" \/>\n\t<meta name=\"twitter:data1\" content=\"1 minute\" \/>\n<script type=\"application\/ld+json\" class=\"yoast-schema-graph\">{\"@context\":\"https:\/\/schema.org\",\"@graph\":[{\"@type\":\"WebPage\",\"@id\":\"https:\/\/panwinjet.com\/product\/3000bar-uhp-triplex-plunger-pump-cleaning-equipment-parts-shipyard-surface-preparaption-rotor-robot-for-hammelmann-spraying-bar\/\",\"url\":\"https:\/\/panwinjet.com\/product\/3000bar-uhp-triplex-plunger-pump-cleaning-equipment-parts-shipyard-surface-preparaption-rotor-robot-for-hammelmann-spraying-bar\/\",\"name\":\"3000Bar UHP triplex plunger pump cleaning equipment parts Shipyard Surface preparaption Rotor Robot for Hammelmann Spraying Bar - Panwin Machinery&amp;Equipment\",\"isPartOf\":{\"@id\":\"https:\/\/panwinjet.com\/#website\"},\"datePublished\":\"2025-09-20T03:22:38+00:00\",\"breadcrumb\":{\"@id\":\"https:\/\/panwinjet.com\/product\/3000bar-uhp-triplex-plunger-pump-cleaning-equipment-parts-shipyard-surface-preparaption-rotor-robot-for-hammelmann-spraying-bar\/#breadcrumb\"},\"inLanguage\":\"fr-FR\",\"potentialAction\":[{\"@type\":\"ReadAction\",\"target\":[\"https:\/\/panwinjet.com\/product\/3000bar-uhp-triplex-plunger-pump-cleaning-equipment-parts-shipyard-surface-preparaption-rotor-robot-for-hammelmann-spraying-bar\/\"]}]},{\"@type\":\"BreadcrumbList\",\"@id\":\"https:\/\/panwinjet.com\/product\/3000bar-uhp-triplex-plunger-pump-cleaning-equipment-parts-shipyard-surface-preparaption-rotor-robot-for-hammelmann-spraying-bar\/#breadcrumb\",\"itemListElement\":[{\"@type\":\"ListItem\",\"position\":1,\"name\":\"\u9996\u9875\",\"item\":\"https:\/\/panwinjet.com\/\"},{\"@type\":\"ListItem\",\"position\":2,\"name\":\"PRODUCT\",\"item\":\"https:\/\/panwinjet.com\/product\/\"},{\"@type\":\"ListItem\",\"position\":3,\"name\":\"3000Bar UHP triplex plunger pump cleaning equipment parts Shipyard Surface preparaption Rotor Robot for Hammelmann Spraying Bar\"}]},{\"@type\":\"WebSite\",\"@id\":\"https:\/\/panwinjet.com\/#website\",\"url\":\"https:\/\/panwinjet.com\/\",\"name\":\"Panwin Machinery&amp;Equipment\",\"description\":\"Shenzhen Panwin Machinery&amp;Equipment Co.Ltd\",\"potentialAction\":[{\"@type\":\"SearchAction\",\"target\":{\"@type\":\"EntryPoint\",\"urlTemplate\":\"https:\/\/panwinjet.com\/?s={search_term_string}\"},\"query-input\":{\"@type\":\"PropertyValueSpecification\",\"valueRequired\":true,\"valueName\":\"search_term_string\"}}],\"inLanguage\":\"fr-FR\"}]}<\/script>\n<!-- \/ Yoast SEO plugin. -->","yoast_head_json":{"title":"3000Bar UHP triplex plunger pump cleaning equipment parts Shipyard Surface preparaption Rotor Robot for Hammelmann Spraying Bar - Panwin Machinery&amp;Equipment","robots":{"index":"index","follow":"follow","max-snippet":"max-snippet:-1","max-image-preview":"max-image-preview:large","max-video-preview":"max-video-preview:-1"},"canonical":"https:\/\/panwinjet.com\/fr\/produit\/3000bar-uhp-triplex-plunger-pump-cleaning-equipment-parts-shipyard-surface-preparaption-rotor-robot-for-hammelmann-spraying-bar\/","og_locale":"fr_FR","og_type":"article","og_title":"3000Bar UHP triplex plunger pump cleaning equipment parts Shipyard Surface preparaption Rotor Robot for Hammelmann Spraying Bar - Panwin Machinery&amp;Equipment","og_description":"Product Parameter (Specification) of 3000Bar UHP triplex plunger pump cleaning equipment parts Shipyard Surface preparaption Robot for \u00a0Hammelmann Spraying Bar  This 3000Bar UHP triplex plunger pump cleaning equipment parts Shipyard Surface preparaption Robot for \u00a0Hammelmann Spraying Bar is are located behind the water tool and are always on a freshly prepared surface - perfect conditions for a good grip, even on slippery surfaces. The precise guidance of the water tool and ideal energy distribution ensure enormous area coverage  And the details parameter as follows:","og_url":"https:\/\/panwinjet.com\/fr\/produit\/3000bar-uhp-triplex-plunger-pump-cleaning-equipment-parts-shipyard-surface-preparaption-rotor-robot-for-hammelmann-spraying-bar\/","og_site_name":"Panwin Machinery&amp;Equipment","twitter_card":"summary_large_image","twitter_misc":{"Dur\u00e9e de lecture estim\u00e9e":"1 minute"},"schema":{"@context":"https:\/\/schema.org","@graph":[{"@type":"WebPage","@id":"https:\/\/panwinjet.com\/product\/3000bar-uhp-triplex-plunger-pump-cleaning-equipment-parts-shipyard-surface-preparaption-rotor-robot-for-hammelmann-spraying-bar\/","url":"https:\/\/panwinjet.com\/product\/3000bar-uhp-triplex-plunger-pump-cleaning-equipment-parts-shipyard-surface-preparaption-rotor-robot-for-hammelmann-spraying-bar\/","name":"3000Bar UHP triplex plunger pump cleaning equipment parts Shipyard Surface preparaption Rotor Robot for Hammelmann Spraying Bar - Panwin Machinery&amp;Equipment","isPartOf":{"@id":"https:\/\/panwinjet.com\/#website"},"datePublished":"2025-09-20T03:22:38+00:00","breadcrumb":{"@id":"https:\/\/panwinjet.com\/product\/3000bar-uhp-triplex-plunger-pump-cleaning-equipment-parts-shipyard-surface-preparaption-rotor-robot-for-hammelmann-spraying-bar\/#breadcrumb"},"inLanguage":"fr-FR","potentialAction":[{"@type":"ReadAction","target":["https:\/\/panwinjet.com\/product\/3000bar-uhp-triplex-plunger-pump-cleaning-equipment-parts-shipyard-surface-preparaption-rotor-robot-for-hammelmann-spraying-bar\/"]}]},{"@type":"BreadcrumbList","@id":"https:\/\/panwinjet.com\/product\/3000bar-uhp-triplex-plunger-pump-cleaning-equipment-parts-shipyard-surface-preparaption-rotor-robot-for-hammelmann-spraying-bar\/#breadcrumb","itemListElement":[{"@type":"ListItem","position":1,"name":"\u9996\u9875","item":"https:\/\/panwinjet.com\/"},{"@type":"ListItem","position":2,"name":"PRODUCT","item":"https:\/\/panwinjet.com\/product\/"},{"@type":"ListItem","position":3,"name":"3000Bar UHP triplex plunger pump cleaning equipment parts Shipyard Surface preparaption Rotor Robot for Hammelmann Spraying Bar"}]},{"@type":"WebSite","@id":"https:\/\/panwinjet.com\/#website","url":"https:\/\/panwinjet.com\/","name":"Panwin Machinery&amp;Equipment","description":"Shenzhen Panwin Machinery&amp;Equipment Co.Ltd","potentialAction":[{"@type":"SearchAction","target":{"@type":"EntryPoint","urlTemplate":"https:\/\/panwinjet.com\/?s={search_term_string}"},"query-input":{"@type":"PropertyValueSpecification","valueRequired":true,"valueName":"search_term_string"}}],"inLanguage":"fr-FR"}]}},"_links":{"self":[{"href":"https:\/\/panwinjet.com\/fr\/wp-json\/wp\/v2\/product\/1067","targetHints":{"allow":["GET"]}}],"collection":[{"href":"https:\/\/panwinjet.com\/fr\/wp-json\/wp\/v2\/product"}],"about":[{"href":"https:\/\/panwinjet.com\/fr\/wp-json\/wp\/v2\/types\/product"}],"wp:featuredmedia":[{"embeddable":true,"href":"https:\/\/panwinjet.com\/fr\/wp-json\/"}],"wp:attachment":[{"href":"https:\/\/panwinjet.com\/fr\/wp-json\/wp\/v2\/media?parent=1067"}],"wp:term":[{"taxonomy":"product_brand","embeddable":true,"href":"https:\/\/panwinjet.com\/fr\/wp-json\/wp\/v2\/product_brand?post=1067"},{"taxonomy":"product_cat","embeddable":true,"href":"https:\/\/panwinjet.com\/fr\/wp-json\/wp\/v2\/product_cat?post=1067"},{"taxonomy":"product_tag","embeddable":true,"href":"https:\/\/panwinjet.com\/fr\/wp-json\/wp\/v2\/product_tag?post=1067"}],"curies":[{"name":"wp","href":"https:\/\/api.w.org\/{rel}","templated":true}]}}