{"id":1049,"date":"2025-09-20T02:59:05","date_gmt":"2025-09-20T02:59:05","guid":{"rendered":"https:\/\/panwinjet.com\/?post_type=product&#038;p=1049"},"modified":"2025-09-20T02:59:05","modified_gmt":"2025-09-20T02:59:05","slug":"40000psi-pressure-rated-surface-preparation-waterjet-blasting-direct-drive-pump-for-uraca-cylinder-end-bell","status":"publish","type":"product","link":"https:\/\/panwinjet.com\/fr\/produit\/40000psi-pressure-rated-surface-preparation-waterjet-blasting-direct-drive-pump-for-uraca-cylinder-end-bell\/","title":{"rendered":"Pompe \u00e0 entra\u00eenement direct pour le sablage au jet d&#039;eau de pr\u00e9paration de surface, pression nominale de 40\u00a0000\u00a0psi, pour cloche d&#039;extr\u00e9mit\u00e9 de cylindre URACA"},"content":{"rendered":"<p><strong><b>Pompe \u00e0 entra\u00eenement direct pour le sablage au jet d&#039;eau de pr\u00e9paration de surface, pression nominale de 40\u00a0000\u00a0psi, pour cloche d&#039;extr\u00e9mit\u00e9 de cylindre URACA <\/b><\/strong><\/p>\n<p><strong><b>Introduction de <\/b><\/strong><strong><b>Pompe \u00e0 entra\u00eenement direct pour le sablage au jet d&#039;eau de pr\u00e9paration de surface, pression nominale de 40\u00a0000\u00a0psi, pour cloche d&#039;extr\u00e9mit\u00e9 de cylindre URACA <\/b><\/strong><\/p>\n<p><strong><b>Ce <\/b><\/strong><strong><b>Pompe \u00e0 entra\u00eenement direct pour le sablage au jet d&#039;eau de pr\u00e9paration de surface, pression nominale de 40\u00a0000\u00a0psi, pour cloche d&#039;extr\u00e9mit\u00e9 de cylindre URACA <\/b><\/strong><strong><b>est compatible avec les URACA KD725, KD719, pression de service jusqu&#039;\u00e0 2800 bars, puissance jusqu&#039;\u00e0 270 kW, il est utilis\u00e9 avec le cylindre haute pression URACA.<\/b><\/strong><\/p>\n<p><strong><b>\u00a0<\/b><\/strong><\/p>\n<p><strong><b>Param\u00e8tre (sp\u00e9cification) de <\/b><\/strong><strong><b>Pompe \u00e0 entra\u00eenement direct pour le sablage au jet d&#039;eau de pr\u00e9paration de surface, pression nominale de 40\u00a0000\u00a0psi, pour cloche d&#039;extr\u00e9mit\u00e9 de cylindre URACA <\/b><\/strong><\/p>\n<p><strong><b>Le <\/b><\/strong><strong><b>Pompe \u00e0 entra\u00eenement direct pour le sablage au jet d&#039;eau de pr\u00e9paration de surface, pression nominale de 40\u00a0000\u00a0psi, pour cloche d&#039;extr\u00e9mit\u00e9 de cylindre URACA<\/b><\/strong><strong><b>\u00a0est compatible avec diff\u00e9rents mod\u00e8les comme KD725, KD719, pression de service nominale de 2800 Bar, d\u00e9bit : 13-2080 LPM, avec le cylindre haute pression URACA.<\/b><\/strong><\/p>","protected":false},"excerpt":{"rendered":"<p><strong><b>\u00a0Caract\u00e9ristiques et application de la pompe \u00e0 entra\u00eenement direct pour le sablage au jet d&#039;eau de pr\u00e9paration de surface, d&#039;une pression nominale de 40\u00a0000\u00a0psi, pour cloche d&#039;extr\u00e9mit\u00e9 de cylindre URACA <\/b><\/strong><\/p>\n<p><strong><b>Le <\/b><\/strong><strong><b>Pompe \u00e0 entra\u00eenement direct pour le sablage au jet d&#039;eau de pr\u00e9paration de surface, pression nominale de 40\u00a0000\u00a0psi, pour cloche d&#039;extr\u00e9mit\u00e9 de cylindre URACA<\/b><\/strong><strong><b>\u00a0Fabriqu\u00e9 en acier inoxydable de haute qualit\u00e9, ce produit est compatible et rempla\u00e7able par le produit original URACA. Caract\u00e9ristiques\u00a0:<\/b><\/strong><\/p>\n<p><strong><b>A: Proc\u00e9d\u00e9 de surface int\u00e9rieure du miroir<\/b><\/strong><\/p>\n<p><strong><b>B<\/b><\/strong><strong><b>Acier inoxydable de qualit\u00e9 a\u00e9rospatiale \u00e0 fabriquer<\/b><\/strong><\/p>\n<p><strong><b>C<\/b><\/strong><strong><b>Processus de finition de haute pr\u00e9cision.<\/b><\/strong><\/p>\n<p><strong><b>Application: <\/b><\/strong><\/p>\n<p>Cette pompe \u00e0 jet d&#039;eau \u00e0 entra\u00eenement direct, con\u00e7ue pour la pr\u00e9paration de surfaces par projection d&#039;eau sous une pression nominale de 40\u00a0000\u00a0psi et destin\u00e9e \u00e0 la cloche d&#039;extr\u00e9mit\u00e9 du cylindre URACA, est compatible avec le cylindre haute pression URACA et peut \u00eatre utilis\u00e9e pour le nettoyage g\u00e9n\u00e9ral des surfaces, le nettoyage des tubes de canalisation, le nettoyage des \u00e9changeurs de chaleur, l&#039;hydro-peinture et le d\u00e9capage de la rouille, etc.<\/p>\n<p><img decoding=\"async\" class=\"aligncenter size-full wp-image-1057 lazyload\" data-src=\"https:\/\/panwinjet.com\/wp-content\/uploads\/2025\/09\/4215-1500Bar-Pump-2.jpg\" alt=\"\" width=\"1279\" height=\"2275\" data-srcset=\"https:\/\/panwinjet.com\/wp-content\/uploads\/2025\/09\/4215-1500Bar-Pump-2.jpg 1279w, https:\/\/panwinjet.com\/wp-content\/uploads\/2025\/09\/4215-1500Bar-Pump-2-281x500.jpg 281w, https:\/\/panwinjet.com\/wp-content\/uploads\/2025\/09\/4215-1500Bar-Pump-2-675x1200.jpg 675w, https:\/\/panwinjet.com\/wp-content\/uploads\/2025\/09\/4215-1500Bar-Pump-2-169x300.jpg 169w, https:\/\/panwinjet.com\/wp-content\/uploads\/2025\/09\/4215-1500Bar-Pump-2-768x1366.jpg 768w, https:\/\/panwinjet.com\/wp-content\/uploads\/2025\/09\/4215-1500Bar-Pump-2-864x1536.jpg 864w, https:\/\/panwinjet.com\/wp-content\/uploads\/2025\/09\/4215-1500Bar-Pump-2-1151x2048.jpg 1151w, https:\/\/panwinjet.com\/wp-content\/uploads\/2025\/09\/4215-1500Bar-Pump-2-42x75.jpg 42w, https:\/\/panwinjet.com\/wp-content\/uploads\/2025\/09\/4215-1500Bar-Pump-2-480x854.jpg 480w, https:\/\/panwinjet.com\/wp-content\/uploads\/2025\/09\/4215-1500Bar-Pump-2-800x1423.jpg 800w\" data-sizes=\"(max-width:767px) 480px, (max-width:1279px) 100vw, 1279px\" src=\"data:image\/svg+xml;base64,PHN2ZyB3aWR0aD0iMSIgaGVpZ2h0PSIxIiB4bWxucz0iaHR0cDovL3d3dy53My5vcmcvMjAwMC9zdmciPjwvc3ZnPg==\" style=\"--smush-placeholder-width: 1279px; --smush-placeholder-aspect-ratio: 1279\/2275;\" \/><\/p>","protected":false},"featured_media":1053,"template":"","meta":[],"product_brand":[],"product_cat":[6],"product_tag":[],"class_list":{"0":"post-1049","1":"product","2":"type-product","3":"status-publish","4":"has-post-thumbnail","6":"product_cat-uni-valves-for-uhp-pump","8":"first","9":"instock","10":"shipping-taxable","11":"product-type-simple"},"yoast_head":"<!-- This site is optimized with the Yoast SEO plugin v24.9 - https:\/\/yoast.com\/wordpress\/plugins\/seo\/ -->\n<title>40000psi pressure rated surface preparation waterjet blasting direct drive pump for URACA Cylinder End Bell - Panwin Machinery&amp;Equipment<\/title>\n<meta name=\"robots\" content=\"index, follow, max-snippet:-1, max-image-preview:large, max-video-preview:-1\" \/>\n<link rel=\"canonical\" href=\"https:\/\/panwinjet.com\/fr\/produit\/40000psi-pressure-rated-surface-preparation-waterjet-blasting-direct-drive-pump-for-uraca-cylinder-end-bell\/\" \/>\n<meta property=\"og:locale\" content=\"fr_FR\" \/>\n<meta property=\"og:type\" content=\"article\" \/>\n<meta property=\"og:title\" content=\"40000psi pressure rated surface preparation waterjet blasting direct drive pump for URACA Cylinder End Bell - Panwin Machinery&amp;Equipment\" \/>\n<meta property=\"og:description\" content=\"\u00a0Feature And Application of 40000psi pressure rated surface preparation waterjet blasting direct drive pump for URACA Cylinder End Bell   The 40000psi pressure rated surface preparation waterjet blasting direct drive pump for URACA Cylinder End Bell\u00a0is made of the high-grade stainless Steel with high quality, it is compatible and replaceable with the URACA original. It is featured:  A:Mirror Inside surface process  B:Aerospace-grade stainless steel to made of  C:High Precision Born better finish process.  Application:   This 40000psi pressure rated surface preparation waterjet blasting direct drive pump for URACA Cylinder End Bell\u00a0is go with the URACA High pressure Cylinder,it\u00a0can be used in the general surface cleaning, pipeline tubing cleaning, the heat-exchange cleaning, Hydro Painting &amp;Rust cleaning etc.\" \/>\n<meta property=\"og:url\" content=\"https:\/\/panwinjet.com\/fr\/produit\/40000psi-pressure-rated-surface-preparation-waterjet-blasting-direct-drive-pump-for-uraca-cylinder-end-bell\/\" \/>\n<meta property=\"og:site_name\" content=\"Panwin Machinery&amp;Equipment\" \/>\n<meta property=\"og:image\" content=\"https:\/\/panwinjet.com\/wp-content\/uploads\/2025\/09\/URACA-End-Bell-5-scaled.jpg\" \/>\n\t<meta property=\"og:image:width\" content=\"2560\" \/>\n\t<meta property=\"og:image:height\" content=\"1920\" \/>\n\t<meta property=\"og:image:type\" content=\"image\/jpeg\" \/>\n<meta name=\"twitter:card\" content=\"summary_large_image\" \/>\n<meta name=\"twitter:label1\" content=\"Dur\u00e9e de lecture estim\u00e9e\" \/>\n\t<meta name=\"twitter:data1\" content=\"1 minute\" \/>\n<script type=\"application\/ld+json\" class=\"yoast-schema-graph\">{\"@context\":\"https:\/\/schema.org\",\"@graph\":[{\"@type\":\"WebPage\",\"@id\":\"https:\/\/panwinjet.com\/product\/40000psi-pressure-rated-surface-preparation-waterjet-blasting-direct-drive-pump-for-uraca-cylinder-end-bell\/\",\"url\":\"https:\/\/panwinjet.com\/product\/40000psi-pressure-rated-surface-preparation-waterjet-blasting-direct-drive-pump-for-uraca-cylinder-end-bell\/\",\"name\":\"40000psi pressure rated surface preparation waterjet blasting direct drive pump for URACA Cylinder End Bell - Panwin Machinery&amp;Equipment\",\"isPartOf\":{\"@id\":\"https:\/\/panwinjet.com\/#website\"},\"primaryImageOfPage\":{\"@id\":\"https:\/\/panwinjet.com\/product\/40000psi-pressure-rated-surface-preparation-waterjet-blasting-direct-drive-pump-for-uraca-cylinder-end-bell\/#primaryimage\"},\"image\":{\"@id\":\"https:\/\/panwinjet.com\/product\/40000psi-pressure-rated-surface-preparation-waterjet-blasting-direct-drive-pump-for-uraca-cylinder-end-bell\/#primaryimage\"},\"thumbnailUrl\":\"https:\/\/panwinjet.com\/wp-content\/uploads\/2025\/09\/URACA-End-Bell-5-scaled.jpg\",\"datePublished\":\"2025-09-20T02:59:05+00:00\",\"breadcrumb\":{\"@id\":\"https:\/\/panwinjet.com\/product\/40000psi-pressure-rated-surface-preparation-waterjet-blasting-direct-drive-pump-for-uraca-cylinder-end-bell\/#breadcrumb\"},\"inLanguage\":\"fr-FR\",\"potentialAction\":[{\"@type\":\"ReadAction\",\"target\":[\"https:\/\/panwinjet.com\/product\/40000psi-pressure-rated-surface-preparation-waterjet-blasting-direct-drive-pump-for-uraca-cylinder-end-bell\/\"]}]},{\"@type\":\"ImageObject\",\"inLanguage\":\"fr-FR\",\"@id\":\"https:\/\/panwinjet.com\/product\/40000psi-pressure-rated-surface-preparation-waterjet-blasting-direct-drive-pump-for-uraca-cylinder-end-bell\/#primaryimage\",\"url\":\"https:\/\/panwinjet.com\/wp-content\/uploads\/2025\/09\/URACA-End-Bell-5-scaled.jpg\",\"contentUrl\":\"https:\/\/panwinjet.com\/wp-content\/uploads\/2025\/09\/URACA-End-Bell-5-scaled.jpg\",\"width\":2560,\"height\":1920},{\"@type\":\"BreadcrumbList\",\"@id\":\"https:\/\/panwinjet.com\/product\/40000psi-pressure-rated-surface-preparation-waterjet-blasting-direct-drive-pump-for-uraca-cylinder-end-bell\/#breadcrumb\",\"itemListElement\":[{\"@type\":\"ListItem\",\"position\":1,\"name\":\"\u9996\u9875\",\"item\":\"https:\/\/panwinjet.com\/\"},{\"@type\":\"ListItem\",\"position\":2,\"name\":\"PRODUCT\",\"item\":\"https:\/\/panwinjet.com\/product\/\"},{\"@type\":\"ListItem\",\"position\":3,\"name\":\"40000psi pressure rated surface preparation waterjet blasting direct drive pump for URACA Cylinder End Bell\"}]},{\"@type\":\"WebSite\",\"@id\":\"https:\/\/panwinjet.com\/#website\",\"url\":\"https:\/\/panwinjet.com\/\",\"name\":\"Panwin Machinery&amp;Equipment\",\"description\":\"Shenzhen Panwin Machinery&amp;Equipment Co.Ltd\",\"potentialAction\":[{\"@type\":\"SearchAction\",\"target\":{\"@type\":\"EntryPoint\",\"urlTemplate\":\"https:\/\/panwinjet.com\/?s={search_term_string}\"},\"query-input\":{\"@type\":\"PropertyValueSpecification\",\"valueRequired\":true,\"valueName\":\"search_term_string\"}}],\"inLanguage\":\"fr-FR\"}]}<\/script>\n<!-- \/ Yoast SEO plugin. -->","yoast_head_json":{"title":"40000psi pressure rated surface preparation waterjet blasting direct drive pump for URACA Cylinder End Bell - Panwin Machinery&amp;Equipment","robots":{"index":"index","follow":"follow","max-snippet":"max-snippet:-1","max-image-preview":"max-image-preview:large","max-video-preview":"max-video-preview:-1"},"canonical":"https:\/\/panwinjet.com\/fr\/produit\/40000psi-pressure-rated-surface-preparation-waterjet-blasting-direct-drive-pump-for-uraca-cylinder-end-bell\/","og_locale":"fr_FR","og_type":"article","og_title":"40000psi pressure rated surface preparation waterjet blasting direct drive pump for URACA Cylinder End Bell - Panwin Machinery&amp;Equipment","og_description":"\u00a0Feature And Application of 40000psi pressure rated surface preparation waterjet blasting direct drive pump for URACA Cylinder End Bell   The 40000psi pressure rated surface preparation waterjet blasting direct drive pump for URACA Cylinder End Bell\u00a0is made of the high-grade stainless Steel with high quality, it is compatible and replaceable with the URACA original. It is featured:  A:Mirror Inside surface process  B:Aerospace-grade stainless steel to made of  C:High Precision Born better finish process.  Application:   This 40000psi pressure rated surface preparation waterjet blasting direct drive pump for URACA Cylinder End Bell\u00a0is go with the URACA High pressure Cylinder,it\u00a0can be used in the general surface cleaning, pipeline tubing cleaning, the heat-exchange cleaning, Hydro Painting &amp;Rust cleaning etc.","og_url":"https:\/\/panwinjet.com\/fr\/produit\/40000psi-pressure-rated-surface-preparation-waterjet-blasting-direct-drive-pump-for-uraca-cylinder-end-bell\/","og_site_name":"Panwin Machinery&amp;Equipment","og_image":[{"width":2560,"height":1920,"url":"https:\/\/panwinjet.com\/wp-content\/uploads\/2025\/09\/URACA-End-Bell-5-scaled.jpg","type":"image\/jpeg"}],"twitter_card":"summary_large_image","twitter_misc":{"Dur\u00e9e de lecture estim\u00e9e":"1 minute"},"schema":{"@context":"https:\/\/schema.org","@graph":[{"@type":"WebPage","@id":"https:\/\/panwinjet.com\/product\/40000psi-pressure-rated-surface-preparation-waterjet-blasting-direct-drive-pump-for-uraca-cylinder-end-bell\/","url":"https:\/\/panwinjet.com\/product\/40000psi-pressure-rated-surface-preparation-waterjet-blasting-direct-drive-pump-for-uraca-cylinder-end-bell\/","name":"40000psi pressure rated surface preparation waterjet blasting direct drive pump for URACA Cylinder End Bell - Panwin Machinery&amp;Equipment","isPartOf":{"@id":"https:\/\/panwinjet.com\/#website"},"primaryImageOfPage":{"@id":"https:\/\/panwinjet.com\/product\/40000psi-pressure-rated-surface-preparation-waterjet-blasting-direct-drive-pump-for-uraca-cylinder-end-bell\/#primaryimage"},"image":{"@id":"https:\/\/panwinjet.com\/product\/40000psi-pressure-rated-surface-preparation-waterjet-blasting-direct-drive-pump-for-uraca-cylinder-end-bell\/#primaryimage"},"thumbnailUrl":"https:\/\/panwinjet.com\/wp-content\/uploads\/2025\/09\/URACA-End-Bell-5-scaled.jpg","datePublished":"2025-09-20T02:59:05+00:00","breadcrumb":{"@id":"https:\/\/panwinjet.com\/product\/40000psi-pressure-rated-surface-preparation-waterjet-blasting-direct-drive-pump-for-uraca-cylinder-end-bell\/#breadcrumb"},"inLanguage":"fr-FR","potentialAction":[{"@type":"ReadAction","target":["https:\/\/panwinjet.com\/product\/40000psi-pressure-rated-surface-preparation-waterjet-blasting-direct-drive-pump-for-uraca-cylinder-end-bell\/"]}]},{"@type":"ImageObject","inLanguage":"fr-FR","@id":"https:\/\/panwinjet.com\/product\/40000psi-pressure-rated-surface-preparation-waterjet-blasting-direct-drive-pump-for-uraca-cylinder-end-bell\/#primaryimage","url":"https:\/\/panwinjet.com\/wp-content\/uploads\/2025\/09\/URACA-End-Bell-5-scaled.jpg","contentUrl":"https:\/\/panwinjet.com\/wp-content\/uploads\/2025\/09\/URACA-End-Bell-5-scaled.jpg","width":2560,"height":1920},{"@type":"BreadcrumbList","@id":"https:\/\/panwinjet.com\/product\/40000psi-pressure-rated-surface-preparation-waterjet-blasting-direct-drive-pump-for-uraca-cylinder-end-bell\/#breadcrumb","itemListElement":[{"@type":"ListItem","position":1,"name":"\u9996\u9875","item":"https:\/\/panwinjet.com\/"},{"@type":"ListItem","position":2,"name":"PRODUCT","item":"https:\/\/panwinjet.com\/product\/"},{"@type":"ListItem","position":3,"name":"40000psi pressure rated surface preparation waterjet blasting direct drive pump for URACA Cylinder End Bell"}]},{"@type":"WebSite","@id":"https:\/\/panwinjet.com\/#website","url":"https:\/\/panwinjet.com\/","name":"Panwin Machinery&amp;Equipment","description":"Shenzhen Panwin Machinery&amp;Equipment Co.Ltd","potentialAction":[{"@type":"SearchAction","target":{"@type":"EntryPoint","urlTemplate":"https:\/\/panwinjet.com\/?s={search_term_string}"},"query-input":{"@type":"PropertyValueSpecification","valueRequired":true,"valueName":"search_term_string"}}],"inLanguage":"fr-FR"}]}},"_links":{"self":[{"href":"https:\/\/panwinjet.com\/fr\/wp-json\/wp\/v2\/product\/1049","targetHints":{"allow":["GET"]}}],"collection":[{"href":"https:\/\/panwinjet.com\/fr\/wp-json\/wp\/v2\/product"}],"about":[{"href":"https:\/\/panwinjet.com\/fr\/wp-json\/wp\/v2\/types\/product"}],"wp:featuredmedia":[{"embeddable":true,"href":"https:\/\/panwinjet.com\/fr\/wp-json\/wp\/v2\/media\/1053"}],"wp:attachment":[{"href":"https:\/\/panwinjet.com\/fr\/wp-json\/wp\/v2\/media?parent=1049"}],"wp:term":[{"taxonomy":"product_brand","embeddable":true,"href":"https:\/\/panwinjet.com\/fr\/wp-json\/wp\/v2\/product_brand?post=1049"},{"taxonomy":"product_cat","embeddable":true,"href":"https:\/\/panwinjet.com\/fr\/wp-json\/wp\/v2\/product_cat?post=1049"},{"taxonomy":"product_tag","embeddable":true,"href":"https:\/\/panwinjet.com\/fr\/wp-json\/wp\/v2\/product_tag?post=1049"}],"curies":[{"name":"wp","href":"https:\/\/api.w.org\/{rel}","templated":true}]}}