{"id":1035,"date":"2025-09-20T01:28:52","date_gmt":"2025-09-20T01:28:52","guid":{"rendered":"https:\/\/panwinjet.com\/?post_type=product&#038;p=1035"},"modified":"2025-09-20T01:28:52","modified_gmt":"2025-09-20T01:28:52","slug":"46kpsi-ultra-high-pressure-water-jet-blasting-machine-parts-for-46kpsi-hammelmann-cylinder-assembly","status":"publish","type":"product","link":"https:\/\/panwinjet.com\/fr\/produit\/46kpsi-ultra-high-pressure-water-jet-blasting-machine-parts-for-46kpsi-hammelmann-cylinder-assembly\/","title":{"rendered":"Pi\u00e8ces d\u00e9tach\u00e9es pour machine de sablage au jet d&#039;eau ultra-haute pression 46 kpsi, pour ensemble de cylindre Hammelmann 46 kpsi"},"content":{"rendered":"<p><strong><b>1. Pr\u00e9sentation des pi\u00e8ces d\u00e9tach\u00e9es pour machine de sablage au jet d&#039;eau ultra-haute pression de 46 kpsi <\/b><\/strong><strong><b>H<\/b><\/strong><strong><b>Ammelmann <\/b><\/strong><strong><b>\u00a0Cylindre <\/b><\/strong><strong><b>Assembl\u00e9e<\/b><\/strong><\/p>\n<p>Ce cylindre haute pression est un composant essentiel de la pompe HMA australienne. Sa pression nominale est de 46\u00a0000\u00a0PSI. Il est compatible et rempla\u00e7able par\u2026 <strong><b>H<\/b><\/strong><strong><b>Ammelmann <\/b><\/strong>\u00a0Pompe \u00e0 pression nominale de 46 000 psi.<\/p>\n<p><img decoding=\"async\" class=\"aligncenter size-full wp-image-1036 lazyload\" data-src=\"https:\/\/panwinjet.com\/wp-content\/uploads\/2025\/09\/46Kpsi-Ultra-high-pressure-Water-Jet-blasting-machine-parts-for-46kpsi-HMA-Cylinder-Assembly-2-scaled.jpg\" alt=\"\" width=\"1920\" height=\"2560\" data-srcset=\"https:\/\/panwinjet.com\/wp-content\/uploads\/2025\/09\/46Kpsi-Ultra-high-pressure-Water-Jet-blasting-machine-parts-for-46kpsi-HMA-Cylinder-Assembly-2-scaled.jpg 1920w, https:\/\/panwinjet.com\/wp-content\/uploads\/2025\/09\/46Kpsi-Ultra-high-pressure-Water-Jet-blasting-machine-parts-for-46kpsi-HMA-Cylinder-Assembly-2-375x500.jpg 375w, https:\/\/panwinjet.com\/wp-content\/uploads\/2025\/09\/46Kpsi-Ultra-high-pressure-Water-Jet-blasting-machine-parts-for-46kpsi-HMA-Cylinder-Assembly-2-900x1200.jpg 900w, https:\/\/panwinjet.com\/wp-content\/uploads\/2025\/09\/46Kpsi-Ultra-high-pressure-Water-Jet-blasting-machine-parts-for-46kpsi-HMA-Cylinder-Assembly-2-225x300.jpg 225w, https:\/\/panwinjet.com\/wp-content\/uploads\/2025\/09\/46Kpsi-Ultra-high-pressure-Water-Jet-blasting-machine-parts-for-46kpsi-HMA-Cylinder-Assembly-2-768x1024.jpg 768w, https:\/\/panwinjet.com\/wp-content\/uploads\/2025\/09\/46Kpsi-Ultra-high-pressure-Water-Jet-blasting-machine-parts-for-46kpsi-HMA-Cylinder-Assembly-2-1152x1536.jpg 1152w, https:\/\/panwinjet.com\/wp-content\/uploads\/2025\/09\/46Kpsi-Ultra-high-pressure-Water-Jet-blasting-machine-parts-for-46kpsi-HMA-Cylinder-Assembly-2-1536x2048.jpg 1536w, https:\/\/panwinjet.com\/wp-content\/uploads\/2025\/09\/46Kpsi-Ultra-high-pressure-Water-Jet-blasting-machine-parts-for-46kpsi-HMA-Cylinder-Assembly-2-56x75.jpg 56w, https:\/\/panwinjet.com\/wp-content\/uploads\/2025\/09\/46Kpsi-Ultra-high-pressure-Water-Jet-blasting-machine-parts-for-46kpsi-HMA-Cylinder-Assembly-2-480x640.jpg 480w, https:\/\/panwinjet.com\/wp-content\/uploads\/2025\/09\/46Kpsi-Ultra-high-pressure-Water-Jet-blasting-machine-parts-for-46kpsi-HMA-Cylinder-Assembly-2-800x1067.jpg 800w\" data-sizes=\"(max-width:767px) 480px, (max-width:1920px) 100vw, 1920px\" src=\"data:image\/svg+xml;base64,PHN2ZyB3aWR0aD0iMSIgaGVpZ2h0PSIxIiB4bWxucz0iaHR0cDovL3d3dy53My5vcmcvMjAwMC9zdmciPjwvc3ZnPg==\" style=\"--smush-placeholder-width: 1920px; --smush-placeholder-aspect-ratio: 1920\/2560;\" \/><\/p>\n<p><b><\/b><strong><b>Caract\u00e9ristiques techniques des pi\u00e8ces de la machine de sablage au jet d&#039;eau ultra-haute pression 46 kpsi pour cylindre Hammelmann 46 kpsi <\/b><\/strong><strong><b>Assembl\u00e9e<\/b><\/strong><\/p>\n<p><strong><b>Ce <\/b><\/strong><strong><b>Pi\u00e8ces d\u00e9tach\u00e9es pour machine de sablage au jet d&#039;eau ultra-haute pression 46 kpsi, compatible avec cylindre Hammelmann 46 kpsi <\/b><\/strong><strong><b>Assembl\u00e9e<\/b><\/strong><strong><b>La pompe \u00e0 pression Hammelmann de 46 kpsi est largement utilis\u00e9e dans les applications de nettoyage par jet d&#039;eau.<\/b><\/strong><\/p>","protected":false},"excerpt":{"rendered":"<p><strong><b>3. Caract\u00e9ristiques et applications des pi\u00e8ces de machine de sablage au jet d&#039;eau ultra-haute pression 46 kpsi pour cylindre Hammelmann 46 kpsi <\/b><\/strong><strong><b>Assembl\u00e9e<\/b><\/strong><\/p>\n<p>Ces pi\u00e8ces de machine de sablage au jet d&#039;eau ultra-haute pression de 46 kpsi pour l&#039;assemblage de cylindre Hammelmann de 46 kpsi sont des pi\u00e8ces de jet d&#039;eau de haute qualit\u00e9, elles sont fabriqu\u00e9es en acier inoxydable de qualit\u00e9 a\u00e9rospatiale et se caract\u00e9risent par des performances durables et stables.<\/p>\n<p><strong><b>A: Proc\u00e9d\u00e9 de surface int\u00e9rieure du miroir<\/b><\/strong><\/p>\n<p><strong><b>B<\/b><\/strong><strong><b>Acier inoxydable de qualit\u00e9 a\u00e9rospatiale \u00e0 fabriquer<\/b><\/strong><\/p>\n<p><strong><b>C<\/b><\/strong><strong><b>Processus de finition de haute pr\u00e9cision Born am\u00e9lior\u00e9<\/b><\/strong><\/p>\n<p><strong><b>Application:<\/b><\/strong><\/p>\n<p>Les pi\u00e8ces de la machine de sablage au jet d&#039;eau ultra-haute pression 46 kpsi pour ensemble cylindre Hammelmann 46 kpsi sont utilis\u00e9es pour diverses applications de nettoyage, notamment le nettoyage de raccords multi-orifices. Elles sont principalement utilis\u00e9es pour le nettoyage de surfaces, de r\u00e9servoirs et de cuves, la peinture automobile, le nettoyage dans l&#039;industrie mini\u00e8re, la sid\u00e9rurgie, le b\u00e2timent, etc.<\/p>","protected":false},"featured_media":1039,"template":"","meta":[],"product_brand":[],"product_cat":[6],"product_tag":[],"class_list":{"0":"post-1035","1":"product","2":"type-product","3":"status-publish","4":"has-post-thumbnail","6":"product_cat-uni-valves-for-uhp-pump","8":"first","9":"instock","10":"shipping-taxable","11":"product-type-simple"},"yoast_head":"<!-- This site is optimized with the Yoast SEO plugin v24.9 - https:\/\/yoast.com\/wordpress\/plugins\/seo\/ -->\n<title>46Kpsi Ultra-high pressure Water Jet blasting machine parts for 46kpsi Hammelmann Cylinder Assembly - Panwin Machinery&amp;Equipment<\/title>\n<meta name=\"robots\" content=\"index, follow, max-snippet:-1, max-image-preview:large, max-video-preview:-1\" \/>\n<link rel=\"canonical\" href=\"https:\/\/panwinjet.com\/fr\/produit\/46kpsi-ultra-high-pressure-water-jet-blasting-machine-parts-for-46kpsi-hammelmann-cylinder-assembly\/\" \/>\n<meta property=\"og:locale\" content=\"fr_FR\" \/>\n<meta property=\"og:type\" content=\"article\" \/>\n<meta property=\"og:title\" content=\"46Kpsi Ultra-high pressure Water Jet blasting machine parts for 46kpsi Hammelmann Cylinder Assembly - Panwin Machinery&amp;Equipment\" \/>\n<meta property=\"og:description\" content=\"3.Product Feature And Application of 46Kpsi Ultra-high pressure Water Jet blasting machine parts for 46kpsi Hammelmann Cylinder Assembly  This 46Kpsi Ultra-high pressure Water Jet blasting machine parts for 46kpsi Hammelmann Cylinder Assembly is of high quality hydro jet parts, it is made of the aerospace grade high-class stainless Steel, it is featured durable and stable performance.  A:Mirror Inside surface process  B:Aerospace-grade stainless steel to made of  C:High Precision Born better finish process  Application:  The 46Kpsi Ultra-high pressure Water Jet blasting machine parts for 46kpsi Hammelmann Cylinder Assembly is applied to the various cleaning task, special for muti-port connection cleaning job. Mainly surface cleaning,Tank&amp;Vessel Cleaning,Automotive Painting cleaning,Mining industry cleaning,Steel manufacture cleaning, Construction industry etc.\" \/>\n<meta property=\"og:url\" content=\"https:\/\/panwinjet.com\/fr\/produit\/46kpsi-ultra-high-pressure-water-jet-blasting-machine-parts-for-46kpsi-hammelmann-cylinder-assembly\/\" \/>\n<meta property=\"og:site_name\" content=\"Panwin Machinery&amp;Equipment\" \/>\n<meta property=\"og:image\" content=\"https:\/\/panwinjet.com\/wp-content\/uploads\/2025\/09\/46Kpsi-Ultra-high-pressure-Water-Jet-blasting-machine-parts-for-46kpsi-HMA-Cylinder-Assembly-5-scaled.jpg\" \/>\n\t<meta property=\"og:image:width\" content=\"1920\" \/>\n\t<meta property=\"og:image:height\" content=\"2560\" \/>\n\t<meta property=\"og:image:type\" content=\"image\/jpeg\" \/>\n<meta name=\"twitter:card\" content=\"summary_large_image\" \/>\n<meta name=\"twitter:label1\" content=\"Dur\u00e9e de lecture estim\u00e9e\" \/>\n\t<meta name=\"twitter:data1\" content=\"1 minute\" \/>\n<script type=\"application\/ld+json\" class=\"yoast-schema-graph\">{\"@context\":\"https:\/\/schema.org\",\"@graph\":[{\"@type\":\"WebPage\",\"@id\":\"https:\/\/panwinjet.com\/product\/46kpsi-ultra-high-pressure-water-jet-blasting-machine-parts-for-46kpsi-hammelmann-cylinder-assembly\/\",\"url\":\"https:\/\/panwinjet.com\/product\/46kpsi-ultra-high-pressure-water-jet-blasting-machine-parts-for-46kpsi-hammelmann-cylinder-assembly\/\",\"name\":\"46Kpsi Ultra-high pressure Water Jet blasting machine parts for 46kpsi Hammelmann Cylinder Assembly - Panwin Machinery&amp;Equipment\",\"isPartOf\":{\"@id\":\"https:\/\/panwinjet.com\/#website\"},\"primaryImageOfPage\":{\"@id\":\"https:\/\/panwinjet.com\/product\/46kpsi-ultra-high-pressure-water-jet-blasting-machine-parts-for-46kpsi-hammelmann-cylinder-assembly\/#primaryimage\"},\"image\":{\"@id\":\"https:\/\/panwinjet.com\/product\/46kpsi-ultra-high-pressure-water-jet-blasting-machine-parts-for-46kpsi-hammelmann-cylinder-assembly\/#primaryimage\"},\"thumbnailUrl\":\"https:\/\/panwinjet.com\/wp-content\/uploads\/2025\/09\/46Kpsi-Ultra-high-pressure-Water-Jet-blasting-machine-parts-for-46kpsi-HMA-Cylinder-Assembly-5-scaled.jpg\",\"datePublished\":\"2025-09-20T01:28:52+00:00\",\"breadcrumb\":{\"@id\":\"https:\/\/panwinjet.com\/product\/46kpsi-ultra-high-pressure-water-jet-blasting-machine-parts-for-46kpsi-hammelmann-cylinder-assembly\/#breadcrumb\"},\"inLanguage\":\"fr-FR\",\"potentialAction\":[{\"@type\":\"ReadAction\",\"target\":[\"https:\/\/panwinjet.com\/product\/46kpsi-ultra-high-pressure-water-jet-blasting-machine-parts-for-46kpsi-hammelmann-cylinder-assembly\/\"]}]},{\"@type\":\"ImageObject\",\"inLanguage\":\"fr-FR\",\"@id\":\"https:\/\/panwinjet.com\/product\/46kpsi-ultra-high-pressure-water-jet-blasting-machine-parts-for-46kpsi-hammelmann-cylinder-assembly\/#primaryimage\",\"url\":\"https:\/\/panwinjet.com\/wp-content\/uploads\/2025\/09\/46Kpsi-Ultra-high-pressure-Water-Jet-blasting-machine-parts-for-46kpsi-HMA-Cylinder-Assembly-5-scaled.jpg\",\"contentUrl\":\"https:\/\/panwinjet.com\/wp-content\/uploads\/2025\/09\/46Kpsi-Ultra-high-pressure-Water-Jet-blasting-machine-parts-for-46kpsi-HMA-Cylinder-Assembly-5-scaled.jpg\",\"width\":1920,\"height\":2560},{\"@type\":\"BreadcrumbList\",\"@id\":\"https:\/\/panwinjet.com\/product\/46kpsi-ultra-high-pressure-water-jet-blasting-machine-parts-for-46kpsi-hammelmann-cylinder-assembly\/#breadcrumb\",\"itemListElement\":[{\"@type\":\"ListItem\",\"position\":1,\"name\":\"\u9996\u9875\",\"item\":\"https:\/\/panwinjet.com\/\"},{\"@type\":\"ListItem\",\"position\":2,\"name\":\"PRODUCT\",\"item\":\"https:\/\/panwinjet.com\/product\/\"},{\"@type\":\"ListItem\",\"position\":3,\"name\":\"46Kpsi Ultra-high pressure Water Jet blasting machine parts for 46kpsi Hammelmann Cylinder Assembly\"}]},{\"@type\":\"WebSite\",\"@id\":\"https:\/\/panwinjet.com\/#website\",\"url\":\"https:\/\/panwinjet.com\/\",\"name\":\"Panwin Machinery&amp;Equipment\",\"description\":\"Shenzhen Panwin Machinery&amp;Equipment Co.Ltd\",\"potentialAction\":[{\"@type\":\"SearchAction\",\"target\":{\"@type\":\"EntryPoint\",\"urlTemplate\":\"https:\/\/panwinjet.com\/?s={search_term_string}\"},\"query-input\":{\"@type\":\"PropertyValueSpecification\",\"valueRequired\":true,\"valueName\":\"search_term_string\"}}],\"inLanguage\":\"fr-FR\"}]}<\/script>\n<!-- \/ Yoast SEO plugin. -->","yoast_head_json":{"title":"46Kpsi Ultra-high pressure Water Jet blasting machine parts for 46kpsi Hammelmann Cylinder Assembly - Panwin Machinery&amp;Equipment","robots":{"index":"index","follow":"follow","max-snippet":"max-snippet:-1","max-image-preview":"max-image-preview:large","max-video-preview":"max-video-preview:-1"},"canonical":"https:\/\/panwinjet.com\/fr\/produit\/46kpsi-ultra-high-pressure-water-jet-blasting-machine-parts-for-46kpsi-hammelmann-cylinder-assembly\/","og_locale":"fr_FR","og_type":"article","og_title":"46Kpsi Ultra-high pressure Water Jet blasting machine parts for 46kpsi Hammelmann Cylinder Assembly - Panwin Machinery&amp;Equipment","og_description":"3.Product Feature And Application of 46Kpsi Ultra-high pressure Water Jet blasting machine parts for 46kpsi Hammelmann Cylinder Assembly  This 46Kpsi Ultra-high pressure Water Jet blasting machine parts for 46kpsi Hammelmann Cylinder Assembly is of high quality hydro jet parts, it is made of the aerospace grade high-class stainless Steel, it is featured durable and stable performance.  A:Mirror Inside surface process  B:Aerospace-grade stainless steel to made of  C:High Precision Born better finish process  Application:  The 46Kpsi Ultra-high pressure Water Jet blasting machine parts for 46kpsi Hammelmann Cylinder Assembly is applied to the various cleaning task, special for muti-port connection cleaning job. Mainly surface cleaning,Tank&amp;Vessel Cleaning,Automotive Painting cleaning,Mining industry cleaning,Steel manufacture cleaning, Construction industry etc.","og_url":"https:\/\/panwinjet.com\/fr\/produit\/46kpsi-ultra-high-pressure-water-jet-blasting-machine-parts-for-46kpsi-hammelmann-cylinder-assembly\/","og_site_name":"Panwin Machinery&amp;Equipment","og_image":[{"width":1920,"height":2560,"url":"https:\/\/panwinjet.com\/wp-content\/uploads\/2025\/09\/46Kpsi-Ultra-high-pressure-Water-Jet-blasting-machine-parts-for-46kpsi-HMA-Cylinder-Assembly-5-scaled.jpg","type":"image\/jpeg"}],"twitter_card":"summary_large_image","twitter_misc":{"Dur\u00e9e de lecture estim\u00e9e":"1 minute"},"schema":{"@context":"https:\/\/schema.org","@graph":[{"@type":"WebPage","@id":"https:\/\/panwinjet.com\/product\/46kpsi-ultra-high-pressure-water-jet-blasting-machine-parts-for-46kpsi-hammelmann-cylinder-assembly\/","url":"https:\/\/panwinjet.com\/product\/46kpsi-ultra-high-pressure-water-jet-blasting-machine-parts-for-46kpsi-hammelmann-cylinder-assembly\/","name":"46Kpsi Ultra-high pressure Water Jet blasting machine parts for 46kpsi Hammelmann Cylinder Assembly - Panwin Machinery&amp;Equipment","isPartOf":{"@id":"https:\/\/panwinjet.com\/#website"},"primaryImageOfPage":{"@id":"https:\/\/panwinjet.com\/product\/46kpsi-ultra-high-pressure-water-jet-blasting-machine-parts-for-46kpsi-hammelmann-cylinder-assembly\/#primaryimage"},"image":{"@id":"https:\/\/panwinjet.com\/product\/46kpsi-ultra-high-pressure-water-jet-blasting-machine-parts-for-46kpsi-hammelmann-cylinder-assembly\/#primaryimage"},"thumbnailUrl":"https:\/\/panwinjet.com\/wp-content\/uploads\/2025\/09\/46Kpsi-Ultra-high-pressure-Water-Jet-blasting-machine-parts-for-46kpsi-HMA-Cylinder-Assembly-5-scaled.jpg","datePublished":"2025-09-20T01:28:52+00:00","breadcrumb":{"@id":"https:\/\/panwinjet.com\/product\/46kpsi-ultra-high-pressure-water-jet-blasting-machine-parts-for-46kpsi-hammelmann-cylinder-assembly\/#breadcrumb"},"inLanguage":"fr-FR","potentialAction":[{"@type":"ReadAction","target":["https:\/\/panwinjet.com\/product\/46kpsi-ultra-high-pressure-water-jet-blasting-machine-parts-for-46kpsi-hammelmann-cylinder-assembly\/"]}]},{"@type":"ImageObject","inLanguage":"fr-FR","@id":"https:\/\/panwinjet.com\/product\/46kpsi-ultra-high-pressure-water-jet-blasting-machine-parts-for-46kpsi-hammelmann-cylinder-assembly\/#primaryimage","url":"https:\/\/panwinjet.com\/wp-content\/uploads\/2025\/09\/46Kpsi-Ultra-high-pressure-Water-Jet-blasting-machine-parts-for-46kpsi-HMA-Cylinder-Assembly-5-scaled.jpg","contentUrl":"https:\/\/panwinjet.com\/wp-content\/uploads\/2025\/09\/46Kpsi-Ultra-high-pressure-Water-Jet-blasting-machine-parts-for-46kpsi-HMA-Cylinder-Assembly-5-scaled.jpg","width":1920,"height":2560},{"@type":"BreadcrumbList","@id":"https:\/\/panwinjet.com\/product\/46kpsi-ultra-high-pressure-water-jet-blasting-machine-parts-for-46kpsi-hammelmann-cylinder-assembly\/#breadcrumb","itemListElement":[{"@type":"ListItem","position":1,"name":"\u9996\u9875","item":"https:\/\/panwinjet.com\/"},{"@type":"ListItem","position":2,"name":"PRODUCT","item":"https:\/\/panwinjet.com\/product\/"},{"@type":"ListItem","position":3,"name":"46Kpsi Ultra-high pressure Water Jet blasting machine parts for 46kpsi Hammelmann Cylinder Assembly"}]},{"@type":"WebSite","@id":"https:\/\/panwinjet.com\/#website","url":"https:\/\/panwinjet.com\/","name":"Panwin Machinery&amp;Equipment","description":"Shenzhen Panwin Machinery&amp;Equipment Co.Ltd","potentialAction":[{"@type":"SearchAction","target":{"@type":"EntryPoint","urlTemplate":"https:\/\/panwinjet.com\/?s={search_term_string}"},"query-input":{"@type":"PropertyValueSpecification","valueRequired":true,"valueName":"search_term_string"}}],"inLanguage":"fr-FR"}]}},"_links":{"self":[{"href":"https:\/\/panwinjet.com\/fr\/wp-json\/wp\/v2\/product\/1035","targetHints":{"allow":["GET"]}}],"collection":[{"href":"https:\/\/panwinjet.com\/fr\/wp-json\/wp\/v2\/product"}],"about":[{"href":"https:\/\/panwinjet.com\/fr\/wp-json\/wp\/v2\/types\/product"}],"wp:featuredmedia":[{"embeddable":true,"href":"https:\/\/panwinjet.com\/fr\/wp-json\/wp\/v2\/media\/1039"}],"wp:attachment":[{"href":"https:\/\/panwinjet.com\/fr\/wp-json\/wp\/v2\/media?parent=1035"}],"wp:term":[{"taxonomy":"product_brand","embeddable":true,"href":"https:\/\/panwinjet.com\/fr\/wp-json\/wp\/v2\/product_brand?post=1035"},{"taxonomy":"product_cat","embeddable":true,"href":"https:\/\/panwinjet.com\/fr\/wp-json\/wp\/v2\/product_cat?post=1035"},{"taxonomy":"product_tag","embeddable":true,"href":"https:\/\/panwinjet.com\/fr\/wp-json\/wp\/v2\/product_tag?post=1035"}],"curies":[{"name":"wp","href":"https:\/\/api.w.org\/{rel}","templated":true}]}}