{"id":1013,"date":"2025-09-20T01:08:13","date_gmt":"2025-09-20T01:08:13","guid":{"rendered":"https:\/\/panwinjet.com\/?post_type=product&#038;p=1013"},"modified":"2025-09-20T01:08:13","modified_gmt":"2025-09-20T01:08:13","slug":"40kpsi-high-pressure-hydro-jet-tank-surface-blasting-cleaning-machine-parts-for-nlb-valve-seat","status":"publish","type":"product","link":"https:\/\/panwinjet.com\/fr\/produit\/40kpsi-high-pressure-hydro-jet-tank-surface-blasting-cleaning-machine-parts-for-nlb-valve-seat\/","title":{"rendered":"R\u00e9servoir \u00e0 jet d&#039;eau haute pression de 40\u00a0000\u00a0psi pour le nettoyage de pi\u00e8ces de la machine de sablage de surface pour si\u00e8ge de soupape NLB"},"content":{"rendered":"<p><b><\/b><strong><b>Pr\u00e9sentation du produit : R\u00e9servoir hydrojet haute pression 40 000 psi \/ Pi\u00e8ces de machine de nettoyage par sablage de surface pour si\u00e8ge de soupape NLB<\/b><\/strong><\/p>\n<p><strong><b>Le <\/b><\/strong><strong><b>R\u00e9servoir \u00e0 jet d&#039;eau haute pression de 40\u00a0000\u00a0psi pour le nettoyage de pi\u00e8ces de la machine de sablage de surface pour si\u00e8ge de soupape NLB<\/b><\/strong><strong><b>\u00a0est destin\u00e9 au composant de conception avanc\u00e9e de la pompe NLB 225 pour un service de changement rapide de fluide en fin de service, et ce num\u00e9ro de pi\u00e8ces compatibles de si\u00e8ge de soupape est CM30285.<\/b><\/strong><\/p>\n<p><strong><b>\u00a0Param\u00e8tre (sp\u00e9cification) de <\/b><\/strong><strong><b>R\u00e9servoir \u00e0 jet d&#039;eau haute pression de 40\u00a0000\u00a0psi pour le nettoyage de pi\u00e8ces de la machine de sablage de surface pour si\u00e8ge de soupape NLB<\/b><\/strong><\/p>\n<p>Cette machine de nettoyage par jet d&#039;eau haute pression de 40 000 psi pour si\u00e8ge de soupape NLB est une pi\u00e8ce de la s\u00e9rie 225, sa pression nominale est de 40 000 psi et elle est compatible avec la pi\u00e8ce NLB n\u00b0 NLB CM30285.<\/p>","protected":false},"excerpt":{"rendered":"<p><strong><b>3. Caract\u00e9ristiques et applications du produit <\/b><\/strong><strong><b>R\u00e9servoir \u00e0 jet d&#039;eau haute pression de 40\u00a0000\u00a0psi pour le nettoyage de pi\u00e8ces de la machine de sablage de surface pour si\u00e8ge de soupape NLB<\/b><\/strong><\/p>\n<p><strong><b>Le <\/b><\/strong><strong><b>R\u00e9servoir \u00e0 jet d&#039;eau haute pression de 40\u00a0000\u00a0psi pour le nettoyage de pi\u00e8ces de la machine de sablage de surface pour si\u00e8ge de soupape NLB<\/b><\/strong><strong><b>\u00a0Fabriqu\u00e9 en acier inoxydable de qualit\u00e9 a\u00e9rospatiale, et b\u00e9n\u00e9ficiant d&#039;un processus de fabrication de haute pr\u00e9cision et d&#039;une excellente finition, il pr\u00e9sente les caract\u00e9ristiques suivantes :<\/b><\/strong><\/p>\n<p><strong><b>A: Fabriqu\u00e9 en acier inoxydable de qualit\u00e9 a\u00e9rospatiale<\/b><\/strong><\/p>\n<p><strong><b>B : Processus de finition de haute pr\u00e9cision.<\/b><\/strong><\/p>\n<p><strong><b>C : Proc\u00e9d\u00e9 de face miroir<\/b><\/strong><\/p>\n<p><strong><b> <img decoding=\"async\" class=\"aligncenter size-full wp-image-1016 lazyload\" data-src=\"https:\/\/panwinjet.com\/wp-content\/uploads\/2025\/09\/40Kpsi-high-pressure-Hydro-Jet-TankSurface-blasting-cleaning-machine-parts-for-NLB-Valve-Seat-6-scaled.jpg\" alt=\"\" width=\"1920\" height=\"2560\" data-srcset=\"https:\/\/panwinjet.com\/wp-content\/uploads\/2025\/09\/40Kpsi-high-pressure-Hydro-Jet-TankSurface-blasting-cleaning-machine-parts-for-NLB-Valve-Seat-6-scaled.jpg 1920w, https:\/\/panwinjet.com\/wp-content\/uploads\/2025\/09\/40Kpsi-high-pressure-Hydro-Jet-TankSurface-blasting-cleaning-machine-parts-for-NLB-Valve-Seat-6-375x500.jpg 375w, https:\/\/panwinjet.com\/wp-content\/uploads\/2025\/09\/40Kpsi-high-pressure-Hydro-Jet-TankSurface-blasting-cleaning-machine-parts-for-NLB-Valve-Seat-6-900x1200.jpg 900w, https:\/\/panwinjet.com\/wp-content\/uploads\/2025\/09\/40Kpsi-high-pressure-Hydro-Jet-TankSurface-blasting-cleaning-machine-parts-for-NLB-Valve-Seat-6-225x300.jpg 225w, https:\/\/panwinjet.com\/wp-content\/uploads\/2025\/09\/40Kpsi-high-pressure-Hydro-Jet-TankSurface-blasting-cleaning-machine-parts-for-NLB-Valve-Seat-6-768x1024.jpg 768w, https:\/\/panwinjet.com\/wp-content\/uploads\/2025\/09\/40Kpsi-high-pressure-Hydro-Jet-TankSurface-blasting-cleaning-machine-parts-for-NLB-Valve-Seat-6-1152x1536.jpg 1152w, https:\/\/panwinjet.com\/wp-content\/uploads\/2025\/09\/40Kpsi-high-pressure-Hydro-Jet-TankSurface-blasting-cleaning-machine-parts-for-NLB-Valve-Seat-6-1536x2048.jpg 1536w, https:\/\/panwinjet.com\/wp-content\/uploads\/2025\/09\/40Kpsi-high-pressure-Hydro-Jet-TankSurface-blasting-cleaning-machine-parts-for-NLB-Valve-Seat-6-56x75.jpg 56w, https:\/\/panwinjet.com\/wp-content\/uploads\/2025\/09\/40Kpsi-high-pressure-Hydro-Jet-TankSurface-blasting-cleaning-machine-parts-for-NLB-Valve-Seat-6-480x640.jpg 480w, https:\/\/panwinjet.com\/wp-content\/uploads\/2025\/09\/40Kpsi-high-pressure-Hydro-Jet-TankSurface-blasting-cleaning-machine-parts-for-NLB-Valve-Seat-6-800x1067.jpg 800w\" data-sizes=\"(max-width:767px) 480px, (max-width:1920px) 100vw, 1920px\" src=\"data:image\/svg+xml;base64,PHN2ZyB3aWR0aD0iMSIgaGVpZ2h0PSIxIiB4bWxucz0iaHR0cDovL3d3dy53My5vcmcvMjAwMC9zdmciPjwvc3ZnPg==\" style=\"--smush-placeholder-width: 1920px; --smush-placeholder-aspect-ratio: 1920\/2560;\" \/><\/b><\/strong><\/p>\n<p><strong><b>\u00a0<\/b><\/strong><strong><b>Application:<\/b><\/strong><\/p>\n<p><strong><b>Nous, Panwin, vous fournissons le <\/b><\/strong><strong><b>R\u00e9servoir \u00e0 jet d&#039;eau haute pression de 40\u00a0000\u00a0psi pour le nettoyage de pi\u00e8ces de la machine de sablage de surface pour si\u00e8ge de soupape NLB<\/b><\/strong><strong><b>\u00a0\u00e0 un prix raisonnable, et il peut \u00eatre utilis\u00e9 pour le nettoyage des surfaces,<\/b><\/strong><strong><b>Nettoyage de r\u00e9servoirs et cuves, nettoyage de peinture automobile, nettoyage pour l&#039;industrie mini\u00e8re, nettoyage pour la fabrication d&#039;acier. <\/b><\/strong><strong><b>industrie de la construction<\/b><\/strong><strong><b>\u00a0etc.<\/b><\/strong><\/p>","protected":false},"featured_media":1014,"template":"","meta":[],"product_brand":[],"product_cat":[6],"product_tag":[],"class_list":{"0":"post-1013","1":"product","2":"type-product","3":"status-publish","4":"has-post-thumbnail","6":"product_cat-uni-valves-for-uhp-pump","8":"first","9":"instock","10":"shipping-taxable","11":"product-type-simple"},"yoast_head":"<!-- This site is optimized with the Yoast SEO plugin v24.9 - https:\/\/yoast.com\/wordpress\/plugins\/seo\/ -->\n<title>40Kpsi high pressure Hydro Jet Tank\/Surface blasting cleaning machine parts for NLB Valve Seat - Panwin Machinery&amp;Equipment<\/title>\n<meta name=\"robots\" content=\"index, follow, max-snippet:-1, max-image-preview:large, max-video-preview:-1\" \/>\n<link rel=\"canonical\" href=\"https:\/\/panwinjet.com\/fr\/produit\/40kpsi-high-pressure-hydro-jet-tank-surface-blasting-cleaning-machine-parts-for-nlb-valve-seat\/\" \/>\n<meta property=\"og:locale\" content=\"fr_FR\" \/>\n<meta property=\"og:type\" content=\"article\" \/>\n<meta property=\"og:title\" content=\"40Kpsi high pressure Hydro Jet Tank\/Surface blasting cleaning machine parts for NLB Valve Seat - Panwin Machinery&amp;Equipment\" \/>\n<meta property=\"og:description\" content=\"3.Product Feature And Application of 40Kpsi high pressure Hydro Jet Tank\/Surface blasting cleaning machine parts for NLB Valve Seat  The 40Kpsi high pressure Hydro Jet Tank\/Surface blasting cleaning machine parts for NLB Valve Seat\u00a0is made of the aerospace-grade high-quality stainless steel,and manufacture with high precise and excellent finish process, so it is featured very high quality as:  A:Aerospace-grade stainless steel to made of  B:High Precision Born better finish process.  C:Mirror face process     \u00a0Application:  We Panwin supply you the 40Kpsi high pressure Hydro Jet Tank\/Surface blasting cleaning machine parts for NLB Valve Seat\u00a0with reasonable price, and it can be applied in surface cleaning,Tank&amp;Vessel Cleaning,Automotive Painting cleaning,Mining industry cleaning,Steel manufacture cleaning, Construction industry\u00a0etc.\" \/>\n<meta property=\"og:url\" content=\"https:\/\/panwinjet.com\/fr\/produit\/40kpsi-high-pressure-hydro-jet-tank-surface-blasting-cleaning-machine-parts-for-nlb-valve-seat\/\" \/>\n<meta property=\"og:site_name\" content=\"Panwin Machinery&amp;Equipment\" \/>\n<meta property=\"og:image\" content=\"https:\/\/panwinjet.com\/wp-content\/uploads\/2025\/09\/40Kpsi-high-pressure-Hydro-Jet-TankSurface-blasting-cleaning-machine-parts-for-NLB-Valve-Seat-3-scaled.jpg\" \/>\n\t<meta property=\"og:image:width\" content=\"1920\" \/>\n\t<meta property=\"og:image:height\" content=\"2560\" \/>\n\t<meta property=\"og:image:type\" content=\"image\/jpeg\" \/>\n<meta name=\"twitter:card\" content=\"summary_large_image\" \/>\n<meta name=\"twitter:label1\" content=\"Dur\u00e9e de lecture estim\u00e9e\" \/>\n\t<meta name=\"twitter:data1\" content=\"1 minute\" \/>\n<script type=\"application\/ld+json\" class=\"yoast-schema-graph\">{\"@context\":\"https:\/\/schema.org\",\"@graph\":[{\"@type\":\"WebPage\",\"@id\":\"https:\/\/panwinjet.com\/product\/40kpsi-high-pressure-hydro-jet-tank-surface-blasting-cleaning-machine-parts-for-nlb-valve-seat\/\",\"url\":\"https:\/\/panwinjet.com\/product\/40kpsi-high-pressure-hydro-jet-tank-surface-blasting-cleaning-machine-parts-for-nlb-valve-seat\/\",\"name\":\"40Kpsi high pressure Hydro Jet Tank\/Surface blasting cleaning machine parts for NLB Valve Seat - Panwin Machinery&amp;Equipment\",\"isPartOf\":{\"@id\":\"https:\/\/panwinjet.com\/#website\"},\"primaryImageOfPage\":{\"@id\":\"https:\/\/panwinjet.com\/product\/40kpsi-high-pressure-hydro-jet-tank-surface-blasting-cleaning-machine-parts-for-nlb-valve-seat\/#primaryimage\"},\"image\":{\"@id\":\"https:\/\/panwinjet.com\/product\/40kpsi-high-pressure-hydro-jet-tank-surface-blasting-cleaning-machine-parts-for-nlb-valve-seat\/#primaryimage\"},\"thumbnailUrl\":\"https:\/\/panwinjet.com\/wp-content\/uploads\/2025\/09\/40Kpsi-high-pressure-Hydro-Jet-TankSurface-blasting-cleaning-machine-parts-for-NLB-Valve-Seat-3-scaled.jpg\",\"datePublished\":\"2025-09-20T01:08:13+00:00\",\"breadcrumb\":{\"@id\":\"https:\/\/panwinjet.com\/product\/40kpsi-high-pressure-hydro-jet-tank-surface-blasting-cleaning-machine-parts-for-nlb-valve-seat\/#breadcrumb\"},\"inLanguage\":\"fr-FR\",\"potentialAction\":[{\"@type\":\"ReadAction\",\"target\":[\"https:\/\/panwinjet.com\/product\/40kpsi-high-pressure-hydro-jet-tank-surface-blasting-cleaning-machine-parts-for-nlb-valve-seat\/\"]}]},{\"@type\":\"ImageObject\",\"inLanguage\":\"fr-FR\",\"@id\":\"https:\/\/panwinjet.com\/product\/40kpsi-high-pressure-hydro-jet-tank-surface-blasting-cleaning-machine-parts-for-nlb-valve-seat\/#primaryimage\",\"url\":\"https:\/\/panwinjet.com\/wp-content\/uploads\/2025\/09\/40Kpsi-high-pressure-Hydro-Jet-TankSurface-blasting-cleaning-machine-parts-for-NLB-Valve-Seat-3-scaled.jpg\",\"contentUrl\":\"https:\/\/panwinjet.com\/wp-content\/uploads\/2025\/09\/40Kpsi-high-pressure-Hydro-Jet-TankSurface-blasting-cleaning-machine-parts-for-NLB-Valve-Seat-3-scaled.jpg\",\"width\":1920,\"height\":2560,\"caption\":\"CM30285\"},{\"@type\":\"BreadcrumbList\",\"@id\":\"https:\/\/panwinjet.com\/product\/40kpsi-high-pressure-hydro-jet-tank-surface-blasting-cleaning-machine-parts-for-nlb-valve-seat\/#breadcrumb\",\"itemListElement\":[{\"@type\":\"ListItem\",\"position\":1,\"name\":\"\u9996\u9875\",\"item\":\"https:\/\/panwinjet.com\/\"},{\"@type\":\"ListItem\",\"position\":2,\"name\":\"PRODUCT\",\"item\":\"https:\/\/panwinjet.com\/product\/\"},{\"@type\":\"ListItem\",\"position\":3,\"name\":\"40Kpsi high pressure Hydro Jet Tank\/Surface blasting cleaning machine parts for NLB Valve Seat\"}]},{\"@type\":\"WebSite\",\"@id\":\"https:\/\/panwinjet.com\/#website\",\"url\":\"https:\/\/panwinjet.com\/\",\"name\":\"Panwin Machinery&amp;Equipment\",\"description\":\"Shenzhen Panwin Machinery&amp;Equipment Co.Ltd\",\"potentialAction\":[{\"@type\":\"SearchAction\",\"target\":{\"@type\":\"EntryPoint\",\"urlTemplate\":\"https:\/\/panwinjet.com\/?s={search_term_string}\"},\"query-input\":{\"@type\":\"PropertyValueSpecification\",\"valueRequired\":true,\"valueName\":\"search_term_string\"}}],\"inLanguage\":\"fr-FR\"}]}<\/script>\n<!-- \/ Yoast SEO plugin. -->","yoast_head_json":{"title":"40Kpsi high pressure Hydro Jet Tank\/Surface blasting cleaning machine parts for NLB Valve Seat - Panwin Machinery&amp;Equipment","robots":{"index":"index","follow":"follow","max-snippet":"max-snippet:-1","max-image-preview":"max-image-preview:large","max-video-preview":"max-video-preview:-1"},"canonical":"https:\/\/panwinjet.com\/fr\/produit\/40kpsi-high-pressure-hydro-jet-tank-surface-blasting-cleaning-machine-parts-for-nlb-valve-seat\/","og_locale":"fr_FR","og_type":"article","og_title":"40Kpsi high pressure Hydro Jet Tank\/Surface blasting cleaning machine parts for NLB Valve Seat - Panwin Machinery&amp;Equipment","og_description":"3.Product Feature And Application of 40Kpsi high pressure Hydro Jet Tank\/Surface blasting cleaning machine parts for NLB Valve Seat  The 40Kpsi high pressure Hydro Jet Tank\/Surface blasting cleaning machine parts for NLB Valve Seat\u00a0is made of the aerospace-grade high-quality stainless steel,and manufacture with high precise and excellent finish process, so it is featured very high quality as:  A:Aerospace-grade stainless steel to made of  B:High Precision Born better finish process.  C:Mirror face process     \u00a0Application:  We Panwin supply you the 40Kpsi high pressure Hydro Jet Tank\/Surface blasting cleaning machine parts for NLB Valve Seat\u00a0with reasonable price, and it can be applied in surface cleaning,Tank&amp;Vessel Cleaning,Automotive Painting cleaning,Mining industry cleaning,Steel manufacture cleaning, Construction industry\u00a0etc.","og_url":"https:\/\/panwinjet.com\/fr\/produit\/40kpsi-high-pressure-hydro-jet-tank-surface-blasting-cleaning-machine-parts-for-nlb-valve-seat\/","og_site_name":"Panwin Machinery&amp;Equipment","og_image":[{"width":1920,"height":2560,"url":"https:\/\/panwinjet.com\/wp-content\/uploads\/2025\/09\/40Kpsi-high-pressure-Hydro-Jet-TankSurface-blasting-cleaning-machine-parts-for-NLB-Valve-Seat-3-scaled.jpg","type":"image\/jpeg"}],"twitter_card":"summary_large_image","twitter_misc":{"Dur\u00e9e de lecture estim\u00e9e":"1 minute"},"schema":{"@context":"https:\/\/schema.org","@graph":[{"@type":"WebPage","@id":"https:\/\/panwinjet.com\/product\/40kpsi-high-pressure-hydro-jet-tank-surface-blasting-cleaning-machine-parts-for-nlb-valve-seat\/","url":"https:\/\/panwinjet.com\/product\/40kpsi-high-pressure-hydro-jet-tank-surface-blasting-cleaning-machine-parts-for-nlb-valve-seat\/","name":"40Kpsi high pressure Hydro Jet Tank\/Surface blasting cleaning machine parts for NLB Valve Seat - Panwin Machinery&amp;Equipment","isPartOf":{"@id":"https:\/\/panwinjet.com\/#website"},"primaryImageOfPage":{"@id":"https:\/\/panwinjet.com\/product\/40kpsi-high-pressure-hydro-jet-tank-surface-blasting-cleaning-machine-parts-for-nlb-valve-seat\/#primaryimage"},"image":{"@id":"https:\/\/panwinjet.com\/product\/40kpsi-high-pressure-hydro-jet-tank-surface-blasting-cleaning-machine-parts-for-nlb-valve-seat\/#primaryimage"},"thumbnailUrl":"https:\/\/panwinjet.com\/wp-content\/uploads\/2025\/09\/40Kpsi-high-pressure-Hydro-Jet-TankSurface-blasting-cleaning-machine-parts-for-NLB-Valve-Seat-3-scaled.jpg","datePublished":"2025-09-20T01:08:13+00:00","breadcrumb":{"@id":"https:\/\/panwinjet.com\/product\/40kpsi-high-pressure-hydro-jet-tank-surface-blasting-cleaning-machine-parts-for-nlb-valve-seat\/#breadcrumb"},"inLanguage":"fr-FR","potentialAction":[{"@type":"ReadAction","target":["https:\/\/panwinjet.com\/product\/40kpsi-high-pressure-hydro-jet-tank-surface-blasting-cleaning-machine-parts-for-nlb-valve-seat\/"]}]},{"@type":"ImageObject","inLanguage":"fr-FR","@id":"https:\/\/panwinjet.com\/product\/40kpsi-high-pressure-hydro-jet-tank-surface-blasting-cleaning-machine-parts-for-nlb-valve-seat\/#primaryimage","url":"https:\/\/panwinjet.com\/wp-content\/uploads\/2025\/09\/40Kpsi-high-pressure-Hydro-Jet-TankSurface-blasting-cleaning-machine-parts-for-NLB-Valve-Seat-3-scaled.jpg","contentUrl":"https:\/\/panwinjet.com\/wp-content\/uploads\/2025\/09\/40Kpsi-high-pressure-Hydro-Jet-TankSurface-blasting-cleaning-machine-parts-for-NLB-Valve-Seat-3-scaled.jpg","width":1920,"height":2560,"caption":"CM30285"},{"@type":"BreadcrumbList","@id":"https:\/\/panwinjet.com\/product\/40kpsi-high-pressure-hydro-jet-tank-surface-blasting-cleaning-machine-parts-for-nlb-valve-seat\/#breadcrumb","itemListElement":[{"@type":"ListItem","position":1,"name":"\u9996\u9875","item":"https:\/\/panwinjet.com\/"},{"@type":"ListItem","position":2,"name":"PRODUCT","item":"https:\/\/panwinjet.com\/product\/"},{"@type":"ListItem","position":3,"name":"40Kpsi high pressure Hydro Jet Tank\/Surface blasting cleaning machine parts for NLB Valve Seat"}]},{"@type":"WebSite","@id":"https:\/\/panwinjet.com\/#website","url":"https:\/\/panwinjet.com\/","name":"Panwin Machinery&amp;Equipment","description":"Shenzhen Panwin Machinery&amp;Equipment Co.Ltd","potentialAction":[{"@type":"SearchAction","target":{"@type":"EntryPoint","urlTemplate":"https:\/\/panwinjet.com\/?s={search_term_string}"},"query-input":{"@type":"PropertyValueSpecification","valueRequired":true,"valueName":"search_term_string"}}],"inLanguage":"fr-FR"}]}},"_links":{"self":[{"href":"https:\/\/panwinjet.com\/fr\/wp-json\/wp\/v2\/product\/1013","targetHints":{"allow":["GET"]}}],"collection":[{"href":"https:\/\/panwinjet.com\/fr\/wp-json\/wp\/v2\/product"}],"about":[{"href":"https:\/\/panwinjet.com\/fr\/wp-json\/wp\/v2\/types\/product"}],"wp:featuredmedia":[{"embeddable":true,"href":"https:\/\/panwinjet.com\/fr\/wp-json\/wp\/v2\/media\/1014"}],"wp:attachment":[{"href":"https:\/\/panwinjet.com\/fr\/wp-json\/wp\/v2\/media?parent=1013"}],"wp:term":[{"taxonomy":"product_brand","embeddable":true,"href":"https:\/\/panwinjet.com\/fr\/wp-json\/wp\/v2\/product_brand?post=1013"},{"taxonomy":"product_cat","embeddable":true,"href":"https:\/\/panwinjet.com\/fr\/wp-json\/wp\/v2\/product_cat?post=1013"},{"taxonomy":"product_tag","embeddable":true,"href":"https:\/\/panwinjet.com\/fr\/wp-json\/wp\/v2\/product_tag?post=1013"}],"curies":[{"name":"wp","href":"https:\/\/api.w.org\/{rel}","templated":true}]}}