{"id":1007,"date":"2025-09-20T01:03:03","date_gmt":"2025-09-20T01:03:03","guid":{"rendered":"https:\/\/panwinjet.com\/?post_type=product&#038;p=1007"},"modified":"2025-09-21T13:31:09","modified_gmt":"2025-09-21T13:31:09","slug":"20kpsi-high-pressure-water-jet-blasting-machine-component-for-jetstream-20k-6-plunger","status":"publish","type":"product","link":"https:\/\/panwinjet.com\/fr\/produit\/20kpsi-high-pressure-water-jet-blasting-machine-component-for-jetstream-20k-6-plunger\/","title":{"rendered":"Composant pour machine de sablage au jet d&#039;eau haute pression 20\u00a0000\u00a0psi, piston Jetstream 20k 6#"},"content":{"rendered":"<p><strong><b>Composant pour machine de sablage au jet d&#039;eau haute pression 20\u00a0000\u00a0psi, piston Jetstream 20k 6#<\/b><\/strong><\/p>\n<p><strong><b>\u00a0<\/b><\/strong><strong><b>\u00a0Introduction de <\/b><\/strong><strong><b>Composant pour machine de sablage au jet d&#039;eau haute pression 20\u00a0000\u00a0psi, piston Jetstream 20k 6#<\/b><\/strong><\/p>\n<p><strong><b>Ce <\/b><\/strong><strong><b>Composant pour machine de sablage au jet d&#039;eau haute pression 20\u00a0000\u00a0psi, piston Jetstream 20k 6#<\/b><\/strong><strong><b>\u00a0Il s&#039;agit de mod\u00e8les supportant une pression de 20 kpsi, et il est compatible avec le Jetstream NO.51849.<\/b><\/strong><\/p>\n<p><strong><b> <img decoding=\"async\" class=\"aligncenter size-full wp-image-1012 lazyload\" data-src=\"https:\/\/panwinjet.com\/wp-content\/uploads\/2025\/09\/20Kpsi-high-pressure-Water-jet-blasting-machine-component-for-Jetstream-20k-6-plunger-9-scaled.jpg\" alt=\"\" width=\"1920\" height=\"2560\" data-srcset=\"https:\/\/panwinjet.com\/wp-content\/uploads\/2025\/09\/20Kpsi-high-pressure-Water-jet-blasting-machine-component-for-Jetstream-20k-6-plunger-9-scaled.jpg 1920w, https:\/\/panwinjet.com\/wp-content\/uploads\/2025\/09\/20Kpsi-high-pressure-Water-jet-blasting-machine-component-for-Jetstream-20k-6-plunger-9-375x500.jpg 375w, https:\/\/panwinjet.com\/wp-content\/uploads\/2025\/09\/20Kpsi-high-pressure-Water-jet-blasting-machine-component-for-Jetstream-20k-6-plunger-9-900x1200.jpg 900w, https:\/\/panwinjet.com\/wp-content\/uploads\/2025\/09\/20Kpsi-high-pressure-Water-jet-blasting-machine-component-for-Jetstream-20k-6-plunger-9-225x300.jpg 225w, https:\/\/panwinjet.com\/wp-content\/uploads\/2025\/09\/20Kpsi-high-pressure-Water-jet-blasting-machine-component-for-Jetstream-20k-6-plunger-9-768x1024.jpg 768w, https:\/\/panwinjet.com\/wp-content\/uploads\/2025\/09\/20Kpsi-high-pressure-Water-jet-blasting-machine-component-for-Jetstream-20k-6-plunger-9-1152x1536.jpg 1152w, https:\/\/panwinjet.com\/wp-content\/uploads\/2025\/09\/20Kpsi-high-pressure-Water-jet-blasting-machine-component-for-Jetstream-20k-6-plunger-9-1536x2048.jpg 1536w, https:\/\/panwinjet.com\/wp-content\/uploads\/2025\/09\/20Kpsi-high-pressure-Water-jet-blasting-machine-component-for-Jetstream-20k-6-plunger-9-56x75.jpg 56w, https:\/\/panwinjet.com\/wp-content\/uploads\/2025\/09\/20Kpsi-high-pressure-Water-jet-blasting-machine-component-for-Jetstream-20k-6-plunger-9-480x640.jpg 480w, https:\/\/panwinjet.com\/wp-content\/uploads\/2025\/09\/20Kpsi-high-pressure-Water-jet-blasting-machine-component-for-Jetstream-20k-6-plunger-9-800x1067.jpg 800w\" data-sizes=\"(max-width:767px) 480px, (max-width:1920px) 100vw, 1920px\" src=\"data:image\/svg+xml;base64,PHN2ZyB3aWR0aD0iMSIgaGVpZ2h0PSIxIiB4bWxucz0iaHR0cDovL3d3dy53My5vcmcvMjAwMC9zdmciPjwvc3ZnPg==\" style=\"--smush-placeholder-width: 1920px; --smush-placeholder-aspect-ratio: 1920\/2560;\" \/><\/b><\/strong><\/p>\n<p><strong><b>Param\u00e8tre (sp\u00e9cification) de <\/b><\/strong><strong><b>Composant pour machine de sablage au jet d&#039;eau haute pression 20\u00a0000\u00a0psi, piston Jetstream 20k 6#<\/b><\/strong><\/p>\n<p>Le <strong><b>Composant pour machine de sablage au jet d&#039;eau haute pression 20\u00a0000\u00a0psi, piston Jetstream 20k 6#<\/b><\/strong><strong><b>\u00a0Fabriqu\u00e9 en acier inoxydable de qualit\u00e9 sup\u00e9rieure, de niveau a\u00e9rospatial, avec un processus de rev\u00eatement pr\u00e9cis et rigoureux, ce produit est d&#039;excellente qualit\u00e9 et compatible avec les mod\u00e8les d&#039;extr\u00e9mit\u00e9s fluides 20 Kpsi 3020.<\/b><\/strong><\/p>","protected":false},"excerpt":{"rendered":"<p><strong><b>Caract\u00e9ristiques et applications de <\/b><\/strong><strong><b>Composant pour machine de sablage au jet d&#039;eau haute pression 20\u00a0000\u00a0psi, piston Jetstream 20k 6#<\/b><\/strong><\/p>\n<p>Le composant de la machine de sablage au jet d&#039;eau haute pression 20Kpsi pour le piston Jetstream 20k 6# est un mat\u00e9riau d&#039;excellente qualit\u00e9, il est durable.<\/p>\n<p>Il se pr\u00e9sente comme suit\u00a0:<\/p>\n<p>A: Mat\u00e9riau de qualit\u00e9 a\u00e9rospatiale sup\u00e9rieure pour la fabrication de<\/p>\n<p>B : Proc\u00e9d\u00e9 de fabrication par rectification de pr\u00e9cision<\/p>\n<p>C : M\u00e9thode de fabrication du rev\u00eatement antifriction.<\/p>\n<p><strong>Application:<\/strong><\/p>\n<p>Cette machine de nettoyage par sablage de tubes d&#039;\u00e9changeur de chaleur \u00e0 jet d&#039;eau haute pression de 20 000 psi, pour le piston Jetstream 11#, est un composant cl\u00e9 de la pompe Jetstream. Elle peut \u00eatre utilis\u00e9e pour le nettoyage g\u00e9n\u00e9ral des surfaces, le nettoyage des tubes de canalisation, le nettoyage des \u00e9changeurs de chaleur, la peinture hydrodynamique et le nettoyage de la rouille, etc.<\/p>","protected":false},"featured_media":1011,"template":"","meta":[],"product_brand":[],"product_cat":[7],"product_tag":[],"class_list":{"0":"post-1007","1":"product","2":"type-product","3":"status-publish","4":"has-post-thumbnail","6":"product_cat-jetstream-pump-fluid-end-compatibe-parts","8":"first","9":"instock","10":"shipping-taxable","11":"product-type-simple"},"yoast_head":"<!-- This site is optimized with the Yoast SEO plugin v24.9 - https:\/\/yoast.com\/wordpress\/plugins\/seo\/ -->\n<title>20Kpsi high pressure Water jet blasting machine component for Jetstream 20k 6# plunger - Panwin Machinery&amp;Equipment<\/title>\n<meta name=\"robots\" content=\"index, follow, max-snippet:-1, max-image-preview:large, max-video-preview:-1\" \/>\n<link rel=\"canonical\" href=\"https:\/\/panwinjet.com\/fr\/produit\/20kpsi-high-pressure-water-jet-blasting-machine-component-for-jetstream-20k-6-plunger\/\" \/>\n<meta property=\"og:locale\" content=\"fr_FR\" \/>\n<meta property=\"og:type\" content=\"article\" \/>\n<meta property=\"og:title\" content=\"20Kpsi high pressure Water jet blasting machine component for Jetstream 20k 6# plunger - Panwin Machinery&amp;Equipment\" \/>\n<meta property=\"og:description\" content=\"Feature And Application of 20Kpsi high pressure Water jet blasting machine component for Jetstream 20k 6# plunger  The 20Kpsi high pressure Water jet blasting machine component for Jetstream 20k 6# plunger\u00a0is excellent quality material, it is durable.  It is featured as follows:  A: High grade aerospace level material to made of  B:Precise grinding manufacture process  C:Anti-friction coating manufacture method.  Application:  This 20Kpsi high pressure Hydro Jet heat-exchanger tubing blasting cleaning machine parts for Jetstream 11# Plunger\u00a0is key component of the Jetstream Pump,it\u00a0can be used in the general surface cleaning, pipeline tubing cleaning, the heat-exchange cleaning, Hydro Painting &amp;Rust cleaning etc.\" \/>\n<meta property=\"og:url\" content=\"https:\/\/panwinjet.com\/fr\/produit\/20kpsi-high-pressure-water-jet-blasting-machine-component-for-jetstream-20k-6-plunger\/\" \/>\n<meta property=\"og:site_name\" content=\"Panwin Machinery&amp;Equipment\" \/>\n<meta property=\"article:modified_time\" content=\"2025-09-21T13:31:09+00:00\" \/>\n<meta property=\"og:image\" content=\"https:\/\/panwinjet.com\/wp-content\/uploads\/2025\/09\/20Kpsi-high-pressure-Water-jet-blasting-machine-component-for-Jetstream-20k-6-plunger-8-scaled.jpg\" \/>\n\t<meta property=\"og:image:width\" content=\"1920\" \/>\n\t<meta property=\"og:image:height\" content=\"2560\" \/>\n\t<meta property=\"og:image:type\" content=\"image\/jpeg\" \/>\n<meta name=\"twitter:card\" content=\"summary_large_image\" \/>\n<meta name=\"twitter:label1\" content=\"Dur\u00e9e de lecture estim\u00e9e\" \/>\n\t<meta name=\"twitter:data1\" content=\"1 minute\" \/>\n<script type=\"application\/ld+json\" class=\"yoast-schema-graph\">{\"@context\":\"https:\/\/schema.org\",\"@graph\":[{\"@type\":\"WebPage\",\"@id\":\"https:\/\/panwinjet.com\/product\/20kpsi-high-pressure-water-jet-blasting-machine-component-for-jetstream-20k-6-plunger\/\",\"url\":\"https:\/\/panwinjet.com\/product\/20kpsi-high-pressure-water-jet-blasting-machine-component-for-jetstream-20k-6-plunger\/\",\"name\":\"20Kpsi high pressure Water jet blasting machine component for Jetstream 20k 6# plunger - Panwin Machinery&amp;Equipment\",\"isPartOf\":{\"@id\":\"https:\/\/panwinjet.com\/#website\"},\"primaryImageOfPage\":{\"@id\":\"https:\/\/panwinjet.com\/product\/20kpsi-high-pressure-water-jet-blasting-machine-component-for-jetstream-20k-6-plunger\/#primaryimage\"},\"image\":{\"@id\":\"https:\/\/panwinjet.com\/product\/20kpsi-high-pressure-water-jet-blasting-machine-component-for-jetstream-20k-6-plunger\/#primaryimage\"},\"thumbnailUrl\":\"https:\/\/panwinjet.com\/wp-content\/uploads\/2025\/09\/20Kpsi-high-pressure-Water-jet-blasting-machine-component-for-Jetstream-20k-6-plunger-8-scaled.jpg\",\"datePublished\":\"2025-09-20T01:03:03+00:00\",\"dateModified\":\"2025-09-21T13:31:09+00:00\",\"breadcrumb\":{\"@id\":\"https:\/\/panwinjet.com\/product\/20kpsi-high-pressure-water-jet-blasting-machine-component-for-jetstream-20k-6-plunger\/#breadcrumb\"},\"inLanguage\":\"fr-FR\",\"potentialAction\":[{\"@type\":\"ReadAction\",\"target\":[\"https:\/\/panwinjet.com\/product\/20kpsi-high-pressure-water-jet-blasting-machine-component-for-jetstream-20k-6-plunger\/\"]}]},{\"@type\":\"ImageObject\",\"inLanguage\":\"fr-FR\",\"@id\":\"https:\/\/panwinjet.com\/product\/20kpsi-high-pressure-water-jet-blasting-machine-component-for-jetstream-20k-6-plunger\/#primaryimage\",\"url\":\"https:\/\/panwinjet.com\/wp-content\/uploads\/2025\/09\/20Kpsi-high-pressure-Water-jet-blasting-machine-component-for-Jetstream-20k-6-plunger-8-scaled.jpg\",\"contentUrl\":\"https:\/\/panwinjet.com\/wp-content\/uploads\/2025\/09\/20Kpsi-high-pressure-Water-jet-blasting-machine-component-for-Jetstream-20k-6-plunger-8-scaled.jpg\",\"width\":1920,\"height\":2560},{\"@type\":\"BreadcrumbList\",\"@id\":\"https:\/\/panwinjet.com\/product\/20kpsi-high-pressure-water-jet-blasting-machine-component-for-jetstream-20k-6-plunger\/#breadcrumb\",\"itemListElement\":[{\"@type\":\"ListItem\",\"position\":1,\"name\":\"\u9996\u9875\",\"item\":\"https:\/\/panwinjet.com\/\"},{\"@type\":\"ListItem\",\"position\":2,\"name\":\"PRODUCT\",\"item\":\"https:\/\/panwinjet.com\/product\/\"},{\"@type\":\"ListItem\",\"position\":3,\"name\":\"20Kpsi high pressure Water jet blasting machine component for Jetstream 20k 6# plunger\"}]},{\"@type\":\"WebSite\",\"@id\":\"https:\/\/panwinjet.com\/#website\",\"url\":\"https:\/\/panwinjet.com\/\",\"name\":\"Panwin Machinery&amp;Equipment\",\"description\":\"Shenzhen Panwin Machinery&amp;Equipment Co.Ltd\",\"potentialAction\":[{\"@type\":\"SearchAction\",\"target\":{\"@type\":\"EntryPoint\",\"urlTemplate\":\"https:\/\/panwinjet.com\/?s={search_term_string}\"},\"query-input\":{\"@type\":\"PropertyValueSpecification\",\"valueRequired\":true,\"valueName\":\"search_term_string\"}}],\"inLanguage\":\"fr-FR\"}]}<\/script>\n<!-- \/ Yoast SEO plugin. -->","yoast_head_json":{"title":"20Kpsi high pressure Water jet blasting machine component for Jetstream 20k 6# plunger - Panwin Machinery&amp;Equipment","robots":{"index":"index","follow":"follow","max-snippet":"max-snippet:-1","max-image-preview":"max-image-preview:large","max-video-preview":"max-video-preview:-1"},"canonical":"https:\/\/panwinjet.com\/fr\/produit\/20kpsi-high-pressure-water-jet-blasting-machine-component-for-jetstream-20k-6-plunger\/","og_locale":"fr_FR","og_type":"article","og_title":"20Kpsi high pressure Water jet blasting machine component for Jetstream 20k 6# plunger - Panwin Machinery&amp;Equipment","og_description":"Feature And Application of 20Kpsi high pressure Water jet blasting machine component for Jetstream 20k 6# plunger  The 20Kpsi high pressure Water jet blasting machine component for Jetstream 20k 6# plunger\u00a0is excellent quality material, it is durable.  It is featured as follows:  A: High grade aerospace level material to made of  B:Precise grinding manufacture process  C:Anti-friction coating manufacture method.  Application:  This 20Kpsi high pressure Hydro Jet heat-exchanger tubing blasting cleaning machine parts for Jetstream 11# Plunger\u00a0is key component of the Jetstream Pump,it\u00a0can be used in the general surface cleaning, pipeline tubing cleaning, the heat-exchange cleaning, Hydro Painting &amp;Rust cleaning etc.","og_url":"https:\/\/panwinjet.com\/fr\/produit\/20kpsi-high-pressure-water-jet-blasting-machine-component-for-jetstream-20k-6-plunger\/","og_site_name":"Panwin Machinery&amp;Equipment","article_modified_time":"2025-09-21T13:31:09+00:00","og_image":[{"width":1920,"height":2560,"url":"https:\/\/panwinjet.com\/wp-content\/uploads\/2025\/09\/20Kpsi-high-pressure-Water-jet-blasting-machine-component-for-Jetstream-20k-6-plunger-8-scaled.jpg","type":"image\/jpeg"}],"twitter_card":"summary_large_image","twitter_misc":{"Dur\u00e9e de lecture estim\u00e9e":"1 minute"},"schema":{"@context":"https:\/\/schema.org","@graph":[{"@type":"WebPage","@id":"https:\/\/panwinjet.com\/product\/20kpsi-high-pressure-water-jet-blasting-machine-component-for-jetstream-20k-6-plunger\/","url":"https:\/\/panwinjet.com\/product\/20kpsi-high-pressure-water-jet-blasting-machine-component-for-jetstream-20k-6-plunger\/","name":"20Kpsi high pressure Water jet blasting machine component for Jetstream 20k 6# plunger - Panwin Machinery&amp;Equipment","isPartOf":{"@id":"https:\/\/panwinjet.com\/#website"},"primaryImageOfPage":{"@id":"https:\/\/panwinjet.com\/product\/20kpsi-high-pressure-water-jet-blasting-machine-component-for-jetstream-20k-6-plunger\/#primaryimage"},"image":{"@id":"https:\/\/panwinjet.com\/product\/20kpsi-high-pressure-water-jet-blasting-machine-component-for-jetstream-20k-6-plunger\/#primaryimage"},"thumbnailUrl":"https:\/\/panwinjet.com\/wp-content\/uploads\/2025\/09\/20Kpsi-high-pressure-Water-jet-blasting-machine-component-for-Jetstream-20k-6-plunger-8-scaled.jpg","datePublished":"2025-09-20T01:03:03+00:00","dateModified":"2025-09-21T13:31:09+00:00","breadcrumb":{"@id":"https:\/\/panwinjet.com\/product\/20kpsi-high-pressure-water-jet-blasting-machine-component-for-jetstream-20k-6-plunger\/#breadcrumb"},"inLanguage":"fr-FR","potentialAction":[{"@type":"ReadAction","target":["https:\/\/panwinjet.com\/product\/20kpsi-high-pressure-water-jet-blasting-machine-component-for-jetstream-20k-6-plunger\/"]}]},{"@type":"ImageObject","inLanguage":"fr-FR","@id":"https:\/\/panwinjet.com\/product\/20kpsi-high-pressure-water-jet-blasting-machine-component-for-jetstream-20k-6-plunger\/#primaryimage","url":"https:\/\/panwinjet.com\/wp-content\/uploads\/2025\/09\/20Kpsi-high-pressure-Water-jet-blasting-machine-component-for-Jetstream-20k-6-plunger-8-scaled.jpg","contentUrl":"https:\/\/panwinjet.com\/wp-content\/uploads\/2025\/09\/20Kpsi-high-pressure-Water-jet-blasting-machine-component-for-Jetstream-20k-6-plunger-8-scaled.jpg","width":1920,"height":2560},{"@type":"BreadcrumbList","@id":"https:\/\/panwinjet.com\/product\/20kpsi-high-pressure-water-jet-blasting-machine-component-for-jetstream-20k-6-plunger\/#breadcrumb","itemListElement":[{"@type":"ListItem","position":1,"name":"\u9996\u9875","item":"https:\/\/panwinjet.com\/"},{"@type":"ListItem","position":2,"name":"PRODUCT","item":"https:\/\/panwinjet.com\/product\/"},{"@type":"ListItem","position":3,"name":"20Kpsi high pressure Water jet blasting machine component for Jetstream 20k 6# plunger"}]},{"@type":"WebSite","@id":"https:\/\/panwinjet.com\/#website","url":"https:\/\/panwinjet.com\/","name":"Panwin Machinery&amp;Equipment","description":"Shenzhen Panwin Machinery&amp;Equipment Co.Ltd","potentialAction":[{"@type":"SearchAction","target":{"@type":"EntryPoint","urlTemplate":"https:\/\/panwinjet.com\/?s={search_term_string}"},"query-input":{"@type":"PropertyValueSpecification","valueRequired":true,"valueName":"search_term_string"}}],"inLanguage":"fr-FR"}]}},"_links":{"self":[{"href":"https:\/\/panwinjet.com\/fr\/wp-json\/wp\/v2\/product\/1007","targetHints":{"allow":["GET"]}}],"collection":[{"href":"https:\/\/panwinjet.com\/fr\/wp-json\/wp\/v2\/product"}],"about":[{"href":"https:\/\/panwinjet.com\/fr\/wp-json\/wp\/v2\/types\/product"}],"wp:featuredmedia":[{"embeddable":true,"href":"https:\/\/panwinjet.com\/fr\/wp-json\/wp\/v2\/media\/1011"}],"wp:attachment":[{"href":"https:\/\/panwinjet.com\/fr\/wp-json\/wp\/v2\/media?parent=1007"}],"wp:term":[{"taxonomy":"product_brand","embeddable":true,"href":"https:\/\/panwinjet.com\/fr\/wp-json\/wp\/v2\/product_brand?post=1007"},{"taxonomy":"product_cat","embeddable":true,"href":"https:\/\/panwinjet.com\/fr\/wp-json\/wp\/v2\/product_cat?post=1007"},{"taxonomy":"product_tag","embeddable":true,"href":"https:\/\/panwinjet.com\/fr\/wp-json\/wp\/v2\/product_tag?post=1007"}],"curies":[{"name":"wp","href":"https:\/\/api.w.org\/{rel}","templated":true}]}}