{"id":1001,"date":"2025-09-20T00:58:49","date_gmt":"2025-09-20T00:58:49","guid":{"rendered":"https:\/\/panwinjet.com\/?post_type=product&#038;p=1001"},"modified":"2025-09-20T00:58:49","modified_gmt":"2025-09-20T00:58:49","slug":"46kpsi-ultra-high-pressure-hydro-jet-blasting-machine-parts-46kpsi-hammelmann-plunger","status":"publish","type":"product","link":"https:\/\/panwinjet.com\/fr\/produit\/46kpsi-ultra-high-pressure-hydro-jet-blasting-machine-parts-46kpsi-hammelmann-plunger\/","title":{"rendered":"Pi\u00e8ces de machine de sablage hydrojet ultra-haute pression 46 kpsi, piston Hammelmann 46 kpsi"},"content":{"rendered":"<p><strong><b>1.<\/b><\/strong><strong><b>Pr\u00e9sentation des pi\u00e8ces d\u00e9tach\u00e9es pour machine de sablage hydrodynamique ultra-haute pression 46 kpsi\u00a0: piston Hammelmann 46 kpsi<\/b><\/strong><\/p>\n<p><strong><b>Ce <\/b><\/strong><strong><b>Pi\u00e8ces de machine de sablage \u00e0 jet d&#039;eau ultra-haute pression 46 kpsi, piston HMA 46 kpsi<\/b><\/strong><strong><b>\u00a0Utilis\u00e9 dans la pompe HMA 46000PSI, il est compatible avec le piston HMA d&#039;origine.<\/b><\/strong><\/p>\n<p><strong><b>Caract\u00e9ristiques techniques des pi\u00e8ces de la machine de sablage hydrojet ultra-haute pression 46 kpsi\u00a0: piston Hammelmann 46 kpsi<\/b><\/strong><\/p>\n<p>Le <strong><b>Pi\u00e8ces de machine de sablage hydrojet ultra-haute pression 46 kpsi, piston Hammelmann 46 kpsi<\/b><\/strong><strong><b>\u00a0est<\/b><\/strong><strong><b>\u00a0Fabriqu\u00e9 en acier inoxydable de qualit\u00e9 a\u00e9rospatiale haut de gamme avec un excellent rev\u00eatement <\/b><\/strong><strong><b>fabrication <\/b><\/strong><strong><b>processus<\/b><\/strong><strong><b>, elle est rempla\u00e7able et compatible avec la pompe Hammelmann 46000PSI.<\/b><\/strong><\/p>","protected":false},"excerpt":{"rendered":"<p><strong><b>Caract\u00e9ristiques et applications de <\/b><\/strong><strong><b>Pi\u00e8ces de machine de sablage hydrojet ultra-haute pression 46 kpsi, piston Hammelmann 46 kpsi<\/b><\/strong><\/p>\n<p>Les pi\u00e8ces de la machine de sablage \u00e0 jet d&#039;eau ultra-haute pression 46 kpsi, notamment le piston Hammelmann 46 kpsi, sont fabriqu\u00e9es avec des mat\u00e9riaux d&#039;excellente qualit\u00e9 et sont tr\u00e8s durables. Elles pr\u00e9sentent les caract\u00e9ristiques suivantes :<\/p>\n<p>A: Mat\u00e9riau de qualit\u00e9 a\u00e9rospatiale sup\u00e9rieure pour la fabrication de<\/p>\n<p>B : Proc\u00e9d\u00e9 de fabrication par rectification de pr\u00e9cision<\/p>\n<p>C : Proc\u00e9d\u00e9 de fabrication du rev\u00eatement antifriction.<\/p>\n<p>Application:<\/p>\n<p>Cette machine de sablage \u00e0 jet d&#039;eau ultra-haute pression de 46 000 psi, dont le piston Hammelmann de 46 000 psi est un composant cl\u00e9 de la pompe Hammelmann de 46 000 psi, peut \u00eatre utilis\u00e9e pour le nettoyage g\u00e9n\u00e9ral des surfaces, le nettoyage des tubes de canalisation, le nettoyage des \u00e9changeurs de chaleur, la peinture hydrodynamique et le nettoyage de la rouille, etc.<\/p>","protected":false},"featured_media":1004,"template":"","meta":[],"product_brand":[],"product_cat":[7],"product_tag":[],"class_list":{"0":"post-1001","1":"product","2":"type-product","3":"status-publish","4":"has-post-thumbnail","6":"product_cat-jetstream-pump-fluid-end-compatibe-parts","8":"first","9":"instock","10":"shipping-taxable","11":"product-type-simple"},"yoast_head":"<!-- This site is optimized with the Yoast SEO plugin v24.9 - https:\/\/yoast.com\/wordpress\/plugins\/seo\/ -->\n<title>46Kpsi Ultra-high pressure Hydro Jet blasting machine parts 46kpsi Hammelmann plunger - Panwin Machinery&amp;Equipment<\/title>\n<meta name=\"robots\" content=\"index, follow, max-snippet:-1, max-image-preview:large, max-video-preview:-1\" \/>\n<link rel=\"canonical\" href=\"https:\/\/panwinjet.com\/fr\/produit\/46kpsi-ultra-high-pressure-hydro-jet-blasting-machine-parts-46kpsi-hammelmann-plunger\/\" \/>\n<meta property=\"og:locale\" content=\"fr_FR\" \/>\n<meta property=\"og:type\" content=\"article\" \/>\n<meta property=\"og:title\" content=\"46Kpsi Ultra-high pressure Hydro Jet blasting machine parts 46kpsi Hammelmann plunger - Panwin Machinery&amp;Equipment\" \/>\n<meta property=\"og:description\" content=\"Feature And Application of 46Kpsi Ultra-high pressure Hydro Jet blasting machine parts 46kpsi Hammelmannplunger  The 46Kpsi Ultra-high pressure Hydro Jet blasting machine parts 46kpsi Hammelmann plunger is excellent quality material, it is durable. It is featured  A: High grade aerospace level material to made of  B:Precise grinding manufacture process  C:Anti-friction coating manufacture way.  Application:  This 46Kpsi Ultra-high pressure Hydro Jet blasting machine parts 46kpsi Hammelmann plunger is key component of the Hammelmann 46KPSI Pressure rated Pump,it can be used in the general surface cleaning, pipeline tubing cleaning, the heat-exchange cleaning, Hydro Painting &amp;Rust cleaning etc.\" \/>\n<meta property=\"og:url\" content=\"https:\/\/panwinjet.com\/fr\/produit\/46kpsi-ultra-high-pressure-hydro-jet-blasting-machine-parts-46kpsi-hammelmann-plunger\/\" \/>\n<meta property=\"og:site_name\" content=\"Panwin Machinery&amp;Equipment\" \/>\n<meta property=\"og:image\" content=\"https:\/\/panwinjet.com\/wp-content\/uploads\/2025\/09\/46Kpsi-Ultra-high-pressure-Hydro-Jet-blasting-machine-parts-compatible-with-46kpsi-HMA-plunger-6-scaled.jpg\" \/>\n\t<meta property=\"og:image:width\" content=\"2560\" \/>\n\t<meta property=\"og:image:height\" content=\"1920\" \/>\n\t<meta property=\"og:image:type\" content=\"image\/jpeg\" \/>\n<meta name=\"twitter:card\" content=\"summary_large_image\" \/>\n<meta name=\"twitter:label1\" content=\"Dur\u00e9e de lecture estim\u00e9e\" \/>\n\t<meta name=\"twitter:data1\" content=\"1 minute\" \/>\n<script type=\"application\/ld+json\" class=\"yoast-schema-graph\">{\"@context\":\"https:\/\/schema.org\",\"@graph\":[{\"@type\":\"WebPage\",\"@id\":\"https:\/\/panwinjet.com\/product\/46kpsi-ultra-high-pressure-hydro-jet-blasting-machine-parts-46kpsi-hammelmann-plunger\/\",\"url\":\"https:\/\/panwinjet.com\/product\/46kpsi-ultra-high-pressure-hydro-jet-blasting-machine-parts-46kpsi-hammelmann-plunger\/\",\"name\":\"46Kpsi Ultra-high pressure Hydro Jet blasting machine parts 46kpsi Hammelmann plunger - Panwin Machinery&amp;Equipment\",\"isPartOf\":{\"@id\":\"https:\/\/panwinjet.com\/#website\"},\"primaryImageOfPage\":{\"@id\":\"https:\/\/panwinjet.com\/product\/46kpsi-ultra-high-pressure-hydro-jet-blasting-machine-parts-46kpsi-hammelmann-plunger\/#primaryimage\"},\"image\":{\"@id\":\"https:\/\/panwinjet.com\/product\/46kpsi-ultra-high-pressure-hydro-jet-blasting-machine-parts-46kpsi-hammelmann-plunger\/#primaryimage\"},\"thumbnailUrl\":\"https:\/\/panwinjet.com\/wp-content\/uploads\/2025\/09\/46Kpsi-Ultra-high-pressure-Hydro-Jet-blasting-machine-parts-compatible-with-46kpsi-HMA-plunger-6-scaled.jpg\",\"datePublished\":\"2025-09-20T00:58:49+00:00\",\"breadcrumb\":{\"@id\":\"https:\/\/panwinjet.com\/product\/46kpsi-ultra-high-pressure-hydro-jet-blasting-machine-parts-46kpsi-hammelmann-plunger\/#breadcrumb\"},\"inLanguage\":\"fr-FR\",\"potentialAction\":[{\"@type\":\"ReadAction\",\"target\":[\"https:\/\/panwinjet.com\/product\/46kpsi-ultra-high-pressure-hydro-jet-blasting-machine-parts-46kpsi-hammelmann-plunger\/\"]}]},{\"@type\":\"ImageObject\",\"inLanguage\":\"fr-FR\",\"@id\":\"https:\/\/panwinjet.com\/product\/46kpsi-ultra-high-pressure-hydro-jet-blasting-machine-parts-46kpsi-hammelmann-plunger\/#primaryimage\",\"url\":\"https:\/\/panwinjet.com\/wp-content\/uploads\/2025\/09\/46Kpsi-Ultra-high-pressure-Hydro-Jet-blasting-machine-parts-compatible-with-46kpsi-HMA-plunger-6-scaled.jpg\",\"contentUrl\":\"https:\/\/panwinjet.com\/wp-content\/uploads\/2025\/09\/46Kpsi-Ultra-high-pressure-Hydro-Jet-blasting-machine-parts-compatible-with-46kpsi-HMA-plunger-6-scaled.jpg\",\"width\":2560,\"height\":1920},{\"@type\":\"BreadcrumbList\",\"@id\":\"https:\/\/panwinjet.com\/product\/46kpsi-ultra-high-pressure-hydro-jet-blasting-machine-parts-46kpsi-hammelmann-plunger\/#breadcrumb\",\"itemListElement\":[{\"@type\":\"ListItem\",\"position\":1,\"name\":\"\u9996\u9875\",\"item\":\"https:\/\/panwinjet.com\/\"},{\"@type\":\"ListItem\",\"position\":2,\"name\":\"PRODUCT\",\"item\":\"https:\/\/panwinjet.com\/product\/\"},{\"@type\":\"ListItem\",\"position\":3,\"name\":\"46Kpsi Ultra-high pressure Hydro Jet blasting machine parts 46kpsi Hammelmann plunger\"}]},{\"@type\":\"WebSite\",\"@id\":\"https:\/\/panwinjet.com\/#website\",\"url\":\"https:\/\/panwinjet.com\/\",\"name\":\"Panwin Machinery&amp;Equipment\",\"description\":\"Shenzhen Panwin Machinery&amp;Equipment Co.Ltd\",\"potentialAction\":[{\"@type\":\"SearchAction\",\"target\":{\"@type\":\"EntryPoint\",\"urlTemplate\":\"https:\/\/panwinjet.com\/?s={search_term_string}\"},\"query-input\":{\"@type\":\"PropertyValueSpecification\",\"valueRequired\":true,\"valueName\":\"search_term_string\"}}],\"inLanguage\":\"fr-FR\"}]}<\/script>\n<!-- \/ Yoast SEO plugin. -->","yoast_head_json":{"title":"46Kpsi Ultra-high pressure Hydro Jet blasting machine parts 46kpsi Hammelmann plunger - Panwin Machinery&amp;Equipment","robots":{"index":"index","follow":"follow","max-snippet":"max-snippet:-1","max-image-preview":"max-image-preview:large","max-video-preview":"max-video-preview:-1"},"canonical":"https:\/\/panwinjet.com\/fr\/produit\/46kpsi-ultra-high-pressure-hydro-jet-blasting-machine-parts-46kpsi-hammelmann-plunger\/","og_locale":"fr_FR","og_type":"article","og_title":"46Kpsi Ultra-high pressure Hydro Jet blasting machine parts 46kpsi Hammelmann plunger - Panwin Machinery&amp;Equipment","og_description":"Feature And Application of 46Kpsi Ultra-high pressure Hydro Jet blasting machine parts 46kpsi Hammelmannplunger  The 46Kpsi Ultra-high pressure Hydro Jet blasting machine parts 46kpsi Hammelmann plunger is excellent quality material, it is durable. It is featured  A: High grade aerospace level material to made of  B:Precise grinding manufacture process  C:Anti-friction coating manufacture way.  Application:  This 46Kpsi Ultra-high pressure Hydro Jet blasting machine parts 46kpsi Hammelmann plunger is key component of the Hammelmann 46KPSI Pressure rated Pump,it can be used in the general surface cleaning, pipeline tubing cleaning, the heat-exchange cleaning, Hydro Painting &amp;Rust cleaning etc.","og_url":"https:\/\/panwinjet.com\/fr\/produit\/46kpsi-ultra-high-pressure-hydro-jet-blasting-machine-parts-46kpsi-hammelmann-plunger\/","og_site_name":"Panwin Machinery&amp;Equipment","og_image":[{"width":2560,"height":1920,"url":"https:\/\/panwinjet.com\/wp-content\/uploads\/2025\/09\/46Kpsi-Ultra-high-pressure-Hydro-Jet-blasting-machine-parts-compatible-with-46kpsi-HMA-plunger-6-scaled.jpg","type":"image\/jpeg"}],"twitter_card":"summary_large_image","twitter_misc":{"Dur\u00e9e de lecture estim\u00e9e":"1 minute"},"schema":{"@context":"https:\/\/schema.org","@graph":[{"@type":"WebPage","@id":"https:\/\/panwinjet.com\/product\/46kpsi-ultra-high-pressure-hydro-jet-blasting-machine-parts-46kpsi-hammelmann-plunger\/","url":"https:\/\/panwinjet.com\/product\/46kpsi-ultra-high-pressure-hydro-jet-blasting-machine-parts-46kpsi-hammelmann-plunger\/","name":"46Kpsi Ultra-high pressure Hydro Jet blasting machine parts 46kpsi Hammelmann plunger - Panwin Machinery&amp;Equipment","isPartOf":{"@id":"https:\/\/panwinjet.com\/#website"},"primaryImageOfPage":{"@id":"https:\/\/panwinjet.com\/product\/46kpsi-ultra-high-pressure-hydro-jet-blasting-machine-parts-46kpsi-hammelmann-plunger\/#primaryimage"},"image":{"@id":"https:\/\/panwinjet.com\/product\/46kpsi-ultra-high-pressure-hydro-jet-blasting-machine-parts-46kpsi-hammelmann-plunger\/#primaryimage"},"thumbnailUrl":"https:\/\/panwinjet.com\/wp-content\/uploads\/2025\/09\/46Kpsi-Ultra-high-pressure-Hydro-Jet-blasting-machine-parts-compatible-with-46kpsi-HMA-plunger-6-scaled.jpg","datePublished":"2025-09-20T00:58:49+00:00","breadcrumb":{"@id":"https:\/\/panwinjet.com\/product\/46kpsi-ultra-high-pressure-hydro-jet-blasting-machine-parts-46kpsi-hammelmann-plunger\/#breadcrumb"},"inLanguage":"fr-FR","potentialAction":[{"@type":"ReadAction","target":["https:\/\/panwinjet.com\/product\/46kpsi-ultra-high-pressure-hydro-jet-blasting-machine-parts-46kpsi-hammelmann-plunger\/"]}]},{"@type":"ImageObject","inLanguage":"fr-FR","@id":"https:\/\/panwinjet.com\/product\/46kpsi-ultra-high-pressure-hydro-jet-blasting-machine-parts-46kpsi-hammelmann-plunger\/#primaryimage","url":"https:\/\/panwinjet.com\/wp-content\/uploads\/2025\/09\/46Kpsi-Ultra-high-pressure-Hydro-Jet-blasting-machine-parts-compatible-with-46kpsi-HMA-plunger-6-scaled.jpg","contentUrl":"https:\/\/panwinjet.com\/wp-content\/uploads\/2025\/09\/46Kpsi-Ultra-high-pressure-Hydro-Jet-blasting-machine-parts-compatible-with-46kpsi-HMA-plunger-6-scaled.jpg","width":2560,"height":1920},{"@type":"BreadcrumbList","@id":"https:\/\/panwinjet.com\/product\/46kpsi-ultra-high-pressure-hydro-jet-blasting-machine-parts-46kpsi-hammelmann-plunger\/#breadcrumb","itemListElement":[{"@type":"ListItem","position":1,"name":"\u9996\u9875","item":"https:\/\/panwinjet.com\/"},{"@type":"ListItem","position":2,"name":"PRODUCT","item":"https:\/\/panwinjet.com\/product\/"},{"@type":"ListItem","position":3,"name":"46Kpsi Ultra-high pressure Hydro Jet blasting machine parts 46kpsi Hammelmann plunger"}]},{"@type":"WebSite","@id":"https:\/\/panwinjet.com\/#website","url":"https:\/\/panwinjet.com\/","name":"Panwin Machinery&amp;Equipment","description":"Shenzhen Panwin Machinery&amp;Equipment Co.Ltd","potentialAction":[{"@type":"SearchAction","target":{"@type":"EntryPoint","urlTemplate":"https:\/\/panwinjet.com\/?s={search_term_string}"},"query-input":{"@type":"PropertyValueSpecification","valueRequired":true,"valueName":"search_term_string"}}],"inLanguage":"fr-FR"}]}},"_links":{"self":[{"href":"https:\/\/panwinjet.com\/fr\/wp-json\/wp\/v2\/product\/1001","targetHints":{"allow":["GET"]}}],"collection":[{"href":"https:\/\/panwinjet.com\/fr\/wp-json\/wp\/v2\/product"}],"about":[{"href":"https:\/\/panwinjet.com\/fr\/wp-json\/wp\/v2\/types\/product"}],"wp:featuredmedia":[{"embeddable":true,"href":"https:\/\/panwinjet.com\/fr\/wp-json\/wp\/v2\/media\/1004"}],"wp:attachment":[{"href":"https:\/\/panwinjet.com\/fr\/wp-json\/wp\/v2\/media?parent=1001"}],"wp:term":[{"taxonomy":"product_brand","embeddable":true,"href":"https:\/\/panwinjet.com\/fr\/wp-json\/wp\/v2\/product_brand?post=1001"},{"taxonomy":"product_cat","embeddable":true,"href":"https:\/\/panwinjet.com\/fr\/wp-json\/wp\/v2\/product_cat?post=1001"},{"taxonomy":"product_tag","embeddable":true,"href":"https:\/\/panwinjet.com\/fr\/wp-json\/wp\/v2\/product_tag?post=1001"}],"curies":[{"name":"wp","href":"https:\/\/api.w.org\/{rel}","templated":true}]}}