{"id":987,"date":"2025-09-20T00:44:21","date_gmt":"2025-09-20T00:44:21","guid":{"rendered":"https:\/\/panwinjet.com\/?post_type=product&#038;p=987"},"modified":"2025-09-20T00:44:21","modified_gmt":"2025-09-20T00:44:21","slug":"20kpsi-pressure-water-jet-paint-cleaning-machine-parts-4220-plunger","status":"publish","type":"product","link":"https:\/\/panwinjet.com\/es\/producto\/20kpsi-pressure-water-jet-paint-cleaning-machine-parts-4220-plunger\/","title":{"rendered":"Piezas de la m\u00e1quina de limpieza de pintura con chorro de agua a presi\u00f3n de 20 kpsi: \u00e9mbolo 4220"},"content":{"rendered":"<p><strong><b>Piezas de la m\u00e1quina de limpieza de pintura con chorro de agua a presi\u00f3n de 20 kpsi: \u00e9mbolo 4220<\/b><\/strong><\/p>\n<p><strong><b><img decoding=\"async\" class=\"aligncenter size-full wp-image-989 lazyload\" data-src=\"https:\/\/panwinjet.com\/wp-content\/uploads\/2025\/09\/4220-Plunger-\u539f\u59cb\u56fe\u7247-5-scaled.jpg\" alt=\"\" width=\"1920\" height=\"2560\" data-srcset=\"https:\/\/panwinjet.com\/wp-content\/uploads\/2025\/09\/4220-Plunger-\u539f\u59cb\u56fe\u7247-5-scaled.jpg 1920w, https:\/\/panwinjet.com\/wp-content\/uploads\/2025\/09\/4220-Plunger-\u539f\u59cb\u56fe\u7247-5-375x500.jpg 375w, https:\/\/panwinjet.com\/wp-content\/uploads\/2025\/09\/4220-Plunger-\u539f\u59cb\u56fe\u7247-5-900x1200.jpg 900w, https:\/\/panwinjet.com\/wp-content\/uploads\/2025\/09\/4220-Plunger-\u539f\u59cb\u56fe\u7247-5-225x300.jpg 225w, https:\/\/panwinjet.com\/wp-content\/uploads\/2025\/09\/4220-Plunger-\u539f\u59cb\u56fe\u7247-5-768x1024.jpg 768w, https:\/\/panwinjet.com\/wp-content\/uploads\/2025\/09\/4220-Plunger-\u539f\u59cb\u56fe\u7247-5-1152x1536.jpg 1152w, https:\/\/panwinjet.com\/wp-content\/uploads\/2025\/09\/4220-Plunger-\u539f\u59cb\u56fe\u7247-5-1536x2048.jpg 1536w, https:\/\/panwinjet.com\/wp-content\/uploads\/2025\/09\/4220-Plunger-\u539f\u59cb\u56fe\u7247-5-56x75.jpg 56w, https:\/\/panwinjet.com\/wp-content\/uploads\/2025\/09\/4220-Plunger-\u539f\u59cb\u56fe\u7247-5-480x640.jpg 480w, https:\/\/panwinjet.com\/wp-content\/uploads\/2025\/09\/4220-Plunger-\u539f\u59cb\u56fe\u7247-5-800x1067.jpg 800w\" data-sizes=\"(max-width:767px) 480px, (max-width:1920px) 100vw, 1920px\" src=\"data:image\/svg+xml;base64,PHN2ZyB3aWR0aD0iMSIgaGVpZ2h0PSIxIiB4bWxucz0iaHR0cDovL3d3dy53My5vcmcvMjAwMC9zdmciPjwvc3ZnPg==\" style=\"--smush-placeholder-width: 1920px; --smush-placeholder-aspect-ratio: 1920\/2560;\" \/>Introducci\u00f3n de <\/b><\/strong><strong><b>Piezas de la m\u00e1quina de limpieza de pintura con chorro de agua a presi\u00f3n de 20 kpsi: \u00e9mbolo 4220<\/b><\/strong><\/p>\n<p>Estas piezas de la m\u00e1quina de limpieza de pintura con chorro de agua a presi\u00f3n de 20 kpsi de la serie 4220 Plunger se utilizan en los modelos Jetstream de 20 kpsi con clasificaci\u00f3n #8 #9 #10 #11 Plunger, respectivamente compatibles con Jetstream50301, Jetstream51828, Jetstream 52504, Jetstream 54966.<\/p>\n<p>Estos \u00e9mbolos est\u00e1n lubricados con agua, son un anillo de empaque de una sola pieza de alta lubricidad y con \u00e9mbolos de carburo s\u00f3lido y bujes de \u00e9mbolo, tienen un buen rendimiento en una generaci\u00f3n potente y se mantienen estables.<\/p>","protected":false},"excerpt":{"rendered":"<p><strong><b>Par\u00e1metro (Especificaci\u00f3n) de <\/b><\/strong><strong><b>Piezas de la m\u00e1quina de limpieza de pintura con chorro de agua a presi\u00f3n de 20 kpsi: \u00e9mbolo 4220<\/b><\/strong><\/p>\n<p>El <strong><b>Piezas de la m\u00e1quina de limpieza de pintura con chorro de agua a presi\u00f3n de 20 kpsi: \u00e9mbolo 4220<\/b><\/strong>\u00a0Los \u00e9mbolos se sujetan con abrazaderas, no con roscas. Esto garantiza la simplicidad, facilidad de mantenimiento y versatilidad incomparables de la bomba con dise\u00f1o de extremo de fluido. El \u00e9mbolo 4220 est\u00e1 disponible en cuatro modelos: #8, #9, #10 y #11, compatibles con Jetstream 50301, Jetstream 51828, Jetstream 52504 y Jetstream 54966, respectivamente. Esta serie de \u00e9mbolos est\u00e1 fabricada en acero inoxidable de alta calidad y alta resistencia. Ofrecemos \u00e9mbolos y bujes de \u00e9mbolo de carburo s\u00f3lido de alta calidad a nuestros clientes.<\/p>\n<p><strong><b>Caracter\u00edsticas y aplicaciones de <\/b><\/strong><strong><b>Piezas de la m\u00e1quina de limpieza de pintura con chorro de agua a presi\u00f3n de 20 kpsi: \u00e9mbolo 4220<\/b><\/strong><\/p>\n<p>Nosotros, Panwin, le suministramos piezas para m\u00e1quinas de limpieza de pintura con chorro de agua a presi\u00f3n de 20 kpsi. El \u00e9mbolo 4220 tiene un dise\u00f1o innovador y est\u00e1 sujeto con abrazaderas, NO roscado, y este dise\u00f1o de \u00e9mbolo tiene muchas caracter\u00edsticas avanzadas como las mencionadas.<\/p>\n<p>A: \u00c9mbolos sujetos, NO roscados<\/p>\n<p>B: Anillo de empaque de una sola pieza, lubricado con agua y de alta lubricidad<\/p>\n<p>C: \u00c9mbolos y bujes de \u00e9mbolo de carburo s\u00f3lido<\/p>\n<p>Este \u00e9mbolo 4220 tiene cuatro modelos #8, #9, #10, #11, respectivamente compatibles con Jetstream50301, Jetstream51828, Jetstream 52504, Jetstream 54966.<\/p>\n<p>Solicitud:<\/p>\n<p>Las piezas de la m\u00e1quina de limpieza de pintura con chorro de agua a presi\u00f3n de 20 kpsi de la serie 4220 Plunger son las partes de la bomba de \u00e9mbolo triplex 4220, esta poderosa bomba se puede utilizar en la limpieza general de superficies, limpieza de tuber\u00edas, limpieza de intercambio de calor, pintura hidr\u00e1ulica y limpieza de \u00f3xido, etc.<\/p>","protected":false},"featured_media":990,"template":"","meta":[],"product_brand":[],"product_cat":[7],"product_tag":[],"class_list":{"0":"post-987","1":"product","2":"type-product","3":"status-publish","4":"has-post-thumbnail","6":"product_cat-jetstream-pump-fluid-end-compatibe-parts","8":"first","9":"instock","10":"shipping-taxable","11":"product-type-simple"},"yoast_head":"<!-- This site is optimized with the Yoast SEO plugin v24.9 - https:\/\/yoast.com\/wordpress\/plugins\/seo\/ -->\n<title>20kpsi Pressure Water Jet Paint cleaning machine parts 4220 Plunger - Panwin Machinery&amp;Equipment<\/title>\n<meta name=\"robots\" content=\"index, follow, max-snippet:-1, max-image-preview:large, max-video-preview:-1\" \/>\n<link rel=\"canonical\" href=\"https:\/\/panwinjet.com\/es\/producto\/20kpsi-pressure-water-jet-paint-cleaning-machine-parts-4220-plunger\/\" \/>\n<meta property=\"og:locale\" content=\"es_ES\" \/>\n<meta property=\"og:type\" content=\"article\" \/>\n<meta property=\"og:title\" content=\"20kpsi Pressure Water Jet Paint cleaning machine parts 4220 Plunger - Panwin Machinery&amp;Equipment\" \/>\n<meta property=\"og:description\" content=\"Parameter (Specification) of 20kpsi Pressure Water Jet Paint cleaning machine parts 4220 Plunger  The 20kpsi Pressure Water Jet Paint cleaning machine parts 4220 Plunger\u00a0is Plungers clamped, NOT threaded, it is the unparalleled simplicity, serviceability and versatility of fluid end design pump.These 4220 plunger has four models \u00a0#8,#9,#10,#11,respectively compatible with Jetstream50301,Jetstream51828,Jetstream 52504,Jetstream 54966. The plunger series are\u00a0made of Superior and high-duty Stainless Steel. This parts Solid carbide plungers and plunger bushings we have the quality assurance of the high-quality to our customers.  Feature And Application of 20kpsi Pressure Water Jet Paint cleaning machine parts 4220 Plunger  We Panwin Supply you 20kpsi Pressure Water Jet Paint cleaning machine parts 4220 Plunger\u00a0is groundbreaking\u00a0design, and it is Plungers clamped, NOT threaded, and this plunger design have many advance features as mentioned  A:Plungers clamped, NOT threaded  B:Water lubricated, single-piece high-lubricity packing ring  C:Solid carbide plungers and plunger bushings  These 4220 plunger has four models \u00a0#8,#9,#10,#11,respectively compatible with Jetstream50301,Jetstream51828,Jetstream 52504,Jetstream 54966.  Application:  The 20kpsi Pressure Water Jet Paint cleaning machine parts 4220 Plunger\u00a0series are\u00a0the parts of 4220 triplex plunger pump, this powerful pump can be used in the general surface cleaning, pipeline tubing cleaning, the heat-exchange cleaning,\u00a0Hydro\u00a0Painting &amp;Rust cleaning etc.\" \/>\n<meta property=\"og:url\" content=\"https:\/\/panwinjet.com\/es\/producto\/20kpsi-pressure-water-jet-paint-cleaning-machine-parts-4220-plunger\/\" \/>\n<meta property=\"og:site_name\" content=\"Panwin Machinery&amp;Equipment\" \/>\n<meta property=\"og:image\" content=\"https:\/\/panwinjet.com\/wp-content\/uploads\/2025\/09\/IMG_20230424_165842-scaled.jpg\" \/>\n\t<meta property=\"og:image:width\" content=\"1920\" \/>\n\t<meta property=\"og:image:height\" content=\"2560\" \/>\n\t<meta property=\"og:image:type\" content=\"image\/jpeg\" \/>\n<meta name=\"twitter:card\" content=\"summary_large_image\" \/>\n<meta name=\"twitter:label1\" content=\"Tiempo de lectura\" \/>\n\t<meta name=\"twitter:data1\" content=\"1 minuto\" \/>\n<script type=\"application\/ld+json\" class=\"yoast-schema-graph\">{\"@context\":\"https:\/\/schema.org\",\"@graph\":[{\"@type\":\"WebPage\",\"@id\":\"https:\/\/panwinjet.com\/product\/20kpsi-pressure-water-jet-paint-cleaning-machine-parts-4220-plunger\/\",\"url\":\"https:\/\/panwinjet.com\/product\/20kpsi-pressure-water-jet-paint-cleaning-machine-parts-4220-plunger\/\",\"name\":\"20kpsi Pressure Water Jet Paint cleaning machine parts 4220 Plunger - Panwin Machinery&amp;Equipment\",\"isPartOf\":{\"@id\":\"https:\/\/panwinjet.com\/#website\"},\"primaryImageOfPage\":{\"@id\":\"https:\/\/panwinjet.com\/product\/20kpsi-pressure-water-jet-paint-cleaning-machine-parts-4220-plunger\/#primaryimage\"},\"image\":{\"@id\":\"https:\/\/panwinjet.com\/product\/20kpsi-pressure-water-jet-paint-cleaning-machine-parts-4220-plunger\/#primaryimage\"},\"thumbnailUrl\":\"https:\/\/panwinjet.com\/wp-content\/uploads\/2025\/09\/IMG_20230424_165842-scaled.jpg\",\"datePublished\":\"2025-09-20T00:44:21+00:00\",\"breadcrumb\":{\"@id\":\"https:\/\/panwinjet.com\/product\/20kpsi-pressure-water-jet-paint-cleaning-machine-parts-4220-plunger\/#breadcrumb\"},\"inLanguage\":\"es\",\"potentialAction\":[{\"@type\":\"ReadAction\",\"target\":[\"https:\/\/panwinjet.com\/product\/20kpsi-pressure-water-jet-paint-cleaning-machine-parts-4220-plunger\/\"]}]},{\"@type\":\"ImageObject\",\"inLanguage\":\"es\",\"@id\":\"https:\/\/panwinjet.com\/product\/20kpsi-pressure-water-jet-paint-cleaning-machine-parts-4220-plunger\/#primaryimage\",\"url\":\"https:\/\/panwinjet.com\/wp-content\/uploads\/2025\/09\/IMG_20230424_165842-scaled.jpg\",\"contentUrl\":\"https:\/\/panwinjet.com\/wp-content\/uploads\/2025\/09\/IMG_20230424_165842-scaled.jpg\",\"width\":1920,\"height\":2560},{\"@type\":\"BreadcrumbList\",\"@id\":\"https:\/\/panwinjet.com\/product\/20kpsi-pressure-water-jet-paint-cleaning-machine-parts-4220-plunger\/#breadcrumb\",\"itemListElement\":[{\"@type\":\"ListItem\",\"position\":1,\"name\":\"\u9996\u9875\",\"item\":\"https:\/\/panwinjet.com\/\"},{\"@type\":\"ListItem\",\"position\":2,\"name\":\"PRODUCT\",\"item\":\"https:\/\/panwinjet.com\/product\/\"},{\"@type\":\"ListItem\",\"position\":3,\"name\":\"20kpsi Pressure Water Jet Paint cleaning machine parts 4220 Plunger\"}]},{\"@type\":\"WebSite\",\"@id\":\"https:\/\/panwinjet.com\/#website\",\"url\":\"https:\/\/panwinjet.com\/\",\"name\":\"Panwin Machinery&amp;Equipment\",\"description\":\"Shenzhen Panwin Machinery&amp;Equipment Co.Ltd\",\"potentialAction\":[{\"@type\":\"SearchAction\",\"target\":{\"@type\":\"EntryPoint\",\"urlTemplate\":\"https:\/\/panwinjet.com\/?s={search_term_string}\"},\"query-input\":{\"@type\":\"PropertyValueSpecification\",\"valueRequired\":true,\"valueName\":\"search_term_string\"}}],\"inLanguage\":\"es\"}]}<\/script>\n<!-- \/ Yoast SEO plugin. -->","yoast_head_json":{"title":"20kpsi Pressure Water Jet Paint cleaning machine parts 4220 Plunger - Panwin Machinery&amp;Equipment","robots":{"index":"index","follow":"follow","max-snippet":"max-snippet:-1","max-image-preview":"max-image-preview:large","max-video-preview":"max-video-preview:-1"},"canonical":"https:\/\/panwinjet.com\/es\/producto\/20kpsi-pressure-water-jet-paint-cleaning-machine-parts-4220-plunger\/","og_locale":"es_ES","og_type":"article","og_title":"20kpsi Pressure Water Jet Paint cleaning machine parts 4220 Plunger - Panwin Machinery&amp;Equipment","og_description":"Parameter (Specification) of 20kpsi Pressure Water Jet Paint cleaning machine parts 4220 Plunger  The 20kpsi Pressure Water Jet Paint cleaning machine parts 4220 Plunger\u00a0is Plungers clamped, NOT threaded, it is the unparalleled simplicity, serviceability and versatility of fluid end design pump.These 4220 plunger has four models \u00a0#8,#9,#10,#11,respectively compatible with Jetstream50301,Jetstream51828,Jetstream 52504,Jetstream 54966. The plunger series are\u00a0made of Superior and high-duty Stainless Steel. This parts Solid carbide plungers and plunger bushings we have the quality assurance of the high-quality to our customers.  Feature And Application of 20kpsi Pressure Water Jet Paint cleaning machine parts 4220 Plunger  We Panwin Supply you 20kpsi Pressure Water Jet Paint cleaning machine parts 4220 Plunger\u00a0is groundbreaking\u00a0design, and it is Plungers clamped, NOT threaded, and this plunger design have many advance features as mentioned  A:Plungers clamped, NOT threaded  B:Water lubricated, single-piece high-lubricity packing ring  C:Solid carbide plungers and plunger bushings  These 4220 plunger has four models \u00a0#8,#9,#10,#11,respectively compatible with Jetstream50301,Jetstream51828,Jetstream 52504,Jetstream 54966.  Application:  The 20kpsi Pressure Water Jet Paint cleaning machine parts 4220 Plunger\u00a0series are\u00a0the parts of 4220 triplex plunger pump, this powerful pump can be used in the general surface cleaning, pipeline tubing cleaning, the heat-exchange cleaning,\u00a0Hydro\u00a0Painting &amp;Rust cleaning etc.","og_url":"https:\/\/panwinjet.com\/es\/producto\/20kpsi-pressure-water-jet-paint-cleaning-machine-parts-4220-plunger\/","og_site_name":"Panwin Machinery&amp;Equipment","og_image":[{"width":1920,"height":2560,"url":"https:\/\/panwinjet.com\/wp-content\/uploads\/2025\/09\/IMG_20230424_165842-scaled.jpg","type":"image\/jpeg"}],"twitter_card":"summary_large_image","twitter_misc":{"Tiempo de lectura":"1 minuto"},"schema":{"@context":"https:\/\/schema.org","@graph":[{"@type":"WebPage","@id":"https:\/\/panwinjet.com\/product\/20kpsi-pressure-water-jet-paint-cleaning-machine-parts-4220-plunger\/","url":"https:\/\/panwinjet.com\/product\/20kpsi-pressure-water-jet-paint-cleaning-machine-parts-4220-plunger\/","name":"20kpsi Pressure Water Jet Paint cleaning machine parts 4220 Plunger - Panwin Machinery&amp;Equipment","isPartOf":{"@id":"https:\/\/panwinjet.com\/#website"},"primaryImageOfPage":{"@id":"https:\/\/panwinjet.com\/product\/20kpsi-pressure-water-jet-paint-cleaning-machine-parts-4220-plunger\/#primaryimage"},"image":{"@id":"https:\/\/panwinjet.com\/product\/20kpsi-pressure-water-jet-paint-cleaning-machine-parts-4220-plunger\/#primaryimage"},"thumbnailUrl":"https:\/\/panwinjet.com\/wp-content\/uploads\/2025\/09\/IMG_20230424_165842-scaled.jpg","datePublished":"2025-09-20T00:44:21+00:00","breadcrumb":{"@id":"https:\/\/panwinjet.com\/product\/20kpsi-pressure-water-jet-paint-cleaning-machine-parts-4220-plunger\/#breadcrumb"},"inLanguage":"es","potentialAction":[{"@type":"ReadAction","target":["https:\/\/panwinjet.com\/product\/20kpsi-pressure-water-jet-paint-cleaning-machine-parts-4220-plunger\/"]}]},{"@type":"ImageObject","inLanguage":"es","@id":"https:\/\/panwinjet.com\/product\/20kpsi-pressure-water-jet-paint-cleaning-machine-parts-4220-plunger\/#primaryimage","url":"https:\/\/panwinjet.com\/wp-content\/uploads\/2025\/09\/IMG_20230424_165842-scaled.jpg","contentUrl":"https:\/\/panwinjet.com\/wp-content\/uploads\/2025\/09\/IMG_20230424_165842-scaled.jpg","width":1920,"height":2560},{"@type":"BreadcrumbList","@id":"https:\/\/panwinjet.com\/product\/20kpsi-pressure-water-jet-paint-cleaning-machine-parts-4220-plunger\/#breadcrumb","itemListElement":[{"@type":"ListItem","position":1,"name":"\u9996\u9875","item":"https:\/\/panwinjet.com\/"},{"@type":"ListItem","position":2,"name":"PRODUCT","item":"https:\/\/panwinjet.com\/product\/"},{"@type":"ListItem","position":3,"name":"20kpsi Pressure Water Jet Paint cleaning machine parts 4220 Plunger"}]},{"@type":"WebSite","@id":"https:\/\/panwinjet.com\/#website","url":"https:\/\/panwinjet.com\/","name":"Panwin Machinery&amp;Equipment","description":"Shenzhen Panwin Machinery&amp;Equipment Co.Ltd","potentialAction":[{"@type":"SearchAction","target":{"@type":"EntryPoint","urlTemplate":"https:\/\/panwinjet.com\/?s={search_term_string}"},"query-input":{"@type":"PropertyValueSpecification","valueRequired":true,"valueName":"search_term_string"}}],"inLanguage":"es"}]}},"_links":{"self":[{"href":"https:\/\/panwinjet.com\/es\/wp-json\/wp\/v2\/product\/987","targetHints":{"allow":["GET"]}}],"collection":[{"href":"https:\/\/panwinjet.com\/es\/wp-json\/wp\/v2\/product"}],"about":[{"href":"https:\/\/panwinjet.com\/es\/wp-json\/wp\/v2\/types\/product"}],"wp:featuredmedia":[{"embeddable":true,"href":"https:\/\/panwinjet.com\/es\/wp-json\/wp\/v2\/media\/990"}],"wp:attachment":[{"href":"https:\/\/panwinjet.com\/es\/wp-json\/wp\/v2\/media?parent=987"}],"wp:term":[{"taxonomy":"product_brand","embeddable":true,"href":"https:\/\/panwinjet.com\/es\/wp-json\/wp\/v2\/product_brand?post=987"},{"taxonomy":"product_cat","embeddable":true,"href":"https:\/\/panwinjet.com\/es\/wp-json\/wp\/v2\/product_cat?post=987"},{"taxonomy":"product_tag","embeddable":true,"href":"https:\/\/panwinjet.com\/es\/wp-json\/wp\/v2\/product_tag?post=987"}],"curies":[{"name":"wp","href":"https:\/\/api.w.org\/{rel}","templated":true}]}}