{"id":982,"date":"2025-09-20T00:39:02","date_gmt":"2025-09-20T00:39:02","guid":{"rendered":"https:\/\/panwinjet.com\/?post_type=product&#038;p=982"},"modified":"2025-09-20T00:39:02","modified_gmt":"2025-09-20T00:39:02","slug":"20000psi-pressure-water-jet-surface-cleaning-machine-components-4220-stuffing-box-sleeve-seal","status":"publish","type":"product","link":"https:\/\/panwinjet.com\/es\/producto\/20000psi-pressure-water-jet-surface-cleaning-machine-components-4220-stuffing-box-sleeve-seal\/","title":{"rendered":"Componentes de la m\u00e1quina de limpieza de superficies con chorro de agua a presi\u00f3n de 20000 psi: junta de manguito de la caja de empaquetadura 4220."},"content":{"rendered":"<p><strong><b>Componentes de la m\u00e1quina de limpieza de superficies con chorro de agua a presi\u00f3n de 20000 psi: junta de manguito de la caja de empaquetadura 4220.<\/b><\/strong><\/p>\n<p><strong><b>\u00a0Introducci\u00f3n de <\/b><\/strong><strong><b>Componentes de la m\u00e1quina de limpieza de superficies con chorro de agua a presi\u00f3n de 20000 psi: junta de manguito de la caja de empaquetadura 4220.<\/b><\/strong><\/p>\n<p><strong><b>Le suministramos el <\/b><\/strong><strong><b>Componentes de la m\u00e1quina de limpieza de superficies con chorro de agua a presi\u00f3n de 20000 psi: junta de manguito de la caja de empaquetadura 4220.<\/b><\/strong><strong><b>Contiene el sello y el manguito para una presi\u00f3n nominal de 4220 20Kpsi, es compatible con las cajas de empaquetadura modelos #8, #9, #10 y #11, y esta serie es compatible con JS 51857, 51826, 52509 y 55877.<\/b><\/strong><\/p>","protected":false},"excerpt":{"rendered":"<p><strong><b>2. Par\u00e1metros del producto (especificaci\u00f3n) <\/b><\/strong><strong><b>Componentes de la m\u00e1quina de limpieza de superficies con chorro de agua a presi\u00f3n de 20000 psi: junta de manguito de la caja de empaquetadura 4220.<\/b><\/strong><\/p>\n<p>El sello de manguito de la caja de empaquetadura 4220, componente de la m\u00e1quina de limpieza de superficies por chorro de agua a presi\u00f3n de 20000 psi, es compatible con la bomba JS 4220 de 20 kpsi y con los modelos #8, #9, #10 y #11. Su sellado de alta calidad garantiza una estanqueidad \u00f3ptima, una carrera estable y un excelente efecto de chorro. Tambi\u00e9n es compatible con los modelos JS 51857, 51826, 52509 y 55877.<\/p>\n<p>&nbsp;<\/p>\n<p>&nbsp;<\/p>\n<p>&nbsp;<\/p>\n<p>&nbsp;<\/p>\n<p>&nbsp;<\/p>\n<p><strong><b>\u00a0Caracter\u00edsticas y aplicaciones de <\/b><\/strong><strong><b>Componentes de la m\u00e1quina de limpieza de superficies con chorro de agua a presi\u00f3n de 20000 psi: junta de manguito de la caja de empaquetadura 4220.<\/b><\/strong><\/p>\n<p>Este componente de la m\u00e1quina de limpieza de superficies por chorro de agua a presi\u00f3n de 20000 psi, que incluye el sello de manguito de la caja de empaquetadura 4220, se aplica a la bomba JS de 20 kpsi. El sello est\u00e1 fabricado con material de alta densidad y el manguito con acero inoxidable de alta calidad. Es compatible con los modelos #8, #9, #10 y #11, y con las referencias JS 51857, 51826, 52509 y 55877.<img decoding=\"async\" class=\"aligncenter size-full wp-image-986 lazyload\" data-src=\"https:\/\/panwinjet.com\/wp-content\/uploads\/2025\/09\/4220-Seal-Box.png\" alt=\"\" width=\"390\" height=\"142\" data-srcset=\"https:\/\/panwinjet.com\/wp-content\/uploads\/2025\/09\/4220-Seal-Box.png 390w, https:\/\/panwinjet.com\/wp-content\/uploads\/2025\/09\/4220-Seal-Box-300x109.png 300w, https:\/\/panwinjet.com\/wp-content\/uploads\/2025\/09\/4220-Seal-Box-150x55.png 150w\" data-sizes=\"(max-width:767px) 390px, 390px\" src=\"data:image\/svg+xml;base64,PHN2ZyB3aWR0aD0iMSIgaGVpZ2h0PSIxIiB4bWxucz0iaHR0cDovL3d3dy53My5vcmcvMjAwMC9zdmciPjwvc3ZnPg==\" style=\"--smush-placeholder-width: 390px; --smush-placeholder-aspect-ratio: 390\/142;\" \/><\/p>\n<p>JS 4220 es una bomba de chorro de agua con dise\u00f1o de \u00e9mbolo triplex con una potencia de entrada de 190 a 325 caballos de fuerza (142 a 252 kW), es la simplicidad, facilidad de servicio y versatilidad incomparables de la bomba de dise\u00f1o de extremo de fluido, con un caudal m\u00e1ximo de 96 lpm a una presi\u00f3n nominal de 20 kpsi, esta bomba de tasa de presi\u00f3n de 20 kpsi es la bomba m\u00e1s potente a un nivel de presi\u00f3n de 20 kpsi.<\/p>\n<p>La caracter\u00edstica de ventaja como se menciona a continuaci\u00f3n:<\/p>\n<p>La caracter\u00edstica ventajosa:<\/p>\n<p>Servicio sencillo: pr\u00e1ctico cambio de cartucho de 20k mediante v\u00e1lvula de extracci\u00f3n.<\/p>\n<p>Dise\u00f1o sencillo: Menos piezas que otros extremos de fluido de 20k.<\/p>\n<p>\u00c9mbolos y casquillos de \u00e9mbolo de carburo s\u00f3lido<\/p>\n<p><strong><b>Solicitud:<\/b><\/strong><\/p>\n<p>Los componentes de la m\u00e1quina de limpieza de superficies con chorro de agua a presi\u00f3n de 20000 psi, serie 4220 de sellos de manguito de caja de empaquetadura, son partes de la bomba de \u00e9mbolo triplex 4220. Esta potente bomba se puede utilizar ampliamente en la limpieza de superficies, la limpieza de tuber\u00edas, la limpieza de intercambiadores de calor, la pintura hidrost\u00e1tica y la limpieza de \u00f3xido, etc.<\/p>","protected":false},"featured_media":983,"template":"","meta":[],"product_brand":[],"product_cat":[7],"product_tag":[],"class_list":{"0":"post-982","1":"product","2":"type-product","3":"status-publish","4":"has-post-thumbnail","6":"product_cat-jetstream-pump-fluid-end-compatibe-parts","8":"first","9":"instock","10":"shipping-taxable","11":"product-type-simple"},"yoast_head":"<!-- This site is optimized with the Yoast SEO plugin v24.9 - https:\/\/yoast.com\/wordpress\/plugins\/seo\/ -->\n<title>20000psi Pressure Water Jet Surface cleaning machine components 4220 Stuffing Box Sleeve Seal - Panwin Machinery&amp;Equipment<\/title>\n<meta name=\"robots\" content=\"index, follow, max-snippet:-1, max-image-preview:large, max-video-preview:-1\" \/>\n<link rel=\"canonical\" href=\"https:\/\/panwinjet.com\/es\/producto\/20000psi-pressure-water-jet-surface-cleaning-machine-components-4220-stuffing-box-sleeve-seal\/\" \/>\n<meta property=\"og:locale\" content=\"es_ES\" \/>\n<meta property=\"og:type\" content=\"article\" \/>\n<meta property=\"og:title\" content=\"20000psi Pressure Water Jet Surface cleaning machine components 4220 Stuffing Box Sleeve Seal - Panwin Machinery&amp;Equipment\" \/>\n<meta property=\"og:description\" content=\"2.Product Parameter (Specification) of 20000psi Pressure Water Jet Surface cleaning machine components 4220 Stuffing Box Sleeve Seal  The 20000psi Pressure Water Jet Surface cleaning machine components 4220 Stuffing Box Sleeve Seal\u00a0are for the JS\u00a04220 20Kpsi pressure rated pump, it fits for 4 Type models, #8,#9,#10, #11, they are made high-quality sealing, it can keep tight sealing while stroke stable and perform good blasting effect. It is compatible with the JS\u00a051857,51826,52509,55877.  &nbsp;  &nbsp;  &nbsp;  &nbsp;  &nbsp;  \u00a0Feature And Application of 20000psi Pressure Water Jet Surface cleaning machine components 4220 Stuffing Box Sleeve Seal  This 20000psi Pressure Water Jet Surface cleaning machine components 4220 Stuffing Box Sleeve Seal\u00a0are applied to the JS\u00a020kpsi pressure rated pump, the sealing are made of high-density material and the sleeve made of high-quality stainless steel. it fits for 4 Type models, #8,#9,#10, #11, and they are\u00a0compatible with the JS\u00a051857,51826,52509,55877.  JS\u00a04220 is triplex plunger design Water blast pump power with input 190 to 325 Horsepower (142 to 252 kW), it is the unparalleled simplicity, serviceability and versatility of fluid end design pump, with Max Flow rate 96lpm at 20kpsi pressure rated, this 20kpsi pressure rate pump is most powerful pump at 20kpsi pressure level.  The advantage feature as mentioned following:  The advantage characteristic:  Easy service: convenient pop-out valve 20k cartridge change  simplicity design: Fewer parts than other 20k Fluid Ends.  Solid carbide plungers and plunger bushings  Application:  The 20000psi Pressure Water Jet Surface cleaning machine components 4220 Stuffing Box Sleeve Seal\u00a0series are\u00a0the parts of 4220 triplex plunger pump, this powerful pump can be used vastly in surface\u00a0cleaning,pipeline\u00a0tubing cleaning, the heat-exchange cleaning,\u00a0Hydro\u00a0Painting &amp;Rust cleaning etc.\" \/>\n<meta property=\"og:url\" content=\"https:\/\/panwinjet.com\/es\/producto\/20000psi-pressure-water-jet-surface-cleaning-machine-components-4220-stuffing-box-sleeve-seal\/\" \/>\n<meta property=\"og:site_name\" content=\"Panwin Machinery&amp;Equipment\" \/>\n<meta property=\"og:image\" content=\"https:\/\/panwinjet.com\/wp-content\/uploads\/2025\/09\/4220-Stuffing-Box-Sleeve-Sealing-5-scaled.jpg\" \/>\n\t<meta property=\"og:image:width\" content=\"1920\" \/>\n\t<meta property=\"og:image:height\" content=\"2560\" \/>\n\t<meta property=\"og:image:type\" content=\"image\/jpeg\" \/>\n<meta name=\"twitter:card\" content=\"summary_large_image\" \/>\n<meta name=\"twitter:label1\" content=\"Tiempo de lectura\" \/>\n\t<meta name=\"twitter:data1\" content=\"1 minuto\" \/>\n<script type=\"application\/ld+json\" class=\"yoast-schema-graph\">{\"@context\":\"https:\/\/schema.org\",\"@graph\":[{\"@type\":\"WebPage\",\"@id\":\"https:\/\/panwinjet.com\/product\/20000psi-pressure-water-jet-surface-cleaning-machine-components-4220-stuffing-box-sleeve-seal\/\",\"url\":\"https:\/\/panwinjet.com\/product\/20000psi-pressure-water-jet-surface-cleaning-machine-components-4220-stuffing-box-sleeve-seal\/\",\"name\":\"20000psi Pressure Water Jet Surface cleaning machine components 4220 Stuffing Box Sleeve Seal - Panwin Machinery&amp;Equipment\",\"isPartOf\":{\"@id\":\"https:\/\/panwinjet.com\/#website\"},\"primaryImageOfPage\":{\"@id\":\"https:\/\/panwinjet.com\/product\/20000psi-pressure-water-jet-surface-cleaning-machine-components-4220-stuffing-box-sleeve-seal\/#primaryimage\"},\"image\":{\"@id\":\"https:\/\/panwinjet.com\/product\/20000psi-pressure-water-jet-surface-cleaning-machine-components-4220-stuffing-box-sleeve-seal\/#primaryimage\"},\"thumbnailUrl\":\"https:\/\/panwinjet.com\/wp-content\/uploads\/2025\/09\/4220-Stuffing-Box-Sleeve-Sealing-5-scaled.jpg\",\"datePublished\":\"2025-09-20T00:39:02+00:00\",\"breadcrumb\":{\"@id\":\"https:\/\/panwinjet.com\/product\/20000psi-pressure-water-jet-surface-cleaning-machine-components-4220-stuffing-box-sleeve-seal\/#breadcrumb\"},\"inLanguage\":\"es\",\"potentialAction\":[{\"@type\":\"ReadAction\",\"target\":[\"https:\/\/panwinjet.com\/product\/20000psi-pressure-water-jet-surface-cleaning-machine-components-4220-stuffing-box-sleeve-seal\/\"]}]},{\"@type\":\"ImageObject\",\"inLanguage\":\"es\",\"@id\":\"https:\/\/panwinjet.com\/product\/20000psi-pressure-water-jet-surface-cleaning-machine-components-4220-stuffing-box-sleeve-seal\/#primaryimage\",\"url\":\"https:\/\/panwinjet.com\/wp-content\/uploads\/2025\/09\/4220-Stuffing-Box-Sleeve-Sealing-5-scaled.jpg\",\"contentUrl\":\"https:\/\/panwinjet.com\/wp-content\/uploads\/2025\/09\/4220-Stuffing-Box-Sleeve-Sealing-5-scaled.jpg\",\"width\":1920,\"height\":2560,\"caption\":\"Jetstream51857 51826,52509-55877\"},{\"@type\":\"BreadcrumbList\",\"@id\":\"https:\/\/panwinjet.com\/product\/20000psi-pressure-water-jet-surface-cleaning-machine-components-4220-stuffing-box-sleeve-seal\/#breadcrumb\",\"itemListElement\":[{\"@type\":\"ListItem\",\"position\":1,\"name\":\"\u9996\u9875\",\"item\":\"https:\/\/panwinjet.com\/\"},{\"@type\":\"ListItem\",\"position\":2,\"name\":\"PRODUCT\",\"item\":\"https:\/\/panwinjet.com\/product\/\"},{\"@type\":\"ListItem\",\"position\":3,\"name\":\"20000psi Pressure Water Jet Surface cleaning machine components 4220 Stuffing Box Sleeve Seal\"}]},{\"@type\":\"WebSite\",\"@id\":\"https:\/\/panwinjet.com\/#website\",\"url\":\"https:\/\/panwinjet.com\/\",\"name\":\"Panwin Machinery&amp;Equipment\",\"description\":\"Shenzhen Panwin Machinery&amp;Equipment Co.Ltd\",\"potentialAction\":[{\"@type\":\"SearchAction\",\"target\":{\"@type\":\"EntryPoint\",\"urlTemplate\":\"https:\/\/panwinjet.com\/?s={search_term_string}\"},\"query-input\":{\"@type\":\"PropertyValueSpecification\",\"valueRequired\":true,\"valueName\":\"search_term_string\"}}],\"inLanguage\":\"es\"}]}<\/script>\n<!-- \/ Yoast SEO plugin. -->","yoast_head_json":{"title":"20000psi Pressure Water Jet Surface cleaning machine components 4220 Stuffing Box Sleeve Seal - Panwin Machinery&amp;Equipment","robots":{"index":"index","follow":"follow","max-snippet":"max-snippet:-1","max-image-preview":"max-image-preview:large","max-video-preview":"max-video-preview:-1"},"canonical":"https:\/\/panwinjet.com\/es\/producto\/20000psi-pressure-water-jet-surface-cleaning-machine-components-4220-stuffing-box-sleeve-seal\/","og_locale":"es_ES","og_type":"article","og_title":"20000psi Pressure Water Jet Surface cleaning machine components 4220 Stuffing Box Sleeve Seal - Panwin Machinery&amp;Equipment","og_description":"2.Product Parameter (Specification) of 20000psi Pressure Water Jet Surface cleaning machine components 4220 Stuffing Box Sleeve Seal  The 20000psi Pressure Water Jet Surface cleaning machine components 4220 Stuffing Box Sleeve Seal\u00a0are for the JS\u00a04220 20Kpsi pressure rated pump, it fits for 4 Type models, #8,#9,#10, #11, they are made high-quality sealing, it can keep tight sealing while stroke stable and perform good blasting effect. It is compatible with the JS\u00a051857,51826,52509,55877.  &nbsp;  &nbsp;  &nbsp;  &nbsp;  &nbsp;  \u00a0Feature And Application of 20000psi Pressure Water Jet Surface cleaning machine components 4220 Stuffing Box Sleeve Seal  This 20000psi Pressure Water Jet Surface cleaning machine components 4220 Stuffing Box Sleeve Seal\u00a0are applied to the JS\u00a020kpsi pressure rated pump, the sealing are made of high-density material and the sleeve made of high-quality stainless steel. it fits for 4 Type models, #8,#9,#10, #11, and they are\u00a0compatible with the JS\u00a051857,51826,52509,55877.  JS\u00a04220 is triplex plunger design Water blast pump power with input 190 to 325 Horsepower (142 to 252 kW), it is the unparalleled simplicity, serviceability and versatility of fluid end design pump, with Max Flow rate 96lpm at 20kpsi pressure rated, this 20kpsi pressure rate pump is most powerful pump at 20kpsi pressure level.  The advantage feature as mentioned following:  The advantage characteristic:  Easy service: convenient pop-out valve 20k cartridge change  simplicity design: Fewer parts than other 20k Fluid Ends.  Solid carbide plungers and plunger bushings  Application:  The 20000psi Pressure Water Jet Surface cleaning machine components 4220 Stuffing Box Sleeve Seal\u00a0series are\u00a0the parts of 4220 triplex plunger pump, this powerful pump can be used vastly in surface\u00a0cleaning,pipeline\u00a0tubing cleaning, the heat-exchange cleaning,\u00a0Hydro\u00a0Painting &amp;Rust cleaning etc.","og_url":"https:\/\/panwinjet.com\/es\/producto\/20000psi-pressure-water-jet-surface-cleaning-machine-components-4220-stuffing-box-sleeve-seal\/","og_site_name":"Panwin Machinery&amp;Equipment","og_image":[{"width":1920,"height":2560,"url":"https:\/\/panwinjet.com\/wp-content\/uploads\/2025\/09\/4220-Stuffing-Box-Sleeve-Sealing-5-scaled.jpg","type":"image\/jpeg"}],"twitter_card":"summary_large_image","twitter_misc":{"Tiempo de lectura":"1 minuto"},"schema":{"@context":"https:\/\/schema.org","@graph":[{"@type":"WebPage","@id":"https:\/\/panwinjet.com\/product\/20000psi-pressure-water-jet-surface-cleaning-machine-components-4220-stuffing-box-sleeve-seal\/","url":"https:\/\/panwinjet.com\/product\/20000psi-pressure-water-jet-surface-cleaning-machine-components-4220-stuffing-box-sleeve-seal\/","name":"20000psi Pressure Water Jet Surface cleaning machine components 4220 Stuffing Box Sleeve Seal - Panwin Machinery&amp;Equipment","isPartOf":{"@id":"https:\/\/panwinjet.com\/#website"},"primaryImageOfPage":{"@id":"https:\/\/panwinjet.com\/product\/20000psi-pressure-water-jet-surface-cleaning-machine-components-4220-stuffing-box-sleeve-seal\/#primaryimage"},"image":{"@id":"https:\/\/panwinjet.com\/product\/20000psi-pressure-water-jet-surface-cleaning-machine-components-4220-stuffing-box-sleeve-seal\/#primaryimage"},"thumbnailUrl":"https:\/\/panwinjet.com\/wp-content\/uploads\/2025\/09\/4220-Stuffing-Box-Sleeve-Sealing-5-scaled.jpg","datePublished":"2025-09-20T00:39:02+00:00","breadcrumb":{"@id":"https:\/\/panwinjet.com\/product\/20000psi-pressure-water-jet-surface-cleaning-machine-components-4220-stuffing-box-sleeve-seal\/#breadcrumb"},"inLanguage":"es","potentialAction":[{"@type":"ReadAction","target":["https:\/\/panwinjet.com\/product\/20000psi-pressure-water-jet-surface-cleaning-machine-components-4220-stuffing-box-sleeve-seal\/"]}]},{"@type":"ImageObject","inLanguage":"es","@id":"https:\/\/panwinjet.com\/product\/20000psi-pressure-water-jet-surface-cleaning-machine-components-4220-stuffing-box-sleeve-seal\/#primaryimage","url":"https:\/\/panwinjet.com\/wp-content\/uploads\/2025\/09\/4220-Stuffing-Box-Sleeve-Sealing-5-scaled.jpg","contentUrl":"https:\/\/panwinjet.com\/wp-content\/uploads\/2025\/09\/4220-Stuffing-Box-Sleeve-Sealing-5-scaled.jpg","width":1920,"height":2560,"caption":"Jetstream51857 51826,52509-55877"},{"@type":"BreadcrumbList","@id":"https:\/\/panwinjet.com\/product\/20000psi-pressure-water-jet-surface-cleaning-machine-components-4220-stuffing-box-sleeve-seal\/#breadcrumb","itemListElement":[{"@type":"ListItem","position":1,"name":"\u9996\u9875","item":"https:\/\/panwinjet.com\/"},{"@type":"ListItem","position":2,"name":"PRODUCT","item":"https:\/\/panwinjet.com\/product\/"},{"@type":"ListItem","position":3,"name":"20000psi Pressure Water Jet Surface cleaning machine components 4220 Stuffing Box Sleeve Seal"}]},{"@type":"WebSite","@id":"https:\/\/panwinjet.com\/#website","url":"https:\/\/panwinjet.com\/","name":"Panwin Machinery&amp;Equipment","description":"Shenzhen Panwin Machinery&amp;Equipment Co.Ltd","potentialAction":[{"@type":"SearchAction","target":{"@type":"EntryPoint","urlTemplate":"https:\/\/panwinjet.com\/?s={search_term_string}"},"query-input":{"@type":"PropertyValueSpecification","valueRequired":true,"valueName":"search_term_string"}}],"inLanguage":"es"}]}},"_links":{"self":[{"href":"https:\/\/panwinjet.com\/es\/wp-json\/wp\/v2\/product\/982","targetHints":{"allow":["GET"]}}],"collection":[{"href":"https:\/\/panwinjet.com\/es\/wp-json\/wp\/v2\/product"}],"about":[{"href":"https:\/\/panwinjet.com\/es\/wp-json\/wp\/v2\/types\/product"}],"wp:featuredmedia":[{"embeddable":true,"href":"https:\/\/panwinjet.com\/es\/wp-json\/wp\/v2\/media\/983"}],"wp:attachment":[{"href":"https:\/\/panwinjet.com\/es\/wp-json\/wp\/v2\/media?parent=982"}],"wp:term":[{"taxonomy":"product_brand","embeddable":true,"href":"https:\/\/panwinjet.com\/es\/wp-json\/wp\/v2\/product_brand?post=982"},{"taxonomy":"product_cat","embeddable":true,"href":"https:\/\/panwinjet.com\/es\/wp-json\/wp\/v2\/product_cat?post=982"},{"taxonomy":"product_tag","embeddable":true,"href":"https:\/\/panwinjet.com\/es\/wp-json\/wp\/v2\/product_tag?post=982"}],"curies":[{"name":"wp","href":"https:\/\/api.w.org\/{rel}","templated":true}]}}