{"id":970,"date":"2025-09-20T00:29:46","date_gmt":"2025-09-20T00:29:46","guid":{"rendered":"https:\/\/panwinjet.com\/?post_type=product&#038;p=970"},"modified":"2025-09-20T00:30:10","modified_gmt":"2025-09-20T00:30:10","slug":"ultra-high-pressure-hydro-jet-cleaning-machine-4220-uni-valve-accessories","status":"publish","type":"product","link":"https:\/\/panwinjet.com\/es\/producto\/ultra-high-pressure-hydro-jet-cleaning-machine-4220-uni-valve-accessories\/","title":{"rendered":"M\u00e1quina de limpieza por chorro de agua a ultra alta presi\u00f3n 4220 Accesorios Uni-Valve"},"content":{"rendered":"<p><strong><b>M\u00e1quina de limpieza por chorro de agua a ultra alta presi\u00f3n 4220 Accesorios Uni-Valve<\/b><\/strong><\/p>\n<p><strong><b>Introducci\u00f3n de producto de <\/b><\/strong><strong><b>M\u00e1quina de limpieza por chorro de agua a ultra alta presi\u00f3n 4220 Accesorios Uni-Valve<\/b><\/strong><\/p>\n<p>Los accesorios Uni-Valve de la m\u00e1quina de limpieza por chorro de agua de ultra alta presi\u00f3n 4220 son piezas de repuesto de la Uni-Valve JS 4220 con una tasa de presi\u00f3n de 20 kpsi. Contiene un kit de sello Uni-Valve, compatible con Jetstream 50465, un resorte de succi\u00f3n, compatible con Jetstream 26549, un anillo de retenci\u00f3n compatible con Jetstream 51814, un resorte de retenci\u00f3n compatible con Jetstream 26546 y una v\u00e1lvula de succi\u00f3n compatible con Jetstream 51813.<img decoding=\"async\" class=\"aligncenter size-full wp-image-976 lazyload\" data-src=\"https:\/\/panwinjet.com\/wp-content\/uploads\/2025\/09\/Package-2.jpg\" alt=\"\" width=\"1279\" height=\"1706\" data-srcset=\"https:\/\/panwinjet.com\/wp-content\/uploads\/2025\/09\/Package-2.jpg 1279w, https:\/\/panwinjet.com\/wp-content\/uploads\/2025\/09\/Package-2-375x500.jpg 375w, https:\/\/panwinjet.com\/wp-content\/uploads\/2025\/09\/Package-2-900x1200.jpg 900w, https:\/\/panwinjet.com\/wp-content\/uploads\/2025\/09\/Package-2-225x300.jpg 225w, https:\/\/panwinjet.com\/wp-content\/uploads\/2025\/09\/Package-2-768x1024.jpg 768w, https:\/\/panwinjet.com\/wp-content\/uploads\/2025\/09\/Package-2-1152x1536.jpg 1152w, https:\/\/panwinjet.com\/wp-content\/uploads\/2025\/09\/Package-2-56x75.jpg 56w, https:\/\/panwinjet.com\/wp-content\/uploads\/2025\/09\/Package-2-480x640.jpg 480w, https:\/\/panwinjet.com\/wp-content\/uploads\/2025\/09\/Package-2-800x1067.jpg 800w\" data-sizes=\"(max-width:767px) 480px, (max-width:1279px) 100vw, 1279px\" src=\"data:image\/svg+xml;base64,PHN2ZyB3aWR0aD0iMSIgaGVpZ2h0PSIxIiB4bWxucz0iaHR0cDovL3d3dy53My5vcmcvMjAwMC9zdmciPjwvc3ZnPg==\" style=\"--smush-placeholder-width: 1279px; --smush-placeholder-aspect-ratio: 1279\/1706;\" \/><\/p>","protected":false},"excerpt":{"rendered":"<p><strong><b>Caracter\u00edsticas y aplicaciones del producto <\/b><\/strong><strong><b>M\u00e1quina de limpieza por chorro de agua a ultra alta presi\u00f3n 4220 Accesorios Uni-Valve<\/b><\/strong><\/p>\n<p><strong><b>El <\/b><\/strong><strong><b>M\u00e1quina de limpieza por chorro de agua a ultra alta presi\u00f3n 4220 Accesorios Uni-Valve<\/b><\/strong><\/p>\n<p><strong><b>Son piezas de repuesto importantes de la v\u00e1lvula Uni-Valve de presi\u00f3n nominal de 20 Kpsi. La v\u00e1lvula Uni-Valve de 20 Kpsi es la<\/b><\/strong>Dise\u00f1o de rieles, tiene caracter\u00edsticas avanzadas de f\u00e1cil servicio y ahorro de tiempo, como mencionamos a continuaci\u00f3n:<\/p>\n<p>Las caracter\u00edsticas ventajosas son:<\/p>\n<p>Servicio f\u00e1cil: reemplazo de embalaje en pocos minutos<\/p>\n<p>Dise\u00f1o simple: el cartucho Uni Valve incluye v\u00e1lvula de succi\u00f3n y descarga, asiento, etc. en uno.<\/p>\n<p>Versatilidad en la conversi\u00f3n: Conexi\u00f3n vers\u00e1til con otras piezas para ahorrar tiempo.<\/p>\n<p><strong><b>Solicitud:<\/b><\/strong><\/p>\n<p>M\u00e1quina de limpieza por chorro de agua a presi\u00f3n ultraalta 4220 Accesorios Uni-Valve<\/p>\n<p>son las piezas de reparaci\u00f3n esenciales de 4220 20kpsir Rate Uni-Valve, esta poderosa bomba se puede utilizar en la limpieza general de superficies, limpieza de tuber\u00edas, limpieza de intercambio de calor, pintura hidr\u00e1ulica y limpieza de \u00f3xido, etc.<\/p>","protected":false},"featured_media":973,"template":"","meta":[],"product_brand":[],"product_cat":[7],"product_tag":[],"class_list":{"0":"post-970","1":"product","2":"type-product","3":"status-publish","4":"has-post-thumbnail","6":"product_cat-jetstream-pump-fluid-end-compatibe-parts","8":"first","9":"instock","10":"shipping-taxable","11":"product-type-simple"},"yoast_head":"<!-- This site is optimized with the Yoast SEO plugin v24.9 - https:\/\/yoast.com\/wordpress\/plugins\/seo\/ -->\n<title>Ultra-high Pressure hydro Jet cleaning machine 4220 Uni-Valve Accessories - Panwin Machinery&amp;Equipment<\/title>\n<meta name=\"robots\" content=\"index, follow, max-snippet:-1, max-image-preview:large, max-video-preview:-1\" \/>\n<link rel=\"canonical\" href=\"https:\/\/panwinjet.com\/es\/producto\/ultra-high-pressure-hydro-jet-cleaning-machine-4220-uni-valve-accessories\/\" \/>\n<meta property=\"og:locale\" content=\"es_ES\" \/>\n<meta property=\"og:type\" content=\"article\" \/>\n<meta property=\"og:title\" content=\"Ultra-high Pressure hydro Jet cleaning machine 4220 Uni-Valve Accessories - Panwin Machinery&amp;Equipment\" \/>\n<meta property=\"og:description\" content=\"Product Feature And Application of Ultra-high Pressure hydro Jet cleaning machine 4220 Uni-Valve Accessories  The Ultra-high Pressure hydro Jet cleaning machine 4220 Uni-Valve Accessories  Are important replace parts of the 20Kpsi rated pressure Uni-Valve, 20Kpsi Uni-Valve is trailblazing\u00a0design, it has the advance features of easy-service and time-saving features, as we mentioned as follow:  The advantage features:  Easy service: Few minute packing replace  simplicity design: Uni Valve cartridge include suction&amp;Discharge Valve,seat etc in ones.  Versatility in conversion: Versatile connection with other parts for time-saving.  Application:  The\u00a0Ultra-high Pressure hydro Jet cleaning machine 4220 Uni-Valve Accessories  are the essential\u00a0repair parts of 4220 20kpsir Rate Uni-Valve, this powerful pump can be used in the general surface cleaning, pipeline tubing cleaning, the heat-exchange cleaning,\u00a0Hydro\u00a0Painting &amp;Rust cleaning etc.\" \/>\n<meta property=\"og:url\" content=\"https:\/\/panwinjet.com\/es\/producto\/ultra-high-pressure-hydro-jet-cleaning-machine-4220-uni-valve-accessories\/\" \/>\n<meta property=\"og:site_name\" content=\"Panwin Machinery&amp;Equipment\" \/>\n<meta property=\"article:modified_time\" content=\"2025-09-20T00:30:10+00:00\" \/>\n<meta property=\"og:image\" content=\"https:\/\/panwinjet.com\/wp-content\/uploads\/2025\/09\/IMG_20230424_171907-scaled.jpg\" \/>\n\t<meta property=\"og:image:width\" content=\"1920\" \/>\n\t<meta property=\"og:image:height\" content=\"2560\" \/>\n\t<meta property=\"og:image:type\" content=\"image\/jpeg\" \/>\n<meta name=\"twitter:card\" content=\"summary_large_image\" \/>\n<meta name=\"twitter:label1\" content=\"Tiempo de lectura\" \/>\n\t<meta name=\"twitter:data1\" content=\"1 minuto\" \/>\n<script type=\"application\/ld+json\" class=\"yoast-schema-graph\">{\"@context\":\"https:\/\/schema.org\",\"@graph\":[{\"@type\":\"WebPage\",\"@id\":\"https:\/\/panwinjet.com\/product\/ultra-high-pressure-hydro-jet-cleaning-machine-4220-uni-valve-accessories\/\",\"url\":\"https:\/\/panwinjet.com\/product\/ultra-high-pressure-hydro-jet-cleaning-machine-4220-uni-valve-accessories\/\",\"name\":\"Ultra-high Pressure hydro Jet cleaning machine 4220 Uni-Valve Accessories - Panwin Machinery&amp;Equipment\",\"isPartOf\":{\"@id\":\"https:\/\/panwinjet.com\/#website\"},\"primaryImageOfPage\":{\"@id\":\"https:\/\/panwinjet.com\/product\/ultra-high-pressure-hydro-jet-cleaning-machine-4220-uni-valve-accessories\/#primaryimage\"},\"image\":{\"@id\":\"https:\/\/panwinjet.com\/product\/ultra-high-pressure-hydro-jet-cleaning-machine-4220-uni-valve-accessories\/#primaryimage\"},\"thumbnailUrl\":\"https:\/\/panwinjet.com\/wp-content\/uploads\/2025\/09\/IMG_20230424_171907-scaled.jpg\",\"datePublished\":\"2025-09-20T00:29:46+00:00\",\"dateModified\":\"2025-09-20T00:30:10+00:00\",\"breadcrumb\":{\"@id\":\"https:\/\/panwinjet.com\/product\/ultra-high-pressure-hydro-jet-cleaning-machine-4220-uni-valve-accessories\/#breadcrumb\"},\"inLanguage\":\"es\",\"potentialAction\":[{\"@type\":\"ReadAction\",\"target\":[\"https:\/\/panwinjet.com\/product\/ultra-high-pressure-hydro-jet-cleaning-machine-4220-uni-valve-accessories\/\"]}]},{\"@type\":\"ImageObject\",\"inLanguage\":\"es\",\"@id\":\"https:\/\/panwinjet.com\/product\/ultra-high-pressure-hydro-jet-cleaning-machine-4220-uni-valve-accessories\/#primaryimage\",\"url\":\"https:\/\/panwinjet.com\/wp-content\/uploads\/2025\/09\/IMG_20230424_171907-scaled.jpg\",\"contentUrl\":\"https:\/\/panwinjet.com\/wp-content\/uploads\/2025\/09\/IMG_20230424_171907-scaled.jpg\",\"width\":1920,\"height\":2560},{\"@type\":\"BreadcrumbList\",\"@id\":\"https:\/\/panwinjet.com\/product\/ultra-high-pressure-hydro-jet-cleaning-machine-4220-uni-valve-accessories\/#breadcrumb\",\"itemListElement\":[{\"@type\":\"ListItem\",\"position\":1,\"name\":\"\u9996\u9875\",\"item\":\"https:\/\/panwinjet.com\/\"},{\"@type\":\"ListItem\",\"position\":2,\"name\":\"PRODUCT\",\"item\":\"https:\/\/panwinjet.com\/product\/\"},{\"@type\":\"ListItem\",\"position\":3,\"name\":\"Ultra-high Pressure hydro Jet cleaning machine 4220 Uni-Valve Accessories\"}]},{\"@type\":\"WebSite\",\"@id\":\"https:\/\/panwinjet.com\/#website\",\"url\":\"https:\/\/panwinjet.com\/\",\"name\":\"Panwin Machinery&amp;Equipment\",\"description\":\"Shenzhen Panwin Machinery&amp;Equipment Co.Ltd\",\"potentialAction\":[{\"@type\":\"SearchAction\",\"target\":{\"@type\":\"EntryPoint\",\"urlTemplate\":\"https:\/\/panwinjet.com\/?s={search_term_string}\"},\"query-input\":{\"@type\":\"PropertyValueSpecification\",\"valueRequired\":true,\"valueName\":\"search_term_string\"}}],\"inLanguage\":\"es\"}]}<\/script>\n<!-- \/ Yoast SEO plugin. -->","yoast_head_json":{"title":"Ultra-high Pressure hydro Jet cleaning machine 4220 Uni-Valve Accessories - Panwin Machinery&amp;Equipment","robots":{"index":"index","follow":"follow","max-snippet":"max-snippet:-1","max-image-preview":"max-image-preview:large","max-video-preview":"max-video-preview:-1"},"canonical":"https:\/\/panwinjet.com\/es\/producto\/ultra-high-pressure-hydro-jet-cleaning-machine-4220-uni-valve-accessories\/","og_locale":"es_ES","og_type":"article","og_title":"Ultra-high Pressure hydro Jet cleaning machine 4220 Uni-Valve Accessories - Panwin Machinery&amp;Equipment","og_description":"Product Feature And Application of Ultra-high Pressure hydro Jet cleaning machine 4220 Uni-Valve Accessories  The Ultra-high Pressure hydro Jet cleaning machine 4220 Uni-Valve Accessories  Are important replace parts of the 20Kpsi rated pressure Uni-Valve, 20Kpsi Uni-Valve is trailblazing\u00a0design, it has the advance features of easy-service and time-saving features, as we mentioned as follow:  The advantage features:  Easy service: Few minute packing replace  simplicity design: Uni Valve cartridge include suction&amp;Discharge Valve,seat etc in ones.  Versatility in conversion: Versatile connection with other parts for time-saving.  Application:  The\u00a0Ultra-high Pressure hydro Jet cleaning machine 4220 Uni-Valve Accessories  are the essential\u00a0repair parts of 4220 20kpsir Rate Uni-Valve, this powerful pump can be used in the general surface cleaning, pipeline tubing cleaning, the heat-exchange cleaning,\u00a0Hydro\u00a0Painting &amp;Rust cleaning etc.","og_url":"https:\/\/panwinjet.com\/es\/producto\/ultra-high-pressure-hydro-jet-cleaning-machine-4220-uni-valve-accessories\/","og_site_name":"Panwin Machinery&amp;Equipment","article_modified_time":"2025-09-20T00:30:10+00:00","og_image":[{"width":1920,"height":2560,"url":"https:\/\/panwinjet.com\/wp-content\/uploads\/2025\/09\/IMG_20230424_171907-scaled.jpg","type":"image\/jpeg"}],"twitter_card":"summary_large_image","twitter_misc":{"Tiempo de lectura":"1 minuto"},"schema":{"@context":"https:\/\/schema.org","@graph":[{"@type":"WebPage","@id":"https:\/\/panwinjet.com\/product\/ultra-high-pressure-hydro-jet-cleaning-machine-4220-uni-valve-accessories\/","url":"https:\/\/panwinjet.com\/product\/ultra-high-pressure-hydro-jet-cleaning-machine-4220-uni-valve-accessories\/","name":"Ultra-high Pressure hydro Jet cleaning machine 4220 Uni-Valve Accessories - Panwin Machinery&amp;Equipment","isPartOf":{"@id":"https:\/\/panwinjet.com\/#website"},"primaryImageOfPage":{"@id":"https:\/\/panwinjet.com\/product\/ultra-high-pressure-hydro-jet-cleaning-machine-4220-uni-valve-accessories\/#primaryimage"},"image":{"@id":"https:\/\/panwinjet.com\/product\/ultra-high-pressure-hydro-jet-cleaning-machine-4220-uni-valve-accessories\/#primaryimage"},"thumbnailUrl":"https:\/\/panwinjet.com\/wp-content\/uploads\/2025\/09\/IMG_20230424_171907-scaled.jpg","datePublished":"2025-09-20T00:29:46+00:00","dateModified":"2025-09-20T00:30:10+00:00","breadcrumb":{"@id":"https:\/\/panwinjet.com\/product\/ultra-high-pressure-hydro-jet-cleaning-machine-4220-uni-valve-accessories\/#breadcrumb"},"inLanguage":"es","potentialAction":[{"@type":"ReadAction","target":["https:\/\/panwinjet.com\/product\/ultra-high-pressure-hydro-jet-cleaning-machine-4220-uni-valve-accessories\/"]}]},{"@type":"ImageObject","inLanguage":"es","@id":"https:\/\/panwinjet.com\/product\/ultra-high-pressure-hydro-jet-cleaning-machine-4220-uni-valve-accessories\/#primaryimage","url":"https:\/\/panwinjet.com\/wp-content\/uploads\/2025\/09\/IMG_20230424_171907-scaled.jpg","contentUrl":"https:\/\/panwinjet.com\/wp-content\/uploads\/2025\/09\/IMG_20230424_171907-scaled.jpg","width":1920,"height":2560},{"@type":"BreadcrumbList","@id":"https:\/\/panwinjet.com\/product\/ultra-high-pressure-hydro-jet-cleaning-machine-4220-uni-valve-accessories\/#breadcrumb","itemListElement":[{"@type":"ListItem","position":1,"name":"\u9996\u9875","item":"https:\/\/panwinjet.com\/"},{"@type":"ListItem","position":2,"name":"PRODUCT","item":"https:\/\/panwinjet.com\/product\/"},{"@type":"ListItem","position":3,"name":"Ultra-high Pressure hydro Jet cleaning machine 4220 Uni-Valve Accessories"}]},{"@type":"WebSite","@id":"https:\/\/panwinjet.com\/#website","url":"https:\/\/panwinjet.com\/","name":"Panwin Machinery&amp;Equipment","description":"Shenzhen Panwin Machinery&amp;Equipment Co.Ltd","potentialAction":[{"@type":"SearchAction","target":{"@type":"EntryPoint","urlTemplate":"https:\/\/panwinjet.com\/?s={search_term_string}"},"query-input":{"@type":"PropertyValueSpecification","valueRequired":true,"valueName":"search_term_string"}}],"inLanguage":"es"}]}},"_links":{"self":[{"href":"https:\/\/panwinjet.com\/es\/wp-json\/wp\/v2\/product\/970","targetHints":{"allow":["GET"]}}],"collection":[{"href":"https:\/\/panwinjet.com\/es\/wp-json\/wp\/v2\/product"}],"about":[{"href":"https:\/\/panwinjet.com\/es\/wp-json\/wp\/v2\/types\/product"}],"wp:featuredmedia":[{"embeddable":true,"href":"https:\/\/panwinjet.com\/es\/wp-json\/wp\/v2\/media\/973"}],"wp:attachment":[{"href":"https:\/\/panwinjet.com\/es\/wp-json\/wp\/v2\/media?parent=970"}],"wp:term":[{"taxonomy":"product_brand","embeddable":true,"href":"https:\/\/panwinjet.com\/es\/wp-json\/wp\/v2\/product_brand?post=970"},{"taxonomy":"product_cat","embeddable":true,"href":"https:\/\/panwinjet.com\/es\/wp-json\/wp\/v2\/product_cat?post=970"},{"taxonomy":"product_tag","embeddable":true,"href":"https:\/\/panwinjet.com\/es\/wp-json\/wp\/v2\/product_tag?post=970"}],"curies":[{"name":"wp","href":"https:\/\/api.w.org\/{rel}","templated":true}]}}