{"id":961,"date":"2025-09-20T00:22:07","date_gmt":"2025-09-20T00:22:07","guid":{"rendered":"https:\/\/panwinjet.com\/?post_type=product&#038;p=961"},"modified":"2025-09-20T00:22:07","modified_gmt":"2025-09-20T00:22:07","slug":"15000psi-pressure-water-jet-industry-cleaning-machine-parts-150k-uni-valve","status":"publish","type":"product","link":"https:\/\/panwinjet.com\/es\/producto\/15000psi-pressure-water-jet-industry-cleaning-machine-parts-150k-uni-valve\/","title":{"rendered":"Piezas para m\u00e1quina de limpieza industrial con chorro de agua a presi\u00f3n de 15000 psi, v\u00e1lvula Uni-valve de 150k"},"content":{"rendered":"<p><strong><b><img decoding=\"async\" class=\"aligncenter size-full wp-image-966 lazyload\" data-src=\"https:\/\/panwinjet.com\/wp-content\/uploads\/2025\/09\/15K-Uni-Valve-Cartridge-\u7ed3\u6784\u56fe-JS52870.png\" alt=\"\" width=\"929\" height=\"655\" data-srcset=\"https:\/\/panwinjet.com\/wp-content\/uploads\/2025\/09\/15K-Uni-Valve-Cartridge-\u7ed3\u6784\u56fe-JS52870.png 929w, https:\/\/panwinjet.com\/wp-content\/uploads\/2025\/09\/15K-Uni-Valve-Cartridge-\u7ed3\u6784\u56fe-JS52870-500x353.png 500w, https:\/\/panwinjet.com\/wp-content\/uploads\/2025\/09\/15K-Uni-Valve-Cartridge-\u7ed3\u6784\u56fe-JS52870-300x212.png 300w, https:\/\/panwinjet.com\/wp-content\/uploads\/2025\/09\/15K-Uni-Valve-Cartridge-\u7ed3\u6784\u56fe-JS52870-768x541.png 768w, https:\/\/panwinjet.com\/wp-content\/uploads\/2025\/09\/15K-Uni-Valve-Cartridge-\u7ed3\u6784\u56fe-JS52870-106x75.png 106w, https:\/\/panwinjet.com\/wp-content\/uploads\/2025\/09\/15K-Uni-Valve-Cartridge-\u7ed3\u6784\u56fe-JS52870-480x338.png 480w, https:\/\/panwinjet.com\/wp-content\/uploads\/2025\/09\/15K-Uni-Valve-Cartridge-\u7ed3\u6784\u56fe-JS52870-800x564.png 800w\" data-sizes=\"(max-width:767px) 480px, (max-width:929px) 100vw, 929px\" src=\"data:image\/svg+xml;base64,PHN2ZyB3aWR0aD0iMSIgaGVpZ2h0PSIxIiB4bWxucz0iaHR0cDovL3d3dy53My5vcmcvMjAwMC9zdmciPjwvc3ZnPg==\" style=\"--smush-placeholder-width: 929px; --smush-placeholder-aspect-ratio: 929\/655;\" \/>Introducci\u00f3n de producto de <\/b><\/strong><strong><b>Piezas para m\u00e1quina de limpieza industrial con chorro de agua a presi\u00f3n de 15000 psi, v\u00e1lvula Uni-valve de 150k<\/b><\/strong><strong><b>\u00a0Cartucho<\/b><\/strong><\/p>\n<p>El conjunto de cartucho Uni-valve 150k para m\u00e1quinas de limpieza industrial con chorro de agua a presi\u00f3n de 15000 psi, para bombas JS Fluid End, es un componente clave para un rendimiento estable y un mantenimiento sencillo. Es compatible con JS 52870.<\/p>\n<p>El conjunto de v\u00e1lvula unidireccional Panwin JST 15KPSI est\u00e1 fabricado en acero inoxidable de alta calidad, con una mano de obra superior y una calidad excelente; esta v\u00e1lvula unidireccional es duradera y fiable.<\/p>","protected":false},"excerpt":{"rendered":"<p><strong><b><img decoding=\"async\" class=\"aligncenter size-full wp-image-968 lazyload\" data-src=\"https:\/\/panwinjet.com\/wp-content\/uploads\/2025\/09\/15k-Uni-Valve.png\" alt=\"\" width=\"729\" height=\"410\" data-srcset=\"https:\/\/panwinjet.com\/wp-content\/uploads\/2025\/09\/15k-Uni-Valve.png 729w, https:\/\/panwinjet.com\/wp-content\/uploads\/2025\/09\/15k-Uni-Valve-500x281.png 500w, https:\/\/panwinjet.com\/wp-content\/uploads\/2025\/09\/15k-Uni-Valve-300x169.png 300w, https:\/\/panwinjet.com\/wp-content\/uploads\/2025\/09\/15k-Uni-Valve-133x75.png 133w, https:\/\/panwinjet.com\/wp-content\/uploads\/2025\/09\/15k-Uni-Valve-480x270.png 480w\" data-sizes=\"(max-width:767px) 480px, 729px\" src=\"data:image\/svg+xml;base64,PHN2ZyB3aWR0aD0iMSIgaGVpZ2h0PSIxIiB4bWxucz0iaHR0cDovL3d3dy53My5vcmcvMjAwMC9zdmciPjwvc3ZnPg==\" style=\"--smush-placeholder-width: 729px; --smush-placeholder-aspect-ratio: 729\/410;\" \/>Par\u00e1metro del producto (especificaci\u00f3n) de <\/b><\/strong><strong><b>Piezas para m\u00e1quina de limpieza industrial con chorro de agua a presi\u00f3n de 15000 psi, v\u00e1lvula Uni-valve de 150k<\/b><\/strong><strong><b>\u00a0Cartucho<\/b><\/strong><\/p>\n<p>El conjunto de cartucho Uni-valve 150k para m\u00e1quinas de limpieza industrial con chorro de agua a presi\u00f3n Panwin de 15000 psi est\u00e1 fabricado con acero inoxidable de alta calidad, mano de obra superior y excelente calidad, y esta v\u00e1lvula Uni es duradera y confiable.<\/p>\n<p>A: Acero inoxidable de primera calidad<\/p>\n<p>B: Artesano de primera clase<\/p>\n<p>C: Tolerancia de sellado compacto<\/p>\n<p>&nbsp;<\/p>\n<p><strong><b>3. Caracter\u00edsticas y aplicaciones del producto <\/b><\/strong><strong><b>Piezas para m\u00e1quina de limpieza industrial con chorro de agua a presi\u00f3n de 15000 psi, v\u00e1lvula Uni-valve de 150k<\/b><\/strong><strong><b>\u00a0Cartucho <\/b><\/strong><\/p>\n<p>Este cartucho Uni-valve 150k para m\u00e1quinas de limpieza industrial con chorro de agua a presi\u00f3n de 15000 psi tiene un dise\u00f1o \u00fanico y magistral que garantiza un excelente rendimiento y un f\u00e1cil mantenimiento. Sus caracter\u00edsticas funcionales avanzadas se detallan a continuaci\u00f3n:<\/p>\n<p>A: V\u00e1lvulas combinadas de succi\u00f3n y descarga en una sola pieza aut\u00f3noma<\/p>\n<p>B: Ajuste deslizante para un f\u00e1cil mantenimiento<\/p>\n<p>C: El dise\u00f1o en l\u00ednea minimiza la turbulencia.<\/p>\n<p><strong><b>Solicitud:<\/b><\/strong><\/p>\n<p>Este cartucho Uni-valve 150k, pieza de la m\u00e1quina de limpieza industrial por chorro de agua a presi\u00f3n de 15000 psi, se aplica a la bomba JS Fluid End; es un componente clave de dise\u00f1o avanzado.<\/p>\n<p>La bomba se puede usar ampliamente en la limpieza de superficies, limpieza de tanques y recipientes, limpieza de pintura automotriz, limpieza de la industria minera, limpieza de fabricaci\u00f3n de acero, industria de la construcci\u00f3n, etc.<\/p>","protected":false},"featured_media":963,"template":"","meta":[],"product_brand":[],"product_cat":[7],"product_tag":[],"class_list":{"0":"post-961","1":"product","2":"type-product","3":"status-publish","4":"has-post-thumbnail","6":"product_cat-jetstream-pump-fluid-end-compatibe-parts","8":"first","9":"instock","10":"shipping-taxable","11":"product-type-simple"},"yoast_head":"<!-- This site is optimized with the Yoast SEO plugin v24.9 - https:\/\/yoast.com\/wordpress\/plugins\/seo\/ -->\n<title>15000psi Pressure Water Jet industry cleaning machine parts 150k Uni-valve - Panwin Machinery&amp;Equipment<\/title>\n<meta name=\"robots\" content=\"index, follow, max-snippet:-1, max-image-preview:large, max-video-preview:-1\" \/>\n<link rel=\"canonical\" href=\"https:\/\/panwinjet.com\/es\/producto\/15000psi-pressure-water-jet-industry-cleaning-machine-parts-150k-uni-valve\/\" \/>\n<meta property=\"og:locale\" content=\"es_ES\" \/>\n<meta property=\"og:type\" content=\"article\" \/>\n<meta property=\"og:title\" content=\"15000psi Pressure Water Jet industry cleaning machine parts 150k Uni-valve - Panwin Machinery&amp;Equipment\" \/>\n<meta property=\"og:description\" content=\"Product Parameter (Specification) of 15000psi Pressure Water Jet industry cleaning machine parts 150k Uni-valve\u00a0Cartridge  Panwin 15000psi Pressure Water Jet industry cleaning machine parts 150k Uni-valve\u00a0Cartridge\u00a0Assembly\u00a0is made of High-classed\u00a0quality stainless steel, superior\u00a0craftsmanship and excellent quality, and this Uni Valve is durable and\u00a0reliable.  A:Premium quality stainless steel  B: High-class craftsman  C:Compact Sealing tolerance  &nbsp;  3.Product Feature And Application of 15000psi Pressure Water Jet industry cleaning machine parts 150k Uni-valve\u00a0Cartridge   This 15000psi Pressure Water Jet industry cleaning machine parts 150k Uni-valve\u00a0Cartridge is unique and masterpiece design for excellent performance and easy-service, it is functionally advanced in details as follows:  A:\u00a0Combined suction and discharge\u00a0valves in one self-contained part  B: Slip fit for easy maintenance  C:In-line design minimizes turbulence  Application:  This 15000psi Pressure Water Jet industry cleaning machine parts 150k Uni-valve\u00a0Cartridge\u00a0is applied to JS Fluid End pump, it is the key components and advanced design.  the pump can be widely used in surface cleaning,Tank&amp;Vessel Cleaning,Automotive Painting cleaning,Mining industry cleaning,Steel manufacture cleaning, Construction industry\u00a0et\" \/>\n<meta property=\"og:url\" content=\"https:\/\/panwinjet.com\/es\/producto\/15000psi-pressure-water-jet-industry-cleaning-machine-parts-150k-uni-valve\/\" \/>\n<meta property=\"og:site_name\" content=\"Panwin Machinery&amp;Equipment\" \/>\n<meta property=\"og:image\" content=\"https:\/\/panwinjet.com\/wp-content\/uploads\/2025\/09\/15K-Uni-Valve-52870-5-scaled.jpg\" \/>\n\t<meta property=\"og:image:width\" content=\"1920\" \/>\n\t<meta property=\"og:image:height\" content=\"2560\" \/>\n\t<meta property=\"og:image:type\" content=\"image\/jpeg\" \/>\n<meta name=\"twitter:card\" content=\"summary_large_image\" \/>\n<meta name=\"twitter:label1\" content=\"Tiempo de lectura\" \/>\n\t<meta name=\"twitter:data1\" content=\"1 minuto\" \/>\n<script type=\"application\/ld+json\" class=\"yoast-schema-graph\">{\"@context\":\"https:\/\/schema.org\",\"@graph\":[{\"@type\":\"WebPage\",\"@id\":\"https:\/\/panwinjet.com\/product\/15000psi-pressure-water-jet-industry-cleaning-machine-parts-150k-uni-valve\/\",\"url\":\"https:\/\/panwinjet.com\/product\/15000psi-pressure-water-jet-industry-cleaning-machine-parts-150k-uni-valve\/\",\"name\":\"15000psi Pressure Water Jet industry cleaning machine parts 150k Uni-valve - Panwin Machinery&amp;Equipment\",\"isPartOf\":{\"@id\":\"https:\/\/panwinjet.com\/#website\"},\"primaryImageOfPage\":{\"@id\":\"https:\/\/panwinjet.com\/product\/15000psi-pressure-water-jet-industry-cleaning-machine-parts-150k-uni-valve\/#primaryimage\"},\"image\":{\"@id\":\"https:\/\/panwinjet.com\/product\/15000psi-pressure-water-jet-industry-cleaning-machine-parts-150k-uni-valve\/#primaryimage\"},\"thumbnailUrl\":\"https:\/\/panwinjet.com\/wp-content\/uploads\/2025\/09\/15K-Uni-Valve-52870-5-scaled.jpg\",\"datePublished\":\"2025-09-20T00:22:07+00:00\",\"breadcrumb\":{\"@id\":\"https:\/\/panwinjet.com\/product\/15000psi-pressure-water-jet-industry-cleaning-machine-parts-150k-uni-valve\/#breadcrumb\"},\"inLanguage\":\"es\",\"potentialAction\":[{\"@type\":\"ReadAction\",\"target\":[\"https:\/\/panwinjet.com\/product\/15000psi-pressure-water-jet-industry-cleaning-machine-parts-150k-uni-valve\/\"]}]},{\"@type\":\"ImageObject\",\"inLanguage\":\"es\",\"@id\":\"https:\/\/panwinjet.com\/product\/15000psi-pressure-water-jet-industry-cleaning-machine-parts-150k-uni-valve\/#primaryimage\",\"url\":\"https:\/\/panwinjet.com\/wp-content\/uploads\/2025\/09\/15K-Uni-Valve-52870-5-scaled.jpg\",\"contentUrl\":\"https:\/\/panwinjet.com\/wp-content\/uploads\/2025\/09\/15K-Uni-Valve-52870-5-scaled.jpg\",\"width\":1920,\"height\":2560,\"caption\":\"compatible Jetstream 52870\"},{\"@type\":\"BreadcrumbList\",\"@id\":\"https:\/\/panwinjet.com\/product\/15000psi-pressure-water-jet-industry-cleaning-machine-parts-150k-uni-valve\/#breadcrumb\",\"itemListElement\":[{\"@type\":\"ListItem\",\"position\":1,\"name\":\"\u9996\u9875\",\"item\":\"https:\/\/panwinjet.com\/\"},{\"@type\":\"ListItem\",\"position\":2,\"name\":\"PRODUCT\",\"item\":\"https:\/\/panwinjet.com\/product\/\"},{\"@type\":\"ListItem\",\"position\":3,\"name\":\"15000psi Pressure Water Jet industry cleaning machine parts 150k Uni-valve\"}]},{\"@type\":\"WebSite\",\"@id\":\"https:\/\/panwinjet.com\/#website\",\"url\":\"https:\/\/panwinjet.com\/\",\"name\":\"Panwin Machinery&amp;Equipment\",\"description\":\"Shenzhen Panwin Machinery&amp;Equipment Co.Ltd\",\"potentialAction\":[{\"@type\":\"SearchAction\",\"target\":{\"@type\":\"EntryPoint\",\"urlTemplate\":\"https:\/\/panwinjet.com\/?s={search_term_string}\"},\"query-input\":{\"@type\":\"PropertyValueSpecification\",\"valueRequired\":true,\"valueName\":\"search_term_string\"}}],\"inLanguage\":\"es\"}]}<\/script>\n<!-- \/ Yoast SEO plugin. -->","yoast_head_json":{"title":"15000psi Pressure Water Jet industry cleaning machine parts 150k Uni-valve - Panwin Machinery&amp;Equipment","robots":{"index":"index","follow":"follow","max-snippet":"max-snippet:-1","max-image-preview":"max-image-preview:large","max-video-preview":"max-video-preview:-1"},"canonical":"https:\/\/panwinjet.com\/es\/producto\/15000psi-pressure-water-jet-industry-cleaning-machine-parts-150k-uni-valve\/","og_locale":"es_ES","og_type":"article","og_title":"15000psi Pressure Water Jet industry cleaning machine parts 150k Uni-valve - Panwin Machinery&amp;Equipment","og_description":"Product Parameter (Specification) of 15000psi Pressure Water Jet industry cleaning machine parts 150k Uni-valve\u00a0Cartridge  Panwin 15000psi Pressure Water Jet industry cleaning machine parts 150k Uni-valve\u00a0Cartridge\u00a0Assembly\u00a0is made of High-classed\u00a0quality stainless steel, superior\u00a0craftsmanship and excellent quality, and this Uni Valve is durable and\u00a0reliable.  A:Premium quality stainless steel  B: High-class craftsman  C:Compact Sealing tolerance  &nbsp;  3.Product Feature And Application of 15000psi Pressure Water Jet industry cleaning machine parts 150k Uni-valve\u00a0Cartridge   This 15000psi Pressure Water Jet industry cleaning machine parts 150k Uni-valve\u00a0Cartridge is unique and masterpiece design for excellent performance and easy-service, it is functionally advanced in details as follows:  A:\u00a0Combined suction and discharge\u00a0valves in one self-contained part  B: Slip fit for easy maintenance  C:In-line design minimizes turbulence  Application:  This 15000psi Pressure Water Jet industry cleaning machine parts 150k Uni-valve\u00a0Cartridge\u00a0is applied to JS Fluid End pump, it is the key components and advanced design.  the pump can be widely used in surface cleaning,Tank&amp;Vessel Cleaning,Automotive Painting cleaning,Mining industry cleaning,Steel manufacture cleaning, Construction industry\u00a0et","og_url":"https:\/\/panwinjet.com\/es\/producto\/15000psi-pressure-water-jet-industry-cleaning-machine-parts-150k-uni-valve\/","og_site_name":"Panwin Machinery&amp;Equipment","og_image":[{"width":1920,"height":2560,"url":"https:\/\/panwinjet.com\/wp-content\/uploads\/2025\/09\/15K-Uni-Valve-52870-5-scaled.jpg","type":"image\/jpeg"}],"twitter_card":"summary_large_image","twitter_misc":{"Tiempo de lectura":"1 minuto"},"schema":{"@context":"https:\/\/schema.org","@graph":[{"@type":"WebPage","@id":"https:\/\/panwinjet.com\/product\/15000psi-pressure-water-jet-industry-cleaning-machine-parts-150k-uni-valve\/","url":"https:\/\/panwinjet.com\/product\/15000psi-pressure-water-jet-industry-cleaning-machine-parts-150k-uni-valve\/","name":"15000psi Pressure Water Jet industry cleaning machine parts 150k Uni-valve - Panwin Machinery&amp;Equipment","isPartOf":{"@id":"https:\/\/panwinjet.com\/#website"},"primaryImageOfPage":{"@id":"https:\/\/panwinjet.com\/product\/15000psi-pressure-water-jet-industry-cleaning-machine-parts-150k-uni-valve\/#primaryimage"},"image":{"@id":"https:\/\/panwinjet.com\/product\/15000psi-pressure-water-jet-industry-cleaning-machine-parts-150k-uni-valve\/#primaryimage"},"thumbnailUrl":"https:\/\/panwinjet.com\/wp-content\/uploads\/2025\/09\/15K-Uni-Valve-52870-5-scaled.jpg","datePublished":"2025-09-20T00:22:07+00:00","breadcrumb":{"@id":"https:\/\/panwinjet.com\/product\/15000psi-pressure-water-jet-industry-cleaning-machine-parts-150k-uni-valve\/#breadcrumb"},"inLanguage":"es","potentialAction":[{"@type":"ReadAction","target":["https:\/\/panwinjet.com\/product\/15000psi-pressure-water-jet-industry-cleaning-machine-parts-150k-uni-valve\/"]}]},{"@type":"ImageObject","inLanguage":"es","@id":"https:\/\/panwinjet.com\/product\/15000psi-pressure-water-jet-industry-cleaning-machine-parts-150k-uni-valve\/#primaryimage","url":"https:\/\/panwinjet.com\/wp-content\/uploads\/2025\/09\/15K-Uni-Valve-52870-5-scaled.jpg","contentUrl":"https:\/\/panwinjet.com\/wp-content\/uploads\/2025\/09\/15K-Uni-Valve-52870-5-scaled.jpg","width":1920,"height":2560,"caption":"compatible Jetstream 52870"},{"@type":"BreadcrumbList","@id":"https:\/\/panwinjet.com\/product\/15000psi-pressure-water-jet-industry-cleaning-machine-parts-150k-uni-valve\/#breadcrumb","itemListElement":[{"@type":"ListItem","position":1,"name":"\u9996\u9875","item":"https:\/\/panwinjet.com\/"},{"@type":"ListItem","position":2,"name":"PRODUCT","item":"https:\/\/panwinjet.com\/product\/"},{"@type":"ListItem","position":3,"name":"15000psi Pressure Water Jet industry cleaning machine parts 150k Uni-valve"}]},{"@type":"WebSite","@id":"https:\/\/panwinjet.com\/#website","url":"https:\/\/panwinjet.com\/","name":"Panwin Machinery&amp;Equipment","description":"Shenzhen Panwin Machinery&amp;Equipment Co.Ltd","potentialAction":[{"@type":"SearchAction","target":{"@type":"EntryPoint","urlTemplate":"https:\/\/panwinjet.com\/?s={search_term_string}"},"query-input":{"@type":"PropertyValueSpecification","valueRequired":true,"valueName":"search_term_string"}}],"inLanguage":"es"}]}},"_links":{"self":[{"href":"https:\/\/panwinjet.com\/es\/wp-json\/wp\/v2\/product\/961","targetHints":{"allow":["GET"]}}],"collection":[{"href":"https:\/\/panwinjet.com\/es\/wp-json\/wp\/v2\/product"}],"about":[{"href":"https:\/\/panwinjet.com\/es\/wp-json\/wp\/v2\/types\/product"}],"wp:featuredmedia":[{"embeddable":true,"href":"https:\/\/panwinjet.com\/es\/wp-json\/wp\/v2\/media\/963"}],"wp:attachment":[{"href":"https:\/\/panwinjet.com\/es\/wp-json\/wp\/v2\/media?parent=961"}],"wp:term":[{"taxonomy":"product_brand","embeddable":true,"href":"https:\/\/panwinjet.com\/es\/wp-json\/wp\/v2\/product_brand?post=961"},{"taxonomy":"product_cat","embeddable":true,"href":"https:\/\/panwinjet.com\/es\/wp-json\/wp\/v2\/product_cat?post=961"},{"taxonomy":"product_tag","embeddable":true,"href":"https:\/\/panwinjet.com\/es\/wp-json\/wp\/v2\/product_tag?post=961"}],"curies":[{"name":"wp","href":"https:\/\/api.w.org\/{rel}","templated":true}]}}