{"id":955,"date":"2025-09-20T00:16:14","date_gmt":"2025-09-20T00:16:14","guid":{"rendered":"https:\/\/panwinjet.com\/?post_type=product&#038;p=955"},"modified":"2025-09-20T00:16:14","modified_gmt":"2025-09-20T00:16:14","slug":"pipeline-ultra-high-pressure-water-jet-cleaning-machine-parts-4220-stuffing-box","status":"publish","type":"product","link":"https:\/\/panwinjet.com\/es\/producto\/pipeline-ultra-high-pressure-water-jet-cleaning-machine-parts-4220-stuffing-box\/","title":{"rendered":"Piezas de la m\u00e1quina de limpieza por chorro de agua a presi\u00f3n ultraalta para tuber\u00edas 4220 Prensaestopas"},"content":{"rendered":"<p><strong><b>Introducci\u00f3n de <\/b><\/strong><strong><b>Piezas de la m\u00e1quina de limpieza por chorro de agua a presi\u00f3n ultraalta para tuber\u00edas 4220 Prensaestopas<\/b><\/strong><\/p>\n<p>Esta m\u00e1quina de limpieza por chorro de agua a presi\u00f3n ultraalta para tuber\u00edas, piezas 4220 Stuffing Box, es una parte clave de la bomba de presi\u00f3n nominal de 20 kpsi Jetstream 4020.<\/p>\n<p>JST 4220 es una bomba de chorro de agua con dise\u00f1o de \u00e9mbolo triplex con una potencia de entrada de 190 a 325 caballos de fuerza (142 a 252 kW), es la simplicidad, facilidad de servicio y versatilidad incomparables de la bomba de dise\u00f1o de extremo de fluido, con un caudal m\u00e1ximo de 96 lpm a una presi\u00f3n nominal de 20 kpsi, esta bomba de tasa de presi\u00f3n de 20 kpsi es la bomba m\u00e1s potente a un nivel de presi\u00f3n de 20 kpsi.<\/p>\n<p>Esta caja de empaquetadura 4220 es compatible con la caja de empaquetadura #8#9 compatible con Jetstream 50306, caja de empaquetadura #10#11 compatible con Jetstream 52502.<\/p>","protected":false},"excerpt":{"rendered":"<p><strong><b>Par\u00e1metro del producto (especificaci\u00f3n) de <\/b><\/strong><strong><b>Piezas de la m\u00e1quina de limpieza por chorro de agua a presi\u00f3n ultraalta para tuber\u00edas 4220 Prensaestopas<\/b><\/strong><\/p>\n<p>Este prensaestopas 4220 para m\u00e1quina de limpieza por chorro de agua a ultraalta presi\u00f3n para tuber\u00edas est\u00e1 fabricado en acero inoxidable de alta densidad. Ofrece un a\u00f1o de garant\u00eda para garantizar la alta calidad de estas piezas. Este prensaestopas 4220 es compatible con los modelos #8, #9 y #10, compatibles con Jetstream 52502.<\/p>\n<p>&nbsp;<\/p>\n<p><strong><b><img decoding=\"async\" class=\"aligncenter size-full wp-image-954 lazyload\" data-src=\"https:\/\/panwinjet.com\/wp-content\/uploads\/2025\/09\/4220-Manifold-Breakdown.png\" alt=\"\" width=\"936\" height=\"698\" data-srcset=\"https:\/\/panwinjet.com\/wp-content\/uploads\/2025\/09\/4220-Manifold-Breakdown.png 936w, https:\/\/panwinjet.com\/wp-content\/uploads\/2025\/09\/4220-Manifold-Breakdown-500x373.png 500w, https:\/\/panwinjet.com\/wp-content\/uploads\/2025\/09\/4220-Manifold-Breakdown-300x224.png 300w, https:\/\/panwinjet.com\/wp-content\/uploads\/2025\/09\/4220-Manifold-Breakdown-768x573.png 768w, https:\/\/panwinjet.com\/wp-content\/uploads\/2025\/09\/4220-Manifold-Breakdown-101x75.png 101w, https:\/\/panwinjet.com\/wp-content\/uploads\/2025\/09\/4220-Manifold-Breakdown-480x358.png 480w, https:\/\/panwinjet.com\/wp-content\/uploads\/2025\/09\/4220-Manifold-Breakdown-800x597.png 800w\" data-sizes=\"(max-width:767px) 480px, (max-width:936px) 100vw, 936px\" src=\"data:image\/svg+xml;base64,PHN2ZyB3aWR0aD0iMSIgaGVpZ2h0PSIxIiB4bWxucz0iaHR0cDovL3d3dy53My5vcmcvMjAwMC9zdmciPjwvc3ZnPg==\" style=\"--smush-placeholder-width: 936px; --smush-placeholder-aspect-ratio: 936\/698;\" \/>\u00a0Caracter\u00edsticas y aplicaciones de <\/b><\/strong><strong><b>Piezas de la m\u00e1quina de limpieza por chorro de agua a presi\u00f3n ultraalta para tuber\u00edas 4220 Prensaestopas<\/b><\/strong><\/p>\n<p>Para esta m\u00e1quina de limpieza por chorro de agua a ultraalta presi\u00f3n de tuber\u00edas, el prensaestopas 4220 es fundamental para la bomba Jetstream 4220 de 20 kpsi. Esta bomba es la m\u00e1s avanzada en cuanto a simplicidad, facilidad de mantenimiento y versatilidad en el dise\u00f1o del extremo del fluido. Este prensaestopas 4220 es compatible con los modelos #8, #9 y #10, compatibles con Jetstream 52502.<\/p>\n<p>Las caracter\u00edsticas ventajosas son:<\/p>\n<p>Servicio f\u00e1cil: reemplazo de embalaje en pocos minutos<\/p>\n<p>Dise\u00f1o simple: el cartucho Uni Valve incluye v\u00e1lvula de succi\u00f3n y descarga, asiento, etc. en uno.<\/p>\n<p>Versatilidad en la conversi\u00f3n: Conexi\u00f3n vers\u00e1til con otras piezas para ahorrar tiempo.<\/p>\n<p>&nbsp;<\/p>\n<p><strong><b>Solicitud:<\/b><\/strong><\/p>\n<p>Las piezas de la m\u00e1quina de limpieza por chorro de agua a presi\u00f3n ultraalta de tuber\u00edas 4220 Stuffing Box son las partes de la bomba de \u00e9mbolo triplex 4220, esta poderosa bomba se puede usar ampliamente en trabajos de limpieza con chorro de agua, como limpieza de superficies, limpieza de tuber\u00edas, limpieza de intercambio de calor, pintura hidr\u00e1ulica y limpieza de \u00f3xido, etc.<\/p>","protected":false},"featured_media":957,"template":"","meta":[],"product_brand":[],"product_cat":[7],"product_tag":[],"class_list":{"0":"post-955","1":"product","2":"type-product","3":"status-publish","4":"has-post-thumbnail","6":"product_cat-jetstream-pump-fluid-end-compatibe-parts","8":"first","9":"instock","10":"shipping-taxable","11":"product-type-simple"},"yoast_head":"<!-- This site is optimized with the Yoast SEO plugin v24.9 - https:\/\/yoast.com\/wordpress\/plugins\/seo\/ -->\n<title>Pipeline Ultra-high Pressure Water Jet cleaning machine parts 4220 Stuffing Box - Panwin Machinery&amp;Equipment<\/title>\n<meta name=\"robots\" content=\"index, follow, max-snippet:-1, max-image-preview:large, max-video-preview:-1\" \/>\n<link rel=\"canonical\" href=\"https:\/\/panwinjet.com\/es\/producto\/pipeline-ultra-high-pressure-water-jet-cleaning-machine-parts-4220-stuffing-box\/\" \/>\n<meta property=\"og:locale\" content=\"es_ES\" \/>\n<meta property=\"og:type\" content=\"article\" \/>\n<meta property=\"og:title\" content=\"Pipeline Ultra-high Pressure Water Jet cleaning machine parts 4220 Stuffing Box - Panwin Machinery&amp;Equipment\" \/>\n<meta property=\"og:description\" content=\"Product Parameter (Specification) of Pipeline Ultra-high Pressure Water Jet cleaning machine parts 4220 Stuffing Box  This Pipeline Ultra-high Pressure Water Jet cleaning machine parts 4220 Stuffing Box\u00a0is made of\u00a0high-density Stainless Steel. This parts we have One-year warranty, ensure the high-quality to our customers\u00a0and This 4220 Stuffing Box is fit for #8#9 stuffing box compatible with Jetstream 50306, #10#11 stuffing box compatible with Jetstream 52502.  &nbsp;  \u00a0Feature And Application of Pipeline Ultra-high Pressure Water Jet cleaning machine parts 4220 Stuffing Box  For this Pipeline Ultra-high Pressure Water Jet cleaning machine parts 4220 Stuffing Box\u00a0it is important\u00a0Parts\u00a0for the Jetstream 4220 20Kpsi pressure rated\u00a0pump. This pump is most advanced\u00a0in term of the unparalleled simplicity, serviceability and versatility of fluid end design pump.This 4220 Stuffing Box is fit for #8#9 stuffing box compatible with Jetstream 50306, #10#11 stuffing box compatible with Jetstream 52502.  The advantage features:  Easy service: Few minute packing replace  simplicity design: Uni Valve cartridge include suction&amp;Discharge Valve,seat etc in ones.  Versatility in conversion: Versatile connection with other parts for time-saving.  &nbsp;  Application:  The Pipeline Ultra-high Pressure Water Jet cleaning machine parts 4220 Stuffing Box\u00a0is the parts of 4220 triplex plunger pump, this powerful pump can be used\u00a0widely in hydro Blasting cleaning jobs such as\u00a0surface cleaning, pipeline tubing cleaning, the heat-exchange cleaning,\u00a0Hydro\u00a0Painting &amp;Rust cleaning etc.\" \/>\n<meta property=\"og:url\" content=\"https:\/\/panwinjet.com\/es\/producto\/pipeline-ultra-high-pressure-water-jet-cleaning-machine-parts-4220-stuffing-box\/\" \/>\n<meta property=\"og:site_name\" content=\"Panwin Machinery&amp;Equipment\" \/>\n<meta property=\"og:image\" content=\"https:\/\/panwinjet.com\/wp-content\/uploads\/2025\/09\/4220-Stuffing-Box-\u539f\u59cb\u56fe\u7247-2-scaled.jpg\" \/>\n\t<meta property=\"og:image:width\" content=\"2560\" \/>\n\t<meta property=\"og:image:height\" content=\"1920\" \/>\n\t<meta property=\"og:image:type\" content=\"image\/jpeg\" \/>\n<meta name=\"twitter:card\" content=\"summary_large_image\" \/>\n<meta name=\"twitter:label1\" content=\"Tiempo de lectura\" \/>\n\t<meta name=\"twitter:data1\" content=\"1 minuto\" \/>\n<script type=\"application\/ld+json\" class=\"yoast-schema-graph\">{\"@context\":\"https:\/\/schema.org\",\"@graph\":[{\"@type\":\"WebPage\",\"@id\":\"https:\/\/panwinjet.com\/product\/pipeline-ultra-high-pressure-water-jet-cleaning-machine-parts-4220-stuffing-box\/\",\"url\":\"https:\/\/panwinjet.com\/product\/pipeline-ultra-high-pressure-water-jet-cleaning-machine-parts-4220-stuffing-box\/\",\"name\":\"Pipeline Ultra-high Pressure Water Jet cleaning machine parts 4220 Stuffing Box - Panwin Machinery&amp;Equipment\",\"isPartOf\":{\"@id\":\"https:\/\/panwinjet.com\/#website\"},\"primaryImageOfPage\":{\"@id\":\"https:\/\/panwinjet.com\/product\/pipeline-ultra-high-pressure-water-jet-cleaning-machine-parts-4220-stuffing-box\/#primaryimage\"},\"image\":{\"@id\":\"https:\/\/panwinjet.com\/product\/pipeline-ultra-high-pressure-water-jet-cleaning-machine-parts-4220-stuffing-box\/#primaryimage\"},\"thumbnailUrl\":\"https:\/\/panwinjet.com\/wp-content\/uploads\/2025\/09\/4220-Stuffing-Box-\u539f\u59cb\u56fe\u7247-2-scaled.jpg\",\"datePublished\":\"2025-09-20T00:16:14+00:00\",\"breadcrumb\":{\"@id\":\"https:\/\/panwinjet.com\/product\/pipeline-ultra-high-pressure-water-jet-cleaning-machine-parts-4220-stuffing-box\/#breadcrumb\"},\"inLanguage\":\"es\",\"potentialAction\":[{\"@type\":\"ReadAction\",\"target\":[\"https:\/\/panwinjet.com\/product\/pipeline-ultra-high-pressure-water-jet-cleaning-machine-parts-4220-stuffing-box\/\"]}]},{\"@type\":\"ImageObject\",\"inLanguage\":\"es\",\"@id\":\"https:\/\/panwinjet.com\/product\/pipeline-ultra-high-pressure-water-jet-cleaning-machine-parts-4220-stuffing-box\/#primaryimage\",\"url\":\"https:\/\/panwinjet.com\/wp-content\/uploads\/2025\/09\/4220-Stuffing-Box-\u539f\u59cb\u56fe\u7247-2-scaled.jpg\",\"contentUrl\":\"https:\/\/panwinjet.com\/wp-content\/uploads\/2025\/09\/4220-Stuffing-Box-\u539f\u59cb\u56fe\u7247-2-scaled.jpg\",\"width\":2560,\"height\":1920},{\"@type\":\"BreadcrumbList\",\"@id\":\"https:\/\/panwinjet.com\/product\/pipeline-ultra-high-pressure-water-jet-cleaning-machine-parts-4220-stuffing-box\/#breadcrumb\",\"itemListElement\":[{\"@type\":\"ListItem\",\"position\":1,\"name\":\"\u9996\u9875\",\"item\":\"https:\/\/panwinjet.com\/\"},{\"@type\":\"ListItem\",\"position\":2,\"name\":\"PRODUCT\",\"item\":\"https:\/\/panwinjet.com\/product\/\"},{\"@type\":\"ListItem\",\"position\":3,\"name\":\"Pipeline Ultra-high Pressure Water Jet cleaning machine parts 4220 Stuffing Box\"}]},{\"@type\":\"WebSite\",\"@id\":\"https:\/\/panwinjet.com\/#website\",\"url\":\"https:\/\/panwinjet.com\/\",\"name\":\"Panwin Machinery&amp;Equipment\",\"description\":\"Shenzhen Panwin Machinery&amp;Equipment Co.Ltd\",\"potentialAction\":[{\"@type\":\"SearchAction\",\"target\":{\"@type\":\"EntryPoint\",\"urlTemplate\":\"https:\/\/panwinjet.com\/?s={search_term_string}\"},\"query-input\":{\"@type\":\"PropertyValueSpecification\",\"valueRequired\":true,\"valueName\":\"search_term_string\"}}],\"inLanguage\":\"es\"}]}<\/script>\n<!-- \/ Yoast SEO plugin. -->","yoast_head_json":{"title":"Pipeline Ultra-high Pressure Water Jet cleaning machine parts 4220 Stuffing Box - Panwin Machinery&amp;Equipment","robots":{"index":"index","follow":"follow","max-snippet":"max-snippet:-1","max-image-preview":"max-image-preview:large","max-video-preview":"max-video-preview:-1"},"canonical":"https:\/\/panwinjet.com\/es\/producto\/pipeline-ultra-high-pressure-water-jet-cleaning-machine-parts-4220-stuffing-box\/","og_locale":"es_ES","og_type":"article","og_title":"Pipeline Ultra-high Pressure Water Jet cleaning machine parts 4220 Stuffing Box - Panwin Machinery&amp;Equipment","og_description":"Product Parameter (Specification) of Pipeline Ultra-high Pressure Water Jet cleaning machine parts 4220 Stuffing Box  This Pipeline Ultra-high Pressure Water Jet cleaning machine parts 4220 Stuffing Box\u00a0is made of\u00a0high-density Stainless Steel. This parts we have One-year warranty, ensure the high-quality to our customers\u00a0and This 4220 Stuffing Box is fit for #8#9 stuffing box compatible with Jetstream 50306, #10#11 stuffing box compatible with Jetstream 52502.  &nbsp;  \u00a0Feature And Application of Pipeline Ultra-high Pressure Water Jet cleaning machine parts 4220 Stuffing Box  For this Pipeline Ultra-high Pressure Water Jet cleaning machine parts 4220 Stuffing Box\u00a0it is important\u00a0Parts\u00a0for the Jetstream 4220 20Kpsi pressure rated\u00a0pump. This pump is most advanced\u00a0in term of the unparalleled simplicity, serviceability and versatility of fluid end design pump.This 4220 Stuffing Box is fit for #8#9 stuffing box compatible with Jetstream 50306, #10#11 stuffing box compatible with Jetstream 52502.  The advantage features:  Easy service: Few minute packing replace  simplicity design: Uni Valve cartridge include suction&amp;Discharge Valve,seat etc in ones.  Versatility in conversion: Versatile connection with other parts for time-saving.  &nbsp;  Application:  The Pipeline Ultra-high Pressure Water Jet cleaning machine parts 4220 Stuffing Box\u00a0is the parts of 4220 triplex plunger pump, this powerful pump can be used\u00a0widely in hydro Blasting cleaning jobs such as\u00a0surface cleaning, pipeline tubing cleaning, the heat-exchange cleaning,\u00a0Hydro\u00a0Painting &amp;Rust cleaning etc.","og_url":"https:\/\/panwinjet.com\/es\/producto\/pipeline-ultra-high-pressure-water-jet-cleaning-machine-parts-4220-stuffing-box\/","og_site_name":"Panwin Machinery&amp;Equipment","og_image":[{"width":2560,"height":1920,"url":"https:\/\/panwinjet.com\/wp-content\/uploads\/2025\/09\/4220-Stuffing-Box-\u539f\u59cb\u56fe\u7247-2-scaled.jpg","type":"image\/jpeg"}],"twitter_card":"summary_large_image","twitter_misc":{"Tiempo de lectura":"1 minuto"},"schema":{"@context":"https:\/\/schema.org","@graph":[{"@type":"WebPage","@id":"https:\/\/panwinjet.com\/product\/pipeline-ultra-high-pressure-water-jet-cleaning-machine-parts-4220-stuffing-box\/","url":"https:\/\/panwinjet.com\/product\/pipeline-ultra-high-pressure-water-jet-cleaning-machine-parts-4220-stuffing-box\/","name":"Pipeline Ultra-high Pressure Water Jet cleaning machine parts 4220 Stuffing Box - Panwin Machinery&amp;Equipment","isPartOf":{"@id":"https:\/\/panwinjet.com\/#website"},"primaryImageOfPage":{"@id":"https:\/\/panwinjet.com\/product\/pipeline-ultra-high-pressure-water-jet-cleaning-machine-parts-4220-stuffing-box\/#primaryimage"},"image":{"@id":"https:\/\/panwinjet.com\/product\/pipeline-ultra-high-pressure-water-jet-cleaning-machine-parts-4220-stuffing-box\/#primaryimage"},"thumbnailUrl":"https:\/\/panwinjet.com\/wp-content\/uploads\/2025\/09\/4220-Stuffing-Box-\u539f\u59cb\u56fe\u7247-2-scaled.jpg","datePublished":"2025-09-20T00:16:14+00:00","breadcrumb":{"@id":"https:\/\/panwinjet.com\/product\/pipeline-ultra-high-pressure-water-jet-cleaning-machine-parts-4220-stuffing-box\/#breadcrumb"},"inLanguage":"es","potentialAction":[{"@type":"ReadAction","target":["https:\/\/panwinjet.com\/product\/pipeline-ultra-high-pressure-water-jet-cleaning-machine-parts-4220-stuffing-box\/"]}]},{"@type":"ImageObject","inLanguage":"es","@id":"https:\/\/panwinjet.com\/product\/pipeline-ultra-high-pressure-water-jet-cleaning-machine-parts-4220-stuffing-box\/#primaryimage","url":"https:\/\/panwinjet.com\/wp-content\/uploads\/2025\/09\/4220-Stuffing-Box-\u539f\u59cb\u56fe\u7247-2-scaled.jpg","contentUrl":"https:\/\/panwinjet.com\/wp-content\/uploads\/2025\/09\/4220-Stuffing-Box-\u539f\u59cb\u56fe\u7247-2-scaled.jpg","width":2560,"height":1920},{"@type":"BreadcrumbList","@id":"https:\/\/panwinjet.com\/product\/pipeline-ultra-high-pressure-water-jet-cleaning-machine-parts-4220-stuffing-box\/#breadcrumb","itemListElement":[{"@type":"ListItem","position":1,"name":"\u9996\u9875","item":"https:\/\/panwinjet.com\/"},{"@type":"ListItem","position":2,"name":"PRODUCT","item":"https:\/\/panwinjet.com\/product\/"},{"@type":"ListItem","position":3,"name":"Pipeline Ultra-high Pressure Water Jet cleaning machine parts 4220 Stuffing Box"}]},{"@type":"WebSite","@id":"https:\/\/panwinjet.com\/#website","url":"https:\/\/panwinjet.com\/","name":"Panwin Machinery&amp;Equipment","description":"Shenzhen Panwin Machinery&amp;Equipment Co.Ltd","potentialAction":[{"@type":"SearchAction","target":{"@type":"EntryPoint","urlTemplate":"https:\/\/panwinjet.com\/?s={search_term_string}"},"query-input":{"@type":"PropertyValueSpecification","valueRequired":true,"valueName":"search_term_string"}}],"inLanguage":"es"}]}},"_links":{"self":[{"href":"https:\/\/panwinjet.com\/es\/wp-json\/wp\/v2\/product\/955","targetHints":{"allow":["GET"]}}],"collection":[{"href":"https:\/\/panwinjet.com\/es\/wp-json\/wp\/v2\/product"}],"about":[{"href":"https:\/\/panwinjet.com\/es\/wp-json\/wp\/v2\/types\/product"}],"wp:featuredmedia":[{"embeddable":true,"href":"https:\/\/panwinjet.com\/es\/wp-json\/wp\/v2\/media\/957"}],"wp:attachment":[{"href":"https:\/\/panwinjet.com\/es\/wp-json\/wp\/v2\/media?parent=955"}],"wp:term":[{"taxonomy":"product_brand","embeddable":true,"href":"https:\/\/panwinjet.com\/es\/wp-json\/wp\/v2\/product_brand?post=955"},{"taxonomy":"product_cat","embeddable":true,"href":"https:\/\/panwinjet.com\/es\/wp-json\/wp\/v2\/product_cat?post=955"},{"taxonomy":"product_tag","embeddable":true,"href":"https:\/\/panwinjet.com\/es\/wp-json\/wp\/v2\/product_tag?post=955"}],"curies":[{"name":"wp","href":"https:\/\/api.w.org\/{rel}","templated":true}]}}