{"id":933,"date":"2025-09-19T16:30:16","date_gmt":"2025-09-19T16:30:16","guid":{"rendered":"https:\/\/panwinjet.com\/?post_type=product&#038;p=933"},"modified":"2025-09-21T13:32:01","modified_gmt":"2025-09-21T13:32:01","slug":"3000bar-uhp-triple-plunge-pump-hydro-jetting-water-blasting-cleaning-aluminum-concrete-formwork-rotary-nozzle","status":"publish","type":"product","link":"https:\/\/panwinjet.com\/es\/producto\/3000bar-uhp-triple-plunge-pump-hydro-jetting-water-blasting-cleaning-aluminum-concrete-formwork-rotary-nozzle\/","title":{"rendered":"Bomba de triple inmersi\u00f3n UHP de 3000 bar para limpieza con chorro de agua a presi\u00f3n de aluminio y hormig\u00f3n. Boquilla rotativa."},"content":{"rendered":"<p><strong><b>Bomba de triple inmersi\u00f3n UHP de 3000 bar para limpieza con chorro de agua a presi\u00f3n de aluminio y hormig\u00f3n. Boquilla rotativa.<\/b><\/strong><\/p>\n<p><strong><b>1. Introducci\u00f3n del producto <\/b><\/strong>Bomba de triple inmersi\u00f3n UHP de 3000 bar para limpieza con chorro de agua a presi\u00f3n de aluminio y hormig\u00f3n. Boquilla rotativa.<\/p>\n<p>Esta bomba de triple inmersi\u00f3n UHP de 3000 bar con hidrolavado para limpieza de encofrados de hormig\u00f3n y aluminio con boquilla rotativa es una combinaci\u00f3n de 6 boquillas giratorias de alta presi\u00f3n, que se caracteriza por su aplicaci\u00f3n flexible, alta variabilidad y la capacidad de cambiar la longitud de la varilla de conexi\u00f3n central seg\u00fan el tama\u00f1o del \u00e1rea de limpieza, lo que facilita su uso flexible.<\/p>\n<p>&nbsp;<\/p>\n<p>&nbsp;<\/p>\n<p>&nbsp;<\/p>\n<p><img decoding=\"async\" class=\"aligncenter size-full wp-image-934 lazyload\" data-src=\"https:\/\/panwinjet.com\/wp-content\/uploads\/2025\/09\/2-10.png\" alt=\"\" width=\"610\" height=\"543\" data-srcset=\"https:\/\/panwinjet.com\/wp-content\/uploads\/2025\/09\/2-10.png 610w, https:\/\/panwinjet.com\/wp-content\/uploads\/2025\/09\/2-10-500x445.png 500w, https:\/\/panwinjet.com\/wp-content\/uploads\/2025\/09\/2-10-300x267.png 300w, https:\/\/panwinjet.com\/wp-content\/uploads\/2025\/09\/2-10-84x75.png 84w, https:\/\/panwinjet.com\/wp-content\/uploads\/2025\/09\/2-10-480x427.png 480w\" data-sizes=\"(max-width:767px) 480px, 610px\" src=\"data:image\/svg+xml;base64,PHN2ZyB3aWR0aD0iMSIgaGVpZ2h0PSIxIiB4bWxucz0iaHR0cDovL3d3dy53My5vcmcvMjAwMC9zdmciPjwvc3ZnPg==\" style=\"--smush-placeholder-width: 610px; --smush-placeholder-aspect-ratio: 610\/543;\" \/> <img decoding=\"async\" class=\"aligncenter size-full wp-image-936 lazyload\" data-src=\"https:\/\/panwinjet.com\/wp-content\/uploads\/2025\/09\/\u516b\u722a\u9c7c\u55b7\u59345.jpg\" alt=\"\" width=\"1279\" height=\"1706\" data-srcset=\"https:\/\/panwinjet.com\/wp-content\/uploads\/2025\/09\/\u516b\u722a\u9c7c\u55b7\u59345.jpg 1279w, https:\/\/panwinjet.com\/wp-content\/uploads\/2025\/09\/\u516b\u722a\u9c7c\u55b7\u59345-375x500.jpg 375w, https:\/\/panwinjet.com\/wp-content\/uploads\/2025\/09\/\u516b\u722a\u9c7c\u55b7\u59345-900x1200.jpg 900w, https:\/\/panwinjet.com\/wp-content\/uploads\/2025\/09\/\u516b\u722a\u9c7c\u55b7\u59345-225x300.jpg 225w, https:\/\/panwinjet.com\/wp-content\/uploads\/2025\/09\/\u516b\u722a\u9c7c\u55b7\u59345-768x1024.jpg 768w, https:\/\/panwinjet.com\/wp-content\/uploads\/2025\/09\/\u516b\u722a\u9c7c\u55b7\u59345-1152x1536.jpg 1152w, https:\/\/panwinjet.com\/wp-content\/uploads\/2025\/09\/\u516b\u722a\u9c7c\u55b7\u59345-56x75.jpg 56w, https:\/\/panwinjet.com\/wp-content\/uploads\/2025\/09\/\u516b\u722a\u9c7c\u55b7\u59345-480x640.jpg 480w, https:\/\/panwinjet.com\/wp-content\/uploads\/2025\/09\/\u516b\u722a\u9c7c\u55b7\u59345-800x1067.jpg 800w\" data-sizes=\"(max-width:767px) 480px, (max-width:1279px) 100vw, 1279px\" src=\"data:image\/svg+xml;base64,PHN2ZyB3aWR0aD0iMSIgaGVpZ2h0PSIxIiB4bWxucz0iaHR0cDovL3d3dy53My5vcmcvMjAwMC9zdmciPjwvc3ZnPg==\" style=\"--smush-placeholder-width: 1279px; --smush-placeholder-aspect-ratio: 1279\/1706;\" \/> <img decoding=\"async\" class=\"aligncenter size-full wp-image-938 lazyload\" data-src=\"https:\/\/panwinjet.com\/wp-content\/uploads\/2025\/09\/\u516b\u722a\u9c7c\u55b7\u59349.jpg\" alt=\"\" width=\"1706\" height=\"1279\" data-srcset=\"https:\/\/panwinjet.com\/wp-content\/uploads\/2025\/09\/\u516b\u722a\u9c7c\u55b7\u59349.jpg 1706w, https:\/\/panwinjet.com\/wp-content\/uploads\/2025\/09\/\u516b\u722a\u9c7c\u55b7\u59349-500x375.jpg 500w, https:\/\/panwinjet.com\/wp-content\/uploads\/2025\/09\/\u516b\u722a\u9c7c\u55b7\u59349-1200x900.jpg 1200w, https:\/\/panwinjet.com\/wp-content\/uploads\/2025\/09\/\u516b\u722a\u9c7c\u55b7\u59349-300x225.jpg 300w, https:\/\/panwinjet.com\/wp-content\/uploads\/2025\/09\/\u516b\u722a\u9c7c\u55b7\u59349-768x576.jpg 768w, https:\/\/panwinjet.com\/wp-content\/uploads\/2025\/09\/\u516b\u722a\u9c7c\u55b7\u59349-1536x1152.jpg 1536w, https:\/\/panwinjet.com\/wp-content\/uploads\/2025\/09\/\u516b\u722a\u9c7c\u55b7\u59349-100x75.jpg 100w, https:\/\/panwinjet.com\/wp-content\/uploads\/2025\/09\/\u516b\u722a\u9c7c\u55b7\u59349-480x360.jpg 480w, https:\/\/panwinjet.com\/wp-content\/uploads\/2025\/09\/\u516b\u722a\u9c7c\u55b7\u59349-800x600.jpg 800w\" data-sizes=\"(max-width:767px) 480px, (max-width:1706px) 100vw, 1706px\" src=\"data:image\/svg+xml;base64,PHN2ZyB3aWR0aD0iMSIgaGVpZ2h0PSIxIiB4bWxucz0iaHR0cDovL3d3dy53My5vcmcvMjAwMC9zdmciPjwvc3ZnPg==\" style=\"--smush-placeholder-width: 1706px; --smush-placeholder-aspect-ratio: 1706\/1279;\" \/> <img decoding=\"async\" class=\"aligncenter size-full wp-image-939 lazyload\" data-src=\"https:\/\/panwinjet.com\/wp-content\/uploads\/2025\/09\/\u56fe\u72471-5.png\" alt=\"\" width=\"879\" height=\"349\" data-srcset=\"https:\/\/panwinjet.com\/wp-content\/uploads\/2025\/09\/\u56fe\u72471-5.png 879w, https:\/\/panwinjet.com\/wp-content\/uploads\/2025\/09\/\u56fe\u72471-5-500x199.png 500w, https:\/\/panwinjet.com\/wp-content\/uploads\/2025\/09\/\u56fe\u72471-5-300x119.png 300w, https:\/\/panwinjet.com\/wp-content\/uploads\/2025\/09\/\u56fe\u72471-5-768x305.png 768w, https:\/\/panwinjet.com\/wp-content\/uploads\/2025\/09\/\u56fe\u72471-5-150x60.png 150w, https:\/\/panwinjet.com\/wp-content\/uploads\/2025\/09\/\u56fe\u72471-5-480x191.png 480w, https:\/\/panwinjet.com\/wp-content\/uploads\/2025\/09\/\u56fe\u72471-5-800x318.png 800w\" data-sizes=\"(max-width:767px) 480px, (max-width:879px) 100vw, 879px\" src=\"data:image\/svg+xml;base64,PHN2ZyB3aWR0aD0iMSIgaGVpZ2h0PSIxIiB4bWxucz0iaHR0cDovL3d3dy53My5vcmcvMjAwMC9zdmciPjwvc3ZnPg==\" style=\"--smush-placeholder-width: 879px; --smush-placeholder-aspect-ratio: 879\/349;\" \/><\/p>\n<p>&nbsp;<\/p>\n<p>&nbsp;<\/p>\n<p>&nbsp;<\/p>\n<p>&nbsp;<\/p>\n<p>&nbsp;<\/p>\n<p>&nbsp;<\/p>\n<p><strong><b>2. Par\u00e1metros del producto (especificaci\u00f3n) <\/b><\/strong>Bomba de triple inmersi\u00f3n UHP de 3000 bar para limpieza con chorro de agua a presi\u00f3n de aluminio y hormig\u00f3n. Boquilla rotativa.<\/p>\n<p>La bomba de triple inmersi\u00f3n UHP de 3000 bar con chorro de agua a presi\u00f3n para limpieza de encofrados de hormig\u00f3n y aluminio con boquilla rotativa tiene tres niveles de presi\u00f3n: 500 bar, 1500 bar y 3000 bar, con una presi\u00f3n m\u00e1xima de 3000 bar.<\/p>\n<p>&nbsp;<\/p>","protected":false},"excerpt":{"rendered":"<p><strong><b>3. Caracter\u00edsticas y aplicaciones de la bomba de triple inmersi\u00f3n UHP de 3000 bar: limpieza con chorro de agua a presi\u00f3n, encofrado de hormig\u00f3n y aluminio, boquilla rotativa.<\/b><\/strong><\/p>\n<p>Para la bomba de triple inmersi\u00f3n UHP de 3000 bar, limpieza con chorro de agua a presi\u00f3n de aluminio y hormig\u00f3n, boquilla rotativa. Las bases de las boquillas en ambos extremos se pueden procesar en cualquier \u00e1ngulo de pulverizaci\u00f3n de limpieza, con una presi\u00f3n m\u00e1xima de 3000 bar y niveles de presi\u00f3n opcionales de 500 bar, 1500 bar y 3000 bar.<\/p>\n<p>&nbsp;<\/p>\n<p>Aplicaci\u00f3n de estas boquillas rotativas<\/p>\n<p>Solicitud:<\/p>\n<p>Industria de la construcci\u00f3n con chorro de agua a ultra alta presi\u00f3n<\/p>\n<p>Chorro de agua a presi\u00f3n por agua para la industria del hierro, el acero y los metales<\/p>\n<p>Ingenier\u00eda mec\u00e1nica y de aparatos para hidrolavadoras de alta presi\u00f3n<\/p>\n<p>Industria del cemento y el hormig\u00f3n<\/p>\n<p>Limpieza de superficies con barracuda de alta presi\u00f3n<\/p>\n<p>Piezas para equipos de limpieza UHP Hydro Jet<\/p>\n<p>Barras pulverizadoras de limpieza industrial<\/p>\n<p>M\u00e1quina de hidrolavado para la industria de refinaci\u00f3n de petr\u00f3leo<\/p>\n<p>Limpieza de superficies con chorro de agua a presi\u00f3n, limpieza de tanques y recipientes.<\/p>\n<p>Limpieza del intercambiador de calor,<\/p>\n<p>Limpieza de pintura de autom\u00f3viles, limpieza de la industria minera, limpieza de f\u00e1bricas de acero, etc.<\/p>\n<p>Equipos de limpieza de alcantarillado de alta presi\u00f3n para redes de tuber\u00edas municipales de suministro de agua y drenaje;<\/p>","protected":false},"featured_media":941,"template":"","meta":[],"product_brand":[],"product_cat":[5],"product_tag":[],"class_list":{"0":"post-933","1":"product","2":"type-product","3":"status-publish","4":"has-post-thumbnail","6":"product_cat-uhp-rotating-nozzles","8":"first","9":"instock","10":"shipping-taxable","11":"product-type-simple"},"yoast_head":"<!-- This site is optimized with the Yoast SEO plugin v24.9 - https:\/\/yoast.com\/wordpress\/plugins\/seo\/ -->\n<title>3000Bar UHP Triple plunge Pump Hydro-Jetting water blasting cleaning Aluminum concrete Formwork Rotary nozzle - Panwin Machinery&amp;Equipment<\/title>\n<meta name=\"robots\" content=\"index, follow, max-snippet:-1, max-image-preview:large, max-video-preview:-1\" \/>\n<link rel=\"canonical\" href=\"https:\/\/panwinjet.com\/es\/producto\/3000bar-uhp-triple-plunge-pump-hydro-jetting-water-blasting-cleaning-aluminum-concrete-formwork-rotary-nozzle\/\" \/>\n<meta property=\"og:locale\" content=\"es_ES\" \/>\n<meta property=\"og:type\" content=\"article\" \/>\n<meta property=\"og:title\" content=\"3000Bar UHP Triple plunge Pump Hydro-Jetting water blasting cleaning Aluminum concrete Formwork Rotary nozzle - Panwin Machinery&amp;Equipment\" \/>\n<meta property=\"og:description\" content=\"3.Product Feature And Application of 3000Bar UHP Triple plunge Pump \u00a0Hydro-Jetting water blasting cleaning \u00a0Aluminum concrete Formwork Rotary nozzle  For The 3000Bar UHP Triple plunge Pump \u00a0Hydro-Jetting water blasting cleaning \u00a0Aluminum concrete Formwork Rotary nozzle The nozzle bases at both ends can be processed at any cleaning spray angle, with a maximum pressure of 3000Bar, and optional pressure levels of 500Bar, 1500Bar, and 3000Bar.  &nbsp;  The Application of the this rotary nozzles  Application:  UHP Water Blasting Construction Industry  Hydro Jet blaster Iron, Steel And Metal Industry  high pressure waterblaster\u00a0Mechanical\u00a0and Apparatus Engineering  Cements and Concrete Industry  high pressure barracuda\u00a0Surface cleaning  UHP hydro Jet cleaning equipment parts  Industrial Cleaning Spray Bars  hydro blasting machine\u00a0for petroleum refining industry  Hydro Jet Surface Cleaning,Tank&amp;Vessel Cleaning,  Heat Exchange Cleaning,  Automotive Painting cleaning Mining industry cleaning Steel manufacture cleaning etc.  High pressure sewer cleaning equipment\u00a0for municipal pipe networks\u00a0water supply and drainage pipelines;\" \/>\n<meta property=\"og:url\" content=\"https:\/\/panwinjet.com\/es\/producto\/3000bar-uhp-triple-plunge-pump-hydro-jetting-water-blasting-cleaning-aluminum-concrete-formwork-rotary-nozzle\/\" \/>\n<meta property=\"og:site_name\" content=\"Panwin Machinery&amp;Equipment\" \/>\n<meta property=\"article:modified_time\" content=\"2025-09-21T13:32:01+00:00\" \/>\n<meta property=\"og:image\" content=\"https:\/\/panwinjet.com\/wp-content\/uploads\/2025\/09\/\u516b\u722a\u9c7c\u55b7\u59343-scaled.jpg\" \/>\n\t<meta property=\"og:image:width\" content=\"1920\" \/>\n\t<meta property=\"og:image:height\" content=\"2560\" \/>\n\t<meta property=\"og:image:type\" content=\"image\/jpeg\" \/>\n<meta name=\"twitter:card\" content=\"summary_large_image\" \/>\n<meta name=\"twitter:label1\" content=\"Tiempo de lectura\" \/>\n\t<meta name=\"twitter:data1\" content=\"2 minutos\" \/>\n<script type=\"application\/ld+json\" class=\"yoast-schema-graph\">{\"@context\":\"https:\/\/schema.org\",\"@graph\":[{\"@type\":\"WebPage\",\"@id\":\"https:\/\/panwinjet.com\/product\/3000bar-uhp-triple-plunge-pump-hydro-jetting-water-blasting-cleaning-aluminum-concrete-formwork-rotary-nozzle\/\",\"url\":\"https:\/\/panwinjet.com\/product\/3000bar-uhp-triple-plunge-pump-hydro-jetting-water-blasting-cleaning-aluminum-concrete-formwork-rotary-nozzle\/\",\"name\":\"3000Bar UHP Triple plunge Pump Hydro-Jetting water blasting cleaning Aluminum concrete Formwork Rotary nozzle - Panwin Machinery&amp;Equipment\",\"isPartOf\":{\"@id\":\"https:\/\/panwinjet.com\/#website\"},\"primaryImageOfPage\":{\"@id\":\"https:\/\/panwinjet.com\/product\/3000bar-uhp-triple-plunge-pump-hydro-jetting-water-blasting-cleaning-aluminum-concrete-formwork-rotary-nozzle\/#primaryimage\"},\"image\":{\"@id\":\"https:\/\/panwinjet.com\/product\/3000bar-uhp-triple-plunge-pump-hydro-jetting-water-blasting-cleaning-aluminum-concrete-formwork-rotary-nozzle\/#primaryimage\"},\"thumbnailUrl\":\"https:\/\/panwinjet.com\/wp-content\/uploads\/2025\/09\/\u516b\u722a\u9c7c\u55b7\u59343-scaled.jpg\",\"datePublished\":\"2025-09-19T16:30:16+00:00\",\"dateModified\":\"2025-09-21T13:32:01+00:00\",\"breadcrumb\":{\"@id\":\"https:\/\/panwinjet.com\/product\/3000bar-uhp-triple-plunge-pump-hydro-jetting-water-blasting-cleaning-aluminum-concrete-formwork-rotary-nozzle\/#breadcrumb\"},\"inLanguage\":\"es\",\"potentialAction\":[{\"@type\":\"ReadAction\",\"target\":[\"https:\/\/panwinjet.com\/product\/3000bar-uhp-triple-plunge-pump-hydro-jetting-water-blasting-cleaning-aluminum-concrete-formwork-rotary-nozzle\/\"]}]},{\"@type\":\"ImageObject\",\"inLanguage\":\"es\",\"@id\":\"https:\/\/panwinjet.com\/product\/3000bar-uhp-triple-plunge-pump-hydro-jetting-water-blasting-cleaning-aluminum-concrete-formwork-rotary-nozzle\/#primaryimage\",\"url\":\"https:\/\/panwinjet.com\/wp-content\/uploads\/2025\/09\/\u516b\u722a\u9c7c\u55b7\u59343-scaled.jpg\",\"contentUrl\":\"https:\/\/panwinjet.com\/wp-content\/uploads\/2025\/09\/\u516b\u722a\u9c7c\u55b7\u59343-scaled.jpg\",\"width\":1920,\"height\":2560},{\"@type\":\"BreadcrumbList\",\"@id\":\"https:\/\/panwinjet.com\/product\/3000bar-uhp-triple-plunge-pump-hydro-jetting-water-blasting-cleaning-aluminum-concrete-formwork-rotary-nozzle\/#breadcrumb\",\"itemListElement\":[{\"@type\":\"ListItem\",\"position\":1,\"name\":\"\u9996\u9875\",\"item\":\"https:\/\/panwinjet.com\/\"},{\"@type\":\"ListItem\",\"position\":2,\"name\":\"PRODUCT\",\"item\":\"https:\/\/panwinjet.com\/product\/\"},{\"@type\":\"ListItem\",\"position\":3,\"name\":\"3000Bar UHP Triple plunge Pump Hydro-Jetting water blasting cleaning Aluminum concrete Formwork Rotary nozzle\"}]},{\"@type\":\"WebSite\",\"@id\":\"https:\/\/panwinjet.com\/#website\",\"url\":\"https:\/\/panwinjet.com\/\",\"name\":\"Panwin Machinery&amp;Equipment\",\"description\":\"Shenzhen Panwin Machinery&amp;Equipment Co.Ltd\",\"potentialAction\":[{\"@type\":\"SearchAction\",\"target\":{\"@type\":\"EntryPoint\",\"urlTemplate\":\"https:\/\/panwinjet.com\/?s={search_term_string}\"},\"query-input\":{\"@type\":\"PropertyValueSpecification\",\"valueRequired\":true,\"valueName\":\"search_term_string\"}}],\"inLanguage\":\"es\"}]}<\/script>\n<!-- \/ Yoast SEO plugin. -->","yoast_head_json":{"title":"3000Bar UHP Triple plunge Pump Hydro-Jetting water blasting cleaning Aluminum concrete Formwork Rotary nozzle - Panwin Machinery&amp;Equipment","robots":{"index":"index","follow":"follow","max-snippet":"max-snippet:-1","max-image-preview":"max-image-preview:large","max-video-preview":"max-video-preview:-1"},"canonical":"https:\/\/panwinjet.com\/es\/producto\/3000bar-uhp-triple-plunge-pump-hydro-jetting-water-blasting-cleaning-aluminum-concrete-formwork-rotary-nozzle\/","og_locale":"es_ES","og_type":"article","og_title":"3000Bar UHP Triple plunge Pump Hydro-Jetting water blasting cleaning Aluminum concrete Formwork Rotary nozzle - Panwin Machinery&amp;Equipment","og_description":"3.Product Feature And Application of 3000Bar UHP Triple plunge Pump \u00a0Hydro-Jetting water blasting cleaning \u00a0Aluminum concrete Formwork Rotary nozzle  For The 3000Bar UHP Triple plunge Pump \u00a0Hydro-Jetting water blasting cleaning \u00a0Aluminum concrete Formwork Rotary nozzle The nozzle bases at both ends can be processed at any cleaning spray angle, with a maximum pressure of 3000Bar, and optional pressure levels of 500Bar, 1500Bar, and 3000Bar.  &nbsp;  The Application of the this rotary nozzles  Application:  UHP Water Blasting Construction Industry  Hydro Jet blaster Iron, Steel And Metal Industry  high pressure waterblaster\u00a0Mechanical\u00a0and Apparatus Engineering  Cements and Concrete Industry  high pressure barracuda\u00a0Surface cleaning  UHP hydro Jet cleaning equipment parts  Industrial Cleaning Spray Bars  hydro blasting machine\u00a0for petroleum refining industry  Hydro Jet Surface Cleaning,Tank&amp;Vessel Cleaning,  Heat Exchange Cleaning,  Automotive Painting cleaning Mining industry cleaning Steel manufacture cleaning etc.  High pressure sewer cleaning equipment\u00a0for municipal pipe networks\u00a0water supply and drainage pipelines;","og_url":"https:\/\/panwinjet.com\/es\/producto\/3000bar-uhp-triple-plunge-pump-hydro-jetting-water-blasting-cleaning-aluminum-concrete-formwork-rotary-nozzle\/","og_site_name":"Panwin Machinery&amp;Equipment","article_modified_time":"2025-09-21T13:32:01+00:00","og_image":[{"width":1920,"height":2560,"url":"https:\/\/panwinjet.com\/wp-content\/uploads\/2025\/09\/\u516b\u722a\u9c7c\u55b7\u59343-scaled.jpg","type":"image\/jpeg"}],"twitter_card":"summary_large_image","twitter_misc":{"Tiempo de lectura":"2 minutos"},"schema":{"@context":"https:\/\/schema.org","@graph":[{"@type":"WebPage","@id":"https:\/\/panwinjet.com\/product\/3000bar-uhp-triple-plunge-pump-hydro-jetting-water-blasting-cleaning-aluminum-concrete-formwork-rotary-nozzle\/","url":"https:\/\/panwinjet.com\/product\/3000bar-uhp-triple-plunge-pump-hydro-jetting-water-blasting-cleaning-aluminum-concrete-formwork-rotary-nozzle\/","name":"3000Bar UHP Triple plunge Pump Hydro-Jetting water blasting cleaning Aluminum concrete Formwork Rotary nozzle - Panwin Machinery&amp;Equipment","isPartOf":{"@id":"https:\/\/panwinjet.com\/#website"},"primaryImageOfPage":{"@id":"https:\/\/panwinjet.com\/product\/3000bar-uhp-triple-plunge-pump-hydro-jetting-water-blasting-cleaning-aluminum-concrete-formwork-rotary-nozzle\/#primaryimage"},"image":{"@id":"https:\/\/panwinjet.com\/product\/3000bar-uhp-triple-plunge-pump-hydro-jetting-water-blasting-cleaning-aluminum-concrete-formwork-rotary-nozzle\/#primaryimage"},"thumbnailUrl":"https:\/\/panwinjet.com\/wp-content\/uploads\/2025\/09\/\u516b\u722a\u9c7c\u55b7\u59343-scaled.jpg","datePublished":"2025-09-19T16:30:16+00:00","dateModified":"2025-09-21T13:32:01+00:00","breadcrumb":{"@id":"https:\/\/panwinjet.com\/product\/3000bar-uhp-triple-plunge-pump-hydro-jetting-water-blasting-cleaning-aluminum-concrete-formwork-rotary-nozzle\/#breadcrumb"},"inLanguage":"es","potentialAction":[{"@type":"ReadAction","target":["https:\/\/panwinjet.com\/product\/3000bar-uhp-triple-plunge-pump-hydro-jetting-water-blasting-cleaning-aluminum-concrete-formwork-rotary-nozzle\/"]}]},{"@type":"ImageObject","inLanguage":"es","@id":"https:\/\/panwinjet.com\/product\/3000bar-uhp-triple-plunge-pump-hydro-jetting-water-blasting-cleaning-aluminum-concrete-formwork-rotary-nozzle\/#primaryimage","url":"https:\/\/panwinjet.com\/wp-content\/uploads\/2025\/09\/\u516b\u722a\u9c7c\u55b7\u59343-scaled.jpg","contentUrl":"https:\/\/panwinjet.com\/wp-content\/uploads\/2025\/09\/\u516b\u722a\u9c7c\u55b7\u59343-scaled.jpg","width":1920,"height":2560},{"@type":"BreadcrumbList","@id":"https:\/\/panwinjet.com\/product\/3000bar-uhp-triple-plunge-pump-hydro-jetting-water-blasting-cleaning-aluminum-concrete-formwork-rotary-nozzle\/#breadcrumb","itemListElement":[{"@type":"ListItem","position":1,"name":"\u9996\u9875","item":"https:\/\/panwinjet.com\/"},{"@type":"ListItem","position":2,"name":"PRODUCT","item":"https:\/\/panwinjet.com\/product\/"},{"@type":"ListItem","position":3,"name":"3000Bar UHP Triple plunge Pump Hydro-Jetting water blasting cleaning Aluminum concrete Formwork Rotary nozzle"}]},{"@type":"WebSite","@id":"https:\/\/panwinjet.com\/#website","url":"https:\/\/panwinjet.com\/","name":"Panwin Machinery&amp;Equipment","description":"Shenzhen Panwin Machinery&amp;Equipment Co.Ltd","potentialAction":[{"@type":"SearchAction","target":{"@type":"EntryPoint","urlTemplate":"https:\/\/panwinjet.com\/?s={search_term_string}"},"query-input":{"@type":"PropertyValueSpecification","valueRequired":true,"valueName":"search_term_string"}}],"inLanguage":"es"}]}},"_links":{"self":[{"href":"https:\/\/panwinjet.com\/es\/wp-json\/wp\/v2\/product\/933","targetHints":{"allow":["GET"]}}],"collection":[{"href":"https:\/\/panwinjet.com\/es\/wp-json\/wp\/v2\/product"}],"about":[{"href":"https:\/\/panwinjet.com\/es\/wp-json\/wp\/v2\/types\/product"}],"wp:featuredmedia":[{"embeddable":true,"href":"https:\/\/panwinjet.com\/es\/wp-json\/wp\/v2\/media\/941"}],"wp:attachment":[{"href":"https:\/\/panwinjet.com\/es\/wp-json\/wp\/v2\/media?parent=933"}],"wp:term":[{"taxonomy":"product_brand","embeddable":true,"href":"https:\/\/panwinjet.com\/es\/wp-json\/wp\/v2\/product_brand?post=933"},{"taxonomy":"product_cat","embeddable":true,"href":"https:\/\/panwinjet.com\/es\/wp-json\/wp\/v2\/product_cat?post=933"},{"taxonomy":"product_tag","embeddable":true,"href":"https:\/\/panwinjet.com\/es\/wp-json\/wp\/v2\/product_tag?post=933"}],"curies":[{"name":"wp","href":"https:\/\/api.w.org\/{rel}","templated":true}]}}