{"id":925,"date":"2025-09-19T16:01:08","date_gmt":"2025-09-19T16:01:08","guid":{"rendered":"https:\/\/panwinjet.com\/?post_type=product&#038;p=925"},"modified":"2025-09-19T16:01:09","modified_gmt":"2025-09-19T16:01:09","slug":"long-life-good-quality-water-blasting-pressurized-pump-pressuring-machine-part-clean-washer-jet-nozzle-3-8-3546-0-014-0-35mm","status":"publish","type":"product","link":"https:\/\/panwinjet.com\/es\/producto\/long-life-good-quality-water-blasting-pressurized-pump-pressuring-machine-part-clean-washer-jet-nozzle-3-8-3546-0-014-0-35mm\/","title":{"rendered":"Bomba de chorro de agua a presi\u00f3n de larga duraci\u00f3n y alta calidad. Lavadora de piezas para limpieza de piezas. Boquilla de chorro 3\/8-3546-0.014-0.35 mm."},"content":{"rendered":"<p><strong><b>Introducci\u00f3n de producto de <\/b><\/strong>Bomba de chorro de agua a presi\u00f3n de larga duraci\u00f3n y alta calidad. Lavadora de piezas para limpieza de piezas. Boquilla de chorro 3\/8-3546-0.014-0.35 mm.<\/p>\n<p>Para una bomba de chorro de agua a presi\u00f3n de larga duraci\u00f3n y buena calidad, la m\u00e1quina de presi\u00f3n, la lavadora de piezas, la boquilla de chorro 3\/8-3546-0.014-0.35mm, en la operaci\u00f3n de limpieza con chorro de agua, las boquillas son componentes clave para una operaci\u00f3n de limpieza de alto rendimiento y estable.<\/p>\n<p>En Panwin ofrecemos a nuestros clientes boquillas de alta calidad para diferentes niveles de presi\u00f3n. Nuestras boquillas tienen una clasificaci\u00f3n UHP de hasta 55 Kpsi, con conexi\u00f3n de rosca 3\/8-24 UNF, y pueden insertarse en boquillas rotativas y barras de pulverizaci\u00f3n. El cuerpo de las boquillas est\u00e1 tratado t\u00e9rmicamente para endurecerse y fabricado con material de zafiro superior, lo que garantiza una larga vida \u00fatil y una alta calidad.<\/p>\n<div style=\"width: 1088px;\" class=\"wp-video\"><video class=\"wp-video-shortcode\" id=\"video-925-1\" width=\"1088\" height=\"1920\" preload=\"metadata\" controls=\"controls\"><source type=\"video\/mp4\" src=\"https:\/\/panwinjet.com\/wp-content\/uploads\/2025\/09\/3-8-24-Blasting-nozzles-0.014inch-0.35mm-Size.mp4?_=1\" \/><a href=\"https:\/\/panwinjet.com\/wp-content\/uploads\/2025\/09\/3-8-24-Blasting-nozzles-0.014inch-0.35mm-Size.mp4\">https:\/\/panwinjet.com\/wp-content\/uploads\/2025\/09\/3-8-24-Blasting-nozzles-0.014inch-0.35mm-Size.mp4<\/a><\/video><\/div>\n<p>Para esta bomba de chorro de agua a presi\u00f3n de larga duraci\u00f3n y buena calidad, m\u00e1quina de limpieza de piezas de lavadoras con boquilla de chorro 3\/8-3546-0.014-0.35mm, hay dos tipos con \u00e1ngulo c\u00f3nico de 60\u00b0 y 120\u00b0, la presi\u00f3n es de 55,000 psi. Las especificaciones detalladas se mencionan a continuaci\u00f3n.<\/p>","protected":false},"excerpt":{"rendered":"<p><strong><b>Caracter\u00edsticas y aplicaciones del producto<\/b><\/strong><strong><b>F <\/b><\/strong>Bomba de chorro de agua a presi\u00f3n de larga duraci\u00f3n y alta calidad. Lavadora de piezas para limpieza de piezas. Boquilla de chorro 3\/8-3546-0.014-0.35 mm.<\/p>\n<p>La bomba de chorro de agua a presi\u00f3n de larga vida \u00fatil y buena calidad, la m\u00e1quina de presi\u00f3n, la lavadora de piezas y la boquilla de chorro 3\/8-3546-0.014-0.35mm est\u00e1n hechas de rub\u00ed y zafiro de alta calidad, y tienen un rendimiento avanzado en la pulverizaci\u00f3n como se menciona a continuaci\u00f3n.<\/p>\n<p><strong><b>Caracter\u00edsticas de las boquillas:<\/b><\/strong><\/p>\n<p>Tiempo de uso prolongado<\/p>\n<p>Coherencia del flujo de chorros de alta presi\u00f3n<\/p>\n<p>Potente chorro de agua<\/p>\n<p>Excelente rendimiento en chorro de agua<\/p>\n<p>&nbsp;<\/p>\n<p>A: Larga vida \u00fatil y calidad de chorro constante<\/p>\n<p>B: Corriente de chorro de alta potencia y enfoque<\/p>\n<p>C: Alta densidad de energ\u00eda y chorro recto<\/p>\n<p>D: F\u00e1cil de instalar y desmontar<\/p>\n<p>Solicitud:<\/p>\n<p>Industria de la construcci\u00f3n con chorro de agua a ultra alta presi\u00f3n<\/p>\n<p>Chorro de agua a presi\u00f3n por agua para la industria del hierro, el acero y los metales<\/p>\n<p>Ingenier\u00eda mec\u00e1nica y de aparatos para hidrolavadoras de alta presi\u00f3n<\/p>\n<p>Industria del cemento y el hormig\u00f3n<\/p>\n<p>Limpieza de superficies con barracuda de alta presi\u00f3n<\/p>\n<p>Piezas para equipos de limpieza UHP Hydro Jet<\/p>\n<p>Barras pulverizadoras de limpieza industrial<\/p>\n<p>M\u00e1quina de hidrolavado para la industria de refinaci\u00f3n de petr\u00f3leo<\/p>\n<p>Limpieza de superficies con chorro de agua a presi\u00f3n, limpieza de tanques y recipientes.<\/p>\n<p>Limpieza del intercambiador de calor,<\/p>\n<p>Limpieza de pintura de autom\u00f3viles, limpieza de la industria minera, limpieza de f\u00e1bricas de acero, etc.<\/p>\n<p>Equipos de limpieza de alcantarillado de alta presi\u00f3n para redes de tuber\u00edas municipales de suministro de agua y drenaje;<\/p>","protected":false},"featured_media":927,"template":"","meta":[],"product_brand":[],"product_cat":[3],"product_tag":[],"class_list":{"0":"post-925","1":"product","2":"type-product","3":"status-publish","4":"has-post-thumbnail","6":"product_cat-sapphire-nozzles","8":"first","9":"instock","10":"shipping-taxable","11":"product-type-simple"},"yoast_head":"<!-- This site is optimized with the Yoast SEO plugin v24.9 - https:\/\/yoast.com\/wordpress\/plugins\/seo\/ -->\n<title>Long life good quality water Blasting pressurized pump pressuring machine part clean washer Jet nozzle 3\/8-3546-0.014-0.35mm - Panwin Machinery&amp;Equipment<\/title>\n<meta name=\"robots\" content=\"index, follow, max-snippet:-1, max-image-preview:large, max-video-preview:-1\" \/>\n<link rel=\"canonical\" href=\"https:\/\/panwinjet.com\/es\/producto\/long-life-good-quality-water-blasting-pressurized-pump-pressuring-machine-part-clean-washer-jet-nozzle-3-8-3546-0-014-0-35mm\/\" \/>\n<meta property=\"og:locale\" content=\"es_ES\" \/>\n<meta property=\"og:type\" content=\"article\" \/>\n<meta property=\"og:title\" content=\"Long life good quality water Blasting pressurized pump pressuring machine part clean washer Jet nozzle 3\/8-3546-0.014-0.35mm - Panwin Machinery&amp;Equipment\" \/>\n<meta property=\"og:description\" content=\"Product Feature And Application of Long life good quality water Blasting\u00a0pressurized pump\u00a0pressuring machine part clean\u00a0washer Jet\u00a0nozzle\u00a03\/8-3546-0.014-0.35mm  The Long life good quality water Blasting\u00a0pressurized pump\u00a0pressuring machine part clean\u00a0washer Jet\u00a0nozzle\u00a03\/8-3546-0.014-0.35mm are made of high-quality ruby and sapphire, it has advanced performance in spraying as mentioned below.  Nozzles Features:  Long-use time  High-Pressure Jets flow coherency  Powerful Spray stream  Excellent water Blasting performance  &nbsp;  A:Long lifetime Constant Jet Quality  B:High-Power and Focus Jet Stream  C:High Energy density and straight Jet  D:User-friendly to install and disassembly  Application:  UHP Water Blasting Construction Industry  Hydro Jet blaster Iron, Steel And Metal Industry  high pressure waterblaster\u00a0Mechanical\u00a0and Apparatus Engineering  Cements and Concrete Industry  high pressure barracuda\u00a0Surface cleaning  UHP hydro Jet cleaning equipment parts  Industrial Cleaning Spray Bars  hydro blasting machine\u00a0for petroleum refining industry  Hydro Jet Surface Cleaning,Tank&amp;Vessel Cleaning,  Heat Exchange Cleaning,  Automotive Painting cleaning Mining industry cleaning Steel manufacture cleaning etc.  High pressure sewer cleaning equipment\u00a0for municipal pipe networks\u00a0water supply and drainage pipelines;\" \/>\n<meta property=\"og:url\" content=\"https:\/\/panwinjet.com\/es\/producto\/long-life-good-quality-water-blasting-pressurized-pump-pressuring-machine-part-clean-washer-jet-nozzle-3-8-3546-0-014-0-35mm\/\" \/>\n<meta property=\"og:site_name\" content=\"Panwin Machinery&amp;Equipment\" \/>\n<meta property=\"article:modified_time\" content=\"2025-09-19T16:01:09+00:00\" \/>\n<meta property=\"og:image\" content=\"https:\/\/panwinjet.com\/wp-content\/uploads\/2025\/09\/3-8-3546-0.014-0.35mm-3.jpg\" \/>\n\t<meta property=\"og:image:width\" content=\"1279\" \/>\n\t<meta property=\"og:image:height\" content=\"1706\" \/>\n\t<meta property=\"og:image:type\" content=\"image\/jpeg\" \/>\n<meta name=\"twitter:card\" content=\"summary_large_image\" \/>\n<meta name=\"twitter:label1\" content=\"Tiempo de lectura\" \/>\n\t<meta name=\"twitter:data1\" content=\"1 minuto\" \/>\n<script type=\"application\/ld+json\" class=\"yoast-schema-graph\">{\"@context\":\"https:\/\/schema.org\",\"@graph\":[{\"@type\":\"WebPage\",\"@id\":\"https:\/\/panwinjet.com\/product\/long-life-good-quality-water-blasting-pressurized-pump-pressuring-machine-part-clean-washer-jet-nozzle-3-8-3546-0-014-0-35mm\/\",\"url\":\"https:\/\/panwinjet.com\/product\/long-life-good-quality-water-blasting-pressurized-pump-pressuring-machine-part-clean-washer-jet-nozzle-3-8-3546-0-014-0-35mm\/\",\"name\":\"Long life good quality water Blasting pressurized pump pressuring machine part clean washer Jet nozzle 3\/8-3546-0.014-0.35mm - Panwin Machinery&amp;Equipment\",\"isPartOf\":{\"@id\":\"https:\/\/panwinjet.com\/#website\"},\"primaryImageOfPage\":{\"@id\":\"https:\/\/panwinjet.com\/product\/long-life-good-quality-water-blasting-pressurized-pump-pressuring-machine-part-clean-washer-jet-nozzle-3-8-3546-0-014-0-35mm\/#primaryimage\"},\"image\":{\"@id\":\"https:\/\/panwinjet.com\/product\/long-life-good-quality-water-blasting-pressurized-pump-pressuring-machine-part-clean-washer-jet-nozzle-3-8-3546-0-014-0-35mm\/#primaryimage\"},\"thumbnailUrl\":\"https:\/\/panwinjet.com\/wp-content\/uploads\/2025\/09\/3-8-3546-0.014-0.35mm-3.jpg\",\"datePublished\":\"2025-09-19T16:01:08+00:00\",\"dateModified\":\"2025-09-19T16:01:09+00:00\",\"breadcrumb\":{\"@id\":\"https:\/\/panwinjet.com\/product\/long-life-good-quality-water-blasting-pressurized-pump-pressuring-machine-part-clean-washer-jet-nozzle-3-8-3546-0-014-0-35mm\/#breadcrumb\"},\"inLanguage\":\"es\",\"potentialAction\":[{\"@type\":\"ReadAction\",\"target\":[\"https:\/\/panwinjet.com\/product\/long-life-good-quality-water-blasting-pressurized-pump-pressuring-machine-part-clean-washer-jet-nozzle-3-8-3546-0-014-0-35mm\/\"]}]},{\"@type\":\"ImageObject\",\"inLanguage\":\"es\",\"@id\":\"https:\/\/panwinjet.com\/product\/long-life-good-quality-water-blasting-pressurized-pump-pressuring-machine-part-clean-washer-jet-nozzle-3-8-3546-0-014-0-35mm\/#primaryimage\",\"url\":\"https:\/\/panwinjet.com\/wp-content\/uploads\/2025\/09\/3-8-3546-0.014-0.35mm-3.jpg\",\"contentUrl\":\"https:\/\/panwinjet.com\/wp-content\/uploads\/2025\/09\/3-8-3546-0.014-0.35mm-3.jpg\",\"width\":1279,\"height\":1706},{\"@type\":\"BreadcrumbList\",\"@id\":\"https:\/\/panwinjet.com\/product\/long-life-good-quality-water-blasting-pressurized-pump-pressuring-machine-part-clean-washer-jet-nozzle-3-8-3546-0-014-0-35mm\/#breadcrumb\",\"itemListElement\":[{\"@type\":\"ListItem\",\"position\":1,\"name\":\"\u9996\u9875\",\"item\":\"https:\/\/panwinjet.com\/\"},{\"@type\":\"ListItem\",\"position\":2,\"name\":\"PRODUCT\",\"item\":\"https:\/\/panwinjet.com\/product\/\"},{\"@type\":\"ListItem\",\"position\":3,\"name\":\"Long life good quality water Blasting pressurized pump pressuring machine part clean washer Jet nozzle 3\/8-3546-0.014-0.35mm\"}]},{\"@type\":\"WebSite\",\"@id\":\"https:\/\/panwinjet.com\/#website\",\"url\":\"https:\/\/panwinjet.com\/\",\"name\":\"Panwin Machinery&amp;Equipment\",\"description\":\"Shenzhen Panwin Machinery&amp;Equipment Co.Ltd\",\"potentialAction\":[{\"@type\":\"SearchAction\",\"target\":{\"@type\":\"EntryPoint\",\"urlTemplate\":\"https:\/\/panwinjet.com\/?s={search_term_string}\"},\"query-input\":{\"@type\":\"PropertyValueSpecification\",\"valueRequired\":true,\"valueName\":\"search_term_string\"}}],\"inLanguage\":\"es\"}]}<\/script>\n<!-- \/ Yoast SEO plugin. -->","yoast_head_json":{"title":"Long life good quality water Blasting pressurized pump pressuring machine part clean washer Jet nozzle 3\/8-3546-0.014-0.35mm - Panwin Machinery&amp;Equipment","robots":{"index":"index","follow":"follow","max-snippet":"max-snippet:-1","max-image-preview":"max-image-preview:large","max-video-preview":"max-video-preview:-1"},"canonical":"https:\/\/panwinjet.com\/es\/producto\/long-life-good-quality-water-blasting-pressurized-pump-pressuring-machine-part-clean-washer-jet-nozzle-3-8-3546-0-014-0-35mm\/","og_locale":"es_ES","og_type":"article","og_title":"Long life good quality water Blasting pressurized pump pressuring machine part clean washer Jet nozzle 3\/8-3546-0.014-0.35mm - Panwin Machinery&amp;Equipment","og_description":"Product Feature And Application of Long life good quality water Blasting\u00a0pressurized pump\u00a0pressuring machine part clean\u00a0washer Jet\u00a0nozzle\u00a03\/8-3546-0.014-0.35mm  The Long life good quality water Blasting\u00a0pressurized pump\u00a0pressuring machine part clean\u00a0washer Jet\u00a0nozzle\u00a03\/8-3546-0.014-0.35mm are made of high-quality ruby and sapphire, it has advanced performance in spraying as mentioned below.  Nozzles Features:  Long-use time  High-Pressure Jets flow coherency  Powerful Spray stream  Excellent water Blasting performance  &nbsp;  A:Long lifetime Constant Jet Quality  B:High-Power and Focus Jet Stream  C:High Energy density and straight Jet  D:User-friendly to install and disassembly  Application:  UHP Water Blasting Construction Industry  Hydro Jet blaster Iron, Steel And Metal Industry  high pressure waterblaster\u00a0Mechanical\u00a0and Apparatus Engineering  Cements and Concrete Industry  high pressure barracuda\u00a0Surface cleaning  UHP hydro Jet cleaning equipment parts  Industrial Cleaning Spray Bars  hydro blasting machine\u00a0for petroleum refining industry  Hydro Jet Surface Cleaning,Tank&amp;Vessel Cleaning,  Heat Exchange Cleaning,  Automotive Painting cleaning Mining industry cleaning Steel manufacture cleaning etc.  High pressure sewer cleaning equipment\u00a0for municipal pipe networks\u00a0water supply and drainage pipelines;","og_url":"https:\/\/panwinjet.com\/es\/producto\/long-life-good-quality-water-blasting-pressurized-pump-pressuring-machine-part-clean-washer-jet-nozzle-3-8-3546-0-014-0-35mm\/","og_site_name":"Panwin Machinery&amp;Equipment","article_modified_time":"2025-09-19T16:01:09+00:00","og_image":[{"width":1279,"height":1706,"url":"https:\/\/panwinjet.com\/wp-content\/uploads\/2025\/09\/3-8-3546-0.014-0.35mm-3.jpg","type":"image\/jpeg"}],"twitter_card":"summary_large_image","twitter_misc":{"Tiempo de lectura":"1 minuto"},"schema":{"@context":"https:\/\/schema.org","@graph":[{"@type":"WebPage","@id":"https:\/\/panwinjet.com\/product\/long-life-good-quality-water-blasting-pressurized-pump-pressuring-machine-part-clean-washer-jet-nozzle-3-8-3546-0-014-0-35mm\/","url":"https:\/\/panwinjet.com\/product\/long-life-good-quality-water-blasting-pressurized-pump-pressuring-machine-part-clean-washer-jet-nozzle-3-8-3546-0-014-0-35mm\/","name":"Long life good quality water Blasting pressurized pump pressuring machine part clean washer Jet nozzle 3\/8-3546-0.014-0.35mm - Panwin Machinery&amp;Equipment","isPartOf":{"@id":"https:\/\/panwinjet.com\/#website"},"primaryImageOfPage":{"@id":"https:\/\/panwinjet.com\/product\/long-life-good-quality-water-blasting-pressurized-pump-pressuring-machine-part-clean-washer-jet-nozzle-3-8-3546-0-014-0-35mm\/#primaryimage"},"image":{"@id":"https:\/\/panwinjet.com\/product\/long-life-good-quality-water-blasting-pressurized-pump-pressuring-machine-part-clean-washer-jet-nozzle-3-8-3546-0-014-0-35mm\/#primaryimage"},"thumbnailUrl":"https:\/\/panwinjet.com\/wp-content\/uploads\/2025\/09\/3-8-3546-0.014-0.35mm-3.jpg","datePublished":"2025-09-19T16:01:08+00:00","dateModified":"2025-09-19T16:01:09+00:00","breadcrumb":{"@id":"https:\/\/panwinjet.com\/product\/long-life-good-quality-water-blasting-pressurized-pump-pressuring-machine-part-clean-washer-jet-nozzle-3-8-3546-0-014-0-35mm\/#breadcrumb"},"inLanguage":"es","potentialAction":[{"@type":"ReadAction","target":["https:\/\/panwinjet.com\/product\/long-life-good-quality-water-blasting-pressurized-pump-pressuring-machine-part-clean-washer-jet-nozzle-3-8-3546-0-014-0-35mm\/"]}]},{"@type":"ImageObject","inLanguage":"es","@id":"https:\/\/panwinjet.com\/product\/long-life-good-quality-water-blasting-pressurized-pump-pressuring-machine-part-clean-washer-jet-nozzle-3-8-3546-0-014-0-35mm\/#primaryimage","url":"https:\/\/panwinjet.com\/wp-content\/uploads\/2025\/09\/3-8-3546-0.014-0.35mm-3.jpg","contentUrl":"https:\/\/panwinjet.com\/wp-content\/uploads\/2025\/09\/3-8-3546-0.014-0.35mm-3.jpg","width":1279,"height":1706},{"@type":"BreadcrumbList","@id":"https:\/\/panwinjet.com\/product\/long-life-good-quality-water-blasting-pressurized-pump-pressuring-machine-part-clean-washer-jet-nozzle-3-8-3546-0-014-0-35mm\/#breadcrumb","itemListElement":[{"@type":"ListItem","position":1,"name":"\u9996\u9875","item":"https:\/\/panwinjet.com\/"},{"@type":"ListItem","position":2,"name":"PRODUCT","item":"https:\/\/panwinjet.com\/product\/"},{"@type":"ListItem","position":3,"name":"Long life good quality water Blasting pressurized pump pressuring machine part clean washer Jet nozzle 3\/8-3546-0.014-0.35mm"}]},{"@type":"WebSite","@id":"https:\/\/panwinjet.com\/#website","url":"https:\/\/panwinjet.com\/","name":"Panwin Machinery&amp;Equipment","description":"Shenzhen Panwin Machinery&amp;Equipment Co.Ltd","potentialAction":[{"@type":"SearchAction","target":{"@type":"EntryPoint","urlTemplate":"https:\/\/panwinjet.com\/?s={search_term_string}"},"query-input":{"@type":"PropertyValueSpecification","valueRequired":true,"valueName":"search_term_string"}}],"inLanguage":"es"}]}},"_links":{"self":[{"href":"https:\/\/panwinjet.com\/es\/wp-json\/wp\/v2\/product\/925","targetHints":{"allow":["GET"]}}],"collection":[{"href":"https:\/\/panwinjet.com\/es\/wp-json\/wp\/v2\/product"}],"about":[{"href":"https:\/\/panwinjet.com\/es\/wp-json\/wp\/v2\/types\/product"}],"wp:featuredmedia":[{"embeddable":true,"href":"https:\/\/panwinjet.com\/es\/wp-json\/wp\/v2\/media\/927"}],"wp:attachment":[{"href":"https:\/\/panwinjet.com\/es\/wp-json\/wp\/v2\/media?parent=925"}],"wp:term":[{"taxonomy":"product_brand","embeddable":true,"href":"https:\/\/panwinjet.com\/es\/wp-json\/wp\/v2\/product_brand?post=925"},{"taxonomy":"product_cat","embeddable":true,"href":"https:\/\/panwinjet.com\/es\/wp-json\/wp\/v2\/product_cat?post=925"},{"taxonomy":"product_tag","embeddable":true,"href":"https:\/\/panwinjet.com\/es\/wp-json\/wp\/v2\/product_tag?post=925"}],"curies":[{"name":"wp","href":"https:\/\/api.w.org\/{rel}","templated":true}]}}