{"id":904,"date":"2025-09-19T15:35:31","date_gmt":"2025-09-19T15:35:31","guid":{"rendered":"https:\/\/panwinjet.com\/?post_type=product&#038;p=904"},"modified":"2025-09-19T15:35:31","modified_gmt":"2025-09-19T15:35:31","slug":"new-2025-customized-cheap-surfaces-clean-pressurizing-pump-water-blast-nozzles-jet-3-8-3546-0-20mm","status":"publish","type":"product","link":"https:\/\/panwinjet.com\/es\/producto\/new-2025-customized-cheap-surfaces-clean-pressurizing-pump-water-blast-nozzles-jet-3-8-3546-0-20mm\/","title":{"rendered":"Nuevas boquillas de chorro de agua para bomba de presurizaci\u00f3n de superficies limpias personalizadas de 2025, de 3\/8-3546-0,20 mm"},"content":{"rendered":"<p>Nuevas boquillas de chorro de agua con bomba de presurizaci\u00f3n para limpieza de superficies econ\u00f3micas y personalizadas (2024) de 3\/8-3546-0,20 mm<\/p>\n<p><strong><b>1. Introducci\u00f3n del producto <\/b><\/strong>Nuevas boquillas de chorro de agua con bomba de presurizaci\u00f3n para limpieza de superficies econ\u00f3micas y personalizadas (2024) de 3\/8-3546-0,20 mm<\/p>\n<p>Para las nuevas boquillas de chorro de agua de bomba de presurizaci\u00f3n de superficies baratas personalizadas 2024, chorro de 3\/8-3546-0,20 mm, en la operaci\u00f3n de limpieza con chorro de agua, las boquillas son los componentes clave para una operaci\u00f3n de limpieza de rendimiento estable y de alta eficiencia.<\/p>\n<p>En Panwin ofrecemos a nuestros clientes boquillas de alta calidad para diferentes niveles de presi\u00f3n. Nuestras boquillas tienen una clasificaci\u00f3n UHP de hasta 55 Kpsi, con conexi\u00f3n de rosca 3\/8-24 UNF, y pueden insertarse en boquillas rotativas y barras de pulverizaci\u00f3n. El cuerpo de las boquillas est\u00e1 tratado t\u00e9rmicamente para endurecerse y fabricado con material de zafiro superior, lo que garantiza una larga vida \u00fatil y una alta calidad.<\/p>","protected":false},"excerpt":{"rendered":"<p>2. Par\u00e1metros del producto (especificaci\u00f3n) de la nueva bomba de presurizaci\u00f3n de superficies baratas personalizadas 2024, boquillas de chorro de agua de 3\/8-3546-0,20 mm<br \/>\nPara este precio de promoci\u00f3n de f\u00e1brica de China, nueva llegada, bomba de presurizaci\u00f3n de \u00e9mbolo triplex, boquillas de lavadora presurizada Jet-3\/8-24-0.228mm, hay dos tipos con \u00e1ngulo c\u00f3nico de 60\u00b0 y 120\u00b0, la presi\u00f3n es de 55,000 psi. Especificaci\u00f3n de detalles como se menciona a continuaci\u00f3n.<\/p>\n<p>Boquilla tipo A PW-3\/8-24-B<\/p>\n<p>Boquilla tipo B3. Caracter\u00edstica del producto y aplicaci\u00f3n de las nuevas boquillas de chorro de agua con bomba de presurizaci\u00f3n de limpieza de superficies baratas personalizadas 2024 3\/8-3546-0.20mm est\u00e1n hechas de rub\u00ed y zafiro de alta calidad, tiene un rendimiento avanzado en pulverizaci\u00f3n como se menciona a continuaci\u00f3n.<br \/>\nCaracter\u00edsticas de las boquillas:<br \/>\nTiempo de uso prolongado<br \/>\nCoherencia del flujo de chorros de alta presi\u00f3n<br \/>\nPotente chorro de agua<br \/>\nExcelente rendimiento en chorro de agua<\/p>\n<p>A: Larga vida \u00fatil y calidad de chorro constante<br \/>\nB: Corriente de chorro de alta potencia y enfoque<br \/>\nC: Alta densidad de energ\u00eda y chorro recto<br \/>\nD: F\u00e1cil de instalar y desmontar<\/p>\n<p>Solicitud:<br \/>\nIndustria de la construcci\u00f3n con chorro de agua a ultra alta presi\u00f3n<br \/>\nChorro de agua a presi\u00f3n por agua para la industria del hierro, el acero y los metales<br \/>\nIngenier\u00eda mec\u00e1nica y de aparatos para hidrolavadoras de alta presi\u00f3n<br \/>\nIndustria del cemento y el hormig\u00f3n<br \/>\nLimpieza de superficies con barracuda de alta presi\u00f3n<br \/>\nPiezas para equipos de limpieza UHP Hydro Jet<br \/>\nBarras pulverizadoras de limpieza industrial<br \/>\nM\u00e1quina de hidrolavado para la industria de refinaci\u00f3n de petr\u00f3leo<br \/>\nLimpieza de superficies con chorro de agua a presi\u00f3n, limpieza de tanques y recipientes.<br \/>\nLimpieza del intercambiador de calor,<br \/>\nLimpieza de pintura de autom\u00f3viles, limpieza de la industria minera, limpieza de f\u00e1bricas de acero, etc.<br \/>\nEquipos de limpieza de alcantarillado de alta presi\u00f3n para redes de tuber\u00edas municipales de suministro de agua y drenaje;<\/p>","protected":false},"featured_media":908,"template":"","meta":[],"product_brand":[],"product_cat":[3],"product_tag":[],"class_list":{"0":"post-904","1":"product","2":"type-product","3":"status-publish","4":"has-post-thumbnail","6":"product_cat-sapphire-nozzles","8":"first","9":"instock","10":"shipping-taxable","11":"product-type-simple"},"yoast_head":"<!-- This site is optimized with the Yoast SEO plugin v24.9 - https:\/\/yoast.com\/wordpress\/plugins\/seo\/ -->\n<title>New 2025 Customized cheap surfaces clean pressurizing pump water blast nozzles jet 3\/8-3546-0.20mm - Panwin Machinery&amp;Equipment<\/title>\n<meta name=\"robots\" content=\"index, follow, max-snippet:-1, max-image-preview:large, max-video-preview:-1\" \/>\n<link rel=\"canonical\" href=\"https:\/\/panwinjet.com\/es\/producto\/new-2025-customized-cheap-surfaces-clean-pressurizing-pump-water-blast-nozzles-jet-3-8-3546-0-20mm\/\" \/>\n<meta property=\"og:locale\" content=\"es_ES\" \/>\n<meta property=\"og:type\" content=\"article\" \/>\n<meta property=\"og:title\" content=\"New 2025 Customized cheap surfaces clean pressurizing pump water blast nozzles jet 3\/8-3546-0.20mm - Panwin Machinery&amp;Equipment\" \/>\n<meta property=\"og:description\" content=\"2.Product Parameter (Specification) of New 2024 Customized cheap surfaces clean pressurizing pump water blast nozzles jet 3\/8-3546-0.20mm For this China factory promotion price New arrival Triplex Plunger pressurizing pump pressurized washer Nozzles Jet-3\/8-24-0.228mm,there are two types with Taper angle 60\u00b0and 120\u00b0, the pressure is 55,000psi.details specification as mentioned below.  PW-3\/8-24-B Nozzle Type A  PW-3\/8-24-B Nozzle Type B3.Product Feature And Application of New 2024 Customized cheap surfaces clean pressurizing pump water blast nozzles jet 3\/8-3546-0.20mm are made of high-quality ruby and sapphire, it has advanced performance in spraying as mentioned below. Nozzles Features: Long-use time High-Pressure Jets flow coherency Powerful Spray stream Excellent water Blasting performance  A:Long lifetime Constant Jet Quality B:High-Power and Focus Jet Stream C:High Energy density and straight Jet D:User-friendly to install and disassembly  Application: UHP Water Blasting Construction Industry Hydro Jet blaster Iron, Steel And Metal Industry high pressure waterblaster Mechanical and Apparatus Engineering Cements and Concrete Industry high pressure barracuda Surface cleaning UHP hydro Jet cleaning equipment parts Industrial Cleaning Spray Bars hydro blasting machine for petroleum refining industry Hydro Jet Surface Cleaning,Tank&amp;Vessel Cleaning, Heat Exchange Cleaning, Automotive Painting cleaning Mining industry cleaning Steel manufacture cleaning etc. High pressure sewer cleaning equipment for municipal pipe networks water supply and drainage pipelines;\" \/>\n<meta property=\"og:url\" content=\"https:\/\/panwinjet.com\/es\/producto\/new-2025-customized-cheap-surfaces-clean-pressurizing-pump-water-blast-nozzles-jet-3-8-3546-0-20mm\/\" \/>\n<meta property=\"og:site_name\" content=\"Panwin Machinery&amp;Equipment\" \/>\n<meta property=\"og:image\" content=\"https:\/\/panwinjet.com\/wp-content\/uploads\/2025\/09\/3-8-3546-0.20mm-6.jpg\" \/>\n\t<meta property=\"og:image:width\" content=\"1705\" \/>\n\t<meta property=\"og:image:height\" content=\"1279\" \/>\n\t<meta property=\"og:image:type\" content=\"image\/jpeg\" \/>\n<meta name=\"twitter:card\" content=\"summary_large_image\" \/>\n<meta name=\"twitter:label1\" content=\"Tiempo de lectura\" \/>\n\t<meta name=\"twitter:data1\" content=\"1 minuto\" \/>\n<script type=\"application\/ld+json\" class=\"yoast-schema-graph\">{\"@context\":\"https:\/\/schema.org\",\"@graph\":[{\"@type\":\"WebPage\",\"@id\":\"https:\/\/panwinjet.com\/product\/new-2025-customized-cheap-surfaces-clean-pressurizing-pump-water-blast-nozzles-jet-3-8-3546-0-20mm\/\",\"url\":\"https:\/\/panwinjet.com\/product\/new-2025-customized-cheap-surfaces-clean-pressurizing-pump-water-blast-nozzles-jet-3-8-3546-0-20mm\/\",\"name\":\"New 2025 Customized cheap surfaces clean pressurizing pump water blast nozzles jet 3\/8-3546-0.20mm - Panwin Machinery&amp;Equipment\",\"isPartOf\":{\"@id\":\"https:\/\/panwinjet.com\/#website\"},\"primaryImageOfPage\":{\"@id\":\"https:\/\/panwinjet.com\/product\/new-2025-customized-cheap-surfaces-clean-pressurizing-pump-water-blast-nozzles-jet-3-8-3546-0-20mm\/#primaryimage\"},\"image\":{\"@id\":\"https:\/\/panwinjet.com\/product\/new-2025-customized-cheap-surfaces-clean-pressurizing-pump-water-blast-nozzles-jet-3-8-3546-0-20mm\/#primaryimage\"},\"thumbnailUrl\":\"https:\/\/panwinjet.com\/wp-content\/uploads\/2025\/09\/3-8-3546-0.20mm-6.jpg\",\"datePublished\":\"2025-09-19T15:35:31+00:00\",\"breadcrumb\":{\"@id\":\"https:\/\/panwinjet.com\/product\/new-2025-customized-cheap-surfaces-clean-pressurizing-pump-water-blast-nozzles-jet-3-8-3546-0-20mm\/#breadcrumb\"},\"inLanguage\":\"es\",\"potentialAction\":[{\"@type\":\"ReadAction\",\"target\":[\"https:\/\/panwinjet.com\/product\/new-2025-customized-cheap-surfaces-clean-pressurizing-pump-water-blast-nozzles-jet-3-8-3546-0-20mm\/\"]}]},{\"@type\":\"ImageObject\",\"inLanguage\":\"es\",\"@id\":\"https:\/\/panwinjet.com\/product\/new-2025-customized-cheap-surfaces-clean-pressurizing-pump-water-blast-nozzles-jet-3-8-3546-0-20mm\/#primaryimage\",\"url\":\"https:\/\/panwinjet.com\/wp-content\/uploads\/2025\/09\/3-8-3546-0.20mm-6.jpg\",\"contentUrl\":\"https:\/\/panwinjet.com\/wp-content\/uploads\/2025\/09\/3-8-3546-0.20mm-6.jpg\",\"width\":1705,\"height\":1279},{\"@type\":\"BreadcrumbList\",\"@id\":\"https:\/\/panwinjet.com\/product\/new-2025-customized-cheap-surfaces-clean-pressurizing-pump-water-blast-nozzles-jet-3-8-3546-0-20mm\/#breadcrumb\",\"itemListElement\":[{\"@type\":\"ListItem\",\"position\":1,\"name\":\"\u9996\u9875\",\"item\":\"https:\/\/panwinjet.com\/\"},{\"@type\":\"ListItem\",\"position\":2,\"name\":\"PRODUCT\",\"item\":\"https:\/\/panwinjet.com\/product\/\"},{\"@type\":\"ListItem\",\"position\":3,\"name\":\"New 2025 Customized cheap surfaces clean pressurizing pump water blast nozzles jet 3\/8-3546-0.20mm\"}]},{\"@type\":\"WebSite\",\"@id\":\"https:\/\/panwinjet.com\/#website\",\"url\":\"https:\/\/panwinjet.com\/\",\"name\":\"Panwin Machinery&amp;Equipment\",\"description\":\"Shenzhen Panwin Machinery&amp;Equipment Co.Ltd\",\"potentialAction\":[{\"@type\":\"SearchAction\",\"target\":{\"@type\":\"EntryPoint\",\"urlTemplate\":\"https:\/\/panwinjet.com\/?s={search_term_string}\"},\"query-input\":{\"@type\":\"PropertyValueSpecification\",\"valueRequired\":true,\"valueName\":\"search_term_string\"}}],\"inLanguage\":\"es\"}]}<\/script>\n<!-- \/ Yoast SEO plugin. -->","yoast_head_json":{"title":"New 2025 Customized cheap surfaces clean pressurizing pump water blast nozzles jet 3\/8-3546-0.20mm - Panwin Machinery&amp;Equipment","robots":{"index":"index","follow":"follow","max-snippet":"max-snippet:-1","max-image-preview":"max-image-preview:large","max-video-preview":"max-video-preview:-1"},"canonical":"https:\/\/panwinjet.com\/es\/producto\/new-2025-customized-cheap-surfaces-clean-pressurizing-pump-water-blast-nozzles-jet-3-8-3546-0-20mm\/","og_locale":"es_ES","og_type":"article","og_title":"New 2025 Customized cheap surfaces clean pressurizing pump water blast nozzles jet 3\/8-3546-0.20mm - Panwin Machinery&amp;Equipment","og_description":"2.Product Parameter (Specification) of New 2024 Customized cheap surfaces clean pressurizing pump water blast nozzles jet 3\/8-3546-0.20mm For this China factory promotion price New arrival Triplex Plunger pressurizing pump pressurized washer Nozzles Jet-3\/8-24-0.228mm,there are two types with Taper angle 60\u00b0and 120\u00b0, the pressure is 55,000psi.details specification as mentioned below.  PW-3\/8-24-B Nozzle Type A  PW-3\/8-24-B Nozzle Type B3.Product Feature And Application of New 2024 Customized cheap surfaces clean pressurizing pump water blast nozzles jet 3\/8-3546-0.20mm are made of high-quality ruby and sapphire, it has advanced performance in spraying as mentioned below. Nozzles Features: Long-use time High-Pressure Jets flow coherency Powerful Spray stream Excellent water Blasting performance  A:Long lifetime Constant Jet Quality B:High-Power and Focus Jet Stream C:High Energy density and straight Jet D:User-friendly to install and disassembly  Application: UHP Water Blasting Construction Industry Hydro Jet blaster Iron, Steel And Metal Industry high pressure waterblaster Mechanical and Apparatus Engineering Cements and Concrete Industry high pressure barracuda Surface cleaning UHP hydro Jet cleaning equipment parts Industrial Cleaning Spray Bars hydro blasting machine for petroleum refining industry Hydro Jet Surface Cleaning,Tank&amp;Vessel Cleaning, Heat Exchange Cleaning, Automotive Painting cleaning Mining industry cleaning Steel manufacture cleaning etc. High pressure sewer cleaning equipment for municipal pipe networks water supply and drainage pipelines;","og_url":"https:\/\/panwinjet.com\/es\/producto\/new-2025-customized-cheap-surfaces-clean-pressurizing-pump-water-blast-nozzles-jet-3-8-3546-0-20mm\/","og_site_name":"Panwin Machinery&amp;Equipment","og_image":[{"width":1705,"height":1279,"url":"https:\/\/panwinjet.com\/wp-content\/uploads\/2025\/09\/3-8-3546-0.20mm-6.jpg","type":"image\/jpeg"}],"twitter_card":"summary_large_image","twitter_misc":{"Tiempo de lectura":"1 minuto"},"schema":{"@context":"https:\/\/schema.org","@graph":[{"@type":"WebPage","@id":"https:\/\/panwinjet.com\/product\/new-2025-customized-cheap-surfaces-clean-pressurizing-pump-water-blast-nozzles-jet-3-8-3546-0-20mm\/","url":"https:\/\/panwinjet.com\/product\/new-2025-customized-cheap-surfaces-clean-pressurizing-pump-water-blast-nozzles-jet-3-8-3546-0-20mm\/","name":"New 2025 Customized cheap surfaces clean pressurizing pump water blast nozzles jet 3\/8-3546-0.20mm - Panwin Machinery&amp;Equipment","isPartOf":{"@id":"https:\/\/panwinjet.com\/#website"},"primaryImageOfPage":{"@id":"https:\/\/panwinjet.com\/product\/new-2025-customized-cheap-surfaces-clean-pressurizing-pump-water-blast-nozzles-jet-3-8-3546-0-20mm\/#primaryimage"},"image":{"@id":"https:\/\/panwinjet.com\/product\/new-2025-customized-cheap-surfaces-clean-pressurizing-pump-water-blast-nozzles-jet-3-8-3546-0-20mm\/#primaryimage"},"thumbnailUrl":"https:\/\/panwinjet.com\/wp-content\/uploads\/2025\/09\/3-8-3546-0.20mm-6.jpg","datePublished":"2025-09-19T15:35:31+00:00","breadcrumb":{"@id":"https:\/\/panwinjet.com\/product\/new-2025-customized-cheap-surfaces-clean-pressurizing-pump-water-blast-nozzles-jet-3-8-3546-0-20mm\/#breadcrumb"},"inLanguage":"es","potentialAction":[{"@type":"ReadAction","target":["https:\/\/panwinjet.com\/product\/new-2025-customized-cheap-surfaces-clean-pressurizing-pump-water-blast-nozzles-jet-3-8-3546-0-20mm\/"]}]},{"@type":"ImageObject","inLanguage":"es","@id":"https:\/\/panwinjet.com\/product\/new-2025-customized-cheap-surfaces-clean-pressurizing-pump-water-blast-nozzles-jet-3-8-3546-0-20mm\/#primaryimage","url":"https:\/\/panwinjet.com\/wp-content\/uploads\/2025\/09\/3-8-3546-0.20mm-6.jpg","contentUrl":"https:\/\/panwinjet.com\/wp-content\/uploads\/2025\/09\/3-8-3546-0.20mm-6.jpg","width":1705,"height":1279},{"@type":"BreadcrumbList","@id":"https:\/\/panwinjet.com\/product\/new-2025-customized-cheap-surfaces-clean-pressurizing-pump-water-blast-nozzles-jet-3-8-3546-0-20mm\/#breadcrumb","itemListElement":[{"@type":"ListItem","position":1,"name":"\u9996\u9875","item":"https:\/\/panwinjet.com\/"},{"@type":"ListItem","position":2,"name":"PRODUCT","item":"https:\/\/panwinjet.com\/product\/"},{"@type":"ListItem","position":3,"name":"New 2025 Customized cheap surfaces clean pressurizing pump water blast nozzles jet 3\/8-3546-0.20mm"}]},{"@type":"WebSite","@id":"https:\/\/panwinjet.com\/#website","url":"https:\/\/panwinjet.com\/","name":"Panwin Machinery&amp;Equipment","description":"Shenzhen Panwin Machinery&amp;Equipment Co.Ltd","potentialAction":[{"@type":"SearchAction","target":{"@type":"EntryPoint","urlTemplate":"https:\/\/panwinjet.com\/?s={search_term_string}"},"query-input":{"@type":"PropertyValueSpecification","valueRequired":true,"valueName":"search_term_string"}}],"inLanguage":"es"}]}},"_links":{"self":[{"href":"https:\/\/panwinjet.com\/es\/wp-json\/wp\/v2\/product\/904","targetHints":{"allow":["GET"]}}],"collection":[{"href":"https:\/\/panwinjet.com\/es\/wp-json\/wp\/v2\/product"}],"about":[{"href":"https:\/\/panwinjet.com\/es\/wp-json\/wp\/v2\/types\/product"}],"wp:featuredmedia":[{"embeddable":true,"href":"https:\/\/panwinjet.com\/es\/wp-json\/wp\/v2\/media\/908"}],"wp:attachment":[{"href":"https:\/\/panwinjet.com\/es\/wp-json\/wp\/v2\/media?parent=904"}],"wp:term":[{"taxonomy":"product_brand","embeddable":true,"href":"https:\/\/panwinjet.com\/es\/wp-json\/wp\/v2\/product_brand?post=904"},{"taxonomy":"product_cat","embeddable":true,"href":"https:\/\/panwinjet.com\/es\/wp-json\/wp\/v2\/product_cat?post=904"},{"taxonomy":"product_tag","embeddable":true,"href":"https:\/\/panwinjet.com\/es\/wp-json\/wp\/v2\/product_tag?post=904"}],"curies":[{"name":"wp","href":"https:\/\/api.w.org\/{rel}","templated":true}]}}