{"id":896,"date":"2025-09-19T15:22:53","date_gmt":"2025-09-19T15:22:53","guid":{"rendered":"https:\/\/panwinjet.com\/?post_type=product&#038;p=896"},"modified":"2025-09-19T15:22:54","modified_gmt":"2025-09-19T15:22:54","slug":"uhp-2500bar-water-blasting-cleaning-machine-type-a-alloy-nozzles-for-hammelmann-type-alloy-nozzles","status":"publish","type":"product","link":"https:\/\/panwinjet.com\/es\/producto\/uhp-2500bar-water-blasting-cleaning-machine-type-a-alloy-nozzles-for-hammelmann-type-alloy-nozzles\/","title":{"rendered":"M\u00e1quina de limpieza con chorro de agua UHP 2500Bar. Boquillas de aleaci\u00f3n tipo A para boquillas de aleaci\u00f3n tipo Hammelmann."},"content":{"rendered":"<p><strong><b>Introducci\u00f3n de producto de<\/b><\/strong><strong><b>\u00a0UHP 2500 Bar <\/b><\/strong><strong><b>M\u00e1quina de limpieza con chorro de agua<\/b><\/strong><strong><b>\u00a0Aleaci\u00f3n tipo A <\/b><\/strong><strong><b>boquillas <\/b><\/strong><strong><b>para <\/b><\/strong><strong><b>Boquillas de aleaci\u00f3n tipo Hammelmann <\/b><\/strong><\/p>\n<p><strong><b>Para <\/b><\/strong><strong><b>UHP 2500 Bar <\/b><\/strong><strong><b>M\u00e1quina de limpieza con chorro de agua<\/b><\/strong><strong><b>\u00a0Aleaci\u00f3n tipo A <\/b><\/strong><strong><b>boquillas <\/b><\/strong><strong><b>para <\/b><\/strong><strong><b>Boquillas de aleaci\u00f3n tipo Hammelmann,i<\/b><\/strong><strong><b>n Operaci\u00f3n de limpieza con chorro de agua, la <\/b><\/strong><strong><b>Boquillas de aleaci\u00f3n<\/b><\/strong><strong><b>\u00a0Son los componentes clave para una operaci\u00f3n de limpieza de alto rendimiento y estable. <\/b><\/strong><\/p>\n<p><strong><b>En Panwin ofrecemos a nuestros clientes boquillas de alta calidad para diferentes niveles de presi\u00f3n, nuestras boquillas tienen clasificaci\u00f3n UHP hasta <\/b><\/strong><strong><b>2500 bares,<\/b><\/strong><strong><b>Se puede insertar en el <\/b><\/strong><strong><b>boquillas rotativas<\/b><\/strong><strong><b>\u00a0y<\/b><\/strong><strong><b>\u00a0barras rociadoras<\/b><\/strong><strong><b>.<\/b><\/strong><\/p>\n<p><strong><b>Este <\/b><\/strong><strong><b>Aleaci\u00f3n <\/b><\/strong><strong><b>boquillas <\/b><\/strong><strong><b>para <\/b><\/strong><strong><b>Boquillas de aleaci\u00f3n tipo Hammelmann<\/b><\/strong><strong><b>\u00a0es hacer de<\/b><\/strong><strong><b>\u00a0<\/b><\/strong><strong><b>Barra de acero de tungsteno en bruto, el di\u00e1metro es de 14 mm, ya que el di\u00e1metro de las boquillas es de 12 mm, ya que la dureza del acero de tungsteno hasta 92,7 grados, por lo que el acabado de la superficie es de alto grado.<\/b><\/strong><\/p>","protected":false},"excerpt":{"rendered":"<ol start=\"2\">\n<li><b><\/b><strong><b>Par\u00e1metro del producto (especificaci\u00f3n) de <\/b><\/strong><strong><b>UHP 2500 Bar <\/b><\/strong><strong><b>M\u00e1quina de limpieza con chorro de agua<\/b><\/strong><strong><b>Aleaci\u00f3n tipo A <\/b><\/strong><strong><b>boquillas <\/b><\/strong><strong><b>para <\/b><\/strong><strong><b>Boquillas de aleaci\u00f3n tipo Hammelmann<\/b><\/strong><\/li>\n<\/ol>\n<p>Para esto <strong><b>UHP 2500 Bar <\/b><\/strong><strong><b>M\u00e1quina de limpieza con chorro de agua<\/b><\/strong><strong><b>\u00a0Aleaci\u00f3n tipo A <\/b><\/strong><strong><b>boquillas <\/b><\/strong><strong><b>para <\/b><\/strong><strong><b>Boquillas de aleaci\u00f3n tipo Hammelmann<\/b><\/strong><\/p>\n<p><strong><b>Tasa de presi\u00f3n:<\/b><\/strong>2500 bares<\/p>\n<p><strong><b>Dimensi\u00f3n<\/b><\/strong><strong><b>:<\/b><\/strong><strong><b>\u00a08\/12 x 24 mm<\/b><\/strong><\/p>\n<p><strong><b>Di\u00e1metro de las boquillas<\/b><\/strong><strong><b>:<\/b><\/strong><strong><b> 12 mm<\/b><\/strong><\/p>\n<ol start=\"3\">\n<li><b><\/b><strong><b>Caracter\u00edsticas y aplicaciones del producto <\/b><\/strong><strong><b>UHP 2500 Bar <\/b><\/strong><strong><b>M\u00e1quina de limpieza con chorro de agua<\/b><\/strong><strong><b>Aleaci\u00f3n tipo A <\/b><\/strong><strong><b>boquillas <\/b><\/strong><strong><b>para <\/b><\/strong><strong><b>Boquillas de aleaci\u00f3n tipo Hammelmann<\/b><\/strong><\/li>\n<li><b><\/b><strong><b>El <\/b><\/strong><strong><b>UHP 2500 Bar <\/b><\/strong><strong><b>M\u00e1quina de limpieza con chorro de agua<\/b><\/strong><strong><b>Aleaci\u00f3n tipo A <\/b><\/strong><strong><b>boquillas <\/b><\/strong><strong><b>para <\/b><\/strong><strong><b>Las boquillas de aleaci\u00f3n tipo Hammelmann est\u00e1n hechas de <\/b><\/strong><strong>Barra de acero de tungsteno en bruto<\/strong><strong><b>, tiene un rendimiento avanzado en pulverizaci\u00f3n como se menciona a continuaci\u00f3n.<\/b><\/strong><\/li>\n<\/ol>\n<p><strong><b>Caracter\u00edsticas de las boquillas:<\/b><\/strong><\/p>\n<p><strong>1) Ventaja material:<\/strong><strong>Barra de acero de tungsteno en bruto<\/strong><\/p>\n<p><strong>2) Alta dureza, alta densidad y alto grado de acabado superficial para tener una vida \u00fatil m\u00e1s larga y una mejor l\u00ednea de agua.<\/strong><\/p>\n<p><strong>3)<\/strong><strong>:F\u00e1cil de instalar y usar. <\/strong><strong>desmontaje<\/strong><\/p>\n<p><strong><b>4:<\/b><\/strong><strong><b>Detalles del producto <\/b><\/strong><strong><b>UHP 2500 Bar <\/b><\/strong><strong><b>M\u00e1quina de limpieza con chorro de agua<\/b><\/strong><strong><b>\u00a0Aleaci\u00f3n tipo A <\/b><\/strong><strong><b>boquillas <\/b><\/strong><strong><b>para <\/b><\/strong><strong><b>Boquillas de aleaci\u00f3n tipo Hammelmann <\/b><\/strong><\/p>","protected":false},"featured_media":900,"template":"","meta":[],"product_brand":[],"product_cat":[3],"product_tag":[],"class_list":{"0":"post-896","1":"product","2":"type-product","3":"status-publish","4":"has-post-thumbnail","6":"product_cat-sapphire-nozzles","8":"first","9":"instock","10":"shipping-taxable","11":"product-type-simple"},"yoast_head":"<!-- This site is optimized with the Yoast SEO plugin v24.9 - https:\/\/yoast.com\/wordpress\/plugins\/seo\/ -->\n<title>UHP 2500Bar Water blasting cleaning machine Type A Alloy nozzles for Hammelmann Type Alloy Nozzles - Panwin Machinery&amp;Equipment<\/title>\n<meta name=\"robots\" content=\"index, follow, max-snippet:-1, max-image-preview:large, max-video-preview:-1\" \/>\n<link rel=\"canonical\" href=\"https:\/\/panwinjet.com\/es\/producto\/uhp-2500bar-water-blasting-cleaning-machine-type-a-alloy-nozzles-for-hammelmann-type-alloy-nozzles\/\" \/>\n<meta property=\"og:locale\" content=\"es_ES\" \/>\n<meta property=\"og:type\" content=\"article\" \/>\n<meta property=\"og:title\" content=\"UHP 2500Bar Water blasting cleaning machine Type A Alloy nozzles for Hammelmann Type Alloy Nozzles - Panwin Machinery&amp;Equipment\" \/>\n<meta property=\"og:description\" content=\"Product Parameter (Specification) of UHP 2500Bar Water blasting cleaning machineType A Alloy nozzles for Hammelmann Type Alloy Nozzles  For this UHP 2500Bar Water blasting cleaning machine\u00a0Type A Alloy nozzles for Hammelmann Type Alloy Nozzles  Pressure Rate:2500Bar  Dimension:\u00a08\/12X24mm  Nozzles Diameter: 12mm   Product Feature And Application of UHP 2500Bar Water blasting cleaning machineType A Alloy nozzles for Hammelmann Type Alloy Nozzles  The UHP 2500Bar Water blasting cleaning machineType A Alloy nozzles for Hammelmann Type Alloy Nozzles are made of tungsten steel raw Bar, it has advanced performance in spraying as mentioned below.  Nozzles Features:  1) Material advantage:tungsten steel raw Bar  2) High Hardness, high density and high surface finish degree to have longer life and better water line.  3):User-friendly to install and disassembly  4:Product Details of UHP 2500Bar Water blasting cleaning machine\u00a0Type A Alloy nozzles for Hammelmann Type Alloy Nozzles\" \/>\n<meta property=\"og:url\" content=\"https:\/\/panwinjet.com\/es\/producto\/uhp-2500bar-water-blasting-cleaning-machine-type-a-alloy-nozzles-for-hammelmann-type-alloy-nozzles\/\" \/>\n<meta property=\"og:site_name\" content=\"Panwin Machinery&amp;Equipment\" \/>\n<meta property=\"article:modified_time\" content=\"2025-09-19T15:22:54+00:00\" \/>\n<meta property=\"og:image\" content=\"https:\/\/panwinjet.com\/wp-content\/uploads\/2025\/09\/Alloy-Nozzles-2-4.jpg\" \/>\n\t<meta property=\"og:image:width\" content=\"450\" \/>\n\t<meta property=\"og:image:height\" content=\"800\" \/>\n\t<meta property=\"og:image:type\" content=\"image\/jpeg\" \/>\n<meta name=\"twitter:card\" content=\"summary_large_image\" \/>\n<meta name=\"twitter:label1\" content=\"Tiempo de lectura\" \/>\n\t<meta name=\"twitter:data1\" content=\"1 minuto\" \/>\n<script type=\"application\/ld+json\" class=\"yoast-schema-graph\">{\"@context\":\"https:\/\/schema.org\",\"@graph\":[{\"@type\":\"WebPage\",\"@id\":\"https:\/\/panwinjet.com\/product\/uhp-2500bar-water-blasting-cleaning-machine-type-a-alloy-nozzles-for-hammelmann-type-alloy-nozzles\/\",\"url\":\"https:\/\/panwinjet.com\/product\/uhp-2500bar-water-blasting-cleaning-machine-type-a-alloy-nozzles-for-hammelmann-type-alloy-nozzles\/\",\"name\":\"UHP 2500Bar Water blasting cleaning machine Type A Alloy nozzles for Hammelmann Type Alloy Nozzles - Panwin Machinery&amp;Equipment\",\"isPartOf\":{\"@id\":\"https:\/\/panwinjet.com\/#website\"},\"primaryImageOfPage\":{\"@id\":\"https:\/\/panwinjet.com\/product\/uhp-2500bar-water-blasting-cleaning-machine-type-a-alloy-nozzles-for-hammelmann-type-alloy-nozzles\/#primaryimage\"},\"image\":{\"@id\":\"https:\/\/panwinjet.com\/product\/uhp-2500bar-water-blasting-cleaning-machine-type-a-alloy-nozzles-for-hammelmann-type-alloy-nozzles\/#primaryimage\"},\"thumbnailUrl\":\"https:\/\/panwinjet.com\/wp-content\/uploads\/2025\/09\/Alloy-Nozzles-2-4.jpg\",\"datePublished\":\"2025-09-19T15:22:53+00:00\",\"dateModified\":\"2025-09-19T15:22:54+00:00\",\"breadcrumb\":{\"@id\":\"https:\/\/panwinjet.com\/product\/uhp-2500bar-water-blasting-cleaning-machine-type-a-alloy-nozzles-for-hammelmann-type-alloy-nozzles\/#breadcrumb\"},\"inLanguage\":\"es\",\"potentialAction\":[{\"@type\":\"ReadAction\",\"target\":[\"https:\/\/panwinjet.com\/product\/uhp-2500bar-water-blasting-cleaning-machine-type-a-alloy-nozzles-for-hammelmann-type-alloy-nozzles\/\"]}]},{\"@type\":\"ImageObject\",\"inLanguage\":\"es\",\"@id\":\"https:\/\/panwinjet.com\/product\/uhp-2500bar-water-blasting-cleaning-machine-type-a-alloy-nozzles-for-hammelmann-type-alloy-nozzles\/#primaryimage\",\"url\":\"https:\/\/panwinjet.com\/wp-content\/uploads\/2025\/09\/Alloy-Nozzles-2-4.jpg\",\"contentUrl\":\"https:\/\/panwinjet.com\/wp-content\/uploads\/2025\/09\/Alloy-Nozzles-2-4.jpg\",\"width\":450,\"height\":800},{\"@type\":\"BreadcrumbList\",\"@id\":\"https:\/\/panwinjet.com\/product\/uhp-2500bar-water-blasting-cleaning-machine-type-a-alloy-nozzles-for-hammelmann-type-alloy-nozzles\/#breadcrumb\",\"itemListElement\":[{\"@type\":\"ListItem\",\"position\":1,\"name\":\"\u9996\u9875\",\"item\":\"https:\/\/panwinjet.com\/\"},{\"@type\":\"ListItem\",\"position\":2,\"name\":\"PRODUCT\",\"item\":\"https:\/\/panwinjet.com\/product\/\"},{\"@type\":\"ListItem\",\"position\":3,\"name\":\"UHP 2500Bar Water blasting cleaning machine Type A Alloy nozzles for Hammelmann Type Alloy Nozzles\"}]},{\"@type\":\"WebSite\",\"@id\":\"https:\/\/panwinjet.com\/#website\",\"url\":\"https:\/\/panwinjet.com\/\",\"name\":\"Panwin Machinery&amp;Equipment\",\"description\":\"Shenzhen Panwin Machinery&amp;Equipment Co.Ltd\",\"potentialAction\":[{\"@type\":\"SearchAction\",\"target\":{\"@type\":\"EntryPoint\",\"urlTemplate\":\"https:\/\/panwinjet.com\/?s={search_term_string}\"},\"query-input\":{\"@type\":\"PropertyValueSpecification\",\"valueRequired\":true,\"valueName\":\"search_term_string\"}}],\"inLanguage\":\"es\"}]}<\/script>\n<!-- \/ Yoast SEO plugin. -->","yoast_head_json":{"title":"UHP 2500Bar Water blasting cleaning machine Type A Alloy nozzles for Hammelmann Type Alloy Nozzles - Panwin Machinery&amp;Equipment","robots":{"index":"index","follow":"follow","max-snippet":"max-snippet:-1","max-image-preview":"max-image-preview:large","max-video-preview":"max-video-preview:-1"},"canonical":"https:\/\/panwinjet.com\/es\/producto\/uhp-2500bar-water-blasting-cleaning-machine-type-a-alloy-nozzles-for-hammelmann-type-alloy-nozzles\/","og_locale":"es_ES","og_type":"article","og_title":"UHP 2500Bar Water blasting cleaning machine Type A Alloy nozzles for Hammelmann Type Alloy Nozzles - Panwin Machinery&amp;Equipment","og_description":"Product Parameter (Specification) of UHP 2500Bar Water blasting cleaning machineType A Alloy nozzles for Hammelmann Type Alloy Nozzles  For this UHP 2500Bar Water blasting cleaning machine\u00a0Type A Alloy nozzles for Hammelmann Type Alloy Nozzles  Pressure Rate:2500Bar  Dimension:\u00a08\/12X24mm  Nozzles Diameter: 12mm   Product Feature And Application of UHP 2500Bar Water blasting cleaning machineType A Alloy nozzles for Hammelmann Type Alloy Nozzles  The UHP 2500Bar Water blasting cleaning machineType A Alloy nozzles for Hammelmann Type Alloy Nozzles are made of tungsten steel raw Bar, it has advanced performance in spraying as mentioned below.  Nozzles Features:  1) Material advantage:tungsten steel raw Bar  2) High Hardness, high density and high surface finish degree to have longer life and better water line.  3):User-friendly to install and disassembly  4:Product Details of UHP 2500Bar Water blasting cleaning machine\u00a0Type A Alloy nozzles for Hammelmann Type Alloy Nozzles","og_url":"https:\/\/panwinjet.com\/es\/producto\/uhp-2500bar-water-blasting-cleaning-machine-type-a-alloy-nozzles-for-hammelmann-type-alloy-nozzles\/","og_site_name":"Panwin Machinery&amp;Equipment","article_modified_time":"2025-09-19T15:22:54+00:00","og_image":[{"width":450,"height":800,"url":"https:\/\/panwinjet.com\/wp-content\/uploads\/2025\/09\/Alloy-Nozzles-2-4.jpg","type":"image\/jpeg"}],"twitter_card":"summary_large_image","twitter_misc":{"Tiempo de lectura":"1 minuto"},"schema":{"@context":"https:\/\/schema.org","@graph":[{"@type":"WebPage","@id":"https:\/\/panwinjet.com\/product\/uhp-2500bar-water-blasting-cleaning-machine-type-a-alloy-nozzles-for-hammelmann-type-alloy-nozzles\/","url":"https:\/\/panwinjet.com\/product\/uhp-2500bar-water-blasting-cleaning-machine-type-a-alloy-nozzles-for-hammelmann-type-alloy-nozzles\/","name":"UHP 2500Bar Water blasting cleaning machine Type A Alloy nozzles for Hammelmann Type Alloy Nozzles - Panwin Machinery&amp;Equipment","isPartOf":{"@id":"https:\/\/panwinjet.com\/#website"},"primaryImageOfPage":{"@id":"https:\/\/panwinjet.com\/product\/uhp-2500bar-water-blasting-cleaning-machine-type-a-alloy-nozzles-for-hammelmann-type-alloy-nozzles\/#primaryimage"},"image":{"@id":"https:\/\/panwinjet.com\/product\/uhp-2500bar-water-blasting-cleaning-machine-type-a-alloy-nozzles-for-hammelmann-type-alloy-nozzles\/#primaryimage"},"thumbnailUrl":"https:\/\/panwinjet.com\/wp-content\/uploads\/2025\/09\/Alloy-Nozzles-2-4.jpg","datePublished":"2025-09-19T15:22:53+00:00","dateModified":"2025-09-19T15:22:54+00:00","breadcrumb":{"@id":"https:\/\/panwinjet.com\/product\/uhp-2500bar-water-blasting-cleaning-machine-type-a-alloy-nozzles-for-hammelmann-type-alloy-nozzles\/#breadcrumb"},"inLanguage":"es","potentialAction":[{"@type":"ReadAction","target":["https:\/\/panwinjet.com\/product\/uhp-2500bar-water-blasting-cleaning-machine-type-a-alloy-nozzles-for-hammelmann-type-alloy-nozzles\/"]}]},{"@type":"ImageObject","inLanguage":"es","@id":"https:\/\/panwinjet.com\/product\/uhp-2500bar-water-blasting-cleaning-machine-type-a-alloy-nozzles-for-hammelmann-type-alloy-nozzles\/#primaryimage","url":"https:\/\/panwinjet.com\/wp-content\/uploads\/2025\/09\/Alloy-Nozzles-2-4.jpg","contentUrl":"https:\/\/panwinjet.com\/wp-content\/uploads\/2025\/09\/Alloy-Nozzles-2-4.jpg","width":450,"height":800},{"@type":"BreadcrumbList","@id":"https:\/\/panwinjet.com\/product\/uhp-2500bar-water-blasting-cleaning-machine-type-a-alloy-nozzles-for-hammelmann-type-alloy-nozzles\/#breadcrumb","itemListElement":[{"@type":"ListItem","position":1,"name":"\u9996\u9875","item":"https:\/\/panwinjet.com\/"},{"@type":"ListItem","position":2,"name":"PRODUCT","item":"https:\/\/panwinjet.com\/product\/"},{"@type":"ListItem","position":3,"name":"UHP 2500Bar Water blasting cleaning machine Type A Alloy nozzles for Hammelmann Type Alloy Nozzles"}]},{"@type":"WebSite","@id":"https:\/\/panwinjet.com\/#website","url":"https:\/\/panwinjet.com\/","name":"Panwin Machinery&amp;Equipment","description":"Shenzhen Panwin Machinery&amp;Equipment Co.Ltd","potentialAction":[{"@type":"SearchAction","target":{"@type":"EntryPoint","urlTemplate":"https:\/\/panwinjet.com\/?s={search_term_string}"},"query-input":{"@type":"PropertyValueSpecification","valueRequired":true,"valueName":"search_term_string"}}],"inLanguage":"es"}]}},"_links":{"self":[{"href":"https:\/\/panwinjet.com\/es\/wp-json\/wp\/v2\/product\/896","targetHints":{"allow":["GET"]}}],"collection":[{"href":"https:\/\/panwinjet.com\/es\/wp-json\/wp\/v2\/product"}],"about":[{"href":"https:\/\/panwinjet.com\/es\/wp-json\/wp\/v2\/types\/product"}],"wp:featuredmedia":[{"embeddable":true,"href":"https:\/\/panwinjet.com\/es\/wp-json\/wp\/v2\/media\/900"}],"wp:attachment":[{"href":"https:\/\/panwinjet.com\/es\/wp-json\/wp\/v2\/media?parent=896"}],"wp:term":[{"taxonomy":"product_brand","embeddable":true,"href":"https:\/\/panwinjet.com\/es\/wp-json\/wp\/v2\/product_brand?post=896"},{"taxonomy":"product_cat","embeddable":true,"href":"https:\/\/panwinjet.com\/es\/wp-json\/wp\/v2\/product_cat?post=896"},{"taxonomy":"product_tag","embeddable":true,"href":"https:\/\/panwinjet.com\/es\/wp-json\/wp\/v2\/product_tag?post=896"}],"curies":[{"name":"wp","href":"https:\/\/api.w.org\/{rel}","templated":true}]}}