{"id":888,"date":"2025-09-19T15:16:54","date_gmt":"2025-09-19T15:16:54","guid":{"rendered":"https:\/\/panwinjet.com\/?post_type=product&#038;p=888"},"modified":"2025-09-19T15:16:54","modified_gmt":"2025-09-19T15:16:54","slug":"55kpsi-pressure-water-blasting-chemical-industry-cleaning-machine-components-3-8-24-nozzles-0-30mm","status":"publish","type":"product","link":"https:\/\/panwinjet.com\/es\/producto\/55kpsi-pressure-water-blasting-chemical-industry-cleaning-machine-components-3-8-24-nozzles-0-30mm\/","title":{"rendered":"Componentes de m\u00e1quinas de limpieza de componentes para la industria qu\u00edmica con chorro de agua a presi\u00f3n de 55 kpsi, boquillas 3\/8-24 de 0,30 mm"},"content":{"rendered":"<p><strong><b>55 mil<\/b><\/strong><strong><b>psi<\/b><\/strong><strong><b>\u00a0<\/b><\/strong><strong><b>Componentes de m\u00e1quinas de limpieza de la industria qu\u00edmica con chorro de agua a presi\u00f3n 3<\/b><\/strong><strong><b>\/<\/b><\/strong><strong><b>Boquillas 8-24<\/b><\/strong><\/p>\n<p><strong><b>Introducci\u00f3n de producto de <\/b><\/strong><strong><b>55 mil<\/b><\/strong><strong><b>psi<\/b><\/strong><strong><b>\u00a0Componentes de m\u00e1quinas de limpieza de la industria qu\u00edmica con chorro de agua a presi\u00f3n 3<\/b><\/strong><strong><b>\/<\/b><\/strong><strong><b>Boquillas 8-24<\/b><\/strong><strong><b>-0,30 mm<\/b><\/strong><\/p>\n<p>Para los componentes de la m\u00e1quina de limpieza de la industria qu\u00edmica con chorro de agua a presi\u00f3n de 55 kpsi, las boquillas 3\/8-24 son componentes clave para una operaci\u00f3n de limpieza con chorro de agua de alta eficiencia y rendimiento estable.<\/p>\n<p>En Panwin ofrecemos a nuestros clientes boquillas de alta calidad para diferentes niveles de presi\u00f3n. Nuestras boquillas tienen una clasificaci\u00f3n UHP de hasta 55 Kpsi, con conexi\u00f3n de rosca 3\/8-24 UNF, y pueden insertarse en boquillas rotativas y barras de pulverizaci\u00f3n. El cuerpo de las boquillas est\u00e1 tratado t\u00e9rmicamente para endurecerse y fabricado con material de zafiro superior, lo que garantiza una larga vida \u00fatil y una alta calidad.<\/p>","protected":false},"excerpt":{"rendered":"<p>Para esta m\u00e1quina de limpieza qu\u00edmica con chorro de agua a presi\u00f3n de 55 Kpsi, que incluye boquillas de 3\/8-24, existen dos tipos con \u00e1ngulos de conicidad de 60\u00b0 y 120\u00b0, y una presi\u00f3n de 55.000 psi. Las especificaciones detalladas se mencionan a continuaci\u00f3n.<\/p>\n<p>Boquilla tipo A PW-3\/8-24-B<\/p>\n<p>Boquilla tipo B PW-3\/8-24-B<\/p>\n<p>3. Caracter\u00edsticas y aplicaciones del producto: Componentes de m\u00e1quinas de limpieza de la industria qu\u00edmica con chorro de agua a presi\u00f3n de 20 psi y boquillas 3\/8-24<br \/>\nLos componentes de la m\u00e1quina de limpieza qu\u00edmica con chorro de agua a presi\u00f3n de 20 psi y boquillas 3\/8-24 est\u00e1n fabricados con rub\u00ed y zafiro de alta calidad, y ofrecen un rendimiento avanzado en la pulverizaci\u00f3n, como se menciona a continuaci\u00f3n.<br \/>\nCaracter\u00edsticas de las boquillas:<br \/>\nTiempo de uso prolongado<br \/>\nCoherencia del flujo de chorros de alta presi\u00f3n<br \/>\nPotente chorro de agua<br \/>\nExcelente rendimiento en chorro de agua<\/p>\n<p>Solicitud:<br \/>\nIndustria de la construcci\u00f3n con chorro de agua a ultra alta presi\u00f3n<br \/>\nChorro de agua a presi\u00f3n por agua para la industria del hierro, el acero y los metales<br \/>\nIngenier\u00eda mec\u00e1nica y de aparatos para hidrolavadoras de alta presi\u00f3n<br \/>\nIndustria del cemento y el hormig\u00f3n<br \/>\nLimpieza de superficies con barracuda de alta presi\u00f3n<br \/>\nPiezas para equipos de limpieza UHP Hydro Jet<br \/>\nBarras pulverizadoras de limpieza industrial<br \/>\nM\u00e1quina de hidrolavado para la industria de refinaci\u00f3n de petr\u00f3leo<br \/>\nLimpieza de superficies con chorro de agua a presi\u00f3n, limpieza de tanques y recipientes.<br \/>\nLimpieza del intercambiador de calor,<br \/>\nLimpieza de pintura de autom\u00f3viles, limpieza de la industria minera, limpieza de f\u00e1bricas de acero, etc.<br \/>\nEquipos de limpieza de alcantarillado de alta presi\u00f3n para redes de tuber\u00edas municipales de suministro de agua y drenaje;<\/p>","protected":false},"featured_media":893,"template":"","meta":[],"product_brand":[],"product_cat":[3],"product_tag":[],"class_list":{"0":"post-888","1":"product","2":"type-product","3":"status-publish","4":"has-post-thumbnail","6":"product_cat-sapphire-nozzles","8":"first","9":"instock","10":"shipping-taxable","11":"product-type-simple"},"yoast_head":"<!-- This site is optimized with the Yoast SEO plugin v24.9 - https:\/\/yoast.com\/wordpress\/plugins\/seo\/ -->\n<title>55Kpsi\u00a0Pressure Water blasting chemical industry cleaning \u00a0machine components 3\/8-24 Nozzles-0.30mm - Panwin Machinery&amp;Equipment<\/title>\n<meta name=\"robots\" content=\"index, follow, max-snippet:-1, max-image-preview:large, max-video-preview:-1\" \/>\n<link rel=\"canonical\" href=\"https:\/\/panwinjet.com\/es\/producto\/55kpsi-pressure-water-blasting-chemical-industry-cleaning-machine-components-3-8-24-nozzles-0-30mm\/\" \/>\n<meta property=\"og:locale\" content=\"es_ES\" \/>\n<meta property=\"og:type\" content=\"article\" \/>\n<meta property=\"og:title\" content=\"55Kpsi\u00a0Pressure Water blasting chemical industry cleaning \u00a0machine components 3\/8-24 Nozzles-0.30mm - Panwin Machinery&amp;Equipment\" \/>\n<meta property=\"og:description\" content=\"For this 55Kpsi Pressure Water blasting chemical industry cleaning machine components 3\/8-24 Nozzles, there are two types with Taper angle 60\u00b0and 120\u00b0, the pressure is 55,000psi.details specification as mentioned below.  PW-3\/8-24-B Nozzle Type A  PW-3\/8-24-B Nozzle Type B  3.Product Feature And Application of 20psi Pressure Water blasting chemical industry cleaning machine components 3\/8-24 Nozzles The 20psi Pressure Water blasting chemical industry cleaning machine components 3\/8-24 Nozzles are made of high-quality ruby and sapphire, it has advanced performance in spraying as mentioned below. Nozzles Features: Long-use time High-Pressure Jets flow coherency Powerful Spray stream Excellent water Blasting performance  Application: UHP Water Blasting Construction Industry Hydro Jet blaster Iron, Steel And Metal Industry high pressure waterblaster Mechanical and Apparatus Engineering Cements and Concrete Industry high pressure barracuda Surface cleaning UHP hydro Jet cleaning equipment parts Industrial Cleaning Spray Bars hydro blasting machine for petroleum refining industry Hydro Jet Surface Cleaning,Tank&amp;Vessel Cleaning, Heat Exchange Cleaning, Automotive Painting cleaning Mining industry cleaning Steel manufacture cleaning etc. High pressure sewer cleaning equipment for municipal pipe networks water supply and drainage pipelines;\" \/>\n<meta property=\"og:url\" content=\"https:\/\/panwinjet.com\/es\/producto\/55kpsi-pressure-water-blasting-chemical-industry-cleaning-machine-components-3-8-24-nozzles-0-30mm\/\" \/>\n<meta property=\"og:site_name\" content=\"Panwin Machinery&amp;Equipment\" \/>\n<meta property=\"og:image\" content=\"https:\/\/panwinjet.com\/wp-content\/uploads\/2025\/09\/3-8-30mm-2.jpg\" \/>\n\t<meta property=\"og:image:width\" content=\"1706\" \/>\n\t<meta property=\"og:image:height\" content=\"1279\" \/>\n\t<meta property=\"og:image:type\" content=\"image\/jpeg\" \/>\n<meta name=\"twitter:card\" content=\"summary_large_image\" \/>\n<meta name=\"twitter:label1\" content=\"Tiempo de lectura\" \/>\n\t<meta name=\"twitter:data1\" content=\"1 minuto\" \/>\n<script type=\"application\/ld+json\" class=\"yoast-schema-graph\">{\"@context\":\"https:\/\/schema.org\",\"@graph\":[{\"@type\":\"WebPage\",\"@id\":\"https:\/\/panwinjet.com\/product\/55kpsi-pressure-water-blasting-chemical-industry-cleaning-machine-components-3-8-24-nozzles-0-30mm\/\",\"url\":\"https:\/\/panwinjet.com\/product\/55kpsi-pressure-water-blasting-chemical-industry-cleaning-machine-components-3-8-24-nozzles-0-30mm\/\",\"name\":\"55Kpsi\u00a0Pressure Water blasting chemical industry cleaning \u00a0machine components 3\/8-24 Nozzles-0.30mm - Panwin Machinery&amp;Equipment\",\"isPartOf\":{\"@id\":\"https:\/\/panwinjet.com\/#website\"},\"primaryImageOfPage\":{\"@id\":\"https:\/\/panwinjet.com\/product\/55kpsi-pressure-water-blasting-chemical-industry-cleaning-machine-components-3-8-24-nozzles-0-30mm\/#primaryimage\"},\"image\":{\"@id\":\"https:\/\/panwinjet.com\/product\/55kpsi-pressure-water-blasting-chemical-industry-cleaning-machine-components-3-8-24-nozzles-0-30mm\/#primaryimage\"},\"thumbnailUrl\":\"https:\/\/panwinjet.com\/wp-content\/uploads\/2025\/09\/3-8-30mm-2.jpg\",\"datePublished\":\"2025-09-19T15:16:54+00:00\",\"breadcrumb\":{\"@id\":\"https:\/\/panwinjet.com\/product\/55kpsi-pressure-water-blasting-chemical-industry-cleaning-machine-components-3-8-24-nozzles-0-30mm\/#breadcrumb\"},\"inLanguage\":\"es\",\"potentialAction\":[{\"@type\":\"ReadAction\",\"target\":[\"https:\/\/panwinjet.com\/product\/55kpsi-pressure-water-blasting-chemical-industry-cleaning-machine-components-3-8-24-nozzles-0-30mm\/\"]}]},{\"@type\":\"ImageObject\",\"inLanguage\":\"es\",\"@id\":\"https:\/\/panwinjet.com\/product\/55kpsi-pressure-water-blasting-chemical-industry-cleaning-machine-components-3-8-24-nozzles-0-30mm\/#primaryimage\",\"url\":\"https:\/\/panwinjet.com\/wp-content\/uploads\/2025\/09\/3-8-30mm-2.jpg\",\"contentUrl\":\"https:\/\/panwinjet.com\/wp-content\/uploads\/2025\/09\/3-8-30mm-2.jpg\",\"width\":1706,\"height\":1279},{\"@type\":\"BreadcrumbList\",\"@id\":\"https:\/\/panwinjet.com\/product\/55kpsi-pressure-water-blasting-chemical-industry-cleaning-machine-components-3-8-24-nozzles-0-30mm\/#breadcrumb\",\"itemListElement\":[{\"@type\":\"ListItem\",\"position\":1,\"name\":\"\u9996\u9875\",\"item\":\"https:\/\/panwinjet.com\/\"},{\"@type\":\"ListItem\",\"position\":2,\"name\":\"PRODUCT\",\"item\":\"https:\/\/panwinjet.com\/product\/\"},{\"@type\":\"ListItem\",\"position\":3,\"name\":\"55Kpsi\u00a0Pressure Water blasting chemical industry cleaning \u00a0machine components 3\/8-24 Nozzles-0.30mm\"}]},{\"@type\":\"WebSite\",\"@id\":\"https:\/\/panwinjet.com\/#website\",\"url\":\"https:\/\/panwinjet.com\/\",\"name\":\"Panwin Machinery&amp;Equipment\",\"description\":\"Shenzhen Panwin Machinery&amp;Equipment Co.Ltd\",\"potentialAction\":[{\"@type\":\"SearchAction\",\"target\":{\"@type\":\"EntryPoint\",\"urlTemplate\":\"https:\/\/panwinjet.com\/?s={search_term_string}\"},\"query-input\":{\"@type\":\"PropertyValueSpecification\",\"valueRequired\":true,\"valueName\":\"search_term_string\"}}],\"inLanguage\":\"es\"}]}<\/script>\n<!-- \/ Yoast SEO plugin. -->","yoast_head_json":{"title":"55Kpsi\u00a0Pressure Water blasting chemical industry cleaning \u00a0machine components 3\/8-24 Nozzles-0.30mm - Panwin Machinery&amp;Equipment","robots":{"index":"index","follow":"follow","max-snippet":"max-snippet:-1","max-image-preview":"max-image-preview:large","max-video-preview":"max-video-preview:-1"},"canonical":"https:\/\/panwinjet.com\/es\/producto\/55kpsi-pressure-water-blasting-chemical-industry-cleaning-machine-components-3-8-24-nozzles-0-30mm\/","og_locale":"es_ES","og_type":"article","og_title":"55Kpsi\u00a0Pressure Water blasting chemical industry cleaning \u00a0machine components 3\/8-24 Nozzles-0.30mm - Panwin Machinery&amp;Equipment","og_description":"For this 55Kpsi Pressure Water blasting chemical industry cleaning machine components 3\/8-24 Nozzles, there are two types with Taper angle 60\u00b0and 120\u00b0, the pressure is 55,000psi.details specification as mentioned below.  PW-3\/8-24-B Nozzle Type A  PW-3\/8-24-B Nozzle Type B  3.Product Feature And Application of 20psi Pressure Water blasting chemical industry cleaning machine components 3\/8-24 Nozzles The 20psi Pressure Water blasting chemical industry cleaning machine components 3\/8-24 Nozzles are made of high-quality ruby and sapphire, it has advanced performance in spraying as mentioned below. Nozzles Features: Long-use time High-Pressure Jets flow coherency Powerful Spray stream Excellent water Blasting performance  Application: UHP Water Blasting Construction Industry Hydro Jet blaster Iron, Steel And Metal Industry high pressure waterblaster Mechanical and Apparatus Engineering Cements and Concrete Industry high pressure barracuda Surface cleaning UHP hydro Jet cleaning equipment parts Industrial Cleaning Spray Bars hydro blasting machine for petroleum refining industry Hydro Jet Surface Cleaning,Tank&amp;Vessel Cleaning, Heat Exchange Cleaning, Automotive Painting cleaning Mining industry cleaning Steel manufacture cleaning etc. High pressure sewer cleaning equipment for municipal pipe networks water supply and drainage pipelines;","og_url":"https:\/\/panwinjet.com\/es\/producto\/55kpsi-pressure-water-blasting-chemical-industry-cleaning-machine-components-3-8-24-nozzles-0-30mm\/","og_site_name":"Panwin Machinery&amp;Equipment","og_image":[{"width":1706,"height":1279,"url":"https:\/\/panwinjet.com\/wp-content\/uploads\/2025\/09\/3-8-30mm-2.jpg","type":"image\/jpeg"}],"twitter_card":"summary_large_image","twitter_misc":{"Tiempo de lectura":"1 minuto"},"schema":{"@context":"https:\/\/schema.org","@graph":[{"@type":"WebPage","@id":"https:\/\/panwinjet.com\/product\/55kpsi-pressure-water-blasting-chemical-industry-cleaning-machine-components-3-8-24-nozzles-0-30mm\/","url":"https:\/\/panwinjet.com\/product\/55kpsi-pressure-water-blasting-chemical-industry-cleaning-machine-components-3-8-24-nozzles-0-30mm\/","name":"55Kpsi\u00a0Pressure Water blasting chemical industry cleaning \u00a0machine components 3\/8-24 Nozzles-0.30mm - Panwin Machinery&amp;Equipment","isPartOf":{"@id":"https:\/\/panwinjet.com\/#website"},"primaryImageOfPage":{"@id":"https:\/\/panwinjet.com\/product\/55kpsi-pressure-water-blasting-chemical-industry-cleaning-machine-components-3-8-24-nozzles-0-30mm\/#primaryimage"},"image":{"@id":"https:\/\/panwinjet.com\/product\/55kpsi-pressure-water-blasting-chemical-industry-cleaning-machine-components-3-8-24-nozzles-0-30mm\/#primaryimage"},"thumbnailUrl":"https:\/\/panwinjet.com\/wp-content\/uploads\/2025\/09\/3-8-30mm-2.jpg","datePublished":"2025-09-19T15:16:54+00:00","breadcrumb":{"@id":"https:\/\/panwinjet.com\/product\/55kpsi-pressure-water-blasting-chemical-industry-cleaning-machine-components-3-8-24-nozzles-0-30mm\/#breadcrumb"},"inLanguage":"es","potentialAction":[{"@type":"ReadAction","target":["https:\/\/panwinjet.com\/product\/55kpsi-pressure-water-blasting-chemical-industry-cleaning-machine-components-3-8-24-nozzles-0-30mm\/"]}]},{"@type":"ImageObject","inLanguage":"es","@id":"https:\/\/panwinjet.com\/product\/55kpsi-pressure-water-blasting-chemical-industry-cleaning-machine-components-3-8-24-nozzles-0-30mm\/#primaryimage","url":"https:\/\/panwinjet.com\/wp-content\/uploads\/2025\/09\/3-8-30mm-2.jpg","contentUrl":"https:\/\/panwinjet.com\/wp-content\/uploads\/2025\/09\/3-8-30mm-2.jpg","width":1706,"height":1279},{"@type":"BreadcrumbList","@id":"https:\/\/panwinjet.com\/product\/55kpsi-pressure-water-blasting-chemical-industry-cleaning-machine-components-3-8-24-nozzles-0-30mm\/#breadcrumb","itemListElement":[{"@type":"ListItem","position":1,"name":"\u9996\u9875","item":"https:\/\/panwinjet.com\/"},{"@type":"ListItem","position":2,"name":"PRODUCT","item":"https:\/\/panwinjet.com\/product\/"},{"@type":"ListItem","position":3,"name":"55Kpsi\u00a0Pressure Water blasting chemical industry cleaning \u00a0machine components 3\/8-24 Nozzles-0.30mm"}]},{"@type":"WebSite","@id":"https:\/\/panwinjet.com\/#website","url":"https:\/\/panwinjet.com\/","name":"Panwin Machinery&amp;Equipment","description":"Shenzhen Panwin Machinery&amp;Equipment Co.Ltd","potentialAction":[{"@type":"SearchAction","target":{"@type":"EntryPoint","urlTemplate":"https:\/\/panwinjet.com\/?s={search_term_string}"},"query-input":{"@type":"PropertyValueSpecification","valueRequired":true,"valueName":"search_term_string"}}],"inLanguage":"es"}]}},"_links":{"self":[{"href":"https:\/\/panwinjet.com\/es\/wp-json\/wp\/v2\/product\/888","targetHints":{"allow":["GET"]}}],"collection":[{"href":"https:\/\/panwinjet.com\/es\/wp-json\/wp\/v2\/product"}],"about":[{"href":"https:\/\/panwinjet.com\/es\/wp-json\/wp\/v2\/types\/product"}],"wp:featuredmedia":[{"embeddable":true,"href":"https:\/\/panwinjet.com\/es\/wp-json\/wp\/v2\/media\/893"}],"wp:attachment":[{"href":"https:\/\/panwinjet.com\/es\/wp-json\/wp\/v2\/media?parent=888"}],"wp:term":[{"taxonomy":"product_brand","embeddable":true,"href":"https:\/\/panwinjet.com\/es\/wp-json\/wp\/v2\/product_brand?post=888"},{"taxonomy":"product_cat","embeddable":true,"href":"https:\/\/panwinjet.com\/es\/wp-json\/wp\/v2\/product_cat?post=888"},{"taxonomy":"product_tag","embeddable":true,"href":"https:\/\/panwinjet.com\/es\/wp-json\/wp\/v2\/product_tag?post=888"}],"curies":[{"name":"wp","href":"https:\/\/api.w.org\/{rel}","templated":true}]}}