{"id":860,"date":"2025-09-19T14:55:50","date_gmt":"2025-09-19T14:55:50","guid":{"rendered":"https:\/\/panwinjet.com\/?post_type=product&#038;p=860"},"modified":"2025-09-19T14:55:50","modified_gmt":"2025-09-19T14:55:50","slug":"water-blasting-cleaning-machine-nozzles-m10-0-50mm","status":"publish","type":"product","link":"https:\/\/panwinjet.com\/es\/producto\/water-blasting-cleaning-machine-nozzles-m10-0-50mm\/","title":{"rendered":"Boquillas para m\u00e1quinas de limpieza con chorro de agua M10-0,50 mm"},"content":{"rendered":"<p><strong><b>Boquillas para m\u00e1quinas de limpieza con chorro de agua M10-0,50 mm<\/b><\/strong><\/p>\n<p><strong><b>1. Introducci\u00f3n del producto <\/b><\/strong><strong><b>55<\/b><\/strong><strong><b>Piezas para m\u00e1quinas de limpieza de tuber\u00edas petroqu\u00edmicas con chorro de agua a presi\u00f3n (kpsi): boquillas M10<\/b><\/strong><\/p>\n<p><strong><b>Para estos 55<\/b><\/strong><strong><b>Piezas para m\u00e1quinas de limpieza de tuber\u00edas petroqu\u00edmicas con chorro de agua a presi\u00f3n (kpsi): boquillas M10<\/b><\/strong><strong><b>, en <\/b><\/strong><strong><b>Operaci\u00f3n de limpieza con chorro de agua, las boquillas son la parte clave para un rendimiento estable y de alta eficiencia.<\/b><\/strong><\/p>\n<p><strong><b>En Panwin ofrecemos a nuestros clientes boquillas de alta calidad para diferentes niveles de presi\u00f3n, nuestras boquillas tienen clasificaci\u00f3n UHP hasta 55 Kpsi, con <\/b><\/strong><strong><b>Rosca M10\u00d71,5, ranura para llave hexagonal de 5 mm<\/b><\/strong><strong><b>, se puede insertar en el <\/b><\/strong><strong><b>boquillas rotativas<\/b><\/strong><strong><b>\u00a0y<\/b><\/strong><strong><b>\u00a0barras rociadoras<\/b><\/strong><strong><b>, el cuerpo de las boquillas<\/b><\/strong><strong><b>\u00a0tratado con endurecimiento t\u00e9rmico y de calidad superior<\/b><\/strong><strong><b>\u00a0material de zafiro<\/b><\/strong><strong><b>Es de larga duraci\u00f3n y alta calidad.<\/b><\/strong><\/p>","protected":false},"excerpt":{"rendered":"<p><strong><b>2.<\/b><\/strong><strong><b>Par\u00e1metro del producto (especificaci\u00f3n) de <\/b><\/strong><strong><b>55<\/b><\/strong><strong><b>Piezas para m\u00e1quinas de limpieza de tuber\u00edas petroqu\u00edmicas con chorro de agua a presi\u00f3n (kpsi): boquillas M10<\/b><\/strong><\/p>\n<p><strong><b>Para estos 55<\/b><\/strong><strong><b>Piezas para m\u00e1quinas de limpieza de tuber\u00edas petroqu\u00edmicas con chorro de agua a presi\u00f3n (kpsi): boquillas M10<\/b><\/strong><strong><b>La presi\u00f3n es de 55 kpsi y tenemos varios tama\u00f1os como adjunto<\/b><\/strong><\/p>\n<p><strong><b>3. Caracter\u00edsticas y aplicaciones del producto <\/b><\/strong><strong><b>Piezas para m\u00e1quina de limpieza de tuber\u00edas petroqu\u00edmicas con chorro de agua a presi\u00f3n de 30 kpsi. Boquillas M10.<\/b><\/strong><\/p>\n<p>Las boquillas M10 de las piezas de la m\u00e1quina de limpieza de tuber\u00edas petroqu\u00edmicas con chorro de agua a presi\u00f3n de 55 kpsi est\u00e1n hechas de rub\u00ed y zafiro de alta calidad, y tienen un buen rendimiento en la pulverizaci\u00f3n, como se menciona a continuaci\u00f3n.<\/p>\n<p>Caracter\u00edsticas de las boquillas:<\/p>\n<p>A: Larga vida \u00fatil y calidad de chorro constante<\/p>\n<p>B: Corriente de chorro de alta potencia y enfoque<\/p>\n<p>C: Alta densidad de energ\u00eda y chorro recto<\/p>\n<p>D: F\u00e1cil de instalar y desmontar<\/p>\n<p><strong><b>Solicitud:<\/b><\/strong><\/p>\n<p>Industria de la construcci\u00f3n con chorro de agua a ultra alta presi\u00f3n<\/p>\n<p>Chorro de agua a presi\u00f3n por agua para la industria del hierro, el acero y los metales<\/p>\n<p>Ingenier\u00eda mec\u00e1nica y de aparatos para hidrolavadoras de alta presi\u00f3n<\/p>\n<p>Industria del cemento y el hormig\u00f3n<\/p>\n<p>Limpieza de superficies con barracuda de alta presi\u00f3n<\/p>\n<p>Piezas para equipos de limpieza UHP Hydro Jet<\/p>\n<p>Barras pulverizadoras de limpieza industrial<\/p>\n<p>M\u00e1quina de hidrolavado para la industria de refinaci\u00f3n de petr\u00f3leo<\/p>\n<p>Equipos de limpieza de alcantarillado de alta presi\u00f3n para redes de tuber\u00edas municipales de suministro de agua y drenaje;<\/p>","protected":false},"featured_media":862,"template":"","meta":[],"product_brand":[],"product_cat":[3],"product_tag":[],"class_list":{"0":"post-860","1":"product","2":"type-product","3":"status-publish","4":"has-post-thumbnail","6":"product_cat-sapphire-nozzles","8":"first","9":"instock","10":"shipping-taxable","11":"product-type-simple"},"yoast_head":"<!-- This site is optimized with the Yoast SEO plugin v24.9 - https:\/\/yoast.com\/wordpress\/plugins\/seo\/ -->\n<title>Water blasting cleaning machine nozzles M10-0.50mm - Panwin Machinery&amp;Equipment<\/title>\n<meta name=\"robots\" content=\"index, follow, max-snippet:-1, max-image-preview:large, max-video-preview:-1\" \/>\n<link rel=\"canonical\" href=\"https:\/\/panwinjet.com\/es\/producto\/water-blasting-cleaning-machine-nozzles-m10-0-50mm\/\" \/>\n<meta property=\"og:locale\" content=\"es_ES\" \/>\n<meta property=\"og:type\" content=\"article\" \/>\n<meta property=\"og:title\" content=\"Water blasting cleaning machine nozzles M10-0.50mm - Panwin Machinery&amp;Equipment\" \/>\n<meta property=\"og:description\" content=\"2.Product Parameter(Specification) of 55kpsi Pressure Water blasting Petrochemical pipe cleaning machine parts M10 Nozzles  For this 55kpsi Pressure Water blasting Petrochemical pipe cleaning machine parts M10 Nozzles, the Pressure is 55kpsi and we have various size as attached  3.Product Feature And Application of 30kpsi Pressure Water blasting Petrochemical pipe cleaning machine parts M10 Nozzles  The 55kpsi Pressure Water blasting Petrochemical pipe cleaning machine parts M10 Nozzles\u00a0are made of high-quality ruby and sapphire, it has good performance in spraying as mentioned below.  Nozzles Features:  A:Long lifetime Constant Jet Quality  B:High-Power and Focus Jet Stream  C:High Energy density and straight Jet  D:User-friendly to install and disassembly  Application:  UHP Water Blasting Construction Industry  Hydro Jet blaster Iron, Steel And Metal Industry  high pressure waterblaster\u00a0Mechanical\u00a0and Apparatus Engineering  Cements and Concrete Industry  high pressure barracuda\u00a0Surface cleaning  UHP hydro Jet cleaning equipment parts  Industrial Cleaning Spray Bars  hydro blasting machine\u00a0for petroleum refining industry  High pressure sewer cleaning equipment\u00a0for municipal pipe networks\u00a0water supply and drainage pipelines;\" \/>\n<meta property=\"og:url\" content=\"https:\/\/panwinjet.com\/es\/producto\/water-blasting-cleaning-machine-nozzles-m10-0-50mm\/\" \/>\n<meta property=\"og:site_name\" content=\"Panwin Machinery&amp;Equipment\" \/>\n<meta property=\"og:image\" content=\"https:\/\/panwinjet.com\/wp-content\/uploads\/2025\/09\/M10-0.50mm-3.jpg\" \/>\n\t<meta property=\"og:image:width\" content=\"1279\" \/>\n\t<meta property=\"og:image:height\" content=\"1706\" \/>\n\t<meta property=\"og:image:type\" content=\"image\/jpeg\" \/>\n<meta name=\"twitter:card\" content=\"summary_large_image\" \/>\n<meta name=\"twitter:label1\" content=\"Tiempo de lectura\" \/>\n\t<meta name=\"twitter:data1\" content=\"1 minuto\" \/>\n<script type=\"application\/ld+json\" class=\"yoast-schema-graph\">{\"@context\":\"https:\/\/schema.org\",\"@graph\":[{\"@type\":\"WebPage\",\"@id\":\"https:\/\/panwinjet.com\/product\/water-blasting-cleaning-machine-nozzles-m10-0-50mm\/\",\"url\":\"https:\/\/panwinjet.com\/product\/water-blasting-cleaning-machine-nozzles-m10-0-50mm\/\",\"name\":\"Water blasting cleaning machine nozzles M10-0.50mm - Panwin Machinery&amp;Equipment\",\"isPartOf\":{\"@id\":\"https:\/\/panwinjet.com\/#website\"},\"primaryImageOfPage\":{\"@id\":\"https:\/\/panwinjet.com\/product\/water-blasting-cleaning-machine-nozzles-m10-0-50mm\/#primaryimage\"},\"image\":{\"@id\":\"https:\/\/panwinjet.com\/product\/water-blasting-cleaning-machine-nozzles-m10-0-50mm\/#primaryimage\"},\"thumbnailUrl\":\"https:\/\/panwinjet.com\/wp-content\/uploads\/2025\/09\/M10-0.50mm-3.jpg\",\"datePublished\":\"2025-09-19T14:55:50+00:00\",\"breadcrumb\":{\"@id\":\"https:\/\/panwinjet.com\/product\/water-blasting-cleaning-machine-nozzles-m10-0-50mm\/#breadcrumb\"},\"inLanguage\":\"es\",\"potentialAction\":[{\"@type\":\"ReadAction\",\"target\":[\"https:\/\/panwinjet.com\/product\/water-blasting-cleaning-machine-nozzles-m10-0-50mm\/\"]}]},{\"@type\":\"ImageObject\",\"inLanguage\":\"es\",\"@id\":\"https:\/\/panwinjet.com\/product\/water-blasting-cleaning-machine-nozzles-m10-0-50mm\/#primaryimage\",\"url\":\"https:\/\/panwinjet.com\/wp-content\/uploads\/2025\/09\/M10-0.50mm-3.jpg\",\"contentUrl\":\"https:\/\/panwinjet.com\/wp-content\/uploads\/2025\/09\/M10-0.50mm-3.jpg\",\"width\":1279,\"height\":1706},{\"@type\":\"BreadcrumbList\",\"@id\":\"https:\/\/panwinjet.com\/product\/water-blasting-cleaning-machine-nozzles-m10-0-50mm\/#breadcrumb\",\"itemListElement\":[{\"@type\":\"ListItem\",\"position\":1,\"name\":\"\u9996\u9875\",\"item\":\"https:\/\/panwinjet.com\/\"},{\"@type\":\"ListItem\",\"position\":2,\"name\":\"PRODUCT\",\"item\":\"https:\/\/panwinjet.com\/product\/\"},{\"@type\":\"ListItem\",\"position\":3,\"name\":\"Water blasting cleaning machine nozzles M10-0.50mm\"}]},{\"@type\":\"WebSite\",\"@id\":\"https:\/\/panwinjet.com\/#website\",\"url\":\"https:\/\/panwinjet.com\/\",\"name\":\"Panwin Machinery&amp;Equipment\",\"description\":\"Shenzhen Panwin Machinery&amp;Equipment Co.Ltd\",\"potentialAction\":[{\"@type\":\"SearchAction\",\"target\":{\"@type\":\"EntryPoint\",\"urlTemplate\":\"https:\/\/panwinjet.com\/?s={search_term_string}\"},\"query-input\":{\"@type\":\"PropertyValueSpecification\",\"valueRequired\":true,\"valueName\":\"search_term_string\"}}],\"inLanguage\":\"es\"}]}<\/script>\n<!-- \/ Yoast SEO plugin. -->","yoast_head_json":{"title":"Water blasting cleaning machine nozzles M10-0.50mm - Panwin Machinery&amp;Equipment","robots":{"index":"index","follow":"follow","max-snippet":"max-snippet:-1","max-image-preview":"max-image-preview:large","max-video-preview":"max-video-preview:-1"},"canonical":"https:\/\/panwinjet.com\/es\/producto\/water-blasting-cleaning-machine-nozzles-m10-0-50mm\/","og_locale":"es_ES","og_type":"article","og_title":"Water blasting cleaning machine nozzles M10-0.50mm - Panwin Machinery&amp;Equipment","og_description":"2.Product Parameter(Specification) of 55kpsi Pressure Water blasting Petrochemical pipe cleaning machine parts M10 Nozzles  For this 55kpsi Pressure Water blasting Petrochemical pipe cleaning machine parts M10 Nozzles, the Pressure is 55kpsi and we have various size as attached  3.Product Feature And Application of 30kpsi Pressure Water blasting Petrochemical pipe cleaning machine parts M10 Nozzles  The 55kpsi Pressure Water blasting Petrochemical pipe cleaning machine parts M10 Nozzles\u00a0are made of high-quality ruby and sapphire, it has good performance in spraying as mentioned below.  Nozzles Features:  A:Long lifetime Constant Jet Quality  B:High-Power and Focus Jet Stream  C:High Energy density and straight Jet  D:User-friendly to install and disassembly  Application:  UHP Water Blasting Construction Industry  Hydro Jet blaster Iron, Steel And Metal Industry  high pressure waterblaster\u00a0Mechanical\u00a0and Apparatus Engineering  Cements and Concrete Industry  high pressure barracuda\u00a0Surface cleaning  UHP hydro Jet cleaning equipment parts  Industrial Cleaning Spray Bars  hydro blasting machine\u00a0for petroleum refining industry  High pressure sewer cleaning equipment\u00a0for municipal pipe networks\u00a0water supply and drainage pipelines;","og_url":"https:\/\/panwinjet.com\/es\/producto\/water-blasting-cleaning-machine-nozzles-m10-0-50mm\/","og_site_name":"Panwin Machinery&amp;Equipment","og_image":[{"width":1279,"height":1706,"url":"https:\/\/panwinjet.com\/wp-content\/uploads\/2025\/09\/M10-0.50mm-3.jpg","type":"image\/jpeg"}],"twitter_card":"summary_large_image","twitter_misc":{"Tiempo de lectura":"1 minuto"},"schema":{"@context":"https:\/\/schema.org","@graph":[{"@type":"WebPage","@id":"https:\/\/panwinjet.com\/product\/water-blasting-cleaning-machine-nozzles-m10-0-50mm\/","url":"https:\/\/panwinjet.com\/product\/water-blasting-cleaning-machine-nozzles-m10-0-50mm\/","name":"Water blasting cleaning machine nozzles M10-0.50mm - Panwin Machinery&amp;Equipment","isPartOf":{"@id":"https:\/\/panwinjet.com\/#website"},"primaryImageOfPage":{"@id":"https:\/\/panwinjet.com\/product\/water-blasting-cleaning-machine-nozzles-m10-0-50mm\/#primaryimage"},"image":{"@id":"https:\/\/panwinjet.com\/product\/water-blasting-cleaning-machine-nozzles-m10-0-50mm\/#primaryimage"},"thumbnailUrl":"https:\/\/panwinjet.com\/wp-content\/uploads\/2025\/09\/M10-0.50mm-3.jpg","datePublished":"2025-09-19T14:55:50+00:00","breadcrumb":{"@id":"https:\/\/panwinjet.com\/product\/water-blasting-cleaning-machine-nozzles-m10-0-50mm\/#breadcrumb"},"inLanguage":"es","potentialAction":[{"@type":"ReadAction","target":["https:\/\/panwinjet.com\/product\/water-blasting-cleaning-machine-nozzles-m10-0-50mm\/"]}]},{"@type":"ImageObject","inLanguage":"es","@id":"https:\/\/panwinjet.com\/product\/water-blasting-cleaning-machine-nozzles-m10-0-50mm\/#primaryimage","url":"https:\/\/panwinjet.com\/wp-content\/uploads\/2025\/09\/M10-0.50mm-3.jpg","contentUrl":"https:\/\/panwinjet.com\/wp-content\/uploads\/2025\/09\/M10-0.50mm-3.jpg","width":1279,"height":1706},{"@type":"BreadcrumbList","@id":"https:\/\/panwinjet.com\/product\/water-blasting-cleaning-machine-nozzles-m10-0-50mm\/#breadcrumb","itemListElement":[{"@type":"ListItem","position":1,"name":"\u9996\u9875","item":"https:\/\/panwinjet.com\/"},{"@type":"ListItem","position":2,"name":"PRODUCT","item":"https:\/\/panwinjet.com\/product\/"},{"@type":"ListItem","position":3,"name":"Water blasting cleaning machine nozzles M10-0.50mm"}]},{"@type":"WebSite","@id":"https:\/\/panwinjet.com\/#website","url":"https:\/\/panwinjet.com\/","name":"Panwin Machinery&amp;Equipment","description":"Shenzhen Panwin Machinery&amp;Equipment Co.Ltd","potentialAction":[{"@type":"SearchAction","target":{"@type":"EntryPoint","urlTemplate":"https:\/\/panwinjet.com\/?s={search_term_string}"},"query-input":{"@type":"PropertyValueSpecification","valueRequired":true,"valueName":"search_term_string"}}],"inLanguage":"es"}]}},"_links":{"self":[{"href":"https:\/\/panwinjet.com\/es\/wp-json\/wp\/v2\/product\/860","targetHints":{"allow":["GET"]}}],"collection":[{"href":"https:\/\/panwinjet.com\/es\/wp-json\/wp\/v2\/product"}],"about":[{"href":"https:\/\/panwinjet.com\/es\/wp-json\/wp\/v2\/types\/product"}],"wp:featuredmedia":[{"embeddable":true,"href":"https:\/\/panwinjet.com\/es\/wp-json\/wp\/v2\/media\/862"}],"wp:attachment":[{"href":"https:\/\/panwinjet.com\/es\/wp-json\/wp\/v2\/media?parent=860"}],"wp:term":[{"taxonomy":"product_brand","embeddable":true,"href":"https:\/\/panwinjet.com\/es\/wp-json\/wp\/v2\/product_brand?post=860"},{"taxonomy":"product_cat","embeddable":true,"href":"https:\/\/panwinjet.com\/es\/wp-json\/wp\/v2\/product_cat?post=860"},{"taxonomy":"product_tag","embeddable":true,"href":"https:\/\/panwinjet.com\/es\/wp-json\/wp\/v2\/product_tag?post=860"}],"curies":[{"name":"wp","href":"https:\/\/api.w.org\/{rel}","templated":true}]}}