{"id":850,"date":"2025-09-19T14:48:25","date_gmt":"2025-09-19T14:48:25","guid":{"rendered":"https:\/\/panwinjet.com\/?post_type=product&#038;p=850"},"modified":"2025-09-19T14:48:25","modified_gmt":"2025-09-19T14:48:25","slug":"40000psi-2800bar-ultra-high-pressure-hydro-jet-water-blasting-nozzles-compatible-for-ap-4-1-4-npt-nozzles-tip","status":"publish","type":"product","link":"https:\/\/panwinjet.com\/es\/producto\/40000psi-2800bar-ultra-high-pressure-hydro-jet-water-blasting-nozzles-compatible-for-ap-4-1-4-npt-nozzles-tip\/","title":{"rendered":"Boquillas de chorro de agua a ultra alta presi\u00f3n (40000 psi - 2800 bar) compatibles con boquillas AP-4 de 1\/4 NPT."},"content":{"rendered":"<p>Boquillas de chorro de agua a ultra alta presi\u00f3n (40000 psi - 2800 bar) compatibles con boquillas AP-4 de 1\/4 NPT.<\/p>\n<p><strong><b>Introducci\u00f3n de producto de <\/b><\/strong>Boquillas de chorro de agua a ultra alta presi\u00f3n de 40000 psi (2800 bar) AP-4 con punta de 1\/4 NPT.<\/p>\n<p>&nbsp;<\/p>\n<ol>\n<li>Para ultra alta presi\u00f3n de 40000 psi a 2800 bar<div style=\"width: 720px;\" class=\"wp-video\"><video class=\"wp-video-shortcode\" id=\"video-850-1\" width=\"720\" height=\"1280\" preload=\"metadata\" controls=\"controls\"><source type=\"video\/mp4\" src=\"https:\/\/panwinjet.com\/wp-content\/uploads\/2025\/09\/AP-4-Nozzles-De.mp4?_=1\" \/><a href=\"https:\/\/panwinjet.com\/wp-content\/uploads\/2025\/09\/AP-4-Nozzles-De.mp4\">https:\/\/panwinjet.com\/wp-content\/uploads\/2025\/09\/AP-4-Nozzles-De.mp4<\/a><\/video><\/div>\n<p>Boquillas de chorro de agua a presi\u00f3n compatibles con boquillas AP-4 1\/4 NPT. En la operaci\u00f3n de limpieza con chorro de agua, las boquillas son los componentes clave para una operaci\u00f3n de limpieza de alto rendimiento estable y eficiente.<\/li>\n<\/ol>\n<p>En Panwin ofrecemos a nuestros clientes boquillas de alta calidad para diferentes niveles de presi\u00f3n. Nuestras boquillas tienen una clasificaci\u00f3n UHP de hasta 60 Kpsi, se pueden insertar en boquillas rotativas y barras de pulverizaci\u00f3n, el cuerpo de las boquillas est\u00e1 tratado t\u00e9rmicamente para endurecerse y est\u00e1 fabricado con material de zafiro superior, lo que garantiza una larga vida \u00fatil y una alta calidad.<\/p>","protected":false},"excerpt":{"rendered":"<ol>\n<li><b><\/b><strong><b>Par\u00e1metro del producto (especificaci\u00f3n) de<\/b><\/strong><b><\/b>Boquillas de chorro de agua a ultra alta presi\u00f3n (40000 psi - 2800 bar) compatibles con boquillas AP-4 de 1\/4 NPT.<\/li>\n<\/ol>\n<p>Para estas boquillas de chorro de agua a ultra alta presi\u00f3n de 40000 psi (2800 bar), compatibles con boquillas AP-4 de 1\/4 NPT.<\/p>\n<p>Existen diferentes tama\u00f1os de orificio, siendo los m\u00e1s populares 0,50 mm, 0,45 mm, etc. La presi\u00f3n es de 40.000 psi. Las especificaciones detalladas se mencionan a continuaci\u00f3n.<\/p>\n<ol start=\"2\">\n<li><b><\/b><strong><b>Caracter\u00edsticas y aplicaciones del producto<\/b><\/strong><strong><b>F <\/b><\/strong>Boquillas de chorro de agua a ultra alta presi\u00f3n (40000 psi - 2800 bar) compatibles con boquillas AP-4 de 1\/4 NPT.<\/li>\n<\/ol>\n<p>Las boquillas de chorro de agua a presi\u00f3n ultra alta de 40000 psi (2800 bar), compatibles con puntas de boquilla AP-4 1\/4 NPT, est\u00e1n fabricadas con rub\u00ed y zafiro de alta calidad y ofrecen un rendimiento avanzado en la pulverizaci\u00f3n, como se menciona a continuaci\u00f3n.<\/p>\n<p><strong><b>Caracter\u00edsticas de las boquillas:<\/b><\/strong><\/p>\n<p>Tiempo de uso prolongado<\/p>\n<p>Coherencia del flujo de chorros de alta presi\u00f3n<\/p>\n<p>Potente chorro de agua<\/p>\n<p>Excelente rendimiento en chorro de agua<\/p>\n<p>A: Larga vida \u00fatil y calidad de chorro constante<\/p>\n<p>B: Corriente de chorro de alta potencia y enfoque<\/p>\n<p>C: Alta densidad de energ\u00eda y chorro recto<\/p>\n<p>D: F\u00e1cil de instalar y desmontar<\/p>","protected":false},"featured_media":854,"template":"","meta":[],"product_brand":[],"product_cat":[3],"product_tag":[],"class_list":{"0":"post-850","1":"product","2":"type-product","3":"status-publish","4":"has-post-thumbnail","6":"product_cat-sapphire-nozzles","8":"first","9":"instock","10":"shipping-taxable","11":"product-type-simple"},"yoast_head":"<!-- This site is optimized with the Yoast SEO plugin v24.9 - https:\/\/yoast.com\/wordpress\/plugins\/seo\/ -->\n<title>40000psi-2800Bar Ultra High Pressure hydro-Jet Water Blasting nozzles Compatible for AP-4 1\/4 NPT nozzles Tip - Panwin Machinery&amp;Equipment<\/title>\n<meta name=\"robots\" content=\"index, follow, max-snippet:-1, max-image-preview:large, max-video-preview:-1\" \/>\n<link rel=\"canonical\" href=\"https:\/\/panwinjet.com\/es\/producto\/40000psi-2800bar-ultra-high-pressure-hydro-jet-water-blasting-nozzles-compatible-for-ap-4-1-4-npt-nozzles-tip\/\" \/>\n<meta property=\"og:locale\" content=\"es_ES\" \/>\n<meta property=\"og:type\" content=\"article\" \/>\n<meta property=\"og:title\" content=\"40000psi-2800Bar Ultra High Pressure hydro-Jet Water Blasting nozzles Compatible for AP-4 1\/4 NPT nozzles Tip - Panwin Machinery&amp;Equipment\" \/>\n<meta property=\"og:description\" content=\"Product Parameter (Specification) of40000psi-2800Bar Ultra High Pressure hydro-Jet Water Blasting nozzles Compatible for AP-4 1\/4 NPT nozzles Tip  For this 40000psi-2800Bar Ultra High Pressure hydro-Jet Water Blasting nozzles Compatible for AP-4 1\/4 NPT nozzles Tip  there are different Orifice size, and most popular size like 0.50mm,0.45mm etc, the pressure is 40,000psi.details specification as mentioned below.   Product Feature And Application of 40000psi-2800Bar Ultra High Pressure hydro-Jet Water Blasting nozzles Compatible for AP-4 1\/4 NPT nozzles Tip  The\u00a040000psi-2800Bar Ultra High Pressure hydro-Jet Water Blasting nozzles Compatible for AP-4 1\/4 NPT nozzles Tip \u00a0are made of high-quality ruby and sapphire, it has advanced performance in spraying as mentioned below.  Nozzles Features:  Long-use time  High-Pressure Jets flow coherency  Powerful Spray stream  Excellent water Blasting performance  A:Long lifetime Constant Jet Quality  B:High-Power and Focus Jet Stream  C:High Energy density and straight Jet  D:User-friendly to install and disassembly\" \/>\n<meta property=\"og:url\" content=\"https:\/\/panwinjet.com\/es\/producto\/40000psi-2800bar-ultra-high-pressure-hydro-jet-water-blasting-nozzles-compatible-for-ap-4-1-4-npt-nozzles-tip\/\" \/>\n<meta property=\"og:site_name\" content=\"Panwin Machinery&amp;Equipment\" \/>\n<meta property=\"og:image\" content=\"https:\/\/panwinjet.com\/wp-content\/uploads\/2025\/09\/AP-4-Nozzles-7.jpg\" \/>\n\t<meta property=\"og:image:width\" content=\"1279\" \/>\n\t<meta property=\"og:image:height\" content=\"1706\" \/>\n\t<meta property=\"og:image:type\" content=\"image\/jpeg\" \/>\n<meta name=\"twitter:card\" content=\"summary_large_image\" \/>\n<meta name=\"twitter:label1\" content=\"Tiempo de lectura\" \/>\n\t<meta name=\"twitter:data1\" content=\"1 minuto\" \/>\n<script type=\"application\/ld+json\" class=\"yoast-schema-graph\">{\"@context\":\"https:\/\/schema.org\",\"@graph\":[{\"@type\":\"WebPage\",\"@id\":\"https:\/\/panwinjet.com\/product\/40000psi-2800bar-ultra-high-pressure-hydro-jet-water-blasting-nozzles-compatible-for-ap-4-1-4-npt-nozzles-tip\/\",\"url\":\"https:\/\/panwinjet.com\/product\/40000psi-2800bar-ultra-high-pressure-hydro-jet-water-blasting-nozzles-compatible-for-ap-4-1-4-npt-nozzles-tip\/\",\"name\":\"40000psi-2800Bar Ultra High Pressure hydro-Jet Water Blasting nozzles Compatible for AP-4 1\/4 NPT nozzles Tip - Panwin Machinery&amp;Equipment\",\"isPartOf\":{\"@id\":\"https:\/\/panwinjet.com\/#website\"},\"primaryImageOfPage\":{\"@id\":\"https:\/\/panwinjet.com\/product\/40000psi-2800bar-ultra-high-pressure-hydro-jet-water-blasting-nozzles-compatible-for-ap-4-1-4-npt-nozzles-tip\/#primaryimage\"},\"image\":{\"@id\":\"https:\/\/panwinjet.com\/product\/40000psi-2800bar-ultra-high-pressure-hydro-jet-water-blasting-nozzles-compatible-for-ap-4-1-4-npt-nozzles-tip\/#primaryimage\"},\"thumbnailUrl\":\"https:\/\/panwinjet.com\/wp-content\/uploads\/2025\/09\/AP-4-Nozzles-7.jpg\",\"datePublished\":\"2025-09-19T14:48:25+00:00\",\"breadcrumb\":{\"@id\":\"https:\/\/panwinjet.com\/product\/40000psi-2800bar-ultra-high-pressure-hydro-jet-water-blasting-nozzles-compatible-for-ap-4-1-4-npt-nozzles-tip\/#breadcrumb\"},\"inLanguage\":\"es\",\"potentialAction\":[{\"@type\":\"ReadAction\",\"target\":[\"https:\/\/panwinjet.com\/product\/40000psi-2800bar-ultra-high-pressure-hydro-jet-water-blasting-nozzles-compatible-for-ap-4-1-4-npt-nozzles-tip\/\"]}]},{\"@type\":\"ImageObject\",\"inLanguage\":\"es\",\"@id\":\"https:\/\/panwinjet.com\/product\/40000psi-2800bar-ultra-high-pressure-hydro-jet-water-blasting-nozzles-compatible-for-ap-4-1-4-npt-nozzles-tip\/#primaryimage\",\"url\":\"https:\/\/panwinjet.com\/wp-content\/uploads\/2025\/09\/AP-4-Nozzles-7.jpg\",\"contentUrl\":\"https:\/\/panwinjet.com\/wp-content\/uploads\/2025\/09\/AP-4-Nozzles-7.jpg\",\"width\":1279,\"height\":1706},{\"@type\":\"BreadcrumbList\",\"@id\":\"https:\/\/panwinjet.com\/product\/40000psi-2800bar-ultra-high-pressure-hydro-jet-water-blasting-nozzles-compatible-for-ap-4-1-4-npt-nozzles-tip\/#breadcrumb\",\"itemListElement\":[{\"@type\":\"ListItem\",\"position\":1,\"name\":\"\u9996\u9875\",\"item\":\"https:\/\/panwinjet.com\/\"},{\"@type\":\"ListItem\",\"position\":2,\"name\":\"PRODUCT\",\"item\":\"https:\/\/panwinjet.com\/product\/\"},{\"@type\":\"ListItem\",\"position\":3,\"name\":\"40000psi-2800Bar Ultra High Pressure hydro-Jet Water Blasting nozzles Compatible for AP-4 1\/4 NPT nozzles Tip\"}]},{\"@type\":\"WebSite\",\"@id\":\"https:\/\/panwinjet.com\/#website\",\"url\":\"https:\/\/panwinjet.com\/\",\"name\":\"Panwin Machinery&amp;Equipment\",\"description\":\"Shenzhen Panwin Machinery&amp;Equipment Co.Ltd\",\"potentialAction\":[{\"@type\":\"SearchAction\",\"target\":{\"@type\":\"EntryPoint\",\"urlTemplate\":\"https:\/\/panwinjet.com\/?s={search_term_string}\"},\"query-input\":{\"@type\":\"PropertyValueSpecification\",\"valueRequired\":true,\"valueName\":\"search_term_string\"}}],\"inLanguage\":\"es\"}]}<\/script>\n<!-- \/ Yoast SEO plugin. -->","yoast_head_json":{"title":"40000psi-2800Bar Ultra High Pressure hydro-Jet Water Blasting nozzles Compatible for AP-4 1\/4 NPT nozzles Tip - Panwin Machinery&amp;Equipment","robots":{"index":"index","follow":"follow","max-snippet":"max-snippet:-1","max-image-preview":"max-image-preview:large","max-video-preview":"max-video-preview:-1"},"canonical":"https:\/\/panwinjet.com\/es\/producto\/40000psi-2800bar-ultra-high-pressure-hydro-jet-water-blasting-nozzles-compatible-for-ap-4-1-4-npt-nozzles-tip\/","og_locale":"es_ES","og_type":"article","og_title":"40000psi-2800Bar Ultra High Pressure hydro-Jet Water Blasting nozzles Compatible for AP-4 1\/4 NPT nozzles Tip - Panwin Machinery&amp;Equipment","og_description":"Product Parameter (Specification) of40000psi-2800Bar Ultra High Pressure hydro-Jet Water Blasting nozzles Compatible for AP-4 1\/4 NPT nozzles Tip  For this 40000psi-2800Bar Ultra High Pressure hydro-Jet Water Blasting nozzles Compatible for AP-4 1\/4 NPT nozzles Tip  there are different Orifice size, and most popular size like 0.50mm,0.45mm etc, the pressure is 40,000psi.details specification as mentioned below.   Product Feature And Application of 40000psi-2800Bar Ultra High Pressure hydro-Jet Water Blasting nozzles Compatible for AP-4 1\/4 NPT nozzles Tip  The\u00a040000psi-2800Bar Ultra High Pressure hydro-Jet Water Blasting nozzles Compatible for AP-4 1\/4 NPT nozzles Tip \u00a0are made of high-quality ruby and sapphire, it has advanced performance in spraying as mentioned below.  Nozzles Features:  Long-use time  High-Pressure Jets flow coherency  Powerful Spray stream  Excellent water Blasting performance  A:Long lifetime Constant Jet Quality  B:High-Power and Focus Jet Stream  C:High Energy density and straight Jet  D:User-friendly to install and disassembly","og_url":"https:\/\/panwinjet.com\/es\/producto\/40000psi-2800bar-ultra-high-pressure-hydro-jet-water-blasting-nozzles-compatible-for-ap-4-1-4-npt-nozzles-tip\/","og_site_name":"Panwin Machinery&amp;Equipment","og_image":[{"width":1279,"height":1706,"url":"https:\/\/panwinjet.com\/wp-content\/uploads\/2025\/09\/AP-4-Nozzles-7.jpg","type":"image\/jpeg"}],"twitter_card":"summary_large_image","twitter_misc":{"Tiempo de lectura":"1 minuto"},"schema":{"@context":"https:\/\/schema.org","@graph":[{"@type":"WebPage","@id":"https:\/\/panwinjet.com\/product\/40000psi-2800bar-ultra-high-pressure-hydro-jet-water-blasting-nozzles-compatible-for-ap-4-1-4-npt-nozzles-tip\/","url":"https:\/\/panwinjet.com\/product\/40000psi-2800bar-ultra-high-pressure-hydro-jet-water-blasting-nozzles-compatible-for-ap-4-1-4-npt-nozzles-tip\/","name":"40000psi-2800Bar Ultra High Pressure hydro-Jet Water Blasting nozzles Compatible for AP-4 1\/4 NPT nozzles Tip - Panwin Machinery&amp;Equipment","isPartOf":{"@id":"https:\/\/panwinjet.com\/#website"},"primaryImageOfPage":{"@id":"https:\/\/panwinjet.com\/product\/40000psi-2800bar-ultra-high-pressure-hydro-jet-water-blasting-nozzles-compatible-for-ap-4-1-4-npt-nozzles-tip\/#primaryimage"},"image":{"@id":"https:\/\/panwinjet.com\/product\/40000psi-2800bar-ultra-high-pressure-hydro-jet-water-blasting-nozzles-compatible-for-ap-4-1-4-npt-nozzles-tip\/#primaryimage"},"thumbnailUrl":"https:\/\/panwinjet.com\/wp-content\/uploads\/2025\/09\/AP-4-Nozzles-7.jpg","datePublished":"2025-09-19T14:48:25+00:00","breadcrumb":{"@id":"https:\/\/panwinjet.com\/product\/40000psi-2800bar-ultra-high-pressure-hydro-jet-water-blasting-nozzles-compatible-for-ap-4-1-4-npt-nozzles-tip\/#breadcrumb"},"inLanguage":"es","potentialAction":[{"@type":"ReadAction","target":["https:\/\/panwinjet.com\/product\/40000psi-2800bar-ultra-high-pressure-hydro-jet-water-blasting-nozzles-compatible-for-ap-4-1-4-npt-nozzles-tip\/"]}]},{"@type":"ImageObject","inLanguage":"es","@id":"https:\/\/panwinjet.com\/product\/40000psi-2800bar-ultra-high-pressure-hydro-jet-water-blasting-nozzles-compatible-for-ap-4-1-4-npt-nozzles-tip\/#primaryimage","url":"https:\/\/panwinjet.com\/wp-content\/uploads\/2025\/09\/AP-4-Nozzles-7.jpg","contentUrl":"https:\/\/panwinjet.com\/wp-content\/uploads\/2025\/09\/AP-4-Nozzles-7.jpg","width":1279,"height":1706},{"@type":"BreadcrumbList","@id":"https:\/\/panwinjet.com\/product\/40000psi-2800bar-ultra-high-pressure-hydro-jet-water-blasting-nozzles-compatible-for-ap-4-1-4-npt-nozzles-tip\/#breadcrumb","itemListElement":[{"@type":"ListItem","position":1,"name":"\u9996\u9875","item":"https:\/\/panwinjet.com\/"},{"@type":"ListItem","position":2,"name":"PRODUCT","item":"https:\/\/panwinjet.com\/product\/"},{"@type":"ListItem","position":3,"name":"40000psi-2800Bar Ultra High Pressure hydro-Jet Water Blasting nozzles Compatible for AP-4 1\/4 NPT nozzles Tip"}]},{"@type":"WebSite","@id":"https:\/\/panwinjet.com\/#website","url":"https:\/\/panwinjet.com\/","name":"Panwin Machinery&amp;Equipment","description":"Shenzhen Panwin Machinery&amp;Equipment Co.Ltd","potentialAction":[{"@type":"SearchAction","target":{"@type":"EntryPoint","urlTemplate":"https:\/\/panwinjet.com\/?s={search_term_string}"},"query-input":{"@type":"PropertyValueSpecification","valueRequired":true,"valueName":"search_term_string"}}],"inLanguage":"es"}]}},"_links":{"self":[{"href":"https:\/\/panwinjet.com\/es\/wp-json\/wp\/v2\/product\/850","targetHints":{"allow":["GET"]}}],"collection":[{"href":"https:\/\/panwinjet.com\/es\/wp-json\/wp\/v2\/product"}],"about":[{"href":"https:\/\/panwinjet.com\/es\/wp-json\/wp\/v2\/types\/product"}],"wp:featuredmedia":[{"embeddable":true,"href":"https:\/\/panwinjet.com\/es\/wp-json\/wp\/v2\/media\/854"}],"wp:attachment":[{"href":"https:\/\/panwinjet.com\/es\/wp-json\/wp\/v2\/media?parent=850"}],"wp:term":[{"taxonomy":"product_brand","embeddable":true,"href":"https:\/\/panwinjet.com\/es\/wp-json\/wp\/v2\/product_brand?post=850"},{"taxonomy":"product_cat","embeddable":true,"href":"https:\/\/panwinjet.com\/es\/wp-json\/wp\/v2\/product_cat?post=850"},{"taxonomy":"product_tag","embeddable":true,"href":"https:\/\/panwinjet.com\/es\/wp-json\/wp\/v2\/product_tag?post=850"}],"curies":[{"name":"wp","href":"https:\/\/api.w.org\/{rel}","templated":true}]}}