{"id":802,"date":"2025-09-19T10:01:20","date_gmt":"2025-09-19T10:01:20","guid":{"rendered":"https:\/\/panwinjet.com\/?post_type=product&#038;p=802"},"modified":"2025-09-19T10:01:21","modified_gmt":"2025-09-19T10:01:21","slug":"2800bar-ultra-high-pressure-jet-air-actuated-jet-tornado-hand-gun-assembly-2","status":"publish","type":"product","link":"https:\/\/panwinjet.com\/es\/producto\/2800bar-ultra-high-pressure-jet-air-actuated-jet-tornado-hand-gun-assembly-2\/","title":{"rendered":"Conjunto de pistola de mano Jet Tornado accionada por aire a presi\u00f3n ultra alta de 2800 bar"},"content":{"rendered":"<p>Conjunto de pistola de mano Jet Tornado accionada por aire a presi\u00f3n ultra alta de 2800 bar<\/p>\n<p>1. Introducci\u00f3n del producto: conjunto de pistola manual Jet Tornado accionada por aire a presi\u00f3n ultraalta de 2800 bar<br \/>\nEsta pistola manual Jet Tornado de ultraalta presi\u00f3n de 2800 bar, accionada por aire, se utiliza junto con el Multi-Mode y es una pistola de chorro de agua con doble gatillo, ca\u00f1\u00f3n giratorio y propulsada por aire. Maximiza la seguridad, la facilidad de mantenimiento y la durabilidad.<br \/>\nLas pistolas FXG2 Tornado est\u00e1n dise\u00f1adas para proporcionar el m\u00e1s alto nivel de productividad.<\/p>\n<p>&nbsp;<\/p>\n<p>2. Par\u00e1metros del producto (especificaci\u00f3n) del conjunto de pistola manual Jet Tornado accionada por aire a presi\u00f3n ultraalta de 2800 bar<br \/>\nNuestro conjunto de pistola manual Jet Tornado accionada por aire a presi\u00f3n ultraalta de 2800 bar es una pistola de control de chorro de agua con ca\u00f1\u00f3n giratorio accionada por aire y dos gatillos, est\u00e1 dise\u00f1ada para un alto nivel de productividad y seguridad, y el par\u00e1metro de detalles es el siguiente:<\/p>\n<div style=\"width: 720px;\" class=\"wp-video\"><video class=\"wp-video-shortcode\" id=\"video-802-1\" width=\"720\" height=\"1280\" preload=\"metadata\" controls=\"controls\"><source type=\"video\/mp4\" src=\"https:\/\/panwinjet.com\/wp-content\/uploads\/2025\/09\/Tornado-Air-Gun-Test.mp4?_=1\" \/><a href=\"https:\/\/panwinjet.com\/wp-content\/uploads\/2025\/09\/Tornado-Air-Gun-Test.mp4\">https:\/\/panwinjet.com\/wp-content\/uploads\/2025\/09\/Tornado-Air-Gun-Test.mp4<\/a><\/video><\/div>","protected":false},"excerpt":{"rendered":"<p>3. Caracter\u00edsticas y aplicaciones del producto: conjunto de pistola manual Jet Tornado accionada por aire a presi\u00f3n ultraalta de 2800 bar<br \/>\nEste conjunto de pistola manual Jet Tornado accionada por aire a presi\u00f3n ultraalta de 2800 bar est\u00e1 dise\u00f1ado para m\u00e1xima seguridad, f\u00e1cil mantenimiento y larga durabilidad. Se presenta de la siguiente manera:<br \/>\n1: Taladro neum\u00e1tico de alto par<br \/>\n2: Rodamientos grandes con mayor vida \u00fatil del sello de alta presi\u00f3n<br \/>\n3: Casquillos del barril sin engrase<br \/>\n4: Casquillo de alta presi\u00f3n f\u00e1cil de cambiar<\/p>\n<p>Solicitud:<br \/>\nEste conjunto de pistola manual Jet Tornado accionada por aire a presi\u00f3n ultraalta de 2800 bar se puede utilizar en la limpieza general de superficies, limpieza de tuber\u00edas, limpieza de intercambio de calor, pintura hidr\u00e1ulica y limpieza de \u00f3xido, etc.<\/p>\n<p>&nbsp;<\/p>\n<p>4. Detalles del producto: Conjunto de pistola manual Jet Tornado accionada por aire a presi\u00f3n ultraalta de 2800 bar<br \/>\nPara nuestro conjunto de pistola manual Jet Tornado accionada por aire a presi\u00f3n ultraalta de 2800 bar, es una pistola de control de potencia de aire de chorro de agua avanzada, es un conjunto de herramientas de pistola de pulverizaci\u00f3n de alto rango y la estructura de detalles es la siguiente:<\/p>","protected":false},"featured_media":808,"template":"","meta":[],"product_brand":[],"product_cat":[4],"product_tag":[],"class_list":{"0":"post-802","1":"product","2":"type-product","3":"status-publish","4":"has-post-thumbnail","6":"product_cat-uhp-blasting-hand-air-gun","8":"first","9":"instock","10":"shipping-taxable","11":"product-type-simple"},"yoast_head":"<!-- This site is optimized with the Yoast SEO plugin v24.9 - https:\/\/yoast.com\/wordpress\/plugins\/seo\/ -->\n<title>2800Bar Ultra-high pressure Jet Air-actuated Jet Tornado hand Gun Assembly - Panwin Machinery&amp;Equipment<\/title>\n<meta name=\"robots\" content=\"index, follow, max-snippet:-1, max-image-preview:large, max-video-preview:-1\" \/>\n<link rel=\"canonical\" href=\"https:\/\/panwinjet.com\/es\/producto\/2800bar-ultra-high-pressure-jet-air-actuated-jet-tornado-hand-gun-assembly-2\/\" \/>\n<meta property=\"og:locale\" content=\"es_ES\" \/>\n<meta property=\"og:type\" content=\"article\" \/>\n<meta property=\"og:title\" content=\"2800Bar Ultra-high pressure Jet Air-actuated Jet Tornado hand Gun Assembly - Panwin Machinery&amp;Equipment\" \/>\n<meta property=\"og:description\" content=\"3.Product Feature And Application of 2800Bar Ultra-high pressure Jet Air-actuated Jet Tornado hand Gun Assembly This 2800Bar Ultra-high pressure Jet Air-actuated Jet Tornado hand Gun Assembly is designed for Max security, easy serviceability and long durability, It is featured as follows: 1:High-torque air drill 2:Big bearings with longer high pressure seal life 3:No-grease barrel bushings 4:Easy to change high pressure Bushing  Application: This 2800Bar Ultra-high pressure Jet Air-actuated Jet Tornado hand Gun Assembly can be used in the general surface cleaning, pipeline tubing cleaning, the heat-exchange cleaning, Hydro Painting &amp;Rust cleaning etc.  &nbsp;  4.Product Details of 2800Bar Ultra-high pressure Jet Air-actuated Jet Tornado hand Gun Assembly For our 2800Bar Ultra-high pressure Jet Air-actuated Jet Tornado hand Gun Assembly is advanced Water-blasting air-power control gun, it is widely high-rank spraying gun tool assembly, and details structure as follows:\" \/>\n<meta property=\"og:url\" content=\"https:\/\/panwinjet.com\/es\/producto\/2800bar-ultra-high-pressure-jet-air-actuated-jet-tornado-hand-gun-assembly-2\/\" \/>\n<meta property=\"og:site_name\" content=\"Panwin Machinery&amp;Equipment\" \/>\n<meta property=\"article:modified_time\" content=\"2025-09-19T10:01:21+00:00\" \/>\n<meta property=\"og:image\" content=\"https:\/\/panwinjet.com\/wp-content\/uploads\/2025\/09\/2800Bar-Ultra-high-pressure-Jet-Air-actuated-Jet-Tornado-hand-Gun-Assembly-AAAA.jpg\" \/>\n\t<meta property=\"og:image:width\" content=\"1280\" \/>\n\t<meta property=\"og:image:height\" content=\"1706\" \/>\n\t<meta property=\"og:image:type\" content=\"image\/jpeg\" \/>\n<meta name=\"twitter:card\" content=\"summary_large_image\" \/>\n<meta name=\"twitter:label1\" content=\"Tiempo de lectura\" \/>\n\t<meta name=\"twitter:data1\" content=\"1 minuto\" \/>\n<script type=\"application\/ld+json\" class=\"yoast-schema-graph\">{\"@context\":\"https:\/\/schema.org\",\"@graph\":[{\"@type\":\"WebPage\",\"@id\":\"https:\/\/panwinjet.com\/product\/2800bar-ultra-high-pressure-jet-air-actuated-jet-tornado-hand-gun-assembly-2\/\",\"url\":\"https:\/\/panwinjet.com\/product\/2800bar-ultra-high-pressure-jet-air-actuated-jet-tornado-hand-gun-assembly-2\/\",\"name\":\"2800Bar Ultra-high pressure Jet Air-actuated Jet Tornado hand Gun Assembly - Panwin Machinery&amp;Equipment\",\"isPartOf\":{\"@id\":\"https:\/\/panwinjet.com\/#website\"},\"primaryImageOfPage\":{\"@id\":\"https:\/\/panwinjet.com\/product\/2800bar-ultra-high-pressure-jet-air-actuated-jet-tornado-hand-gun-assembly-2\/#primaryimage\"},\"image\":{\"@id\":\"https:\/\/panwinjet.com\/product\/2800bar-ultra-high-pressure-jet-air-actuated-jet-tornado-hand-gun-assembly-2\/#primaryimage\"},\"thumbnailUrl\":\"https:\/\/panwinjet.com\/wp-content\/uploads\/2025\/09\/2800Bar-Ultra-high-pressure-Jet-Air-actuated-Jet-Tornado-hand-Gun-Assembly-AAAA.jpg\",\"datePublished\":\"2025-09-19T10:01:20+00:00\",\"dateModified\":\"2025-09-19T10:01:21+00:00\",\"breadcrumb\":{\"@id\":\"https:\/\/panwinjet.com\/product\/2800bar-ultra-high-pressure-jet-air-actuated-jet-tornado-hand-gun-assembly-2\/#breadcrumb\"},\"inLanguage\":\"es\",\"potentialAction\":[{\"@type\":\"ReadAction\",\"target\":[\"https:\/\/panwinjet.com\/product\/2800bar-ultra-high-pressure-jet-air-actuated-jet-tornado-hand-gun-assembly-2\/\"]}]},{\"@type\":\"ImageObject\",\"inLanguage\":\"es\",\"@id\":\"https:\/\/panwinjet.com\/product\/2800bar-ultra-high-pressure-jet-air-actuated-jet-tornado-hand-gun-assembly-2\/#primaryimage\",\"url\":\"https:\/\/panwinjet.com\/wp-content\/uploads\/2025\/09\/2800Bar-Ultra-high-pressure-Jet-Air-actuated-Jet-Tornado-hand-Gun-Assembly-AAAA.jpg\",\"contentUrl\":\"https:\/\/panwinjet.com\/wp-content\/uploads\/2025\/09\/2800Bar-Ultra-high-pressure-Jet-Air-actuated-Jet-Tornado-hand-Gun-Assembly-AAAA.jpg\",\"width\":1280,\"height\":1706},{\"@type\":\"BreadcrumbList\",\"@id\":\"https:\/\/panwinjet.com\/product\/2800bar-ultra-high-pressure-jet-air-actuated-jet-tornado-hand-gun-assembly-2\/#breadcrumb\",\"itemListElement\":[{\"@type\":\"ListItem\",\"position\":1,\"name\":\"\u9996\u9875\",\"item\":\"https:\/\/panwinjet.com\/\"},{\"@type\":\"ListItem\",\"position\":2,\"name\":\"PRODUCT\",\"item\":\"https:\/\/panwinjet.com\/product\/\"},{\"@type\":\"ListItem\",\"position\":3,\"name\":\"2800Bar Ultra-high pressure Jet Air-actuated Jet Tornado hand Gun Assembly\"}]},{\"@type\":\"WebSite\",\"@id\":\"https:\/\/panwinjet.com\/#website\",\"url\":\"https:\/\/panwinjet.com\/\",\"name\":\"Panwin Machinery&amp;Equipment\",\"description\":\"Shenzhen Panwin Machinery&amp;Equipment Co.Ltd\",\"potentialAction\":[{\"@type\":\"SearchAction\",\"target\":{\"@type\":\"EntryPoint\",\"urlTemplate\":\"https:\/\/panwinjet.com\/?s={search_term_string}\"},\"query-input\":{\"@type\":\"PropertyValueSpecification\",\"valueRequired\":true,\"valueName\":\"search_term_string\"}}],\"inLanguage\":\"es\"}]}<\/script>\n<!-- \/ Yoast SEO plugin. -->","yoast_head_json":{"title":"2800Bar Ultra-high pressure Jet Air-actuated Jet Tornado hand Gun Assembly - Panwin Machinery&amp;Equipment","robots":{"index":"index","follow":"follow","max-snippet":"max-snippet:-1","max-image-preview":"max-image-preview:large","max-video-preview":"max-video-preview:-1"},"canonical":"https:\/\/panwinjet.com\/es\/producto\/2800bar-ultra-high-pressure-jet-air-actuated-jet-tornado-hand-gun-assembly-2\/","og_locale":"es_ES","og_type":"article","og_title":"2800Bar Ultra-high pressure Jet Air-actuated Jet Tornado hand Gun Assembly - Panwin Machinery&amp;Equipment","og_description":"3.Product Feature And Application of 2800Bar Ultra-high pressure Jet Air-actuated Jet Tornado hand Gun Assembly This 2800Bar Ultra-high pressure Jet Air-actuated Jet Tornado hand Gun Assembly is designed for Max security, easy serviceability and long durability, It is featured as follows: 1:High-torque air drill 2:Big bearings with longer high pressure seal life 3:No-grease barrel bushings 4:Easy to change high pressure Bushing  Application: This 2800Bar Ultra-high pressure Jet Air-actuated Jet Tornado hand Gun Assembly can be used in the general surface cleaning, pipeline tubing cleaning, the heat-exchange cleaning, Hydro Painting &amp;Rust cleaning etc.  &nbsp;  4.Product Details of 2800Bar Ultra-high pressure Jet Air-actuated Jet Tornado hand Gun Assembly For our 2800Bar Ultra-high pressure Jet Air-actuated Jet Tornado hand Gun Assembly is advanced Water-blasting air-power control gun, it is widely high-rank spraying gun tool assembly, and details structure as follows:","og_url":"https:\/\/panwinjet.com\/es\/producto\/2800bar-ultra-high-pressure-jet-air-actuated-jet-tornado-hand-gun-assembly-2\/","og_site_name":"Panwin Machinery&amp;Equipment","article_modified_time":"2025-09-19T10:01:21+00:00","og_image":[{"width":1280,"height":1706,"url":"https:\/\/panwinjet.com\/wp-content\/uploads\/2025\/09\/2800Bar-Ultra-high-pressure-Jet-Air-actuated-Jet-Tornado-hand-Gun-Assembly-AAAA.jpg","type":"image\/jpeg"}],"twitter_card":"summary_large_image","twitter_misc":{"Tiempo de lectura":"1 minuto"},"schema":{"@context":"https:\/\/schema.org","@graph":[{"@type":"WebPage","@id":"https:\/\/panwinjet.com\/product\/2800bar-ultra-high-pressure-jet-air-actuated-jet-tornado-hand-gun-assembly-2\/","url":"https:\/\/panwinjet.com\/product\/2800bar-ultra-high-pressure-jet-air-actuated-jet-tornado-hand-gun-assembly-2\/","name":"2800Bar Ultra-high pressure Jet Air-actuated Jet Tornado hand Gun Assembly - Panwin Machinery&amp;Equipment","isPartOf":{"@id":"https:\/\/panwinjet.com\/#website"},"primaryImageOfPage":{"@id":"https:\/\/panwinjet.com\/product\/2800bar-ultra-high-pressure-jet-air-actuated-jet-tornado-hand-gun-assembly-2\/#primaryimage"},"image":{"@id":"https:\/\/panwinjet.com\/product\/2800bar-ultra-high-pressure-jet-air-actuated-jet-tornado-hand-gun-assembly-2\/#primaryimage"},"thumbnailUrl":"https:\/\/panwinjet.com\/wp-content\/uploads\/2025\/09\/2800Bar-Ultra-high-pressure-Jet-Air-actuated-Jet-Tornado-hand-Gun-Assembly-AAAA.jpg","datePublished":"2025-09-19T10:01:20+00:00","dateModified":"2025-09-19T10:01:21+00:00","breadcrumb":{"@id":"https:\/\/panwinjet.com\/product\/2800bar-ultra-high-pressure-jet-air-actuated-jet-tornado-hand-gun-assembly-2\/#breadcrumb"},"inLanguage":"es","potentialAction":[{"@type":"ReadAction","target":["https:\/\/panwinjet.com\/product\/2800bar-ultra-high-pressure-jet-air-actuated-jet-tornado-hand-gun-assembly-2\/"]}]},{"@type":"ImageObject","inLanguage":"es","@id":"https:\/\/panwinjet.com\/product\/2800bar-ultra-high-pressure-jet-air-actuated-jet-tornado-hand-gun-assembly-2\/#primaryimage","url":"https:\/\/panwinjet.com\/wp-content\/uploads\/2025\/09\/2800Bar-Ultra-high-pressure-Jet-Air-actuated-Jet-Tornado-hand-Gun-Assembly-AAAA.jpg","contentUrl":"https:\/\/panwinjet.com\/wp-content\/uploads\/2025\/09\/2800Bar-Ultra-high-pressure-Jet-Air-actuated-Jet-Tornado-hand-Gun-Assembly-AAAA.jpg","width":1280,"height":1706},{"@type":"BreadcrumbList","@id":"https:\/\/panwinjet.com\/product\/2800bar-ultra-high-pressure-jet-air-actuated-jet-tornado-hand-gun-assembly-2\/#breadcrumb","itemListElement":[{"@type":"ListItem","position":1,"name":"\u9996\u9875","item":"https:\/\/panwinjet.com\/"},{"@type":"ListItem","position":2,"name":"PRODUCT","item":"https:\/\/panwinjet.com\/product\/"},{"@type":"ListItem","position":3,"name":"2800Bar Ultra-high pressure Jet Air-actuated Jet Tornado hand Gun Assembly"}]},{"@type":"WebSite","@id":"https:\/\/panwinjet.com\/#website","url":"https:\/\/panwinjet.com\/","name":"Panwin Machinery&amp;Equipment","description":"Shenzhen Panwin Machinery&amp;Equipment Co.Ltd","potentialAction":[{"@type":"SearchAction","target":{"@type":"EntryPoint","urlTemplate":"https:\/\/panwinjet.com\/?s={search_term_string}"},"query-input":{"@type":"PropertyValueSpecification","valueRequired":true,"valueName":"search_term_string"}}],"inLanguage":"es"}]}},"_links":{"self":[{"href":"https:\/\/panwinjet.com\/es\/wp-json\/wp\/v2\/product\/802","targetHints":{"allow":["GET"]}}],"collection":[{"href":"https:\/\/panwinjet.com\/es\/wp-json\/wp\/v2\/product"}],"about":[{"href":"https:\/\/panwinjet.com\/es\/wp-json\/wp\/v2\/types\/product"}],"wp:featuredmedia":[{"embeddable":true,"href":"https:\/\/panwinjet.com\/es\/wp-json\/wp\/v2\/media\/808"}],"wp:attachment":[{"href":"https:\/\/panwinjet.com\/es\/wp-json\/wp\/v2\/media?parent=802"}],"wp:term":[{"taxonomy":"product_brand","embeddable":true,"href":"https:\/\/panwinjet.com\/es\/wp-json\/wp\/v2\/product_brand?post=802"},{"taxonomy":"product_cat","embeddable":true,"href":"https:\/\/panwinjet.com\/es\/wp-json\/wp\/v2\/product_cat?post=802"},{"taxonomy":"product_tag","embeddable":true,"href":"https:\/\/panwinjet.com\/es\/wp-json\/wp\/v2\/product_tag?post=802"}],"curies":[{"name":"wp","href":"https:\/\/api.w.org\/{rel}","templated":true}]}}