{"id":732,"date":"2025-09-19T08:49:35","date_gmt":"2025-09-19T08:49:35","guid":{"rendered":"https:\/\/panwinjet.com\/?post_type=product&#038;p=732"},"modified":"2025-10-01T08:10:51","modified_gmt":"2025-10-01T08:10:51","slug":"hot-sale-whole-sale-ultra-high-small-pipeline-hydro-jet-blasting-cleaning-banshee-style-nozzle-dn24","status":"publish","type":"product","link":"https:\/\/panwinjet.com\/es\/producto\/hot-sale-whole-sale-ultra-high-small-pipeline-hydro-jet-blasting-cleaning-banshee-style-nozzle-dn24\/","title":{"rendered":"Boquilla estilo Banshee de alta presi\u00f3n para limpieza de tuber\u00edas peque\u00f1as con chorro de agua a alta presi\u00f3n (DN24)"},"content":{"rendered":"<p>1. Venta caliente, venta al por mayor, boquilla Banshee para limpieza con chorro de agua de tuber\u00edas peque\u00f1as y ultraaltas.<br \/>\n2. Presentaci\u00f3n del producto: Boquilla Banshee para limpieza con chorro de agua a presi\u00f3n ultrabajo en tuber\u00edas peque\u00f1as.<br \/>\nLas boquillas Banshee se utilizan ampliamente para la limpieza de intercambiadores de calor, tuber\u00edas de peque\u00f1o di\u00e1metro y barreras de tuber\u00edas, entre otros. Son altamente eficientes y f\u00e1ciles de usar para la limpieza de tubos de peque\u00f1o di\u00e1metro. En Panwin, le ofrecemos boquillas Banshee en varios tama\u00f1os.<\/p>\n<div style=\"width: 1220px;\" class=\"wp-video\"><video class=\"wp-video-shortcode\" id=\"video-732-1\" width=\"1220\" height=\"686\" preload=\"metadata\" controls=\"controls\"><source type=\"video\/mp4\" src=\"https:\/\/panwinjet.com\/wp-content\/uploads\/2025\/09\/Banshee-nozzles-Testing.mp4?_=1\" \/><a href=\"https:\/\/panwinjet.com\/wp-content\/uploads\/2025\/09\/Banshee-nozzles-Testing.mp4\">https:\/\/panwinjet.com\/wp-content\/uploads\/2025\/09\/Banshee-nozzles-Testing.mp4<\/a><\/video><\/div>\n<p>2. Par\u00e1metros del producto (especificaci\u00f3n) de la boquilla Banshee para limpieza con chorro de agua de tuber\u00edas peque\u00f1as y ultraaltas<br \/>\nLos chorros de agua que impulsan las boquillas Banshee est\u00e1n especialmente dise\u00f1ados para el intercambio de calor, peque\u00f1os<br \/>\nDisponemos de barreras para tuber\u00edas y tuber\u00edas de diferentes di\u00e1metros, con un rango de presi\u00f3n de 550 bar a 2800 bar y un caudal m\u00e1ximo de 190 l\/min. Con diversas conexiones de entrada, se puede utilizar con diferentes herramientas para distintas situaciones de limpieza de tuber\u00edas. A continuaci\u00f3n, se detallan las especificaciones:<\/p>","protected":false},"excerpt":{"rendered":"<p>3.2. Par\u00e1metros del producto (especificaciones) de la boquilla Banshee para limpieza con chorro de agua a presi\u00f3n en tuber\u00edas peque\u00f1as de ultra alta presi\u00f3n.<br \/>\nLos chorros de agua que impulsan las boquillas Banshee est\u00e1n especialmente dise\u00f1ados para el intercambio de calor, peque\u00f1os<br \/>\nDisponemos de barreras para tuber\u00edas y tuber\u00edas de diferentes di\u00e1metros, con un rango de presi\u00f3n de 550 bar a 2800 bar y un caudal m\u00e1ximo de 190 l\/min. Con diversas conexiones de entrada, se puede utilizar con diferentes herramientas para distintas situaciones de limpieza de tuber\u00edas. A continuaci\u00f3n, se detallan las especificaciones:<\/p>\n<p>&nbsp;<\/p>\n<p>4.3. Caracter\u00edsticas y aplicaciones del producto: Boquilla Banshee para limpieza con chorro de agua a presi\u00f3n ultrarr\u00e1pida en tuber\u00edas peque\u00f1as<br \/>\nNuestra boquilla Banshee para limpieza con chorro de agua a presi\u00f3n en tuber\u00edas peque\u00f1as (22K-40KPSI) se utiliza para tuber\u00edas y tubos peque\u00f1os; es una de las boquillas de limpieza de tuber\u00edas de mayor eficiencia gracias a sus caracter\u00edsticas ventajosas:<br \/>\nVentajas y caracter\u00edsticas:<br \/>\nA: Gama completa de rangos de presi\u00f3n y caudal disponibles<br \/>\nB: La velocidad de rotaci\u00f3n puede alcanzar hasta 7000 rpm.<br \/>\nC: Servicio sencillo, se puede reparar en el lugar de trabajo.<br \/>\nD: Fabricado en acero inoxidable de alta calidad para prolongar su vida \u00fatil<\/p>\n<p>E: La parte exterior de la boquilla est\u00e1 recubierta con una capa de material especial para prolongar su vida \u00fatil y tiene m\u00faltiples patrones porosos para satisfacer diferentes requisitos de funcionamiento.<\/p>\n<p>Solicitud:<br \/>\nIndustria de la construcci\u00f3n con chorro de agua a ultra alta presi\u00f3n<br \/>\nChorro de agua a presi\u00f3n por agua para la industria del hierro, el acero y los metales<br \/>\nIngenier\u00eda mec\u00e1nica y de aparatos para hidrolavadoras de alta presi\u00f3n<br \/>\nIndustria del cemento y el hormig\u00f3n<br \/>\nLimpieza de superficies con barracuda de alta presi\u00f3n<br \/>\nPiezas para equipos de limpieza UHP Hydro Jet<br \/>\nBarras pulverizadoras de limpieza industrial<br \/>\nM\u00e1quina de hidrolavado para la industria de refinaci\u00f3n de petr\u00f3leo<br \/>\nLimpieza de superficies con chorro de agua a presi\u00f3n, limpieza de tanques y recipientes.<br \/>\nLimpieza del intercambiador de calor,<br \/>\nLimpieza de pintura de autom\u00f3viles, limpieza de la industria minera, limpieza de f\u00e1bricas de acero, etc.<br \/>\nEquipos de limpieza de alcantarillado de alta presi\u00f3n para redes de tuber\u00edas municipales de suministro de agua y drenaje;<\/p>","protected":false},"featured_media":734,"template":"","meta":[],"product_brand":[],"product_cat":[9,5],"product_tag":[],"class_list":{"0":"post-732","1":"product","2":"type-product","3":"status-publish","4":"has-post-thumbnail","6":"product_cat-heat-exchanger-cleaning-device","7":"product_cat-uhp-rotating-nozzles","9":"first","10":"instock","11":"shipping-taxable","12":"product-type-simple"},"yoast_head":"<!-- This site is optimized with the Yoast SEO plugin v24.9 - https:\/\/yoast.com\/wordpress\/plugins\/seo\/ -->\n<title>Hot Sale Whole Sale Ultra-high small Pipeline hydro Jet blasting cleaning Banshee Style Nozzle-DN24 - Panwin Machinery&amp;Equipment<\/title>\n<meta name=\"robots\" content=\"index, follow, max-snippet:-1, max-image-preview:large, max-video-preview:-1\" \/>\n<link rel=\"canonical\" href=\"https:\/\/panwinjet.com\/es\/producto\/hot-sale-whole-sale-ultra-high-small-pipeline-hydro-jet-blasting-cleaning-banshee-style-nozzle-dn24\/\" \/>\n<meta property=\"og:locale\" content=\"es_ES\" \/>\n<meta property=\"og:type\" content=\"article\" \/>\n<meta property=\"og:title\" content=\"Hot Sale Whole Sale Ultra-high small Pipeline hydro Jet blasting cleaning Banshee Style Nozzle-DN24 - Panwin Machinery&amp;Equipment\" \/>\n<meta property=\"og:description\" content=\"3.2.Product Parameter (Specification) of Ultra-high small Pipeline hydro Jet blasting cleaning Banshee Nozzle The hydro jets blasting Banshee nozzles is special designed for the heat-exchange, small Diameter pipeline and pipe barrier, we have pressure range range from 550bar to 2800bar, biggest Flow rate is 190l\/m, with various Inlet connection, it can applied to different tool for different pipeline cleaning case. And Specification details as follows:  &nbsp;  4.3.Product Feature And Application of Ultra-high small Pipeline hydro Jet blasting cleaning Banshee Nozzle Our 22K-40KPSI small Pipeline hydro Jet blasting cleaning Banshee Nozzle is used for small pipe and tube, it is highest-efficiency pipe clean nozzles due to advantage features: Advantages and features: A:Full range of pressure and flow ranges available B:The Rotating speed can reach up to 7,000rpm C: Easy-service, it Can be repaired on the job site D:Made of high-grade stainless steel to extend service life  E:The outside of the nozzle is coated with a special material layer to extend its service life, and has multiple porous patterns to meet different operating requirements.  Application: UHP Water Blasting Construction Industry Hydro Jet blaster Iron, Steel And Metal Industry high pressure waterblaster Mechanical and Apparatus Engineering Cements and Concrete Industry high pressure barracuda Surface cleaning UHP hydro Jet cleaning equipment parts Industrial Cleaning Spray Bars hydro blasting machine for petroleum refining industry Hydro Jet Surface Cleaning,Tank&amp;Vessel Cleaning, Heat Exchange Cleaning, Automotive Painting cleaning Mining industry cleaning Steel manufacture cleaning etc. High pressure sewer cleaning equipment for municipal pipe networks water supply and drainage pipelines;\" \/>\n<meta property=\"og:url\" content=\"https:\/\/panwinjet.com\/es\/producto\/hot-sale-whole-sale-ultra-high-small-pipeline-hydro-jet-blasting-cleaning-banshee-style-nozzle-dn24\/\" \/>\n<meta property=\"og:site_name\" content=\"Panwin Machinery&amp;Equipment\" \/>\n<meta property=\"article:modified_time\" content=\"2025-10-01T08:10:51+00:00\" \/>\n<meta property=\"og:image\" content=\"https:\/\/panwinjet.com\/wp-content\/uploads\/2025\/09\/DN-18-13-9.5-24.jpg\" \/>\n\t<meta property=\"og:image:width\" content=\"1279\" \/>\n\t<meta property=\"og:image:height\" content=\"1706\" \/>\n\t<meta property=\"og:image:type\" content=\"image\/jpeg\" \/>\n<meta name=\"twitter:card\" content=\"summary_large_image\" \/>\n<meta name=\"twitter:label1\" content=\"Tiempo de lectura\" \/>\n\t<meta name=\"twitter:data1\" content=\"1 minuto\" \/>\n<script type=\"application\/ld+json\" class=\"yoast-schema-graph\">{\"@context\":\"https:\/\/schema.org\",\"@graph\":[{\"@type\":\"WebPage\",\"@id\":\"https:\/\/panwinjet.com\/product\/hot-sale-whole-sale-ultra-high-small-pipeline-hydro-jet-blasting-cleaning-banshee-style-nozzle-dn24\/\",\"url\":\"https:\/\/panwinjet.com\/product\/hot-sale-whole-sale-ultra-high-small-pipeline-hydro-jet-blasting-cleaning-banshee-style-nozzle-dn24\/\",\"name\":\"Hot Sale Whole Sale Ultra-high small Pipeline hydro Jet blasting cleaning Banshee Style Nozzle-DN24 - Panwin Machinery&amp;Equipment\",\"isPartOf\":{\"@id\":\"https:\/\/panwinjet.com\/#website\"},\"primaryImageOfPage\":{\"@id\":\"https:\/\/panwinjet.com\/product\/hot-sale-whole-sale-ultra-high-small-pipeline-hydro-jet-blasting-cleaning-banshee-style-nozzle-dn24\/#primaryimage\"},\"image\":{\"@id\":\"https:\/\/panwinjet.com\/product\/hot-sale-whole-sale-ultra-high-small-pipeline-hydro-jet-blasting-cleaning-banshee-style-nozzle-dn24\/#primaryimage\"},\"thumbnailUrl\":\"https:\/\/panwinjet.com\/wp-content\/uploads\/2025\/09\/DN-18-13-9.5-24.jpg\",\"datePublished\":\"2025-09-19T08:49:35+00:00\",\"dateModified\":\"2025-10-01T08:10:51+00:00\",\"breadcrumb\":{\"@id\":\"https:\/\/panwinjet.com\/product\/hot-sale-whole-sale-ultra-high-small-pipeline-hydro-jet-blasting-cleaning-banshee-style-nozzle-dn24\/#breadcrumb\"},\"inLanguage\":\"es\",\"potentialAction\":[{\"@type\":\"ReadAction\",\"target\":[\"https:\/\/panwinjet.com\/product\/hot-sale-whole-sale-ultra-high-small-pipeline-hydro-jet-blasting-cleaning-banshee-style-nozzle-dn24\/\"]}]},{\"@type\":\"ImageObject\",\"inLanguage\":\"es\",\"@id\":\"https:\/\/panwinjet.com\/product\/hot-sale-whole-sale-ultra-high-small-pipeline-hydro-jet-blasting-cleaning-banshee-style-nozzle-dn24\/#primaryimage\",\"url\":\"https:\/\/panwinjet.com\/wp-content\/uploads\/2025\/09\/DN-18-13-9.5-24.jpg\",\"contentUrl\":\"https:\/\/panwinjet.com\/wp-content\/uploads\/2025\/09\/DN-18-13-9.5-24.jpg\",\"width\":1279,\"height\":1706},{\"@type\":\"BreadcrumbList\",\"@id\":\"https:\/\/panwinjet.com\/product\/hot-sale-whole-sale-ultra-high-small-pipeline-hydro-jet-blasting-cleaning-banshee-style-nozzle-dn24\/#breadcrumb\",\"itemListElement\":[{\"@type\":\"ListItem\",\"position\":1,\"name\":\"\u9996\u9875\",\"item\":\"https:\/\/panwinjet.com\/\"},{\"@type\":\"ListItem\",\"position\":2,\"name\":\"PRODUCT\",\"item\":\"https:\/\/panwinjet.com\/product\/\"},{\"@type\":\"ListItem\",\"position\":3,\"name\":\"Hot Sale Whole Sale Ultra-high small Pipeline hydro Jet blasting cleaning Banshee Style Nozzle-DN24\"}]},{\"@type\":\"WebSite\",\"@id\":\"https:\/\/panwinjet.com\/#website\",\"url\":\"https:\/\/panwinjet.com\/\",\"name\":\"Panwin Machinery&amp;Equipment\",\"description\":\"Shenzhen Panwin Machinery&amp;Equipment Co.Ltd\",\"potentialAction\":[{\"@type\":\"SearchAction\",\"target\":{\"@type\":\"EntryPoint\",\"urlTemplate\":\"https:\/\/panwinjet.com\/?s={search_term_string}\"},\"query-input\":{\"@type\":\"PropertyValueSpecification\",\"valueRequired\":true,\"valueName\":\"search_term_string\"}}],\"inLanguage\":\"es\"}]}<\/script>\n<!-- \/ Yoast SEO plugin. -->","yoast_head_json":{"title":"Hot Sale Whole Sale Ultra-high small Pipeline hydro Jet blasting cleaning Banshee Style Nozzle-DN24 - Panwin Machinery&amp;Equipment","robots":{"index":"index","follow":"follow","max-snippet":"max-snippet:-1","max-image-preview":"max-image-preview:large","max-video-preview":"max-video-preview:-1"},"canonical":"https:\/\/panwinjet.com\/es\/producto\/hot-sale-whole-sale-ultra-high-small-pipeline-hydro-jet-blasting-cleaning-banshee-style-nozzle-dn24\/","og_locale":"es_ES","og_type":"article","og_title":"Hot Sale Whole Sale Ultra-high small Pipeline hydro Jet blasting cleaning Banshee Style Nozzle-DN24 - Panwin Machinery&amp;Equipment","og_description":"3.2.Product Parameter (Specification) of Ultra-high small Pipeline hydro Jet blasting cleaning Banshee Nozzle The hydro jets blasting Banshee nozzles is special designed for the heat-exchange, small Diameter pipeline and pipe barrier, we have pressure range range from 550bar to 2800bar, biggest Flow rate is 190l\/m, with various Inlet connection, it can applied to different tool for different pipeline cleaning case. And Specification details as follows:  &nbsp;  4.3.Product Feature And Application of Ultra-high small Pipeline hydro Jet blasting cleaning Banshee Nozzle Our 22K-40KPSI small Pipeline hydro Jet blasting cleaning Banshee Nozzle is used for small pipe and tube, it is highest-efficiency pipe clean nozzles due to advantage features: Advantages and features: A:Full range of pressure and flow ranges available B:The Rotating speed can reach up to 7,000rpm C: Easy-service, it Can be repaired on the job site D:Made of high-grade stainless steel to extend service life  E:The outside of the nozzle is coated with a special material layer to extend its service life, and has multiple porous patterns to meet different operating requirements.  Application: UHP Water Blasting Construction Industry Hydro Jet blaster Iron, Steel And Metal Industry high pressure waterblaster Mechanical and Apparatus Engineering Cements and Concrete Industry high pressure barracuda Surface cleaning UHP hydro Jet cleaning equipment parts Industrial Cleaning Spray Bars hydro blasting machine for petroleum refining industry Hydro Jet Surface Cleaning,Tank&amp;Vessel Cleaning, Heat Exchange Cleaning, Automotive Painting cleaning Mining industry cleaning Steel manufacture cleaning etc. High pressure sewer cleaning equipment for municipal pipe networks water supply and drainage pipelines;","og_url":"https:\/\/panwinjet.com\/es\/producto\/hot-sale-whole-sale-ultra-high-small-pipeline-hydro-jet-blasting-cleaning-banshee-style-nozzle-dn24\/","og_site_name":"Panwin Machinery&amp;Equipment","article_modified_time":"2025-10-01T08:10:51+00:00","og_image":[{"width":1279,"height":1706,"url":"https:\/\/panwinjet.com\/wp-content\/uploads\/2025\/09\/DN-18-13-9.5-24.jpg","type":"image\/jpeg"}],"twitter_card":"summary_large_image","twitter_misc":{"Tiempo de lectura":"1 minuto"},"schema":{"@context":"https:\/\/schema.org","@graph":[{"@type":"WebPage","@id":"https:\/\/panwinjet.com\/product\/hot-sale-whole-sale-ultra-high-small-pipeline-hydro-jet-blasting-cleaning-banshee-style-nozzle-dn24\/","url":"https:\/\/panwinjet.com\/product\/hot-sale-whole-sale-ultra-high-small-pipeline-hydro-jet-blasting-cleaning-banshee-style-nozzle-dn24\/","name":"Hot Sale Whole Sale Ultra-high small Pipeline hydro Jet blasting cleaning Banshee Style Nozzle-DN24 - Panwin Machinery&amp;Equipment","isPartOf":{"@id":"https:\/\/panwinjet.com\/#website"},"primaryImageOfPage":{"@id":"https:\/\/panwinjet.com\/product\/hot-sale-whole-sale-ultra-high-small-pipeline-hydro-jet-blasting-cleaning-banshee-style-nozzle-dn24\/#primaryimage"},"image":{"@id":"https:\/\/panwinjet.com\/product\/hot-sale-whole-sale-ultra-high-small-pipeline-hydro-jet-blasting-cleaning-banshee-style-nozzle-dn24\/#primaryimage"},"thumbnailUrl":"https:\/\/panwinjet.com\/wp-content\/uploads\/2025\/09\/DN-18-13-9.5-24.jpg","datePublished":"2025-09-19T08:49:35+00:00","dateModified":"2025-10-01T08:10:51+00:00","breadcrumb":{"@id":"https:\/\/panwinjet.com\/product\/hot-sale-whole-sale-ultra-high-small-pipeline-hydro-jet-blasting-cleaning-banshee-style-nozzle-dn24\/#breadcrumb"},"inLanguage":"es","potentialAction":[{"@type":"ReadAction","target":["https:\/\/panwinjet.com\/product\/hot-sale-whole-sale-ultra-high-small-pipeline-hydro-jet-blasting-cleaning-banshee-style-nozzle-dn24\/"]}]},{"@type":"ImageObject","inLanguage":"es","@id":"https:\/\/panwinjet.com\/product\/hot-sale-whole-sale-ultra-high-small-pipeline-hydro-jet-blasting-cleaning-banshee-style-nozzle-dn24\/#primaryimage","url":"https:\/\/panwinjet.com\/wp-content\/uploads\/2025\/09\/DN-18-13-9.5-24.jpg","contentUrl":"https:\/\/panwinjet.com\/wp-content\/uploads\/2025\/09\/DN-18-13-9.5-24.jpg","width":1279,"height":1706},{"@type":"BreadcrumbList","@id":"https:\/\/panwinjet.com\/product\/hot-sale-whole-sale-ultra-high-small-pipeline-hydro-jet-blasting-cleaning-banshee-style-nozzle-dn24\/#breadcrumb","itemListElement":[{"@type":"ListItem","position":1,"name":"\u9996\u9875","item":"https:\/\/panwinjet.com\/"},{"@type":"ListItem","position":2,"name":"PRODUCT","item":"https:\/\/panwinjet.com\/product\/"},{"@type":"ListItem","position":3,"name":"Hot Sale Whole Sale Ultra-high small Pipeline hydro Jet blasting cleaning Banshee Style Nozzle-DN24"}]},{"@type":"WebSite","@id":"https:\/\/panwinjet.com\/#website","url":"https:\/\/panwinjet.com\/","name":"Panwin Machinery&amp;Equipment","description":"Shenzhen Panwin Machinery&amp;Equipment Co.Ltd","potentialAction":[{"@type":"SearchAction","target":{"@type":"EntryPoint","urlTemplate":"https:\/\/panwinjet.com\/?s={search_term_string}"},"query-input":{"@type":"PropertyValueSpecification","valueRequired":true,"valueName":"search_term_string"}}],"inLanguage":"es"}]}},"_links":{"self":[{"href":"https:\/\/panwinjet.com\/es\/wp-json\/wp\/v2\/product\/732","targetHints":{"allow":["GET"]}}],"collection":[{"href":"https:\/\/panwinjet.com\/es\/wp-json\/wp\/v2\/product"}],"about":[{"href":"https:\/\/panwinjet.com\/es\/wp-json\/wp\/v2\/types\/product"}],"wp:featuredmedia":[{"embeddable":true,"href":"https:\/\/panwinjet.com\/es\/wp-json\/wp\/v2\/media\/734"}],"wp:attachment":[{"href":"https:\/\/panwinjet.com\/es\/wp-json\/wp\/v2\/media?parent=732"}],"wp:term":[{"taxonomy":"product_brand","embeddable":true,"href":"https:\/\/panwinjet.com\/es\/wp-json\/wp\/v2\/product_brand?post=732"},{"taxonomy":"product_cat","embeddable":true,"href":"https:\/\/panwinjet.com\/es\/wp-json\/wp\/v2\/product_cat?post=732"},{"taxonomy":"product_tag","embeddable":true,"href":"https:\/\/panwinjet.com\/es\/wp-json\/wp\/v2\/product_tag?post=732"}],"curies":[{"name":"wp","href":"https:\/\/api.w.org\/{rel}","templated":true}]}}