{"id":724,"date":"2025-09-19T08:36:46","date_gmt":"2025-09-19T08:36:46","guid":{"rendered":"https:\/\/panwinjet.com\/?post_type=product&#038;p=724"},"modified":"2025-09-21T13:32:55","modified_gmt":"2025-09-21T13:32:55","slug":"ultra-high-pressure-water-jet-blasting-cleaning-machine-parts-4-blades-rotary-nozzles","status":"publish","type":"product","link":"https:\/\/panwinjet.com\/es\/producto\/ultra-high-pressure-water-jet-blasting-cleaning-machine-parts-4-blades-rotary-nozzles\/","title":{"rendered":"Piezas de la m\u00e1quina de limpieza por chorro de agua a ultra alta presi\u00f3n: boquillas rotativas de 4 aspas."},"content":{"rendered":"<p>Piezas de la m\u00e1quina de limpieza por chorro de agua a presi\u00f3n ultraalta, boquillas rotativas de 4 cuchillas<br \/>\n1. Introducci\u00f3n del producto de la m\u00e1quina de limpieza por chorro de agua a presi\u00f3n ultraalta Piezas Boquillas rotativas de 4 cuchillas<br \/>\nLa m\u00e1quina de limpieza por chorro de agua a ultraalta presi\u00f3n con boquillas rotativas de 4 cuchillas se utiliza para la limpieza con chorro de agua de superficies extensas. La boquilla rotativa cuenta con cuatro cuchillas y puede girar 360\u00b0 para una mayor cobertura de la superficie y mejores resultados de limpieza.<br \/>\nSe puede utilizar ampliamente en equipos de limpieza de 40 Kpsi para la limpieza de grandes \u00e1reas del casco de un barco para eliminar desechos marinos y especies, etc.<\/p>\n<p>2. Par\u00e1metros del producto de la m\u00e1quina de limpieza por chorro de agua a presi\u00f3n ultraalta Piezas Boquillas rotativas de 4 cuchillas<br \/>\nLas boquillas rotativas de 4 cuchillas con piezas de chorro de agua a presi\u00f3n ultraalta tienen una presi\u00f3n de trabajo m\u00e1xima de hasta 2800ba y tienen 16 boquillas de gran caudal. Son excelentes boquillas de limpieza de superficies de gran cobertura.<\/p>\n<div style=\"width: 544px;\" class=\"wp-video\"><video class=\"wp-video-shortcode\" id=\"video-724-1\" width=\"544\" height=\"960\" preload=\"metadata\" controls=\"controls\"><source type=\"video\/mp4\" src=\"https:\/\/panwinjet.com\/wp-content\/uploads\/2025\/09\/WeChat_20230425145341.mp4?_=1\" \/><a href=\"https:\/\/panwinjet.com\/wp-content\/uploads\/2025\/09\/WeChat_20230425145341.mp4\">https:\/\/panwinjet.com\/wp-content\/uploads\/2025\/09\/WeChat_20230425145341.mp4<\/a><\/video><\/div>","protected":false},"excerpt":{"rendered":"<p>3. Caracter\u00edsticas del producto y aplicaci\u00f3n de las piezas de la m\u00e1quina de limpieza por chorro de agua a presi\u00f3n ultraalta: boquillas rotativas de 4 cuchillas.<br \/>\nLas boquillas rotativas de 4 aspas de Ultra-alta presi\u00f3n Water Jet Parts son las principales caracter\u00edsticas y puntos de venta: gran cobertura y mejores resultados de limpieza, pueden girar 360 grados, con una presi\u00f3n de hasta 2800 bar, pueden aumentar casi 4 veces la carga de trabajo general de la boquilla.<\/p>\n<p>Solicitud:<br \/>\nPuede aplicarse a procesos de limpieza de grandes superficies, como superficies de barcos y limpieza marina.<\/p>\n<p>Solicitud:<br \/>\nPiezas de repuesto para equipos de limpieza de bombas de \u00e9mbolo triplex UHP de 3000 bar para astilleros. Robot de preparaci\u00f3n de superficies para barras de pulverizaci\u00f3n Hammelmann.<br \/>\nChorro de agua a presi\u00f3n por agua para la industria del hierro, el acero y los metales<br \/>\nIngenier\u00eda mec\u00e1nica y de aparatos para hidrolavadoras de alta presi\u00f3n<br \/>\nIndustria del cemento y el hormig\u00f3n<br \/>\nLimpieza de superficies con barracuda de alta presi\u00f3n<br \/>\nPiezas para equipos de limpieza UHP Hydro Jet<br \/>\nBarras pulverizadoras de limpieza industrial<br \/>\nM\u00e1quina de hidrolavado para la industria de refinaci\u00f3n de petr\u00f3leo<br \/>\nLimpieza de superficies con chorro de agua a presi\u00f3n, limpieza de tanques y recipientes.<br \/>\nLimpieza del intercambiador de calor,<br \/>\nLimpieza de pintura de autom\u00f3viles, limpieza de la industria minera, limpieza de f\u00e1bricas de acero, etc.<br \/>\nEquipos de limpieza de alcantarillado de alta presi\u00f3n para redes de tuber\u00edas municipales de suministro de agua y drenaje;<\/p>\n<p>4. Detalles del producto de la m\u00e1quina de limpieza por chorro de agua a presi\u00f3n ultraalta Piezas 4 boquillas rotativas de cuchillas<br \/>\nLa fregadora rotativa de 4 aspas cuenta con un total de 16 boquillas, una presi\u00f3n m\u00e1xima de hasta 2800 bar, puede cubrir una gran superficie de limpieza y aumenta considerablemente la eficacia de la limpieza de superficies.<br \/>\nCon la lista detallada de piezas puede ver que es un dise\u00f1o avanzado para una alta eficiencia y ahorro de tiempo.<\/p>","protected":false},"featured_media":731,"template":"","meta":[],"product_brand":[],"product_cat":[5],"product_tag":[],"class_list":{"0":"post-724","1":"product","2":"type-product","3":"status-publish","4":"has-post-thumbnail","6":"product_cat-uhp-rotating-nozzles","8":"first","9":"instock","10":"shipping-taxable","11":"product-type-simple"},"yoast_head":"<!-- This site is optimized with the Yoast SEO plugin v24.9 - https:\/\/yoast.com\/wordpress\/plugins\/seo\/ -->\n<title>Ultra-high Pressure Water Jet Blasting cleaning machine Parts 4 Blades rotary nozzles - Panwin Machinery&amp;Equipment<\/title>\n<meta name=\"robots\" content=\"index, follow, max-snippet:-1, max-image-preview:large, max-video-preview:-1\" \/>\n<link rel=\"canonical\" href=\"https:\/\/panwinjet.com\/es\/producto\/ultra-high-pressure-water-jet-blasting-cleaning-machine-parts-4-blades-rotary-nozzles\/\" \/>\n<meta property=\"og:locale\" content=\"es_ES\" \/>\n<meta property=\"og:type\" content=\"article\" \/>\n<meta property=\"og:title\" content=\"Ultra-high Pressure Water Jet Blasting cleaning machine Parts 4 Blades rotary nozzles - Panwin Machinery&amp;Equipment\" \/>\n<meta property=\"og:description\" content=\"3.Product Feature And Application of Ultra-hi-Pressure Water Jet Blasting cleaning machine Parts 4 Blades rotary nozzles The Ultra-hi-Pressure Water Jet Parts 4 Blades rotary nozzles biggest features and selling-points is the big coverage and better cleaning results, it can rotate 360degress, with up to 2800bar pressure, it can increase almost 4 times of the general nozzle workload.  Application: It can be applied to big coverage surface cleaning process like ship surface, Marine cleaning.  Application: UHP 3000Bar UHP triplex plunger pump cleaning equipment parts Shipyard Surface preparation Robot for Hammelmann Spraying Bar Hydro Jet blaster Iron, Steel And Metal Industry high pressure waterblaster Mechanical and Apparatus Engineering Cements and Concrete Industry high pressure barracuda Surface cleaning UHP hydro Jet cleaning equipment parts Industrial Cleaning Spray Bars hydro blasting machine for petroleum refining industry Hydro Jet Surface Cleaning,Tank&amp;Vessel Cleaning, Heat Exchange Cleaning, Automotive Painting cleaning Mining industry cleaning Steel manufacture cleaning etc. High pressure sewer cleaning equipment for municipal pipe networks water supply and drainage pipelines;  4.Product Details of Ultra-hi-Pressure Water Jet Blasting cleaning machine Parts 4 Blades rotary nozzles The 4 Blades rotary has totally 16pc nozzles, Max pressure up to 2800bar, it can cover large area of cleaning, increase a lots the surface cleaning efficiency. With the details parts list you can see it is advanced design for high efficiency and time-saving.\" \/>\n<meta property=\"og:url\" content=\"https:\/\/panwinjet.com\/es\/producto\/ultra-high-pressure-water-jet-blasting-cleaning-machine-parts-4-blades-rotary-nozzles\/\" \/>\n<meta property=\"og:site_name\" content=\"Panwin Machinery&amp;Equipment\" \/>\n<meta property=\"article:modified_time\" content=\"2025-09-21T13:32:55+00:00\" \/>\n<meta property=\"og:image\" content=\"https:\/\/panwinjet.com\/wp-content\/uploads\/2025\/09\/\u5fae\u4fe1\u56fe\u7247_20250401063453.jpg\" \/>\n\t<meta property=\"og:image:width\" content=\"1279\" \/>\n\t<meta property=\"og:image:height\" content=\"1706\" \/>\n\t<meta property=\"og:image:type\" content=\"image\/jpeg\" \/>\n<meta name=\"twitter:card\" content=\"summary_large_image\" \/>\n<meta name=\"twitter:label1\" content=\"Tiempo de lectura\" \/>\n\t<meta name=\"twitter:data1\" content=\"1 minuto\" \/>\n<script type=\"application\/ld+json\" class=\"yoast-schema-graph\">{\"@context\":\"https:\/\/schema.org\",\"@graph\":[{\"@type\":\"WebPage\",\"@id\":\"https:\/\/panwinjet.com\/product\/ultra-high-pressure-water-jet-blasting-cleaning-machine-parts-4-blades-rotary-nozzles\/\",\"url\":\"https:\/\/panwinjet.com\/product\/ultra-high-pressure-water-jet-blasting-cleaning-machine-parts-4-blades-rotary-nozzles\/\",\"name\":\"Ultra-high Pressure Water Jet Blasting cleaning machine Parts 4 Blades rotary nozzles - Panwin Machinery&amp;Equipment\",\"isPartOf\":{\"@id\":\"https:\/\/panwinjet.com\/#website\"},\"primaryImageOfPage\":{\"@id\":\"https:\/\/panwinjet.com\/product\/ultra-high-pressure-water-jet-blasting-cleaning-machine-parts-4-blades-rotary-nozzles\/#primaryimage\"},\"image\":{\"@id\":\"https:\/\/panwinjet.com\/product\/ultra-high-pressure-water-jet-blasting-cleaning-machine-parts-4-blades-rotary-nozzles\/#primaryimage\"},\"thumbnailUrl\":\"https:\/\/panwinjet.com\/wp-content\/uploads\/2025\/09\/\u5fae\u4fe1\u56fe\u7247_20250401063453.jpg\",\"datePublished\":\"2025-09-19T08:36:46+00:00\",\"dateModified\":\"2025-09-21T13:32:55+00:00\",\"breadcrumb\":{\"@id\":\"https:\/\/panwinjet.com\/product\/ultra-high-pressure-water-jet-blasting-cleaning-machine-parts-4-blades-rotary-nozzles\/#breadcrumb\"},\"inLanguage\":\"es\",\"potentialAction\":[{\"@type\":\"ReadAction\",\"target\":[\"https:\/\/panwinjet.com\/product\/ultra-high-pressure-water-jet-blasting-cleaning-machine-parts-4-blades-rotary-nozzles\/\"]}]},{\"@type\":\"ImageObject\",\"inLanguage\":\"es\",\"@id\":\"https:\/\/panwinjet.com\/product\/ultra-high-pressure-water-jet-blasting-cleaning-machine-parts-4-blades-rotary-nozzles\/#primaryimage\",\"url\":\"https:\/\/panwinjet.com\/wp-content\/uploads\/2025\/09\/\u5fae\u4fe1\u56fe\u7247_20250401063453.jpg\",\"contentUrl\":\"https:\/\/panwinjet.com\/wp-content\/uploads\/2025\/09\/\u5fae\u4fe1\u56fe\u7247_20250401063453.jpg\",\"width\":1279,\"height\":1706},{\"@type\":\"BreadcrumbList\",\"@id\":\"https:\/\/panwinjet.com\/product\/ultra-high-pressure-water-jet-blasting-cleaning-machine-parts-4-blades-rotary-nozzles\/#breadcrumb\",\"itemListElement\":[{\"@type\":\"ListItem\",\"position\":1,\"name\":\"\u9996\u9875\",\"item\":\"https:\/\/panwinjet.com\/\"},{\"@type\":\"ListItem\",\"position\":2,\"name\":\"PRODUCT\",\"item\":\"https:\/\/panwinjet.com\/product\/\"},{\"@type\":\"ListItem\",\"position\":3,\"name\":\"Ultra-high Pressure Water Jet Blasting cleaning machine Parts 4 Blades rotary nozzles\"}]},{\"@type\":\"WebSite\",\"@id\":\"https:\/\/panwinjet.com\/#website\",\"url\":\"https:\/\/panwinjet.com\/\",\"name\":\"Panwin Machinery&amp;Equipment\",\"description\":\"Shenzhen Panwin Machinery&amp;Equipment Co.Ltd\",\"potentialAction\":[{\"@type\":\"SearchAction\",\"target\":{\"@type\":\"EntryPoint\",\"urlTemplate\":\"https:\/\/panwinjet.com\/?s={search_term_string}\"},\"query-input\":{\"@type\":\"PropertyValueSpecification\",\"valueRequired\":true,\"valueName\":\"search_term_string\"}}],\"inLanguage\":\"es\"}]}<\/script>\n<!-- \/ Yoast SEO plugin. -->","yoast_head_json":{"title":"Ultra-high Pressure Water Jet Blasting cleaning machine Parts 4 Blades rotary nozzles - Panwin Machinery&amp;Equipment","robots":{"index":"index","follow":"follow","max-snippet":"max-snippet:-1","max-image-preview":"max-image-preview:large","max-video-preview":"max-video-preview:-1"},"canonical":"https:\/\/panwinjet.com\/es\/producto\/ultra-high-pressure-water-jet-blasting-cleaning-machine-parts-4-blades-rotary-nozzles\/","og_locale":"es_ES","og_type":"article","og_title":"Ultra-high Pressure Water Jet Blasting cleaning machine Parts 4 Blades rotary nozzles - Panwin Machinery&amp;Equipment","og_description":"3.Product Feature And Application of Ultra-hi-Pressure Water Jet Blasting cleaning machine Parts 4 Blades rotary nozzles The Ultra-hi-Pressure Water Jet Parts 4 Blades rotary nozzles biggest features and selling-points is the big coverage and better cleaning results, it can rotate 360degress, with up to 2800bar pressure, it can increase almost 4 times of the general nozzle workload.  Application: It can be applied to big coverage surface cleaning process like ship surface, Marine cleaning.  Application: UHP 3000Bar UHP triplex plunger pump cleaning equipment parts Shipyard Surface preparation Robot for Hammelmann Spraying Bar Hydro Jet blaster Iron, Steel And Metal Industry high pressure waterblaster Mechanical and Apparatus Engineering Cements and Concrete Industry high pressure barracuda Surface cleaning UHP hydro Jet cleaning equipment parts Industrial Cleaning Spray Bars hydro blasting machine for petroleum refining industry Hydro Jet Surface Cleaning,Tank&amp;Vessel Cleaning, Heat Exchange Cleaning, Automotive Painting cleaning Mining industry cleaning Steel manufacture cleaning etc. High pressure sewer cleaning equipment for municipal pipe networks water supply and drainage pipelines;  4.Product Details of Ultra-hi-Pressure Water Jet Blasting cleaning machine Parts 4 Blades rotary nozzles The 4 Blades rotary has totally 16pc nozzles, Max pressure up to 2800bar, it can cover large area of cleaning, increase a lots the surface cleaning efficiency. With the details parts list you can see it is advanced design for high efficiency and time-saving.","og_url":"https:\/\/panwinjet.com\/es\/producto\/ultra-high-pressure-water-jet-blasting-cleaning-machine-parts-4-blades-rotary-nozzles\/","og_site_name":"Panwin Machinery&amp;Equipment","article_modified_time":"2025-09-21T13:32:55+00:00","og_image":[{"width":1279,"height":1706,"url":"https:\/\/panwinjet.com\/wp-content\/uploads\/2025\/09\/\u5fae\u4fe1\u56fe\u7247_20250401063453.jpg","type":"image\/jpeg"}],"twitter_card":"summary_large_image","twitter_misc":{"Tiempo de lectura":"1 minuto"},"schema":{"@context":"https:\/\/schema.org","@graph":[{"@type":"WebPage","@id":"https:\/\/panwinjet.com\/product\/ultra-high-pressure-water-jet-blasting-cleaning-machine-parts-4-blades-rotary-nozzles\/","url":"https:\/\/panwinjet.com\/product\/ultra-high-pressure-water-jet-blasting-cleaning-machine-parts-4-blades-rotary-nozzles\/","name":"Ultra-high Pressure Water Jet Blasting cleaning machine Parts 4 Blades rotary nozzles - Panwin Machinery&amp;Equipment","isPartOf":{"@id":"https:\/\/panwinjet.com\/#website"},"primaryImageOfPage":{"@id":"https:\/\/panwinjet.com\/product\/ultra-high-pressure-water-jet-blasting-cleaning-machine-parts-4-blades-rotary-nozzles\/#primaryimage"},"image":{"@id":"https:\/\/panwinjet.com\/product\/ultra-high-pressure-water-jet-blasting-cleaning-machine-parts-4-blades-rotary-nozzles\/#primaryimage"},"thumbnailUrl":"https:\/\/panwinjet.com\/wp-content\/uploads\/2025\/09\/\u5fae\u4fe1\u56fe\u7247_20250401063453.jpg","datePublished":"2025-09-19T08:36:46+00:00","dateModified":"2025-09-21T13:32:55+00:00","breadcrumb":{"@id":"https:\/\/panwinjet.com\/product\/ultra-high-pressure-water-jet-blasting-cleaning-machine-parts-4-blades-rotary-nozzles\/#breadcrumb"},"inLanguage":"es","potentialAction":[{"@type":"ReadAction","target":["https:\/\/panwinjet.com\/product\/ultra-high-pressure-water-jet-blasting-cleaning-machine-parts-4-blades-rotary-nozzles\/"]}]},{"@type":"ImageObject","inLanguage":"es","@id":"https:\/\/panwinjet.com\/product\/ultra-high-pressure-water-jet-blasting-cleaning-machine-parts-4-blades-rotary-nozzles\/#primaryimage","url":"https:\/\/panwinjet.com\/wp-content\/uploads\/2025\/09\/\u5fae\u4fe1\u56fe\u7247_20250401063453.jpg","contentUrl":"https:\/\/panwinjet.com\/wp-content\/uploads\/2025\/09\/\u5fae\u4fe1\u56fe\u7247_20250401063453.jpg","width":1279,"height":1706},{"@type":"BreadcrumbList","@id":"https:\/\/panwinjet.com\/product\/ultra-high-pressure-water-jet-blasting-cleaning-machine-parts-4-blades-rotary-nozzles\/#breadcrumb","itemListElement":[{"@type":"ListItem","position":1,"name":"\u9996\u9875","item":"https:\/\/panwinjet.com\/"},{"@type":"ListItem","position":2,"name":"PRODUCT","item":"https:\/\/panwinjet.com\/product\/"},{"@type":"ListItem","position":3,"name":"Ultra-high Pressure Water Jet Blasting cleaning machine Parts 4 Blades rotary nozzles"}]},{"@type":"WebSite","@id":"https:\/\/panwinjet.com\/#website","url":"https:\/\/panwinjet.com\/","name":"Panwin Machinery&amp;Equipment","description":"Shenzhen Panwin Machinery&amp;Equipment Co.Ltd","potentialAction":[{"@type":"SearchAction","target":{"@type":"EntryPoint","urlTemplate":"https:\/\/panwinjet.com\/?s={search_term_string}"},"query-input":{"@type":"PropertyValueSpecification","valueRequired":true,"valueName":"search_term_string"}}],"inLanguage":"es"}]}},"_links":{"self":[{"href":"https:\/\/panwinjet.com\/es\/wp-json\/wp\/v2\/product\/724","targetHints":{"allow":["GET"]}}],"collection":[{"href":"https:\/\/panwinjet.com\/es\/wp-json\/wp\/v2\/product"}],"about":[{"href":"https:\/\/panwinjet.com\/es\/wp-json\/wp\/v2\/types\/product"}],"wp:featuredmedia":[{"embeddable":true,"href":"https:\/\/panwinjet.com\/es\/wp-json\/wp\/v2\/media\/731"}],"wp:attachment":[{"href":"https:\/\/panwinjet.com\/es\/wp-json\/wp\/v2\/media?parent=724"}],"wp:term":[{"taxonomy":"product_brand","embeddable":true,"href":"https:\/\/panwinjet.com\/es\/wp-json\/wp\/v2\/product_brand?post=724"},{"taxonomy":"product_cat","embeddable":true,"href":"https:\/\/panwinjet.com\/es\/wp-json\/wp\/v2\/product_cat?post=724"},{"taxonomy":"product_tag","embeddable":true,"href":"https:\/\/panwinjet.com\/es\/wp-json\/wp\/v2\/product_tag?post=724"}],"curies":[{"name":"wp","href":"https:\/\/api.w.org\/{rel}","templated":true}]}}