{"id":697,"date":"2025-09-19T08:10:21","date_gmt":"2025-09-19T08:10:21","guid":{"rendered":"https:\/\/panwinjet.com\/?post_type=product&#038;p=697"},"modified":"2025-09-21T13:33:49","modified_gmt":"2025-09-21T13:33:49","slug":"22kpsi-pressure-water-jet-cleaning-machine-4-badger-bend-pipe-cleaning-nozzle","status":"publish","type":"product","link":"https:\/\/panwinjet.com\/es\/producto\/22kpsi-pressure-water-jet-cleaning-machine-4-badger-bend-pipe-cleaning-nozzle\/","title":{"rendered":"M\u00e1quina de limpieza con chorro de agua a presi\u00f3n de 22 kpsi. Boquilla de limpieza de tuber\u00edas Badger Bend de 4&quot;."},"content":{"rendered":"<p>1. Introducci\u00f3n del producto: m\u00e1quina de limpieza por chorro de agua a presi\u00f3n de 40 kpsi, boquilla de limpieza de tuber\u00edas curvas de 4\u2033<br \/>\nLa m\u00e1quina de limpieza por chorro de agua a presi\u00f3n de 40 kpsi con boquilla de 4&quot; para tuber\u00edas curvas es una boquilla autogiratorio que facilita el acceso y la limpieza de tuber\u00edas curvas de 90\u00b0. Cuenta con chorros frontales, laterales y traseros que eliminan obstrucciones. Es una potente herramienta de limpieza de tuber\u00edas para tareas dif\u00edciles en yacimientos petrol\u00edferos, limpieza de tuber\u00edas qu\u00edmicas, etc.<\/p>\n<p>2. Par\u00e1metros del producto (especificaci\u00f3n) de la m\u00e1quina de limpieza por chorro de agua a presi\u00f3n de 40 kpsi con boquilla de limpieza de tuber\u00edas curvas de 4\u201d<br \/>\nEsta m\u00e1quina de limpieza con chorro de agua por tubo con boquillas de limpieza de tuber\u00edas curvas de 4 pulgadas tiene una presi\u00f3n de funcionamiento m\u00e1xima de 22000 psi, un caudal m\u00e1ximo de 40 gpm, un gran poder de pulverizaci\u00f3n y un gran caudal para la limpieza de tuber\u00edas curvas de 4 &#039;&#039;.<\/p>\n<div style=\"width: 544px;\" class=\"wp-video\"><video class=\"wp-video-shortcode\" id=\"video-697-1\" width=\"544\" height=\"960\" preload=\"metadata\" controls=\"controls\"><source type=\"video\/mp4\" src=\"https:\/\/panwinjet.com\/wp-content\/uploads\/2025\/09\/WeChat_20230425145358.mp4?_=1\" \/><a href=\"https:\/\/panwinjet.com\/wp-content\/uploads\/2025\/09\/WeChat_20230425145358.mp4\">https:\/\/panwinjet.com\/wp-content\/uploads\/2025\/09\/WeChat_20230425145358.mp4<\/a><\/video><\/div>","protected":false},"excerpt":{"rendered":"<p>3. Caracter\u00edsticas del producto y aplicaci\u00f3n de la m\u00e1quina de limpieza por chorro de agua a presi\u00f3n de 40 kpsi con boquilla de limpieza de tuber\u00edas curvas de 4\u2033<br \/>\nNosotros, Panwin, le vendemos boquillas para m\u00e1quina de limpieza de tuber\u00edas curvas de 4 pulgadas con chorro de agua a presi\u00f3n de 20000 psi de excelente calidad que tienen muchas ventajas y caracter\u00edsticas como las siguientes:<br \/>\n1: Rendimiento de limpieza integral.<br \/>\nEsta boquilla autorrotativa para limpieza de tuber\u00edas hidr\u00e1ulicas est\u00e1 dise\u00f1ada para facilitar el acceso y la limpieza de tuber\u00edas curvas de 90\u00b0 de 6 pulgadas y tiene chorros frontales, laterales y traseros que eliminan los bloqueos.<br \/>\nEmpuja para impulsar la herramienta por la tuber\u00eda para obtener m\u00e1xima potencia de limpieza y m\u00ednimo desgaste.<\/p>\n<p>2: El agua proporciona un movimiento de autorrotaci\u00f3n, sin necesidad de aceite ni cojinetes de bolas.<br \/>\nEl agua fluyente proporciona el movimiento de rotaci\u00f3n y crea el cojinete sobre el que giran las boquillas. \u00a1Sin aceite ni cojinetes de bolas que reemplazar!<\/p>\n<p>3: Boquillas de inserci\u00f3n multipuerto para limpieza de 360 grados.<br \/>\nEquipado con dos puertos orientados hacia adelante a 10\u00b0 y dos a 45\u00b0, dos puertos radiales a 100\u00b0 y dos puertos orientados hacia atr\u00e1s a 135\u00b0 que aceptan dos tipos de boquillas disponibles opcionalmente.<\/p>\n<p>4: Control de velocidad, limpieza potente y m\u00ednimo desgaste.<br \/>\nEst\u00e1 dise\u00f1ado con un sistema de frenado por corrientes de Foucault que controla la velocidad de rotaci\u00f3n para lograr m\u00e1xima potencia de limpieza y m\u00ednimo desgaste.<\/p>\n<p>5: F\u00e1cil servicio.<br \/>\n\u00a1Totalmente reparable en campo en menos de 5 minutos!<\/p>\n<p>Esta boquilla de limpieza de tuber\u00edas curvas de 4\u2033 con m\u00e1quina de limpieza por chorro de agua a presi\u00f3n de 20 kpsi se puede aplicar en muchos procesos de limpieza, como limpieza de tanques y recipientes, limpieza de tuber\u00edas y tubos, etc., y particularmente en la tuber\u00eda doblada de 4 pulgadas, tiene ventajas bastante incomparables.<\/p>\n<p>&nbsp;<\/p>\n<p>4. Detalles del producto de la m\u00e1quina de limpieza por chorro de agua a presi\u00f3n de 40 kpsi con boquilla de limpieza de tuber\u00edas curvas de 4\u2033<br \/>\nLa boquilla de limpieza de tuber\u00edas curvas de 4\u2033 de la m\u00e1quina de limpieza por chorro de agua a presi\u00f3n de 20 kpsi contiene adaptador, anillo de retenci\u00f3n, tuercas de entrada, anillo de desgaste y conjuntos de cabezal, etc. Como se muestra en las im\u00e1genes.<\/p>","protected":false},"featured_media":701,"template":"","meta":[],"product_brand":[],"product_cat":[5],"product_tag":[],"class_list":{"0":"post-697","1":"product","2":"type-product","3":"status-publish","4":"has-post-thumbnail","6":"product_cat-uhp-rotating-nozzles","8":"first","9":"instock","10":"shipping-taxable","11":"product-type-simple"},"yoast_head":"<!-- This site is optimized with the Yoast SEO plugin v24.9 - https:\/\/yoast.com\/wordpress\/plugins\/seo\/ -->\n<title>22kpsi Pressure Water Jet cleaning machine 4&quot; Badger Bend Pipe Cleaning Nozzle - Panwin Machinery&amp;Equipment<\/title>\n<meta name=\"robots\" content=\"index, follow, max-snippet:-1, max-image-preview:large, max-video-preview:-1\" \/>\n<link rel=\"canonical\" href=\"https:\/\/panwinjet.com\/es\/producto\/22kpsi-pressure-water-jet-cleaning-machine-4-badger-bend-pipe-cleaning-nozzle\/\" \/>\n<meta property=\"og:locale\" content=\"es_ES\" \/>\n<meta property=\"og:type\" content=\"article\" \/>\n<meta property=\"og:title\" content=\"22kpsi Pressure Water Jet cleaning machine 4&quot; Badger Bend Pipe Cleaning Nozzle - Panwin Machinery&amp;Equipment\" \/>\n<meta property=\"og:description\" content=\"3.Product Feature And Application of 40kpsi Pressure Water Jet cleaning machine 4&quot; Bend Pipe Cleaning Nozzle We Panwin sell you the excellent quality 20000psi Pressure Water blasting 4inch bend pipeline cleaning machine nozzles have many advantages and features as follows: 1: All-around cleaning performance. This hydro pipeline cleaning Self-Rotating nozzle is designed for easy access and cleaning wash bend 90\u00b0 6 inch pipe, and has front, side, and rear jets that clear blockages, It thrust to propel the tool down the pipe for Max cleaning power and Min wear.  2:Water provide Self-Rotational motion, no oil or ball bearing need. The flowing Water provides the rotational motion and creates the bearing on which the nozzles spin. No oil or ball bearings to replace!  3:Muti-Port nozzles insert for 360 Degree cleaning. Equipped with two forward-facing ports at 10\u00b0 and two at 45\u00b0, two radial ports at 100\u00b0,and two rearward-facing ports at 135\u00b0 that accept two types of nozzles available optional.  4: Speed control, powerful cleaning and Min wear. It is designed with an eddy-current braking system which controls rotation speed for maximum cleaning power and minimum wear.  5:Easy Service. Completely field repairable in less than 5 minutes!  This 20kpsi Pressure Water Jet cleaning machine 4&quot; Bend Pipeline Cleaning Nozzle can be applied many cleaning process Tank&amp;Vessel Cleaning, pipe and tube cleaning etc, and particularly in the 4inch Bent pipe, it is quite unrivaled advantages.  &nbsp;  4.Product Details of 40kpsi Pressure Water Jet cleaning machine 4&quot; Bend Pipe Cleaning Nozzle The 20kpsi Pressure Water Jet cleaning machine 4&quot; Bend Pipe Cleaning Nozzle contains adapter, retaining ring,inlet nuts,wear ring and head assemblies etc. As pictures\" \/>\n<meta property=\"og:url\" content=\"https:\/\/panwinjet.com\/es\/producto\/22kpsi-pressure-water-jet-cleaning-machine-4-badger-bend-pipe-cleaning-nozzle\/\" \/>\n<meta property=\"og:site_name\" content=\"Panwin Machinery&amp;Equipment\" \/>\n<meta property=\"article:modified_time\" content=\"2025-09-21T13:33:49+00:00\" \/>\n<meta property=\"og:image\" content=\"https:\/\/panwinjet.com\/wp-content\/uploads\/2025\/09\/4-Inch-Bent-Pipe-nozzles-4-scaled.jpg\" \/>\n\t<meta property=\"og:image:width\" content=\"1920\" \/>\n\t<meta property=\"og:image:height\" content=\"2560\" \/>\n\t<meta property=\"og:image:type\" content=\"image\/jpeg\" \/>\n<meta name=\"twitter:card\" content=\"summary_large_image\" \/>\n<meta name=\"twitter:label1\" content=\"Tiempo de lectura\" \/>\n\t<meta name=\"twitter:data1\" content=\"1 minuto\" \/>\n<script type=\"application\/ld+json\" class=\"yoast-schema-graph\">{\"@context\":\"https:\/\/schema.org\",\"@graph\":[{\"@type\":\"WebPage\",\"@id\":\"https:\/\/panwinjet.com\/product\/22kpsi-pressure-water-jet-cleaning-machine-4-badger-bend-pipe-cleaning-nozzle\/\",\"url\":\"https:\/\/panwinjet.com\/product\/22kpsi-pressure-water-jet-cleaning-machine-4-badger-bend-pipe-cleaning-nozzle\/\",\"name\":\"22kpsi Pressure Water Jet cleaning machine 4\\\" Badger Bend Pipe Cleaning Nozzle - Panwin Machinery&amp;Equipment\",\"isPartOf\":{\"@id\":\"https:\/\/panwinjet.com\/#website\"},\"primaryImageOfPage\":{\"@id\":\"https:\/\/panwinjet.com\/product\/22kpsi-pressure-water-jet-cleaning-machine-4-badger-bend-pipe-cleaning-nozzle\/#primaryimage\"},\"image\":{\"@id\":\"https:\/\/panwinjet.com\/product\/22kpsi-pressure-water-jet-cleaning-machine-4-badger-bend-pipe-cleaning-nozzle\/#primaryimage\"},\"thumbnailUrl\":\"https:\/\/panwinjet.com\/wp-content\/uploads\/2025\/09\/4-Inch-Bent-Pipe-nozzles-4-scaled.jpg\",\"datePublished\":\"2025-09-19T08:10:21+00:00\",\"dateModified\":\"2025-09-21T13:33:49+00:00\",\"breadcrumb\":{\"@id\":\"https:\/\/panwinjet.com\/product\/22kpsi-pressure-water-jet-cleaning-machine-4-badger-bend-pipe-cleaning-nozzle\/#breadcrumb\"},\"inLanguage\":\"es\",\"potentialAction\":[{\"@type\":\"ReadAction\",\"target\":[\"https:\/\/panwinjet.com\/product\/22kpsi-pressure-water-jet-cleaning-machine-4-badger-bend-pipe-cleaning-nozzle\/\"]}]},{\"@type\":\"ImageObject\",\"inLanguage\":\"es\",\"@id\":\"https:\/\/panwinjet.com\/product\/22kpsi-pressure-water-jet-cleaning-machine-4-badger-bend-pipe-cleaning-nozzle\/#primaryimage\",\"url\":\"https:\/\/panwinjet.com\/wp-content\/uploads\/2025\/09\/4-Inch-Bent-Pipe-nozzles-4-scaled.jpg\",\"contentUrl\":\"https:\/\/panwinjet.com\/wp-content\/uploads\/2025\/09\/4-Inch-Bent-Pipe-nozzles-4-scaled.jpg\",\"width\":1920,\"height\":2560},{\"@type\":\"BreadcrumbList\",\"@id\":\"https:\/\/panwinjet.com\/product\/22kpsi-pressure-water-jet-cleaning-machine-4-badger-bend-pipe-cleaning-nozzle\/#breadcrumb\",\"itemListElement\":[{\"@type\":\"ListItem\",\"position\":1,\"name\":\"\u9996\u9875\",\"item\":\"https:\/\/panwinjet.com\/\"},{\"@type\":\"ListItem\",\"position\":2,\"name\":\"PRODUCT\",\"item\":\"https:\/\/panwinjet.com\/product\/\"},{\"@type\":\"ListItem\",\"position\":3,\"name\":\"22kpsi Pressure Water Jet cleaning machine 4&#8243; Badger Bend Pipe Cleaning Nozzle\"}]},{\"@type\":\"WebSite\",\"@id\":\"https:\/\/panwinjet.com\/#website\",\"url\":\"https:\/\/panwinjet.com\/\",\"name\":\"Panwin Machinery&amp;Equipment\",\"description\":\"Shenzhen Panwin Machinery&amp;Equipment Co.Ltd\",\"potentialAction\":[{\"@type\":\"SearchAction\",\"target\":{\"@type\":\"EntryPoint\",\"urlTemplate\":\"https:\/\/panwinjet.com\/?s={search_term_string}\"},\"query-input\":{\"@type\":\"PropertyValueSpecification\",\"valueRequired\":true,\"valueName\":\"search_term_string\"}}],\"inLanguage\":\"es\"}]}<\/script>\n<!-- \/ Yoast SEO plugin. -->","yoast_head_json":{"title":"22kpsi Pressure Water Jet cleaning machine 4\" Badger Bend Pipe Cleaning Nozzle - Panwin Machinery&amp;Equipment","robots":{"index":"index","follow":"follow","max-snippet":"max-snippet:-1","max-image-preview":"max-image-preview:large","max-video-preview":"max-video-preview:-1"},"canonical":"https:\/\/panwinjet.com\/es\/producto\/22kpsi-pressure-water-jet-cleaning-machine-4-badger-bend-pipe-cleaning-nozzle\/","og_locale":"es_ES","og_type":"article","og_title":"22kpsi Pressure Water Jet cleaning machine 4\" Badger Bend Pipe Cleaning Nozzle - Panwin Machinery&amp;Equipment","og_description":"3.Product Feature And Application of 40kpsi Pressure Water Jet cleaning machine 4\" Bend Pipe Cleaning Nozzle We Panwin sell you the excellent quality 20000psi Pressure Water blasting 4inch bend pipeline cleaning machine nozzles have many advantages and features as follows: 1: All-around cleaning performance. This hydro pipeline cleaning Self-Rotating nozzle is designed for easy access and cleaning wash bend 90\u00b0 6 inch pipe, and has front, side, and rear jets that clear blockages, It thrust to propel the tool down the pipe for Max cleaning power and Min wear.  2:Water provide Self-Rotational motion, no oil or ball bearing need. The flowing Water provides the rotational motion and creates the bearing on which the nozzles spin. No oil or ball bearings to replace!  3:Muti-Port nozzles insert for 360 Degree cleaning. Equipped with two forward-facing ports at 10\u00b0 and two at 45\u00b0, two radial ports at 100\u00b0,and two rearward-facing ports at 135\u00b0 that accept two types of nozzles available optional.  4: Speed control, powerful cleaning and Min wear. It is designed with an eddy-current braking system which controls rotation speed for maximum cleaning power and minimum wear.  5:Easy Service. Completely field repairable in less than 5 minutes!  This 20kpsi Pressure Water Jet cleaning machine 4\" Bend Pipeline Cleaning Nozzle can be applied many cleaning process Tank&amp;Vessel Cleaning, pipe and tube cleaning etc, and particularly in the 4inch Bent pipe, it is quite unrivaled advantages.  &nbsp;  4.Product Details of 40kpsi Pressure Water Jet cleaning machine 4\" Bend Pipe Cleaning Nozzle The 20kpsi Pressure Water Jet cleaning machine 4\" Bend Pipe Cleaning Nozzle contains adapter, retaining ring,inlet nuts,wear ring and head assemblies etc. As pictures","og_url":"https:\/\/panwinjet.com\/es\/producto\/22kpsi-pressure-water-jet-cleaning-machine-4-badger-bend-pipe-cleaning-nozzle\/","og_site_name":"Panwin Machinery&amp;Equipment","article_modified_time":"2025-09-21T13:33:49+00:00","og_image":[{"width":1920,"height":2560,"url":"https:\/\/panwinjet.com\/wp-content\/uploads\/2025\/09\/4-Inch-Bent-Pipe-nozzles-4-scaled.jpg","type":"image\/jpeg"}],"twitter_card":"summary_large_image","twitter_misc":{"Tiempo de lectura":"1 minuto"},"schema":{"@context":"https:\/\/schema.org","@graph":[{"@type":"WebPage","@id":"https:\/\/panwinjet.com\/product\/22kpsi-pressure-water-jet-cleaning-machine-4-badger-bend-pipe-cleaning-nozzle\/","url":"https:\/\/panwinjet.com\/product\/22kpsi-pressure-water-jet-cleaning-machine-4-badger-bend-pipe-cleaning-nozzle\/","name":"22kpsi Pressure Water Jet cleaning machine 4\" Badger Bend Pipe Cleaning Nozzle - Panwin Machinery&amp;Equipment","isPartOf":{"@id":"https:\/\/panwinjet.com\/#website"},"primaryImageOfPage":{"@id":"https:\/\/panwinjet.com\/product\/22kpsi-pressure-water-jet-cleaning-machine-4-badger-bend-pipe-cleaning-nozzle\/#primaryimage"},"image":{"@id":"https:\/\/panwinjet.com\/product\/22kpsi-pressure-water-jet-cleaning-machine-4-badger-bend-pipe-cleaning-nozzle\/#primaryimage"},"thumbnailUrl":"https:\/\/panwinjet.com\/wp-content\/uploads\/2025\/09\/4-Inch-Bent-Pipe-nozzles-4-scaled.jpg","datePublished":"2025-09-19T08:10:21+00:00","dateModified":"2025-09-21T13:33:49+00:00","breadcrumb":{"@id":"https:\/\/panwinjet.com\/product\/22kpsi-pressure-water-jet-cleaning-machine-4-badger-bend-pipe-cleaning-nozzle\/#breadcrumb"},"inLanguage":"es","potentialAction":[{"@type":"ReadAction","target":["https:\/\/panwinjet.com\/product\/22kpsi-pressure-water-jet-cleaning-machine-4-badger-bend-pipe-cleaning-nozzle\/"]}]},{"@type":"ImageObject","inLanguage":"es","@id":"https:\/\/panwinjet.com\/product\/22kpsi-pressure-water-jet-cleaning-machine-4-badger-bend-pipe-cleaning-nozzle\/#primaryimage","url":"https:\/\/panwinjet.com\/wp-content\/uploads\/2025\/09\/4-Inch-Bent-Pipe-nozzles-4-scaled.jpg","contentUrl":"https:\/\/panwinjet.com\/wp-content\/uploads\/2025\/09\/4-Inch-Bent-Pipe-nozzles-4-scaled.jpg","width":1920,"height":2560},{"@type":"BreadcrumbList","@id":"https:\/\/panwinjet.com\/product\/22kpsi-pressure-water-jet-cleaning-machine-4-badger-bend-pipe-cleaning-nozzle\/#breadcrumb","itemListElement":[{"@type":"ListItem","position":1,"name":"\u9996\u9875","item":"https:\/\/panwinjet.com\/"},{"@type":"ListItem","position":2,"name":"PRODUCT","item":"https:\/\/panwinjet.com\/product\/"},{"@type":"ListItem","position":3,"name":"22kpsi Pressure Water Jet cleaning machine 4&#8243; Badger Bend Pipe Cleaning Nozzle"}]},{"@type":"WebSite","@id":"https:\/\/panwinjet.com\/#website","url":"https:\/\/panwinjet.com\/","name":"Panwin Machinery&amp;Equipment","description":"Shenzhen Panwin Machinery&amp;Equipment Co.Ltd","potentialAction":[{"@type":"SearchAction","target":{"@type":"EntryPoint","urlTemplate":"https:\/\/panwinjet.com\/?s={search_term_string}"},"query-input":{"@type":"PropertyValueSpecification","valueRequired":true,"valueName":"search_term_string"}}],"inLanguage":"es"}]}},"_links":{"self":[{"href":"https:\/\/panwinjet.com\/es\/wp-json\/wp\/v2\/product\/697","targetHints":{"allow":["GET"]}}],"collection":[{"href":"https:\/\/panwinjet.com\/es\/wp-json\/wp\/v2\/product"}],"about":[{"href":"https:\/\/panwinjet.com\/es\/wp-json\/wp\/v2\/types\/product"}],"wp:featuredmedia":[{"embeddable":true,"href":"https:\/\/panwinjet.com\/es\/wp-json\/wp\/v2\/media\/701"}],"wp:attachment":[{"href":"https:\/\/panwinjet.com\/es\/wp-json\/wp\/v2\/media?parent=697"}],"wp:term":[{"taxonomy":"product_brand","embeddable":true,"href":"https:\/\/panwinjet.com\/es\/wp-json\/wp\/v2\/product_brand?post=697"},{"taxonomy":"product_cat","embeddable":true,"href":"https:\/\/panwinjet.com\/es\/wp-json\/wp\/v2\/product_cat?post=697"},{"taxonomy":"product_tag","embeddable":true,"href":"https:\/\/panwinjet.com\/es\/wp-json\/wp\/v2\/product_tag?post=697"}],"curies":[{"name":"wp","href":"https:\/\/api.w.org\/{rel}","templated":true}]}}