{"id":678,"date":"2025-09-19T07:44:53","date_gmt":"2025-09-19T07:44:53","guid":{"rendered":"https:\/\/panwinjet.com\/?post_type=product&#038;p=678"},"modified":"2025-09-19T07:44:53","modified_gmt":"2025-09-19T07:44:53","slug":"40kpsi-pressure-water-blasting-vessel-cleaning-machine-parts-mvt-style-uh-swivel","status":"publish","type":"product","link":"https:\/\/panwinjet.com\/es\/producto\/40kpsi-pressure-water-blasting-vessel-cleaning-machine-parts-mvt-style-uh-swivel\/","title":{"rendered":"Piezas de la m\u00e1quina de limpieza de recipientes con chorro de agua a presi\u00f3n de 40 kpsi, estilo MVT UH giratorio"},"content":{"rendered":"<p>1. Introducci\u00f3n del producto de piezas de la m\u00e1quina de limpieza de recipientes con chorro de agua a presi\u00f3n de 40 kpsi UH Swivel<br \/>\nLas piezas de la m\u00e1quina de limpieza de recipientes con chorro de agua a presi\u00f3n de 40 kpsi UH Swivel se utilizan para suministrar agua a presi\u00f3n ultraalta de hasta 44 kpsi desde una l\u00ednea estacionaria a un conjunto giratorio o de torsi\u00f3n motorizado.<br \/>\nEs un excelente acoplamiento rotativo de alta presi\u00f3n por su durabilidad y versatilidad para diversas tareas de limpieza.<br \/>\nGeneralmente se aplica en m\u00e1quinas de punci\u00f3n, m\u00e1quinas de limpieza de superficies y carretes de mangueras.<br \/>\nY este pivote requiere un torque de 25 a 90 in-lb para girar.<\/p>\n<p>&nbsp;<\/p>\n<p>2. Par\u00e1metros del producto (especificaci\u00f3n) de las piezas de la m\u00e1quina de limpieza de recipientes con chorro de agua a presi\u00f3n de 40 kpsi UH Swivel<br \/>\nEsta boquilla giratoria ultras\u00f3nica para chorro de agua a presi\u00f3n de 40 kpsi es un componente vers\u00e1til para la limpieza a presi\u00f3n. Con una presi\u00f3n m\u00e1xima de operaci\u00f3n de 44\u00a0000 psi y un tama\u00f1o de pasador giratorio ultras\u00f3nico de 1,0, 1,2, 1,1 y 1,35, es una pieza \u00fatil para diversas tareas de limpieza. Detalles de los par\u00e1metros:<\/p>\n<div style=\"width: 1088px;\" class=\"wp-video\"><video class=\"wp-video-shortcode\" id=\"video-678-1\" width=\"1088\" height=\"1920\" preload=\"metadata\" controls=\"controls\"><source type=\"video\/mp4\" src=\"https:\/\/panwinjet.com\/wp-content\/uploads\/2025\/09\/40kpsi-Pressure-Water-blasting-Vessel-cleaning-machine-parts-UH-Swivel.mp4?_=1\" \/><a href=\"https:\/\/panwinjet.com\/wp-content\/uploads\/2025\/09\/40kpsi-Pressure-Water-blasting-Vessel-cleaning-machine-parts-UH-Swivel.mp4\">https:\/\/panwinjet.com\/wp-content\/uploads\/2025\/09\/40kpsi-Pressure-Water-blasting-Vessel-cleaning-machine-parts-UH-Swivel.mp4<\/a><\/video><\/div>","protected":false},"excerpt":{"rendered":"<p>3. Caracter\u00edstica del producto y aplicaci\u00f3n de las piezas de la m\u00e1quina de limpieza de recipientes con chorro de agua a presi\u00f3n de 40 kpsi UH Swivel<br \/>\nEn Panwin le vendemos UH Swivel de alta calidad, nuestro material es acero inoxidable de alta resistencia y est\u00e1 dise\u00f1ado para una funci\u00f3n de servicio f\u00e1cil y sin fugas. Caracter\u00edsticas:<br \/>\nCaracter\u00edsticas:<br \/>\n1: Construcci\u00f3n robusta de acero inoxidable<br \/>\n2: El dise\u00f1o \u00fanico del sello sin fugas requiere muy poco torque para la rotaci\u00f3n<br \/>\n3: Engrasadores externos para un f\u00e1cil mantenimiento<br \/>\nLa conexi\u00f3n de entrada de 4:0\u00b0 o 90\u00b0 simplifica el tendido de la manguera<\/p>\n<p>Solicitud:<br \/>\nSolicitud:<br \/>\nPiezas de repuesto para equipos de limpieza de bombas de \u00e9mbolo triplex UHP de 3000 bar para astilleros. Robot de preparaci\u00f3n de superficies para barras de pulverizaci\u00f3n Hammelmann.<br \/>\nChorro de agua a presi\u00f3n por agua para la industria del hierro, el acero y los metales<br \/>\nIngenier\u00eda mec\u00e1nica y de aparatos para hidrolavadoras de alta presi\u00f3n<br \/>\nIndustria del cemento y el hormig\u00f3n<br \/>\nLimpieza de superficies con barracuda de alta presi\u00f3n<br \/>\nPiezas para equipos de limpieza UHP Hydro Jet<br \/>\nBarras pulverizadoras de limpieza industrial<br \/>\nM\u00e1quina de hidrolavado para la industria de refinaci\u00f3n de petr\u00f3leo<br \/>\nLimpieza de superficies con chorro de agua a presi\u00f3n, limpieza de tanques y recipientes.<br \/>\nLimpieza del intercambiador de calor,<br \/>\nLimpieza de pintura de autom\u00f3viles, limpieza de la industria minera, limpieza de f\u00e1bricas de acero, etc.<br \/>\nEquipos de limpieza de alcantarillado de alta presi\u00f3n para redes de tuber\u00edas municipales de suministro de agua y drenaje;<\/p>","protected":false},"featured_media":-1,"template":"","meta":[],"product_brand":[],"product_cat":[5],"product_tag":[],"class_list":{"0":"post-678","1":"product","2":"type-product","3":"status-publish","4":"has-post-thumbnail","6":"product_cat-uhp-rotating-nozzles","8":"first","9":"instock","10":"shipping-taxable","11":"product-type-simple"},"yoast_head":"<!-- This site is optimized with the Yoast SEO plugin v24.9 - https:\/\/yoast.com\/wordpress\/plugins\/seo\/ -->\n<title>40kpsi Pressure Water blasting Vessel cleaning machine parts MVT Style UH Swivel - Panwin Machinery&amp;Equipment<\/title>\n<meta name=\"robots\" content=\"index, follow, max-snippet:-1, max-image-preview:large, max-video-preview:-1\" \/>\n<link rel=\"canonical\" href=\"https:\/\/panwinjet.com\/es\/producto\/40kpsi-pressure-water-blasting-vessel-cleaning-machine-parts-mvt-style-uh-swivel\/\" \/>\n<meta property=\"og:locale\" content=\"es_ES\" \/>\n<meta property=\"og:type\" content=\"article\" \/>\n<meta property=\"og:title\" content=\"40kpsi Pressure Water blasting Vessel cleaning machine parts MVT Style UH Swivel - Panwin Machinery&amp;Equipment\" \/>\n<meta property=\"og:description\" content=\"3.Product Feature And Application of 40kpsi Pressure Water blasting Vessel cleaning machine parts UH Swivel We Panwin sell you high-quality UH Swivel, and our material is heavy-duty stainless steel, and it is design for leak-free and easy service function, features as follows: Features: 1:Heavy-duty stainless steel construction 2:Unique, leak-free seal design requires very little torque for rotation 3:External grease fittings for easy maintenance 4:0\u00c2\u00b0 or 90\u00c2\u00b0 inlet connection simplifies hose routing  Application: Application: UHP 3000Bar UHP triplex plunger pump cleaning equipment parts Shipyard Surface preparation Robot for Hammelmann Spraying Bar Hydro Jet blaster Iron, Steel And Metal Industry high pressure waterblaster Mechanical and Apparatus Engineering Cements and Concrete Industry high pressure barracuda Surface cleaning UHP hydro Jet cleaning equipment parts Industrial Cleaning Spray Bars hydro blasting machine for petroleum refining industry Hydro Jet Surface Cleaning,Tank&amp;Vessel Cleaning, Heat Exchange Cleaning, Automotive Painting cleaning Mining industry cleaning Steel manufacture cleaning etc. High pressure sewer cleaning equipment for municipal pipe networks water supply and drainage pipelines;\" \/>\n<meta property=\"og:url\" content=\"https:\/\/panwinjet.com\/es\/producto\/40kpsi-pressure-water-blasting-vessel-cleaning-machine-parts-mvt-style-uh-swivel\/\" \/>\n<meta property=\"og:site_name\" content=\"Panwin Machinery&amp;Equipment\" \/>\n<meta name=\"twitter:card\" content=\"summary_large_image\" \/>\n<meta name=\"twitter:label1\" content=\"Tiempo de lectura\" \/>\n\t<meta name=\"twitter:data1\" content=\"1 minuto\" \/>\n<script type=\"application\/ld+json\" class=\"yoast-schema-graph\">{\"@context\":\"https:\/\/schema.org\",\"@graph\":[{\"@type\":\"WebPage\",\"@id\":\"https:\/\/panwinjet.com\/product\/40kpsi-pressure-water-blasting-vessel-cleaning-machine-parts-mvt-style-uh-swivel\/\",\"url\":\"https:\/\/panwinjet.com\/product\/40kpsi-pressure-water-blasting-vessel-cleaning-machine-parts-mvt-style-uh-swivel\/\",\"name\":\"40kpsi Pressure Water blasting Vessel cleaning machine parts MVT Style UH Swivel - Panwin Machinery&amp;Equipment\",\"isPartOf\":{\"@id\":\"https:\/\/panwinjet.com\/#website\"},\"datePublished\":\"2025-09-19T07:44:53+00:00\",\"breadcrumb\":{\"@id\":\"https:\/\/panwinjet.com\/product\/40kpsi-pressure-water-blasting-vessel-cleaning-machine-parts-mvt-style-uh-swivel\/#breadcrumb\"},\"inLanguage\":\"es\",\"potentialAction\":[{\"@type\":\"ReadAction\",\"target\":[\"https:\/\/panwinjet.com\/product\/40kpsi-pressure-water-blasting-vessel-cleaning-machine-parts-mvt-style-uh-swivel\/\"]}]},{\"@type\":\"BreadcrumbList\",\"@id\":\"https:\/\/panwinjet.com\/product\/40kpsi-pressure-water-blasting-vessel-cleaning-machine-parts-mvt-style-uh-swivel\/#breadcrumb\",\"itemListElement\":[{\"@type\":\"ListItem\",\"position\":1,\"name\":\"\u9996\u9875\",\"item\":\"https:\/\/panwinjet.com\/\"},{\"@type\":\"ListItem\",\"position\":2,\"name\":\"PRODUCT\",\"item\":\"https:\/\/panwinjet.com\/product\/\"},{\"@type\":\"ListItem\",\"position\":3,\"name\":\"40kpsi Pressure Water blasting Vessel cleaning machine parts MVT Style UH Swivel\"}]},{\"@type\":\"WebSite\",\"@id\":\"https:\/\/panwinjet.com\/#website\",\"url\":\"https:\/\/panwinjet.com\/\",\"name\":\"Panwin Machinery&amp;Equipment\",\"description\":\"Shenzhen Panwin Machinery&amp;Equipment Co.Ltd\",\"potentialAction\":[{\"@type\":\"SearchAction\",\"target\":{\"@type\":\"EntryPoint\",\"urlTemplate\":\"https:\/\/panwinjet.com\/?s={search_term_string}\"},\"query-input\":{\"@type\":\"PropertyValueSpecification\",\"valueRequired\":true,\"valueName\":\"search_term_string\"}}],\"inLanguage\":\"es\"}]}<\/script>\n<!-- \/ Yoast SEO plugin. -->","yoast_head_json":{"title":"40kpsi Pressure Water blasting Vessel cleaning machine parts MVT Style UH Swivel - Panwin Machinery&amp;Equipment","robots":{"index":"index","follow":"follow","max-snippet":"max-snippet:-1","max-image-preview":"max-image-preview:large","max-video-preview":"max-video-preview:-1"},"canonical":"https:\/\/panwinjet.com\/es\/producto\/40kpsi-pressure-water-blasting-vessel-cleaning-machine-parts-mvt-style-uh-swivel\/","og_locale":"es_ES","og_type":"article","og_title":"40kpsi Pressure Water blasting Vessel cleaning machine parts MVT Style UH Swivel - Panwin Machinery&amp;Equipment","og_description":"3.Product Feature And Application of 40kpsi Pressure Water blasting Vessel cleaning machine parts UH Swivel We Panwin sell you high-quality UH Swivel, and our material is heavy-duty stainless steel, and it is design for leak-free and easy service function, features as follows: Features: 1:Heavy-duty stainless steel construction 2:Unique, leak-free seal design requires very little torque for rotation 3:External grease fittings for easy maintenance 4:0\u00c2\u00b0 or 90\u00c2\u00b0 inlet connection simplifies hose routing  Application: Application: UHP 3000Bar UHP triplex plunger pump cleaning equipment parts Shipyard Surface preparation Robot for Hammelmann Spraying Bar Hydro Jet blaster Iron, Steel And Metal Industry high pressure waterblaster Mechanical and Apparatus Engineering Cements and Concrete Industry high pressure barracuda Surface cleaning UHP hydro Jet cleaning equipment parts Industrial Cleaning Spray Bars hydro blasting machine for petroleum refining industry Hydro Jet Surface Cleaning,Tank&amp;Vessel Cleaning, Heat Exchange Cleaning, Automotive Painting cleaning Mining industry cleaning Steel manufacture cleaning etc. High pressure sewer cleaning equipment for municipal pipe networks water supply and drainage pipelines;","og_url":"https:\/\/panwinjet.com\/es\/producto\/40kpsi-pressure-water-blasting-vessel-cleaning-machine-parts-mvt-style-uh-swivel\/","og_site_name":"Panwin Machinery&amp;Equipment","twitter_card":"summary_large_image","twitter_misc":{"Tiempo de lectura":"1 minuto"},"schema":{"@context":"https:\/\/schema.org","@graph":[{"@type":"WebPage","@id":"https:\/\/panwinjet.com\/product\/40kpsi-pressure-water-blasting-vessel-cleaning-machine-parts-mvt-style-uh-swivel\/","url":"https:\/\/panwinjet.com\/product\/40kpsi-pressure-water-blasting-vessel-cleaning-machine-parts-mvt-style-uh-swivel\/","name":"40kpsi Pressure Water blasting Vessel cleaning machine parts MVT Style UH Swivel - Panwin Machinery&amp;Equipment","isPartOf":{"@id":"https:\/\/panwinjet.com\/#website"},"datePublished":"2025-09-19T07:44:53+00:00","breadcrumb":{"@id":"https:\/\/panwinjet.com\/product\/40kpsi-pressure-water-blasting-vessel-cleaning-machine-parts-mvt-style-uh-swivel\/#breadcrumb"},"inLanguage":"es","potentialAction":[{"@type":"ReadAction","target":["https:\/\/panwinjet.com\/product\/40kpsi-pressure-water-blasting-vessel-cleaning-machine-parts-mvt-style-uh-swivel\/"]}]},{"@type":"BreadcrumbList","@id":"https:\/\/panwinjet.com\/product\/40kpsi-pressure-water-blasting-vessel-cleaning-machine-parts-mvt-style-uh-swivel\/#breadcrumb","itemListElement":[{"@type":"ListItem","position":1,"name":"\u9996\u9875","item":"https:\/\/panwinjet.com\/"},{"@type":"ListItem","position":2,"name":"PRODUCT","item":"https:\/\/panwinjet.com\/product\/"},{"@type":"ListItem","position":3,"name":"40kpsi Pressure Water blasting Vessel cleaning machine parts MVT Style UH Swivel"}]},{"@type":"WebSite","@id":"https:\/\/panwinjet.com\/#website","url":"https:\/\/panwinjet.com\/","name":"Panwin Machinery&amp;Equipment","description":"Shenzhen Panwin Machinery&amp;Equipment Co.Ltd","potentialAction":[{"@type":"SearchAction","target":{"@type":"EntryPoint","urlTemplate":"https:\/\/panwinjet.com\/?s={search_term_string}"},"query-input":{"@type":"PropertyValueSpecification","valueRequired":true,"valueName":"search_term_string"}}],"inLanguage":"es"}]}},"_links":{"self":[{"href":"https:\/\/panwinjet.com\/es\/wp-json\/wp\/v2\/product\/678","targetHints":{"allow":["GET"]}}],"collection":[{"href":"https:\/\/panwinjet.com\/es\/wp-json\/wp\/v2\/product"}],"about":[{"href":"https:\/\/panwinjet.com\/es\/wp-json\/wp\/v2\/types\/product"}],"wp:featuredmedia":[{"embeddable":true,"href":"https:\/\/panwinjet.com\/es\/wp-json\/"}],"wp:attachment":[{"href":"https:\/\/panwinjet.com\/es\/wp-json\/wp\/v2\/media?parent=678"}],"wp:term":[{"taxonomy":"product_brand","embeddable":true,"href":"https:\/\/panwinjet.com\/es\/wp-json\/wp\/v2\/product_brand?post=678"},{"taxonomy":"product_cat","embeddable":true,"href":"https:\/\/panwinjet.com\/es\/wp-json\/wp\/v2\/product_cat?post=678"},{"taxonomy":"product_tag","embeddable":true,"href":"https:\/\/panwinjet.com\/es\/wp-json\/wp\/v2\/product_tag?post=678"}],"curies":[{"name":"wp","href":"https:\/\/api.w.org\/{rel}","templated":true}]}}