{"id":654,"date":"2025-09-19T07:12:04","date_gmt":"2025-09-19T07:12:04","guid":{"rendered":"https:\/\/panwinjet.com\/?post_type=product&#038;p=654"},"modified":"2025-09-21T13:37:24","modified_gmt":"2025-09-21T13:37:24","slug":"js-uhp-water-blasting15kpsi-dursafety-gun-cartridge-50902","status":"publish","type":"product","link":"https:\/\/panwinjet.com\/es\/producto\/js-uhp-water-blasting15kpsi-dursafety-gun-cartridge-50902\/","title":{"rendered":"Cartucho para pistola de chorro de agua UHP compatible con Jetstream (15 kpsi) Dursafety-50902"},"content":{"rendered":"<p>1. Introducci\u00f3n del producto: cartucho para pistola Dursafety de 15 kpsi - 50902<\/p>\n<p>Este cartucho de pistola Dursafety de 15 Kpsi-50902 es compatible con Jet-stream, n\u00famero de pieza 50902, es un cartucho de v\u00e1lvula f\u00e1cilmente reemplazable que permite al usuario reconstruir completamente la v\u00e1lvula en aproximadamente solo unos minutos.<\/p>\n<p>&nbsp;<\/p>\n<p>2. Par\u00e1metros del producto (especificaci\u00f3n) del cartucho Dursafety para pistola de chorro de agua UHP de 15 kpsi - 50902<\/p>\n<p>Este cartucho de pistola de chorro de agua UHP de 15 Kpsi Dursafety-50902 est\u00e1 hecho de acero inoxidable de alta calidad. Tanto la v\u00e1lvula como el asiento est\u00e1n fabricados en acero inoxidable endurecido y recubiertos para una m\u00e1xima resistencia al desgaste y vida \u00fatil.<\/p>","protected":false},"excerpt":{"rendered":"<p>3. Caracter\u00edsticas y aplicaciones del cartucho Dursafety 50902 para pistola de chorro de agua UHP de 15 kpsi<br \/>\nEste cartucho para pistola de chorro de agua UHP de 15 kpsi Dursafety-50902<br \/>\nEs un componente importante de la pistola Jetstream Durssafety de 15 kpsi. Su dise\u00f1o innovador ofrece grandes ventajas en cuanto a facilidad de mantenimiento, simplicidad de estructura y dise\u00f1o, versatilidad de conversi\u00f3n y multifuncionalidad. Este cartucho de repuesto, compatible con la pieza JST n.\u00b0 50902, presenta las siguientes caracter\u00edsticas:<br \/>\nCaracter\u00edsticas:<br \/>\n1: Servicio sencillo, tiempo de inactividad m\u00ednimo<br \/>\n2: Durabilidad prolongada<br \/>\n3: \u00c9mbolos y casquillos de \u00e9mbolo de carburo s\u00f3lido<\/p>\n<p>Solicitud:<br \/>\nPiezas de repuesto para equipos de limpieza de bombas de \u00e9mbolo triplex UHP de 3000 bar para astilleros. Robot de preparaci\u00f3n de superficies para barras de pulverizaci\u00f3n Hammelmann.<br \/>\nChorro de agua a presi\u00f3n por agua para la industria del hierro, el acero y los metales<br \/>\nIngenier\u00eda mec\u00e1nica y de aparatos para hidrolavadoras de alta presi\u00f3n<br \/>\nIndustria del cemento y el hormig\u00f3n<br \/>\nLimpieza de superficies con barracuda de alta presi\u00f3n<br \/>\nPiezas para equipos de limpieza UHP Hydro Jet<br \/>\nBarras pulverizadoras de limpieza industrial<br \/>\nM\u00e1quina de hidrolavado para la industria de refinaci\u00f3n de petr\u00f3leo<br \/>\nLimpieza de superficies con chorro de agua a presi\u00f3n, limpieza de tanques y recipientes.<br \/>\nLimpieza del intercambiador de calor,<br \/>\nLimpieza de pintura de autom\u00f3viles, limpieza de la industria minera, limpieza de f\u00e1bricas de acero, etc.<br \/>\nEquipos de limpieza de alcantarillado de alta presi\u00f3n para redes de tuber\u00edas municipales de suministro de agua y drenaje;<\/p>","protected":false},"featured_media":656,"template":"","meta":[],"product_brand":[],"product_cat":[4],"product_tag":[],"class_list":{"0":"post-654","1":"product","2":"type-product","3":"status-publish","4":"has-post-thumbnail","6":"product_cat-uhp-blasting-hand-air-gun","8":"first","9":"instock","10":"shipping-taxable","11":"product-type-simple"},"yoast_head":"<!-- This site is optimized with the Yoast SEO plugin v24.9 - https:\/\/yoast.com\/wordpress\/plugins\/seo\/ -->\n<title>Jetstream Compatible UHP Water Blasting15Kpsi Dursafety Gun Cartridge-50902 - Panwin Machinery&amp;Equipment<\/title>\n<meta name=\"robots\" content=\"index, follow, max-snippet:-1, max-image-preview:large, max-video-preview:-1\" \/>\n<link rel=\"canonical\" href=\"https:\/\/panwinjet.com\/es\/producto\/js-uhp-water-blasting15kpsi-dursafety-gun-cartridge-50902\/\" \/>\n<meta property=\"og:locale\" content=\"es_ES\" \/>\n<meta property=\"og:type\" content=\"article\" \/>\n<meta property=\"og:title\" content=\"Jetstream Compatible UHP Water Blasting15Kpsi Dursafety Gun Cartridge-50902 - Panwin Machinery&amp;Equipment\" \/>\n<meta property=\"og:description\" content=\"3.Product Feature And Application of UHP Water-Jetting 15Kpsi Dursafety Gun Cartridge-50902 This UHP Water-Jetting 15Kpsi Dursafety Gun Cartridge-50902 is important parts of the Jetstream 15Kpsi Rated Durssafety Gun, it is trailblazing design and it has the vast advantages in term of the easy-service, simplicity in structure and design,as well as Versatility in conversion and muti-function. And this Replacement Cartridge, Compatible with JST Part No. 50902 features as follows: Features: 1:Easy service, minimum downtime 2: Long-life durability 3:Solid carbide plungers and plunger bushings  Application: UHP 3000Bar UHP triplex plunger pump cleaning equipment parts Shipyard Surface preparation Robot for Hammelmann Spraying Bar Hydro Jet blaster Iron, Steel And Metal Industry high pressure waterblaster Mechanical and Apparatus Engineering Cements and Concrete Industry high pressure barracuda Surface cleaning UHP hydro Jet cleaning equipment parts Industrial Cleaning Spray Bars hydro blasting machine for petroleum refining industry Hydro Jet Surface Cleaning,Tank&amp;Vessel Cleaning, Heat Exchange Cleaning, Automotive Painting cleaning Mining industry cleaning Steel manufacture cleaning etc. High pressure sewer cleaning equipment for municipal pipe networks water supply and drainage pipelines;\" \/>\n<meta property=\"og:url\" content=\"https:\/\/panwinjet.com\/es\/producto\/js-uhp-water-blasting15kpsi-dursafety-gun-cartridge-50902\/\" \/>\n<meta property=\"og:site_name\" content=\"Panwin Machinery&amp;Equipment\" \/>\n<meta property=\"article:modified_time\" content=\"2025-09-21T13:37:24+00:00\" \/>\n<meta property=\"og:image\" content=\"https:\/\/panwinjet.com\/wp-content\/uploads\/2025\/09\/15Kpsi-2-50902-2-1200x900.png\" \/>\n\t<meta property=\"og:image:width\" content=\"1200\" \/>\n\t<meta property=\"og:image:height\" content=\"900\" \/>\n\t<meta property=\"og:image:type\" content=\"image\/png\" \/>\n<meta name=\"twitter:card\" content=\"summary_large_image\" \/>\n<meta name=\"twitter:label1\" content=\"Tiempo de lectura\" \/>\n\t<meta name=\"twitter:data1\" content=\"1 minuto\" \/>\n<script type=\"application\/ld+json\" class=\"yoast-schema-graph\">{\"@context\":\"https:\/\/schema.org\",\"@graph\":[{\"@type\":\"WebPage\",\"@id\":\"https:\/\/panwinjet.com\/product\/js-uhp-water-blasting15kpsi-dursafety-gun-cartridge-50902\/\",\"url\":\"https:\/\/panwinjet.com\/product\/js-uhp-water-blasting15kpsi-dursafety-gun-cartridge-50902\/\",\"name\":\"Jetstream Compatible UHP Water Blasting15Kpsi Dursafety Gun Cartridge-50902 - Panwin Machinery&amp;Equipment\",\"isPartOf\":{\"@id\":\"https:\/\/panwinjet.com\/#website\"},\"primaryImageOfPage\":{\"@id\":\"https:\/\/panwinjet.com\/product\/js-uhp-water-blasting15kpsi-dursafety-gun-cartridge-50902\/#primaryimage\"},\"image\":{\"@id\":\"https:\/\/panwinjet.com\/product\/js-uhp-water-blasting15kpsi-dursafety-gun-cartridge-50902\/#primaryimage\"},\"thumbnailUrl\":\"https:\/\/panwinjet.com\/wp-content\/uploads\/2025\/09\/15Kpsi-2-50902-2.png\",\"datePublished\":\"2025-09-19T07:12:04+00:00\",\"dateModified\":\"2025-09-21T13:37:24+00:00\",\"breadcrumb\":{\"@id\":\"https:\/\/panwinjet.com\/product\/js-uhp-water-blasting15kpsi-dursafety-gun-cartridge-50902\/#breadcrumb\"},\"inLanguage\":\"es\",\"potentialAction\":[{\"@type\":\"ReadAction\",\"target\":[\"https:\/\/panwinjet.com\/product\/js-uhp-water-blasting15kpsi-dursafety-gun-cartridge-50902\/\"]}]},{\"@type\":\"ImageObject\",\"inLanguage\":\"es\",\"@id\":\"https:\/\/panwinjet.com\/product\/js-uhp-water-blasting15kpsi-dursafety-gun-cartridge-50902\/#primaryimage\",\"url\":\"https:\/\/panwinjet.com\/wp-content\/uploads\/2025\/09\/15Kpsi-2-50902-2.png\",\"contentUrl\":\"https:\/\/panwinjet.com\/wp-content\/uploads\/2025\/09\/15Kpsi-2-50902-2.png\",\"width\":1333,\"height\":1000},{\"@type\":\"BreadcrumbList\",\"@id\":\"https:\/\/panwinjet.com\/product\/js-uhp-water-blasting15kpsi-dursafety-gun-cartridge-50902\/#breadcrumb\",\"itemListElement\":[{\"@type\":\"ListItem\",\"position\":1,\"name\":\"\u9996\u9875\",\"item\":\"https:\/\/panwinjet.com\/\"},{\"@type\":\"ListItem\",\"position\":2,\"name\":\"PRODUCT\",\"item\":\"https:\/\/panwinjet.com\/product\/\"},{\"@type\":\"ListItem\",\"position\":3,\"name\":\"Jetstream Compatible UHP Water Blasting15Kpsi Dursafety Gun Cartridge-50902\"}]},{\"@type\":\"WebSite\",\"@id\":\"https:\/\/panwinjet.com\/#website\",\"url\":\"https:\/\/panwinjet.com\/\",\"name\":\"Panwin Machinery&amp;Equipment\",\"description\":\"Shenzhen Panwin Machinery&amp;Equipment Co.Ltd\",\"potentialAction\":[{\"@type\":\"SearchAction\",\"target\":{\"@type\":\"EntryPoint\",\"urlTemplate\":\"https:\/\/panwinjet.com\/?s={search_term_string}\"},\"query-input\":{\"@type\":\"PropertyValueSpecification\",\"valueRequired\":true,\"valueName\":\"search_term_string\"}}],\"inLanguage\":\"es\"}]}<\/script>\n<!-- \/ Yoast SEO plugin. -->","yoast_head_json":{"title":"Jetstream Compatible UHP Water Blasting15Kpsi Dursafety Gun Cartridge-50902 - Panwin Machinery&amp;Equipment","robots":{"index":"index","follow":"follow","max-snippet":"max-snippet:-1","max-image-preview":"max-image-preview:large","max-video-preview":"max-video-preview:-1"},"canonical":"https:\/\/panwinjet.com\/es\/producto\/js-uhp-water-blasting15kpsi-dursafety-gun-cartridge-50902\/","og_locale":"es_ES","og_type":"article","og_title":"Jetstream Compatible UHP Water Blasting15Kpsi Dursafety Gun Cartridge-50902 - Panwin Machinery&amp;Equipment","og_description":"3.Product Feature And Application of UHP Water-Jetting 15Kpsi Dursafety Gun Cartridge-50902 This UHP Water-Jetting 15Kpsi Dursafety Gun Cartridge-50902 is important parts of the Jetstream 15Kpsi Rated Durssafety Gun, it is trailblazing design and it has the vast advantages in term of the easy-service, simplicity in structure and design,as well as Versatility in conversion and muti-function. And this Replacement Cartridge, Compatible with JST Part No. 50902 features as follows: Features: 1:Easy service, minimum downtime 2: Long-life durability 3:Solid carbide plungers and plunger bushings  Application: UHP 3000Bar UHP triplex plunger pump cleaning equipment parts Shipyard Surface preparation Robot for Hammelmann Spraying Bar Hydro Jet blaster Iron, Steel And Metal Industry high pressure waterblaster Mechanical and Apparatus Engineering Cements and Concrete Industry high pressure barracuda Surface cleaning UHP hydro Jet cleaning equipment parts Industrial Cleaning Spray Bars hydro blasting machine for petroleum refining industry Hydro Jet Surface Cleaning,Tank&amp;Vessel Cleaning, Heat Exchange Cleaning, Automotive Painting cleaning Mining industry cleaning Steel manufacture cleaning etc. High pressure sewer cleaning equipment for municipal pipe networks water supply and drainage pipelines;","og_url":"https:\/\/panwinjet.com\/es\/producto\/js-uhp-water-blasting15kpsi-dursafety-gun-cartridge-50902\/","og_site_name":"Panwin Machinery&amp;Equipment","article_modified_time":"2025-09-21T13:37:24+00:00","og_image":[{"width":1200,"height":900,"url":"https:\/\/panwinjet.com\/wp-content\/uploads\/2025\/09\/15Kpsi-2-50902-2-1200x900.png","type":"image\/png"}],"twitter_card":"summary_large_image","twitter_misc":{"Tiempo de lectura":"1 minuto"},"schema":{"@context":"https:\/\/schema.org","@graph":[{"@type":"WebPage","@id":"https:\/\/panwinjet.com\/product\/js-uhp-water-blasting15kpsi-dursafety-gun-cartridge-50902\/","url":"https:\/\/panwinjet.com\/product\/js-uhp-water-blasting15kpsi-dursafety-gun-cartridge-50902\/","name":"Jetstream Compatible UHP Water Blasting15Kpsi Dursafety Gun Cartridge-50902 - Panwin Machinery&amp;Equipment","isPartOf":{"@id":"https:\/\/panwinjet.com\/#website"},"primaryImageOfPage":{"@id":"https:\/\/panwinjet.com\/product\/js-uhp-water-blasting15kpsi-dursafety-gun-cartridge-50902\/#primaryimage"},"image":{"@id":"https:\/\/panwinjet.com\/product\/js-uhp-water-blasting15kpsi-dursafety-gun-cartridge-50902\/#primaryimage"},"thumbnailUrl":"https:\/\/panwinjet.com\/wp-content\/uploads\/2025\/09\/15Kpsi-2-50902-2.png","datePublished":"2025-09-19T07:12:04+00:00","dateModified":"2025-09-21T13:37:24+00:00","breadcrumb":{"@id":"https:\/\/panwinjet.com\/product\/js-uhp-water-blasting15kpsi-dursafety-gun-cartridge-50902\/#breadcrumb"},"inLanguage":"es","potentialAction":[{"@type":"ReadAction","target":["https:\/\/panwinjet.com\/product\/js-uhp-water-blasting15kpsi-dursafety-gun-cartridge-50902\/"]}]},{"@type":"ImageObject","inLanguage":"es","@id":"https:\/\/panwinjet.com\/product\/js-uhp-water-blasting15kpsi-dursafety-gun-cartridge-50902\/#primaryimage","url":"https:\/\/panwinjet.com\/wp-content\/uploads\/2025\/09\/15Kpsi-2-50902-2.png","contentUrl":"https:\/\/panwinjet.com\/wp-content\/uploads\/2025\/09\/15Kpsi-2-50902-2.png","width":1333,"height":1000},{"@type":"BreadcrumbList","@id":"https:\/\/panwinjet.com\/product\/js-uhp-water-blasting15kpsi-dursafety-gun-cartridge-50902\/#breadcrumb","itemListElement":[{"@type":"ListItem","position":1,"name":"\u9996\u9875","item":"https:\/\/panwinjet.com\/"},{"@type":"ListItem","position":2,"name":"PRODUCT","item":"https:\/\/panwinjet.com\/product\/"},{"@type":"ListItem","position":3,"name":"Jetstream Compatible UHP Water Blasting15Kpsi Dursafety Gun Cartridge-50902"}]},{"@type":"WebSite","@id":"https:\/\/panwinjet.com\/#website","url":"https:\/\/panwinjet.com\/","name":"Panwin Machinery&amp;Equipment","description":"Shenzhen Panwin Machinery&amp;Equipment Co.Ltd","potentialAction":[{"@type":"SearchAction","target":{"@type":"EntryPoint","urlTemplate":"https:\/\/panwinjet.com\/?s={search_term_string}"},"query-input":{"@type":"PropertyValueSpecification","valueRequired":true,"valueName":"search_term_string"}}],"inLanguage":"es"}]}},"_links":{"self":[{"href":"https:\/\/panwinjet.com\/es\/wp-json\/wp\/v2\/product\/654","targetHints":{"allow":["GET"]}}],"collection":[{"href":"https:\/\/panwinjet.com\/es\/wp-json\/wp\/v2\/product"}],"about":[{"href":"https:\/\/panwinjet.com\/es\/wp-json\/wp\/v2\/types\/product"}],"wp:featuredmedia":[{"embeddable":true,"href":"https:\/\/panwinjet.com\/es\/wp-json\/wp\/v2\/media\/656"}],"wp:attachment":[{"href":"https:\/\/panwinjet.com\/es\/wp-json\/wp\/v2\/media?parent=654"}],"wp:term":[{"taxonomy":"product_brand","embeddable":true,"href":"https:\/\/panwinjet.com\/es\/wp-json\/wp\/v2\/product_brand?post=654"},{"taxonomy":"product_cat","embeddable":true,"href":"https:\/\/panwinjet.com\/es\/wp-json\/wp\/v2\/product_cat?post=654"},{"taxonomy":"product_tag","embeddable":true,"href":"https:\/\/panwinjet.com\/es\/wp-json\/wp\/v2\/product_tag?post=654"}],"curies":[{"name":"wp","href":"https:\/\/api.w.org\/{rel}","templated":true}]}}