{"id":646,"date":"2025-09-19T07:06:22","date_gmt":"2025-09-19T07:06:22","guid":{"rendered":"https:\/\/panwinjet.com\/?post_type=product&#038;p=646"},"modified":"2025-09-19T07:06:22","modified_gmt":"2025-09-19T07:06:22","slug":"40kpsi-pressure-water-jet-industry-cleaning-machine-parts-valve-cartridge","status":"publish","type":"product","link":"https:\/\/panwinjet.com\/es\/producto\/40kpsi-pressure-water-jet-industry-cleaning-machine-parts-valve-cartridge\/","title":{"rendered":"Cartucho de v\u00e1lvula para piezas de m\u00e1quinas de limpieza industrial con chorro de agua a presi\u00f3n de 40 kpsi"},"content":{"rendered":"<p>1. Introducci\u00f3n del producto: cartucho de v\u00e1lvula para piezas de m\u00e1quinas de limpieza industrial con chorro de agua a presi\u00f3n de 40 kpsi<br \/>\nEste cartucho de v\u00e1lvula para piezas de m\u00e1quinas de limpieza industrial con chorro de agua a presi\u00f3n de 40 kpsi es compatible con la pieza JST n.\u00b0 53725.<br \/>\nSu cartucho de v\u00e1lvula f\u00e1cilmente reemplazable permite al usuario reconstruir completamente la v\u00e1lvula en apenas unos minutos.<\/p>\n<p>2. Par\u00e1metros del producto (especificaciones): cartucho de v\u00e1lvula para piezas de m\u00e1quinas de limpieza industrial con chorro de agua a presi\u00f3n de 40 kpsi<br \/>\nEste cartucho de v\u00e1lvula para piezas de m\u00e1quinas de limpieza industrial con chorro de agua a presi\u00f3n de 40 kpsi est\u00e1 fabricado en acero inoxidable de alta calidad. Tanto la v\u00e1lvula como el asiento est\u00e1n fabricados en acero inoxidable endurecido y recubiertos para una m\u00e1xima resistencia al desgaste y una mayor vida \u00fatil.<\/p>","protected":false},"excerpt":{"rendered":"<p>3. Caracter\u00edsticas y aplicaciones del cartucho de v\u00e1lvula para piezas de m\u00e1quinas de limpieza industrial con chorro de agua a presi\u00f3n de 40 kpsi<br \/>\nEste cartucho de v\u00e1lvula para m\u00e1quinas de limpieza industrial con chorro de agua a presi\u00f3n de 40 kpsi es una pieza importante de la bomba Jetstream con capacidad nominal de 40 kpsi.<br \/>\nLa bomba JS de 40 kpsi es una bomba de chorro de agua de \u00faltima generaci\u00f3n y la m\u00e1s eficiente del sector. Su extremo de fluido es est\u00e1ndar y es compatible con la unidad JS de 40 kpsi o con bombas de eje libre. Su dise\u00f1o innovador ofrece grandes ventajas en cuanto a facilidad de mantenimiento, simplicidad estructural y de dise\u00f1o, as\u00ed como versatilidad en conversiones y multifuncionalidad. Este cartucho de repuesto, compatible con la pieza JST n.\u00b0 53725, presenta las siguientes caracter\u00edsticas:<br \/>\nCaracter\u00edsticas:<br \/>\n1: Servicio sencillo, tiempo de inactividad m\u00ednimo<br \/>\n2: Durabilidad prolongada<br \/>\n3: \u00c9mbolos y casquillos de \u00e9mbolo de carburo s\u00f3lido<\/p>\n<p>Solicitud:<br \/>\nPiezas de repuesto para equipos de limpieza de bombas de \u00e9mbolo triplex UHP de 3000 bar para astilleros. Robot de preparaci\u00f3n de superficies para barras de pulverizaci\u00f3n Hammelmann.<br \/>\nChorro de agua a presi\u00f3n por agua para la industria del hierro, el acero y los metales<br \/>\nIngenier\u00eda mec\u00e1nica y de aparatos para hidrolavadoras de alta presi\u00f3n<br \/>\nIndustria del cemento y el hormig\u00f3n<br \/>\nLimpieza de superficies con barracuda de alta presi\u00f3n<br \/>\nPiezas para equipos de limpieza UHP Hydro Jet<br \/>\nBarras pulverizadoras de limpieza industrial<br \/>\nM\u00e1quina de hidrolavado para la industria de refinaci\u00f3n de petr\u00f3leo<br \/>\nLimpieza de superficies con chorro de agua a presi\u00f3n, limpieza de tanques y recipientes.<br \/>\nLimpieza del intercambiador de calor,<br \/>\nLimpieza de pintura de autom\u00f3viles, limpieza de la industria minera, limpieza de f\u00e1bricas de acero, etc.<br \/>\nEquipos de limpieza de alcantarillado de alta presi\u00f3n para redes de tuber\u00edas municipales de suministro de agua y drenaje;<\/p>","protected":false},"featured_media":653,"template":"","meta":[],"product_brand":[],"product_cat":[7],"product_tag":[],"class_list":{"0":"post-646","1":"product","2":"type-product","3":"status-publish","4":"has-post-thumbnail","6":"product_cat-jetstream-pump-fluid-end-compatibe-parts","8":"first","9":"instock","10":"shipping-taxable","11":"product-type-simple"},"yoast_head":"<!-- This site is optimized with the Yoast SEO plugin v24.9 - https:\/\/yoast.com\/wordpress\/plugins\/seo\/ -->\n<title>40kpsi Pressure Water Jet Industry cleaning machine parts valve cartridge - Panwin Machinery&amp;Equipment<\/title>\n<meta name=\"robots\" content=\"index, follow, max-snippet:-1, max-image-preview:large, max-video-preview:-1\" \/>\n<link rel=\"canonical\" href=\"https:\/\/panwinjet.com\/es\/producto\/40kpsi-pressure-water-jet-industry-cleaning-machine-parts-valve-cartridge\/\" \/>\n<meta property=\"og:locale\" content=\"es_ES\" \/>\n<meta property=\"og:type\" content=\"article\" \/>\n<meta property=\"og:title\" content=\"40kpsi Pressure Water Jet Industry cleaning machine parts valve cartridge - Panwin Machinery&amp;Equipment\" \/>\n<meta property=\"og:description\" content=\"3.Product Feature And Application of 40kpsi Pressure Water Jet Industry cleaning machine parts valve cartridge This 40kpsi Pressure Water Jet Industry cleaning machine parts valve cartridge is important parts of the Jetstream 40Kpsi Rated pump, The JS 40Kpsi Rated pump is advanced and highest-efficient horsepower water blasting pump in the industry, the Fluid End is standard, it is compatible with JS 40Kpsi Unit or bare-shaft pump, it is trailblazing design and it has the vast advantages in term of the easy-service, simplicity in structure and design,as well as Versatility in conversion and muti-function. And this Replacement Cartridge, Compatible with JST Part No. 53725 features as follows: Features: 1:Easy service, minimum downtime 2: Long-life durability 3:Solid carbide plungers and plunger bushings  Application: UHP 3000Bar UHP triplex plunger pump cleaning equipment parts Shipyard Surface preparation Robot for Hammelmann Spraying Bar Hydro Jet blaster Iron, Steel And Metal Industry high pressure waterblaster Mechanical and Apparatus Engineering Cements and Concrete Industry high pressure barracuda Surface cleaning UHP hydro Jet cleaning equipment parts Industrial Cleaning Spray Bars hydro blasting machine for petroleum refining industry Hydro Jet Surface Cleaning,Tank&amp;Vessel Cleaning, Heat Exchange Cleaning, Automotive Painting cleaning Mining industry cleaning Steel manufacture cleaning etc. High pressure sewer cleaning equipment for municipal pipe networks water supply and drainage pipelines;\" \/>\n<meta property=\"og:url\" content=\"https:\/\/panwinjet.com\/es\/producto\/40kpsi-pressure-water-jet-industry-cleaning-machine-parts-valve-cartridge\/\" \/>\n<meta property=\"og:site_name\" content=\"Panwin Machinery&amp;Equipment\" \/>\n<meta property=\"og:image\" content=\"https:\/\/panwinjet.com\/wp-content\/uploads\/2025\/09\/cartridge-53725.jpg\" \/>\n\t<meta property=\"og:image:width\" content=\"960\" \/>\n\t<meta property=\"og:image:height\" content=\"1280\" \/>\n\t<meta property=\"og:image:type\" content=\"image\/jpeg\" \/>\n<meta name=\"twitter:card\" content=\"summary_large_image\" \/>\n<meta name=\"twitter:label1\" content=\"Tiempo de lectura\" \/>\n\t<meta name=\"twitter:data1\" content=\"1 minuto\" \/>\n<script type=\"application\/ld+json\" class=\"yoast-schema-graph\">{\"@context\":\"https:\/\/schema.org\",\"@graph\":[{\"@type\":\"WebPage\",\"@id\":\"https:\/\/panwinjet.com\/product\/40kpsi-pressure-water-jet-industry-cleaning-machine-parts-valve-cartridge\/\",\"url\":\"https:\/\/panwinjet.com\/product\/40kpsi-pressure-water-jet-industry-cleaning-machine-parts-valve-cartridge\/\",\"name\":\"40kpsi Pressure Water Jet Industry cleaning machine parts valve cartridge - Panwin Machinery&amp;Equipment\",\"isPartOf\":{\"@id\":\"https:\/\/panwinjet.com\/#website\"},\"primaryImageOfPage\":{\"@id\":\"https:\/\/panwinjet.com\/product\/40kpsi-pressure-water-jet-industry-cleaning-machine-parts-valve-cartridge\/#primaryimage\"},\"image\":{\"@id\":\"https:\/\/panwinjet.com\/product\/40kpsi-pressure-water-jet-industry-cleaning-machine-parts-valve-cartridge\/#primaryimage\"},\"thumbnailUrl\":\"https:\/\/panwinjet.com\/wp-content\/uploads\/2025\/09\/cartridge-53725.jpg\",\"datePublished\":\"2025-09-19T07:06:22+00:00\",\"breadcrumb\":{\"@id\":\"https:\/\/panwinjet.com\/product\/40kpsi-pressure-water-jet-industry-cleaning-machine-parts-valve-cartridge\/#breadcrumb\"},\"inLanguage\":\"es\",\"potentialAction\":[{\"@type\":\"ReadAction\",\"target\":[\"https:\/\/panwinjet.com\/product\/40kpsi-pressure-water-jet-industry-cleaning-machine-parts-valve-cartridge\/\"]}]},{\"@type\":\"ImageObject\",\"inLanguage\":\"es\",\"@id\":\"https:\/\/panwinjet.com\/product\/40kpsi-pressure-water-jet-industry-cleaning-machine-parts-valve-cartridge\/#primaryimage\",\"url\":\"https:\/\/panwinjet.com\/wp-content\/uploads\/2025\/09\/cartridge-53725.jpg\",\"contentUrl\":\"https:\/\/panwinjet.com\/wp-content\/uploads\/2025\/09\/cartridge-53725.jpg\",\"width\":960,\"height\":1280},{\"@type\":\"BreadcrumbList\",\"@id\":\"https:\/\/panwinjet.com\/product\/40kpsi-pressure-water-jet-industry-cleaning-machine-parts-valve-cartridge\/#breadcrumb\",\"itemListElement\":[{\"@type\":\"ListItem\",\"position\":1,\"name\":\"\u9996\u9875\",\"item\":\"https:\/\/panwinjet.com\/\"},{\"@type\":\"ListItem\",\"position\":2,\"name\":\"PRODUCT\",\"item\":\"https:\/\/panwinjet.com\/product\/\"},{\"@type\":\"ListItem\",\"position\":3,\"name\":\"40kpsi Pressure Water Jet Industry cleaning machine parts valve cartridge\"}]},{\"@type\":\"WebSite\",\"@id\":\"https:\/\/panwinjet.com\/#website\",\"url\":\"https:\/\/panwinjet.com\/\",\"name\":\"Panwin Machinery&amp;Equipment\",\"description\":\"Shenzhen Panwin Machinery&amp;Equipment Co.Ltd\",\"potentialAction\":[{\"@type\":\"SearchAction\",\"target\":{\"@type\":\"EntryPoint\",\"urlTemplate\":\"https:\/\/panwinjet.com\/?s={search_term_string}\"},\"query-input\":{\"@type\":\"PropertyValueSpecification\",\"valueRequired\":true,\"valueName\":\"search_term_string\"}}],\"inLanguage\":\"es\"}]}<\/script>\n<!-- \/ Yoast SEO plugin. -->","yoast_head_json":{"title":"40kpsi Pressure Water Jet Industry cleaning machine parts valve cartridge - Panwin Machinery&amp;Equipment","robots":{"index":"index","follow":"follow","max-snippet":"max-snippet:-1","max-image-preview":"max-image-preview:large","max-video-preview":"max-video-preview:-1"},"canonical":"https:\/\/panwinjet.com\/es\/producto\/40kpsi-pressure-water-jet-industry-cleaning-machine-parts-valve-cartridge\/","og_locale":"es_ES","og_type":"article","og_title":"40kpsi Pressure Water Jet Industry cleaning machine parts valve cartridge - Panwin Machinery&amp;Equipment","og_description":"3.Product Feature And Application of 40kpsi Pressure Water Jet Industry cleaning machine parts valve cartridge This 40kpsi Pressure Water Jet Industry cleaning machine parts valve cartridge is important parts of the Jetstream 40Kpsi Rated pump, The JS 40Kpsi Rated pump is advanced and highest-efficient horsepower water blasting pump in the industry, the Fluid End is standard, it is compatible with JS 40Kpsi Unit or bare-shaft pump, it is trailblazing design and it has the vast advantages in term of the easy-service, simplicity in structure and design,as well as Versatility in conversion and muti-function. And this Replacement Cartridge, Compatible with JST Part No. 53725 features as follows: Features: 1:Easy service, minimum downtime 2: Long-life durability 3:Solid carbide plungers and plunger bushings  Application: UHP 3000Bar UHP triplex plunger pump cleaning equipment parts Shipyard Surface preparation Robot for Hammelmann Spraying Bar Hydro Jet blaster Iron, Steel And Metal Industry high pressure waterblaster Mechanical and Apparatus Engineering Cements and Concrete Industry high pressure barracuda Surface cleaning UHP hydro Jet cleaning equipment parts Industrial Cleaning Spray Bars hydro blasting machine for petroleum refining industry Hydro Jet Surface Cleaning,Tank&amp;Vessel Cleaning, Heat Exchange Cleaning, Automotive Painting cleaning Mining industry cleaning Steel manufacture cleaning etc. High pressure sewer cleaning equipment for municipal pipe networks water supply and drainage pipelines;","og_url":"https:\/\/panwinjet.com\/es\/producto\/40kpsi-pressure-water-jet-industry-cleaning-machine-parts-valve-cartridge\/","og_site_name":"Panwin Machinery&amp;Equipment","og_image":[{"width":960,"height":1280,"url":"https:\/\/panwinjet.com\/wp-content\/uploads\/2025\/09\/cartridge-53725.jpg","type":"image\/jpeg"}],"twitter_card":"summary_large_image","twitter_misc":{"Tiempo de lectura":"1 minuto"},"schema":{"@context":"https:\/\/schema.org","@graph":[{"@type":"WebPage","@id":"https:\/\/panwinjet.com\/product\/40kpsi-pressure-water-jet-industry-cleaning-machine-parts-valve-cartridge\/","url":"https:\/\/panwinjet.com\/product\/40kpsi-pressure-water-jet-industry-cleaning-machine-parts-valve-cartridge\/","name":"40kpsi Pressure Water Jet Industry cleaning machine parts valve cartridge - Panwin Machinery&amp;Equipment","isPartOf":{"@id":"https:\/\/panwinjet.com\/#website"},"primaryImageOfPage":{"@id":"https:\/\/panwinjet.com\/product\/40kpsi-pressure-water-jet-industry-cleaning-machine-parts-valve-cartridge\/#primaryimage"},"image":{"@id":"https:\/\/panwinjet.com\/product\/40kpsi-pressure-water-jet-industry-cleaning-machine-parts-valve-cartridge\/#primaryimage"},"thumbnailUrl":"https:\/\/panwinjet.com\/wp-content\/uploads\/2025\/09\/cartridge-53725.jpg","datePublished":"2025-09-19T07:06:22+00:00","breadcrumb":{"@id":"https:\/\/panwinjet.com\/product\/40kpsi-pressure-water-jet-industry-cleaning-machine-parts-valve-cartridge\/#breadcrumb"},"inLanguage":"es","potentialAction":[{"@type":"ReadAction","target":["https:\/\/panwinjet.com\/product\/40kpsi-pressure-water-jet-industry-cleaning-machine-parts-valve-cartridge\/"]}]},{"@type":"ImageObject","inLanguage":"es","@id":"https:\/\/panwinjet.com\/product\/40kpsi-pressure-water-jet-industry-cleaning-machine-parts-valve-cartridge\/#primaryimage","url":"https:\/\/panwinjet.com\/wp-content\/uploads\/2025\/09\/cartridge-53725.jpg","contentUrl":"https:\/\/panwinjet.com\/wp-content\/uploads\/2025\/09\/cartridge-53725.jpg","width":960,"height":1280},{"@type":"BreadcrumbList","@id":"https:\/\/panwinjet.com\/product\/40kpsi-pressure-water-jet-industry-cleaning-machine-parts-valve-cartridge\/#breadcrumb","itemListElement":[{"@type":"ListItem","position":1,"name":"\u9996\u9875","item":"https:\/\/panwinjet.com\/"},{"@type":"ListItem","position":2,"name":"PRODUCT","item":"https:\/\/panwinjet.com\/product\/"},{"@type":"ListItem","position":3,"name":"40kpsi Pressure Water Jet Industry cleaning machine parts valve cartridge"}]},{"@type":"WebSite","@id":"https:\/\/panwinjet.com\/#website","url":"https:\/\/panwinjet.com\/","name":"Panwin Machinery&amp;Equipment","description":"Shenzhen Panwin Machinery&amp;Equipment Co.Ltd","potentialAction":[{"@type":"SearchAction","target":{"@type":"EntryPoint","urlTemplate":"https:\/\/panwinjet.com\/?s={search_term_string}"},"query-input":{"@type":"PropertyValueSpecification","valueRequired":true,"valueName":"search_term_string"}}],"inLanguage":"es"}]}},"_links":{"self":[{"href":"https:\/\/panwinjet.com\/es\/wp-json\/wp\/v2\/product\/646","targetHints":{"allow":["GET"]}}],"collection":[{"href":"https:\/\/panwinjet.com\/es\/wp-json\/wp\/v2\/product"}],"about":[{"href":"https:\/\/panwinjet.com\/es\/wp-json\/wp\/v2\/types\/product"}],"wp:featuredmedia":[{"embeddable":true,"href":"https:\/\/panwinjet.com\/es\/wp-json\/wp\/v2\/media\/653"}],"wp:attachment":[{"href":"https:\/\/panwinjet.com\/es\/wp-json\/wp\/v2\/media?parent=646"}],"wp:term":[{"taxonomy":"product_brand","embeddable":true,"href":"https:\/\/panwinjet.com\/es\/wp-json\/wp\/v2\/product_brand?post=646"},{"taxonomy":"product_cat","embeddable":true,"href":"https:\/\/panwinjet.com\/es\/wp-json\/wp\/v2\/product_cat?post=646"},{"taxonomy":"product_tag","embeddable":true,"href":"https:\/\/panwinjet.com\/es\/wp-json\/wp\/v2\/product_tag?post=646"}],"curies":[{"name":"wp","href":"https:\/\/api.w.org\/{rel}","templated":true}]}}