{"id":638,"date":"2025-09-19T07:01:29","date_gmt":"2025-09-19T07:01:29","guid":{"rendered":"https:\/\/panwinjet.com\/?post_type=product&#038;p=638"},"modified":"2025-09-19T07:01:29","modified_gmt":"2025-09-19T07:01:29","slug":"2800bar-40kpsi-hydro-jet-cleaning-machine-parts-hand-adjustable-regulator-valve","status":"publish","type":"product","link":"https:\/\/panwinjet.com\/es\/producto\/2800bar-40kpsi-hydro-jet-cleaning-machine-parts-hand-adjustable-regulator-valve\/","title":{"rendered":"Piezas de la m\u00e1quina de limpieza Hydro Jet de 2800 bar y 40 kpsi: V\u00e1lvula reguladora ajustable manualmente"},"content":{"rendered":"<p>1. Introducci\u00f3n del producto de las piezas de la m\u00e1quina de limpieza Hydro Jet V\u00e1lvula reguladora ajustable manualmente<br \/>\nLe vendemos piezas para la m\u00e1quina de limpieza Hydro Jet. La v\u00e1lvula reguladora ajustable manualmente desv\u00eda parte del caudal de la bomba a una salida de baja presi\u00f3n y es compatible con unidades di\u00e9sel y el\u00e9ctricas. En los motores di\u00e9sel, se utiliza para evitar que el motor se atasque al utilizar caudales en el l\u00edmite inferior de la capacidad de la bomba. Se requiere una v\u00e1lvula reguladora en las unidades el\u00e9ctricas debido a la inadaptaci\u00f3n de la velocidad del motor.<\/p>\n<div style=\"width: 544px;\" class=\"wp-video\"><video class=\"wp-video-shortcode\" id=\"video-638-1\" width=\"544\" height=\"960\" preload=\"metadata\" controls=\"controls\"><source type=\"video\/mp4\" src=\"https:\/\/panwinjet.com\/wp-content\/uploads\/2025\/09\/JS-4240-Pump.mp4?_=1\" \/><a href=\"https:\/\/panwinjet.com\/wp-content\/uploads\/2025\/09\/JS-4240-Pump.mp4\">https:\/\/panwinjet.com\/wp-content\/uploads\/2025\/09\/JS-4240-Pump.mp4<\/a><\/video><\/div>","protected":false},"excerpt":{"rendered":"<p>3. Caracter\u00edstica del producto y aplicaci\u00f3n de las piezas de la m\u00e1quina de limpieza Hydro Jet V\u00e1lvula reguladora ajustable manualmente<br \/>\nLe suministramos las piezas de la m\u00e1quina de limpieza Hydro Jet. La v\u00e1lvula reguladora ajustable manualmente se utiliza para la unidad Jetstream est\u00e1ndar de extremo de fluido Jetstream 40 kpsi, es una v\u00e1lvula de derivaci\u00f3n \u00fanica y extraordinariamente avanzada, y tiene estas caracter\u00edsticas superiores:<br \/>\nCaracter\u00edsticas:<br \/>\n1: Dise\u00f1o de cartucho reemplazable en campo para un tiempo de inactividad m\u00ednimo<br \/>\n2: Ajuste manual: no se necesita llave.<br \/>\n3: Todos los componentes sometidos a presi\u00f3n est\u00e1n mecanizados con precisi\u00f3n a partir de acero inoxidable.<br \/>\n4: El modelo de montaje en el lado de la bomba se monta directamente en el colector del extremo del fluido utilizando un niple de puerto macho de 40Kpsi.<\/p>\n<p>&nbsp;<\/p>\n<p>4. Detalles del producto de las piezas de la m\u00e1quina de limpieza Hydro Jet V\u00e1lvula reguladora ajustable manualmente<br \/>\nPara esta m\u00e1quina de limpieza Hydro Jet, la v\u00e1lvula reguladora ajustable manualmente es el dise\u00f1o avanzado para la unidad est\u00e1ndar de extremo de fluido Jetstream 40kpsi, se conecta con el man\u00f3metro y el soporte, es una v\u00e1lvula de derivaci\u00f3n de gran ayuda para el proceso de limpieza Hydro Jet.<\/p>\n<p>&nbsp;<\/p>\n<p>Solicitud:<\/p>\n<p>Solicitud:<br \/>\nPiezas de repuesto para equipos de limpieza de bombas de \u00e9mbolo triplex UHP de 3000 bar para astilleros. Robot de preparaci\u00f3n de superficies para barras de pulverizaci\u00f3n Hammelmann.<br \/>\nChorro de agua a presi\u00f3n por agua para la industria del hierro, el acero y los metales<br \/>\nIngenier\u00eda mec\u00e1nica y de aparatos para hidrolavadoras de alta presi\u00f3n<br \/>\nIndustria del cemento y el hormig\u00f3n<br \/>\nLimpieza de superficies con barracuda de alta presi\u00f3n<br \/>\nPiezas para equipos de limpieza UHP Hydro Jet<br \/>\nBarras pulverizadoras de limpieza industrial<br \/>\nM\u00e1quina de hidrolavado para la industria de refinaci\u00f3n de petr\u00f3leo<br \/>\nLimpieza de superficies con chorro de agua a presi\u00f3n, limpieza de tanques y recipientes.<br \/>\nLimpieza del intercambiador de calor,<br \/>\nLimpieza de pintura de autom\u00f3viles, limpieza de la industria minera, limpieza de f\u00e1bricas de acero, etc.<br \/>\nEquipos de limpieza de alcantarillado de alta presi\u00f3n para redes de tuber\u00edas municipales de suministro de agua y drenaje;<\/p>","protected":false},"featured_media":639,"template":"","meta":[],"product_brand":[],"product_cat":[7],"product_tag":[],"class_list":{"0":"post-638","1":"product","2":"type-product","3":"status-publish","4":"has-post-thumbnail","6":"product_cat-jetstream-pump-fluid-end-compatibe-parts","8":"first","9":"instock","10":"shipping-taxable","11":"product-type-simple"},"yoast_head":"<!-- This site is optimized with the Yoast SEO plugin v24.9 - https:\/\/yoast.com\/wordpress\/plugins\/seo\/ -->\n<title>2800Bar 40Kpsi Hydro Jet cleaning machine parts Hand Adjustable Regulator Valve - Panwin Machinery&amp;Equipment<\/title>\n<meta name=\"robots\" content=\"index, follow, max-snippet:-1, max-image-preview:large, max-video-preview:-1\" \/>\n<link rel=\"canonical\" href=\"https:\/\/panwinjet.com\/es\/producto\/2800bar-40kpsi-hydro-jet-cleaning-machine-parts-hand-adjustable-regulator-valve\/\" \/>\n<meta property=\"og:locale\" content=\"es_ES\" \/>\n<meta property=\"og:type\" content=\"article\" \/>\n<meta property=\"og:title\" content=\"2800Bar 40Kpsi Hydro Jet cleaning machine parts Hand Adjustable Regulator Valve - Panwin Machinery&amp;Equipment\" \/>\n<meta property=\"og:description\" content=\"3.Product Feature And Application of Hydro Jet cleaning machine parts Hand Adjustable Regulator Valve We Supply you the Hydro Jet cleaning machine parts Hand Adjustable Regulator Valve is used for the Jetstream 40kpsi Fluid End standard Jetstream unit, it is unique and outstandingly advanced bypass Valve, and it has these superior features: Features: 1: Field-replaceable cartridge design for minimal downtime 2:Hand adjustment-no wrench needed 3:All pressure-bearing components are precision machined from stainless steel 4:Pump-side mount model mounts directly to the fluid end manifold using 40Kpsi male port nipple.  &nbsp;  4.Product Details of Hydro Jet cleaning machine parts Hand Adjustable Regulator Valve For this Hydro Jet cleaning machine parts Hand Adjustable Regulator Valve is the advanced design for the Jetstream 40kpsi Fluid End standard unit,it connected with the pressure gauge and support, it is great-help bypass valve for hydro jet cleaning process.  &nbsp;  Application:  Application: UHP 3000Bar UHP triplex plunger pump cleaning equipment parts Shipyard Surface preparation Robot for Hammelmann Spraying Bar Hydro Jet blaster Iron, Steel And Metal Industry high pressure waterblaster Mechanical and Apparatus Engineering Cements and Concrete Industry high pressure barracuda Surface cleaning UHP hydro Jet cleaning equipment parts Industrial Cleaning Spray Bars hydro blasting machine for petroleum refining industry Hydro Jet Surface Cleaning,Tank&amp;Vessel Cleaning, Heat Exchange Cleaning, Automotive Painting cleaning Mining industry cleaning Steel manufacture cleaning etc. High pressure sewer cleaning equipment for municipal pipe networks water supply and drainage pipelines;\" \/>\n<meta property=\"og:url\" content=\"https:\/\/panwinjet.com\/es\/producto\/2800bar-40kpsi-hydro-jet-cleaning-machine-parts-hand-adjustable-regulator-valve\/\" \/>\n<meta property=\"og:site_name\" content=\"Panwin Machinery&amp;Equipment\" \/>\n<meta property=\"og:image\" content=\"https:\/\/panwinjet.com\/wp-content\/uploads\/2025\/09\/40-Hand-Control-Valve-900x1200.png\" \/>\n\t<meta property=\"og:image:width\" content=\"900\" \/>\n\t<meta property=\"og:image:height\" content=\"1200\" \/>\n\t<meta property=\"og:image:type\" content=\"image\/png\" \/>\n<meta name=\"twitter:card\" content=\"summary_large_image\" \/>\n<meta name=\"twitter:label1\" content=\"Tiempo de lectura\" \/>\n\t<meta name=\"twitter:data1\" content=\"1 minuto\" \/>\n<script type=\"application\/ld+json\" class=\"yoast-schema-graph\">{\"@context\":\"https:\/\/schema.org\",\"@graph\":[{\"@type\":\"WebPage\",\"@id\":\"https:\/\/panwinjet.com\/product\/2800bar-40kpsi-hydro-jet-cleaning-machine-parts-hand-adjustable-regulator-valve\/\",\"url\":\"https:\/\/panwinjet.com\/product\/2800bar-40kpsi-hydro-jet-cleaning-machine-parts-hand-adjustable-regulator-valve\/\",\"name\":\"2800Bar 40Kpsi Hydro Jet cleaning machine parts Hand Adjustable Regulator Valve - Panwin Machinery&amp;Equipment\",\"isPartOf\":{\"@id\":\"https:\/\/panwinjet.com\/#website\"},\"primaryImageOfPage\":{\"@id\":\"https:\/\/panwinjet.com\/product\/2800bar-40kpsi-hydro-jet-cleaning-machine-parts-hand-adjustable-regulator-valve\/#primaryimage\"},\"image\":{\"@id\":\"https:\/\/panwinjet.com\/product\/2800bar-40kpsi-hydro-jet-cleaning-machine-parts-hand-adjustable-regulator-valve\/#primaryimage\"},\"thumbnailUrl\":\"https:\/\/panwinjet.com\/wp-content\/uploads\/2025\/09\/40-Hand-Control-Valve-scaled.png\",\"datePublished\":\"2025-09-19T07:01:29+00:00\",\"breadcrumb\":{\"@id\":\"https:\/\/panwinjet.com\/product\/2800bar-40kpsi-hydro-jet-cleaning-machine-parts-hand-adjustable-regulator-valve\/#breadcrumb\"},\"inLanguage\":\"es\",\"potentialAction\":[{\"@type\":\"ReadAction\",\"target\":[\"https:\/\/panwinjet.com\/product\/2800bar-40kpsi-hydro-jet-cleaning-machine-parts-hand-adjustable-regulator-valve\/\"]}]},{\"@type\":\"ImageObject\",\"inLanguage\":\"es\",\"@id\":\"https:\/\/panwinjet.com\/product\/2800bar-40kpsi-hydro-jet-cleaning-machine-parts-hand-adjustable-regulator-valve\/#primaryimage\",\"url\":\"https:\/\/panwinjet.com\/wp-content\/uploads\/2025\/09\/40-Hand-Control-Valve-scaled.png\",\"contentUrl\":\"https:\/\/panwinjet.com\/wp-content\/uploads\/2025\/09\/40-Hand-Control-Valve-scaled.png\",\"width\":1920,\"height\":2560},{\"@type\":\"BreadcrumbList\",\"@id\":\"https:\/\/panwinjet.com\/product\/2800bar-40kpsi-hydro-jet-cleaning-machine-parts-hand-adjustable-regulator-valve\/#breadcrumb\",\"itemListElement\":[{\"@type\":\"ListItem\",\"position\":1,\"name\":\"\u9996\u9875\",\"item\":\"https:\/\/panwinjet.com\/\"},{\"@type\":\"ListItem\",\"position\":2,\"name\":\"PRODUCT\",\"item\":\"https:\/\/panwinjet.com\/product\/\"},{\"@type\":\"ListItem\",\"position\":3,\"name\":\"2800Bar 40Kpsi Hydro Jet cleaning machine parts Hand Adjustable Regulator Valve\"}]},{\"@type\":\"WebSite\",\"@id\":\"https:\/\/panwinjet.com\/#website\",\"url\":\"https:\/\/panwinjet.com\/\",\"name\":\"Panwin Machinery&amp;Equipment\",\"description\":\"Shenzhen Panwin Machinery&amp;Equipment Co.Ltd\",\"potentialAction\":[{\"@type\":\"SearchAction\",\"target\":{\"@type\":\"EntryPoint\",\"urlTemplate\":\"https:\/\/panwinjet.com\/?s={search_term_string}\"},\"query-input\":{\"@type\":\"PropertyValueSpecification\",\"valueRequired\":true,\"valueName\":\"search_term_string\"}}],\"inLanguage\":\"es\"}]}<\/script>\n<!-- \/ Yoast SEO plugin. -->","yoast_head_json":{"title":"2800Bar 40Kpsi Hydro Jet cleaning machine parts Hand Adjustable Regulator Valve - Panwin Machinery&amp;Equipment","robots":{"index":"index","follow":"follow","max-snippet":"max-snippet:-1","max-image-preview":"max-image-preview:large","max-video-preview":"max-video-preview:-1"},"canonical":"https:\/\/panwinjet.com\/es\/producto\/2800bar-40kpsi-hydro-jet-cleaning-machine-parts-hand-adjustable-regulator-valve\/","og_locale":"es_ES","og_type":"article","og_title":"2800Bar 40Kpsi Hydro Jet cleaning machine parts Hand Adjustable Regulator Valve - Panwin Machinery&amp;Equipment","og_description":"3.Product Feature And Application of Hydro Jet cleaning machine parts Hand Adjustable Regulator Valve We Supply you the Hydro Jet cleaning machine parts Hand Adjustable Regulator Valve is used for the Jetstream 40kpsi Fluid End standard Jetstream unit, it is unique and outstandingly advanced bypass Valve, and it has these superior features: Features: 1: Field-replaceable cartridge design for minimal downtime 2:Hand adjustment-no wrench needed 3:All pressure-bearing components are precision machined from stainless steel 4:Pump-side mount model mounts directly to the fluid end manifold using 40Kpsi male port nipple.  &nbsp;  4.Product Details of Hydro Jet cleaning machine parts Hand Adjustable Regulator Valve For this Hydro Jet cleaning machine parts Hand Adjustable Regulator Valve is the advanced design for the Jetstream 40kpsi Fluid End standard unit,it connected with the pressure gauge and support, it is great-help bypass valve for hydro jet cleaning process.  &nbsp;  Application:  Application: UHP 3000Bar UHP triplex plunger pump cleaning equipment parts Shipyard Surface preparation Robot for Hammelmann Spraying Bar Hydro Jet blaster Iron, Steel And Metal Industry high pressure waterblaster Mechanical and Apparatus Engineering Cements and Concrete Industry high pressure barracuda Surface cleaning UHP hydro Jet cleaning equipment parts Industrial Cleaning Spray Bars hydro blasting machine for petroleum refining industry Hydro Jet Surface Cleaning,Tank&amp;Vessel Cleaning, Heat Exchange Cleaning, Automotive Painting cleaning Mining industry cleaning Steel manufacture cleaning etc. High pressure sewer cleaning equipment for municipal pipe networks water supply and drainage pipelines;","og_url":"https:\/\/panwinjet.com\/es\/producto\/2800bar-40kpsi-hydro-jet-cleaning-machine-parts-hand-adjustable-regulator-valve\/","og_site_name":"Panwin Machinery&amp;Equipment","og_image":[{"width":900,"height":1200,"url":"https:\/\/panwinjet.com\/wp-content\/uploads\/2025\/09\/40-Hand-Control-Valve-900x1200.png","type":"image\/png"}],"twitter_card":"summary_large_image","twitter_misc":{"Tiempo de lectura":"1 minuto"},"schema":{"@context":"https:\/\/schema.org","@graph":[{"@type":"WebPage","@id":"https:\/\/panwinjet.com\/product\/2800bar-40kpsi-hydro-jet-cleaning-machine-parts-hand-adjustable-regulator-valve\/","url":"https:\/\/panwinjet.com\/product\/2800bar-40kpsi-hydro-jet-cleaning-machine-parts-hand-adjustable-regulator-valve\/","name":"2800Bar 40Kpsi Hydro Jet cleaning machine parts Hand Adjustable Regulator Valve - Panwin Machinery&amp;Equipment","isPartOf":{"@id":"https:\/\/panwinjet.com\/#website"},"primaryImageOfPage":{"@id":"https:\/\/panwinjet.com\/product\/2800bar-40kpsi-hydro-jet-cleaning-machine-parts-hand-adjustable-regulator-valve\/#primaryimage"},"image":{"@id":"https:\/\/panwinjet.com\/product\/2800bar-40kpsi-hydro-jet-cleaning-machine-parts-hand-adjustable-regulator-valve\/#primaryimage"},"thumbnailUrl":"https:\/\/panwinjet.com\/wp-content\/uploads\/2025\/09\/40-Hand-Control-Valve-scaled.png","datePublished":"2025-09-19T07:01:29+00:00","breadcrumb":{"@id":"https:\/\/panwinjet.com\/product\/2800bar-40kpsi-hydro-jet-cleaning-machine-parts-hand-adjustable-regulator-valve\/#breadcrumb"},"inLanguage":"es","potentialAction":[{"@type":"ReadAction","target":["https:\/\/panwinjet.com\/product\/2800bar-40kpsi-hydro-jet-cleaning-machine-parts-hand-adjustable-regulator-valve\/"]}]},{"@type":"ImageObject","inLanguage":"es","@id":"https:\/\/panwinjet.com\/product\/2800bar-40kpsi-hydro-jet-cleaning-machine-parts-hand-adjustable-regulator-valve\/#primaryimage","url":"https:\/\/panwinjet.com\/wp-content\/uploads\/2025\/09\/40-Hand-Control-Valve-scaled.png","contentUrl":"https:\/\/panwinjet.com\/wp-content\/uploads\/2025\/09\/40-Hand-Control-Valve-scaled.png","width":1920,"height":2560},{"@type":"BreadcrumbList","@id":"https:\/\/panwinjet.com\/product\/2800bar-40kpsi-hydro-jet-cleaning-machine-parts-hand-adjustable-regulator-valve\/#breadcrumb","itemListElement":[{"@type":"ListItem","position":1,"name":"\u9996\u9875","item":"https:\/\/panwinjet.com\/"},{"@type":"ListItem","position":2,"name":"PRODUCT","item":"https:\/\/panwinjet.com\/product\/"},{"@type":"ListItem","position":3,"name":"2800Bar 40Kpsi Hydro Jet cleaning machine parts Hand Adjustable Regulator Valve"}]},{"@type":"WebSite","@id":"https:\/\/panwinjet.com\/#website","url":"https:\/\/panwinjet.com\/","name":"Panwin Machinery&amp;Equipment","description":"Shenzhen Panwin Machinery&amp;Equipment Co.Ltd","potentialAction":[{"@type":"SearchAction","target":{"@type":"EntryPoint","urlTemplate":"https:\/\/panwinjet.com\/?s={search_term_string}"},"query-input":{"@type":"PropertyValueSpecification","valueRequired":true,"valueName":"search_term_string"}}],"inLanguage":"es"}]}},"_links":{"self":[{"href":"https:\/\/panwinjet.com\/es\/wp-json\/wp\/v2\/product\/638","targetHints":{"allow":["GET"]}}],"collection":[{"href":"https:\/\/panwinjet.com\/es\/wp-json\/wp\/v2\/product"}],"about":[{"href":"https:\/\/panwinjet.com\/es\/wp-json\/wp\/v2\/types\/product"}],"wp:featuredmedia":[{"embeddable":true,"href":"https:\/\/panwinjet.com\/es\/wp-json\/wp\/v2\/media\/639"}],"wp:attachment":[{"href":"https:\/\/panwinjet.com\/es\/wp-json\/wp\/v2\/media?parent=638"}],"wp:term":[{"taxonomy":"product_brand","embeddable":true,"href":"https:\/\/panwinjet.com\/es\/wp-json\/wp\/v2\/product_brand?post=638"},{"taxonomy":"product_cat","embeddable":true,"href":"https:\/\/panwinjet.com\/es\/wp-json\/wp\/v2\/product_cat?post=638"},{"taxonomy":"product_tag","embeddable":true,"href":"https:\/\/panwinjet.com\/es\/wp-json\/wp\/v2\/product_tag?post=638"}],"curies":[{"name":"wp","href":"https:\/\/api.w.org\/{rel}","templated":true}]}}