{"id":631,"date":"2025-09-19T06:50:47","date_gmt":"2025-09-19T06:50:47","guid":{"rendered":"https:\/\/panwinjet.com\/?post_type=product&#038;p=631"},"modified":"2025-09-19T06:50:47","modified_gmt":"2025-09-19T06:50:47","slug":"uhp-40k-water-jet-petrochemical-industry-cleaning-machine-parts-4240-pressure-gauge","status":"publish","type":"product","link":"https:\/\/panwinjet.com\/es\/producto\/uhp-40k-water-jet-petrochemical-industry-cleaning-machine-parts-4240-pressure-gauge\/","title":{"rendered":"Piezas de m\u00e1quinas de limpieza para la industria petroqu\u00edmica con chorro de agua UHP 40K, man\u00f3metro 4240"},"content":{"rendered":"<p>1. Introducci\u00f3n del producto: Piezas para m\u00e1quinas de limpieza por chorro de agua en la industria petroqu\u00edmica. Man\u00f3metro 4240.<br \/>\nEn Panwin, suministramos piezas para m\u00e1quinas de limpieza por chorro de agua para la industria petroqu\u00edmica, incluyendo un man\u00f3metro fiable de calidad 4240 para garantizar un funcionamiento seguro y eficaz del proceso de limpieza por chorro de agua.<\/p>\n<p>&nbsp;<\/p>\n<p>2. Par\u00e1metros del producto (especificaciones) del man\u00f3metro 4240 para piezas de m\u00e1quinas de limpieza por chorro de agua en la industria petroqu\u00edmica<br \/>\nEste man\u00f3metro 4240 para piezas de m\u00e1quinas de limpieza por chorro de agua en la industria petroqu\u00edmica tiene una conexi\u00f3n de entrada de 9\/16\u2033 HP macho y una presi\u00f3n m\u00e1xima de 4000 bar, con las siguientes especificaciones:<\/p>","protected":false},"excerpt":{"rendered":"<p>3. Caracter\u00edsticas y aplicaciones del man\u00f3metro 4240 para piezas de m\u00e1quinas de limpieza por chorro de agua en la industria petroqu\u00edmica<br \/>\nEste man\u00f3metro 4240, pieza para m\u00e1quinas de limpieza de la industria petroqu\u00edmica por chorro de agua, se utiliza para la unidad est\u00e1ndar de extremo de fluido Jetstream de 40 kpsi y cuenta con varias caracter\u00edsticas destacadas:<br \/>\nCaracter\u00edstica:<br \/>\n1: Esfera de alta visibilidad de 4&quot; con cubierta de dial de cristal de seguridad laminado<br \/>\n2: Relleno de glicerina para protecci\u00f3n contra pulsaciones y vibraciones<br \/>\n3: V\u00e1lvula de alivio de presi\u00f3n en el panel posterior para m\u00e1xima seguridad<br \/>\n4: Ajuste a cero del puntero<\/p>\n<p>&nbsp;<\/p>\n<p>Solicitud:<\/p>\n<p>Solicitud:<br \/>\nPiezas de repuesto para equipos de limpieza de bombas de \u00e9mbolo triplex UHP de 3000 bar para astilleros. Robot de preparaci\u00f3n de superficies para barras de pulverizaci\u00f3n Hammelmann.<br \/>\nChorro de agua a presi\u00f3n por agua para la industria del hierro, el acero y los metales<br \/>\nIngenier\u00eda mec\u00e1nica y de aparatos para hidrolavadoras de alta presi\u00f3n<br \/>\nIndustria del cemento y el hormig\u00f3n<br \/>\nLimpieza de superficies con barracuda de alta presi\u00f3n<br \/>\nPiezas para equipos de limpieza UHP Hydro Jet<br \/>\nBarras pulverizadoras de limpieza industrial<br \/>\nM\u00e1quina de hidrolavado para la industria de refinaci\u00f3n de petr\u00f3leo<br \/>\nLimpieza de superficies con chorro de agua a presi\u00f3n, limpieza de tanques y recipientes.<br \/>\nLimpieza del intercambiador de calor,<br \/>\nLimpieza de pintura de autom\u00f3viles, limpieza de la industria minera, limpieza de f\u00e1bricas de acero, etc.<br \/>\nEquipos de limpieza de alcantarillado de alta presi\u00f3n para redes de tuber\u00edas municipales de suministro de agua y drenaje;<\/p>","protected":false},"featured_media":-1,"template":"","meta":[],"product_brand":[],"product_cat":[7],"product_tag":[],"class_list":{"0":"post-631","1":"product","2":"type-product","3":"status-publish","4":"has-post-thumbnail","6":"product_cat-jetstream-pump-fluid-end-compatibe-parts","8":"first","9":"instock","10":"shipping-taxable","11":"product-type-simple"},"yoast_head":"<!-- This site is optimized with the Yoast SEO plugin v24.9 - https:\/\/yoast.com\/wordpress\/plugins\/seo\/ -->\n<title>UHP 40K Water Jet Petrochemical industry cleaning machine parts 4240 Pressure Gauge - Panwin Machinery&amp;Equipment<\/title>\n<meta name=\"robots\" content=\"index, follow, max-snippet:-1, max-image-preview:large, max-video-preview:-1\" \/>\n<link rel=\"canonical\" href=\"https:\/\/panwinjet.com\/es\/producto\/uhp-40k-water-jet-petrochemical-industry-cleaning-machine-parts-4240-pressure-gauge\/\" \/>\n<meta property=\"og:locale\" content=\"es_ES\" \/>\n<meta property=\"og:type\" content=\"article\" \/>\n<meta property=\"og:title\" content=\"UHP 40K Water Jet Petrochemical industry cleaning machine parts 4240 Pressure Gauge - Panwin Machinery&amp;Equipment\" \/>\n<meta property=\"og:description\" content=\"3.Product Feature And Application of Water Jet Petrochemical industry cleaning machine parts 4240 Pressure Gauge This Water Jet Petrochemical industry cleaning machine parts 4240 Pressure Gauge is used for The Jetstream 40kpsi Fluid End standard Unit,it has several outstanding features: Feature: 1: 4&quot; high visibility face with laminated safety glass dial cover 2: Glycerin-filled for protection against pulsation and vibration 3:Blow-out back panel pressure relief for maximum safety 4:Pointer zero adjustment  &nbsp;  Application:  Application: UHP 3000Bar UHP triplex plunger pump cleaning equipment parts Shipyard Surface preparation Robot for Hammelmann Spraying Bar Hydro Jet blaster Iron, Steel And Metal Industry high pressure waterblaster Mechanical and Apparatus Engineering Cements and Concrete Industry high pressure barracuda Surface cleaning UHP hydro Jet cleaning equipment parts Industrial Cleaning Spray Bars hydro blasting machine for petroleum refining industry Hydro Jet Surface Cleaning,Tank&amp;Vessel Cleaning, Heat Exchange Cleaning, Automotive Painting cleaning Mining industry cleaning Steel manufacture cleaning etc. High pressure sewer cleaning equipment for municipal pipe networks water supply and drainage pipelines;\" \/>\n<meta property=\"og:url\" content=\"https:\/\/panwinjet.com\/es\/producto\/uhp-40k-water-jet-petrochemical-industry-cleaning-machine-parts-4240-pressure-gauge\/\" \/>\n<meta property=\"og:site_name\" content=\"Panwin Machinery&amp;Equipment\" \/>\n<meta name=\"twitter:card\" content=\"summary_large_image\" \/>\n<meta name=\"twitter:label1\" content=\"Tiempo de lectura\" \/>\n\t<meta name=\"twitter:data1\" content=\"1 minuto\" \/>\n<script type=\"application\/ld+json\" class=\"yoast-schema-graph\">{\"@context\":\"https:\/\/schema.org\",\"@graph\":[{\"@type\":\"WebPage\",\"@id\":\"https:\/\/panwinjet.com\/product\/uhp-40k-water-jet-petrochemical-industry-cleaning-machine-parts-4240-pressure-gauge\/\",\"url\":\"https:\/\/panwinjet.com\/product\/uhp-40k-water-jet-petrochemical-industry-cleaning-machine-parts-4240-pressure-gauge\/\",\"name\":\"UHP 40K Water Jet Petrochemical industry cleaning machine parts 4240 Pressure Gauge - Panwin Machinery&amp;Equipment\",\"isPartOf\":{\"@id\":\"https:\/\/panwinjet.com\/#website\"},\"datePublished\":\"2025-09-19T06:50:47+00:00\",\"breadcrumb\":{\"@id\":\"https:\/\/panwinjet.com\/product\/uhp-40k-water-jet-petrochemical-industry-cleaning-machine-parts-4240-pressure-gauge\/#breadcrumb\"},\"inLanguage\":\"es\",\"potentialAction\":[{\"@type\":\"ReadAction\",\"target\":[\"https:\/\/panwinjet.com\/product\/uhp-40k-water-jet-petrochemical-industry-cleaning-machine-parts-4240-pressure-gauge\/\"]}]},{\"@type\":\"BreadcrumbList\",\"@id\":\"https:\/\/panwinjet.com\/product\/uhp-40k-water-jet-petrochemical-industry-cleaning-machine-parts-4240-pressure-gauge\/#breadcrumb\",\"itemListElement\":[{\"@type\":\"ListItem\",\"position\":1,\"name\":\"\u9996\u9875\",\"item\":\"https:\/\/panwinjet.com\/\"},{\"@type\":\"ListItem\",\"position\":2,\"name\":\"PRODUCT\",\"item\":\"https:\/\/panwinjet.com\/product\/\"},{\"@type\":\"ListItem\",\"position\":3,\"name\":\"UHP 40K Water Jet Petrochemical industry cleaning machine parts 4240 Pressure Gauge\"}]},{\"@type\":\"WebSite\",\"@id\":\"https:\/\/panwinjet.com\/#website\",\"url\":\"https:\/\/panwinjet.com\/\",\"name\":\"Panwin Machinery&amp;Equipment\",\"description\":\"Shenzhen Panwin Machinery&amp;Equipment Co.Ltd\",\"potentialAction\":[{\"@type\":\"SearchAction\",\"target\":{\"@type\":\"EntryPoint\",\"urlTemplate\":\"https:\/\/panwinjet.com\/?s={search_term_string}\"},\"query-input\":{\"@type\":\"PropertyValueSpecification\",\"valueRequired\":true,\"valueName\":\"search_term_string\"}}],\"inLanguage\":\"es\"}]}<\/script>\n<!-- \/ Yoast SEO plugin. -->","yoast_head_json":{"title":"UHP 40K Water Jet Petrochemical industry cleaning machine parts 4240 Pressure Gauge - Panwin Machinery&amp;Equipment","robots":{"index":"index","follow":"follow","max-snippet":"max-snippet:-1","max-image-preview":"max-image-preview:large","max-video-preview":"max-video-preview:-1"},"canonical":"https:\/\/panwinjet.com\/es\/producto\/uhp-40k-water-jet-petrochemical-industry-cleaning-machine-parts-4240-pressure-gauge\/","og_locale":"es_ES","og_type":"article","og_title":"UHP 40K Water Jet Petrochemical industry cleaning machine parts 4240 Pressure Gauge - Panwin Machinery&amp;Equipment","og_description":"3.Product Feature And Application of Water Jet Petrochemical industry cleaning machine parts 4240 Pressure Gauge This Water Jet Petrochemical industry cleaning machine parts 4240 Pressure Gauge is used for The Jetstream 40kpsi Fluid End standard Unit,it has several outstanding features: Feature: 1: 4\" high visibility face with laminated safety glass dial cover 2: Glycerin-filled for protection against pulsation and vibration 3:Blow-out back panel pressure relief for maximum safety 4:Pointer zero adjustment  &nbsp;  Application:  Application: UHP 3000Bar UHP triplex plunger pump cleaning equipment parts Shipyard Surface preparation Robot for Hammelmann Spraying Bar Hydro Jet blaster Iron, Steel And Metal Industry high pressure waterblaster Mechanical and Apparatus Engineering Cements and Concrete Industry high pressure barracuda Surface cleaning UHP hydro Jet cleaning equipment parts Industrial Cleaning Spray Bars hydro blasting machine for petroleum refining industry Hydro Jet Surface Cleaning,Tank&amp;Vessel Cleaning, Heat Exchange Cleaning, Automotive Painting cleaning Mining industry cleaning Steel manufacture cleaning etc. High pressure sewer cleaning equipment for municipal pipe networks water supply and drainage pipelines;","og_url":"https:\/\/panwinjet.com\/es\/producto\/uhp-40k-water-jet-petrochemical-industry-cleaning-machine-parts-4240-pressure-gauge\/","og_site_name":"Panwin Machinery&amp;Equipment","twitter_card":"summary_large_image","twitter_misc":{"Tiempo de lectura":"1 minuto"},"schema":{"@context":"https:\/\/schema.org","@graph":[{"@type":"WebPage","@id":"https:\/\/panwinjet.com\/product\/uhp-40k-water-jet-petrochemical-industry-cleaning-machine-parts-4240-pressure-gauge\/","url":"https:\/\/panwinjet.com\/product\/uhp-40k-water-jet-petrochemical-industry-cleaning-machine-parts-4240-pressure-gauge\/","name":"UHP 40K Water Jet Petrochemical industry cleaning machine parts 4240 Pressure Gauge - Panwin Machinery&amp;Equipment","isPartOf":{"@id":"https:\/\/panwinjet.com\/#website"},"datePublished":"2025-09-19T06:50:47+00:00","breadcrumb":{"@id":"https:\/\/panwinjet.com\/product\/uhp-40k-water-jet-petrochemical-industry-cleaning-machine-parts-4240-pressure-gauge\/#breadcrumb"},"inLanguage":"es","potentialAction":[{"@type":"ReadAction","target":["https:\/\/panwinjet.com\/product\/uhp-40k-water-jet-petrochemical-industry-cleaning-machine-parts-4240-pressure-gauge\/"]}]},{"@type":"BreadcrumbList","@id":"https:\/\/panwinjet.com\/product\/uhp-40k-water-jet-petrochemical-industry-cleaning-machine-parts-4240-pressure-gauge\/#breadcrumb","itemListElement":[{"@type":"ListItem","position":1,"name":"\u9996\u9875","item":"https:\/\/panwinjet.com\/"},{"@type":"ListItem","position":2,"name":"PRODUCT","item":"https:\/\/panwinjet.com\/product\/"},{"@type":"ListItem","position":3,"name":"UHP 40K Water Jet Petrochemical industry cleaning machine parts 4240 Pressure Gauge"}]},{"@type":"WebSite","@id":"https:\/\/panwinjet.com\/#website","url":"https:\/\/panwinjet.com\/","name":"Panwin Machinery&amp;Equipment","description":"Shenzhen Panwin Machinery&amp;Equipment Co.Ltd","potentialAction":[{"@type":"SearchAction","target":{"@type":"EntryPoint","urlTemplate":"https:\/\/panwinjet.com\/?s={search_term_string}"},"query-input":{"@type":"PropertyValueSpecification","valueRequired":true,"valueName":"search_term_string"}}],"inLanguage":"es"}]}},"_links":{"self":[{"href":"https:\/\/panwinjet.com\/es\/wp-json\/wp\/v2\/product\/631","targetHints":{"allow":["GET"]}}],"collection":[{"href":"https:\/\/panwinjet.com\/es\/wp-json\/wp\/v2\/product"}],"about":[{"href":"https:\/\/panwinjet.com\/es\/wp-json\/wp\/v2\/types\/product"}],"wp:featuredmedia":[{"embeddable":true,"href":"https:\/\/panwinjet.com\/es\/wp-json\/"}],"wp:attachment":[{"href":"https:\/\/panwinjet.com\/es\/wp-json\/wp\/v2\/media?parent=631"}],"wp:term":[{"taxonomy":"product_brand","embeddable":true,"href":"https:\/\/panwinjet.com\/es\/wp-json\/wp\/v2\/product_brand?post=631"},{"taxonomy":"product_cat","embeddable":true,"href":"https:\/\/panwinjet.com\/es\/wp-json\/wp\/v2\/product_cat?post=631"},{"taxonomy":"product_tag","embeddable":true,"href":"https:\/\/panwinjet.com\/es\/wp-json\/wp\/v2\/product_tag?post=631"}],"curies":[{"name":"wp","href":"https:\/\/api.w.org\/{rel}","templated":true}]}}