{"id":624,"date":"2025-09-19T06:44:23","date_gmt":"2025-09-19T06:44:23","guid":{"rendered":"https:\/\/panwinjet.com\/?post_type=product&#038;p=624"},"modified":"2025-09-19T06:44:23","modified_gmt":"2025-09-19T06:44:23","slug":"uhp-2800bar-40k-water-jet-steel-industry-cleaning-machine-components-4240-plunger","status":"publish","type":"product","link":"https:\/\/panwinjet.com\/es\/producto\/uhp-2800bar-40k-water-jet-steel-industry-cleaning-machine-components-4240-plunger\/","title":{"rendered":"Componentes de m\u00e1quinas de limpieza de acero con chorro de agua UHP 2800 Bar 40K 4240"},"content":{"rendered":"<p>1. Introducci\u00f3n del producto de los componentes de la m\u00e1quina de limpieza de la industria del acero con chorro de agua 4240 \u00c9mbolo<br \/>\nEstos componentes de la m\u00e1quina de limpieza industrial de acero con chorro de agua 4240 Plunger se aplican a la unidad Jetstream est\u00e1ndar de extremo de fluido Jetstream de 40 kpsi o a la bomba de eje desnudo.<br \/>\nEstos 4240 \u00c9mbolo tenemos 5 modelos, respectivamente \u00c9mbolo JS #6,#7,#8,#8HF,#9, compatibles con Jetstream Piezas No.Jetstream 53561, Jetstream 53562, Jetstream 53563, Jetstream 64839, Jetstream 64836.<\/p>\n<p>&nbsp;<\/p>\n<p>2. Par\u00e1metros del producto (especificaci\u00f3n) de los componentes de la m\u00e1quina de limpieza de la industria del acero con chorro de agua 4240 \u00c9mbolo<br \/>\nEl \u00e9mbolo 4240, componente de la m\u00e1quina de limpieza por chorro de agua para la industria del acero, est\u00e1 fijado con abrazaderas, no roscado. Esto facilita el mantenimiento, reduce el tiempo de inactividad y mantiene un alto rendimiento. Estos \u00e9mbolos 4240 (#6, #7, #8, #8HF y #9) est\u00e1n fabricados en acero inoxidable de alta calidad y alta densidad. Estas piezas cuentan con un a\u00f1o de garant\u00eda, lo que garantiza la alta calidad a nuestros clientes.<\/p>\n<div style=\"width: 544px;\" class=\"wp-video\"><video class=\"wp-video-shortcode\" id=\"video-624-1\" width=\"544\" height=\"960\" preload=\"metadata\" controls=\"controls\"><source type=\"video\/mp4\" src=\"https:\/\/panwinjet.com\/wp-content\/uploads\/2025\/09\/JS-4240-Pump.mp4?_=1\" \/><a href=\"https:\/\/panwinjet.com\/wp-content\/uploads\/2025\/09\/JS-4240-Pump.mp4\">https:\/\/panwinjet.com\/wp-content\/uploads\/2025\/09\/JS-4240-Pump.mp4<\/a><\/video><\/div>","protected":false},"excerpt":{"rendered":"<p>3. Caracter\u00edsticas del producto y aplicaci\u00f3n de los componentes de la m\u00e1quina de limpieza de la industria del acero con chorro de agua 4240 \u00c9mbolo<br \/>\nNosotros, Panwin, le suministramos componentes para m\u00e1quinas de limpieza de la industria del acero con chorro de agua. El \u00e9mbolo 4240 tiene un dise\u00f1o avanzado y est\u00e1 sujeto con abrazaderas, NO roscado, y de hecho, esta unidad Jetstream est\u00e1ndar con extremo de fluido Jetstream de 40 kpsi tiene muchas caracter\u00edsticas avanzadas. Solo enumeramos algunas de ellas.<\/p>\n<p>La caracter\u00edstica ventajosa:<br \/>\nA: F\u00e1cil servicio: c\u00f3modo cambio de cartucho de v\u00e1lvula emergente<br \/>\nB:Dise\u00f1o sencillo: Menos piezas que otros extremos fluidos de 40k.<br \/>\nC: \u00c9mbolos y bujes de \u00e9mbolo de carburo s\u00f3lido<\/p>\n<p>Solicitud:<br \/>\nLos componentes de la m\u00e1quina de limpieza de la industria del acero con chorro de agua de la serie 4240 Plunger son las partes de la bomba de \u00e9mbolo triplex 4240, esta poderosa bomba se puede utilizar en la limpieza general de superficies, limpieza de tuber\u00edas, limpieza de intercambio de calor, pintura hidr\u00e1ulica y limpieza de \u00f3xido, etc.<\/p>","protected":false},"featured_media":-1,"template":"","meta":[],"product_brand":[],"product_cat":[7],"product_tag":[],"class_list":{"0":"post-624","1":"product","2":"type-product","3":"status-publish","4":"has-post-thumbnail","6":"product_cat-jetstream-pump-fluid-end-compatibe-parts","8":"first","9":"instock","10":"shipping-taxable","11":"product-type-simple"},"yoast_head":"<!-- This site is optimized with the Yoast SEO plugin v24.9 - https:\/\/yoast.com\/wordpress\/plugins\/seo\/ -->\n<title>UHP 2800Bar 40K Water Jet Steel industry cleaning machine components 4240 Plunger - Panwin Machinery&amp;Equipment<\/title>\n<meta name=\"robots\" content=\"index, follow, max-snippet:-1, max-image-preview:large, max-video-preview:-1\" \/>\n<link rel=\"canonical\" href=\"https:\/\/panwinjet.com\/es\/producto\/uhp-2800bar-40k-water-jet-steel-industry-cleaning-machine-components-4240-plunger\/\" \/>\n<meta property=\"og:locale\" content=\"es_ES\" \/>\n<meta property=\"og:type\" content=\"article\" \/>\n<meta property=\"og:title\" content=\"UHP 2800Bar 40K Water Jet Steel industry cleaning machine components 4240 Plunger - Panwin Machinery&amp;Equipment\" \/>\n<meta property=\"og:description\" content=\"3.Product Feature And Application of Water Jet Steel industry cleaning machine components 4240 Plunger We Panwin Supply you Water Jet Steel industry cleaning machine components 4240 Plunger is advanced design, and it is Plungers clamped, NOT threaded, and in fact, this The Jetstream 40kpsi Fluid End standard Jetstream unit have many advanced features.We just list few of them.  The advantage characteristic: A:Easy service: convenient pop-out valve cartridge change B:simplicity design: Fewer parts than other 40k Fluid Ends. C:Solid carbide plungers and plunger bushings  Application: The Water Jet Steel industry cleaning machine components 4240 Plunger series are the parts of 4240 triplex plunger pump, this powerful pump can be used in the general surface cleaning, pipeline tubing cleaning, the heat-exchange cleaning, Hydro Painting &amp;Rust cleaning etc.\" \/>\n<meta property=\"og:url\" content=\"https:\/\/panwinjet.com\/es\/producto\/uhp-2800bar-40k-water-jet-steel-industry-cleaning-machine-components-4240-plunger\/\" \/>\n<meta property=\"og:site_name\" content=\"Panwin Machinery&amp;Equipment\" \/>\n<meta name=\"twitter:card\" content=\"summary_large_image\" \/>\n<meta name=\"twitter:label1\" content=\"Tiempo de lectura\" \/>\n\t<meta name=\"twitter:data1\" content=\"1 minuto\" \/>\n<script type=\"application\/ld+json\" class=\"yoast-schema-graph\">{\"@context\":\"https:\/\/schema.org\",\"@graph\":[{\"@type\":\"WebPage\",\"@id\":\"https:\/\/panwinjet.com\/product\/uhp-2800bar-40k-water-jet-steel-industry-cleaning-machine-components-4240-plunger\/\",\"url\":\"https:\/\/panwinjet.com\/product\/uhp-2800bar-40k-water-jet-steel-industry-cleaning-machine-components-4240-plunger\/\",\"name\":\"UHP 2800Bar 40K Water Jet Steel industry cleaning machine components 4240 Plunger - Panwin Machinery&amp;Equipment\",\"isPartOf\":{\"@id\":\"https:\/\/panwinjet.com\/#website\"},\"datePublished\":\"2025-09-19T06:44:23+00:00\",\"breadcrumb\":{\"@id\":\"https:\/\/panwinjet.com\/product\/uhp-2800bar-40k-water-jet-steel-industry-cleaning-machine-components-4240-plunger\/#breadcrumb\"},\"inLanguage\":\"es\",\"potentialAction\":[{\"@type\":\"ReadAction\",\"target\":[\"https:\/\/panwinjet.com\/product\/uhp-2800bar-40k-water-jet-steel-industry-cleaning-machine-components-4240-plunger\/\"]}]},{\"@type\":\"BreadcrumbList\",\"@id\":\"https:\/\/panwinjet.com\/product\/uhp-2800bar-40k-water-jet-steel-industry-cleaning-machine-components-4240-plunger\/#breadcrumb\",\"itemListElement\":[{\"@type\":\"ListItem\",\"position\":1,\"name\":\"\u9996\u9875\",\"item\":\"https:\/\/panwinjet.com\/\"},{\"@type\":\"ListItem\",\"position\":2,\"name\":\"PRODUCT\",\"item\":\"https:\/\/panwinjet.com\/product\/\"},{\"@type\":\"ListItem\",\"position\":3,\"name\":\"UHP 2800Bar 40K Water Jet Steel industry cleaning machine components 4240 Plunger\"}]},{\"@type\":\"WebSite\",\"@id\":\"https:\/\/panwinjet.com\/#website\",\"url\":\"https:\/\/panwinjet.com\/\",\"name\":\"Panwin Machinery&amp;Equipment\",\"description\":\"Shenzhen Panwin Machinery&amp;Equipment Co.Ltd\",\"potentialAction\":[{\"@type\":\"SearchAction\",\"target\":{\"@type\":\"EntryPoint\",\"urlTemplate\":\"https:\/\/panwinjet.com\/?s={search_term_string}\"},\"query-input\":{\"@type\":\"PropertyValueSpecification\",\"valueRequired\":true,\"valueName\":\"search_term_string\"}}],\"inLanguage\":\"es\"}]}<\/script>\n<!-- \/ Yoast SEO plugin. -->","yoast_head_json":{"title":"UHP 2800Bar 40K Water Jet Steel industry cleaning machine components 4240 Plunger - Panwin Machinery&amp;Equipment","robots":{"index":"index","follow":"follow","max-snippet":"max-snippet:-1","max-image-preview":"max-image-preview:large","max-video-preview":"max-video-preview:-1"},"canonical":"https:\/\/panwinjet.com\/es\/producto\/uhp-2800bar-40k-water-jet-steel-industry-cleaning-machine-components-4240-plunger\/","og_locale":"es_ES","og_type":"article","og_title":"UHP 2800Bar 40K Water Jet Steel industry cleaning machine components 4240 Plunger - Panwin Machinery&amp;Equipment","og_description":"3.Product Feature And Application of Water Jet Steel industry cleaning machine components 4240 Plunger We Panwin Supply you Water Jet Steel industry cleaning machine components 4240 Plunger is advanced design, and it is Plungers clamped, NOT threaded, and in fact, this The Jetstream 40kpsi Fluid End standard Jetstream unit have many advanced features.We just list few of them.  The advantage characteristic: A:Easy service: convenient pop-out valve cartridge change B:simplicity design: Fewer parts than other 40k Fluid Ends. C:Solid carbide plungers and plunger bushings  Application: The Water Jet Steel industry cleaning machine components 4240 Plunger series are the parts of 4240 triplex plunger pump, this powerful pump can be used in the general surface cleaning, pipeline tubing cleaning, the heat-exchange cleaning, Hydro Painting &amp;Rust cleaning etc.","og_url":"https:\/\/panwinjet.com\/es\/producto\/uhp-2800bar-40k-water-jet-steel-industry-cleaning-machine-components-4240-plunger\/","og_site_name":"Panwin Machinery&amp;Equipment","twitter_card":"summary_large_image","twitter_misc":{"Tiempo de lectura":"1 minuto"},"schema":{"@context":"https:\/\/schema.org","@graph":[{"@type":"WebPage","@id":"https:\/\/panwinjet.com\/product\/uhp-2800bar-40k-water-jet-steel-industry-cleaning-machine-components-4240-plunger\/","url":"https:\/\/panwinjet.com\/product\/uhp-2800bar-40k-water-jet-steel-industry-cleaning-machine-components-4240-plunger\/","name":"UHP 2800Bar 40K Water Jet Steel industry cleaning machine components 4240 Plunger - Panwin Machinery&amp;Equipment","isPartOf":{"@id":"https:\/\/panwinjet.com\/#website"},"datePublished":"2025-09-19T06:44:23+00:00","breadcrumb":{"@id":"https:\/\/panwinjet.com\/product\/uhp-2800bar-40k-water-jet-steel-industry-cleaning-machine-components-4240-plunger\/#breadcrumb"},"inLanguage":"es","potentialAction":[{"@type":"ReadAction","target":["https:\/\/panwinjet.com\/product\/uhp-2800bar-40k-water-jet-steel-industry-cleaning-machine-components-4240-plunger\/"]}]},{"@type":"BreadcrumbList","@id":"https:\/\/panwinjet.com\/product\/uhp-2800bar-40k-water-jet-steel-industry-cleaning-machine-components-4240-plunger\/#breadcrumb","itemListElement":[{"@type":"ListItem","position":1,"name":"\u9996\u9875","item":"https:\/\/panwinjet.com\/"},{"@type":"ListItem","position":2,"name":"PRODUCT","item":"https:\/\/panwinjet.com\/product\/"},{"@type":"ListItem","position":3,"name":"UHP 2800Bar 40K Water Jet Steel industry cleaning machine components 4240 Plunger"}]},{"@type":"WebSite","@id":"https:\/\/panwinjet.com\/#website","url":"https:\/\/panwinjet.com\/","name":"Panwin Machinery&amp;Equipment","description":"Shenzhen Panwin Machinery&amp;Equipment Co.Ltd","potentialAction":[{"@type":"SearchAction","target":{"@type":"EntryPoint","urlTemplate":"https:\/\/panwinjet.com\/?s={search_term_string}"},"query-input":{"@type":"PropertyValueSpecification","valueRequired":true,"valueName":"search_term_string"}}],"inLanguage":"es"}]}},"_links":{"self":[{"href":"https:\/\/panwinjet.com\/es\/wp-json\/wp\/v2\/product\/624","targetHints":{"allow":["GET"]}}],"collection":[{"href":"https:\/\/panwinjet.com\/es\/wp-json\/wp\/v2\/product"}],"about":[{"href":"https:\/\/panwinjet.com\/es\/wp-json\/wp\/v2\/types\/product"}],"wp:featuredmedia":[{"embeddable":true,"href":"https:\/\/panwinjet.com\/es\/wp-json\/"}],"wp:attachment":[{"href":"https:\/\/panwinjet.com\/es\/wp-json\/wp\/v2\/media?parent=624"}],"wp:term":[{"taxonomy":"product_brand","embeddable":true,"href":"https:\/\/panwinjet.com\/es\/wp-json\/wp\/v2\/product_brand?post=624"},{"taxonomy":"product_cat","embeddable":true,"href":"https:\/\/panwinjet.com\/es\/wp-json\/wp\/v2\/product_cat?post=624"},{"taxonomy":"product_tag","embeddable":true,"href":"https:\/\/panwinjet.com\/es\/wp-json\/wp\/v2\/product_tag?post=624"}],"curies":[{"name":"wp","href":"https:\/\/api.w.org\/{rel}","templated":true}]}}