{"id":595,"date":"2025-09-19T06:16:41","date_gmt":"2025-09-19T06:16:41","guid":{"rendered":"https:\/\/panwinjet.com\/?post_type=product&#038;p=595"},"modified":"2025-09-19T06:16:41","modified_gmt":"2025-09-19T06:16:41","slug":"hydro-drain-water-jet-cleaning-machine-parts-4240-seal-packing","status":"publish","type":"product","link":"https:\/\/panwinjet.com\/es\/producto\/hydro-drain-water-jet-cleaning-machine-parts-4240-seal-packing\/","title":{"rendered":"Piezas de la m\u00e1quina de limpieza por chorro de agua Hydro Drain 4240: Empaquetadura de sellado"},"content":{"rendered":"<p>Este empaque de sellado 4240 para m\u00e1quinas de limpieza Hydro Drain Water Jet se utiliza en la unidad est\u00e1ndar JS 40kpsi Fluid End, y est\u00e1 disponible para 5 modelos: JS #6, #7, #8, #8HF y #9. El empaque de sellado 4240 para Hydro Drain Water Jet es compatible con las piezas JS n.\u00b0 JS 54116, JS 54117, JS 54118, JS 64840 y JS 64275.<\/p>\n<p>2. Par\u00e1metros del producto (especificaciones) de las piezas de la m\u00e1quina de limpieza por chorro de agua Hydro Drain 4240: embalaje sellado<br \/>\nEstas piezas para m\u00e1quinas de limpieza por chorro de agua Hydro Drain (empaquetadura 4240) se aplican a la unidad Jetstream est\u00e1ndar de extremo de fluido de 40 kpsi o a la bomba de eje libre. Est\u00e1n fabricadas con material de alta densidad y ofrecen un sellado superior, garantizando un funcionamiento suave y una generaci\u00f3n de potencia robusta. Son compatibles con los modelos Jetstream #6, #7, #8, #8HF y #9, y con las referencias Jetstream 54116, 54117, 54118, 64840 y 64275.<\/p>","protected":false},"excerpt":{"rendered":"<p>3. Caracter\u00edsticas y aplicaciones del producto: Piezas de la m\u00e1quina de limpieza por chorro de agua Hydro Drain 4240. Embalaje sellado.<br \/>\nEn Panwin Supply, le ofrecemos repuestos para m\u00e1quinas de limpieza por chorro de agua Hydro Drain. El empaque de sellado 4240 es compatible con 5 tipos de \u00e9mbolos y casquillos gu\u00eda. Esta unidad Jetstream est\u00e1ndar de 40 kpsi con extremo de fluido presenta numerosas caracter\u00edsticas innovadoras en cuanto a facilidad de mantenimiento, simplicidad en su estructura y dise\u00f1o, as\u00ed como versatilidad en conversiones y multifuncionalidad. A continuaci\u00f3n, se resumen algunos puntos clave:<br \/>\nA: La caracter\u00edstica superior:<br \/>\nB: No se requieren herramientas especiales<br \/>\nC: Las conexiones especialmente dise\u00f1adas son superiores a las conexiones est\u00e1ndar de la industria.<br \/>\nAlta eficiencia volum\u00e9trica<\/p>\n<p>Solicitud:<br \/>\nLas piezas de la m\u00e1quina de limpieza por chorro de agua Hydro Drain de la serie 4240 de empaquetaduras de sellado son piezas de la bomba de \u00e9mbolo triplex 4240; esta potente bomba se puede utilizar en la limpieza general de superficies, la limpieza de tuber\u00edas, la limpieza de intercambiadores de calor, la pintura hidrost\u00e1tica y la limpieza de \u00f3xido, etc.<\/p>","protected":false},"featured_media":-1,"template":"","meta":[],"product_brand":[],"product_cat":[7],"product_tag":[],"class_list":{"0":"post-595","1":"product","2":"type-product","3":"status-publish","4":"has-post-thumbnail","6":"product_cat-jetstream-pump-fluid-end-compatibe-parts","8":"first","9":"instock","10":"shipping-taxable","11":"product-type-simple"},"yoast_head":"<!-- This site is optimized with the Yoast SEO plugin v24.9 - https:\/\/yoast.com\/wordpress\/plugins\/seo\/ -->\n<title>Hydro Drain Water Jet cleaning machine parts 4240 Seal packing - Panwin Machinery&amp;Equipment<\/title>\n<meta name=\"robots\" content=\"index, follow, max-snippet:-1, max-image-preview:large, max-video-preview:-1\" \/>\n<link rel=\"canonical\" href=\"https:\/\/panwinjet.com\/es\/producto\/hydro-drain-water-jet-cleaning-machine-parts-4240-seal-packing\/\" \/>\n<meta property=\"og:locale\" content=\"es_ES\" \/>\n<meta property=\"og:type\" content=\"article\" \/>\n<meta property=\"og:title\" content=\"Hydro Drain Water Jet cleaning machine parts 4240 Seal packing - Panwin Machinery&amp;Equipment\" \/>\n<meta property=\"og:description\" content=\"3.Product Feature And Application of Hydro Drain Water Jet cleaning machine parts 4240 Seal packing We Panwin Supply you Hydro Drain Water Jet cleaning machine parts 4240 Seal packing are fitted for 5 types of Plungers, and guide bush,this The Jetstream 40kpsi Fluid End standard Jetstream unit have many Groundbreaking features in aspect of easy-service, simplicity in structure and design,as well as Versatility in conversion and muti-function, summarized few points as follows: A:The Superior Characteristic: B:No special service tools required C:Specially designed connections are superior to industry standard connections High volumetric efficiency  Application: The Hydro Drain Water Jet cleaning machine parts 4240 Seal packing series are the parts of 4240 triplex plunger pump, this powerful pump can be used in the general surface cleaning,pipeline tubing cleaning, the heat-exchange cleaning, Hydro Painting &amp;Rust cleaning etc.\" \/>\n<meta property=\"og:url\" content=\"https:\/\/panwinjet.com\/es\/producto\/hydro-drain-water-jet-cleaning-machine-parts-4240-seal-packing\/\" \/>\n<meta property=\"og:site_name\" content=\"Panwin Machinery&amp;Equipment\" \/>\n<meta name=\"twitter:card\" content=\"summary_large_image\" \/>\n<meta name=\"twitter:label1\" content=\"Tiempo de lectura\" \/>\n\t<meta name=\"twitter:data1\" content=\"1 minuto\" \/>\n<script type=\"application\/ld+json\" class=\"yoast-schema-graph\">{\"@context\":\"https:\/\/schema.org\",\"@graph\":[{\"@type\":\"WebPage\",\"@id\":\"https:\/\/panwinjet.com\/product\/hydro-drain-water-jet-cleaning-machine-parts-4240-seal-packing\/\",\"url\":\"https:\/\/panwinjet.com\/product\/hydro-drain-water-jet-cleaning-machine-parts-4240-seal-packing\/\",\"name\":\"Hydro Drain Water Jet cleaning machine parts 4240 Seal packing - Panwin Machinery&amp;Equipment\",\"isPartOf\":{\"@id\":\"https:\/\/panwinjet.com\/#website\"},\"datePublished\":\"2025-09-19T06:16:41+00:00\",\"breadcrumb\":{\"@id\":\"https:\/\/panwinjet.com\/product\/hydro-drain-water-jet-cleaning-machine-parts-4240-seal-packing\/#breadcrumb\"},\"inLanguage\":\"es\",\"potentialAction\":[{\"@type\":\"ReadAction\",\"target\":[\"https:\/\/panwinjet.com\/product\/hydro-drain-water-jet-cleaning-machine-parts-4240-seal-packing\/\"]}]},{\"@type\":\"BreadcrumbList\",\"@id\":\"https:\/\/panwinjet.com\/product\/hydro-drain-water-jet-cleaning-machine-parts-4240-seal-packing\/#breadcrumb\",\"itemListElement\":[{\"@type\":\"ListItem\",\"position\":1,\"name\":\"\u9996\u9875\",\"item\":\"https:\/\/panwinjet.com\/\"},{\"@type\":\"ListItem\",\"position\":2,\"name\":\"PRODUCT\",\"item\":\"https:\/\/panwinjet.com\/product\/\"},{\"@type\":\"ListItem\",\"position\":3,\"name\":\"Hydro Drain Water Jet cleaning machine parts 4240 Seal packing\"}]},{\"@type\":\"WebSite\",\"@id\":\"https:\/\/panwinjet.com\/#website\",\"url\":\"https:\/\/panwinjet.com\/\",\"name\":\"Panwin Machinery&amp;Equipment\",\"description\":\"Shenzhen Panwin Machinery&amp;Equipment Co.Ltd\",\"potentialAction\":[{\"@type\":\"SearchAction\",\"target\":{\"@type\":\"EntryPoint\",\"urlTemplate\":\"https:\/\/panwinjet.com\/?s={search_term_string}\"},\"query-input\":{\"@type\":\"PropertyValueSpecification\",\"valueRequired\":true,\"valueName\":\"search_term_string\"}}],\"inLanguage\":\"es\"}]}<\/script>\n<!-- \/ Yoast SEO plugin. -->","yoast_head_json":{"title":"Hydro Drain Water Jet cleaning machine parts 4240 Seal packing - Panwin Machinery&amp;Equipment","robots":{"index":"index","follow":"follow","max-snippet":"max-snippet:-1","max-image-preview":"max-image-preview:large","max-video-preview":"max-video-preview:-1"},"canonical":"https:\/\/panwinjet.com\/es\/producto\/hydro-drain-water-jet-cleaning-machine-parts-4240-seal-packing\/","og_locale":"es_ES","og_type":"article","og_title":"Hydro Drain Water Jet cleaning machine parts 4240 Seal packing - Panwin Machinery&amp;Equipment","og_description":"3.Product Feature And Application of Hydro Drain Water Jet cleaning machine parts 4240 Seal packing We Panwin Supply you Hydro Drain Water Jet cleaning machine parts 4240 Seal packing are fitted for 5 types of Plungers, and guide bush,this The Jetstream 40kpsi Fluid End standard Jetstream unit have many Groundbreaking features in aspect of easy-service, simplicity in structure and design,as well as Versatility in conversion and muti-function, summarized few points as follows: A:The Superior Characteristic: B:No special service tools required C:Specially designed connections are superior to industry standard connections High volumetric efficiency  Application: The Hydro Drain Water Jet cleaning machine parts 4240 Seal packing series are the parts of 4240 triplex plunger pump, this powerful pump can be used in the general surface cleaning,pipeline tubing cleaning, the heat-exchange cleaning, Hydro Painting &amp;Rust cleaning etc.","og_url":"https:\/\/panwinjet.com\/es\/producto\/hydro-drain-water-jet-cleaning-machine-parts-4240-seal-packing\/","og_site_name":"Panwin Machinery&amp;Equipment","twitter_card":"summary_large_image","twitter_misc":{"Tiempo de lectura":"1 minuto"},"schema":{"@context":"https:\/\/schema.org","@graph":[{"@type":"WebPage","@id":"https:\/\/panwinjet.com\/product\/hydro-drain-water-jet-cleaning-machine-parts-4240-seal-packing\/","url":"https:\/\/panwinjet.com\/product\/hydro-drain-water-jet-cleaning-machine-parts-4240-seal-packing\/","name":"Hydro Drain Water Jet cleaning machine parts 4240 Seal packing - Panwin Machinery&amp;Equipment","isPartOf":{"@id":"https:\/\/panwinjet.com\/#website"},"datePublished":"2025-09-19T06:16:41+00:00","breadcrumb":{"@id":"https:\/\/panwinjet.com\/product\/hydro-drain-water-jet-cleaning-machine-parts-4240-seal-packing\/#breadcrumb"},"inLanguage":"es","potentialAction":[{"@type":"ReadAction","target":["https:\/\/panwinjet.com\/product\/hydro-drain-water-jet-cleaning-machine-parts-4240-seal-packing\/"]}]},{"@type":"BreadcrumbList","@id":"https:\/\/panwinjet.com\/product\/hydro-drain-water-jet-cleaning-machine-parts-4240-seal-packing\/#breadcrumb","itemListElement":[{"@type":"ListItem","position":1,"name":"\u9996\u9875","item":"https:\/\/panwinjet.com\/"},{"@type":"ListItem","position":2,"name":"PRODUCT","item":"https:\/\/panwinjet.com\/product\/"},{"@type":"ListItem","position":3,"name":"Hydro Drain Water Jet cleaning machine parts 4240 Seal packing"}]},{"@type":"WebSite","@id":"https:\/\/panwinjet.com\/#website","url":"https:\/\/panwinjet.com\/","name":"Panwin Machinery&amp;Equipment","description":"Shenzhen Panwin Machinery&amp;Equipment Co.Ltd","potentialAction":[{"@type":"SearchAction","target":{"@type":"EntryPoint","urlTemplate":"https:\/\/panwinjet.com\/?s={search_term_string}"},"query-input":{"@type":"PropertyValueSpecification","valueRequired":true,"valueName":"search_term_string"}}],"inLanguage":"es"}]}},"_links":{"self":[{"href":"https:\/\/panwinjet.com\/es\/wp-json\/wp\/v2\/product\/595","targetHints":{"allow":["GET"]}}],"collection":[{"href":"https:\/\/panwinjet.com\/es\/wp-json\/wp\/v2\/product"}],"about":[{"href":"https:\/\/panwinjet.com\/es\/wp-json\/wp\/v2\/types\/product"}],"wp:featuredmedia":[{"embeddable":true,"href":"https:\/\/panwinjet.com\/es\/wp-json\/"}],"wp:attachment":[{"href":"https:\/\/panwinjet.com\/es\/wp-json\/wp\/v2\/media?parent=595"}],"wp:term":[{"taxonomy":"product_brand","embeddable":true,"href":"https:\/\/panwinjet.com\/es\/wp-json\/wp\/v2\/product_brand?post=595"},{"taxonomy":"product_cat","embeddable":true,"href":"https:\/\/panwinjet.com\/es\/wp-json\/wp\/v2\/product_cat?post=595"},{"taxonomy":"product_tag","embeddable":true,"href":"https:\/\/panwinjet.com\/es\/wp-json\/wp\/v2\/product_tag?post=595"}],"curies":[{"name":"wp","href":"https:\/\/api.w.org\/{rel}","templated":true}]}}