{"id":588,"date":"2025-09-19T06:07:35","date_gmt":"2025-09-19T06:07:35","guid":{"rendered":"https:\/\/panwinjet.com\/?post_type=product&#038;p=588"},"modified":"2025-09-19T06:07:35","modified_gmt":"2025-09-19T06:07:35","slug":"uhp-1500bar-22k-vessel-tank-water-jet-cleaning-machine-components-4240-uni-valve","status":"publish","type":"product","link":"https:\/\/panwinjet.com\/es\/producto\/uhp-1500bar-22k-vessel-tank-water-jet-cleaning-machine-components-4240-uni-valve\/","title":{"rendered":"Componentes de la m\u00e1quina de limpieza por chorro de agua UHP 1500Bar 22K para tanques de recipientes 4240 Uni-Valve"},"content":{"rendered":"<p>Componentes de la m\u00e1quina de limpieza de tanques con chorro de agua 4240 Uni-Valve<br \/>\nIntroducci\u00f3n del producto de los componentes de la m\u00e1quina de limpieza por chorro de agua para tanques de recipientes 4240 Conjuntos Uni-Valve<br \/>\nEste componente de la m\u00e1quina de limpieza por chorro de agua para tanques de recipientes 4240 Uni-Valve Assemblies es para usar en el extremo de fluido de presi\u00f3n nominal de 40 Kpsi de Jetstream y es compatible con Jetstream 53495 y K53496<\/p>\n<p>2. Par\u00e1metros del producto (especificaci\u00f3n) de los componentes de la m\u00e1quina de limpieza por chorro de agua para tanques de recipientes 4240 Uni-Valve<br \/>\nLos componentes de la m\u00e1quina de limpieza por chorro de agua del tanque del recipiente Panwin 4240 Los conjuntos Uni-Valve est\u00e1n hechos de SST de calidad resistente, artesan\u00eda suprema y calidad de alto grado, y esta v\u00e1lvula Uni con clasificaci\u00f3n de presi\u00f3n Jetstream 40KPSI ampliamente utilizada en Jetstream Fluid End, es duradera y confiable, como puede ver la Uni-Valve en la unidad de extremo de fluido dise\u00f1ada funcionalmente.<\/p>\n<p>&nbsp;<\/p>","protected":false},"excerpt":{"rendered":"<p>3. Caracter\u00edsticas del producto y aplicaci\u00f3n de los componentes de la m\u00e1quina de limpieza por chorro de agua para tanques de recipientes 4240 Conjuntos Uni-Valve<br \/>\nEste componente de la m\u00e1quina de limpieza por chorro de agua para tanques de recipientes, conjuntos de cartuchos Uni-Valve 4240, tiene un dise\u00f1o de \u00faltima generaci\u00f3n para un rendimiento excelente y un f\u00e1cil servicio, y est\u00e1 funcionalmente avanzado en los detalles siguientes:<br \/>\nA: V\u00e1lvulas combinadas de succi\u00f3n y descarga en una sola pieza aut\u00f3noma<br \/>\nB: Viene solapado para una instalaci\u00f3n inmediata<br \/>\nC: El dise\u00f1o en l\u00ednea minimiza la turbulencia.<\/p>\n<p>Solicitud:<br \/>\nEste componente de la m\u00e1quina de limpieza por chorro de agua para tanques de recipientes, conjuntos de v\u00e1lvulas Uni-4240, se aplica a la bomba de extremo de fluido con clasificaci\u00f3n de presi\u00f3n de 40 kpsi de Jetstream, es la parte importante y el dise\u00f1o avanzado.<br \/>\nLa bomba puede utilizarse ampliamente en la limpieza de superficies, limpieza de tanques y recipientes, limpieza de pintura automotriz, limpieza en la industria minera, limpieza en la fabricaci\u00f3n de acero, industria de la construcci\u00f3n, etc.<\/p>\n<p>Detalles del producto de los componentes de la m\u00e1quina de limpieza por chorro de agua para tanques de recipientes 4240 Conjuntos Uni-Valve<br \/>\nLos componentes de la m\u00e1quina de limpieza por chorro de agua del tanque del recipiente 4240 Ensambles de cartucho Uni-Valve, cada pieza peque\u00f1a juega el papel de hacer que la bomba funcione en buenas condiciones y tenga un rendimiento de limpieza s\u00f3lido, a continuaci\u00f3n mostramos cada pieza en detalle.<\/p>\n<p>Modelos de bombas compatibles:<br \/>\nEste conjunto Uni-Valve de 40 kpsi es compatible con los siguientes modelos de bombas de ultra alta presi\u00f3n JT.<br \/>\nJetstream 3640<br \/>\nJetstream 4240<br \/>\nJetstream 5040<\/p>","protected":false},"featured_media":593,"template":"","meta":[],"product_brand":[],"product_cat":[7],"product_tag":[],"class_list":{"0":"post-588","1":"product","2":"type-product","3":"status-publish","4":"has-post-thumbnail","6":"product_cat-jetstream-pump-fluid-end-compatibe-parts","8":"first","9":"instock","10":"shipping-taxable","11":"product-type-simple"},"yoast_head":"<!-- This site is optimized with the Yoast SEO plugin v24.9 - https:\/\/yoast.com\/wordpress\/plugins\/seo\/ -->\n<title>UHP 1500Bar 22K Vessel tank Water Jet cleaning machine components 4240 Uni-Valve - Panwin Machinery&amp;Equipment<\/title>\n<meta name=\"robots\" content=\"index, follow, max-snippet:-1, max-image-preview:large, max-video-preview:-1\" \/>\n<link rel=\"canonical\" href=\"https:\/\/panwinjet.com\/es\/producto\/uhp-1500bar-22k-vessel-tank-water-jet-cleaning-machine-components-4240-uni-valve\/\" \/>\n<meta property=\"og:locale\" content=\"es_ES\" \/>\n<meta property=\"og:type\" content=\"article\" \/>\n<meta property=\"og:title\" content=\"UHP 1500Bar 22K Vessel tank Water Jet cleaning machine components 4240 Uni-Valve - Panwin Machinery&amp;Equipment\" \/>\n<meta property=\"og:description\" content=\"3.Product Feature And Application of Vessel tank Water Jet cleaning machine components 4240 Uni-Valve Assemblies This Vessel tank Water Jet cleaning machine components 4240 Uni-Valve Cartridge Assemblies is state-of-art design for excellent performance and easy-service, it is functionally advanced in details as follows: A: Combined suction and discharge valves in one self-contained part B: Comes lapped for immediate installation C:In-line design minimizes turbulence  Application: This Vessel tank Water Jet cleaning machine components 4240 Uni-Valve Assemblies is applied to Jetstream 40kpsi pressure rated Fluid End pump, it is the important part and advanced design. The pump can be widely used in surface cleaning,Tank&amp;Vessel Cleaning,Automotive Painting cleaning,Mining industry cleaning,Steel manufacture cleaning, Construction industry etc.  Product Details of Vessel tank Water Jet cleaning machine components 4240 Uni-Valve Assemblies The Vessel tank Water Jet cleaning machine components 4240 Uni-Valve cartridge Assemblies, every small parts take the role to make the pump work good condition and have robust cleaning performance, as follows we show the every details parts.  Compatible pump Models: This 40kpsi Uni-Valve assembly is compatible with following JT Ultra-pressure pump models. Jetstream 3640 Jetstream 4240 Jetstream 5040\" \/>\n<meta property=\"og:url\" content=\"https:\/\/panwinjet.com\/es\/producto\/uhp-1500bar-22k-vessel-tank-water-jet-cleaning-machine-components-4240-uni-valve\/\" \/>\n<meta property=\"og:site_name\" content=\"Panwin Machinery&amp;Equipment\" \/>\n<meta property=\"og:image\" content=\"https:\/\/panwinjet.com\/wp-content\/uploads\/2025\/09\/Uni-Valve-2.jpg\" \/>\n\t<meta property=\"og:image:width\" content=\"1279\" \/>\n\t<meta property=\"og:image:height\" content=\"1706\" \/>\n\t<meta property=\"og:image:type\" content=\"image\/jpeg\" \/>\n<meta name=\"twitter:card\" content=\"summary_large_image\" \/>\n<meta name=\"twitter:label1\" content=\"Tiempo de lectura\" \/>\n\t<meta name=\"twitter:data1\" content=\"1 minuto\" \/>\n<script type=\"application\/ld+json\" class=\"yoast-schema-graph\">{\"@context\":\"https:\/\/schema.org\",\"@graph\":[{\"@type\":\"WebPage\",\"@id\":\"https:\/\/panwinjet.com\/product\/uhp-1500bar-22k-vessel-tank-water-jet-cleaning-machine-components-4240-uni-valve\/\",\"url\":\"https:\/\/panwinjet.com\/product\/uhp-1500bar-22k-vessel-tank-water-jet-cleaning-machine-components-4240-uni-valve\/\",\"name\":\"UHP 1500Bar 22K Vessel tank Water Jet cleaning machine components 4240 Uni-Valve - Panwin Machinery&amp;Equipment\",\"isPartOf\":{\"@id\":\"https:\/\/panwinjet.com\/#website\"},\"primaryImageOfPage\":{\"@id\":\"https:\/\/panwinjet.com\/product\/uhp-1500bar-22k-vessel-tank-water-jet-cleaning-machine-components-4240-uni-valve\/#primaryimage\"},\"image\":{\"@id\":\"https:\/\/panwinjet.com\/product\/uhp-1500bar-22k-vessel-tank-water-jet-cleaning-machine-components-4240-uni-valve\/#primaryimage\"},\"thumbnailUrl\":\"https:\/\/panwinjet.com\/wp-content\/uploads\/2025\/09\/Uni-Valve-2.jpg\",\"datePublished\":\"2025-09-19T06:07:35+00:00\",\"breadcrumb\":{\"@id\":\"https:\/\/panwinjet.com\/product\/uhp-1500bar-22k-vessel-tank-water-jet-cleaning-machine-components-4240-uni-valve\/#breadcrumb\"},\"inLanguage\":\"es\",\"potentialAction\":[{\"@type\":\"ReadAction\",\"target\":[\"https:\/\/panwinjet.com\/product\/uhp-1500bar-22k-vessel-tank-water-jet-cleaning-machine-components-4240-uni-valve\/\"]}]},{\"@type\":\"ImageObject\",\"inLanguage\":\"es\",\"@id\":\"https:\/\/panwinjet.com\/product\/uhp-1500bar-22k-vessel-tank-water-jet-cleaning-machine-components-4240-uni-valve\/#primaryimage\",\"url\":\"https:\/\/panwinjet.com\/wp-content\/uploads\/2025\/09\/Uni-Valve-2.jpg\",\"contentUrl\":\"https:\/\/panwinjet.com\/wp-content\/uploads\/2025\/09\/Uni-Valve-2.jpg\",\"width\":1279,\"height\":1706},{\"@type\":\"BreadcrumbList\",\"@id\":\"https:\/\/panwinjet.com\/product\/uhp-1500bar-22k-vessel-tank-water-jet-cleaning-machine-components-4240-uni-valve\/#breadcrumb\",\"itemListElement\":[{\"@type\":\"ListItem\",\"position\":1,\"name\":\"\u9996\u9875\",\"item\":\"https:\/\/panwinjet.com\/\"},{\"@type\":\"ListItem\",\"position\":2,\"name\":\"PRODUCT\",\"item\":\"https:\/\/panwinjet.com\/product\/\"},{\"@type\":\"ListItem\",\"position\":3,\"name\":\"UHP 1500Bar 22K Vessel tank Water Jet cleaning machine components 4240 Uni-Valve\"}]},{\"@type\":\"WebSite\",\"@id\":\"https:\/\/panwinjet.com\/#website\",\"url\":\"https:\/\/panwinjet.com\/\",\"name\":\"Panwin Machinery&amp;Equipment\",\"description\":\"Shenzhen Panwin Machinery&amp;Equipment Co.Ltd\",\"potentialAction\":[{\"@type\":\"SearchAction\",\"target\":{\"@type\":\"EntryPoint\",\"urlTemplate\":\"https:\/\/panwinjet.com\/?s={search_term_string}\"},\"query-input\":{\"@type\":\"PropertyValueSpecification\",\"valueRequired\":true,\"valueName\":\"search_term_string\"}}],\"inLanguage\":\"es\"}]}<\/script>\n<!-- \/ Yoast SEO plugin. -->","yoast_head_json":{"title":"UHP 1500Bar 22K Vessel tank Water Jet cleaning machine components 4240 Uni-Valve - Panwin Machinery&amp;Equipment","robots":{"index":"index","follow":"follow","max-snippet":"max-snippet:-1","max-image-preview":"max-image-preview:large","max-video-preview":"max-video-preview:-1"},"canonical":"https:\/\/panwinjet.com\/es\/producto\/uhp-1500bar-22k-vessel-tank-water-jet-cleaning-machine-components-4240-uni-valve\/","og_locale":"es_ES","og_type":"article","og_title":"UHP 1500Bar 22K Vessel tank Water Jet cleaning machine components 4240 Uni-Valve - Panwin Machinery&amp;Equipment","og_description":"3.Product Feature And Application of Vessel tank Water Jet cleaning machine components 4240 Uni-Valve Assemblies This Vessel tank Water Jet cleaning machine components 4240 Uni-Valve Cartridge Assemblies is state-of-art design for excellent performance and easy-service, it is functionally advanced in details as follows: A: Combined suction and discharge valves in one self-contained part B: Comes lapped for immediate installation C:In-line design minimizes turbulence  Application: This Vessel tank Water Jet cleaning machine components 4240 Uni-Valve Assemblies is applied to Jetstream 40kpsi pressure rated Fluid End pump, it is the important part and advanced design. The pump can be widely used in surface cleaning,Tank&amp;Vessel Cleaning,Automotive Painting cleaning,Mining industry cleaning,Steel manufacture cleaning, Construction industry etc.  Product Details of Vessel tank Water Jet cleaning machine components 4240 Uni-Valve Assemblies The Vessel tank Water Jet cleaning machine components 4240 Uni-Valve cartridge Assemblies, every small parts take the role to make the pump work good condition and have robust cleaning performance, as follows we show the every details parts.  Compatible pump Models: This 40kpsi Uni-Valve assembly is compatible with following JT Ultra-pressure pump models. Jetstream 3640 Jetstream 4240 Jetstream 5040","og_url":"https:\/\/panwinjet.com\/es\/producto\/uhp-1500bar-22k-vessel-tank-water-jet-cleaning-machine-components-4240-uni-valve\/","og_site_name":"Panwin Machinery&amp;Equipment","og_image":[{"width":1279,"height":1706,"url":"https:\/\/panwinjet.com\/wp-content\/uploads\/2025\/09\/Uni-Valve-2.jpg","type":"image\/jpeg"}],"twitter_card":"summary_large_image","twitter_misc":{"Tiempo de lectura":"1 minuto"},"schema":{"@context":"https:\/\/schema.org","@graph":[{"@type":"WebPage","@id":"https:\/\/panwinjet.com\/product\/uhp-1500bar-22k-vessel-tank-water-jet-cleaning-machine-components-4240-uni-valve\/","url":"https:\/\/panwinjet.com\/product\/uhp-1500bar-22k-vessel-tank-water-jet-cleaning-machine-components-4240-uni-valve\/","name":"UHP 1500Bar 22K Vessel tank Water Jet cleaning machine components 4240 Uni-Valve - Panwin Machinery&amp;Equipment","isPartOf":{"@id":"https:\/\/panwinjet.com\/#website"},"primaryImageOfPage":{"@id":"https:\/\/panwinjet.com\/product\/uhp-1500bar-22k-vessel-tank-water-jet-cleaning-machine-components-4240-uni-valve\/#primaryimage"},"image":{"@id":"https:\/\/panwinjet.com\/product\/uhp-1500bar-22k-vessel-tank-water-jet-cleaning-machine-components-4240-uni-valve\/#primaryimage"},"thumbnailUrl":"https:\/\/panwinjet.com\/wp-content\/uploads\/2025\/09\/Uni-Valve-2.jpg","datePublished":"2025-09-19T06:07:35+00:00","breadcrumb":{"@id":"https:\/\/panwinjet.com\/product\/uhp-1500bar-22k-vessel-tank-water-jet-cleaning-machine-components-4240-uni-valve\/#breadcrumb"},"inLanguage":"es","potentialAction":[{"@type":"ReadAction","target":["https:\/\/panwinjet.com\/product\/uhp-1500bar-22k-vessel-tank-water-jet-cleaning-machine-components-4240-uni-valve\/"]}]},{"@type":"ImageObject","inLanguage":"es","@id":"https:\/\/panwinjet.com\/product\/uhp-1500bar-22k-vessel-tank-water-jet-cleaning-machine-components-4240-uni-valve\/#primaryimage","url":"https:\/\/panwinjet.com\/wp-content\/uploads\/2025\/09\/Uni-Valve-2.jpg","contentUrl":"https:\/\/panwinjet.com\/wp-content\/uploads\/2025\/09\/Uni-Valve-2.jpg","width":1279,"height":1706},{"@type":"BreadcrumbList","@id":"https:\/\/panwinjet.com\/product\/uhp-1500bar-22k-vessel-tank-water-jet-cleaning-machine-components-4240-uni-valve\/#breadcrumb","itemListElement":[{"@type":"ListItem","position":1,"name":"\u9996\u9875","item":"https:\/\/panwinjet.com\/"},{"@type":"ListItem","position":2,"name":"PRODUCT","item":"https:\/\/panwinjet.com\/product\/"},{"@type":"ListItem","position":3,"name":"UHP 1500Bar 22K Vessel tank Water Jet cleaning machine components 4240 Uni-Valve"}]},{"@type":"WebSite","@id":"https:\/\/panwinjet.com\/#website","url":"https:\/\/panwinjet.com\/","name":"Panwin Machinery&amp;Equipment","description":"Shenzhen Panwin Machinery&amp;Equipment Co.Ltd","potentialAction":[{"@type":"SearchAction","target":{"@type":"EntryPoint","urlTemplate":"https:\/\/panwinjet.com\/?s={search_term_string}"},"query-input":{"@type":"PropertyValueSpecification","valueRequired":true,"valueName":"search_term_string"}}],"inLanguage":"es"}]}},"_links":{"self":[{"href":"https:\/\/panwinjet.com\/es\/wp-json\/wp\/v2\/product\/588","targetHints":{"allow":["GET"]}}],"collection":[{"href":"https:\/\/panwinjet.com\/es\/wp-json\/wp\/v2\/product"}],"about":[{"href":"https:\/\/panwinjet.com\/es\/wp-json\/wp\/v2\/types\/product"}],"wp:featuredmedia":[{"embeddable":true,"href":"https:\/\/panwinjet.com\/es\/wp-json\/wp\/v2\/media\/593"}],"wp:attachment":[{"href":"https:\/\/panwinjet.com\/es\/wp-json\/wp\/v2\/media?parent=588"}],"wp:term":[{"taxonomy":"product_brand","embeddable":true,"href":"https:\/\/panwinjet.com\/es\/wp-json\/wp\/v2\/product_brand?post=588"},{"taxonomy":"product_cat","embeddable":true,"href":"https:\/\/panwinjet.com\/es\/wp-json\/wp\/v2\/product_cat?post=588"},{"taxonomy":"product_tag","embeddable":true,"href":"https:\/\/panwinjet.com\/es\/wp-json\/wp\/v2\/product_tag?post=588"}],"curies":[{"name":"wp","href":"https:\/\/api.w.org\/{rel}","templated":true}]}}