{"id":579,"date":"2025-09-19T05:57:26","date_gmt":"2025-09-19T05:57:26","guid":{"rendered":"https:\/\/panwinjet.com\/?post_type=product&#038;p=579"},"modified":"2025-09-19T05:57:26","modified_gmt":"2025-09-19T05:57:26","slug":"2800bar-40kpsi-uhp-water-jet-surface-industry-cleaning-machine-4240-stuffing-box","status":"publish","type":"product","link":"https:\/\/panwinjet.com\/es\/producto\/2800bar-40kpsi-uhp-water-jet-surface-industry-cleaning-machine-4240-stuffing-box\/","title":{"rendered":"M\u00e1quina de limpieza industrial de superficies por chorro de agua UHP de 2800 bar (40 kPSI) con caja de empaquetadura 4240"},"content":{"rendered":"<p>Esta m\u00e1quina de limpieza industrial de superficies por chorro de agua 4240 Stuffing Box es un componente importante de la bomba de presi\u00f3n nominal JS de 40 Kpsi.<\/p>\n<p>La bomba con clasificaci\u00f3n JS de 40 Kpsi es una bomba de chorro de agua con la potencia m\u00e1s avanzada y de mayor eficiencia en la industria, el extremo de fluido es est\u00e1ndar y es compatible con la unidad JS de 40 Kpsi o con la bomba de eje desnudo.<br \/>\nCon una entrada de 325 caballos de fuerza que produce 12 GPM a una presi\u00f3n nominal de 40 Kpsi, es muy avanzado en t\u00e9rminos de f\u00e1cil servicio, simplicidad en estructura y dise\u00f1o, as\u00ed como versatilidad en conversi\u00f3n y multifunci\u00f3n.<\/p>\n<p>&nbsp;<\/p>","protected":false},"excerpt":{"rendered":"<p>2. Par\u00e1metros del producto (especificaci\u00f3n) de la m\u00e1quina de limpieza industrial de superficies por chorro de agua 4240 Caja de empaquetadura<br \/>\nEste prensaestopas 4240 para m\u00e1quina de limpieza industrial de superficies por chorro de agua est\u00e1 fabricado en acero inoxidable de alta densidad y alta calidad. Estas piezas tienen un a\u00f1o de garant\u00eda, lo que garantiza la alta calidad a nuestros clientes. Este prensaestopas 4240 es compatible con Jetstream 54099.<\/p>\n<p>Como componente clave de la m\u00e1quina de chorro de agua de 40Kpsi, produce la presi\u00f3n de ultra alta potencia necesaria para tareas de limpieza de tuber\u00edas superficiales, etc.<\/p>\n<p>3. Caracter\u00edsticas del producto y aplicaci\u00f3n de la m\u00e1quina de limpieza industrial de superficies con chorro de agua 4240 Caja de empaquetadura<br \/>\nPara esta m\u00e1quina de limpieza industrial de superficies por chorro de agua 4240, el prensaestopas es un componente importante de la bomba Jetstream Standard 4240. Esta bomba es altamente avanzada en t\u00e9rminos de facilidad de mantenimiento, simplicidad de estructura y dise\u00f1o, versatilidad de conversi\u00f3n y multifuncionalidad. Como se menciona a continuaci\u00f3n:<\/p>\n<p>La caracter\u00edstica ventajosa:<br \/>\nA: F\u00e1cil servicio: c\u00f3modo cambio de cartucho de v\u00e1lvula emergente<br \/>\nB:Dise\u00f1o sencillo: Menos piezas que otros extremos fluidos de 40k.<br \/>\nC: \u00c9mbolos y bujes de \u00e9mbolo de carburo s\u00f3lido<\/p>\n<p>Solicitud:<br \/>\nLa m\u00e1quina de limpieza industrial de superficies por chorro de agua 4240 Stuffing Box es parte de la bomba de \u00e9mbolo triplex 4240, esta poderosa bomba se puede utilizar en la limpieza general de superficies, limpieza de tuber\u00edas, limpieza de intercambio de calor, pintura hidr\u00e1ulica y limpieza de \u00f3xido, etc.<\/p>\n<div style=\"width: 544px;\" class=\"wp-video\"><video class=\"wp-video-shortcode\" id=\"video-579-1\" width=\"544\" height=\"960\" preload=\"metadata\" controls=\"controls\"><source type=\"video\/mp4\" src=\"https:\/\/panwinjet.com\/wp-content\/uploads\/2025\/09\/JS-4240-Pump.mp4?_=1\" \/><a href=\"https:\/\/panwinjet.com\/wp-content\/uploads\/2025\/09\/JS-4240-Pump.mp4\">https:\/\/panwinjet.com\/wp-content\/uploads\/2025\/09\/JS-4240-Pump.mp4<\/a><\/video><\/div>","protected":false},"featured_media":-1,"template":"","meta":[],"product_brand":[],"product_cat":[7],"product_tag":[],"class_list":{"0":"post-579","1":"product","2":"type-product","3":"status-publish","4":"has-post-thumbnail","6":"product_cat-jetstream-pump-fluid-end-compatibe-parts","8":"first","9":"instock","10":"shipping-taxable","11":"product-type-simple"},"yoast_head":"<!-- This site is optimized with the Yoast SEO plugin v24.9 - https:\/\/yoast.com\/wordpress\/plugins\/seo\/ -->\n<title>2800Bar 40KPSI UHP Water Jet Surface industry cleaning machine 4240 Stuffing Box - Panwin Machinery&amp;Equipment<\/title>\n<meta name=\"robots\" content=\"index, follow, max-snippet:-1, max-image-preview:large, max-video-preview:-1\" \/>\n<link rel=\"canonical\" href=\"https:\/\/panwinjet.com\/es\/producto\/2800bar-40kpsi-uhp-water-jet-surface-industry-cleaning-machine-4240-stuffing-box\/\" \/>\n<meta property=\"og:locale\" content=\"es_ES\" \/>\n<meta property=\"og:type\" content=\"article\" \/>\n<meta property=\"og:title\" content=\"2800Bar 40KPSI UHP Water Jet Surface industry cleaning machine 4240 Stuffing Box - Panwin Machinery&amp;Equipment\" \/>\n<meta property=\"og:description\" content=\"2.Product Parameter (Specification) of Water Jet Surface industry cleaning machine 4240 Stuffing Box This Water Jet Surface industry cleaning machine 4240 Stuffing Box is is made of high-classed and high-density Stainless Steel. This parts we have One-year warranty, ensure the high-quality to our customers and this 4240 Stuffing Box is compatible with Jetstream 54099.  As one key components of the 40Kpsi water blasting machine, it produces the Ultra-high power pressure for surface pipeline etc cleaning tasks.  3.Product Feature And Application of Water Jet Surface industry cleaning machine 4240 Stuffing Box For this Water Jet Surface industry cleaning machine 4240 Stuffing Box, it is important components for the Jetstream Standard 4240 pump. This pump is High-advanced in term of easy-service, simplicity in structure and design,as well as Versatility in conversion and muti-function, and as we mentioned in the following points:  The advantage characteristic: A:Easy service: convenient pop-out valve cartridge change B:simplicity design: Fewer parts than other 40k Fluid Ends. C:Solid carbide plungers and plunger bushings  Application: The Water Jet Surface industry cleaning machine 4240 Stuffing Box is the parts of 4240 triplex plunger pump, this powerful pump can be used in the general surface cleaning, pipeline tubing cleaning, the heat-exchange cleaning, Hydro Painting &amp;Rust cleaning etc.\" \/>\n<meta property=\"og:url\" content=\"https:\/\/panwinjet.com\/es\/producto\/2800bar-40kpsi-uhp-water-jet-surface-industry-cleaning-machine-4240-stuffing-box\/\" \/>\n<meta property=\"og:site_name\" content=\"Panwin Machinery&amp;Equipment\" \/>\n<meta name=\"twitter:card\" content=\"summary_large_image\" \/>\n<meta name=\"twitter:label1\" content=\"Tiempo de lectura\" \/>\n\t<meta name=\"twitter:data1\" content=\"1 minuto\" \/>\n<script type=\"application\/ld+json\" class=\"yoast-schema-graph\">{\"@context\":\"https:\/\/schema.org\",\"@graph\":[{\"@type\":\"WebPage\",\"@id\":\"https:\/\/panwinjet.com\/product\/2800bar-40kpsi-uhp-water-jet-surface-industry-cleaning-machine-4240-stuffing-box\/\",\"url\":\"https:\/\/panwinjet.com\/product\/2800bar-40kpsi-uhp-water-jet-surface-industry-cleaning-machine-4240-stuffing-box\/\",\"name\":\"2800Bar 40KPSI UHP Water Jet Surface industry cleaning machine 4240 Stuffing Box - Panwin Machinery&amp;Equipment\",\"isPartOf\":{\"@id\":\"https:\/\/panwinjet.com\/#website\"},\"datePublished\":\"2025-09-19T05:57:26+00:00\",\"breadcrumb\":{\"@id\":\"https:\/\/panwinjet.com\/product\/2800bar-40kpsi-uhp-water-jet-surface-industry-cleaning-machine-4240-stuffing-box\/#breadcrumb\"},\"inLanguage\":\"es\",\"potentialAction\":[{\"@type\":\"ReadAction\",\"target\":[\"https:\/\/panwinjet.com\/product\/2800bar-40kpsi-uhp-water-jet-surface-industry-cleaning-machine-4240-stuffing-box\/\"]}]},{\"@type\":\"BreadcrumbList\",\"@id\":\"https:\/\/panwinjet.com\/product\/2800bar-40kpsi-uhp-water-jet-surface-industry-cleaning-machine-4240-stuffing-box\/#breadcrumb\",\"itemListElement\":[{\"@type\":\"ListItem\",\"position\":1,\"name\":\"\u9996\u9875\",\"item\":\"https:\/\/panwinjet.com\/\"},{\"@type\":\"ListItem\",\"position\":2,\"name\":\"PRODUCT\",\"item\":\"https:\/\/panwinjet.com\/product\/\"},{\"@type\":\"ListItem\",\"position\":3,\"name\":\"2800Bar 40KPSI UHP Water Jet Surface industry cleaning machine 4240 Stuffing Box\"}]},{\"@type\":\"WebSite\",\"@id\":\"https:\/\/panwinjet.com\/#website\",\"url\":\"https:\/\/panwinjet.com\/\",\"name\":\"Panwin Machinery&amp;Equipment\",\"description\":\"Shenzhen Panwin Machinery&amp;Equipment Co.Ltd\",\"potentialAction\":[{\"@type\":\"SearchAction\",\"target\":{\"@type\":\"EntryPoint\",\"urlTemplate\":\"https:\/\/panwinjet.com\/?s={search_term_string}\"},\"query-input\":{\"@type\":\"PropertyValueSpecification\",\"valueRequired\":true,\"valueName\":\"search_term_string\"}}],\"inLanguage\":\"es\"}]}<\/script>\n<!-- \/ Yoast SEO plugin. -->","yoast_head_json":{"title":"2800Bar 40KPSI UHP Water Jet Surface industry cleaning machine 4240 Stuffing Box - Panwin Machinery&amp;Equipment","robots":{"index":"index","follow":"follow","max-snippet":"max-snippet:-1","max-image-preview":"max-image-preview:large","max-video-preview":"max-video-preview:-1"},"canonical":"https:\/\/panwinjet.com\/es\/producto\/2800bar-40kpsi-uhp-water-jet-surface-industry-cleaning-machine-4240-stuffing-box\/","og_locale":"es_ES","og_type":"article","og_title":"2800Bar 40KPSI UHP Water Jet Surface industry cleaning machine 4240 Stuffing Box - Panwin Machinery&amp;Equipment","og_description":"2.Product Parameter (Specification) of Water Jet Surface industry cleaning machine 4240 Stuffing Box This Water Jet Surface industry cleaning machine 4240 Stuffing Box is is made of high-classed and high-density Stainless Steel. This parts we have One-year warranty, ensure the high-quality to our customers and this 4240 Stuffing Box is compatible with Jetstream 54099.  As one key components of the 40Kpsi water blasting machine, it produces the Ultra-high power pressure for surface pipeline etc cleaning tasks.  3.Product Feature And Application of Water Jet Surface industry cleaning machine 4240 Stuffing Box For this Water Jet Surface industry cleaning machine 4240 Stuffing Box, it is important components for the Jetstream Standard 4240 pump. This pump is High-advanced in term of easy-service, simplicity in structure and design,as well as Versatility in conversion and muti-function, and as we mentioned in the following points:  The advantage characteristic: A:Easy service: convenient pop-out valve cartridge change B:simplicity design: Fewer parts than other 40k Fluid Ends. C:Solid carbide plungers and plunger bushings  Application: The Water Jet Surface industry cleaning machine 4240 Stuffing Box is the parts of 4240 triplex plunger pump, this powerful pump can be used in the general surface cleaning, pipeline tubing cleaning, the heat-exchange cleaning, Hydro Painting &amp;Rust cleaning etc.","og_url":"https:\/\/panwinjet.com\/es\/producto\/2800bar-40kpsi-uhp-water-jet-surface-industry-cleaning-machine-4240-stuffing-box\/","og_site_name":"Panwin Machinery&amp;Equipment","twitter_card":"summary_large_image","twitter_misc":{"Tiempo de lectura":"1 minuto"},"schema":{"@context":"https:\/\/schema.org","@graph":[{"@type":"WebPage","@id":"https:\/\/panwinjet.com\/product\/2800bar-40kpsi-uhp-water-jet-surface-industry-cleaning-machine-4240-stuffing-box\/","url":"https:\/\/panwinjet.com\/product\/2800bar-40kpsi-uhp-water-jet-surface-industry-cleaning-machine-4240-stuffing-box\/","name":"2800Bar 40KPSI UHP Water Jet Surface industry cleaning machine 4240 Stuffing Box - Panwin Machinery&amp;Equipment","isPartOf":{"@id":"https:\/\/panwinjet.com\/#website"},"datePublished":"2025-09-19T05:57:26+00:00","breadcrumb":{"@id":"https:\/\/panwinjet.com\/product\/2800bar-40kpsi-uhp-water-jet-surface-industry-cleaning-machine-4240-stuffing-box\/#breadcrumb"},"inLanguage":"es","potentialAction":[{"@type":"ReadAction","target":["https:\/\/panwinjet.com\/product\/2800bar-40kpsi-uhp-water-jet-surface-industry-cleaning-machine-4240-stuffing-box\/"]}]},{"@type":"BreadcrumbList","@id":"https:\/\/panwinjet.com\/product\/2800bar-40kpsi-uhp-water-jet-surface-industry-cleaning-machine-4240-stuffing-box\/#breadcrumb","itemListElement":[{"@type":"ListItem","position":1,"name":"\u9996\u9875","item":"https:\/\/panwinjet.com\/"},{"@type":"ListItem","position":2,"name":"PRODUCT","item":"https:\/\/panwinjet.com\/product\/"},{"@type":"ListItem","position":3,"name":"2800Bar 40KPSI UHP Water Jet Surface industry cleaning machine 4240 Stuffing Box"}]},{"@type":"WebSite","@id":"https:\/\/panwinjet.com\/#website","url":"https:\/\/panwinjet.com\/","name":"Panwin Machinery&amp;Equipment","description":"Shenzhen Panwin Machinery&amp;Equipment Co.Ltd","potentialAction":[{"@type":"SearchAction","target":{"@type":"EntryPoint","urlTemplate":"https:\/\/panwinjet.com\/?s={search_term_string}"},"query-input":{"@type":"PropertyValueSpecification","valueRequired":true,"valueName":"search_term_string"}}],"inLanguage":"es"}]}},"_links":{"self":[{"href":"https:\/\/panwinjet.com\/es\/wp-json\/wp\/v2\/product\/579","targetHints":{"allow":["GET"]}}],"collection":[{"href":"https:\/\/panwinjet.com\/es\/wp-json\/wp\/v2\/product"}],"about":[{"href":"https:\/\/panwinjet.com\/es\/wp-json\/wp\/v2\/types\/product"}],"wp:featuredmedia":[{"embeddable":true,"href":"https:\/\/panwinjet.com\/es\/wp-json\/"}],"wp:attachment":[{"href":"https:\/\/panwinjet.com\/es\/wp-json\/wp\/v2\/media?parent=579"}],"wp:term":[{"taxonomy":"product_brand","embeddable":true,"href":"https:\/\/panwinjet.com\/es\/wp-json\/wp\/v2\/product_brand?post=579"},{"taxonomy":"product_cat","embeddable":true,"href":"https:\/\/panwinjet.com\/es\/wp-json\/wp\/v2\/product_cat?post=579"},{"taxonomy":"product_tag","embeddable":true,"href":"https:\/\/panwinjet.com\/es\/wp-json\/wp\/v2\/product_tag?post=579"}],"curies":[{"name":"wp","href":"https:\/\/api.w.org\/{rel}","templated":true}]}}