{"id":552,"date":"2025-09-21T13:51:29","date_gmt":"2025-09-21T13:51:29","guid":{"rendered":"https:\/\/panwinjet.com\/?post_type=product&#038;p=552"},"modified":"2025-09-21T13:51:29","modified_gmt":"2025-09-21T13:51:29","slug":"2800bar-high-pressure-hydro-jet-blasting-cleaning-machine-parts-for-shipyard-cleaning-4-blades-rotary-nozzles","status":"publish","type":"product","link":"https:\/\/panwinjet.com\/es\/producto\/2800bar-high-pressure-hydro-jet-blasting-cleaning-machine-parts-for-shipyard-cleaning-4-blades-rotary-nozzles\/","title":{"rendered":"Piezas para m\u00e1quina de limpieza por chorro de agua a alta presi\u00f3n de 2800 bar para limpieza de astilleros. Boquillas rotativas de 4 aspas."},"content":{"rendered":"<p><strong><b>Introducci\u00f3n de la m\u00e1quina de limpieza por chorro de agua a alta presi\u00f3n de 2800 bar. Piezas para la limpieza de astilleros. Boquillas rotativas de 4 cuchillas. <\/b><\/strong><\/p>\n<p>Esta m\u00e1quina de limpieza por chorro de agua a alta presi\u00f3n de 2800 bar, con boquillas rotativas de 4 aspas, se utiliza para la limpieza de grandes superficies en astilleros. La boquilla rotativa, equipada con cuatro aspas, gira 360\u00b0 para una mayor cobertura y mejores resultados de limpieza. Es ideal para equipos de limpieza de 40 kpsi en cascos de barcos, donde se emplea para eliminar residuos marinos y otros organismos.<\/p>\n<p><strong><b>Caracter\u00edsticas y aplicaciones de <\/b><\/strong><strong><b>Piezas para m\u00e1quina de limpieza por chorro de agua a alta presi\u00f3n de 2800 bar para limpieza de astilleros. Boquillas rotativas de 4 aspas. <\/b><\/strong><\/p>\n<p>La m\u00e1quina de limpieza por chorro de agua a alta presi\u00f3n de 2800 bar, con piezas para limpieza de astilleros, cuenta con boquillas rotativas de 4 palas cuya principal ventaja radica en su gran cobertura y mejores resultados de limpieza; puede girar 360 grados y, con una presi\u00f3n de hasta 2800 bar, puede cuadruplicar la capacidad de trabajo de las boquillas convencionales.<\/p>\n<p><strong><b>Solicitud:<\/b><\/strong><\/p>\n<p>Puede aplicarse a procesos de limpieza de grandes superficies, como superficies de barcos y limpieza marina.<\/p>\n<p><strong><b>\u00a0<\/b><\/strong><\/p>\n<p><strong><b>\u00a0<\/b><\/strong><strong><b>Detalles de<\/b><\/strong><strong><b>\u00a0<\/b><\/strong><strong><b>Piezas para m\u00e1quina de limpieza por chorro de agua a alta presi\u00f3n de 2800 bar para limpieza de astilleros. Boquillas rotativas de 4 aspas. <\/b><\/strong><\/p>\n<p>La fregadora rotativa de 4 aspas cuenta con un total de 16 boquillas, una presi\u00f3n m\u00e1xima de hasta 2800 bar, puede cubrir una gran superficie de limpieza y aumenta considerablemente la eficacia de la limpieza de superficies.<\/p>\n<p>Con la siguiente lista de piezas y estructura detallada:<\/p>\n<p><img decoding=\"async\" class=\"aligncenter size-full wp-image-1200 lazyload\" data-src=\"https:\/\/panwinjet.com\/wp-content\/uploads\/2025\/09\/4-Blades-Nozzles-Breaddown.png\" alt=\"\" width=\"1229\" height=\"813\" data-srcset=\"https:\/\/panwinjet.com\/wp-content\/uploads\/2025\/09\/4-Blades-Nozzles-Breaddown.png 1229w, https:\/\/panwinjet.com\/wp-content\/uploads\/2025\/09\/4-Blades-Nozzles-Breaddown-500x331.png 500w, https:\/\/panwinjet.com\/wp-content\/uploads\/2025\/09\/4-Blades-Nozzles-Breaddown-1200x794.png 1200w, https:\/\/panwinjet.com\/wp-content\/uploads\/2025\/09\/4-Blades-Nozzles-Breaddown-300x198.png 300w, https:\/\/panwinjet.com\/wp-content\/uploads\/2025\/09\/4-Blades-Nozzles-Breaddown-768x508.png 768w, https:\/\/panwinjet.com\/wp-content\/uploads\/2025\/09\/4-Blades-Nozzles-Breaddown-113x75.png 113w, https:\/\/panwinjet.com\/wp-content\/uploads\/2025\/09\/4-Blades-Nozzles-Breaddown-480x318.png 480w, https:\/\/panwinjet.com\/wp-content\/uploads\/2025\/09\/4-Blades-Nozzles-Breaddown-800x529.png 800w\" data-sizes=\"(max-width:767px) 480px, (max-width:1229px) 100vw, 1229px\" src=\"data:image\/svg+xml;base64,PHN2ZyB3aWR0aD0iMSIgaGVpZ2h0PSIxIiB4bWxucz0iaHR0cDovL3d3dy53My5vcmcvMjAwMC9zdmciPjwvc3ZnPg==\" style=\"--smush-placeholder-width: 1229px; --smush-placeholder-aspect-ratio: 1229\/813;\" \/> <img decoding=\"async\" class=\"aligncenter size-full wp-image-1201 lazyload\" data-src=\"https:\/\/panwinjet.com\/wp-content\/uploads\/2025\/09\/4-Blades-Nozzles-Partlist.png\" alt=\"\" width=\"1206\" height=\"548\" data-srcset=\"https:\/\/panwinjet.com\/wp-content\/uploads\/2025\/09\/4-Blades-Nozzles-Partlist.png 1206w, https:\/\/panwinjet.com\/wp-content\/uploads\/2025\/09\/4-Blades-Nozzles-Partlist-500x227.png 500w, https:\/\/panwinjet.com\/wp-content\/uploads\/2025\/09\/4-Blades-Nozzles-Partlist-1200x545.png 1200w, https:\/\/panwinjet.com\/wp-content\/uploads\/2025\/09\/4-Blades-Nozzles-Partlist-300x136.png 300w, https:\/\/panwinjet.com\/wp-content\/uploads\/2025\/09\/4-Blades-Nozzles-Partlist-768x349.png 768w, https:\/\/panwinjet.com\/wp-content\/uploads\/2025\/09\/4-Blades-Nozzles-Partlist-150x68.png 150w, https:\/\/panwinjet.com\/wp-content\/uploads\/2025\/09\/4-Blades-Nozzles-Partlist-480x218.png 480w, https:\/\/panwinjet.com\/wp-content\/uploads\/2025\/09\/4-Blades-Nozzles-Partlist-800x364.png 800w\" data-sizes=\"(max-width:767px) 480px, (max-width:1206px) 100vw, 1206px\" src=\"data:image\/svg+xml;base64,PHN2ZyB3aWR0aD0iMSIgaGVpZ2h0PSIxIiB4bWxucz0iaHR0cDovL3d3dy53My5vcmcvMjAwMC9zdmciPjwvc3ZnPg==\" style=\"--smush-placeholder-width: 1206px; --smush-placeholder-aspect-ratio: 1206\/548;\" \/><\/p>\n<p>&nbsp;<\/p>\n<p><strong><b>El <\/b><\/strong><strong><b>Piezas para m\u00e1quina de limpieza por chorro de agua a alta presi\u00f3n de 2800 bar para limpieza de astilleros. Boquillas rotativas de 4 aspas. <\/b><\/strong><strong><b>demostraci\u00f3n funcional <\/b><\/strong><\/p>","protected":false},"excerpt":{"rendered":"<p><strong><b>Par\u00e1metro (Especificaci\u00f3n) de <\/b><\/strong> <strong><b>Piezas para m\u00e1quina de limpieza por chorro de agua a alta presi\u00f3n de 2800 bar para limpieza de astilleros. Boquillas rotativas de 4 aspas. <\/b><\/strong><\/p>\n<p>La m\u00e1quina de limpieza por chorro de agua a alta presi\u00f3n de 2800 bar, ideal para la limpieza de astilleros, cuenta con 16 boquillas rotativas de 4 aspas y un caudal elevado. Ofrece una excelente cobertura para la limpieza de grandes superficies.<\/p>\n<p><img decoding=\"async\" class=\"aligncenter size-full wp-image-1202 lazyload\" data-src=\"https:\/\/panwinjet.com\/wp-content\/uploads\/2025\/09\/4-Blades-Nozzles.png\" alt=\"\" width=\"443\" height=\"191\" data-srcset=\"https:\/\/panwinjet.com\/wp-content\/uploads\/2025\/09\/4-Blades-Nozzles.png 443w, https:\/\/panwinjet.com\/wp-content\/uploads\/2025\/09\/4-Blades-Nozzles-300x129.png 300w, https:\/\/panwinjet.com\/wp-content\/uploads\/2025\/09\/4-Blades-Nozzles-150x65.png 150w\" data-sizes=\"(max-width:767px) 443px, 443px\" src=\"data:image\/svg+xml;base64,PHN2ZyB3aWR0aD0iMSIgaGVpZ2h0PSIxIiB4bWxucz0iaHR0cDovL3d3dy53My5vcmcvMjAwMC9zdmciPjwvc3ZnPg==\" style=\"--smush-placeholder-width: 443px; --smush-placeholder-aspect-ratio: 443\/191;\" \/><\/p>","protected":false},"featured_media":1198,"template":"","meta":[],"product_brand":[],"product_cat":[5],"product_tag":[],"class_list":{"0":"post-552","1":"product","2":"type-product","3":"status-publish","4":"has-post-thumbnail","6":"product_cat-uhp-rotating-nozzles","8":"first","9":"instock","10":"shipping-taxable","11":"product-type-simple"},"yoast_head":"<!-- This site is optimized with the Yoast SEO plugin v24.9 - https:\/\/yoast.com\/wordpress\/plugins\/seo\/ -->\n<title>2800Bar high Pressure Hydro Jet Blasting cleaning machine Parts for shipyard cleaning 4 Blades rotary nozzles - Panwin Machinery&amp;Equipment<\/title>\n<meta name=\"robots\" content=\"index, follow, max-snippet:-1, max-image-preview:large, max-video-preview:-1\" \/>\n<link rel=\"canonical\" href=\"https:\/\/panwinjet.com\/es\/producto\/2800bar-high-pressure-hydro-jet-blasting-cleaning-machine-parts-for-shipyard-cleaning-4-blades-rotary-nozzles\/\" \/>\n<meta property=\"og:locale\" content=\"es_ES\" \/>\n<meta property=\"og:type\" content=\"article\" \/>\n<meta property=\"og:title\" content=\"2800Bar high Pressure Hydro Jet Blasting cleaning machine Parts for shipyard cleaning 4 Blades rotary nozzles - Panwin Machinery&amp;Equipment\" \/>\n<meta property=\"og:description\" content=\"Parameter (Specification) of 2800Bar high Pressure Hydro Jet Blasting cleaning machine Parts for shipyard cleaning 4 Blades rotary nozzles   The 2800Bar high Pressure Hydro Jet Blasting cleaning machine Parts for shipyard cleaning 4 Blades rotary nozzles\u00a0and it has 16pcs nozzles big flow rate. it is great big coverage surface cleaning nozzles.\" \/>\n<meta property=\"og:url\" content=\"https:\/\/panwinjet.com\/es\/producto\/2800bar-high-pressure-hydro-jet-blasting-cleaning-machine-parts-for-shipyard-cleaning-4-blades-rotary-nozzles\/\" \/>\n<meta property=\"og:site_name\" content=\"Panwin Machinery&amp;Equipment\" \/>\n<meta property=\"og:image\" content=\"https:\/\/panwinjet.com\/wp-content\/uploads\/2025\/09\/\u5fae\u4fe1\u56fe\u7247_20250401063453-1.jpg\" \/>\n\t<meta property=\"og:image:width\" content=\"1279\" \/>\n\t<meta property=\"og:image:height\" content=\"1706\" \/>\n\t<meta property=\"og:image:type\" content=\"image\/jpeg\" \/>\n<meta name=\"twitter:card\" content=\"summary_large_image\" \/>\n<meta name=\"twitter:label1\" content=\"Tiempo de lectura\" \/>\n\t<meta name=\"twitter:data1\" content=\"2 minutos\" \/>\n<script type=\"application\/ld+json\" class=\"yoast-schema-graph\">{\"@context\":\"https:\/\/schema.org\",\"@graph\":[{\"@type\":\"WebPage\",\"@id\":\"https:\/\/panwinjet.com\/product\/2800bar-high-pressure-hydro-jet-blasting-cleaning-machine-parts-for-shipyard-cleaning-4-blades-rotary-nozzles\/\",\"url\":\"https:\/\/panwinjet.com\/product\/2800bar-high-pressure-hydro-jet-blasting-cleaning-machine-parts-for-shipyard-cleaning-4-blades-rotary-nozzles\/\",\"name\":\"2800Bar high Pressure Hydro Jet Blasting cleaning machine Parts for shipyard cleaning 4 Blades rotary nozzles - Panwin Machinery&amp;Equipment\",\"isPartOf\":{\"@id\":\"https:\/\/panwinjet.com\/#website\"},\"primaryImageOfPage\":{\"@id\":\"https:\/\/panwinjet.com\/product\/2800bar-high-pressure-hydro-jet-blasting-cleaning-machine-parts-for-shipyard-cleaning-4-blades-rotary-nozzles\/#primaryimage\"},\"image\":{\"@id\":\"https:\/\/panwinjet.com\/product\/2800bar-high-pressure-hydro-jet-blasting-cleaning-machine-parts-for-shipyard-cleaning-4-blades-rotary-nozzles\/#primaryimage\"},\"thumbnailUrl\":\"https:\/\/panwinjet.com\/wp-content\/uploads\/2025\/09\/\u5fae\u4fe1\u56fe\u7247_20250401063453-1.jpg\",\"datePublished\":\"2025-09-21T13:51:29+00:00\",\"breadcrumb\":{\"@id\":\"https:\/\/panwinjet.com\/product\/2800bar-high-pressure-hydro-jet-blasting-cleaning-machine-parts-for-shipyard-cleaning-4-blades-rotary-nozzles\/#breadcrumb\"},\"inLanguage\":\"es\",\"potentialAction\":[{\"@type\":\"ReadAction\",\"target\":[\"https:\/\/panwinjet.com\/product\/2800bar-high-pressure-hydro-jet-blasting-cleaning-machine-parts-for-shipyard-cleaning-4-blades-rotary-nozzles\/\"]}]},{\"@type\":\"ImageObject\",\"inLanguage\":\"es\",\"@id\":\"https:\/\/panwinjet.com\/product\/2800bar-high-pressure-hydro-jet-blasting-cleaning-machine-parts-for-shipyard-cleaning-4-blades-rotary-nozzles\/#primaryimage\",\"url\":\"https:\/\/panwinjet.com\/wp-content\/uploads\/2025\/09\/\u5fae\u4fe1\u56fe\u7247_20250401063453-1.jpg\",\"contentUrl\":\"https:\/\/panwinjet.com\/wp-content\/uploads\/2025\/09\/\u5fae\u4fe1\u56fe\u7247_20250401063453-1.jpg\",\"width\":1279,\"height\":1706},{\"@type\":\"BreadcrumbList\",\"@id\":\"https:\/\/panwinjet.com\/product\/2800bar-high-pressure-hydro-jet-blasting-cleaning-machine-parts-for-shipyard-cleaning-4-blades-rotary-nozzles\/#breadcrumb\",\"itemListElement\":[{\"@type\":\"ListItem\",\"position\":1,\"name\":\"\u9996\u9875\",\"item\":\"https:\/\/panwinjet.com\/\"},{\"@type\":\"ListItem\",\"position\":2,\"name\":\"PRODUCT\",\"item\":\"https:\/\/panwinjet.com\/product\/\"},{\"@type\":\"ListItem\",\"position\":3,\"name\":\"2800Bar high Pressure Hydro Jet Blasting cleaning machine Parts for shipyard cleaning 4 Blades rotary nozzles\"}]},{\"@type\":\"WebSite\",\"@id\":\"https:\/\/panwinjet.com\/#website\",\"url\":\"https:\/\/panwinjet.com\/\",\"name\":\"Panwin Machinery&amp;Equipment\",\"description\":\"Shenzhen Panwin Machinery&amp;Equipment Co.Ltd\",\"potentialAction\":[{\"@type\":\"SearchAction\",\"target\":{\"@type\":\"EntryPoint\",\"urlTemplate\":\"https:\/\/panwinjet.com\/?s={search_term_string}\"},\"query-input\":{\"@type\":\"PropertyValueSpecification\",\"valueRequired\":true,\"valueName\":\"search_term_string\"}}],\"inLanguage\":\"es\"}]}<\/script>\n<!-- \/ Yoast SEO plugin. -->","yoast_head_json":{"title":"2800Bar high Pressure Hydro Jet Blasting cleaning machine Parts for shipyard cleaning 4 Blades rotary nozzles - Panwin Machinery&amp;Equipment","robots":{"index":"index","follow":"follow","max-snippet":"max-snippet:-1","max-image-preview":"max-image-preview:large","max-video-preview":"max-video-preview:-1"},"canonical":"https:\/\/panwinjet.com\/es\/producto\/2800bar-high-pressure-hydro-jet-blasting-cleaning-machine-parts-for-shipyard-cleaning-4-blades-rotary-nozzles\/","og_locale":"es_ES","og_type":"article","og_title":"2800Bar high Pressure Hydro Jet Blasting cleaning machine Parts for shipyard cleaning 4 Blades rotary nozzles - Panwin Machinery&amp;Equipment","og_description":"Parameter (Specification) of 2800Bar high Pressure Hydro Jet Blasting cleaning machine Parts for shipyard cleaning 4 Blades rotary nozzles   The 2800Bar high Pressure Hydro Jet Blasting cleaning machine Parts for shipyard cleaning 4 Blades rotary nozzles\u00a0and it has 16pcs nozzles big flow rate. it is great big coverage surface cleaning nozzles.","og_url":"https:\/\/panwinjet.com\/es\/producto\/2800bar-high-pressure-hydro-jet-blasting-cleaning-machine-parts-for-shipyard-cleaning-4-blades-rotary-nozzles\/","og_site_name":"Panwin Machinery&amp;Equipment","og_image":[{"width":1279,"height":1706,"url":"https:\/\/panwinjet.com\/wp-content\/uploads\/2025\/09\/\u5fae\u4fe1\u56fe\u7247_20250401063453-1.jpg","type":"image\/jpeg"}],"twitter_card":"summary_large_image","twitter_misc":{"Tiempo de lectura":"2 minutos"},"schema":{"@context":"https:\/\/schema.org","@graph":[{"@type":"WebPage","@id":"https:\/\/panwinjet.com\/product\/2800bar-high-pressure-hydro-jet-blasting-cleaning-machine-parts-for-shipyard-cleaning-4-blades-rotary-nozzles\/","url":"https:\/\/panwinjet.com\/product\/2800bar-high-pressure-hydro-jet-blasting-cleaning-machine-parts-for-shipyard-cleaning-4-blades-rotary-nozzles\/","name":"2800Bar high Pressure Hydro Jet Blasting cleaning machine Parts for shipyard cleaning 4 Blades rotary nozzles - Panwin Machinery&amp;Equipment","isPartOf":{"@id":"https:\/\/panwinjet.com\/#website"},"primaryImageOfPage":{"@id":"https:\/\/panwinjet.com\/product\/2800bar-high-pressure-hydro-jet-blasting-cleaning-machine-parts-for-shipyard-cleaning-4-blades-rotary-nozzles\/#primaryimage"},"image":{"@id":"https:\/\/panwinjet.com\/product\/2800bar-high-pressure-hydro-jet-blasting-cleaning-machine-parts-for-shipyard-cleaning-4-blades-rotary-nozzles\/#primaryimage"},"thumbnailUrl":"https:\/\/panwinjet.com\/wp-content\/uploads\/2025\/09\/\u5fae\u4fe1\u56fe\u7247_20250401063453-1.jpg","datePublished":"2025-09-21T13:51:29+00:00","breadcrumb":{"@id":"https:\/\/panwinjet.com\/product\/2800bar-high-pressure-hydro-jet-blasting-cleaning-machine-parts-for-shipyard-cleaning-4-blades-rotary-nozzles\/#breadcrumb"},"inLanguage":"es","potentialAction":[{"@type":"ReadAction","target":["https:\/\/panwinjet.com\/product\/2800bar-high-pressure-hydro-jet-blasting-cleaning-machine-parts-for-shipyard-cleaning-4-blades-rotary-nozzles\/"]}]},{"@type":"ImageObject","inLanguage":"es","@id":"https:\/\/panwinjet.com\/product\/2800bar-high-pressure-hydro-jet-blasting-cleaning-machine-parts-for-shipyard-cleaning-4-blades-rotary-nozzles\/#primaryimage","url":"https:\/\/panwinjet.com\/wp-content\/uploads\/2025\/09\/\u5fae\u4fe1\u56fe\u7247_20250401063453-1.jpg","contentUrl":"https:\/\/panwinjet.com\/wp-content\/uploads\/2025\/09\/\u5fae\u4fe1\u56fe\u7247_20250401063453-1.jpg","width":1279,"height":1706},{"@type":"BreadcrumbList","@id":"https:\/\/panwinjet.com\/product\/2800bar-high-pressure-hydro-jet-blasting-cleaning-machine-parts-for-shipyard-cleaning-4-blades-rotary-nozzles\/#breadcrumb","itemListElement":[{"@type":"ListItem","position":1,"name":"\u9996\u9875","item":"https:\/\/panwinjet.com\/"},{"@type":"ListItem","position":2,"name":"PRODUCT","item":"https:\/\/panwinjet.com\/product\/"},{"@type":"ListItem","position":3,"name":"2800Bar high Pressure Hydro Jet Blasting cleaning machine Parts for shipyard cleaning 4 Blades rotary nozzles"}]},{"@type":"WebSite","@id":"https:\/\/panwinjet.com\/#website","url":"https:\/\/panwinjet.com\/","name":"Panwin Machinery&amp;Equipment","description":"Shenzhen Panwin Machinery&amp;Equipment Co.Ltd","potentialAction":[{"@type":"SearchAction","target":{"@type":"EntryPoint","urlTemplate":"https:\/\/panwinjet.com\/?s={search_term_string}"},"query-input":{"@type":"PropertyValueSpecification","valueRequired":true,"valueName":"search_term_string"}}],"inLanguage":"es"}]}},"_links":{"self":[{"href":"https:\/\/panwinjet.com\/es\/wp-json\/wp\/v2\/product\/552","targetHints":{"allow":["GET"]}}],"collection":[{"href":"https:\/\/panwinjet.com\/es\/wp-json\/wp\/v2\/product"}],"about":[{"href":"https:\/\/panwinjet.com\/es\/wp-json\/wp\/v2\/types\/product"}],"wp:featuredmedia":[{"embeddable":true,"href":"https:\/\/panwinjet.com\/es\/wp-json\/wp\/v2\/media\/1198"}],"wp:attachment":[{"href":"https:\/\/panwinjet.com\/es\/wp-json\/wp\/v2\/media?parent=552"}],"wp:term":[{"taxonomy":"product_brand","embeddable":true,"href":"https:\/\/panwinjet.com\/es\/wp-json\/wp\/v2\/product_brand?post=552"},{"taxonomy":"product_cat","embeddable":true,"href":"https:\/\/panwinjet.com\/es\/wp-json\/wp\/v2\/product_cat?post=552"},{"taxonomy":"product_tag","embeddable":true,"href":"https:\/\/panwinjet.com\/es\/wp-json\/wp\/v2\/product_tag?post=552"}],"curies":[{"name":"wp","href":"https:\/\/api.w.org\/{rel}","templated":true}]}}