{"id":535,"date":"2025-09-18T04:07:53","date_gmt":"2025-09-18T04:07:53","guid":{"rendered":"https:\/\/panwinjet.com\/?post_type=product&#038;p=535"},"modified":"2025-09-18T04:07:53","modified_gmt":"2025-09-18T04:07:53","slug":"1500bar-high-pressure-3d-water-h3-orbiter-blasting-tank-vessels-cleaning-machine-tools","status":"publish","type":"product","link":"https:\/\/panwinjet.com\/es\/producto\/1500bar-high-pressure-3d-water-h3-orbiter-blasting-tank-vessels-cleaning-machine-tools\/","title":{"rendered":"M\u00e1quina herramienta para limpieza de tanques de chorro de agua 3D a alta presi\u00f3n (1500 bar) con orbitador H3."},"content":{"rendered":"<p><strong><b>M\u00e1quina herramienta para limpieza de tanques de chorro de agua 3D a alta presi\u00f3n (1500 bar) con orbitador H3.<\/b><\/strong><\/p>\n<p><strong><b>1. Introducci\u00f3n del producto <\/b><\/strong><strong><b>M\u00e1quina herramienta para limpieza de tanques de chorro de agua 3D a alta presi\u00f3n (1500 bar) con orbitador H3.<\/b><\/strong><\/p>\n<p><strong><b>El <\/b><\/strong><strong><b>M\u00e1quina herramienta para limpieza de tanques de chorro de agua 3D a alta presi\u00f3n (1500 bar) con orbitador H3.<\/b><\/strong><strong><b>\u00a0es<\/b><\/strong><strong><b>\u00a0Dise\u00f1ado para limpiar tanques y recipientes de forma eficaz y eficiente. La rotaci\u00f3n de las boquillas y el cuerpo permite que la herramienta realice una limpieza completa de 360 grados a presiones de hasta 22\u00a0000 psi (1500 bar). <\/b><\/strong><\/p>\n<p><strong><b>Los caudales requeridos se controlan a trav\u00e9s de cuatro opciones de colector diferentes que proporcionan de 10 a 80 gpm (de 37 a 302 lpm): Caudal alto, Caudal medio, Caudal bajo y Caudal extra bajo. <\/b><\/strong><\/p>\n<p><strong><b>Para controlar la velocidad de rotaci\u00f3n se utiliza un freno magn\u00e9tico que no requiere mantenimiento.<\/b><\/strong><\/p>\n<p><strong><b>\u00a0<\/b><\/strong><\/p>\n<p>&nbsp;<\/p>\n<p>&nbsp;<\/p>\n<p><strong><b>2. Par\u00e1metros del producto (especificaci\u00f3n) <\/b><\/strong><strong><b>M\u00e1quina herramienta para limpieza de tanques de chorro de agua 3D a alta presi\u00f3n (1500 bar) con orbitador H3.<\/b><\/strong><\/p>\n<p>&nbsp;<\/p>\n<p>&nbsp;<\/p>\n<p>&nbsp;<\/p>\n<ol start=\"3\">\n<li><b><\/b><strong><b>Caracter\u00edsticas y aplicaciones del producto <\/b><\/strong><strong><b>Agua 3D de alta presi\u00f3n de 1500 bar<\/b><\/strong><strong><b>-3 <\/b><\/strong><strong><b>M\u00e1quinas de limpieza de tanques de granallado Orbiter<\/b><\/strong><\/li>\n<\/ol>\n<p><strong><b>Este <\/b><\/strong><strong><b>Agua 3D de alta presi\u00f3n de 1500 bar<\/b><\/strong><strong><b>&#8211;<\/b><\/strong><strong><b>3 herramientas de limpieza de tanques de granallado Orbiter<\/b><\/strong><strong><b>\u00a0Est\u00e1 dise\u00f1ado para potentes herramientas de proceso de limpieza de tanques y cuenta con las siguientes potentes caracter\u00edsticas:<\/b><\/strong><\/p>\n<p><strong><b>1)<\/b><\/strong><strong><b>\u00a0Fabricado en acero inoxidable<\/b><\/strong><\/p>\n<p><strong><b>2)<\/b><\/strong><strong><b>\u00a0Componentes mejorados para una mayor vida \u00fatil<\/b><\/strong><\/p>\n<p><strong><b>3)<\/b><\/strong><strong><b>Velocidad de rotaci\u00f3n controlada por un freno magn\u00e9tico que no requiere mantenimiento.<\/b><\/strong><\/p>\n<p><strong><b>4)<\/b><\/strong><strong><b>Se ofrecen cuatro colectores para una mayor precisi\u00f3n en la aplicaci\u00f3n: Alto (50 a 80 gpm), Medio (28 a 55 gpm), Bajo (16 a 30 gpm) y Flujo Extra Bajo (10 a 18 gpm).<\/b><\/strong><\/p>","protected":false},"excerpt":{"rendered":"<ol start=\"3\">\n<li><b><\/b><strong><b>Detalles del producto<\/b><\/strong><b><\/b><strong><b>M\u00e1quina herramienta para limpieza de tanques de chorro de agua 3D a alta presi\u00f3n (1500 bar) con orbitador H3.<\/b><\/strong><\/li>\n<\/ol>\n<p><strong><b>El <\/b><\/strong><strong><b>M\u00e1quina herramienta para limpieza de tanques de chorro de agua 3D a alta presi\u00f3n (1500 bar) con orbitador H3.<\/b><\/strong><strong><b>\u00a0Posee muchas caracter\u00edsticas ventajosas e inigualables; a continuaci\u00f3n se detallan algunas de ellas: \u00a0<\/b><\/strong><\/p>\n<p><strong><b>A:<\/b><\/strong><strong><b>Disponemos de una amplia gama de accesorios, incluyendo centralizadores de jaula. <\/b><\/strong><\/p>\n<p><strong><b>y extensiones. Solo se pueden usar extensiones de 1&quot; o 2&quot; cuando la <\/b><\/strong><\/p>\n<p><strong><b>H<\/b><\/strong><strong><b>&#8211;<\/b><\/strong><strong><b>3<\/b><\/strong><strong><b>\u00a0<\/b><\/strong><strong><b>El orbitador est\u00e1 instalado en el centralizador.<\/b><\/strong><\/p>\n<p><strong><b>B:<\/b><\/strong><strong><b>\u00a0Para la limpieza de tuber\u00edas, el<\/b><\/strong><strong><b>\u00a0<\/b><\/strong><strong><b>M\u00e1quina herramienta para limpieza de tanques de chorro de agua 3D a alta presi\u00f3n (1500 bar) con orbitador H3.<\/b><\/strong><strong><b>\u00a0Puede colocarse en un centralizador con una placa protectora opcional. Al instalarse con el centralizador, la placa protectora permite un movimiento hacia adelante autogenerado con cada rotaci\u00f3n de 180\u00b0 del colector.<\/b><\/strong><\/p>\n<p>&nbsp;<\/p>","protected":false},"featured_media":541,"template":"","meta":[],"product_brand":[],"product_cat":[8],"product_tag":[],"class_list":{"0":"post-535","1":"product","2":"type-product","3":"status-publish","4":"has-post-thumbnail","6":"product_cat-giant-tank-cleaningcutting-device","8":"first","9":"instock","10":"shipping-taxable","11":"product-type-simple"},"yoast_head":"<!-- This site is optimized with the Yoast SEO plugin v24.9 - https:\/\/yoast.com\/wordpress\/plugins\/seo\/ -->\n<title>1500Bar High Pressure 3D Water H3 Orbiter Blasting Tank Vessels cleaning machine tools - Panwin Machinery&amp;Equipment<\/title>\n<meta name=\"robots\" content=\"index, follow, max-snippet:-1, max-image-preview:large, max-video-preview:-1\" \/>\n<link rel=\"canonical\" href=\"https:\/\/panwinjet.com\/es\/producto\/1500bar-high-pressure-3d-water-h3-orbiter-blasting-tank-vessels-cleaning-machine-tools\/\" \/>\n<meta property=\"og:locale\" content=\"es_ES\" \/>\n<meta property=\"og:type\" content=\"article\" \/>\n<meta property=\"og:title\" content=\"1500Bar High Pressure 3D Water H3 Orbiter Blasting Tank Vessels cleaning machine tools - Panwin Machinery&amp;Equipment\" \/>\n<meta property=\"og:description\" content=\"Product Details of1500Bar High Pressure 3D Water H3 Orbiter Blasting Tank Vessels cleaning machine tools  The 1500Bar High Pressure 3D Water H3 Orbiter Blasting Tank Vessels cleaning machine tools\u00a0has many unrivaled advantage characteristic,following are some of the advantages: \u00a0  A:Wide range of accessories are available including cage centralizers   and extensions. Only 1\u201d or 2\u201d extensions can be used when the   H-3\u00a0Orbiter is installed in the centralizer.  B:\u00a0For pipe cleaning, the\u00a01500Bar High Pressure 3D Water H3 Orbiter Blasting Tank Vessels cleaning machine tools\u00a0can be placed in a centralizer with an optional kick plate. When installed with the centralizer, the kick plate allows for self generated forward movement with each 180\u00b0 rotation of the manifold.  &nbsp;\" \/>\n<meta property=\"og:url\" content=\"https:\/\/panwinjet.com\/es\/producto\/1500bar-high-pressure-3d-water-h3-orbiter-blasting-tank-vessels-cleaning-machine-tools\/\" \/>\n<meta property=\"og:site_name\" content=\"Panwin Machinery&amp;Equipment\" \/>\n<meta property=\"og:image\" content=\"https:\/\/panwinjet.com\/wp-content\/uploads\/2025\/09\/H3-Orbiter-Blasting.jpg\" \/>\n\t<meta property=\"og:image:width\" content=\"1280\" \/>\n\t<meta property=\"og:image:height\" content=\"1706\" \/>\n\t<meta property=\"og:image:type\" content=\"image\/jpeg\" \/>\n<meta name=\"twitter:card\" content=\"summary_large_image\" \/>\n<meta name=\"twitter:label1\" content=\"Tiempo de lectura\" \/>\n\t<meta name=\"twitter:data1\" content=\"2 minutos\" \/>\n<script type=\"application\/ld+json\" class=\"yoast-schema-graph\">{\"@context\":\"https:\/\/schema.org\",\"@graph\":[{\"@type\":\"WebPage\",\"@id\":\"https:\/\/panwinjet.com\/product\/1500bar-high-pressure-3d-water-h3-orbiter-blasting-tank-vessels-cleaning-machine-tools\/\",\"url\":\"https:\/\/panwinjet.com\/product\/1500bar-high-pressure-3d-water-h3-orbiter-blasting-tank-vessels-cleaning-machine-tools\/\",\"name\":\"1500Bar High Pressure 3D Water H3 Orbiter Blasting Tank Vessels cleaning machine tools - Panwin Machinery&amp;Equipment\",\"isPartOf\":{\"@id\":\"https:\/\/panwinjet.com\/#website\"},\"primaryImageOfPage\":{\"@id\":\"https:\/\/panwinjet.com\/product\/1500bar-high-pressure-3d-water-h3-orbiter-blasting-tank-vessels-cleaning-machine-tools\/#primaryimage\"},\"image\":{\"@id\":\"https:\/\/panwinjet.com\/product\/1500bar-high-pressure-3d-water-h3-orbiter-blasting-tank-vessels-cleaning-machine-tools\/#primaryimage\"},\"thumbnailUrl\":\"https:\/\/panwinjet.com\/wp-content\/uploads\/2025\/09\/H3-Orbiter-Blasting.jpg\",\"datePublished\":\"2025-09-18T04:07:53+00:00\",\"breadcrumb\":{\"@id\":\"https:\/\/panwinjet.com\/product\/1500bar-high-pressure-3d-water-h3-orbiter-blasting-tank-vessels-cleaning-machine-tools\/#breadcrumb\"},\"inLanguage\":\"es\",\"potentialAction\":[{\"@type\":\"ReadAction\",\"target\":[\"https:\/\/panwinjet.com\/product\/1500bar-high-pressure-3d-water-h3-orbiter-blasting-tank-vessels-cleaning-machine-tools\/\"]}]},{\"@type\":\"ImageObject\",\"inLanguage\":\"es\",\"@id\":\"https:\/\/panwinjet.com\/product\/1500bar-high-pressure-3d-water-h3-orbiter-blasting-tank-vessels-cleaning-machine-tools\/#primaryimage\",\"url\":\"https:\/\/panwinjet.com\/wp-content\/uploads\/2025\/09\/H3-Orbiter-Blasting.jpg\",\"contentUrl\":\"https:\/\/panwinjet.com\/wp-content\/uploads\/2025\/09\/H3-Orbiter-Blasting.jpg\",\"width\":1280,\"height\":1706},{\"@type\":\"BreadcrumbList\",\"@id\":\"https:\/\/panwinjet.com\/product\/1500bar-high-pressure-3d-water-h3-orbiter-blasting-tank-vessels-cleaning-machine-tools\/#breadcrumb\",\"itemListElement\":[{\"@type\":\"ListItem\",\"position\":1,\"name\":\"\u9996\u9875\",\"item\":\"https:\/\/panwinjet.com\/\"},{\"@type\":\"ListItem\",\"position\":2,\"name\":\"PRODUCT\",\"item\":\"https:\/\/panwinjet.com\/product\/\"},{\"@type\":\"ListItem\",\"position\":3,\"name\":\"1500Bar High Pressure 3D Water H3 Orbiter Blasting Tank Vessels cleaning machine tools\"}]},{\"@type\":\"WebSite\",\"@id\":\"https:\/\/panwinjet.com\/#website\",\"url\":\"https:\/\/panwinjet.com\/\",\"name\":\"Panwin Machinery&amp;Equipment\",\"description\":\"Shenzhen Panwin Machinery&amp;Equipment Co.Ltd\",\"potentialAction\":[{\"@type\":\"SearchAction\",\"target\":{\"@type\":\"EntryPoint\",\"urlTemplate\":\"https:\/\/panwinjet.com\/?s={search_term_string}\"},\"query-input\":{\"@type\":\"PropertyValueSpecification\",\"valueRequired\":true,\"valueName\":\"search_term_string\"}}],\"inLanguage\":\"es\"}]}<\/script>\n<!-- \/ Yoast SEO plugin. -->","yoast_head_json":{"title":"1500Bar High Pressure 3D Water H3 Orbiter Blasting Tank Vessels cleaning machine tools - Panwin Machinery&amp;Equipment","robots":{"index":"index","follow":"follow","max-snippet":"max-snippet:-1","max-image-preview":"max-image-preview:large","max-video-preview":"max-video-preview:-1"},"canonical":"https:\/\/panwinjet.com\/es\/producto\/1500bar-high-pressure-3d-water-h3-orbiter-blasting-tank-vessels-cleaning-machine-tools\/","og_locale":"es_ES","og_type":"article","og_title":"1500Bar High Pressure 3D Water H3 Orbiter Blasting Tank Vessels cleaning machine tools - Panwin Machinery&amp;Equipment","og_description":"Product Details of1500Bar High Pressure 3D Water H3 Orbiter Blasting Tank Vessels cleaning machine tools  The 1500Bar High Pressure 3D Water H3 Orbiter Blasting Tank Vessels cleaning machine tools\u00a0has many unrivaled advantage characteristic,following are some of the advantages: \u00a0  A:Wide range of accessories are available including cage centralizers   and extensions. Only 1\u201d or 2\u201d extensions can be used when the   H-3\u00a0Orbiter is installed in the centralizer.  B:\u00a0For pipe cleaning, the\u00a01500Bar High Pressure 3D Water H3 Orbiter Blasting Tank Vessels cleaning machine tools\u00a0can be placed in a centralizer with an optional kick plate. When installed with the centralizer, the kick plate allows for self generated forward movement with each 180\u00b0 rotation of the manifold.  &nbsp;","og_url":"https:\/\/panwinjet.com\/es\/producto\/1500bar-high-pressure-3d-water-h3-orbiter-blasting-tank-vessels-cleaning-machine-tools\/","og_site_name":"Panwin Machinery&amp;Equipment","og_image":[{"width":1280,"height":1706,"url":"https:\/\/panwinjet.com\/wp-content\/uploads\/2025\/09\/H3-Orbiter-Blasting.jpg","type":"image\/jpeg"}],"twitter_card":"summary_large_image","twitter_misc":{"Tiempo de lectura":"2 minutos"},"schema":{"@context":"https:\/\/schema.org","@graph":[{"@type":"WebPage","@id":"https:\/\/panwinjet.com\/product\/1500bar-high-pressure-3d-water-h3-orbiter-blasting-tank-vessels-cleaning-machine-tools\/","url":"https:\/\/panwinjet.com\/product\/1500bar-high-pressure-3d-water-h3-orbiter-blasting-tank-vessels-cleaning-machine-tools\/","name":"1500Bar High Pressure 3D Water H3 Orbiter Blasting Tank Vessels cleaning machine tools - Panwin Machinery&amp;Equipment","isPartOf":{"@id":"https:\/\/panwinjet.com\/#website"},"primaryImageOfPage":{"@id":"https:\/\/panwinjet.com\/product\/1500bar-high-pressure-3d-water-h3-orbiter-blasting-tank-vessels-cleaning-machine-tools\/#primaryimage"},"image":{"@id":"https:\/\/panwinjet.com\/product\/1500bar-high-pressure-3d-water-h3-orbiter-blasting-tank-vessels-cleaning-machine-tools\/#primaryimage"},"thumbnailUrl":"https:\/\/panwinjet.com\/wp-content\/uploads\/2025\/09\/H3-Orbiter-Blasting.jpg","datePublished":"2025-09-18T04:07:53+00:00","breadcrumb":{"@id":"https:\/\/panwinjet.com\/product\/1500bar-high-pressure-3d-water-h3-orbiter-blasting-tank-vessels-cleaning-machine-tools\/#breadcrumb"},"inLanguage":"es","potentialAction":[{"@type":"ReadAction","target":["https:\/\/panwinjet.com\/product\/1500bar-high-pressure-3d-water-h3-orbiter-blasting-tank-vessels-cleaning-machine-tools\/"]}]},{"@type":"ImageObject","inLanguage":"es","@id":"https:\/\/panwinjet.com\/product\/1500bar-high-pressure-3d-water-h3-orbiter-blasting-tank-vessels-cleaning-machine-tools\/#primaryimage","url":"https:\/\/panwinjet.com\/wp-content\/uploads\/2025\/09\/H3-Orbiter-Blasting.jpg","contentUrl":"https:\/\/panwinjet.com\/wp-content\/uploads\/2025\/09\/H3-Orbiter-Blasting.jpg","width":1280,"height":1706},{"@type":"BreadcrumbList","@id":"https:\/\/panwinjet.com\/product\/1500bar-high-pressure-3d-water-h3-orbiter-blasting-tank-vessels-cleaning-machine-tools\/#breadcrumb","itemListElement":[{"@type":"ListItem","position":1,"name":"\u9996\u9875","item":"https:\/\/panwinjet.com\/"},{"@type":"ListItem","position":2,"name":"PRODUCT","item":"https:\/\/panwinjet.com\/product\/"},{"@type":"ListItem","position":3,"name":"1500Bar High Pressure 3D Water H3 Orbiter Blasting Tank Vessels cleaning machine tools"}]},{"@type":"WebSite","@id":"https:\/\/panwinjet.com\/#website","url":"https:\/\/panwinjet.com\/","name":"Panwin Machinery&amp;Equipment","description":"Shenzhen Panwin Machinery&amp;Equipment Co.Ltd","potentialAction":[{"@type":"SearchAction","target":{"@type":"EntryPoint","urlTemplate":"https:\/\/panwinjet.com\/?s={search_term_string}"},"query-input":{"@type":"PropertyValueSpecification","valueRequired":true,"valueName":"search_term_string"}}],"inLanguage":"es"}]}},"_links":{"self":[{"href":"https:\/\/panwinjet.com\/es\/wp-json\/wp\/v2\/product\/535","targetHints":{"allow":["GET"]}}],"collection":[{"href":"https:\/\/panwinjet.com\/es\/wp-json\/wp\/v2\/product"}],"about":[{"href":"https:\/\/panwinjet.com\/es\/wp-json\/wp\/v2\/types\/product"}],"wp:featuredmedia":[{"embeddable":true,"href":"https:\/\/panwinjet.com\/es\/wp-json\/wp\/v2\/media\/541"}],"wp:attachment":[{"href":"https:\/\/panwinjet.com\/es\/wp-json\/wp\/v2\/media?parent=535"}],"wp:term":[{"taxonomy":"product_brand","embeddable":true,"href":"https:\/\/panwinjet.com\/es\/wp-json\/wp\/v2\/product_brand?post=535"},{"taxonomy":"product_cat","embeddable":true,"href":"https:\/\/panwinjet.com\/es\/wp-json\/wp\/v2\/product_cat?post=535"},{"taxonomy":"product_tag","embeddable":true,"href":"https:\/\/panwinjet.com\/es\/wp-json\/wp\/v2\/product_tag?post=535"}],"curies":[{"name":"wp","href":"https:\/\/api.w.org\/{rel}","templated":true}]}}