{"id":523,"date":"2025-09-18T04:00:01","date_gmt":"2025-09-18T04:00:01","guid":{"rendered":"https:\/\/panwinjet.com\/?post_type=product&#038;p=523"},"modified":"2025-09-18T04:00:02","modified_gmt":"2025-09-18T04:00:02","slug":"the-ultra-high-pressure-20k-40k-water-blasting-machine-foot-valve","status":"publish","type":"product","link":"https:\/\/panwinjet.com\/es\/producto\/the-ultra-high-pressure-20k-40k-water-blasting-machine-foot-valve\/","title":{"rendered":"M\u00e1quina de chorro de agua a ultra alta presi\u00f3n 20K 40K con v\u00e1lvula de pie"},"content":{"rendered":"<ol>\n<li><b><\/b><strong><b>Presentaci\u00f3n del producto: M\u00e1quina de limpieza de tuber\u00edas con chorro de agua a ultra alta presi\u00f3n (20 kpsi - 1500 bar) con v\u00e1lvula de pie.<\/b><\/strong><\/li>\n<\/ol>\n<p>&nbsp;<\/p>\n<p><strong><b>Nosotros, Panwin <\/b><\/strong><strong><b>Conjunto de v\u00e1lvula de pie para limpieza industrial con chorro de agua a alta presi\u00f3n<\/b><\/strong><strong><b>\u00a0Est\u00e1 dise\u00f1ado y se utiliza como medida de precauci\u00f3n de seguridad.<\/b><\/strong><\/p>\n<p><strong><b>El <\/b><\/strong><strong><b>M\u00e1quina de chorro de agua a ultra alta presi\u00f3n con v\u00e1lvula de pie<\/b><\/strong><strong><b>\u00a0<\/b><\/strong><strong><b>Es adecuado para diversas operaciones de limpieza de tuber\u00edas con chorro de agua para ayudar a los operadores a controlar completamente el encendido y apagado del agua a alta presi\u00f3n.<\/b><\/strong><\/p>\n<p>&nbsp;<\/p>\n<p>&nbsp;<\/p>\n<ol start=\"2\">\n<li><b><\/b><strong><b>Par\u00e1metro del producto (especificaci\u00f3n) de <\/b><\/strong>M\u00e1quina de limpieza de tuber\u00edas con chorro de agua a ultra alta presi\u00f3n (20 kpsi - 1500 bar) con v\u00e1lvula de pie<\/li>\n<\/ol>\n<p>Esta m\u00e1quina de limpieza de tuber\u00edas con chorro de agua a ultra alta presi\u00f3n (20Kpsi-1500Bar) cuenta con una v\u00e1lvula de pie y una presi\u00f3n m\u00e1xima de 1500Bar, con un gran caudal de hasta 80L\/min, como se muestra a continuaci\u00f3n:<\/p>\n<p>&nbsp;<\/p>\n<p>&nbsp;<\/p>","protected":false},"excerpt":{"rendered":"<ol>\n<li><b><\/b><strong><b>Caracter\u00edsticas y aplicaciones de la m\u00e1quina de limpieza de tuber\u00edas con chorro de agua a ultra alta presi\u00f3n (20 kpsi - 1500 bar) con v\u00e1lvula de pie<\/b><\/strong><\/li>\n<\/ol>\n<p>El <strong><b>M\u00e1quina de limpieza de tuber\u00edas con chorro de agua a ultra alta presi\u00f3n (20 kpsi - 1500 bar) con v\u00e1lvula de pie<\/b><\/strong><strong><b>\u00a0Es un componente esencial para la limpieza a ultra alta presi\u00f3n, destacando por su seguridad y facilidad de uso. Se trata de un dispositivo de seguridad para el proceso de limpieza, adaptable a diferentes conexiones.<\/b><\/strong><\/p>\n<p><strong><b>\u00a0<\/b><\/strong><\/p>\n<p><strong><b>\u25c6El n\u00facleo de la v\u00e1lvula se puede reemplazar in situ en 30 segundos, minimizando el tiempo de inactividad;<\/b><\/strong><\/p>\n<p><strong><b>\u00a0<\/b><\/strong><\/p>\n<p><strong><b>\u25c6La caja fuerte <\/b><\/strong><strong><b>V\u00e1lvula de pie<\/b><\/strong><strong><b>\u00a0En comparaci\u00f3n con cualquier otra pistola de pulverizaci\u00f3n controlada con el pie del sector, la estructura de seguridad personalizada y la pared gruesa a prueba de explosiones ofrecen una protecci\u00f3n m\u00e1s completa para los operarios;<\/b><\/strong><\/p>\n<p><strong><b>\u00a0<\/b><\/strong><\/p>\n<p><strong><b>\u25c6El componente incorporado en forma de \u201cala\u201d puede evitar da\u00f1os externos a los componentes de alta presi\u00f3n y a los accesorios de conexi\u00f3n;<\/b><\/strong><\/p>\n<p><strong><b>\u00a0<\/b><\/strong><\/p>\n<p><strong><b>\u00a0<\/b><\/strong><\/p>\n<p><strong><b>Solicitud: <\/b><\/strong><\/p>\n<p>Industria de la construcci\u00f3n con chorro de agua a ultra alta presi\u00f3n<\/p>\n<p>Chorro de agua a presi\u00f3n por agua para la industria del hierro, el acero y los metales<\/p>\n<p>Ingenier\u00eda mec\u00e1nica y de aparatos para hidrolavadoras de alta presi\u00f3n<\/p>\n<p>Industria del cemento y el hormig\u00f3n<\/p>\n<p>Limpieza de superficies con barracuda de alta presi\u00f3n<\/p>\n<p>Piezas para equipos de limpieza UHP Hydro Jet<\/p>\n<p>Barras pulverizadoras de limpieza industrial<\/p>\n<p>M\u00e1quina de hidrolavado para la industria de refinaci\u00f3n de petr\u00f3leo<\/p>\n<p>Limpieza de superficies con chorro de agua a presi\u00f3n, limpieza de tanques y recipientes.<\/p>\n<p>Limpieza del intercambiador de calor,<\/p>\n<p>Limpieza de pintura de autom\u00f3viles, limpieza de la industria minera, limpieza de f\u00e1bricas de acero, etc.<\/p>\n<p>Equipos de limpieza de alcantarillado de alta presi\u00f3n para redes de tuber\u00edas municipales de suministro de agua y drenaje;<\/p>\n<p>&nbsp;<\/p>\n<p>&nbsp;<\/p>\n<p>&nbsp;<\/p>\n<p>&nbsp;<\/p>\n<ol start=\"2\">\n<li><b><\/b><strong><b>Detalles del producto: M\u00e1quina de limpieza de tuber\u00edas con chorro de agua a ultra alta presi\u00f3n (20 kpsi - 1500 bar) con v\u00e1lvula de pie.<\/b><\/strong><\/li>\n<\/ol>\n<p><strong><b>La v\u00e1lvula de pie Hydro Jet tiene como m\u00e1xima prioridad la seguridad en su dise\u00f1o y presenta m\u00e1s detalles a continuaci\u00f3n:<\/b><\/strong><\/p>\n<p><strong><b>\u25c6El difusor roscado se utiliza para recoger o descargar el agua de drenaje;<\/b><\/strong><\/p>\n<p><strong><b>\u00a0<\/b><\/strong><\/p>\n<p><strong><b>\u25c6Todos los componentes de alta presi\u00f3n son materiales importados para garantizar la calidad y la estabilidad del producto;<\/b><\/strong><\/p>\n<p><strong><b>\u00a0<\/b><\/strong><\/p>\n<p><strong><b>\u25c6Las roscas de entrada y salida son de sello c\u00f3nico interno de 9\/16LH, 24X1.5, 20X1.5 (todas se pueden personalizar).<\/b><\/strong><\/p>\n<p>&nbsp;<\/p>","protected":false},"featured_media":528,"template":"","meta":[],"product_brand":[],"product_cat":[11],"product_tag":[15],"class_list":{"0":"post-523","1":"product","2":"type-product","3":"status-publish","4":"has-post-thumbnail","6":"product_cat-ship-cleaning-device","7":"product_tag-foot-valve","9":"first","10":"instock","11":"shipping-taxable","12":"product-type-simple"},"yoast_head":"<!-- This site is optimized with the Yoast SEO plugin v24.9 - https:\/\/yoast.com\/wordpress\/plugins\/seo\/ -->\n<title>The ultra high pressure 20K 40K water blasting machine Foot Valve - Panwin Machinery&amp;Equipment<\/title>\n<meta name=\"robots\" content=\"index, follow, max-snippet:-1, max-image-preview:large, max-video-preview:-1\" \/>\n<link rel=\"canonical\" href=\"https:\/\/panwinjet.com\/es\/producto\/the-ultra-high-pressure-20k-40k-water-blasting-machine-foot-valve\/\" \/>\n<meta property=\"og:locale\" content=\"es_ES\" \/>\n<meta property=\"og:type\" content=\"article\" \/>\n<meta property=\"og:title\" content=\"The ultra high pressure 20K 40K water blasting machine Foot Valve - Panwin Machinery&amp;Equipment\" \/>\n<meta property=\"og:description\" content=\"Product Feature And Application of 20Kpsi-1500Bar water Jet pipe cleaning machine ultra high pressure water blasting machine Foot Valve  The 20Kpsi-1500Bar water Jet pipe cleaning machine ultra high pressure water blasting machine Foot Valve\u00a0is essential component for the Ultra-high pressure cleaning operation, it is featured safety and easy-operation. It is safety device for the cleaning processing, and it is adaptable with different device connection.  \u00a0  \u25c6The valve core can be replaced on site in 30 seconds, minimizing downtime;  \u00a0  \u25c6The safe Foot Valve\u00a0! Compared with any other foot-controlled spray gun in the industry, the customized safety frame and explosion-proof thick wall can provide more thoughtful protection for operators;  \u00a0  \u25c6The built-in &quot;wing-shaped&quot; component can prevent high-pressure components and connector accessories from external damage;  \u00a0  \u00a0  Application:   UHP Water Blasting Construction Industry  Hydro Jet blaster Iron, Steel And Metal Industry  high pressure waterblaster\u00a0Mechanical\u00a0and Apparatus Engineering  Cements and Concrete Industry  high pressure barracuda\u00a0Surface cleaning  UHP hydro Jet cleaning equipment parts  Industrial Cleaning Spray Bars  hydro blasting machine\u00a0for petroleum refining industry  Hydro Jet Surface Cleaning,Tank&amp;Vessel Cleaning,  Heat Exchange Cleaning,  Automotive Painting cleaning Mining industry cleaning Steel manufacture cleaning etc.  High pressure sewer cleaning equipment\u00a0for municipal pipe networks\u00a0water supply and drainage pipelines;  &nbsp;  &nbsp;  &nbsp;  &nbsp;   Product Details of 20Kpsi-1500Bar water Jet pipe cleaning machine ultra high pressure water blasting machine Foot Valve  The Hydro Jet Foot Valve have the safety first priority in design and feature more details as follows:  \u25c6The threaded diffuser is used to collect or discharge drain water;  \u00a0  \u25c6All high-pressure components are imported materials to ensure product quality and stability;  \u00a0  \u25c6The inlet and outlet threads are 9\/16LH internal cone seal, 24X1.5, 20X1.5 (all can be customized).  &nbsp;\" \/>\n<meta property=\"og:url\" content=\"https:\/\/panwinjet.com\/es\/producto\/the-ultra-high-pressure-20k-40k-water-blasting-machine-foot-valve\/\" \/>\n<meta property=\"og:site_name\" content=\"Panwin Machinery&amp;Equipment\" \/>\n<meta property=\"article:modified_time\" content=\"2025-09-18T04:00:02+00:00\" \/>\n<meta property=\"og:image\" content=\"https:\/\/panwinjet.com\/wp-content\/uploads\/2025\/09\/20K-Foot-Valve-6.jpg\" \/>\n\t<meta property=\"og:image:width\" content=\"1080\" \/>\n\t<meta property=\"og:image:height\" content=\"1440\" \/>\n\t<meta property=\"og:image:type\" content=\"image\/jpeg\" \/>\n<meta name=\"twitter:card\" content=\"summary_large_image\" \/>\n<meta name=\"twitter:label1\" content=\"Tiempo de lectura\" \/>\n\t<meta name=\"twitter:data1\" content=\"1 minuto\" \/>\n<script type=\"application\/ld+json\" class=\"yoast-schema-graph\">{\"@context\":\"https:\/\/schema.org\",\"@graph\":[{\"@type\":\"WebPage\",\"@id\":\"https:\/\/panwinjet.com\/product\/the-ultra-high-pressure-20k-40k-water-blasting-machine-foot-valve\/\",\"url\":\"https:\/\/panwinjet.com\/product\/the-ultra-high-pressure-20k-40k-water-blasting-machine-foot-valve\/\",\"name\":\"The ultra high pressure 20K 40K water blasting machine Foot Valve - Panwin Machinery&amp;Equipment\",\"isPartOf\":{\"@id\":\"https:\/\/panwinjet.com\/#website\"},\"primaryImageOfPage\":{\"@id\":\"https:\/\/panwinjet.com\/product\/the-ultra-high-pressure-20k-40k-water-blasting-machine-foot-valve\/#primaryimage\"},\"image\":{\"@id\":\"https:\/\/panwinjet.com\/product\/the-ultra-high-pressure-20k-40k-water-blasting-machine-foot-valve\/#primaryimage\"},\"thumbnailUrl\":\"https:\/\/panwinjet.com\/wp-content\/uploads\/2025\/09\/20K-Foot-Valve-6.jpg\",\"datePublished\":\"2025-09-18T04:00:01+00:00\",\"dateModified\":\"2025-09-18T04:00:02+00:00\",\"breadcrumb\":{\"@id\":\"https:\/\/panwinjet.com\/product\/the-ultra-high-pressure-20k-40k-water-blasting-machine-foot-valve\/#breadcrumb\"},\"inLanguage\":\"es\",\"potentialAction\":[{\"@type\":\"ReadAction\",\"target\":[\"https:\/\/panwinjet.com\/product\/the-ultra-high-pressure-20k-40k-water-blasting-machine-foot-valve\/\"]}]},{\"@type\":\"ImageObject\",\"inLanguage\":\"es\",\"@id\":\"https:\/\/panwinjet.com\/product\/the-ultra-high-pressure-20k-40k-water-blasting-machine-foot-valve\/#primaryimage\",\"url\":\"https:\/\/panwinjet.com\/wp-content\/uploads\/2025\/09\/20K-Foot-Valve-6.jpg\",\"contentUrl\":\"https:\/\/panwinjet.com\/wp-content\/uploads\/2025\/09\/20K-Foot-Valve-6.jpg\",\"width\":1080,\"height\":1440},{\"@type\":\"BreadcrumbList\",\"@id\":\"https:\/\/panwinjet.com\/product\/the-ultra-high-pressure-20k-40k-water-blasting-machine-foot-valve\/#breadcrumb\",\"itemListElement\":[{\"@type\":\"ListItem\",\"position\":1,\"name\":\"\u9996\u9875\",\"item\":\"https:\/\/panwinjet.com\/\"},{\"@type\":\"ListItem\",\"position\":2,\"name\":\"PRODUCT\",\"item\":\"https:\/\/panwinjet.com\/product\/\"},{\"@type\":\"ListItem\",\"position\":3,\"name\":\"The ultra high pressure 20K 40K water blasting machine Foot Valve\"}]},{\"@type\":\"WebSite\",\"@id\":\"https:\/\/panwinjet.com\/#website\",\"url\":\"https:\/\/panwinjet.com\/\",\"name\":\"Panwin Machinery&amp;Equipment\",\"description\":\"Shenzhen Panwin Machinery&amp;Equipment Co.Ltd\",\"potentialAction\":[{\"@type\":\"SearchAction\",\"target\":{\"@type\":\"EntryPoint\",\"urlTemplate\":\"https:\/\/panwinjet.com\/?s={search_term_string}\"},\"query-input\":{\"@type\":\"PropertyValueSpecification\",\"valueRequired\":true,\"valueName\":\"search_term_string\"}}],\"inLanguage\":\"es\"}]}<\/script>\n<!-- \/ Yoast SEO plugin. -->","yoast_head_json":{"title":"The ultra high pressure 20K 40K water blasting machine Foot Valve - Panwin Machinery&amp;Equipment","robots":{"index":"index","follow":"follow","max-snippet":"max-snippet:-1","max-image-preview":"max-image-preview:large","max-video-preview":"max-video-preview:-1"},"canonical":"https:\/\/panwinjet.com\/es\/producto\/the-ultra-high-pressure-20k-40k-water-blasting-machine-foot-valve\/","og_locale":"es_ES","og_type":"article","og_title":"The ultra high pressure 20K 40K water blasting machine Foot Valve - Panwin Machinery&amp;Equipment","og_description":"Product Feature And Application of 20Kpsi-1500Bar water Jet pipe cleaning machine ultra high pressure water blasting machine Foot Valve  The 20Kpsi-1500Bar water Jet pipe cleaning machine ultra high pressure water blasting machine Foot Valve\u00a0is essential component for the Ultra-high pressure cleaning operation, it is featured safety and easy-operation. It is safety device for the cleaning processing, and it is adaptable with different device connection.  \u00a0  \u25c6The valve core can be replaced on site in 30 seconds, minimizing downtime;  \u00a0  \u25c6The safe Foot Valve\u00a0! Compared with any other foot-controlled spray gun in the industry, the customized safety frame and explosion-proof thick wall can provide more thoughtful protection for operators;  \u00a0  \u25c6The built-in \"wing-shaped\" component can prevent high-pressure components and connector accessories from external damage;  \u00a0  \u00a0  Application:   UHP Water Blasting Construction Industry  Hydro Jet blaster Iron, Steel And Metal Industry  high pressure waterblaster\u00a0Mechanical\u00a0and Apparatus Engineering  Cements and Concrete Industry  high pressure barracuda\u00a0Surface cleaning  UHP hydro Jet cleaning equipment parts  Industrial Cleaning Spray Bars  hydro blasting machine\u00a0for petroleum refining industry  Hydro Jet Surface Cleaning,Tank&amp;Vessel Cleaning,  Heat Exchange Cleaning,  Automotive Painting cleaning Mining industry cleaning Steel manufacture cleaning etc.  High pressure sewer cleaning equipment\u00a0for municipal pipe networks\u00a0water supply and drainage pipelines;  &nbsp;  &nbsp;  &nbsp;  &nbsp;   Product Details of 20Kpsi-1500Bar water Jet pipe cleaning machine ultra high pressure water blasting machine Foot Valve  The Hydro Jet Foot Valve have the safety first priority in design and feature more details as follows:  \u25c6The threaded diffuser is used to collect or discharge drain water;  \u00a0  \u25c6All high-pressure components are imported materials to ensure product quality and stability;  \u00a0  \u25c6The inlet and outlet threads are 9\/16LH internal cone seal, 24X1.5, 20X1.5 (all can be customized).  &nbsp;","og_url":"https:\/\/panwinjet.com\/es\/producto\/the-ultra-high-pressure-20k-40k-water-blasting-machine-foot-valve\/","og_site_name":"Panwin Machinery&amp;Equipment","article_modified_time":"2025-09-18T04:00:02+00:00","og_image":[{"width":1080,"height":1440,"url":"https:\/\/panwinjet.com\/wp-content\/uploads\/2025\/09\/20K-Foot-Valve-6.jpg","type":"image\/jpeg"}],"twitter_card":"summary_large_image","twitter_misc":{"Tiempo de lectura":"1 minuto"},"schema":{"@context":"https:\/\/schema.org","@graph":[{"@type":"WebPage","@id":"https:\/\/panwinjet.com\/product\/the-ultra-high-pressure-20k-40k-water-blasting-machine-foot-valve\/","url":"https:\/\/panwinjet.com\/product\/the-ultra-high-pressure-20k-40k-water-blasting-machine-foot-valve\/","name":"The ultra high pressure 20K 40K water blasting machine Foot Valve - Panwin Machinery&amp;Equipment","isPartOf":{"@id":"https:\/\/panwinjet.com\/#website"},"primaryImageOfPage":{"@id":"https:\/\/panwinjet.com\/product\/the-ultra-high-pressure-20k-40k-water-blasting-machine-foot-valve\/#primaryimage"},"image":{"@id":"https:\/\/panwinjet.com\/product\/the-ultra-high-pressure-20k-40k-water-blasting-machine-foot-valve\/#primaryimage"},"thumbnailUrl":"https:\/\/panwinjet.com\/wp-content\/uploads\/2025\/09\/20K-Foot-Valve-6.jpg","datePublished":"2025-09-18T04:00:01+00:00","dateModified":"2025-09-18T04:00:02+00:00","breadcrumb":{"@id":"https:\/\/panwinjet.com\/product\/the-ultra-high-pressure-20k-40k-water-blasting-machine-foot-valve\/#breadcrumb"},"inLanguage":"es","potentialAction":[{"@type":"ReadAction","target":["https:\/\/panwinjet.com\/product\/the-ultra-high-pressure-20k-40k-water-blasting-machine-foot-valve\/"]}]},{"@type":"ImageObject","inLanguage":"es","@id":"https:\/\/panwinjet.com\/product\/the-ultra-high-pressure-20k-40k-water-blasting-machine-foot-valve\/#primaryimage","url":"https:\/\/panwinjet.com\/wp-content\/uploads\/2025\/09\/20K-Foot-Valve-6.jpg","contentUrl":"https:\/\/panwinjet.com\/wp-content\/uploads\/2025\/09\/20K-Foot-Valve-6.jpg","width":1080,"height":1440},{"@type":"BreadcrumbList","@id":"https:\/\/panwinjet.com\/product\/the-ultra-high-pressure-20k-40k-water-blasting-machine-foot-valve\/#breadcrumb","itemListElement":[{"@type":"ListItem","position":1,"name":"\u9996\u9875","item":"https:\/\/panwinjet.com\/"},{"@type":"ListItem","position":2,"name":"PRODUCT","item":"https:\/\/panwinjet.com\/product\/"},{"@type":"ListItem","position":3,"name":"The ultra high pressure 20K 40K water blasting machine Foot Valve"}]},{"@type":"WebSite","@id":"https:\/\/panwinjet.com\/#website","url":"https:\/\/panwinjet.com\/","name":"Panwin Machinery&amp;Equipment","description":"Shenzhen Panwin Machinery&amp;Equipment Co.Ltd","potentialAction":[{"@type":"SearchAction","target":{"@type":"EntryPoint","urlTemplate":"https:\/\/panwinjet.com\/?s={search_term_string}"},"query-input":{"@type":"PropertyValueSpecification","valueRequired":true,"valueName":"search_term_string"}}],"inLanguage":"es"}]}},"_links":{"self":[{"href":"https:\/\/panwinjet.com\/es\/wp-json\/wp\/v2\/product\/523","targetHints":{"allow":["GET"]}}],"collection":[{"href":"https:\/\/panwinjet.com\/es\/wp-json\/wp\/v2\/product"}],"about":[{"href":"https:\/\/panwinjet.com\/es\/wp-json\/wp\/v2\/types\/product"}],"wp:featuredmedia":[{"embeddable":true,"href":"https:\/\/panwinjet.com\/es\/wp-json\/wp\/v2\/media\/528"}],"wp:attachment":[{"href":"https:\/\/panwinjet.com\/es\/wp-json\/wp\/v2\/media?parent=523"}],"wp:term":[{"taxonomy":"product_brand","embeddable":true,"href":"https:\/\/panwinjet.com\/es\/wp-json\/wp\/v2\/product_brand?post=523"},{"taxonomy":"product_cat","embeddable":true,"href":"https:\/\/panwinjet.com\/es\/wp-json\/wp\/v2\/product_cat?post=523"},{"taxonomy":"product_tag","embeddable":true,"href":"https:\/\/panwinjet.com\/es\/wp-json\/wp\/v2\/product_tag?post=523"}],"curies":[{"name":"wp","href":"https:\/\/api.w.org\/{rel}","templated":true}]}}