{"id":507,"date":"2025-09-18T03:30:06","date_gmt":"2025-09-18T03:30:06","guid":{"rendered":"https:\/\/panwinjet.com\/?post_type=product&#038;p=507"},"modified":"2025-09-18T03:30:06","modified_gmt":"2025-09-18T03:30:06","slug":"china-manufacturer-uhp-2800bar-15-degree-offset-nozzle-carrier-with-long-water-line-nozzles","status":"publish","type":"product","link":"https:\/\/panwinjet.com\/es\/producto\/china-manufacturer-uhp-2800bar-15-degree-offset-nozzle-carrier-with-long-water-line-nozzles\/","title":{"rendered":"Fabricante chino: Portaboquillas UHP 2800 Bar con desplazamiento de 15 grados y boquillas para l\u00ednea de agua larga."},"content":{"rendered":"<p><strong><b>Fabricante chino UHP 2800Bar <\/b><\/strong><strong><b>Portaboquillas con desplazamiento de 15 grados y boquillas de l\u00ednea de agua larga<\/b><\/strong><\/p>\n<p><strong><b>\u00a0<\/b><\/strong><\/p>\n<p><strong><b>\u00a0<\/b><\/strong><\/p>\n<ol>\n<li><b><\/b><strong><b>Introducci\u00f3n de producto de <\/b><\/strong><strong><b>Portaboquillas con desplazamiento de 15 grados y boquillas de l\u00ednea de agua larga.<\/b><\/strong><\/li>\n<\/ol>\n<p>El fabricante chino UHP 2800Bar 15 grados de desplazamiento de boquilla portadora con boquillas de l\u00ednea de agua larga es el UHP Con la pistola de pulverizaci\u00f3n de aire, las boquillas de desplazamiento utilizan <strong><b>Orificio \u00fanico que maximiza la fuerza de impacto y aplica boquillas de 3\/8 a 9,55 mm sin retenedor.<\/b><\/strong><\/p>\n<p><strong><b>Y el <\/b><\/strong>El portaboquillas desplazado de 15 grados UHP 2800Bar es compatible con NLB CM27174.<\/p>\n<p><strong><b>\u00a0<\/b><\/strong><\/p>\n<p>&nbsp;<\/p>\n<p><strong><b>Par\u00e1metro del producto (especificaci\u00f3n) de <\/b><\/strong><strong><b>Fabricante chino UHP 2800Bar <\/b><\/strong><strong><b>Portaboquillas con desplazamiento de 15 grados y boquillas de l\u00ednea de agua larga<\/b><\/strong><\/p>\n<p><strong><b>El fabricante chino UHP 2800Bar <\/b><\/strong><strong><b>Portaboquillas con desplazamiento de 15 grados y boquillas de l\u00ednea de agua larga<\/b><\/strong><strong><b>\u00a0Tiene un dise\u00f1o compacto y una presi\u00f3n de 2800 bares. <\/b><\/strong><strong><b>Portaboquillas con desplazamiento de 15 grados <\/b><\/strong><strong><b>Son compatibles con muchos modelos.<\/b><\/strong><\/p>\n<p><strong><b>Y las boquillas se adaptan a<\/b><\/strong><strong><b>\u00a0una amplia selecci\u00f3n de cabezales multiorificio <\/b><\/strong><strong><b>compatible <\/b><\/strong><strong><b>para lanzas rotativas NCG8450A-3 y NCG8450A-3L<\/b><\/strong><strong><b>.<\/b><\/strong><\/p>\n<p><strong><b>\u00a0<\/b><\/strong><\/p>\n<p><strong><b>\u00a0<\/b><\/strong><\/p>\n<p><strong><b>Y el par\u00e1metro como sigue:<\/b><\/strong><\/p>","protected":false},"excerpt":{"rendered":"<p><strong><b>El <\/b><\/strong><strong><b>Fabricante chino UHP 2800Bar <\/b><\/strong><strong><b>Portaboquillas con desplazamiento de 15 grados y boquillas de l\u00ednea de agua larga<\/b><\/strong><\/p>\n<p><strong><b>Fabricante chino UHP 2800Bar <\/b><\/strong><strong><b>Portaboquillas con desplazamiento de 15 grados y boquillas de l\u00ednea de agua larga<\/b><\/strong><strong><b>\u00a0Tiene muchas caracter\u00edsticas ventajosas:<\/b><\/strong><\/p>\n<p><strong><b>1)<\/b><\/strong><strong><b>Rotaci\u00f3n de velocidad variable, hasta 3.000 rpm<\/b><\/strong><\/p>\n<p><strong><b>2) <\/b><\/strong><strong><b>Reparable en campo<\/b><\/strong><\/p>\n<p><strong><b>3)<\/b><\/strong><strong><b>Dise\u00f1o ligero y ergon\u00f3mico;<\/b><\/strong><\/p>\n<p><strong><b>4)<\/b><\/strong><strong><b>Kit de reconstrucci\u00f3n disponible<\/b><\/strong><\/p>\n<p>&nbsp;<\/p>\n<p>&nbsp;<\/p>\n<p>&nbsp;<\/p>\n<p><strong><b>3. Caracter\u00edsticas y aplicaciones del producto <\/b><\/strong><strong><b>Fabricante chino UHP 2800Bar <\/b><\/strong><strong><b>Portaboquillas con desplazamiento de 15 grados y boquillas de l\u00ednea de agua larga<\/b><\/strong><\/p>\n<p><strong><b>El fabricante chino UHP 2800Bar <\/b><\/strong><strong><b>Portaboquillas con desplazamiento de 15 grados y boquillas de l\u00ednea de agua larga<\/b><\/strong><\/p>\n<p><strong><b>\u00a0<\/b><\/strong><\/p>\n<p><strong><b>Solicitud:<\/b><\/strong><\/p>\n<p>Nuestro <strong><b>Oferta especial: Intercambiador de calor articulado UHP 40K 2800 bar con lanza flexible y dispositivo de seguridad antirretirada.<\/b><\/strong><strong><b>\u00a0Se utiliza principalmente en intercambiadores de calor de lanza flexible y tubo. <\/b><\/strong><\/p>\n<p><strong><b>\u00a0<\/b><\/strong><\/p>\n<p><strong><b>Y el chorro de agua tiene un uso mucho m\u00e1s amplio en las siguientes \u00e1reas:<\/b><\/strong><\/p>\n<p>Industria de la construcci\u00f3n con chorro de agua a ultra alta presi\u00f3n<\/p>\n<p>Chorro de agua a presi\u00f3n por agua para la industria del hierro, el acero y los metales<\/p>\n<p>Ingenier\u00eda mec\u00e1nica y de aparatos para hidrolavadoras de alta presi\u00f3n<\/p>\n<p>Industria del cemento y el hormig\u00f3n<\/p>\n<p>Limpieza de superficies con barracuda de alta presi\u00f3n<\/p>\n<p>Piezas para equipos de limpieza UHP Hydro Jet<\/p>\n<p>Barras pulverizadoras de limpieza industrial<\/p>\n<p>M\u00e1quina de hidrolavado para la industria de refinaci\u00f3n de petr\u00f3leo<\/p>\n<p>Limpieza de superficies con chorro de agua a presi\u00f3n, limpieza de tanques y recipientes.<\/p>\n<p>Limpieza del intercambiador de calor,<\/p>\n<p>Limpieza de pintura de autom\u00f3viles, limpieza de la industria minera, limpieza de f\u00e1bricas de acero, etc.<\/p>\n<p>Equipos de limpieza de alcantarillado de alta presi\u00f3n para redes de tuber\u00edas municipales de suministro de agua y drenaje;<\/p>","protected":false},"featured_media":-1,"template":"","meta":[],"product_brand":[],"product_cat":[5],"product_tag":[],"class_list":{"0":"post-507","1":"product","2":"type-product","3":"status-publish","4":"has-post-thumbnail","6":"product_cat-uhp-rotating-nozzles","8":"first","9":"instock","10":"shipping-taxable","11":"product-type-simple"},"yoast_head":"<!-- This site is optimized with the Yoast SEO plugin v24.9 - https:\/\/yoast.com\/wordpress\/plugins\/seo\/ -->\n<title>China Manufacturer UHP 2800Bar 15 Degree Offset Nozzle Carrier with Long Water line Nozzles - Panwin Machinery&amp;Equipment<\/title>\n<meta name=\"robots\" content=\"index, follow, max-snippet:-1, max-image-preview:large, max-video-preview:-1\" \/>\n<link rel=\"canonical\" href=\"https:\/\/panwinjet.com\/es\/producto\/china-manufacturer-uhp-2800bar-15-degree-offset-nozzle-carrier-with-long-water-line-nozzles\/\" \/>\n<meta property=\"og:locale\" content=\"es_ES\" \/>\n<meta property=\"og:type\" content=\"article\" \/>\n<meta property=\"og:title\" content=\"China Manufacturer UHP 2800Bar 15 Degree Offset Nozzle Carrier with Long Water line Nozzles - Panwin Machinery&amp;Equipment\" \/>\n<meta property=\"og:description\" content=\"The China Manufacturer UHP 2800Bar 15 Degree Offset Nozzle Carrier with Long Water line Nozzles  China Manufacturer UHP 2800Bar 15 Degree Offset Nozzle Carrier with Long Water line Nozzles\u00a0has many advantage features:  1)Variable speed rotation,up to 3,000 rpm  2) Field-repairable  3)Lightweight, ergonomic design;  4)Rebuild kit available  &nbsp;  &nbsp;  &nbsp;  3.Product Feature And Application of China Manufacturer UHP 2800Bar 15 Degree Offset Nozzle Carrier with Long Water line Nozzles  The China Manufacturer UHP 2800Bar 15 Degree Offset Nozzle Carrier with Long Water line Nozzles  \u00a0  Application:  Our Hot Sale UHP 40K 2800Bar Articulated Heat Ex changer Flex Lance Anti-withdraw Safety Stop Device\u00a0mainly used in Heat exchanger Flex Lance and Tube,   \u00a0  and Water Blasting is far more wider use in area below:  UHP Water Blasting Construction Industry  Hydro Jet blaster Iron, Steel And Metal Industry  high pressure waterblaster\u00a0Mechanical\u00a0and Apparatus Engineering  Cements and Concrete Industry  high pressure barracuda\u00a0Surface cleaning  UHP hydro Jet cleaning equipment parts  Industrial Cleaning Spray Bars  hydro blasting machine for petroleum refining industry  Hydro Jet Surface Cleaning,Tank&amp;Vessel Cleaning,  Heat Exchange Cleaning,  Automotive Painting cleaning Mining industry cleaning Steel manufacture cleaning etc.  High pressure sewer cleaning equipment for municipal pipe networks water supply and drainage pipelines;\" \/>\n<meta property=\"og:url\" content=\"https:\/\/panwinjet.com\/es\/producto\/china-manufacturer-uhp-2800bar-15-degree-offset-nozzle-carrier-with-long-water-line-nozzles\/\" \/>\n<meta property=\"og:site_name\" content=\"Panwin Machinery&amp;Equipment\" \/>\n<meta name=\"twitter:card\" content=\"summary_large_image\" \/>\n<meta name=\"twitter:label1\" content=\"Tiempo de lectura\" \/>\n\t<meta name=\"twitter:data1\" content=\"1 minuto\" \/>\n<script type=\"application\/ld+json\" class=\"yoast-schema-graph\">{\"@context\":\"https:\/\/schema.org\",\"@graph\":[{\"@type\":\"WebPage\",\"@id\":\"https:\/\/panwinjet.com\/product\/china-manufacturer-uhp-2800bar-15-degree-offset-nozzle-carrier-with-long-water-line-nozzles\/\",\"url\":\"https:\/\/panwinjet.com\/product\/china-manufacturer-uhp-2800bar-15-degree-offset-nozzle-carrier-with-long-water-line-nozzles\/\",\"name\":\"China Manufacturer UHP 2800Bar 15 Degree Offset Nozzle Carrier with Long Water line Nozzles - Panwin Machinery&amp;Equipment\",\"isPartOf\":{\"@id\":\"https:\/\/panwinjet.com\/#website\"},\"datePublished\":\"2025-09-18T03:30:06+00:00\",\"breadcrumb\":{\"@id\":\"https:\/\/panwinjet.com\/product\/china-manufacturer-uhp-2800bar-15-degree-offset-nozzle-carrier-with-long-water-line-nozzles\/#breadcrumb\"},\"inLanguage\":\"es\",\"potentialAction\":[{\"@type\":\"ReadAction\",\"target\":[\"https:\/\/panwinjet.com\/product\/china-manufacturer-uhp-2800bar-15-degree-offset-nozzle-carrier-with-long-water-line-nozzles\/\"]}]},{\"@type\":\"BreadcrumbList\",\"@id\":\"https:\/\/panwinjet.com\/product\/china-manufacturer-uhp-2800bar-15-degree-offset-nozzle-carrier-with-long-water-line-nozzles\/#breadcrumb\",\"itemListElement\":[{\"@type\":\"ListItem\",\"position\":1,\"name\":\"\u9996\u9875\",\"item\":\"https:\/\/panwinjet.com\/\"},{\"@type\":\"ListItem\",\"position\":2,\"name\":\"PRODUCT\",\"item\":\"https:\/\/panwinjet.com\/product\/\"},{\"@type\":\"ListItem\",\"position\":3,\"name\":\"China Manufacturer UHP 2800Bar 15 Degree Offset Nozzle Carrier with Long Water line Nozzles\"}]},{\"@type\":\"WebSite\",\"@id\":\"https:\/\/panwinjet.com\/#website\",\"url\":\"https:\/\/panwinjet.com\/\",\"name\":\"Panwin Machinery&amp;Equipment\",\"description\":\"Shenzhen Panwin Machinery&amp;Equipment Co.Ltd\",\"potentialAction\":[{\"@type\":\"SearchAction\",\"target\":{\"@type\":\"EntryPoint\",\"urlTemplate\":\"https:\/\/panwinjet.com\/?s={search_term_string}\"},\"query-input\":{\"@type\":\"PropertyValueSpecification\",\"valueRequired\":true,\"valueName\":\"search_term_string\"}}],\"inLanguage\":\"es\"}]}<\/script>\n<!-- \/ Yoast SEO plugin. -->","yoast_head_json":{"title":"China Manufacturer UHP 2800Bar 15 Degree Offset Nozzle Carrier with Long Water line Nozzles - Panwin Machinery&amp;Equipment","robots":{"index":"index","follow":"follow","max-snippet":"max-snippet:-1","max-image-preview":"max-image-preview:large","max-video-preview":"max-video-preview:-1"},"canonical":"https:\/\/panwinjet.com\/es\/producto\/china-manufacturer-uhp-2800bar-15-degree-offset-nozzle-carrier-with-long-water-line-nozzles\/","og_locale":"es_ES","og_type":"article","og_title":"China Manufacturer UHP 2800Bar 15 Degree Offset Nozzle Carrier with Long Water line Nozzles - Panwin Machinery&amp;Equipment","og_description":"The China Manufacturer UHP 2800Bar 15 Degree Offset Nozzle Carrier with Long Water line Nozzles  China Manufacturer UHP 2800Bar 15 Degree Offset Nozzle Carrier with Long Water line Nozzles\u00a0has many advantage features:  1)Variable speed rotation,up to 3,000 rpm  2) Field-repairable  3)Lightweight, ergonomic design;  4)Rebuild kit available  &nbsp;  &nbsp;  &nbsp;  3.Product Feature And Application of China Manufacturer UHP 2800Bar 15 Degree Offset Nozzle Carrier with Long Water line Nozzles  The China Manufacturer UHP 2800Bar 15 Degree Offset Nozzle Carrier with Long Water line Nozzles  \u00a0  Application:  Our Hot Sale UHP 40K 2800Bar Articulated Heat Ex changer Flex Lance Anti-withdraw Safety Stop Device\u00a0mainly used in Heat exchanger Flex Lance and Tube,   \u00a0  and Water Blasting is far more wider use in area below:  UHP Water Blasting Construction Industry  Hydro Jet blaster Iron, Steel And Metal Industry  high pressure waterblaster\u00a0Mechanical\u00a0and Apparatus Engineering  Cements and Concrete Industry  high pressure barracuda\u00a0Surface cleaning  UHP hydro Jet cleaning equipment parts  Industrial Cleaning Spray Bars  hydro blasting machine for petroleum refining industry  Hydro Jet Surface Cleaning,Tank&amp;Vessel Cleaning,  Heat Exchange Cleaning,  Automotive Painting cleaning Mining industry cleaning Steel manufacture cleaning etc.  High pressure sewer cleaning equipment for municipal pipe networks water supply and drainage pipelines;","og_url":"https:\/\/panwinjet.com\/es\/producto\/china-manufacturer-uhp-2800bar-15-degree-offset-nozzle-carrier-with-long-water-line-nozzles\/","og_site_name":"Panwin Machinery&amp;Equipment","twitter_card":"summary_large_image","twitter_misc":{"Tiempo de lectura":"1 minuto"},"schema":{"@context":"https:\/\/schema.org","@graph":[{"@type":"WebPage","@id":"https:\/\/panwinjet.com\/product\/china-manufacturer-uhp-2800bar-15-degree-offset-nozzle-carrier-with-long-water-line-nozzles\/","url":"https:\/\/panwinjet.com\/product\/china-manufacturer-uhp-2800bar-15-degree-offset-nozzle-carrier-with-long-water-line-nozzles\/","name":"China Manufacturer UHP 2800Bar 15 Degree Offset Nozzle Carrier with Long Water line Nozzles - Panwin Machinery&amp;Equipment","isPartOf":{"@id":"https:\/\/panwinjet.com\/#website"},"datePublished":"2025-09-18T03:30:06+00:00","breadcrumb":{"@id":"https:\/\/panwinjet.com\/product\/china-manufacturer-uhp-2800bar-15-degree-offset-nozzle-carrier-with-long-water-line-nozzles\/#breadcrumb"},"inLanguage":"es","potentialAction":[{"@type":"ReadAction","target":["https:\/\/panwinjet.com\/product\/china-manufacturer-uhp-2800bar-15-degree-offset-nozzle-carrier-with-long-water-line-nozzles\/"]}]},{"@type":"BreadcrumbList","@id":"https:\/\/panwinjet.com\/product\/china-manufacturer-uhp-2800bar-15-degree-offset-nozzle-carrier-with-long-water-line-nozzles\/#breadcrumb","itemListElement":[{"@type":"ListItem","position":1,"name":"\u9996\u9875","item":"https:\/\/panwinjet.com\/"},{"@type":"ListItem","position":2,"name":"PRODUCT","item":"https:\/\/panwinjet.com\/product\/"},{"@type":"ListItem","position":3,"name":"China Manufacturer UHP 2800Bar 15 Degree Offset Nozzle Carrier with Long Water line Nozzles"}]},{"@type":"WebSite","@id":"https:\/\/panwinjet.com\/#website","url":"https:\/\/panwinjet.com\/","name":"Panwin Machinery&amp;Equipment","description":"Shenzhen Panwin Machinery&amp;Equipment Co.Ltd","potentialAction":[{"@type":"SearchAction","target":{"@type":"EntryPoint","urlTemplate":"https:\/\/panwinjet.com\/?s={search_term_string}"},"query-input":{"@type":"PropertyValueSpecification","valueRequired":true,"valueName":"search_term_string"}}],"inLanguage":"es"}]}},"_links":{"self":[{"href":"https:\/\/panwinjet.com\/es\/wp-json\/wp\/v2\/product\/507","targetHints":{"allow":["GET"]}}],"collection":[{"href":"https:\/\/panwinjet.com\/es\/wp-json\/wp\/v2\/product"}],"about":[{"href":"https:\/\/panwinjet.com\/es\/wp-json\/wp\/v2\/types\/product"}],"wp:featuredmedia":[{"embeddable":true,"href":"https:\/\/panwinjet.com\/es\/wp-json\/"}],"wp:attachment":[{"href":"https:\/\/panwinjet.com\/es\/wp-json\/wp\/v2\/media?parent=507"}],"wp:term":[{"taxonomy":"product_brand","embeddable":true,"href":"https:\/\/panwinjet.com\/es\/wp-json\/wp\/v2\/product_brand?post=507"},{"taxonomy":"product_cat","embeddable":true,"href":"https:\/\/panwinjet.com\/es\/wp-json\/wp\/v2\/product_cat?post=507"},{"taxonomy":"product_tag","embeddable":true,"href":"https:\/\/panwinjet.com\/es\/wp-json\/wp\/v2\/product_tag?post=507"}],"curies":[{"name":"wp","href":"https:\/\/api.w.org\/{rel}","templated":true}]}}