{"id":501,"date":"2025-09-18T03:25:35","date_gmt":"2025-09-18T03:25:35","guid":{"rendered":"https:\/\/panwinjet.com\/?post_type=product&#038;p=501"},"modified":"2025-10-01T08:20:56","modified_gmt":"2025-10-01T08:20:56","slug":"hot-sale-uhp-40k-2800bar-articulated-heat-ex-changer-flex-lance-anti-withdraw-safety-stop-device","status":"publish","type":"product","link":"https:\/\/panwinjet.com\/es\/producto\/hot-sale-uhp-40k-2800bar-articulated-heat-ex-changer-flex-lance-anti-withdraw-safety-stop-device\/","title":{"rendered":"Oferta especial: Intercambiador de calor articulado UHP 40K 2800 bar con lanza flexible y dispositivo de seguridad antirretirada."},"content":{"rendered":"<p><em><strong>Introducci\u00f3n del intercambiador de calor articulado UHP 40K 2800Bar de gran oferta con lanza flexible y dispositivo de parada de seguridad antirretroceso.<\/strong><\/em><\/p>\n<p>El dispositivo de seguridad antirretorno para lanza flexible articulada UHP 40K 2800 Bar, de gran oferta, es un dispositivo de seguridad UHP. Este dispositivo permite a los operadores colocar f\u00e1cilmente la lanza flexible delante del tubo, evitando as\u00ed que se retire accidentalmente durante la operaci\u00f3n.<\/p>\n<p>En el proceso de limpieza de tubos e intercambiadores de calor UHP 40K 2800Bar, el dispositivo de tope de seguridad anti-retirada Flex Lance hace que la limpieza de los tubos sea m\u00e1s segura y eficiente.<\/p>\n<p>Par\u00e1metro (especificaci\u00f3n) de venta caliente UHP 40K 2800Bar intercambiador de calor articulado Lanza flexible Dispositivo de parada de seguridad anti-retirada.<\/p>\n<p>El dispositivo de parada de seguridad anti-retirada de la lanza flexible del intercambiador de calor se conecta r\u00e1pidamente a la placa de tubos o al paquete de intercambio de calor y se ajusta en longitud para adaptarse a una amplia gama de tama\u00f1os de paquetes, lo que garantiza flexibilidad y tranquilidad en el trabajo para los operadores.<\/p>\n<p>El dispositivo de parada de seguridad anti-retirada de lanza flexible del intercambiador de calor articulado de 2800 bar est\u00e1 construido de acero de alto grado con manijas de aluminio, el dispositivo de parada de seguridad anti-retirada se ajusta f\u00e1cilmente a cualquier tama\u00f1o de placa tubular y se puede usar para haces de tubos verticales u horizontales.<\/p>\n<p>&nbsp;<\/p>\n<p><img decoding=\"async\" class=\"alignleft size-medium wp-image-1409 lazyload\" data-src=\"https:\/\/panwinjet.com\/wp-content\/uploads\/2025\/09\/UHP-Anti-Withdraw-Device-1-404x500.png\" alt=\"\" width=\"404\" height=\"500\" data-srcset=\"https:\/\/panwinjet.com\/wp-content\/uploads\/2025\/09\/UHP-Anti-Withdraw-Device-1-404x500.png 404w, https:\/\/panwinjet.com\/wp-content\/uploads\/2025\/09\/UHP-Anti-Withdraw-Device-1-242x300.png 242w, https:\/\/panwinjet.com\/wp-content\/uploads\/2025\/09\/UHP-Anti-Withdraw-Device-1-61x75.png 61w, https:\/\/panwinjet.com\/wp-content\/uploads\/2025\/09\/UHP-Anti-Withdraw-Device-1-480x594.png 480w, https:\/\/panwinjet.com\/wp-content\/uploads\/2025\/09\/UHP-Anti-Withdraw-Device-1.png 504w\" data-sizes=\"(max-width:767px) 404px, 404px\" src=\"data:image\/svg+xml;base64,PHN2ZyB3aWR0aD0iMSIgaGVpZ2h0PSIxIiB4bWxucz0iaHR0cDovL3d3dy53My5vcmcvMjAwMC9zdmciPjwvc3ZnPg==\" style=\"--smush-placeholder-width: 404px; --smush-placeholder-aspect-ratio: 404\/500;\" \/><\/p>\n<p>Y el par\u00e1metro como sigue:<\/p>\n<p>Longitud m\u00e1xima de limpieza del intercambiador de calor: 1 metro. El material es aleaci\u00f3n de aluminio y acero inoxidable de alta calidad. Presi\u00f3n m\u00e1xima: 3000 bar. Soporta fuerzas de empuje y tracci\u00f3n \u2265200 N. Di\u00e1metro interior de la lanza UHP: 3, 4, 5, 6 mm.<\/p>\n<p>Intercambiador de calor articulado UHP 40K 2800Bar, oferta especial, lanza flexible, dispositivo de parada de seguridad antirretorno.<\/p>\n<p>Oferta especial: Intercambiador de calor articulado UHP 40K 2800 bar con lanza flexible y dispositivo de seguridad antirretirada.<\/p>","protected":false},"excerpt":{"rendered":"<p><strong><b>Caracter\u00edsticas y aplicaciones de <\/b><\/strong><strong><b>Oferta especial: Intercambiador de calor articulado UHP 40K 2800 bar con lanza flexible y dispositivo de seguridad antirretirada.<\/b><\/strong><\/p>\n<p><strong><b>El <\/b><\/strong><strong><b>Dispositivo Anti-RETIRADA para limpieza de lanza en hidrojetting<\/b><\/strong><strong><b>\u00a0Se puede aplicar y ajustar a cualquier tama\u00f1o de placa tubular y funciona tanto vertical como horizontalmente. <\/b><\/strong><strong><b>Lanza flexible para intercambiador de calor articulado de 2800 bar<\/b><\/strong><strong><b>\u00a0Deja de tener muchas caracter\u00edsticas:<\/b><\/strong><\/p>\n<p><strong><b>A: Alto grado de Seguridad y prevenci\u00f3n eficiente.<\/b><\/strong><\/p>\n<p><strong><b>Con la seguridad como consideraci\u00f3n principal, el dispositivo de seguridad Flex Lance fue dise\u00f1ado para proteger al operador de una lanza flexible que sale de una placa tubular durante las operaciones de limpieza.<\/b><\/strong><\/p>\n<p><strong><b>\u00a0<\/b><\/strong><\/p>\n<p><strong><b>B: Altamente vers\u00e1til. <\/b><\/strong><\/p>\n<p><strong><b>El dispositivo Anti-RETIRADA para limpieza de lanza en hidrojetting se ajusta a cualquier tama\u00f1o de placa tubular y funciona tanto en vertical como en horizontal.<\/b><\/strong><\/p>\n<p><strong><b>C: Aplicaci\u00f3n adaptable y de alta eficiencia.<\/b><\/strong><\/p>\n<p><strong><b>Este vers\u00e1til <\/b><\/strong><strong><b>2800 bares de alta presi\u00f3n <\/b><\/strong><strong><b>El dispositivo de tope de lanza\/anti-retirada se adapta a aplicaciones verticales u horizontales, y su amplio rango de expansi\u00f3n se adapta a cualquier tama\u00f1o de placa de tubos.<\/b><\/strong><\/p>\n<p><strong><b>\u00a0<\/b><\/strong><strong><b>Solicitud:<\/b><\/strong><\/p>\n<p>Nuestro <strong><b>Oferta especial: Intercambiador de calor articulado UHP 40K 2800 bar con lanza flexible y dispositivo de seguridad antirretirada.<\/b><\/strong><strong><b> Se utiliza principalmente en intercambiadores de calor de lanza flexible y tubo.<\/b><\/strong><\/p>\n<p><strong><b>Y el chorro de agua tiene un uso mucho m\u00e1s amplio en las siguientes \u00e1reas:<\/b><\/strong><\/p>\n<p>Industria de la construcci\u00f3n con chorro de agua a ultra alta presi\u00f3n<\/p>\n<p>Chorro de agua a presi\u00f3n por agua para la industria del hierro, el acero y los metales<\/p>\n<p>Ingenier\u00eda mec\u00e1nica y de aparatos para hidrolavadoras de alta presi\u00f3n<\/p>\n<p>Industria del cemento y el hormig\u00f3n<\/p>\n<p>Limpieza de superficies con barracuda de alta presi\u00f3n<\/p>\n<p>Piezas para equipos de limpieza UHP Hydro Jet<\/p>\n<p>Barras pulverizadoras de limpieza industrial<\/p>\n<p>M\u00e1quina de hidrolavado para la industria de refinaci\u00f3n de petr\u00f3leo<\/p>\n<p>Limpieza de superficies con chorro de agua a presi\u00f3n, limpieza de tanques y recipientes.<\/p>\n<p>Limpieza del intercambiador de calor,<\/p>\n<p>Limpieza de pintura de autom\u00f3viles, limpieza de la industria minera, limpieza de f\u00e1bricas de acero, etc.<\/p>\n<p>Equipos de limpieza de alcantarillado de alta presi\u00f3n para redes de tuber\u00edas municipales de suministro de agua y drenaje;<\/p>","protected":false},"featured_media":1407,"template":"","meta":[],"product_brand":[],"product_cat":[9],"product_tag":[],"class_list":{"0":"post-501","1":"product","2":"type-product","3":"status-publish","4":"has-post-thumbnail","6":"product_cat-heat-exchanger-cleaning-device","8":"first","9":"instock","10":"shipping-taxable","11":"product-type-simple"},"yoast_head":"<!-- This site is optimized with the Yoast SEO plugin v24.9 - https:\/\/yoast.com\/wordpress\/plugins\/seo\/ -->\n<title>Hot Sale UHP 40K 2800Bar Articulated Heat Ex changer Flex Lance Anti-withdraw Safety Stop Device - Panwin Machinery&amp;Equipment<\/title>\n<meta name=\"robots\" content=\"index, follow, max-snippet:-1, max-image-preview:large, max-video-preview:-1\" \/>\n<link rel=\"canonical\" href=\"https:\/\/panwinjet.com\/es\/producto\/hot-sale-uhp-40k-2800bar-articulated-heat-ex-changer-flex-lance-anti-withdraw-safety-stop-device\/\" \/>\n<meta property=\"og:locale\" content=\"es_ES\" \/>\n<meta property=\"og:type\" content=\"article\" \/>\n<meta property=\"og:title\" content=\"Hot Sale UHP 40K 2800Bar Articulated Heat Ex changer Flex Lance Anti-withdraw Safety Stop Device - Panwin Machinery&amp;Equipment\" \/>\n<meta property=\"og:description\" content=\"Feature And Application of Hot Sale UHP 40K 2800Bar Articulated Heat Ex changer Flex Lance Anti-withdraw Safety Stop Device  The Anti-WITHDRAW Device for Lance cleaning in Hydro-jetting\u00a0can be applied and adjusts to any size tube sheet and works for both vertical and horizontal, and the 2800Bar Articulated Heat Ex changer Flex Lance\u00a0Stop have many Feature:  A: High degree of Safety and efficient prevention.  With safety as the primary consideration, the Flex Lance Safety Device was designed to protect the operator from a flex lance exiting a tube sheet during cleaning operations.  \u00a0  B: Highly Versatile.   The Anti-WITHDRAW Device for Lance cleaning in Hydro-jetting adjusts to any size tube sheet and works for both vertical and horizontal.  C: High-Efficiency and Adaptable application.  This versatile 2800Bar UHP lance stop \/ anti-withdrawal device features adaptability to vertical or horizontal applications, and its wide range of expansion accommodates any size of tube sheet  \u00a0Application:  Our Hot Sale UHP 40K 2800Bar Articulated Heat Ex changer Flex Lance Anti-withdraw Safety Stop Device mainly used in Heat exchangerFlex Lance and Tube  and Water Blasting is far more wider use in area below:  UHP Water Blasting Construction Industry  Hydro Jet blaster Iron, Steel And Metal Industry  high pressure waterblaster\u00a0Mechanical\u00a0and Apparatus Engineering  Cements and Concrete Industry  high pressure barracuda\u00a0Surface cleaning  UHP hydro Jet cleaning equipment parts  Industrial Cleaning Spray Bars  hydro blasting machine for petroleum refining industry  Hydro Jet Surface Cleaning,Tank&amp;Vessel Cleaning,  Heat Exchange Cleaning,  Automotive Painting cleaning Mining industry cleaning Steel manufacture cleaning etc.  High pressure sewer cleaning equipment for municipal pipe networks water supply and drainage pipelines;\" \/>\n<meta property=\"og:url\" content=\"https:\/\/panwinjet.com\/es\/producto\/hot-sale-uhp-40k-2800bar-articulated-heat-ex-changer-flex-lance-anti-withdraw-safety-stop-device\/\" \/>\n<meta property=\"og:site_name\" content=\"Panwin Machinery&amp;Equipment\" \/>\n<meta property=\"article:modified_time\" content=\"2025-10-01T08:20:56+00:00\" \/>\n<meta property=\"og:image\" content=\"https:\/\/panwinjet.com\/wp-content\/uploads\/2025\/09\/JS-Anti-Withdraw-device-14-1-scaled.jpg\" \/>\n\t<meta property=\"og:image:width\" content=\"2560\" \/>\n\t<meta property=\"og:image:height\" content=\"1920\" \/>\n\t<meta property=\"og:image:type\" content=\"image\/jpeg\" \/>\n<meta name=\"twitter:card\" content=\"summary_large_image\" \/>\n<meta name=\"twitter:label1\" content=\"Tiempo de lectura\" \/>\n\t<meta name=\"twitter:data1\" content=\"2 minutos\" \/>\n<script type=\"application\/ld+json\" class=\"yoast-schema-graph\">{\"@context\":\"https:\/\/schema.org\",\"@graph\":[{\"@type\":\"WebPage\",\"@id\":\"https:\/\/panwinjet.com\/product\/hot-sale-uhp-40k-2800bar-articulated-heat-ex-changer-flex-lance-anti-withdraw-safety-stop-device\/\",\"url\":\"https:\/\/panwinjet.com\/product\/hot-sale-uhp-40k-2800bar-articulated-heat-ex-changer-flex-lance-anti-withdraw-safety-stop-device\/\",\"name\":\"Hot Sale UHP 40K 2800Bar Articulated Heat Ex changer Flex Lance Anti-withdraw Safety Stop Device - Panwin Machinery&amp;Equipment\",\"isPartOf\":{\"@id\":\"https:\/\/panwinjet.com\/#website\"},\"primaryImageOfPage\":{\"@id\":\"https:\/\/panwinjet.com\/product\/hot-sale-uhp-40k-2800bar-articulated-heat-ex-changer-flex-lance-anti-withdraw-safety-stop-device\/#primaryimage\"},\"image\":{\"@id\":\"https:\/\/panwinjet.com\/product\/hot-sale-uhp-40k-2800bar-articulated-heat-ex-changer-flex-lance-anti-withdraw-safety-stop-device\/#primaryimage\"},\"thumbnailUrl\":\"https:\/\/panwinjet.com\/wp-content\/uploads\/2025\/09\/JS-Anti-Withdraw-device-14-1-scaled.jpg\",\"datePublished\":\"2025-09-18T03:25:35+00:00\",\"dateModified\":\"2025-10-01T08:20:56+00:00\",\"breadcrumb\":{\"@id\":\"https:\/\/panwinjet.com\/product\/hot-sale-uhp-40k-2800bar-articulated-heat-ex-changer-flex-lance-anti-withdraw-safety-stop-device\/#breadcrumb\"},\"inLanguage\":\"es\",\"potentialAction\":[{\"@type\":\"ReadAction\",\"target\":[\"https:\/\/panwinjet.com\/product\/hot-sale-uhp-40k-2800bar-articulated-heat-ex-changer-flex-lance-anti-withdraw-safety-stop-device\/\"]}]},{\"@type\":\"ImageObject\",\"inLanguage\":\"es\",\"@id\":\"https:\/\/panwinjet.com\/product\/hot-sale-uhp-40k-2800bar-articulated-heat-ex-changer-flex-lance-anti-withdraw-safety-stop-device\/#primaryimage\",\"url\":\"https:\/\/panwinjet.com\/wp-content\/uploads\/2025\/09\/JS-Anti-Withdraw-device-14-1-scaled.jpg\",\"contentUrl\":\"https:\/\/panwinjet.com\/wp-content\/uploads\/2025\/09\/JS-Anti-Withdraw-device-14-1-scaled.jpg\",\"width\":2560,\"height\":1920,\"caption\":\"Jetstream Style Anti-Withdraw Device\"},{\"@type\":\"BreadcrumbList\",\"@id\":\"https:\/\/panwinjet.com\/product\/hot-sale-uhp-40k-2800bar-articulated-heat-ex-changer-flex-lance-anti-withdraw-safety-stop-device\/#breadcrumb\",\"itemListElement\":[{\"@type\":\"ListItem\",\"position\":1,\"name\":\"\u9996\u9875\",\"item\":\"https:\/\/panwinjet.com\/\"},{\"@type\":\"ListItem\",\"position\":2,\"name\":\"PRODUCT\",\"item\":\"https:\/\/panwinjet.com\/product\/\"},{\"@type\":\"ListItem\",\"position\":3,\"name\":\"Hot Sale UHP 40K 2800Bar Articulated Heat Ex changer Flex Lance Anti-withdraw Safety Stop Device\"}]},{\"@type\":\"WebSite\",\"@id\":\"https:\/\/panwinjet.com\/#website\",\"url\":\"https:\/\/panwinjet.com\/\",\"name\":\"Panwin Machinery&amp;Equipment\",\"description\":\"Shenzhen Panwin Machinery&amp;Equipment Co.Ltd\",\"potentialAction\":[{\"@type\":\"SearchAction\",\"target\":{\"@type\":\"EntryPoint\",\"urlTemplate\":\"https:\/\/panwinjet.com\/?s={search_term_string}\"},\"query-input\":{\"@type\":\"PropertyValueSpecification\",\"valueRequired\":true,\"valueName\":\"search_term_string\"}}],\"inLanguage\":\"es\"}]}<\/script>\n<!-- \/ Yoast SEO plugin. -->","yoast_head_json":{"title":"Hot Sale UHP 40K 2800Bar Articulated Heat Ex changer Flex Lance Anti-withdraw Safety Stop Device - Panwin Machinery&amp;Equipment","robots":{"index":"index","follow":"follow","max-snippet":"max-snippet:-1","max-image-preview":"max-image-preview:large","max-video-preview":"max-video-preview:-1"},"canonical":"https:\/\/panwinjet.com\/es\/producto\/hot-sale-uhp-40k-2800bar-articulated-heat-ex-changer-flex-lance-anti-withdraw-safety-stop-device\/","og_locale":"es_ES","og_type":"article","og_title":"Hot Sale UHP 40K 2800Bar Articulated Heat Ex changer Flex Lance Anti-withdraw Safety Stop Device - Panwin Machinery&amp;Equipment","og_description":"Feature And Application of Hot Sale UHP 40K 2800Bar Articulated Heat Ex changer Flex Lance Anti-withdraw Safety Stop Device  The Anti-WITHDRAW Device for Lance cleaning in Hydro-jetting\u00a0can be applied and adjusts to any size tube sheet and works for both vertical and horizontal, and the 2800Bar Articulated Heat Ex changer Flex Lance\u00a0Stop have many Feature:  A: High degree of Safety and efficient prevention.  With safety as the primary consideration, the Flex Lance Safety Device was designed to protect the operator from a flex lance exiting a tube sheet during cleaning operations.  \u00a0  B: Highly Versatile.   The Anti-WITHDRAW Device for Lance cleaning in Hydro-jetting adjusts to any size tube sheet and works for both vertical and horizontal.  C: High-Efficiency and Adaptable application.  This versatile 2800Bar UHP lance stop \/ anti-withdrawal device features adaptability to vertical or horizontal applications, and its wide range of expansion accommodates any size of tube sheet  \u00a0Application:  Our Hot Sale UHP 40K 2800Bar Articulated Heat Ex changer Flex Lance Anti-withdraw Safety Stop Device mainly used in Heat exchangerFlex Lance and Tube  and Water Blasting is far more wider use in area below:  UHP Water Blasting Construction Industry  Hydro Jet blaster Iron, Steel And Metal Industry  high pressure waterblaster\u00a0Mechanical\u00a0and Apparatus Engineering  Cements and Concrete Industry  high pressure barracuda\u00a0Surface cleaning  UHP hydro Jet cleaning equipment parts  Industrial Cleaning Spray Bars  hydro blasting machine for petroleum refining industry  Hydro Jet Surface Cleaning,Tank&amp;Vessel Cleaning,  Heat Exchange Cleaning,  Automotive Painting cleaning Mining industry cleaning Steel manufacture cleaning etc.  High pressure sewer cleaning equipment for municipal pipe networks water supply and drainage pipelines;","og_url":"https:\/\/panwinjet.com\/es\/producto\/hot-sale-uhp-40k-2800bar-articulated-heat-ex-changer-flex-lance-anti-withdraw-safety-stop-device\/","og_site_name":"Panwin Machinery&amp;Equipment","article_modified_time":"2025-10-01T08:20:56+00:00","og_image":[{"width":2560,"height":1920,"url":"https:\/\/panwinjet.com\/wp-content\/uploads\/2025\/09\/JS-Anti-Withdraw-device-14-1-scaled.jpg","type":"image\/jpeg"}],"twitter_card":"summary_large_image","twitter_misc":{"Tiempo de lectura":"2 minutos"},"schema":{"@context":"https:\/\/schema.org","@graph":[{"@type":"WebPage","@id":"https:\/\/panwinjet.com\/product\/hot-sale-uhp-40k-2800bar-articulated-heat-ex-changer-flex-lance-anti-withdraw-safety-stop-device\/","url":"https:\/\/panwinjet.com\/product\/hot-sale-uhp-40k-2800bar-articulated-heat-ex-changer-flex-lance-anti-withdraw-safety-stop-device\/","name":"Hot Sale UHP 40K 2800Bar Articulated Heat Ex changer Flex Lance Anti-withdraw Safety Stop Device - Panwin Machinery&amp;Equipment","isPartOf":{"@id":"https:\/\/panwinjet.com\/#website"},"primaryImageOfPage":{"@id":"https:\/\/panwinjet.com\/product\/hot-sale-uhp-40k-2800bar-articulated-heat-ex-changer-flex-lance-anti-withdraw-safety-stop-device\/#primaryimage"},"image":{"@id":"https:\/\/panwinjet.com\/product\/hot-sale-uhp-40k-2800bar-articulated-heat-ex-changer-flex-lance-anti-withdraw-safety-stop-device\/#primaryimage"},"thumbnailUrl":"https:\/\/panwinjet.com\/wp-content\/uploads\/2025\/09\/JS-Anti-Withdraw-device-14-1-scaled.jpg","datePublished":"2025-09-18T03:25:35+00:00","dateModified":"2025-10-01T08:20:56+00:00","breadcrumb":{"@id":"https:\/\/panwinjet.com\/product\/hot-sale-uhp-40k-2800bar-articulated-heat-ex-changer-flex-lance-anti-withdraw-safety-stop-device\/#breadcrumb"},"inLanguage":"es","potentialAction":[{"@type":"ReadAction","target":["https:\/\/panwinjet.com\/product\/hot-sale-uhp-40k-2800bar-articulated-heat-ex-changer-flex-lance-anti-withdraw-safety-stop-device\/"]}]},{"@type":"ImageObject","inLanguage":"es","@id":"https:\/\/panwinjet.com\/product\/hot-sale-uhp-40k-2800bar-articulated-heat-ex-changer-flex-lance-anti-withdraw-safety-stop-device\/#primaryimage","url":"https:\/\/panwinjet.com\/wp-content\/uploads\/2025\/09\/JS-Anti-Withdraw-device-14-1-scaled.jpg","contentUrl":"https:\/\/panwinjet.com\/wp-content\/uploads\/2025\/09\/JS-Anti-Withdraw-device-14-1-scaled.jpg","width":2560,"height":1920,"caption":"Jetstream Style Anti-Withdraw Device"},{"@type":"BreadcrumbList","@id":"https:\/\/panwinjet.com\/product\/hot-sale-uhp-40k-2800bar-articulated-heat-ex-changer-flex-lance-anti-withdraw-safety-stop-device\/#breadcrumb","itemListElement":[{"@type":"ListItem","position":1,"name":"\u9996\u9875","item":"https:\/\/panwinjet.com\/"},{"@type":"ListItem","position":2,"name":"PRODUCT","item":"https:\/\/panwinjet.com\/product\/"},{"@type":"ListItem","position":3,"name":"Hot Sale UHP 40K 2800Bar Articulated Heat Ex changer Flex Lance Anti-withdraw Safety Stop Device"}]},{"@type":"WebSite","@id":"https:\/\/panwinjet.com\/#website","url":"https:\/\/panwinjet.com\/","name":"Panwin Machinery&amp;Equipment","description":"Shenzhen Panwin Machinery&amp;Equipment Co.Ltd","potentialAction":[{"@type":"SearchAction","target":{"@type":"EntryPoint","urlTemplate":"https:\/\/panwinjet.com\/?s={search_term_string}"},"query-input":{"@type":"PropertyValueSpecification","valueRequired":true,"valueName":"search_term_string"}}],"inLanguage":"es"}]}},"_links":{"self":[{"href":"https:\/\/panwinjet.com\/es\/wp-json\/wp\/v2\/product\/501","targetHints":{"allow":["GET"]}}],"collection":[{"href":"https:\/\/panwinjet.com\/es\/wp-json\/wp\/v2\/product"}],"about":[{"href":"https:\/\/panwinjet.com\/es\/wp-json\/wp\/v2\/types\/product"}],"wp:featuredmedia":[{"embeddable":true,"href":"https:\/\/panwinjet.com\/es\/wp-json\/wp\/v2\/media\/1407"}],"wp:attachment":[{"href":"https:\/\/panwinjet.com\/es\/wp-json\/wp\/v2\/media?parent=501"}],"wp:term":[{"taxonomy":"product_brand","embeddable":true,"href":"https:\/\/panwinjet.com\/es\/wp-json\/wp\/v2\/product_brand?post=501"},{"taxonomy":"product_cat","embeddable":true,"href":"https:\/\/panwinjet.com\/es\/wp-json\/wp\/v2\/product_cat?post=501"},{"taxonomy":"product_tag","embeddable":true,"href":"https:\/\/panwinjet.com\/es\/wp-json\/wp\/v2\/product_tag?post=501"}],"curies":[{"name":"wp","href":"https:\/\/api.w.org\/{rel}","templated":true}]}}