{"id":298,"date":"2025-05-27T04:26:08","date_gmt":"2025-05-27T04:26:08","guid":{"rendered":"https:\/\/panwinjet.com\/?post_type=product&#038;p=298"},"modified":"2025-09-21T15:01:12","modified_gmt":"2025-09-21T15:01:12","slug":"48-hydro-waterjet-uhp-cleaning-blasting-y-adapters-2","status":"publish","type":"product","link":"https:\/\/panwinjet.com\/es\/producto\/48-hydro-waterjet-uhp-cleaning-blasting-y-adapters-2\/","title":{"rendered":"Adaptadores en Y para limpieza y chorro de agua a alta presi\u00f3n Hydro de 48 piezas"},"content":{"rendered":"<p><strong><b>Caracter\u00edsticas y aplicaciones de <\/b><\/strong><strong><b>Piezas de la m\u00e1quina de limpieza y eliminaci\u00f3n de pintura por chorro de agua a ultra alta presi\u00f3n de 60000 PSI, adaptador en T e Y<\/b><\/strong><\/p>\n<p>El adaptador en T e Y para las piezas de la m\u00e1quina de limpieza y eliminaci\u00f3n de pintura por chorro de agua a ultra alta presi\u00f3n de 60000 PSI est\u00e1 fabricado en acero inoxidable de grado aeroespacial y es de excelente calidad, con triple conexi\u00f3n. Las caracter\u00edsticas del adaptador en Y se mencionan a continuaci\u00f3n:<\/p>\n<p>A: Material SST aeroespacial<\/p>\n<p>B: Mano de obra superior<\/p>\n<p>C: Instalaci\u00f3n multipuerto<\/p>\n<p>Solicitud:<\/p>\n<p>La m\u00e1quina de limpieza por chorro de agua a ultra alta presi\u00f3n de 60000 PSI, con adaptadores en T e Y, se utiliza para diversas tareas de limpieza, especialmente para conexiones multipuerto. Se emplea principalmente en limpieza de superficies, tanques y recipientes, pintura automotriz, miner\u00eda, siderurgia y construcci\u00f3n, entre otras aplicaciones.<\/p>\n<p><strong><b>\u00a0<\/b><\/strong><strong><b>Detalles de<\/b><\/strong><strong><b>\u00a0<\/b><\/strong><strong><b>Piezas de la m\u00e1quina de limpieza y eliminaci\u00f3n de pintura por chorro de agua a ultra alta presi\u00f3n de 60000 PSI, adaptador en T e Y<\/b><\/strong><\/p>\n<p><strong><b>El <\/b><\/strong><strong><b>Piezas de la m\u00e1quina de limpieza y eliminaci\u00f3n de pintura por chorro de agua a ultra alta presi\u00f3n de 60000 PSI, adaptador en T e Y<\/b><\/strong><strong><b>\u00a0Se utiliza para descarga triple y conexi\u00f3n con agua a alta presi\u00f3n, y los detalles son los siguientes:<\/b><\/strong><\/p>\n<p><img decoding=\"async\" class=\"alignleft size-full wp-image-1239 lazyload\" data-src=\"https:\/\/panwinjet.com\/wp-content\/uploads\/2025\/05\/T-and-Y-adapter-\u53c2\u6570.png\" alt=\"\" width=\"487\" height=\"176\" data-srcset=\"https:\/\/panwinjet.com\/wp-content\/uploads\/2025\/05\/T-and-Y-adapter-\u53c2\u6570.png 487w, https:\/\/panwinjet.com\/wp-content\/uploads\/2025\/05\/T-and-Y-adapter-\u53c2\u6570-300x108.png 300w, https:\/\/panwinjet.com\/wp-content\/uploads\/2025\/05\/T-and-Y-adapter-\u53c2\u6570-150x54.png 150w, https:\/\/panwinjet.com\/wp-content\/uploads\/2025\/05\/T-and-Y-adapter-\u53c2\u6570-480x173.png 480w\" data-sizes=\"(max-width:767px) 480px, 487px\" src=\"data:image\/svg+xml;base64,PHN2ZyB3aWR0aD0iMSIgaGVpZ2h0PSIxIiB4bWxucz0iaHR0cDovL3d3dy53My5vcmcvMjAwMC9zdmciPjwvc3ZnPg==\" style=\"--smush-placeholder-width: 487px; --smush-placeholder-aspect-ratio: 487\/176;\" \/><\/p>\n<p>&nbsp;<\/p>","protected":false},"excerpt":{"rendered":"<p><strong><b>Piezas de la m\u00e1quina de limpieza y eliminaci\u00f3n de pintura por chorro de agua a ultra alta presi\u00f3n de 60000 PSI, adaptador en T e Y<\/b><\/strong><\/p>\n<p><strong><b>Presentaci\u00f3n de piezas para m\u00e1quina de limpieza y eliminaci\u00f3n de pintura por chorro de agua a ultra alta presi\u00f3n de 60000 PSI: adaptador en T e Y.<\/b><\/strong><\/p>\n<p>Este adaptador de piezas T e Y para m\u00e1quina de limpieza y eliminaci\u00f3n de pintura por chorro de agua a ultra alta presi\u00f3n de 60000 PSI es el conector Jetstream Y, el n\u00famero de pieza Jetstream para el bloque 28672 y 54482 con adaptador.<\/p>\n<p><strong><b>Par\u00e1metro (Especificaci\u00f3n) de <\/b><\/strong><strong><b>Piezas de la m\u00e1quina de limpieza y eliminaci\u00f3n de pintura por chorro de agua a ultra alta presi\u00f3n de 60000 PSI, adaptador en T e Y<\/b><\/strong><\/p>\n<p>Este adaptador en T e Y para piezas de m\u00e1quina de limpieza y eliminaci\u00f3n de pintura por chorro de agua a ultra alta presi\u00f3n de 60000 PSI permite la conexi\u00f3n de dos v\u00e1lvulas multimodo a una sola fuente de suministro.<\/p>","protected":false},"featured_media":1237,"template":"","meta":[],"product_brand":[],"product_cat":[8,5],"product_tag":[],"class_list":{"0":"post-298","1":"product","2":"type-product","3":"status-publish","4":"has-post-thumbnail","6":"product_cat-giant-tank-cleaningcutting-device","7":"product_cat-uhp-rotating-nozzles","9":"first","10":"instock","11":"shipping-taxable","12":"product-type-external"},"yoast_head":"<!-- This site is optimized with the Yoast SEO plugin v24.9 - https:\/\/yoast.com\/wordpress\/plugins\/seo\/ -->\n<title>48-Hydro Waterjet UHP Cleaning Blasting Y-ADAPTERS - Panwin Machinery&amp;Equipment<\/title>\n<meta name=\"robots\" content=\"index, follow, max-snippet:-1, max-image-preview:large, max-video-preview:-1\" \/>\n<link rel=\"canonical\" href=\"https:\/\/panwinjet.com\/es\/producto\/48-hydro-waterjet-uhp-cleaning-blasting-y-adapters-2\/\" \/>\n<meta property=\"og:locale\" content=\"es_ES\" \/>\n<meta property=\"og:type\" content=\"article\" \/>\n<meta property=\"og:title\" content=\"48-Hydro Waterjet UHP Cleaning Blasting Y-ADAPTERS - Panwin Machinery&amp;Equipment\" \/>\n<meta property=\"og:description\" content=\"60000PSI Ultra-high pressure Waterjet Blasting Paint removal cleaning machine parts T and Y adapter  Introduction of 60000PSI Ultra-high pressure Waterjet Blasting Paint removal cleaning machine parts T and Y adapter  This 60000PSI Ultra-high pressure Waterjet Blasting Paint removal cleaning machine parts T and Y adapter\u00a0is the Jetstream Y connector, the Jetstream Parts No for Block 28672, and 54482 with adapter.  Parameter (Specification) of 60000PSI Ultra-high pressure Waterjet Blasting Paint removal cleaning machine parts T and Y adapter  This 60000PSI Ultra-high pressure Waterjet Blasting Paint removal cleaning machine parts T and Y adapter\u00a0allows for the connection of two multi-mode valves to one supply source.\" \/>\n<meta property=\"og:url\" content=\"https:\/\/panwinjet.com\/es\/producto\/48-hydro-waterjet-uhp-cleaning-blasting-y-adapters-2\/\" \/>\n<meta property=\"og:site_name\" content=\"Panwin Machinery&amp;Equipment\" \/>\n<meta property=\"article:modified_time\" content=\"2025-09-21T15:01:12+00:00\" \/>\n<meta property=\"og:image\" content=\"https:\/\/panwinjet.com\/wp-content\/uploads\/2025\/05\/\u6e05\u6d01\u4e09\u901a-8-\u526f\u672c-scaled.jpg\" \/>\n\t<meta property=\"og:image:width\" content=\"2560\" \/>\n\t<meta property=\"og:image:height\" content=\"1920\" \/>\n\t<meta property=\"og:image:type\" content=\"image\/jpeg\" \/>\n<meta name=\"twitter:card\" content=\"summary_large_image\" \/>\n<meta name=\"twitter:label1\" content=\"Tiempo de lectura\" \/>\n\t<meta name=\"twitter:data1\" content=\"2 minutos\" \/>\n<script type=\"application\/ld+json\" class=\"yoast-schema-graph\">{\"@context\":\"https:\/\/schema.org\",\"@graph\":[{\"@type\":\"WebPage\",\"@id\":\"https:\/\/panwinjet.com\/product\/48-hydro-waterjet-uhp-cleaning-blasting-y-adapters-2\/\",\"url\":\"https:\/\/panwinjet.com\/product\/48-hydro-waterjet-uhp-cleaning-blasting-y-adapters-2\/\",\"name\":\"48-Hydro Waterjet UHP Cleaning Blasting Y-ADAPTERS - Panwin Machinery&amp;Equipment\",\"isPartOf\":{\"@id\":\"https:\/\/panwinjet.com\/#website\"},\"primaryImageOfPage\":{\"@id\":\"https:\/\/panwinjet.com\/product\/48-hydro-waterjet-uhp-cleaning-blasting-y-adapters-2\/#primaryimage\"},\"image\":{\"@id\":\"https:\/\/panwinjet.com\/product\/48-hydro-waterjet-uhp-cleaning-blasting-y-adapters-2\/#primaryimage\"},\"thumbnailUrl\":\"https:\/\/panwinjet.com\/wp-content\/uploads\/2025\/05\/\u6e05\u6d01\u4e09\u901a-8-\u526f\u672c-scaled.jpg\",\"datePublished\":\"2025-05-27T04:26:08+00:00\",\"dateModified\":\"2025-09-21T15:01:12+00:00\",\"breadcrumb\":{\"@id\":\"https:\/\/panwinjet.com\/product\/48-hydro-waterjet-uhp-cleaning-blasting-y-adapters-2\/#breadcrumb\"},\"inLanguage\":\"es\",\"potentialAction\":[{\"@type\":\"ReadAction\",\"target\":[\"https:\/\/panwinjet.com\/product\/48-hydro-waterjet-uhp-cleaning-blasting-y-adapters-2\/\"]}]},{\"@type\":\"ImageObject\",\"inLanguage\":\"es\",\"@id\":\"https:\/\/panwinjet.com\/product\/48-hydro-waterjet-uhp-cleaning-blasting-y-adapters-2\/#primaryimage\",\"url\":\"https:\/\/panwinjet.com\/wp-content\/uploads\/2025\/05\/\u6e05\u6d01\u4e09\u901a-8-\u526f\u672c-scaled.jpg\",\"contentUrl\":\"https:\/\/panwinjet.com\/wp-content\/uploads\/2025\/05\/\u6e05\u6d01\u4e09\u901a-8-\u526f\u672c-scaled.jpg\",\"width\":2560,\"height\":1920},{\"@type\":\"BreadcrumbList\",\"@id\":\"https:\/\/panwinjet.com\/product\/48-hydro-waterjet-uhp-cleaning-blasting-y-adapters-2\/#breadcrumb\",\"itemListElement\":[{\"@type\":\"ListItem\",\"position\":1,\"name\":\"\u9996\u9875\",\"item\":\"https:\/\/panwinjet.com\/\"},{\"@type\":\"ListItem\",\"position\":2,\"name\":\"PRODUCT\",\"item\":\"https:\/\/panwinjet.com\/product\/\"},{\"@type\":\"ListItem\",\"position\":3,\"name\":\"48-Hydro Waterjet UHP Cleaning Blasting Y-ADAPTERS\"}]},{\"@type\":\"WebSite\",\"@id\":\"https:\/\/panwinjet.com\/#website\",\"url\":\"https:\/\/panwinjet.com\/\",\"name\":\"Panwin Machinery&amp;Equipment\",\"description\":\"Shenzhen Panwin Machinery&amp;Equipment Co.Ltd\",\"potentialAction\":[{\"@type\":\"SearchAction\",\"target\":{\"@type\":\"EntryPoint\",\"urlTemplate\":\"https:\/\/panwinjet.com\/?s={search_term_string}\"},\"query-input\":{\"@type\":\"PropertyValueSpecification\",\"valueRequired\":true,\"valueName\":\"search_term_string\"}}],\"inLanguage\":\"es\"}]}<\/script>\n<!-- \/ Yoast SEO plugin. -->","yoast_head_json":{"title":"48-Hydro Waterjet UHP Cleaning Blasting Y-ADAPTERS - Panwin Machinery&amp;Equipment","robots":{"index":"index","follow":"follow","max-snippet":"max-snippet:-1","max-image-preview":"max-image-preview:large","max-video-preview":"max-video-preview:-1"},"canonical":"https:\/\/panwinjet.com\/es\/producto\/48-hydro-waterjet-uhp-cleaning-blasting-y-adapters-2\/","og_locale":"es_ES","og_type":"article","og_title":"48-Hydro Waterjet UHP Cleaning Blasting Y-ADAPTERS - Panwin Machinery&amp;Equipment","og_description":"60000PSI Ultra-high pressure Waterjet Blasting Paint removal cleaning machine parts T and Y adapter  Introduction of 60000PSI Ultra-high pressure Waterjet Blasting Paint removal cleaning machine parts T and Y adapter  This 60000PSI Ultra-high pressure Waterjet Blasting Paint removal cleaning machine parts T and Y adapter\u00a0is the Jetstream Y connector, the Jetstream Parts No for Block 28672, and 54482 with adapter.  Parameter (Specification) of 60000PSI Ultra-high pressure Waterjet Blasting Paint removal cleaning machine parts T and Y adapter  This 60000PSI Ultra-high pressure Waterjet Blasting Paint removal cleaning machine parts T and Y adapter\u00a0allows for the connection of two multi-mode valves to one supply source.","og_url":"https:\/\/panwinjet.com\/es\/producto\/48-hydro-waterjet-uhp-cleaning-blasting-y-adapters-2\/","og_site_name":"Panwin Machinery&amp;Equipment","article_modified_time":"2025-09-21T15:01:12+00:00","og_image":[{"width":2560,"height":1920,"url":"https:\/\/panwinjet.com\/wp-content\/uploads\/2025\/05\/\u6e05\u6d01\u4e09\u901a-8-\u526f\u672c-scaled.jpg","type":"image\/jpeg"}],"twitter_card":"summary_large_image","twitter_misc":{"Tiempo de lectura":"2 minutos"},"schema":{"@context":"https:\/\/schema.org","@graph":[{"@type":"WebPage","@id":"https:\/\/panwinjet.com\/product\/48-hydro-waterjet-uhp-cleaning-blasting-y-adapters-2\/","url":"https:\/\/panwinjet.com\/product\/48-hydro-waterjet-uhp-cleaning-blasting-y-adapters-2\/","name":"48-Hydro Waterjet UHP Cleaning Blasting Y-ADAPTERS - Panwin Machinery&amp;Equipment","isPartOf":{"@id":"https:\/\/panwinjet.com\/#website"},"primaryImageOfPage":{"@id":"https:\/\/panwinjet.com\/product\/48-hydro-waterjet-uhp-cleaning-blasting-y-adapters-2\/#primaryimage"},"image":{"@id":"https:\/\/panwinjet.com\/product\/48-hydro-waterjet-uhp-cleaning-blasting-y-adapters-2\/#primaryimage"},"thumbnailUrl":"https:\/\/panwinjet.com\/wp-content\/uploads\/2025\/05\/\u6e05\u6d01\u4e09\u901a-8-\u526f\u672c-scaled.jpg","datePublished":"2025-05-27T04:26:08+00:00","dateModified":"2025-09-21T15:01:12+00:00","breadcrumb":{"@id":"https:\/\/panwinjet.com\/product\/48-hydro-waterjet-uhp-cleaning-blasting-y-adapters-2\/#breadcrumb"},"inLanguage":"es","potentialAction":[{"@type":"ReadAction","target":["https:\/\/panwinjet.com\/product\/48-hydro-waterjet-uhp-cleaning-blasting-y-adapters-2\/"]}]},{"@type":"ImageObject","inLanguage":"es","@id":"https:\/\/panwinjet.com\/product\/48-hydro-waterjet-uhp-cleaning-blasting-y-adapters-2\/#primaryimage","url":"https:\/\/panwinjet.com\/wp-content\/uploads\/2025\/05\/\u6e05\u6d01\u4e09\u901a-8-\u526f\u672c-scaled.jpg","contentUrl":"https:\/\/panwinjet.com\/wp-content\/uploads\/2025\/05\/\u6e05\u6d01\u4e09\u901a-8-\u526f\u672c-scaled.jpg","width":2560,"height":1920},{"@type":"BreadcrumbList","@id":"https:\/\/panwinjet.com\/product\/48-hydro-waterjet-uhp-cleaning-blasting-y-adapters-2\/#breadcrumb","itemListElement":[{"@type":"ListItem","position":1,"name":"\u9996\u9875","item":"https:\/\/panwinjet.com\/"},{"@type":"ListItem","position":2,"name":"PRODUCT","item":"https:\/\/panwinjet.com\/product\/"},{"@type":"ListItem","position":3,"name":"48-Hydro Waterjet UHP Cleaning Blasting Y-ADAPTERS"}]},{"@type":"WebSite","@id":"https:\/\/panwinjet.com\/#website","url":"https:\/\/panwinjet.com\/","name":"Panwin Machinery&amp;Equipment","description":"Shenzhen Panwin Machinery&amp;Equipment Co.Ltd","potentialAction":[{"@type":"SearchAction","target":{"@type":"EntryPoint","urlTemplate":"https:\/\/panwinjet.com\/?s={search_term_string}"},"query-input":{"@type":"PropertyValueSpecification","valueRequired":true,"valueName":"search_term_string"}}],"inLanguage":"es"}]}},"_links":{"self":[{"href":"https:\/\/panwinjet.com\/es\/wp-json\/wp\/v2\/product\/298","targetHints":{"allow":["GET"]}}],"collection":[{"href":"https:\/\/panwinjet.com\/es\/wp-json\/wp\/v2\/product"}],"about":[{"href":"https:\/\/panwinjet.com\/es\/wp-json\/wp\/v2\/types\/product"}],"wp:featuredmedia":[{"embeddable":true,"href":"https:\/\/panwinjet.com\/es\/wp-json\/wp\/v2\/media\/1237"}],"wp:attachment":[{"href":"https:\/\/panwinjet.com\/es\/wp-json\/wp\/v2\/media?parent=298"}],"wp:term":[{"taxonomy":"product_brand","embeddable":true,"href":"https:\/\/panwinjet.com\/es\/wp-json\/wp\/v2\/product_brand?post=298"},{"taxonomy":"product_cat","embeddable":true,"href":"https:\/\/panwinjet.com\/es\/wp-json\/wp\/v2\/product_cat?post=298"},{"taxonomy":"product_tag","embeddable":true,"href":"https:\/\/panwinjet.com\/es\/wp-json\/wp\/v2\/product_tag?post=298"}],"curies":[{"name":"wp","href":"https:\/\/api.w.org\/{rel}","templated":true}]}}