{"id":277,"date":"2025-05-25T06:51:15","date_gmt":"2025-05-25T06:51:15","guid":{"rendered":"https:\/\/panwinjet.com\/?post_type=product&#038;p=277"},"modified":"2025-05-25T06:54:04","modified_gmt":"2025-05-25T06:54:04","slug":"42-40k-2800bar-ship-waterblasting-pipe-cleaning-sapphire-m10-nozzles","status":"publish","type":"product","link":"https:\/\/panwinjet.com\/es\/producto\/42-40k-2800bar-ship-waterblasting-pipe-cleaning-sapphire-m10-nozzles\/","title":{"rendered":"42-40K 2800Bar Limpieza de tuber\u00edas con chorro de agua a presi\u00f3n en buques Boquillas de zafiro M10"},"content":{"rendered":"<p><strong><b>Boquillas para m\u00e1quinas de limpieza con chorro de agua M10-0,30 mm<\/b><\/strong><\/p>\n<p><strong><b>1. Introducci\u00f3n del producto <\/b><\/strong><strong><b>55<\/b><\/strong><strong><b>Piezas para m\u00e1quinas de limpieza de tuber\u00edas petroqu\u00edmicas con chorro de agua a presi\u00f3n (kpsi): boquillas M10<\/b><\/strong><\/p>\n<p><strong><b>Para estos 55<\/b><\/strong><strong><b>Piezas para m\u00e1quinas de limpieza de tuber\u00edas petroqu\u00edmicas con chorro de agua a presi\u00f3n (kpsi): boquillas M10<\/b><\/strong><strong><b>, en <\/b><\/strong>En las operaciones de limpieza con chorro de agua, las boquillas son la pieza clave para un rendimiento estable y de alta eficiencia.<\/p>\n<p>En Panwin ofrecemos a nuestros clientes boquillas de alta calidad para diferentes niveles de presi\u00f3n. Nuestras boquillas tienen una clasificaci\u00f3n UHP de hasta 55 Kpsi, con conexi\u00f3n de rosca 3\/8-24 UNF, y pueden insertarse en boquillas rotativas y barras de pulverizaci\u00f3n. El cuerpo de las boquillas est\u00e1 tratado t\u00e9rmicamente para endurecerse y fabricado con material de zafiro superior, lo que garantiza una larga vida \u00fatil y una alta calidad.<\/p>\n<p><strong><b>2.<\/b><\/strong><strong><b>Par\u00e1metro del producto (especificaci\u00f3n) de <\/b><\/strong><strong><b>55<\/b><\/strong><strong><b>Piezas para m\u00e1quinas de limpieza de tuber\u00edas petroqu\u00edmicas con chorro de agua a presi\u00f3n (kpsi): boquillas M10<\/b><\/strong><\/p>\n<p>Para esta m\u00e1quina de limpieza de tuber\u00edas petroqu\u00edmicas con chorro de agua a presi\u00f3n de 55 kpsi, utilizamos boquillas M10. La presi\u00f3n es de 55 kpsi y disponemos de varios tama\u00f1os, como se indica a continuaci\u00f3n:<\/p>\n<p><strong><b>3. Caracter\u00edsticas y aplicaciones del producto <\/b><\/strong><strong><b>Piezas para m\u00e1quina de limpieza de tuber\u00edas petroqu\u00edmicas con chorro de agua a presi\u00f3n de 30 kpsi. Boquillas M10.<\/b><\/strong><\/p>\n<p>Las boquillas M10 de las piezas de la m\u00e1quina de limpieza de tuber\u00edas petroqu\u00edmicas con chorro de agua a presi\u00f3n de 55 kpsi est\u00e1n hechas de rub\u00ed y zafiro de alta calidad, y tienen un buen rendimiento en la pulverizaci\u00f3n, como se menciona a continuaci\u00f3n.<\/p>\n<p>Caracter\u00edsticas de las boquillas:<\/p>\n<p>Uso de larga duraci\u00f3n<\/p>\n<p>Coherencia del flujo de chorros de alta presi\u00f3n<\/p>\n<p>Potente flujo de pulverizaci\u00f3n<\/p>\n<p>Excelente rendimiento en chorro de agua<\/p>\n<p><strong><b>4. Detalles del producto<\/b><\/strong><strong><b>\u00a0<\/b><\/strong><strong><b>55<\/b><\/strong><strong><b>Piezas para m\u00e1quinas de limpieza de tuber\u00edas petroqu\u00edmicas con chorro de agua a presi\u00f3n (kpsi): boquillas M10<\/b><\/strong><\/p>\n<p><strong><b>Para los 55<\/b><\/strong><strong><b>Piezas para m\u00e1quinas de limpieza de tuber\u00edas petroqu\u00edmicas con chorro de agua a presi\u00f3n (kpsi): boquillas M10<\/b><\/strong><strong><b>Disponemos de varios tama\u00f1os, con diferentes caudales y otros detalles, tal y como se indica en los indicadores de presi\u00f3n de flujo.<\/b><\/strong><\/p>\n<p><strong><b>5. Calificaci\u00f3n del producto<\/b><\/strong>\u00a055<strong><b>Piezas para m\u00e1quinas de limpieza de tuber\u00edas petroqu\u00edmicas con chorro de agua a presi\u00f3n (kpsi): boquillas M10<\/b><\/strong><\/p>\n<p><strong><b>6. Entrega, env\u00edo y servicio de<\/b><\/strong>\u00a0Piezas para m\u00e1quina de limpieza de tuber\u00edas petroqu\u00edmicas con chorro de agua a presi\u00f3n de 55 kpsi. Boquillas M10.<\/p>\n<p>Para las piezas de la m\u00e1quina de limpieza de tuber\u00edas petroqu\u00edmicas con chorro de agua a presi\u00f3n de 55 kpsi, boquillas M10, el precio no incluye el flete, que depende del m\u00e9todo de env\u00edo (a\u00e9reo, mar\u00edtimo o ferroviario). El flete var\u00eda seg\u00fan la regi\u00f3n; los productos no incluyen los costos de flete ni de embalaje en marco de madera.<\/p>\n<p>Para art\u00edculos de tama\u00f1o mediano como desatascadores, boquillas de limpieza de tuber\u00edas de 4&quot; y 6&quot;, boquillas autorrotativas, etc., los embalaremos en una caja de pl\u00e1stico resistente y los cubriremos con espuma gruesa para evitar cualquier da\u00f1o, y luego los embalaremos en una caja de cart\u00f3n o madera contrachapada seg\u00fan lo solicite el cliente.<\/p>\n<p>Para las piezas peque\u00f1as, como boquillas M10, boquillas 3\/8-24, diversos accesorios de sellado, etc., utilizaremos bolsas de polietileno gruesas o bolsas de burbujas y las cubriremos con espuma gruesa para evitar cualquier posible da\u00f1o, y las colocaremos en cajas de cart\u00f3n o madera contrachapada seg\u00fan lo soliciten los clientes.<\/p>\n<p><strong><b>7. Preguntas frecuentes<\/b><\/strong><\/p>\n<p><strong>7<\/strong><strong>\u00bfQu\u00e9 importancia tiene mantener limpias las boquillas?<\/strong><\/p>\n<p>En el proceso de limpieza con agua a presi\u00f3n, una boquilla obstruida no tendr\u00e1 un buen efecto de limpieza, y las boquillas obstruidas tambi\u00e9n pueden aumentar la presi\u00f3n inversa en la bomba de potencia y causar da\u00f1os a la bomba, por lo que es importante limpiar regularmente o incluso reemplazar las boquillas.<\/p>\n<p><strong><em><b><i>1:<\/i><\/b><\/em><\/strong><strong><em><b><i>\u00bfPodr\u00edamos obtener su <\/i><\/b><\/em><\/strong><strong><em><b><i>voladura <\/i><\/b><\/em><\/strong><strong><em><b><i>\u00bfCat\u00e1logo y lista de precios?<\/i><\/b><\/em><\/strong><\/p>\n<p><em><i>S\u00ed, podemos enviar el cat\u00e1logo cuando sea necesario, y tambi\u00e9n la lista de precios tan pronto como la tengamos disponible. <\/i><\/em><em><i>tener <\/i><\/em><em><i>su <\/i><\/em><em><i>detalle <\/i><\/em><em><i>investigaci\u00f3n, como por ejemplo<\/i><\/em><em><i>\u00a0tipo de piezas de marca de m\u00e1quina<\/i><\/em><em><i>, especificaci\u00f3n, cantidad, etc.<\/i><\/em><\/p>\n<p><strong><em><i>2: \u00bfCu\u00e1l es su tiempo de entrega?<\/i><\/em><\/strong><\/p>\n<p><em><i>A: Depende de las cantidades y el tama\u00f1o de los productos. Generalmente, tardamos 20 d\u00edas para un contenedor y <\/i><\/em><em><i>7<\/i><\/em><em><i>\u00a0d\u00edas para pedidos de muestra.<\/i><\/em><em><i>Para las piezas disponibles en stock, podemos enviar aproximadamente 2<\/i><\/em><em><i>-3<\/i><\/em><em><i>d\u00edas en que est\u00e9 listo el arreglo de env\u00edo<\/i><\/em><\/p>\n<p>&nbsp;<\/p>","protected":false},"excerpt":{"rendered":"<p>Water blasting cleaning machine nozzles M10-0.30mm 1.Product Introduction of 55kpsi Pressure Water blasting Petrochemical pipe cleaning machine parts M10 Nozzles For this 55kpsi Pressure Water blasting<span class=\"excerpt-hellip\"> [\u2026]<\/span><\/p>","protected":false},"featured_media":278,"template":"","meta":[],"product_brand":[],"product_cat":[3],"product_tag":[],"class_list":{"0":"post-277","1":"product","2":"type-product","3":"status-publish","4":"has-post-thumbnail","6":"product_cat-sapphire-nozzles","8":"first","9":"instock","10":"shipping-taxable","11":"product-type-external"},"yoast_head":"<!-- This site is optimized with the Yoast SEO plugin v24.9 - https:\/\/yoast.com\/wordpress\/plugins\/seo\/ -->\n<title>42-40K 2800Bar Ship Waterblasting pipe cleaning Sapphire M10 Nozzles - Panwin Machinery&amp;Equipment<\/title>\n<meta name=\"robots\" content=\"index, follow, max-snippet:-1, max-image-preview:large, max-video-preview:-1\" \/>\n<link rel=\"canonical\" href=\"https:\/\/panwinjet.com\/es\/producto\/42-40k-2800bar-ship-waterblasting-pipe-cleaning-sapphire-m10-nozzles\/\" \/>\n<meta property=\"og:locale\" content=\"es_ES\" \/>\n<meta property=\"og:type\" content=\"article\" \/>\n<meta property=\"og:title\" content=\"42-40K 2800Bar Ship Waterblasting pipe cleaning Sapphire M10 Nozzles - Panwin Machinery&amp;Equipment\" \/>\n<meta property=\"og:description\" content=\"Water blasting cleaning machine nozzles M10-0.30mm 1.Product Introduction of 55kpsi Pressure Water blasting Petrochemical pipe cleaning machine parts M10 Nozzles For this 55kpsi Pressure Water blasting [\u2026]\" \/>\n<meta property=\"og:url\" content=\"https:\/\/panwinjet.com\/es\/producto\/42-40k-2800bar-ship-waterblasting-pipe-cleaning-sapphire-m10-nozzles\/\" \/>\n<meta property=\"og:site_name\" content=\"Panwin Machinery&amp;Equipment\" \/>\n<meta property=\"article:modified_time\" content=\"2025-05-25T06:54:04+00:00\" \/>\n<meta property=\"og:image\" content=\"https:\/\/panwinjet.com\/wp-content\/uploads\/2025\/05\/42-40K-2800Bar-Ship-Waterblasting-pipe-cleaning-Sapphire-M10-Nozzles1.jpg\" \/>\n\t<meta property=\"og:image:width\" content=\"1200\" \/>\n\t<meta property=\"og:image:height\" content=\"900\" \/>\n\t<meta property=\"og:image:type\" content=\"image\/jpeg\" \/>\n<meta name=\"twitter:card\" content=\"summary_large_image\" \/>\n<meta name=\"twitter:label1\" content=\"Tiempo de lectura\" \/>\n\t<meta name=\"twitter:data1\" content=\"3 minutos\" \/>\n<script type=\"application\/ld+json\" class=\"yoast-schema-graph\">{\"@context\":\"https:\/\/schema.org\",\"@graph\":[{\"@type\":\"WebPage\",\"@id\":\"https:\/\/panwinjet.com\/product\/42-40k-2800bar-ship-waterblasting-pipe-cleaning-sapphire-m10-nozzles\/\",\"url\":\"https:\/\/panwinjet.com\/product\/42-40k-2800bar-ship-waterblasting-pipe-cleaning-sapphire-m10-nozzles\/\",\"name\":\"42-40K 2800Bar Ship Waterblasting pipe cleaning Sapphire M10 Nozzles - Panwin Machinery&amp;Equipment\",\"isPartOf\":{\"@id\":\"https:\/\/panwinjet.com\/#website\"},\"primaryImageOfPage\":{\"@id\":\"https:\/\/panwinjet.com\/product\/42-40k-2800bar-ship-waterblasting-pipe-cleaning-sapphire-m10-nozzles\/#primaryimage\"},\"image\":{\"@id\":\"https:\/\/panwinjet.com\/product\/42-40k-2800bar-ship-waterblasting-pipe-cleaning-sapphire-m10-nozzles\/#primaryimage\"},\"thumbnailUrl\":\"https:\/\/panwinjet.com\/wp-content\/uploads\/2025\/05\/42-40K-2800Bar-Ship-Waterblasting-pipe-cleaning-Sapphire-M10-Nozzles1.jpg\",\"datePublished\":\"2025-05-25T06:51:15+00:00\",\"dateModified\":\"2025-05-25T06:54:04+00:00\",\"breadcrumb\":{\"@id\":\"https:\/\/panwinjet.com\/product\/42-40k-2800bar-ship-waterblasting-pipe-cleaning-sapphire-m10-nozzles\/#breadcrumb\"},\"inLanguage\":\"es\",\"potentialAction\":[{\"@type\":\"ReadAction\",\"target\":[\"https:\/\/panwinjet.com\/product\/42-40k-2800bar-ship-waterblasting-pipe-cleaning-sapphire-m10-nozzles\/\"]}]},{\"@type\":\"ImageObject\",\"inLanguage\":\"es\",\"@id\":\"https:\/\/panwinjet.com\/product\/42-40k-2800bar-ship-waterblasting-pipe-cleaning-sapphire-m10-nozzles\/#primaryimage\",\"url\":\"https:\/\/panwinjet.com\/wp-content\/uploads\/2025\/05\/42-40K-2800Bar-Ship-Waterblasting-pipe-cleaning-Sapphire-M10-Nozzles1.jpg\",\"contentUrl\":\"https:\/\/panwinjet.com\/wp-content\/uploads\/2025\/05\/42-40K-2800Bar-Ship-Waterblasting-pipe-cleaning-Sapphire-M10-Nozzles1.jpg\",\"width\":1200,\"height\":900},{\"@type\":\"BreadcrumbList\",\"@id\":\"https:\/\/panwinjet.com\/product\/42-40k-2800bar-ship-waterblasting-pipe-cleaning-sapphire-m10-nozzles\/#breadcrumb\",\"itemListElement\":[{\"@type\":\"ListItem\",\"position\":1,\"name\":\"\u9996\u9875\",\"item\":\"https:\/\/panwinjet.com\/\"},{\"@type\":\"ListItem\",\"position\":2,\"name\":\"PRODUCT\",\"item\":\"https:\/\/panwinjet.com\/product\/\"},{\"@type\":\"ListItem\",\"position\":3,\"name\":\"42-40K 2800Bar Ship Waterblasting pipe cleaning Sapphire M10 Nozzles\"}]},{\"@type\":\"WebSite\",\"@id\":\"https:\/\/panwinjet.com\/#website\",\"url\":\"https:\/\/panwinjet.com\/\",\"name\":\"Panwin Machinery&amp;Equipment\",\"description\":\"Shenzhen Panwin Machinery&amp;Equipment Co.Ltd\",\"potentialAction\":[{\"@type\":\"SearchAction\",\"target\":{\"@type\":\"EntryPoint\",\"urlTemplate\":\"https:\/\/panwinjet.com\/?s={search_term_string}\"},\"query-input\":{\"@type\":\"PropertyValueSpecification\",\"valueRequired\":true,\"valueName\":\"search_term_string\"}}],\"inLanguage\":\"es\"}]}<\/script>\n<!-- \/ Yoast SEO plugin. -->","yoast_head_json":{"title":"42-40K 2800Bar Ship Waterblasting pipe cleaning Sapphire M10 Nozzles - Panwin Machinery&amp;Equipment","robots":{"index":"index","follow":"follow","max-snippet":"max-snippet:-1","max-image-preview":"max-image-preview:large","max-video-preview":"max-video-preview:-1"},"canonical":"https:\/\/panwinjet.com\/es\/producto\/42-40k-2800bar-ship-waterblasting-pipe-cleaning-sapphire-m10-nozzles\/","og_locale":"es_ES","og_type":"article","og_title":"42-40K 2800Bar Ship Waterblasting pipe cleaning Sapphire M10 Nozzles - Panwin Machinery&amp;Equipment","og_description":"Water blasting cleaning machine nozzles M10-0.30mm 1.Product Introduction of 55kpsi Pressure Water blasting Petrochemical pipe cleaning machine parts M10 Nozzles For this 55kpsi Pressure Water blasting [\u2026]","og_url":"https:\/\/panwinjet.com\/es\/producto\/42-40k-2800bar-ship-waterblasting-pipe-cleaning-sapphire-m10-nozzles\/","og_site_name":"Panwin Machinery&amp;Equipment","article_modified_time":"2025-05-25T06:54:04+00:00","og_image":[{"width":1200,"height":900,"url":"https:\/\/panwinjet.com\/wp-content\/uploads\/2025\/05\/42-40K-2800Bar-Ship-Waterblasting-pipe-cleaning-Sapphire-M10-Nozzles1.jpg","type":"image\/jpeg"}],"twitter_card":"summary_large_image","twitter_misc":{"Tiempo de lectura":"3 minutos"},"schema":{"@context":"https:\/\/schema.org","@graph":[{"@type":"WebPage","@id":"https:\/\/panwinjet.com\/product\/42-40k-2800bar-ship-waterblasting-pipe-cleaning-sapphire-m10-nozzles\/","url":"https:\/\/panwinjet.com\/product\/42-40k-2800bar-ship-waterblasting-pipe-cleaning-sapphire-m10-nozzles\/","name":"42-40K 2800Bar Ship Waterblasting pipe cleaning Sapphire M10 Nozzles - Panwin Machinery&amp;Equipment","isPartOf":{"@id":"https:\/\/panwinjet.com\/#website"},"primaryImageOfPage":{"@id":"https:\/\/panwinjet.com\/product\/42-40k-2800bar-ship-waterblasting-pipe-cleaning-sapphire-m10-nozzles\/#primaryimage"},"image":{"@id":"https:\/\/panwinjet.com\/product\/42-40k-2800bar-ship-waterblasting-pipe-cleaning-sapphire-m10-nozzles\/#primaryimage"},"thumbnailUrl":"https:\/\/panwinjet.com\/wp-content\/uploads\/2025\/05\/42-40K-2800Bar-Ship-Waterblasting-pipe-cleaning-Sapphire-M10-Nozzles1.jpg","datePublished":"2025-05-25T06:51:15+00:00","dateModified":"2025-05-25T06:54:04+00:00","breadcrumb":{"@id":"https:\/\/panwinjet.com\/product\/42-40k-2800bar-ship-waterblasting-pipe-cleaning-sapphire-m10-nozzles\/#breadcrumb"},"inLanguage":"es","potentialAction":[{"@type":"ReadAction","target":["https:\/\/panwinjet.com\/product\/42-40k-2800bar-ship-waterblasting-pipe-cleaning-sapphire-m10-nozzles\/"]}]},{"@type":"ImageObject","inLanguage":"es","@id":"https:\/\/panwinjet.com\/product\/42-40k-2800bar-ship-waterblasting-pipe-cleaning-sapphire-m10-nozzles\/#primaryimage","url":"https:\/\/panwinjet.com\/wp-content\/uploads\/2025\/05\/42-40K-2800Bar-Ship-Waterblasting-pipe-cleaning-Sapphire-M10-Nozzles1.jpg","contentUrl":"https:\/\/panwinjet.com\/wp-content\/uploads\/2025\/05\/42-40K-2800Bar-Ship-Waterblasting-pipe-cleaning-Sapphire-M10-Nozzles1.jpg","width":1200,"height":900},{"@type":"BreadcrumbList","@id":"https:\/\/panwinjet.com\/product\/42-40k-2800bar-ship-waterblasting-pipe-cleaning-sapphire-m10-nozzles\/#breadcrumb","itemListElement":[{"@type":"ListItem","position":1,"name":"\u9996\u9875","item":"https:\/\/panwinjet.com\/"},{"@type":"ListItem","position":2,"name":"PRODUCT","item":"https:\/\/panwinjet.com\/product\/"},{"@type":"ListItem","position":3,"name":"42-40K 2800Bar Ship Waterblasting pipe cleaning Sapphire M10 Nozzles"}]},{"@type":"WebSite","@id":"https:\/\/panwinjet.com\/#website","url":"https:\/\/panwinjet.com\/","name":"Panwin Machinery&amp;Equipment","description":"Shenzhen Panwin Machinery&amp;Equipment Co.Ltd","potentialAction":[{"@type":"SearchAction","target":{"@type":"EntryPoint","urlTemplate":"https:\/\/panwinjet.com\/?s={search_term_string}"},"query-input":{"@type":"PropertyValueSpecification","valueRequired":true,"valueName":"search_term_string"}}],"inLanguage":"es"}]}},"_links":{"self":[{"href":"https:\/\/panwinjet.com\/es\/wp-json\/wp\/v2\/product\/277","targetHints":{"allow":["GET"]}}],"collection":[{"href":"https:\/\/panwinjet.com\/es\/wp-json\/wp\/v2\/product"}],"about":[{"href":"https:\/\/panwinjet.com\/es\/wp-json\/wp\/v2\/types\/product"}],"wp:featuredmedia":[{"embeddable":true,"href":"https:\/\/panwinjet.com\/es\/wp-json\/wp\/v2\/media\/278"}],"wp:attachment":[{"href":"https:\/\/panwinjet.com\/es\/wp-json\/wp\/v2\/media?parent=277"}],"wp:term":[{"taxonomy":"product_brand","embeddable":true,"href":"https:\/\/panwinjet.com\/es\/wp-json\/wp\/v2\/product_brand?post=277"},{"taxonomy":"product_cat","embeddable":true,"href":"https:\/\/panwinjet.com\/es\/wp-json\/wp\/v2\/product_cat?post=277"},{"taxonomy":"product_tag","embeddable":true,"href":"https:\/\/panwinjet.com\/es\/wp-json\/wp\/v2\/product_tag?post=277"}],"curies":[{"name":"wp","href":"https:\/\/api.w.org\/{rel}","templated":true}]}}