{"id":2247,"date":"2026-04-16T15:40:33","date_gmt":"2026-04-16T15:40:33","guid":{"rendered":"https:\/\/panwinjet.com\/?post_type=product&#038;p=2247"},"modified":"2026-04-16T15:40:37","modified_gmt":"2026-04-16T15:40:37","slug":"2800bar-40kpsi-uhp-rust-paint-removel-surface-preparation-blaster-hydro-jet-hammelmann-plunger","status":"publish","type":"product","link":"https:\/\/panwinjet.com\/es\/producto\/2800bar-40kpsi-uhp-rust-paint-removel-surface-preparation-blaster-hydro-jet-hammelmann-plunger\/","title":{"rendered":"2800Bar-40Kpsi UHP Rust paint removel Surface preparation Blaster Hydro Jet  Hammelmann Plunger"},"content":{"rendered":"<p>We Panwin Supply you Water Jet Steel industry cleaning machine components Hammelmann Triplex pump plunger, it is advanced design Dynamic Seal, and it is Plungers clamped, NOT threaded, and in fact, this The Hammelmann 40kpsi Fluid End standard Hammelmann unit have many advanced features.We just list few of them.<\/p>\n<p>La caracter\u00edstica ventajosa:<br \/>\nA: F\u00e1cil servicio: c\u00f3modo cambio de cartucho de v\u00e1lvula emergente<br \/>\nB:Dise\u00f1o sencillo: Menos piezas que otros extremos fluidos de 40k.<br \/>\nC: \u00c9mbolos y bujes de \u00e9mbolo de carburo s\u00f3lido<\/p>\n<p>&nbsp;<\/p>","protected":false},"excerpt":{"rendered":"<p>Solicitud:<br \/>\nThe Water Jet Steel industry cleaning machine components Hammelmann Plunger series are the parts of Hammelmann triplex plunger pump, this powerful pump can be used in the general surface cleaning, pipeline tubing cleaning, the heat-exchange cleaning, Hydro Painting &amp;Rust cleaning etc.<\/p>","protected":false},"featured_media":2248,"template":"","meta":[],"product_brand":[],"product_cat":[7,10,11],"product_tag":[205,207,206],"class_list":{"0":"post-2247","1":"product","2":"type-product","3":"status-publish","4":"has-post-thumbnail","6":"product_cat-jetstream-pump-fluid-end-compatibe-parts","7":"product_cat-pipeline-tube-uhp-water-blasting-cleaning-device","8":"product_cat-ship-cleaning-device","9":"product_tag-2800bar-40kpsi-uhp-blasting","10":"product_tag-hydro-jet-hammelmann-plunger","11":"product_tag-rust-paint-removel-surface-preparation","13":"first","14":"instock","15":"shipping-taxable","16":"product-type-simple"},"yoast_head":"<!-- This site is optimized with the Yoast SEO plugin v24.9 - https:\/\/yoast.com\/wordpress\/plugins\/seo\/ -->\n<title>2800Bar-40Kpsi UHP Rust paint removel Surface preparation Blaster Hydro Jet Hammelmann Plunger - Panwin Machinery&amp;Equipment<\/title>\n<meta name=\"robots\" content=\"index, follow, max-snippet:-1, max-image-preview:large, max-video-preview:-1\" \/>\n<link rel=\"canonical\" href=\"https:\/\/panwinjet.com\/es\/producto\/2800bar-40kpsi-uhp-rust-paint-removel-surface-preparation-blaster-hydro-jet-hammelmann-plunger\/\" \/>\n<meta property=\"og:locale\" content=\"es_ES\" \/>\n<meta property=\"og:type\" content=\"article\" \/>\n<meta property=\"og:title\" content=\"2800Bar-40Kpsi UHP Rust paint removel Surface preparation Blaster Hydro Jet Hammelmann Plunger - Panwin Machinery&amp;Equipment\" \/>\n<meta property=\"og:description\" content=\"Application: The Water Jet Steel industry cleaning machine components Hammelmann Plunger series are the parts of Hammelmann triplex plunger pump, this powerful pump can be used in the general surface cleaning, pipeline tubing cleaning, the heat-exchange cleaning, Hydro Painting &amp;Rust cleaning etc.\" \/>\n<meta property=\"og:url\" content=\"https:\/\/panwinjet.com\/es\/producto\/2800bar-40kpsi-uhp-rust-paint-removel-surface-preparation-blaster-hydro-jet-hammelmann-plunger\/\" \/>\n<meta property=\"og:site_name\" content=\"Panwin Machinery&amp;Equipment\" \/>\n<meta property=\"article:modified_time\" content=\"2026-04-16T15:40:37+00:00\" \/>\n<meta property=\"og:image\" content=\"https:\/\/panwinjet.com\/wp-content\/uploads\/2026\/04\/Plunger-5.jpg\" \/>\n\t<meta property=\"og:image:width\" content=\"1706\" \/>\n\t<meta property=\"og:image:height\" content=\"1279\" \/>\n\t<meta property=\"og:image:type\" content=\"image\/jpeg\" \/>\n<meta name=\"twitter:card\" content=\"summary_large_image\" \/>\n<meta name=\"twitter:label1\" content=\"Tiempo de lectura\" \/>\n\t<meta name=\"twitter:data1\" content=\"1 minuto\" \/>\n<script type=\"application\/ld+json\" class=\"yoast-schema-graph\">{\"@context\":\"https:\/\/schema.org\",\"@graph\":[{\"@type\":\"WebPage\",\"@id\":\"https:\/\/panwinjet.com\/product\/2800bar-40kpsi-uhp-rust-paint-removel-surface-preparation-blaster-hydro-jet-hammelmann-plunger\/\",\"url\":\"https:\/\/panwinjet.com\/product\/2800bar-40kpsi-uhp-rust-paint-removel-surface-preparation-blaster-hydro-jet-hammelmann-plunger\/\",\"name\":\"2800Bar-40Kpsi UHP Rust paint removel Surface preparation Blaster Hydro Jet Hammelmann Plunger - Panwin Machinery&amp;Equipment\",\"isPartOf\":{\"@id\":\"https:\/\/panwinjet.com\/#website\"},\"primaryImageOfPage\":{\"@id\":\"https:\/\/panwinjet.com\/product\/2800bar-40kpsi-uhp-rust-paint-removel-surface-preparation-blaster-hydro-jet-hammelmann-plunger\/#primaryimage\"},\"image\":{\"@id\":\"https:\/\/panwinjet.com\/product\/2800bar-40kpsi-uhp-rust-paint-removel-surface-preparation-blaster-hydro-jet-hammelmann-plunger\/#primaryimage\"},\"thumbnailUrl\":\"https:\/\/panwinjet.com\/wp-content\/uploads\/2026\/04\/Plunger-5.jpg\",\"datePublished\":\"2026-04-16T15:40:33+00:00\",\"dateModified\":\"2026-04-16T15:40:37+00:00\",\"breadcrumb\":{\"@id\":\"https:\/\/panwinjet.com\/product\/2800bar-40kpsi-uhp-rust-paint-removel-surface-preparation-blaster-hydro-jet-hammelmann-plunger\/#breadcrumb\"},\"inLanguage\":\"es\",\"potentialAction\":[{\"@type\":\"ReadAction\",\"target\":[\"https:\/\/panwinjet.com\/product\/2800bar-40kpsi-uhp-rust-paint-removel-surface-preparation-blaster-hydro-jet-hammelmann-plunger\/\"]}]},{\"@type\":\"ImageObject\",\"inLanguage\":\"es\",\"@id\":\"https:\/\/panwinjet.com\/product\/2800bar-40kpsi-uhp-rust-paint-removel-surface-preparation-blaster-hydro-jet-hammelmann-plunger\/#primaryimage\",\"url\":\"https:\/\/panwinjet.com\/wp-content\/uploads\/2026\/04\/Plunger-5.jpg\",\"contentUrl\":\"https:\/\/panwinjet.com\/wp-content\/uploads\/2026\/04\/Plunger-5.jpg\",\"width\":1706,\"height\":1279},{\"@type\":\"BreadcrumbList\",\"@id\":\"https:\/\/panwinjet.com\/product\/2800bar-40kpsi-uhp-rust-paint-removel-surface-preparation-blaster-hydro-jet-hammelmann-plunger\/#breadcrumb\",\"itemListElement\":[{\"@type\":\"ListItem\",\"position\":1,\"name\":\"\u9996\u9875\",\"item\":\"https:\/\/panwinjet.com\/\"},{\"@type\":\"ListItem\",\"position\":2,\"name\":\"PRODUCT\",\"item\":\"https:\/\/panwinjet.com\/product\/\"},{\"@type\":\"ListItem\",\"position\":3,\"name\":\"2800Bar-40Kpsi UHP Rust paint removel Surface preparation Blaster Hydro Jet Hammelmann Plunger\"}]},{\"@type\":\"WebSite\",\"@id\":\"https:\/\/panwinjet.com\/#website\",\"url\":\"https:\/\/panwinjet.com\/\",\"name\":\"Panwin Machinery&amp;Equipment\",\"description\":\"Shenzhen Panwin Machinery&amp;Equipment Co.Ltd\",\"potentialAction\":[{\"@type\":\"SearchAction\",\"target\":{\"@type\":\"EntryPoint\",\"urlTemplate\":\"https:\/\/panwinjet.com\/?s={search_term_string}\"},\"query-input\":{\"@type\":\"PropertyValueSpecification\",\"valueRequired\":true,\"valueName\":\"search_term_string\"}}],\"inLanguage\":\"es\"}]}<\/script>\n<!-- \/ Yoast SEO plugin. -->","yoast_head_json":{"title":"2800Bar-40Kpsi UHP Rust paint removel Surface preparation Blaster Hydro Jet Hammelmann Plunger - Panwin Machinery&amp;Equipment","robots":{"index":"index","follow":"follow","max-snippet":"max-snippet:-1","max-image-preview":"max-image-preview:large","max-video-preview":"max-video-preview:-1"},"canonical":"https:\/\/panwinjet.com\/es\/producto\/2800bar-40kpsi-uhp-rust-paint-removel-surface-preparation-blaster-hydro-jet-hammelmann-plunger\/","og_locale":"es_ES","og_type":"article","og_title":"2800Bar-40Kpsi UHP Rust paint removel Surface preparation Blaster Hydro Jet Hammelmann Plunger - Panwin Machinery&amp;Equipment","og_description":"Application: The Water Jet Steel industry cleaning machine components Hammelmann Plunger series are the parts of Hammelmann triplex plunger pump, this powerful pump can be used in the general surface cleaning, pipeline tubing cleaning, the heat-exchange cleaning, Hydro Painting &amp;Rust cleaning etc.","og_url":"https:\/\/panwinjet.com\/es\/producto\/2800bar-40kpsi-uhp-rust-paint-removel-surface-preparation-blaster-hydro-jet-hammelmann-plunger\/","og_site_name":"Panwin Machinery&amp;Equipment","article_modified_time":"2026-04-16T15:40:37+00:00","og_image":[{"width":1706,"height":1279,"url":"https:\/\/panwinjet.com\/wp-content\/uploads\/2026\/04\/Plunger-5.jpg","type":"image\/jpeg"}],"twitter_card":"summary_large_image","twitter_misc":{"Tiempo de lectura":"1 minuto"},"schema":{"@context":"https:\/\/schema.org","@graph":[{"@type":"WebPage","@id":"https:\/\/panwinjet.com\/product\/2800bar-40kpsi-uhp-rust-paint-removel-surface-preparation-blaster-hydro-jet-hammelmann-plunger\/","url":"https:\/\/panwinjet.com\/product\/2800bar-40kpsi-uhp-rust-paint-removel-surface-preparation-blaster-hydro-jet-hammelmann-plunger\/","name":"2800Bar-40Kpsi UHP Rust paint removel Surface preparation Blaster Hydro Jet Hammelmann Plunger - Panwin Machinery&amp;Equipment","isPartOf":{"@id":"https:\/\/panwinjet.com\/#website"},"primaryImageOfPage":{"@id":"https:\/\/panwinjet.com\/product\/2800bar-40kpsi-uhp-rust-paint-removel-surface-preparation-blaster-hydro-jet-hammelmann-plunger\/#primaryimage"},"image":{"@id":"https:\/\/panwinjet.com\/product\/2800bar-40kpsi-uhp-rust-paint-removel-surface-preparation-blaster-hydro-jet-hammelmann-plunger\/#primaryimage"},"thumbnailUrl":"https:\/\/panwinjet.com\/wp-content\/uploads\/2026\/04\/Plunger-5.jpg","datePublished":"2026-04-16T15:40:33+00:00","dateModified":"2026-04-16T15:40:37+00:00","breadcrumb":{"@id":"https:\/\/panwinjet.com\/product\/2800bar-40kpsi-uhp-rust-paint-removel-surface-preparation-blaster-hydro-jet-hammelmann-plunger\/#breadcrumb"},"inLanguage":"es","potentialAction":[{"@type":"ReadAction","target":["https:\/\/panwinjet.com\/product\/2800bar-40kpsi-uhp-rust-paint-removel-surface-preparation-blaster-hydro-jet-hammelmann-plunger\/"]}]},{"@type":"ImageObject","inLanguage":"es","@id":"https:\/\/panwinjet.com\/product\/2800bar-40kpsi-uhp-rust-paint-removel-surface-preparation-blaster-hydro-jet-hammelmann-plunger\/#primaryimage","url":"https:\/\/panwinjet.com\/wp-content\/uploads\/2026\/04\/Plunger-5.jpg","contentUrl":"https:\/\/panwinjet.com\/wp-content\/uploads\/2026\/04\/Plunger-5.jpg","width":1706,"height":1279},{"@type":"BreadcrumbList","@id":"https:\/\/panwinjet.com\/product\/2800bar-40kpsi-uhp-rust-paint-removel-surface-preparation-blaster-hydro-jet-hammelmann-plunger\/#breadcrumb","itemListElement":[{"@type":"ListItem","position":1,"name":"\u9996\u9875","item":"https:\/\/panwinjet.com\/"},{"@type":"ListItem","position":2,"name":"PRODUCT","item":"https:\/\/panwinjet.com\/product\/"},{"@type":"ListItem","position":3,"name":"2800Bar-40Kpsi UHP Rust paint removel Surface preparation Blaster Hydro Jet Hammelmann Plunger"}]},{"@type":"WebSite","@id":"https:\/\/panwinjet.com\/#website","url":"https:\/\/panwinjet.com\/","name":"Panwin Machinery&amp;Equipment","description":"Shenzhen Panwin Machinery&amp;Equipment Co.Ltd","potentialAction":[{"@type":"SearchAction","target":{"@type":"EntryPoint","urlTemplate":"https:\/\/panwinjet.com\/?s={search_term_string}"},"query-input":{"@type":"PropertyValueSpecification","valueRequired":true,"valueName":"search_term_string"}}],"inLanguage":"es"}]}},"_links":{"self":[{"href":"https:\/\/panwinjet.com\/es\/wp-json\/wp\/v2\/product\/2247","targetHints":{"allow":["GET"]}}],"collection":[{"href":"https:\/\/panwinjet.com\/es\/wp-json\/wp\/v2\/product"}],"about":[{"href":"https:\/\/panwinjet.com\/es\/wp-json\/wp\/v2\/types\/product"}],"wp:featuredmedia":[{"embeddable":true,"href":"https:\/\/panwinjet.com\/es\/wp-json\/wp\/v2\/media\/2248"}],"wp:attachment":[{"href":"https:\/\/panwinjet.com\/es\/wp-json\/wp\/v2\/media?parent=2247"}],"wp:term":[{"taxonomy":"product_brand","embeddable":true,"href":"https:\/\/panwinjet.com\/es\/wp-json\/wp\/v2\/product_brand?post=2247"},{"taxonomy":"product_cat","embeddable":true,"href":"https:\/\/panwinjet.com\/es\/wp-json\/wp\/v2\/product_cat?post=2247"},{"taxonomy":"product_tag","embeddable":true,"href":"https:\/\/panwinjet.com\/es\/wp-json\/wp\/v2\/product_tag?post=2247"}],"curies":[{"name":"wp","href":"https:\/\/api.w.org\/{rel}","templated":true}]}}