{"id":2243,"date":"2026-04-16T15:25:58","date_gmt":"2026-04-16T15:25:58","guid":{"rendered":"https:\/\/panwinjet.com\/?post_type=product&#038;p=2243"},"modified":"2026-04-16T15:25:58","modified_gmt":"2026-04-16T15:25:58","slug":"40000psi-uhp-hydro-jetting-water-jet-steel-industry-cleaning-machine-components-4240-plunger","status":"publish","type":"product","link":"https:\/\/panwinjet.com\/es\/producto\/40000psi-uhp-hydro-jetting-water-jet-steel-industry-cleaning-machine-components-4240-plunger\/","title":{"rendered":"40000psi UHP Hydro-Jetting Water Jet Steel industry cleaning machine components 4240 Plunger"},"content":{"rendered":"<p><strong><b>Water Jet Steel industry cleaning machine components 4240 Plunger<\/b><\/strong><\/p>\n<p>These Water Jet Steel industry cleaning machine components 4240 Plunger\u00a0are applied to the Jetstream 40kpsi Fluid End standard Jetstream unit or bare shaft pump.<\/p>\n<p>Estos 4240 \u00c9mbolo tenemos 5 modelos, respectivamente \u00c9mbolo JS #6,#7,#8,#8HF,#9, compatibles con Jetstream Piezas No.Jetstream 53561, Jetstream 53562, Jetstream 53563, Jetstream 64839, Jetstream 64836.<\/p>","protected":false},"excerpt":{"rendered":"<p>We Panwin Supply you Water Jet Steel industry cleaning machine components 4240 Plunger\u00a0is advanced design, and it is Plungers clamped, NOT threaded, and in fact, this The Jetstream 40kpsi\u00a0Fluid End standard Jetstream unit have many advanced features.We just list few of them.<\/p>\n<p>La caracter\u00edstica ventajosa:<\/p>\n<p>A: F\u00e1cil servicio: c\u00f3modo cambio de cartucho de v\u00e1lvula emergente<\/p>\n<p>B:Dise\u00f1o sencillo: Menos piezas que otros extremos fluidos de 40k.<\/p>\n<p>C: \u00c9mbolos y bujes de \u00e9mbolo de carburo s\u00f3lido<\/p>\n<p><strong><b>Solicitud:<\/b><\/strong><\/p>\n<p>The Water Jet Steel industry cleaning machine components 4240 Plunger\u00a0series are\u00a0the parts of 4240 triplex plunger pump, this powerful pump can be used in the general surface cleaning, pipeline tubing cleaning, the heat-exchange cleaning,\u00a0Hydro\u00a0Painting &amp;Rust cleaning etc.<\/p>","protected":false},"featured_media":2244,"template":"","meta":[],"product_brand":[],"product_cat":[7,10,11],"product_tag":[201,203,204,202],"class_list":{"0":"post-2243","1":"product","2":"type-product","3":"status-publish","4":"has-post-thumbnail","6":"product_cat-jetstream-pump-fluid-end-compatibe-parts","7":"product_cat-pipeline-tube-uhp-water-blasting-cleaning-device","8":"product_cat-ship-cleaning-device","9":"product_tag-40000psi-uhp-hydro-jetting","10":"product_tag-jetstream-triplex-pump-4240","11":"product_tag-tungsten-steel-plunger","12":"product_tag-water-jet-steel-industry-cleaning-machine","14":"first","15":"instock","16":"shipping-taxable","17":"product-type-simple"},"yoast_head":"<!-- This site is optimized with the Yoast SEO plugin v24.9 - https:\/\/yoast.com\/wordpress\/plugins\/seo\/ -->\n<title>40000psi UHP Hydro-Jetting Water Jet Steel industry cleaning machine components 4240 Plunger - Panwin Machinery&amp;Equipment<\/title>\n<meta name=\"robots\" content=\"index, follow, max-snippet:-1, max-image-preview:large, max-video-preview:-1\" \/>\n<link rel=\"canonical\" href=\"https:\/\/panwinjet.com\/es\/producto\/40000psi-uhp-hydro-jetting-water-jet-steel-industry-cleaning-machine-components-4240-plunger\/\" \/>\n<meta property=\"og:locale\" content=\"es_ES\" \/>\n<meta property=\"og:type\" content=\"article\" \/>\n<meta property=\"og:title\" content=\"40000psi UHP Hydro-Jetting Water Jet Steel industry cleaning machine components 4240 Plunger - Panwin Machinery&amp;Equipment\" \/>\n<meta property=\"og:description\" content=\"We Panwin Supply you Water Jet Steel industry cleaning machine components 4240 Plunger\u00a0is advanced design, and it is Plungers clamped, NOT threaded, and in fact, this The Jetstream 40kpsi\u00a0Fluid End standard Jetstream unit have many advanced features.We just list few of them.  The advantage characteristic:  A:Easy service: convenient pop-out valve cartridge change  B:simplicity design: Fewer parts than other 40k Fluid Ends.  C:Solid carbide plungers and plunger bushings  Application:  The Water Jet Steel industry cleaning machine components 4240 Plunger\u00a0series are\u00a0the parts of 4240 triplex plunger pump, this powerful pump can be used in the general surface cleaning, pipeline tubing cleaning, the heat-exchange cleaning,\u00a0Hydro\u00a0Painting &amp;Rust cleaning etc.\" \/>\n<meta property=\"og:url\" content=\"https:\/\/panwinjet.com\/es\/producto\/40000psi-uhp-hydro-jetting-water-jet-steel-industry-cleaning-machine-components-4240-plunger\/\" \/>\n<meta property=\"og:site_name\" content=\"Panwin Machinery&amp;Equipment\" \/>\n<meta property=\"og:image\" content=\"https:\/\/panwinjet.com\/wp-content\/uploads\/2026\/04\/64839-Plunger-8HF.png\" \/>\n\t<meta property=\"og:image:width\" content=\"468\" \/>\n\t<meta property=\"og:image:height\" content=\"279\" \/>\n\t<meta property=\"og:image:type\" content=\"image\/png\" \/>\n<meta name=\"twitter:card\" content=\"summary_large_image\" \/>\n<meta name=\"twitter:label1\" content=\"Tiempo de lectura\" \/>\n\t<meta name=\"twitter:data1\" content=\"1 minuto\" \/>\n<script type=\"application\/ld+json\" class=\"yoast-schema-graph\">{\"@context\":\"https:\/\/schema.org\",\"@graph\":[{\"@type\":\"WebPage\",\"@id\":\"https:\/\/panwinjet.com\/product\/40000psi-uhp-hydro-jetting-water-jet-steel-industry-cleaning-machine-components-4240-plunger\/\",\"url\":\"https:\/\/panwinjet.com\/product\/40000psi-uhp-hydro-jetting-water-jet-steel-industry-cleaning-machine-components-4240-plunger\/\",\"name\":\"40000psi UHP Hydro-Jetting Water Jet Steel industry cleaning machine components 4240 Plunger - Panwin Machinery&amp;Equipment\",\"isPartOf\":{\"@id\":\"https:\/\/panwinjet.com\/#website\"},\"primaryImageOfPage\":{\"@id\":\"https:\/\/panwinjet.com\/product\/40000psi-uhp-hydro-jetting-water-jet-steel-industry-cleaning-machine-components-4240-plunger\/#primaryimage\"},\"image\":{\"@id\":\"https:\/\/panwinjet.com\/product\/40000psi-uhp-hydro-jetting-water-jet-steel-industry-cleaning-machine-components-4240-plunger\/#primaryimage\"},\"thumbnailUrl\":\"https:\/\/panwinjet.com\/wp-content\/uploads\/2026\/04\/64839-Plunger-8HF.png\",\"datePublished\":\"2026-04-16T15:25:58+00:00\",\"breadcrumb\":{\"@id\":\"https:\/\/panwinjet.com\/product\/40000psi-uhp-hydro-jetting-water-jet-steel-industry-cleaning-machine-components-4240-plunger\/#breadcrumb\"},\"inLanguage\":\"es\",\"potentialAction\":[{\"@type\":\"ReadAction\",\"target\":[\"https:\/\/panwinjet.com\/product\/40000psi-uhp-hydro-jetting-water-jet-steel-industry-cleaning-machine-components-4240-plunger\/\"]}]},{\"@type\":\"ImageObject\",\"inLanguage\":\"es\",\"@id\":\"https:\/\/panwinjet.com\/product\/40000psi-uhp-hydro-jetting-water-jet-steel-industry-cleaning-machine-components-4240-plunger\/#primaryimage\",\"url\":\"https:\/\/panwinjet.com\/wp-content\/uploads\/2026\/04\/64839-Plunger-8HF.png\",\"contentUrl\":\"https:\/\/panwinjet.com\/wp-content\/uploads\/2026\/04\/64839-Plunger-8HF.png\",\"width\":468,\"height\":279},{\"@type\":\"BreadcrumbList\",\"@id\":\"https:\/\/panwinjet.com\/product\/40000psi-uhp-hydro-jetting-water-jet-steel-industry-cleaning-machine-components-4240-plunger\/#breadcrumb\",\"itemListElement\":[{\"@type\":\"ListItem\",\"position\":1,\"name\":\"\u9996\u9875\",\"item\":\"https:\/\/panwinjet.com\/\"},{\"@type\":\"ListItem\",\"position\":2,\"name\":\"PRODUCT\",\"item\":\"https:\/\/panwinjet.com\/product\/\"},{\"@type\":\"ListItem\",\"position\":3,\"name\":\"40000psi UHP Hydro-Jetting Water Jet Steel industry cleaning machine components 4240 Plunger\"}]},{\"@type\":\"WebSite\",\"@id\":\"https:\/\/panwinjet.com\/#website\",\"url\":\"https:\/\/panwinjet.com\/\",\"name\":\"Panwin Machinery&amp;Equipment\",\"description\":\"Shenzhen Panwin Machinery&amp;Equipment Co.Ltd\",\"potentialAction\":[{\"@type\":\"SearchAction\",\"target\":{\"@type\":\"EntryPoint\",\"urlTemplate\":\"https:\/\/panwinjet.com\/?s={search_term_string}\"},\"query-input\":{\"@type\":\"PropertyValueSpecification\",\"valueRequired\":true,\"valueName\":\"search_term_string\"}}],\"inLanguage\":\"es\"}]}<\/script>\n<!-- \/ Yoast SEO plugin. -->","yoast_head_json":{"title":"40000psi UHP Hydro-Jetting Water Jet Steel industry cleaning machine components 4240 Plunger - Panwin Machinery&amp;Equipment","robots":{"index":"index","follow":"follow","max-snippet":"max-snippet:-1","max-image-preview":"max-image-preview:large","max-video-preview":"max-video-preview:-1"},"canonical":"https:\/\/panwinjet.com\/es\/producto\/40000psi-uhp-hydro-jetting-water-jet-steel-industry-cleaning-machine-components-4240-plunger\/","og_locale":"es_ES","og_type":"article","og_title":"40000psi UHP Hydro-Jetting Water Jet Steel industry cleaning machine components 4240 Plunger - Panwin Machinery&amp;Equipment","og_description":"We Panwin Supply you Water Jet Steel industry cleaning machine components 4240 Plunger\u00a0is advanced design, and it is Plungers clamped, NOT threaded, and in fact, this The Jetstream 40kpsi\u00a0Fluid End standard Jetstream unit have many advanced features.We just list few of them.  The advantage characteristic:  A:Easy service: convenient pop-out valve cartridge change  B:simplicity design: Fewer parts than other 40k Fluid Ends.  C:Solid carbide plungers and plunger bushings  Application:  The Water Jet Steel industry cleaning machine components 4240 Plunger\u00a0series are\u00a0the parts of 4240 triplex plunger pump, this powerful pump can be used in the general surface cleaning, pipeline tubing cleaning, the heat-exchange cleaning,\u00a0Hydro\u00a0Painting &amp;Rust cleaning etc.","og_url":"https:\/\/panwinjet.com\/es\/producto\/40000psi-uhp-hydro-jetting-water-jet-steel-industry-cleaning-machine-components-4240-plunger\/","og_site_name":"Panwin Machinery&amp;Equipment","og_image":[{"width":468,"height":279,"url":"https:\/\/panwinjet.com\/wp-content\/uploads\/2026\/04\/64839-Plunger-8HF.png","type":"image\/png"}],"twitter_card":"summary_large_image","twitter_misc":{"Tiempo de lectura":"1 minuto"},"schema":{"@context":"https:\/\/schema.org","@graph":[{"@type":"WebPage","@id":"https:\/\/panwinjet.com\/product\/40000psi-uhp-hydro-jetting-water-jet-steel-industry-cleaning-machine-components-4240-plunger\/","url":"https:\/\/panwinjet.com\/product\/40000psi-uhp-hydro-jetting-water-jet-steel-industry-cleaning-machine-components-4240-plunger\/","name":"40000psi UHP Hydro-Jetting Water Jet Steel industry cleaning machine components 4240 Plunger - Panwin Machinery&amp;Equipment","isPartOf":{"@id":"https:\/\/panwinjet.com\/#website"},"primaryImageOfPage":{"@id":"https:\/\/panwinjet.com\/product\/40000psi-uhp-hydro-jetting-water-jet-steel-industry-cleaning-machine-components-4240-plunger\/#primaryimage"},"image":{"@id":"https:\/\/panwinjet.com\/product\/40000psi-uhp-hydro-jetting-water-jet-steel-industry-cleaning-machine-components-4240-plunger\/#primaryimage"},"thumbnailUrl":"https:\/\/panwinjet.com\/wp-content\/uploads\/2026\/04\/64839-Plunger-8HF.png","datePublished":"2026-04-16T15:25:58+00:00","breadcrumb":{"@id":"https:\/\/panwinjet.com\/product\/40000psi-uhp-hydro-jetting-water-jet-steel-industry-cleaning-machine-components-4240-plunger\/#breadcrumb"},"inLanguage":"es","potentialAction":[{"@type":"ReadAction","target":["https:\/\/panwinjet.com\/product\/40000psi-uhp-hydro-jetting-water-jet-steel-industry-cleaning-machine-components-4240-plunger\/"]}]},{"@type":"ImageObject","inLanguage":"es","@id":"https:\/\/panwinjet.com\/product\/40000psi-uhp-hydro-jetting-water-jet-steel-industry-cleaning-machine-components-4240-plunger\/#primaryimage","url":"https:\/\/panwinjet.com\/wp-content\/uploads\/2026\/04\/64839-Plunger-8HF.png","contentUrl":"https:\/\/panwinjet.com\/wp-content\/uploads\/2026\/04\/64839-Plunger-8HF.png","width":468,"height":279},{"@type":"BreadcrumbList","@id":"https:\/\/panwinjet.com\/product\/40000psi-uhp-hydro-jetting-water-jet-steel-industry-cleaning-machine-components-4240-plunger\/#breadcrumb","itemListElement":[{"@type":"ListItem","position":1,"name":"\u9996\u9875","item":"https:\/\/panwinjet.com\/"},{"@type":"ListItem","position":2,"name":"PRODUCT","item":"https:\/\/panwinjet.com\/product\/"},{"@type":"ListItem","position":3,"name":"40000psi UHP Hydro-Jetting Water Jet Steel industry cleaning machine components 4240 Plunger"}]},{"@type":"WebSite","@id":"https:\/\/panwinjet.com\/#website","url":"https:\/\/panwinjet.com\/","name":"Panwin Machinery&amp;Equipment","description":"Shenzhen Panwin Machinery&amp;Equipment Co.Ltd","potentialAction":[{"@type":"SearchAction","target":{"@type":"EntryPoint","urlTemplate":"https:\/\/panwinjet.com\/?s={search_term_string}"},"query-input":{"@type":"PropertyValueSpecification","valueRequired":true,"valueName":"search_term_string"}}],"inLanguage":"es"}]}},"_links":{"self":[{"href":"https:\/\/panwinjet.com\/es\/wp-json\/wp\/v2\/product\/2243","targetHints":{"allow":["GET"]}}],"collection":[{"href":"https:\/\/panwinjet.com\/es\/wp-json\/wp\/v2\/product"}],"about":[{"href":"https:\/\/panwinjet.com\/es\/wp-json\/wp\/v2\/types\/product"}],"wp:featuredmedia":[{"embeddable":true,"href":"https:\/\/panwinjet.com\/es\/wp-json\/wp\/v2\/media\/2244"}],"wp:attachment":[{"href":"https:\/\/panwinjet.com\/es\/wp-json\/wp\/v2\/media?parent=2243"}],"wp:term":[{"taxonomy":"product_brand","embeddable":true,"href":"https:\/\/panwinjet.com\/es\/wp-json\/wp\/v2\/product_brand?post=2243"},{"taxonomy":"product_cat","embeddable":true,"href":"https:\/\/panwinjet.com\/es\/wp-json\/wp\/v2\/product_cat?post=2243"},{"taxonomy":"product_tag","embeddable":true,"href":"https:\/\/panwinjet.com\/es\/wp-json\/wp\/v2\/product_tag?post=2243"}],"curies":[{"name":"wp","href":"https:\/\/api.w.org\/{rel}","templated":true}]}}