{"id":2235,"date":"2026-04-16T15:07:25","date_gmt":"2026-04-16T15:07:25","guid":{"rendered":"https:\/\/panwinjet.com\/?post_type=product&#038;p=2235"},"modified":"2026-04-16T15:07:25","modified_gmt":"2026-04-16T15:07:25","slug":"china-factory-high-quality-1500bar-pressure-water-jet-cleaning-machine-4-badger-pipe-cleaning-nozzle","status":"publish","type":"product","link":"https:\/\/panwinjet.com\/es\/producto\/china-factory-high-quality-1500bar-pressure-water-jet-cleaning-machine-4-badger-pipe-cleaning-nozzle\/","title":{"rendered":"China factory high quality 1500Bar Pressure Water Jet cleaning machine 4&#8243; Badger Pipe Cleaning Nozzle"},"content":{"rendered":"<p>Nosotros, Panwin, le vendemos boquillas para m\u00e1quina de limpieza de tuber\u00edas curvas de 4 pulgadas con chorro de agua a presi\u00f3n de 20000 psi de excelente calidad que tienen muchas ventajas y caracter\u00edsticas como las siguientes:<\/p>\n<p>1: Rendimiento de limpieza integral.<\/p>\n<p>Esta boquilla autorrotativa para limpieza de tuber\u00edas hidr\u00e1ulicas est\u00e1 dise\u00f1ada para facilitar el acceso y la limpieza de tuber\u00edas curvas de 90\u00b0 de 6 pulgadas y tiene chorros frontales, laterales y traseros que eliminan los bloqueos.<\/p>\n<p>Empuja para impulsar la herramienta por la tuber\u00eda para obtener m\u00e1xima potencia de limpieza y m\u00ednimo desgaste.<\/p>\n<p>2: El agua proporciona un movimiento de autorrotaci\u00f3n, sin necesidad de aceite ni cojinetes de bolas.<\/p>\n<p>El agua fluyente proporciona el movimiento de rotaci\u00f3n y crea el cojinete sobre el que giran las boquillas. \u00a1Sin aceite ni cojinetes de bolas que reemplazar!<\/p>\n<p>3: Boquillas de inserci\u00f3n multipuerto para limpieza de 360 grados.<\/p>\n<p>Equipado con dos puertos orientados hacia adelante a 10\u00b0 y dos a 45\u00b0, dos puertos radiales a 100\u00b0 y dos puertos orientados hacia atr\u00e1s a 135\u00b0 que aceptan dos tipos de boquillas disponibles opcionalmente.<\/p>\n<p>&nbsp;<\/p>\n<p>4: Control de velocidad, limpieza potente y m\u00ednimo desgaste.<\/p>\n<p>Est\u00e1 dise\u00f1ado con un sistema de frenado por corrientes de Foucault que controla la velocidad de rotaci\u00f3n para lograr m\u00e1xima potencia de limpieza y m\u00ednimo desgaste.<\/p>\n<p>&nbsp;<\/p>\n<p>5: F\u00e1cil servicio.<\/p>\n<p>\u00a1Totalmente reparable en campo en menos de 5 minutos!<\/p>","protected":false},"excerpt":{"rendered":"<p><strong><b>The 22<\/b><\/strong><strong><b>kpsi pressur water jet cleaning machine <\/b><\/strong><strong><b>4 &#8221; Badger bend pipe cleaning nozzle is a self-rotating nozzle<\/b><\/strong><strong><b>\u00a0<\/b><\/strong><strong><b>Para un f\u00e1cil acceso y limpieza, curva de lavado de 90\u00b0, tubo de 4 pulgadas<\/b><\/strong><strong><b>Cuenta con chorros frontales, laterales y traseros que eliminan obstrucciones. Es una potente herramienta de limpieza de tuber\u00edas para tareas dif\u00edciles en yacimientos petrol\u00edferos, limpieza de tuber\u00edas qu\u00edmicas, etc.<\/b><\/strong><\/p>","protected":false},"featured_media":2239,"template":"","meta":[],"product_brand":[],"product_cat":[10,3,4,5],"product_tag":[200,198,199],"class_list":{"0":"post-2235","1":"product","2":"type-product","3":"status-publish","4":"has-post-thumbnail","6":"product_cat-pipeline-tube-uhp-water-blasting-cleaning-device","7":"product_cat-sapphire-nozzles","8":"product_cat-uhp-blasting-hand-air-gun","9":"product_cat-uhp-rotating-nozzles","10":"product_tag-1500bar-pipe-cleaning-nozzle","11":"product_tag-4-badger-rotary-nozzles","12":"product_tag-4-badger-sapphire-1-8-npt-nozzles-tip","14":"first","15":"instock","16":"shipping-taxable","17":"product-type-simple"},"yoast_head":"<!-- This site is optimized with the Yoast SEO plugin v24.9 - https:\/\/yoast.com\/wordpress\/plugins\/seo\/ -->\n<title>China factory high quality 1500Bar Pressure Water Jet cleaning machine 4&quot; Badger Pipe Cleaning Nozzle - Panwin Machinery&amp;Equipment<\/title>\n<meta name=\"robots\" content=\"index, follow, max-snippet:-1, max-image-preview:large, max-video-preview:-1\" \/>\n<link rel=\"canonical\" href=\"https:\/\/panwinjet.com\/es\/producto\/china-factory-high-quality-1500bar-pressure-water-jet-cleaning-machine-4-badger-pipe-cleaning-nozzle\/\" \/>\n<meta property=\"og:locale\" content=\"es_ES\" \/>\n<meta property=\"og:type\" content=\"article\" \/>\n<meta property=\"og:title\" content=\"China factory high quality 1500Bar Pressure Water Jet cleaning machine 4&quot; Badger Pipe Cleaning Nozzle - Panwin Machinery&amp;Equipment\" \/>\n<meta property=\"og:description\" content=\"The 22kpsi pressur water jet cleaning machine 4 &quot; Badger bend pipe cleaning nozzle is a self-rotating nozzle\u00a0for easy access and cleaning wash bend 90\u00b04 inch pipe, It has front, side, and rear jets that clear blockages. It is powerful pipe cleaning tool for tough tasks in Oil field, chemical pipe cleaning etc.\" \/>\n<meta property=\"og:url\" content=\"https:\/\/panwinjet.com\/es\/producto\/china-factory-high-quality-1500bar-pressure-water-jet-cleaning-machine-4-badger-pipe-cleaning-nozzle\/\" \/>\n<meta property=\"og:site_name\" content=\"Panwin Machinery&amp;Equipment\" \/>\n<meta property=\"og:image\" content=\"https:\/\/panwinjet.com\/wp-content\/uploads\/2026\/04\/4\u5bf8\u704c\u732a\u5b9d\u77f37-scaled.jpg\" \/>\n\t<meta property=\"og:image:width\" content=\"2560\" \/>\n\t<meta property=\"og:image:height\" content=\"1152\" \/>\n\t<meta property=\"og:image:type\" content=\"image\/jpeg\" \/>\n<meta name=\"twitter:card\" content=\"summary_large_image\" \/>\n<meta name=\"twitter:label1\" content=\"Tiempo de lectura\" \/>\n\t<meta name=\"twitter:data1\" content=\"1 minuto\" \/>\n<script type=\"application\/ld+json\" class=\"yoast-schema-graph\">{\"@context\":\"https:\/\/schema.org\",\"@graph\":[{\"@type\":\"WebPage\",\"@id\":\"https:\/\/panwinjet.com\/product\/china-factory-high-quality-1500bar-pressure-water-jet-cleaning-machine-4-badger-pipe-cleaning-nozzle\/\",\"url\":\"https:\/\/panwinjet.com\/product\/china-factory-high-quality-1500bar-pressure-water-jet-cleaning-machine-4-badger-pipe-cleaning-nozzle\/\",\"name\":\"China factory high quality 1500Bar Pressure Water Jet cleaning machine 4\\\" Badger Pipe Cleaning Nozzle - Panwin Machinery&amp;Equipment\",\"isPartOf\":{\"@id\":\"https:\/\/panwinjet.com\/#website\"},\"primaryImageOfPage\":{\"@id\":\"https:\/\/panwinjet.com\/product\/china-factory-high-quality-1500bar-pressure-water-jet-cleaning-machine-4-badger-pipe-cleaning-nozzle\/#primaryimage\"},\"image\":{\"@id\":\"https:\/\/panwinjet.com\/product\/china-factory-high-quality-1500bar-pressure-water-jet-cleaning-machine-4-badger-pipe-cleaning-nozzle\/#primaryimage\"},\"thumbnailUrl\":\"https:\/\/panwinjet.com\/wp-content\/uploads\/2026\/04\/4\u5bf8\u704c\u732a\u5b9d\u77f37-scaled.jpg\",\"datePublished\":\"2026-04-16T15:07:25+00:00\",\"breadcrumb\":{\"@id\":\"https:\/\/panwinjet.com\/product\/china-factory-high-quality-1500bar-pressure-water-jet-cleaning-machine-4-badger-pipe-cleaning-nozzle\/#breadcrumb\"},\"inLanguage\":\"es\",\"potentialAction\":[{\"@type\":\"ReadAction\",\"target\":[\"https:\/\/panwinjet.com\/product\/china-factory-high-quality-1500bar-pressure-water-jet-cleaning-machine-4-badger-pipe-cleaning-nozzle\/\"]}]},{\"@type\":\"ImageObject\",\"inLanguage\":\"es\",\"@id\":\"https:\/\/panwinjet.com\/product\/china-factory-high-quality-1500bar-pressure-water-jet-cleaning-machine-4-badger-pipe-cleaning-nozzle\/#primaryimage\",\"url\":\"https:\/\/panwinjet.com\/wp-content\/uploads\/2026\/04\/4\u5bf8\u704c\u732a\u5b9d\u77f37-scaled.jpg\",\"contentUrl\":\"https:\/\/panwinjet.com\/wp-content\/uploads\/2026\/04\/4\u5bf8\u704c\u732a\u5b9d\u77f37-scaled.jpg\",\"width\":2560,\"height\":1152},{\"@type\":\"BreadcrumbList\",\"@id\":\"https:\/\/panwinjet.com\/product\/china-factory-high-quality-1500bar-pressure-water-jet-cleaning-machine-4-badger-pipe-cleaning-nozzle\/#breadcrumb\",\"itemListElement\":[{\"@type\":\"ListItem\",\"position\":1,\"name\":\"\u9996\u9875\",\"item\":\"https:\/\/panwinjet.com\/\"},{\"@type\":\"ListItem\",\"position\":2,\"name\":\"PRODUCT\",\"item\":\"https:\/\/panwinjet.com\/product\/\"},{\"@type\":\"ListItem\",\"position\":3,\"name\":\"China factory high quality 1500Bar Pressure Water Jet cleaning machine 4&#8243; Badger Pipe Cleaning Nozzle\"}]},{\"@type\":\"WebSite\",\"@id\":\"https:\/\/panwinjet.com\/#website\",\"url\":\"https:\/\/panwinjet.com\/\",\"name\":\"Panwin Machinery&amp;Equipment\",\"description\":\"Shenzhen Panwin Machinery&amp;Equipment Co.Ltd\",\"potentialAction\":[{\"@type\":\"SearchAction\",\"target\":{\"@type\":\"EntryPoint\",\"urlTemplate\":\"https:\/\/panwinjet.com\/?s={search_term_string}\"},\"query-input\":{\"@type\":\"PropertyValueSpecification\",\"valueRequired\":true,\"valueName\":\"search_term_string\"}}],\"inLanguage\":\"es\"}]}<\/script>\n<!-- \/ Yoast SEO plugin. -->","yoast_head_json":{"title":"China factory high quality 1500Bar Pressure Water Jet cleaning machine 4\" Badger Pipe Cleaning Nozzle - Panwin Machinery&amp;Equipment","robots":{"index":"index","follow":"follow","max-snippet":"max-snippet:-1","max-image-preview":"max-image-preview:large","max-video-preview":"max-video-preview:-1"},"canonical":"https:\/\/panwinjet.com\/es\/producto\/china-factory-high-quality-1500bar-pressure-water-jet-cleaning-machine-4-badger-pipe-cleaning-nozzle\/","og_locale":"es_ES","og_type":"article","og_title":"China factory high quality 1500Bar Pressure Water Jet cleaning machine 4\" Badger Pipe Cleaning Nozzle - Panwin Machinery&amp;Equipment","og_description":"The 22kpsi pressur water jet cleaning machine 4 \" Badger bend pipe cleaning nozzle is a self-rotating nozzle\u00a0for easy access and cleaning wash bend 90\u00b04 inch pipe, It has front, side, and rear jets that clear blockages. It is powerful pipe cleaning tool for tough tasks in Oil field, chemical pipe cleaning etc.","og_url":"https:\/\/panwinjet.com\/es\/producto\/china-factory-high-quality-1500bar-pressure-water-jet-cleaning-machine-4-badger-pipe-cleaning-nozzle\/","og_site_name":"Panwin Machinery&amp;Equipment","og_image":[{"width":2560,"height":1152,"url":"https:\/\/panwinjet.com\/wp-content\/uploads\/2026\/04\/4\u5bf8\u704c\u732a\u5b9d\u77f37-scaled.jpg","type":"image\/jpeg"}],"twitter_card":"summary_large_image","twitter_misc":{"Tiempo de lectura":"1 minuto"},"schema":{"@context":"https:\/\/schema.org","@graph":[{"@type":"WebPage","@id":"https:\/\/panwinjet.com\/product\/china-factory-high-quality-1500bar-pressure-water-jet-cleaning-machine-4-badger-pipe-cleaning-nozzle\/","url":"https:\/\/panwinjet.com\/product\/china-factory-high-quality-1500bar-pressure-water-jet-cleaning-machine-4-badger-pipe-cleaning-nozzle\/","name":"China factory high quality 1500Bar Pressure Water Jet cleaning machine 4\" Badger Pipe Cleaning Nozzle - Panwin Machinery&amp;Equipment","isPartOf":{"@id":"https:\/\/panwinjet.com\/#website"},"primaryImageOfPage":{"@id":"https:\/\/panwinjet.com\/product\/china-factory-high-quality-1500bar-pressure-water-jet-cleaning-machine-4-badger-pipe-cleaning-nozzle\/#primaryimage"},"image":{"@id":"https:\/\/panwinjet.com\/product\/china-factory-high-quality-1500bar-pressure-water-jet-cleaning-machine-4-badger-pipe-cleaning-nozzle\/#primaryimage"},"thumbnailUrl":"https:\/\/panwinjet.com\/wp-content\/uploads\/2026\/04\/4\u5bf8\u704c\u732a\u5b9d\u77f37-scaled.jpg","datePublished":"2026-04-16T15:07:25+00:00","breadcrumb":{"@id":"https:\/\/panwinjet.com\/product\/china-factory-high-quality-1500bar-pressure-water-jet-cleaning-machine-4-badger-pipe-cleaning-nozzle\/#breadcrumb"},"inLanguage":"es","potentialAction":[{"@type":"ReadAction","target":["https:\/\/panwinjet.com\/product\/china-factory-high-quality-1500bar-pressure-water-jet-cleaning-machine-4-badger-pipe-cleaning-nozzle\/"]}]},{"@type":"ImageObject","inLanguage":"es","@id":"https:\/\/panwinjet.com\/product\/china-factory-high-quality-1500bar-pressure-water-jet-cleaning-machine-4-badger-pipe-cleaning-nozzle\/#primaryimage","url":"https:\/\/panwinjet.com\/wp-content\/uploads\/2026\/04\/4\u5bf8\u704c\u732a\u5b9d\u77f37-scaled.jpg","contentUrl":"https:\/\/panwinjet.com\/wp-content\/uploads\/2026\/04\/4\u5bf8\u704c\u732a\u5b9d\u77f37-scaled.jpg","width":2560,"height":1152},{"@type":"BreadcrumbList","@id":"https:\/\/panwinjet.com\/product\/china-factory-high-quality-1500bar-pressure-water-jet-cleaning-machine-4-badger-pipe-cleaning-nozzle\/#breadcrumb","itemListElement":[{"@type":"ListItem","position":1,"name":"\u9996\u9875","item":"https:\/\/panwinjet.com\/"},{"@type":"ListItem","position":2,"name":"PRODUCT","item":"https:\/\/panwinjet.com\/product\/"},{"@type":"ListItem","position":3,"name":"China factory high quality 1500Bar Pressure Water Jet cleaning machine 4&#8243; Badger Pipe Cleaning Nozzle"}]},{"@type":"WebSite","@id":"https:\/\/panwinjet.com\/#website","url":"https:\/\/panwinjet.com\/","name":"Panwin Machinery&amp;Equipment","description":"Shenzhen Panwin Machinery&amp;Equipment Co.Ltd","potentialAction":[{"@type":"SearchAction","target":{"@type":"EntryPoint","urlTemplate":"https:\/\/panwinjet.com\/?s={search_term_string}"},"query-input":{"@type":"PropertyValueSpecification","valueRequired":true,"valueName":"search_term_string"}}],"inLanguage":"es"}]}},"_links":{"self":[{"href":"https:\/\/panwinjet.com\/es\/wp-json\/wp\/v2\/product\/2235","targetHints":{"allow":["GET"]}}],"collection":[{"href":"https:\/\/panwinjet.com\/es\/wp-json\/wp\/v2\/product"}],"about":[{"href":"https:\/\/panwinjet.com\/es\/wp-json\/wp\/v2\/types\/product"}],"wp:featuredmedia":[{"embeddable":true,"href":"https:\/\/panwinjet.com\/es\/wp-json\/wp\/v2\/media\/2239"}],"wp:attachment":[{"href":"https:\/\/panwinjet.com\/es\/wp-json\/wp\/v2\/media?parent=2235"}],"wp:term":[{"taxonomy":"product_brand","embeddable":true,"href":"https:\/\/panwinjet.com\/es\/wp-json\/wp\/v2\/product_brand?post=2235"},{"taxonomy":"product_cat","embeddable":true,"href":"https:\/\/panwinjet.com\/es\/wp-json\/wp\/v2\/product_cat?post=2235"},{"taxonomy":"product_tag","embeddable":true,"href":"https:\/\/panwinjet.com\/es\/wp-json\/wp\/v2\/product_tag?post=2235"}],"curies":[{"name":"wp","href":"https:\/\/api.w.org\/{rel}","templated":true}]}}