{"id":2194,"date":"2026-04-06T08:47:37","date_gmt":"2026-04-06T08:47:37","guid":{"rendered":"https:\/\/panwinjet.com\/?post_type=product&#038;p=2194"},"modified":"2026-04-06T08:47:37","modified_gmt":"2026-04-06T08:47:37","slug":"uhp-1000bar-triplex-plunger-pump-cleaning-rotary-nozzles-for-monro-mvt-nozzles-f1-driving-tube-1-2-10374","status":"publish","type":"product","link":"https:\/\/panwinjet.com\/es\/producto\/uhp-1000bar-triplex-plunger-pump-cleaning-rotary-nozzles-for-monro-mvt-nozzles-f1-driving-tube-1-2-10374\/","title":{"rendered":"UHP 1000Bar triplex plunger pump Cleaning Rotary Nozzles for Monro MVT nozzles F1 driving Tube-1.2-10374"},"content":{"rendered":"<p><strong><b>Monro MVT F1 driving Tube has quite advantages and superior Features:<\/b><\/strong><\/p>\n<p>1: Mayores niveles de capacidad de limpieza<\/p>\n<p>2: Calidad de chorro constante<\/p>\n<p>3: Larga vida \u00fatil<\/p>\n<p>4: Ligero, duradero y confiable.<\/p>\n<p>5: F\u00e1cil de instalar y desmontar.<\/p>","protected":false},"excerpt":{"rendered":"<p><strong><b>\u00a0Monro MVT F1 Nozzles widely applied in the Industrial cleaning and paint removal etc ares as follow:<\/b><\/strong><\/p>\n<p>Chorro de agua a presi\u00f3n por agua para la industria del hierro, el acero y los metales<\/p>\n<p>Ingenier\u00eda mec\u00e1nica y de aparatos para hidrolavadoras de alta presi\u00f3n<\/p>\n<p>Industria del cemento y el hormig\u00f3n<\/p>\n<p>Limpieza de superficies con barracuda de alta presi\u00f3n<\/p>\n<p>Piezas para equipos de limpieza UHP Hydro Jet<\/p>\n<p>Barras pulverizadoras de limpieza industrial<\/p>\n<p>M\u00e1quina de hidrolavado para la industria de refinaci\u00f3n de petr\u00f3leo<\/p>\n<p>Limpieza de superficies con chorro de agua a presi\u00f3n, limpieza de tanques y recipientes.<\/p>\n<p>Limpieza del intercambiador de calor,<\/p>\n<p>Limpieza de pintura de autom\u00f3viles, limpieza de la industria minera, limpieza de f\u00e1bricas de acero, etc.<\/p>\n<p>Equipos de limpieza de alcantarillado de alta presi\u00f3n para redes de tuber\u00edas municipales de suministro de agua y drenaje;<\/p>\n<p><strong><b>Tambi\u00e9n en <\/b><\/strong><\/p>\n<p><strong><b>Limpieza y eliminaci\u00f3n de rebabas de piezas fundidas<\/b><\/strong><\/p>\n<p><strong><b>Eliminaci\u00f3n de recubrimientos superficiales<\/b><\/strong><\/p>\n<p><strong><b>Despliegue en alta mar<\/b><\/strong><\/p>\n<p><strong><b>Construcci\u00f3n naval<\/b><\/strong><\/p>\n<p><strong><b>Demolici\u00f3n de hormig\u00f3n<\/b><\/strong><\/p>\n<p><strong><b>Eliminaci\u00f3n de capas de bet\u00fan<\/b><\/strong><\/p>\n<p><strong><b>Eliminaci\u00f3n de pintura<\/b><\/strong><\/p>","protected":false},"featured_media":2197,"template":"","meta":[],"product_brand":[],"product_cat":[10,11,5],"product_tag":[184,183,182],"class_list":{"0":"post-2194","1":"product","2":"type-product","3":"status-publish","4":"has-post-thumbnail","6":"product_cat-pipeline-tube-uhp-water-blasting-cleaning-device","7":"product_cat-ship-cleaning-device","8":"product_cat-uhp-rotating-nozzles","9":"product_tag-nozzles-f1-driving-tube-1-2-10374","10":"product_tag-rotary-nozzles-for-monro-mvt","11":"product_tag-uhp-1000bar-triplex-plunger-pump","13":"first","14":"instock","15":"shipping-taxable","16":"product-type-simple"},"yoast_head":"<!-- This site is optimized with the Yoast SEO plugin v24.9 - https:\/\/yoast.com\/wordpress\/plugins\/seo\/ -->\n<title>UHP 1000Bar triplex plunger pump Cleaning Rotary Nozzles for Monro MVT nozzles F1 driving Tube-1.2-10374 - Panwin Machinery&amp;Equipment<\/title>\n<meta name=\"robots\" content=\"index, follow, max-snippet:-1, max-image-preview:large, max-video-preview:-1\" \/>\n<link rel=\"canonical\" href=\"https:\/\/panwinjet.com\/es\/producto\/uhp-1000bar-triplex-plunger-pump-cleaning-rotary-nozzles-for-monro-mvt-nozzles-f1-driving-tube-1-2-10374\/\" \/>\n<meta property=\"og:locale\" content=\"es_ES\" \/>\n<meta property=\"og:type\" content=\"article\" \/>\n<meta property=\"og:title\" content=\"UHP 1000Bar triplex plunger pump Cleaning Rotary Nozzles for Monro MVT nozzles F1 driving Tube-1.2-10374 - Panwin Machinery&amp;Equipment\" \/>\n<meta property=\"og:description\" content=\"\u00a0Monro MVT F1 Nozzles widely applied in the Industrial cleaning and paint removal etc ares as follow:  Hydro Jet blaster Iron, Steel And Metal Industry  high pressure waterblaster\u00a0Mechanical\u00a0and Apparatus Engineering  Cements and Concrete Industry  high pressure barracuda\u00a0Surface cleaning  UHP hydro Jet cleaning equipment parts  Industrial Cleaning Spray Bars  hydro blasting machine\u00a0for petroleum refining industry  Hydro Jet Surface Cleaning,Tank&amp;Vessel Cleaning,  Heat Exchange Cleaning,  Automotive Painting cleaning Mining industry cleaning Steel manufacture cleaning etc.  High pressure sewer cleaning equipment\u00a0for municipal pipe networks\u00a0water supply and drainage pipelines;  Also at   Cleaning and removing flash from castings  Removal of surface coatings  Offshore deployment  Shipbuilding  Concrete demolition  Removal of bitumen layers  Paint removal\" \/>\n<meta property=\"og:url\" content=\"https:\/\/panwinjet.com\/es\/producto\/uhp-1000bar-triplex-plunger-pump-cleaning-rotary-nozzles-for-monro-mvt-nozzles-f1-driving-tube-1-2-10374\/\" \/>\n<meta property=\"og:site_name\" content=\"Panwin Machinery&amp;Equipment\" \/>\n<meta property=\"og:image\" content=\"https:\/\/panwinjet.com\/wp-content\/uploads\/2026\/04\/1.2-3-scaled.jpg\" \/>\n\t<meta property=\"og:image:width\" content=\"2560\" \/>\n\t<meta property=\"og:image:height\" content=\"1152\" \/>\n\t<meta property=\"og:image:type\" content=\"image\/jpeg\" \/>\n<meta name=\"twitter:card\" content=\"summary_large_image\" \/>\n<meta name=\"twitter:label1\" content=\"Tiempo de lectura\" \/>\n\t<meta name=\"twitter:data1\" content=\"1 minuto\" \/>\n<script type=\"application\/ld+json\" class=\"yoast-schema-graph\">{\"@context\":\"https:\/\/schema.org\",\"@graph\":[{\"@type\":\"WebPage\",\"@id\":\"https:\/\/panwinjet.com\/product\/uhp-1000bar-triplex-plunger-pump-cleaning-rotary-nozzles-for-monro-mvt-nozzles-f1-driving-tube-1-2-10374\/\",\"url\":\"https:\/\/panwinjet.com\/product\/uhp-1000bar-triplex-plunger-pump-cleaning-rotary-nozzles-for-monro-mvt-nozzles-f1-driving-tube-1-2-10374\/\",\"name\":\"UHP 1000Bar triplex plunger pump Cleaning Rotary Nozzles for Monro MVT nozzles F1 driving Tube-1.2-10374 - Panwin Machinery&amp;Equipment\",\"isPartOf\":{\"@id\":\"https:\/\/panwinjet.com\/#website\"},\"primaryImageOfPage\":{\"@id\":\"https:\/\/panwinjet.com\/product\/uhp-1000bar-triplex-plunger-pump-cleaning-rotary-nozzles-for-monro-mvt-nozzles-f1-driving-tube-1-2-10374\/#primaryimage\"},\"image\":{\"@id\":\"https:\/\/panwinjet.com\/product\/uhp-1000bar-triplex-plunger-pump-cleaning-rotary-nozzles-for-monro-mvt-nozzles-f1-driving-tube-1-2-10374\/#primaryimage\"},\"thumbnailUrl\":\"https:\/\/panwinjet.com\/wp-content\/uploads\/2026\/04\/1.2-3-scaled.jpg\",\"datePublished\":\"2026-04-06T08:47:37+00:00\",\"breadcrumb\":{\"@id\":\"https:\/\/panwinjet.com\/product\/uhp-1000bar-triplex-plunger-pump-cleaning-rotary-nozzles-for-monro-mvt-nozzles-f1-driving-tube-1-2-10374\/#breadcrumb\"},\"inLanguage\":\"es\",\"potentialAction\":[{\"@type\":\"ReadAction\",\"target\":[\"https:\/\/panwinjet.com\/product\/uhp-1000bar-triplex-plunger-pump-cleaning-rotary-nozzles-for-monro-mvt-nozzles-f1-driving-tube-1-2-10374\/\"]}]},{\"@type\":\"ImageObject\",\"inLanguage\":\"es\",\"@id\":\"https:\/\/panwinjet.com\/product\/uhp-1000bar-triplex-plunger-pump-cleaning-rotary-nozzles-for-monro-mvt-nozzles-f1-driving-tube-1-2-10374\/#primaryimage\",\"url\":\"https:\/\/panwinjet.com\/wp-content\/uploads\/2026\/04\/1.2-3-scaled.jpg\",\"contentUrl\":\"https:\/\/panwinjet.com\/wp-content\/uploads\/2026\/04\/1.2-3-scaled.jpg\",\"width\":2560,\"height\":1152},{\"@type\":\"BreadcrumbList\",\"@id\":\"https:\/\/panwinjet.com\/product\/uhp-1000bar-triplex-plunger-pump-cleaning-rotary-nozzles-for-monro-mvt-nozzles-f1-driving-tube-1-2-10374\/#breadcrumb\",\"itemListElement\":[{\"@type\":\"ListItem\",\"position\":1,\"name\":\"\u9996\u9875\",\"item\":\"https:\/\/panwinjet.com\/\"},{\"@type\":\"ListItem\",\"position\":2,\"name\":\"PRODUCT\",\"item\":\"https:\/\/panwinjet.com\/product\/\"},{\"@type\":\"ListItem\",\"position\":3,\"name\":\"UHP 1000Bar triplex plunger pump Cleaning Rotary Nozzles for Monro MVT nozzles F1 driving Tube-1.2-10374\"}]},{\"@type\":\"WebSite\",\"@id\":\"https:\/\/panwinjet.com\/#website\",\"url\":\"https:\/\/panwinjet.com\/\",\"name\":\"Panwin Machinery&amp;Equipment\",\"description\":\"Shenzhen Panwin Machinery&amp;Equipment Co.Ltd\",\"potentialAction\":[{\"@type\":\"SearchAction\",\"target\":{\"@type\":\"EntryPoint\",\"urlTemplate\":\"https:\/\/panwinjet.com\/?s={search_term_string}\"},\"query-input\":{\"@type\":\"PropertyValueSpecification\",\"valueRequired\":true,\"valueName\":\"search_term_string\"}}],\"inLanguage\":\"es\"}]}<\/script>\n<!-- \/ Yoast SEO plugin. -->","yoast_head_json":{"title":"UHP 1000Bar triplex plunger pump Cleaning Rotary Nozzles for Monro MVT nozzles F1 driving Tube-1.2-10374 - Panwin Machinery&amp;Equipment","robots":{"index":"index","follow":"follow","max-snippet":"max-snippet:-1","max-image-preview":"max-image-preview:large","max-video-preview":"max-video-preview:-1"},"canonical":"https:\/\/panwinjet.com\/es\/producto\/uhp-1000bar-triplex-plunger-pump-cleaning-rotary-nozzles-for-monro-mvt-nozzles-f1-driving-tube-1-2-10374\/","og_locale":"es_ES","og_type":"article","og_title":"UHP 1000Bar triplex plunger pump Cleaning Rotary Nozzles for Monro MVT nozzles F1 driving Tube-1.2-10374 - Panwin Machinery&amp;Equipment","og_description":"\u00a0Monro MVT F1 Nozzles widely applied in the Industrial cleaning and paint removal etc ares as follow:  Hydro Jet blaster Iron, Steel And Metal Industry  high pressure waterblaster\u00a0Mechanical\u00a0and Apparatus Engineering  Cements and Concrete Industry  high pressure barracuda\u00a0Surface cleaning  UHP hydro Jet cleaning equipment parts  Industrial Cleaning Spray Bars  hydro blasting machine\u00a0for petroleum refining industry  Hydro Jet Surface Cleaning,Tank&amp;Vessel Cleaning,  Heat Exchange Cleaning,  Automotive Painting cleaning Mining industry cleaning Steel manufacture cleaning etc.  High pressure sewer cleaning equipment\u00a0for municipal pipe networks\u00a0water supply and drainage pipelines;  Also at   Cleaning and removing flash from castings  Removal of surface coatings  Offshore deployment  Shipbuilding  Concrete demolition  Removal of bitumen layers  Paint removal","og_url":"https:\/\/panwinjet.com\/es\/producto\/uhp-1000bar-triplex-plunger-pump-cleaning-rotary-nozzles-for-monro-mvt-nozzles-f1-driving-tube-1-2-10374\/","og_site_name":"Panwin Machinery&amp;Equipment","og_image":[{"width":2560,"height":1152,"url":"https:\/\/panwinjet.com\/wp-content\/uploads\/2026\/04\/1.2-3-scaled.jpg","type":"image\/jpeg"}],"twitter_card":"summary_large_image","twitter_misc":{"Tiempo de lectura":"1 minuto"},"schema":{"@context":"https:\/\/schema.org","@graph":[{"@type":"WebPage","@id":"https:\/\/panwinjet.com\/product\/uhp-1000bar-triplex-plunger-pump-cleaning-rotary-nozzles-for-monro-mvt-nozzles-f1-driving-tube-1-2-10374\/","url":"https:\/\/panwinjet.com\/product\/uhp-1000bar-triplex-plunger-pump-cleaning-rotary-nozzles-for-monro-mvt-nozzles-f1-driving-tube-1-2-10374\/","name":"UHP 1000Bar triplex plunger pump Cleaning Rotary Nozzles for Monro MVT nozzles F1 driving Tube-1.2-10374 - Panwin Machinery&amp;Equipment","isPartOf":{"@id":"https:\/\/panwinjet.com\/#website"},"primaryImageOfPage":{"@id":"https:\/\/panwinjet.com\/product\/uhp-1000bar-triplex-plunger-pump-cleaning-rotary-nozzles-for-monro-mvt-nozzles-f1-driving-tube-1-2-10374\/#primaryimage"},"image":{"@id":"https:\/\/panwinjet.com\/product\/uhp-1000bar-triplex-plunger-pump-cleaning-rotary-nozzles-for-monro-mvt-nozzles-f1-driving-tube-1-2-10374\/#primaryimage"},"thumbnailUrl":"https:\/\/panwinjet.com\/wp-content\/uploads\/2026\/04\/1.2-3-scaled.jpg","datePublished":"2026-04-06T08:47:37+00:00","breadcrumb":{"@id":"https:\/\/panwinjet.com\/product\/uhp-1000bar-triplex-plunger-pump-cleaning-rotary-nozzles-for-monro-mvt-nozzles-f1-driving-tube-1-2-10374\/#breadcrumb"},"inLanguage":"es","potentialAction":[{"@type":"ReadAction","target":["https:\/\/panwinjet.com\/product\/uhp-1000bar-triplex-plunger-pump-cleaning-rotary-nozzles-for-monro-mvt-nozzles-f1-driving-tube-1-2-10374\/"]}]},{"@type":"ImageObject","inLanguage":"es","@id":"https:\/\/panwinjet.com\/product\/uhp-1000bar-triplex-plunger-pump-cleaning-rotary-nozzles-for-monro-mvt-nozzles-f1-driving-tube-1-2-10374\/#primaryimage","url":"https:\/\/panwinjet.com\/wp-content\/uploads\/2026\/04\/1.2-3-scaled.jpg","contentUrl":"https:\/\/panwinjet.com\/wp-content\/uploads\/2026\/04\/1.2-3-scaled.jpg","width":2560,"height":1152},{"@type":"BreadcrumbList","@id":"https:\/\/panwinjet.com\/product\/uhp-1000bar-triplex-plunger-pump-cleaning-rotary-nozzles-for-monro-mvt-nozzles-f1-driving-tube-1-2-10374\/#breadcrumb","itemListElement":[{"@type":"ListItem","position":1,"name":"\u9996\u9875","item":"https:\/\/panwinjet.com\/"},{"@type":"ListItem","position":2,"name":"PRODUCT","item":"https:\/\/panwinjet.com\/product\/"},{"@type":"ListItem","position":3,"name":"UHP 1000Bar triplex plunger pump Cleaning Rotary Nozzles for Monro MVT nozzles F1 driving Tube-1.2-10374"}]},{"@type":"WebSite","@id":"https:\/\/panwinjet.com\/#website","url":"https:\/\/panwinjet.com\/","name":"Panwin Machinery&amp;Equipment","description":"Shenzhen Panwin Machinery&amp;Equipment Co.Ltd","potentialAction":[{"@type":"SearchAction","target":{"@type":"EntryPoint","urlTemplate":"https:\/\/panwinjet.com\/?s={search_term_string}"},"query-input":{"@type":"PropertyValueSpecification","valueRequired":true,"valueName":"search_term_string"}}],"inLanguage":"es"}]}},"_links":{"self":[{"href":"https:\/\/panwinjet.com\/es\/wp-json\/wp\/v2\/product\/2194","targetHints":{"allow":["GET"]}}],"collection":[{"href":"https:\/\/panwinjet.com\/es\/wp-json\/wp\/v2\/product"}],"about":[{"href":"https:\/\/panwinjet.com\/es\/wp-json\/wp\/v2\/types\/product"}],"wp:featuredmedia":[{"embeddable":true,"href":"https:\/\/panwinjet.com\/es\/wp-json\/wp\/v2\/media\/2197"}],"wp:attachment":[{"href":"https:\/\/panwinjet.com\/es\/wp-json\/wp\/v2\/media?parent=2194"}],"wp:term":[{"taxonomy":"product_brand","embeddable":true,"href":"https:\/\/panwinjet.com\/es\/wp-json\/wp\/v2\/product_brand?post=2194"},{"taxonomy":"product_cat","embeddable":true,"href":"https:\/\/panwinjet.com\/es\/wp-json\/wp\/v2\/product_cat?post=2194"},{"taxonomy":"product_tag","embeddable":true,"href":"https:\/\/panwinjet.com\/es\/wp-json\/wp\/v2\/product_tag?post=2194"}],"curies":[{"name":"wp","href":"https:\/\/api.w.org\/{rel}","templated":true}]}}