{"id":2177,"date":"2026-04-06T08:33:20","date_gmt":"2026-04-06T08:33:20","guid":{"rendered":"https:\/\/panwinjet.com\/?post_type=product&#038;p=2177"},"modified":"2026-04-06T08:33:21","modified_gmt":"2026-04-06T08:33:21","slug":"uhp-1000bar-water-blasting-machine-cleaning-rotary-nozzles-for-monro-mvt-nozzles-f1-driving-tube-10372-0-8","status":"publish","type":"product","link":"https:\/\/panwinjet.com\/es\/producto\/uhp-1000bar-water-blasting-machine-cleaning-rotary-nozzles-for-monro-mvt-nozzles-f1-driving-tube-10372-0-8\/","title":{"rendered":"UHP 1000Bar water blasting machine Cleaning Rotary Nozzles for Monro MVT nozzles F1 driving Tube-10372 0.8"},"content":{"rendered":"<p>Este equipo de limpieza con chorro de agua a presi\u00f3n UHP 1000Bar para drenaje con chorro de agua, tratamiento de superficies, boquillas rotativas de limpieza Monro MVT F1, se aplica ampliamente en la limpieza industrial y eliminaci\u00f3n de pintura, etc., como se indica a continuaci\u00f3n:<br \/>\nChorro de agua a presi\u00f3n por agua para la industria del hierro, el acero y los metales<br \/>\nIngenier\u00eda mec\u00e1nica y de aparatos para hidrolavadoras de alta presi\u00f3n<br \/>\nIndustria del cemento y el hormig\u00f3n<br \/>\nLimpieza de superficies con barracuda de alta presi\u00f3n<br \/>\nPiezas para equipos de limpieza UHP Hydro Jet<br \/>\nBarras pulverizadoras de limpieza industrial<br \/>\nM\u00e1quina de hidrolavado para la industria de refinaci\u00f3n de petr\u00f3leo<br \/>\nLimpieza de superficies con chorro de agua a presi\u00f3n, limpieza de tanques y recipientes.<br \/>\nLimpieza del intercambiador de calor,<br \/>\nLimpieza de pintura de autom\u00f3viles, limpieza de la industria minera, limpieza de f\u00e1bricas de acero, etc.<br \/>\nEquipos de limpieza de alcantarillado de alta presi\u00f3n para redes de tuber\u00edas municipales de suministro de agua y drenaje;<br \/>\nTambi\u00e9n en<br \/>\nLimpieza y eliminaci\u00f3n de rebabas de piezas fundidas<br \/>\nEliminaci\u00f3n de recubrimientos superficiales<br \/>\nDespliegue en alta mar<br \/>\nConstrucci\u00f3n naval<br \/>\nDemolici\u00f3n de hormig\u00f3n<br \/>\nEliminaci\u00f3n de capas de bet\u00fan<br \/>\nEliminaci\u00f3n de pintura<\/p>","protected":false},"excerpt":{"rendered":"<p>Tratamiento y limpieza de superficies Boquillas rotativas Las boquillas MONRO combinan la alta potencia del chorro puntual con la salida de \u00e1rea grande del chorro plano.<\/p>\n<p>Se pueden utilizar con todos los accesorios de alta presi\u00f3n homologados y montarse en lanzas. El modelo F2 admite presiones de funcionamiento de hasta 1000 bar y est\u00e1 disponible en cinco tipos de rosca de conexi\u00f3n. Gracias a su dise\u00f1o compacto, estas boquillas de hidrochorro UHP con una presi\u00f3n de hasta 1000 bar se pueden utilizar tanto en la construcci\u00f3n como en la ingenier\u00eda civil para el tratamiento y la limpieza de superficies.<\/p>","protected":false},"featured_media":2184,"template":"","meta":[],"product_brand":[],"product_cat":[8,10,11,5],"product_tag":[179,178],"class_list":{"0":"post-2177","1":"product","2":"type-product","3":"status-publish","4":"has-post-thumbnail","6":"product_cat-giant-tank-cleaningcutting-device","7":"product_cat-pipeline-tube-uhp-water-blasting-cleaning-device","8":"product_cat-ship-cleaning-device","9":"product_cat-uhp-rotating-nozzles","10":"product_tag-mvt-nozzles-f1-driving-tube-0-8mm","11":"product_tag-uhp-1000bar-water-blasting-machine-cleaning-rotary-nozzles","13":"first","14":"instock","15":"shipping-taxable","16":"product-type-simple"},"yoast_head":"<!-- This site is optimized with the Yoast SEO plugin v24.9 - https:\/\/yoast.com\/wordpress\/plugins\/seo\/ -->\n<title>UHP 1000Bar water blasting machine Cleaning Rotary Nozzles for Monro MVT nozzles F1 driving Tube-10372 0.8 - Panwin Machinery&amp;Equipment<\/title>\n<meta name=\"robots\" content=\"index, follow, max-snippet:-1, max-image-preview:large, max-video-preview:-1\" \/>\n<link rel=\"canonical\" href=\"https:\/\/panwinjet.com\/es\/producto\/uhp-1000bar-water-blasting-machine-cleaning-rotary-nozzles-for-monro-mvt-nozzles-f1-driving-tube-10372-0-8\/\" \/>\n<meta property=\"og:locale\" content=\"es_ES\" \/>\n<meta property=\"og:type\" content=\"article\" \/>\n<meta property=\"og:title\" content=\"UHP 1000Bar water blasting machine Cleaning Rotary Nozzles for Monro MVT nozzles F1 driving Tube-10372 0.8 - Panwin Machinery&amp;Equipment\" \/>\n<meta property=\"og:description\" content=\"Surface Treatment and Cleaning Rotary Nozzles For MONRO nozzles combine the high power of the point jet with the large area output of the flat jet.  They can be used with all approved high-pressure fittings and mounted on lances. The model F2 can be used up to an operating pressure of 1000 bar, and five different connection thread types are available. Due to their compact design, This UHP Hydro-Blasting Pressure Rate up to 1000Bar nozzles can be used both in building construction and in civil engineering for surface treatment and cleaning.\" \/>\n<meta property=\"og:url\" content=\"https:\/\/panwinjet.com\/es\/producto\/uhp-1000bar-water-blasting-machine-cleaning-rotary-nozzles-for-monro-mvt-nozzles-f1-driving-tube-10372-0-8\/\" \/>\n<meta property=\"og:site_name\" content=\"Panwin Machinery&amp;Equipment\" \/>\n<meta property=\"article:modified_time\" content=\"2026-04-06T08:33:21+00:00\" \/>\n<meta property=\"og:image\" content=\"https:\/\/panwinjet.com\/wp-content\/uploads\/2026\/04\/0.8-8-scaled.jpg\" \/>\n\t<meta property=\"og:image:width\" content=\"1152\" \/>\n\t<meta property=\"og:image:height\" content=\"2560\" \/>\n\t<meta property=\"og:image:type\" content=\"image\/jpeg\" \/>\n<meta name=\"twitter:card\" content=\"summary_large_image\" \/>\n<meta name=\"twitter:label1\" content=\"Tiempo de lectura\" \/>\n\t<meta name=\"twitter:data1\" content=\"1 minuto\" \/>\n<script type=\"application\/ld+json\" class=\"yoast-schema-graph\">{\"@context\":\"https:\/\/schema.org\",\"@graph\":[{\"@type\":\"WebPage\",\"@id\":\"https:\/\/panwinjet.com\/product\/uhp-1000bar-water-blasting-machine-cleaning-rotary-nozzles-for-monro-mvt-nozzles-f1-driving-tube-10372-0-8\/\",\"url\":\"https:\/\/panwinjet.com\/product\/uhp-1000bar-water-blasting-machine-cleaning-rotary-nozzles-for-monro-mvt-nozzles-f1-driving-tube-10372-0-8\/\",\"name\":\"UHP 1000Bar water blasting machine Cleaning Rotary Nozzles for Monro MVT nozzles F1 driving Tube-10372 0.8 - Panwin Machinery&amp;Equipment\",\"isPartOf\":{\"@id\":\"https:\/\/panwinjet.com\/#website\"},\"primaryImageOfPage\":{\"@id\":\"https:\/\/panwinjet.com\/product\/uhp-1000bar-water-blasting-machine-cleaning-rotary-nozzles-for-monro-mvt-nozzles-f1-driving-tube-10372-0-8\/#primaryimage\"},\"image\":{\"@id\":\"https:\/\/panwinjet.com\/product\/uhp-1000bar-water-blasting-machine-cleaning-rotary-nozzles-for-monro-mvt-nozzles-f1-driving-tube-10372-0-8\/#primaryimage\"},\"thumbnailUrl\":\"https:\/\/panwinjet.com\/wp-content\/uploads\/2026\/04\/0.8-8-scaled.jpg\",\"datePublished\":\"2026-04-06T08:33:20+00:00\",\"dateModified\":\"2026-04-06T08:33:21+00:00\",\"breadcrumb\":{\"@id\":\"https:\/\/panwinjet.com\/product\/uhp-1000bar-water-blasting-machine-cleaning-rotary-nozzles-for-monro-mvt-nozzles-f1-driving-tube-10372-0-8\/#breadcrumb\"},\"inLanguage\":\"es\",\"potentialAction\":[{\"@type\":\"ReadAction\",\"target\":[\"https:\/\/panwinjet.com\/product\/uhp-1000bar-water-blasting-machine-cleaning-rotary-nozzles-for-monro-mvt-nozzles-f1-driving-tube-10372-0-8\/\"]}]},{\"@type\":\"ImageObject\",\"inLanguage\":\"es\",\"@id\":\"https:\/\/panwinjet.com\/product\/uhp-1000bar-water-blasting-machine-cleaning-rotary-nozzles-for-monro-mvt-nozzles-f1-driving-tube-10372-0-8\/#primaryimage\",\"url\":\"https:\/\/panwinjet.com\/wp-content\/uploads\/2026\/04\/0.8-8-scaled.jpg\",\"contentUrl\":\"https:\/\/panwinjet.com\/wp-content\/uploads\/2026\/04\/0.8-8-scaled.jpg\",\"width\":1152,\"height\":2560},{\"@type\":\"BreadcrumbList\",\"@id\":\"https:\/\/panwinjet.com\/product\/uhp-1000bar-water-blasting-machine-cleaning-rotary-nozzles-for-monro-mvt-nozzles-f1-driving-tube-10372-0-8\/#breadcrumb\",\"itemListElement\":[{\"@type\":\"ListItem\",\"position\":1,\"name\":\"\u9996\u9875\",\"item\":\"https:\/\/panwinjet.com\/\"},{\"@type\":\"ListItem\",\"position\":2,\"name\":\"PRODUCT\",\"item\":\"https:\/\/panwinjet.com\/product\/\"},{\"@type\":\"ListItem\",\"position\":3,\"name\":\"UHP 1000Bar water blasting machine Cleaning Rotary Nozzles for Monro MVT nozzles F1 driving Tube-10372 0.8\"}]},{\"@type\":\"WebSite\",\"@id\":\"https:\/\/panwinjet.com\/#website\",\"url\":\"https:\/\/panwinjet.com\/\",\"name\":\"Panwin Machinery&amp;Equipment\",\"description\":\"Shenzhen Panwin Machinery&amp;Equipment Co.Ltd\",\"potentialAction\":[{\"@type\":\"SearchAction\",\"target\":{\"@type\":\"EntryPoint\",\"urlTemplate\":\"https:\/\/panwinjet.com\/?s={search_term_string}\"},\"query-input\":{\"@type\":\"PropertyValueSpecification\",\"valueRequired\":true,\"valueName\":\"search_term_string\"}}],\"inLanguage\":\"es\"}]}<\/script>\n<!-- \/ Yoast SEO plugin. -->","yoast_head_json":{"title":"UHP 1000Bar water blasting machine Cleaning Rotary Nozzles for Monro MVT nozzles F1 driving Tube-10372 0.8 - Panwin Machinery&amp;Equipment","robots":{"index":"index","follow":"follow","max-snippet":"max-snippet:-1","max-image-preview":"max-image-preview:large","max-video-preview":"max-video-preview:-1"},"canonical":"https:\/\/panwinjet.com\/es\/producto\/uhp-1000bar-water-blasting-machine-cleaning-rotary-nozzles-for-monro-mvt-nozzles-f1-driving-tube-10372-0-8\/","og_locale":"es_ES","og_type":"article","og_title":"UHP 1000Bar water blasting machine Cleaning Rotary Nozzles for Monro MVT nozzles F1 driving Tube-10372 0.8 - Panwin Machinery&amp;Equipment","og_description":"Surface Treatment and Cleaning Rotary Nozzles For MONRO nozzles combine the high power of the point jet with the large area output of the flat jet.  They can be used with all approved high-pressure fittings and mounted on lances. The model F2 can be used up to an operating pressure of 1000 bar, and five different connection thread types are available. Due to their compact design, This UHP Hydro-Blasting Pressure Rate up to 1000Bar nozzles can be used both in building construction and in civil engineering for surface treatment and cleaning.","og_url":"https:\/\/panwinjet.com\/es\/producto\/uhp-1000bar-water-blasting-machine-cleaning-rotary-nozzles-for-monro-mvt-nozzles-f1-driving-tube-10372-0-8\/","og_site_name":"Panwin Machinery&amp;Equipment","article_modified_time":"2026-04-06T08:33:21+00:00","og_image":[{"width":1152,"height":2560,"url":"https:\/\/panwinjet.com\/wp-content\/uploads\/2026\/04\/0.8-8-scaled.jpg","type":"image\/jpeg"}],"twitter_card":"summary_large_image","twitter_misc":{"Tiempo de lectura":"1 minuto"},"schema":{"@context":"https:\/\/schema.org","@graph":[{"@type":"WebPage","@id":"https:\/\/panwinjet.com\/product\/uhp-1000bar-water-blasting-machine-cleaning-rotary-nozzles-for-monro-mvt-nozzles-f1-driving-tube-10372-0-8\/","url":"https:\/\/panwinjet.com\/product\/uhp-1000bar-water-blasting-machine-cleaning-rotary-nozzles-for-monro-mvt-nozzles-f1-driving-tube-10372-0-8\/","name":"UHP 1000Bar water blasting machine Cleaning Rotary Nozzles for Monro MVT nozzles F1 driving Tube-10372 0.8 - Panwin Machinery&amp;Equipment","isPartOf":{"@id":"https:\/\/panwinjet.com\/#website"},"primaryImageOfPage":{"@id":"https:\/\/panwinjet.com\/product\/uhp-1000bar-water-blasting-machine-cleaning-rotary-nozzles-for-monro-mvt-nozzles-f1-driving-tube-10372-0-8\/#primaryimage"},"image":{"@id":"https:\/\/panwinjet.com\/product\/uhp-1000bar-water-blasting-machine-cleaning-rotary-nozzles-for-monro-mvt-nozzles-f1-driving-tube-10372-0-8\/#primaryimage"},"thumbnailUrl":"https:\/\/panwinjet.com\/wp-content\/uploads\/2026\/04\/0.8-8-scaled.jpg","datePublished":"2026-04-06T08:33:20+00:00","dateModified":"2026-04-06T08:33:21+00:00","breadcrumb":{"@id":"https:\/\/panwinjet.com\/product\/uhp-1000bar-water-blasting-machine-cleaning-rotary-nozzles-for-monro-mvt-nozzles-f1-driving-tube-10372-0-8\/#breadcrumb"},"inLanguage":"es","potentialAction":[{"@type":"ReadAction","target":["https:\/\/panwinjet.com\/product\/uhp-1000bar-water-blasting-machine-cleaning-rotary-nozzles-for-monro-mvt-nozzles-f1-driving-tube-10372-0-8\/"]}]},{"@type":"ImageObject","inLanguage":"es","@id":"https:\/\/panwinjet.com\/product\/uhp-1000bar-water-blasting-machine-cleaning-rotary-nozzles-for-monro-mvt-nozzles-f1-driving-tube-10372-0-8\/#primaryimage","url":"https:\/\/panwinjet.com\/wp-content\/uploads\/2026\/04\/0.8-8-scaled.jpg","contentUrl":"https:\/\/panwinjet.com\/wp-content\/uploads\/2026\/04\/0.8-8-scaled.jpg","width":1152,"height":2560},{"@type":"BreadcrumbList","@id":"https:\/\/panwinjet.com\/product\/uhp-1000bar-water-blasting-machine-cleaning-rotary-nozzles-for-monro-mvt-nozzles-f1-driving-tube-10372-0-8\/#breadcrumb","itemListElement":[{"@type":"ListItem","position":1,"name":"\u9996\u9875","item":"https:\/\/panwinjet.com\/"},{"@type":"ListItem","position":2,"name":"PRODUCT","item":"https:\/\/panwinjet.com\/product\/"},{"@type":"ListItem","position":3,"name":"UHP 1000Bar water blasting machine Cleaning Rotary Nozzles for Monro MVT nozzles F1 driving Tube-10372 0.8"}]},{"@type":"WebSite","@id":"https:\/\/panwinjet.com\/#website","url":"https:\/\/panwinjet.com\/","name":"Panwin Machinery&amp;Equipment","description":"Shenzhen Panwin Machinery&amp;Equipment Co.Ltd","potentialAction":[{"@type":"SearchAction","target":{"@type":"EntryPoint","urlTemplate":"https:\/\/panwinjet.com\/?s={search_term_string}"},"query-input":{"@type":"PropertyValueSpecification","valueRequired":true,"valueName":"search_term_string"}}],"inLanguage":"es"}]}},"_links":{"self":[{"href":"https:\/\/panwinjet.com\/es\/wp-json\/wp\/v2\/product\/2177","targetHints":{"allow":["GET"]}}],"collection":[{"href":"https:\/\/panwinjet.com\/es\/wp-json\/wp\/v2\/product"}],"about":[{"href":"https:\/\/panwinjet.com\/es\/wp-json\/wp\/v2\/types\/product"}],"wp:featuredmedia":[{"embeddable":true,"href":"https:\/\/panwinjet.com\/es\/wp-json\/wp\/v2\/media\/2184"}],"wp:attachment":[{"href":"https:\/\/panwinjet.com\/es\/wp-json\/wp\/v2\/media?parent=2177"}],"wp:term":[{"taxonomy":"product_brand","embeddable":true,"href":"https:\/\/panwinjet.com\/es\/wp-json\/wp\/v2\/product_brand?post=2177"},{"taxonomy":"product_cat","embeddable":true,"href":"https:\/\/panwinjet.com\/es\/wp-json\/wp\/v2\/product_cat?post=2177"},{"taxonomy":"product_tag","embeddable":true,"href":"https:\/\/panwinjet.com\/es\/wp-json\/wp\/v2\/product_tag?post=2177"}],"curies":[{"name":"wp","href":"https:\/\/api.w.org\/{rel}","templated":true}]}}