{"id":2169,"date":"2026-04-06T03:35:31","date_gmt":"2026-04-06T03:35:31","guid":{"rendered":"https:\/\/panwinjet.com\/?post_type=product&#038;p=2169"},"modified":"2026-04-06T03:35:31","modified_gmt":"2026-04-06T03:35:31","slug":"uhp-1000bar-hydro-jetting-84-litres-280bar-pump-hydro-jetter-nozzles-for-monro-mvt-nozzles-f2-driving-tube-0-6-10371","status":"publish","type":"product","link":"https:\/\/panwinjet.com\/es\/producto\/uhp-1000bar-hydro-jetting-84-litres-280bar-pump-hydro-jetter-nozzles-for-monro-mvt-nozzles-f2-driving-tube-0-6-10371\/","title":{"rendered":"UHP 1000Bar Hydro-Jetting 84 litres 280bar pump hydro jetter Nozzles for Monro MVT nozzles F2 driving Tube-0.6-10371"},"content":{"rendered":"<p>The 1000Bar <strong><b>UHP pressured hydro-jet <\/b><\/strong><strong><b>bomba de \u00e9mbolo triplex<\/b><\/strong><strong><b>\u00a0<\/b><\/strong><strong><b>cleaning equipment<\/b><\/strong><strong><b>\u00a0Surface Treatment&amp;Cleaning Rotary Nozzles for Monro MVT F1 driving Tube has quite advantages and superior Features:<\/b><\/strong><\/p>\n<p>1: Mayores niveles de capacidad de limpieza<\/p>\n<p>2: Calidad de chorro constante<\/p>\n<p>3: Larga vida \u00fatil<\/p>\n<p>4: Ligero, duradero y confiable.<\/p>\n<p>5: F\u00e1cil de instalar y desmontar.<\/p>","protected":false},"excerpt":{"rendered":"<p>Tratamiento y limpieza de superficies Boquillas rotativas Las boquillas MONRO combinan la alta potencia del chorro puntual con la salida de \u00e1rea grande del chorro plano.<\/p>\n<p>Se pueden utilizar con todos los accesorios de alta presi\u00f3n homologados y montarse en lanzas. El modelo F2 admite presiones de funcionamiento de hasta 1000 bar y est\u00e1 disponible en cinco tipos de rosca de conexi\u00f3n. Gracias a su dise\u00f1o compacto, estas boquillas de hidrochorro UHP con una presi\u00f3n de hasta 1000 bar se pueden utilizar tanto en la construcci\u00f3n como en la ingenier\u00eda civil para el tratamiento y la limpieza de superficies.<\/p>","protected":false},"featured_media":2171,"template":"","meta":[],"product_brand":[],"product_cat":[9,10,11,5],"product_tag":[177,176],"class_list":{"0":"post-2169","1":"product","2":"type-product","3":"status-publish","4":"has-post-thumbnail","6":"product_cat-heat-exchanger-cleaning-device","7":"product_cat-pipeline-tube-uhp-water-blasting-cleaning-device","8":"product_cat-ship-cleaning-device","9":"product_cat-uhp-rotating-nozzles","10":"product_tag-monro-mvt-nozzles-f2-driving-tube-0-6-10371","11":"product_tag-uhp-1000bar-hydro-jetting","13":"first","14":"instock","15":"shipping-taxable","16":"product-type-simple"},"yoast_head":"<!-- This site is optimized with the Yoast SEO plugin v24.9 - https:\/\/yoast.com\/wordpress\/plugins\/seo\/ -->\n<title>UHP 1000Bar Hydro-Jetting 84 litres 280bar pump hydro jetter Nozzles for Monro MVT nozzles F2 driving Tube-0.6-10371 - Panwin Machinery&amp;Equipment<\/title>\n<meta name=\"robots\" content=\"index, follow, max-snippet:-1, max-image-preview:large, max-video-preview:-1\" \/>\n<link rel=\"canonical\" href=\"https:\/\/panwinjet.com\/es\/producto\/uhp-1000bar-hydro-jetting-84-litres-280bar-pump-hydro-jetter-nozzles-for-monro-mvt-nozzles-f2-driving-tube-0-6-10371\/\" \/>\n<meta property=\"og:locale\" content=\"es_ES\" \/>\n<meta property=\"og:type\" content=\"article\" \/>\n<meta property=\"og:title\" content=\"UHP 1000Bar Hydro-Jetting 84 litres 280bar pump hydro jetter Nozzles for Monro MVT nozzles F2 driving Tube-0.6-10371 - Panwin Machinery&amp;Equipment\" \/>\n<meta property=\"og:description\" content=\"Surface Treatment and Cleaning Rotary Nozzles For MONRO nozzles combine the high power of the point jet with the large area output of the flat jet.  They can be used with all approved high-pressure fittings and mounted on lances. The model F2 can be used up to an operating pressure of 1000 bar, and five different connection thread types are available. Due to their compact design, This UHP Hydro-Blasting Pressure Rate up to 1000Bar nozzles can be used both in building construction and in civil engineering for surface treatment and cleaning.\" \/>\n<meta property=\"og:url\" content=\"https:\/\/panwinjet.com\/es\/producto\/uhp-1000bar-hydro-jetting-84-litres-280bar-pump-hydro-jetter-nozzles-for-monro-mvt-nozzles-f2-driving-tube-0-6-10371\/\" \/>\n<meta property=\"og:site_name\" content=\"Panwin Machinery&amp;Equipment\" \/>\n<meta property=\"og:image\" content=\"https:\/\/panwinjet.com\/wp-content\/uploads\/2026\/04\/0.6-4-scaled.jpg\" \/>\n\t<meta property=\"og:image:width\" content=\"2560\" \/>\n\t<meta property=\"og:image:height\" content=\"1152\" \/>\n\t<meta property=\"og:image:type\" content=\"image\/jpeg\" \/>\n<meta name=\"twitter:card\" content=\"summary_large_image\" \/>\n<meta name=\"twitter:label1\" content=\"Tiempo de lectura\" \/>\n\t<meta name=\"twitter:data1\" content=\"1 minuto\" \/>\n<script type=\"application\/ld+json\" class=\"yoast-schema-graph\">{\"@context\":\"https:\/\/schema.org\",\"@graph\":[{\"@type\":\"WebPage\",\"@id\":\"https:\/\/panwinjet.com\/product\/uhp-1000bar-hydro-jetting-84-litres-280bar-pump-hydro-jetter-nozzles-for-monro-mvt-nozzles-f2-driving-tube-0-6-10371\/\",\"url\":\"https:\/\/panwinjet.com\/product\/uhp-1000bar-hydro-jetting-84-litres-280bar-pump-hydro-jetter-nozzles-for-monro-mvt-nozzles-f2-driving-tube-0-6-10371\/\",\"name\":\"UHP 1000Bar Hydro-Jetting 84 litres 280bar pump hydro jetter Nozzles for Monro MVT nozzles F2 driving Tube-0.6-10371 - Panwin Machinery&amp;Equipment\",\"isPartOf\":{\"@id\":\"https:\/\/panwinjet.com\/#website\"},\"primaryImageOfPage\":{\"@id\":\"https:\/\/panwinjet.com\/product\/uhp-1000bar-hydro-jetting-84-litres-280bar-pump-hydro-jetter-nozzles-for-monro-mvt-nozzles-f2-driving-tube-0-6-10371\/#primaryimage\"},\"image\":{\"@id\":\"https:\/\/panwinjet.com\/product\/uhp-1000bar-hydro-jetting-84-litres-280bar-pump-hydro-jetter-nozzles-for-monro-mvt-nozzles-f2-driving-tube-0-6-10371\/#primaryimage\"},\"thumbnailUrl\":\"https:\/\/panwinjet.com\/wp-content\/uploads\/2026\/04\/0.6-4-scaled.jpg\",\"datePublished\":\"2026-04-06T03:35:31+00:00\",\"breadcrumb\":{\"@id\":\"https:\/\/panwinjet.com\/product\/uhp-1000bar-hydro-jetting-84-litres-280bar-pump-hydro-jetter-nozzles-for-monro-mvt-nozzles-f2-driving-tube-0-6-10371\/#breadcrumb\"},\"inLanguage\":\"es\",\"potentialAction\":[{\"@type\":\"ReadAction\",\"target\":[\"https:\/\/panwinjet.com\/product\/uhp-1000bar-hydro-jetting-84-litres-280bar-pump-hydro-jetter-nozzles-for-monro-mvt-nozzles-f2-driving-tube-0-6-10371\/\"]}]},{\"@type\":\"ImageObject\",\"inLanguage\":\"es\",\"@id\":\"https:\/\/panwinjet.com\/product\/uhp-1000bar-hydro-jetting-84-litres-280bar-pump-hydro-jetter-nozzles-for-monro-mvt-nozzles-f2-driving-tube-0-6-10371\/#primaryimage\",\"url\":\"https:\/\/panwinjet.com\/wp-content\/uploads\/2026\/04\/0.6-4-scaled.jpg\",\"contentUrl\":\"https:\/\/panwinjet.com\/wp-content\/uploads\/2026\/04\/0.6-4-scaled.jpg\",\"width\":2560,\"height\":1152},{\"@type\":\"BreadcrumbList\",\"@id\":\"https:\/\/panwinjet.com\/product\/uhp-1000bar-hydro-jetting-84-litres-280bar-pump-hydro-jetter-nozzles-for-monro-mvt-nozzles-f2-driving-tube-0-6-10371\/#breadcrumb\",\"itemListElement\":[{\"@type\":\"ListItem\",\"position\":1,\"name\":\"\u9996\u9875\",\"item\":\"https:\/\/panwinjet.com\/\"},{\"@type\":\"ListItem\",\"position\":2,\"name\":\"PRODUCT\",\"item\":\"https:\/\/panwinjet.com\/product\/\"},{\"@type\":\"ListItem\",\"position\":3,\"name\":\"UHP 1000Bar Hydro-Jetting 84 litres 280bar pump hydro jetter Nozzles for Monro MVT nozzles F2 driving Tube-0.6-10371\"}]},{\"@type\":\"WebSite\",\"@id\":\"https:\/\/panwinjet.com\/#website\",\"url\":\"https:\/\/panwinjet.com\/\",\"name\":\"Panwin Machinery&amp;Equipment\",\"description\":\"Shenzhen Panwin Machinery&amp;Equipment Co.Ltd\",\"potentialAction\":[{\"@type\":\"SearchAction\",\"target\":{\"@type\":\"EntryPoint\",\"urlTemplate\":\"https:\/\/panwinjet.com\/?s={search_term_string}\"},\"query-input\":{\"@type\":\"PropertyValueSpecification\",\"valueRequired\":true,\"valueName\":\"search_term_string\"}}],\"inLanguage\":\"es\"}]}<\/script>\n<!-- \/ Yoast SEO plugin. -->","yoast_head_json":{"title":"UHP 1000Bar Hydro-Jetting 84 litres 280bar pump hydro jetter Nozzles for Monro MVT nozzles F2 driving Tube-0.6-10371 - Panwin Machinery&amp;Equipment","robots":{"index":"index","follow":"follow","max-snippet":"max-snippet:-1","max-image-preview":"max-image-preview:large","max-video-preview":"max-video-preview:-1"},"canonical":"https:\/\/panwinjet.com\/es\/producto\/uhp-1000bar-hydro-jetting-84-litres-280bar-pump-hydro-jetter-nozzles-for-monro-mvt-nozzles-f2-driving-tube-0-6-10371\/","og_locale":"es_ES","og_type":"article","og_title":"UHP 1000Bar Hydro-Jetting 84 litres 280bar pump hydro jetter Nozzles for Monro MVT nozzles F2 driving Tube-0.6-10371 - Panwin Machinery&amp;Equipment","og_description":"Surface Treatment and Cleaning Rotary Nozzles For MONRO nozzles combine the high power of the point jet with the large area output of the flat jet.  They can be used with all approved high-pressure fittings and mounted on lances. The model F2 can be used up to an operating pressure of 1000 bar, and five different connection thread types are available. Due to their compact design, This UHP Hydro-Blasting Pressure Rate up to 1000Bar nozzles can be used both in building construction and in civil engineering for surface treatment and cleaning.","og_url":"https:\/\/panwinjet.com\/es\/producto\/uhp-1000bar-hydro-jetting-84-litres-280bar-pump-hydro-jetter-nozzles-for-monro-mvt-nozzles-f2-driving-tube-0-6-10371\/","og_site_name":"Panwin Machinery&amp;Equipment","og_image":[{"width":2560,"height":1152,"url":"https:\/\/panwinjet.com\/wp-content\/uploads\/2026\/04\/0.6-4-scaled.jpg","type":"image\/jpeg"}],"twitter_card":"summary_large_image","twitter_misc":{"Tiempo de lectura":"1 minuto"},"schema":{"@context":"https:\/\/schema.org","@graph":[{"@type":"WebPage","@id":"https:\/\/panwinjet.com\/product\/uhp-1000bar-hydro-jetting-84-litres-280bar-pump-hydro-jetter-nozzles-for-monro-mvt-nozzles-f2-driving-tube-0-6-10371\/","url":"https:\/\/panwinjet.com\/product\/uhp-1000bar-hydro-jetting-84-litres-280bar-pump-hydro-jetter-nozzles-for-monro-mvt-nozzles-f2-driving-tube-0-6-10371\/","name":"UHP 1000Bar Hydro-Jetting 84 litres 280bar pump hydro jetter Nozzles for Monro MVT nozzles F2 driving Tube-0.6-10371 - Panwin Machinery&amp;Equipment","isPartOf":{"@id":"https:\/\/panwinjet.com\/#website"},"primaryImageOfPage":{"@id":"https:\/\/panwinjet.com\/product\/uhp-1000bar-hydro-jetting-84-litres-280bar-pump-hydro-jetter-nozzles-for-monro-mvt-nozzles-f2-driving-tube-0-6-10371\/#primaryimage"},"image":{"@id":"https:\/\/panwinjet.com\/product\/uhp-1000bar-hydro-jetting-84-litres-280bar-pump-hydro-jetter-nozzles-for-monro-mvt-nozzles-f2-driving-tube-0-6-10371\/#primaryimage"},"thumbnailUrl":"https:\/\/panwinjet.com\/wp-content\/uploads\/2026\/04\/0.6-4-scaled.jpg","datePublished":"2026-04-06T03:35:31+00:00","breadcrumb":{"@id":"https:\/\/panwinjet.com\/product\/uhp-1000bar-hydro-jetting-84-litres-280bar-pump-hydro-jetter-nozzles-for-monro-mvt-nozzles-f2-driving-tube-0-6-10371\/#breadcrumb"},"inLanguage":"es","potentialAction":[{"@type":"ReadAction","target":["https:\/\/panwinjet.com\/product\/uhp-1000bar-hydro-jetting-84-litres-280bar-pump-hydro-jetter-nozzles-for-monro-mvt-nozzles-f2-driving-tube-0-6-10371\/"]}]},{"@type":"ImageObject","inLanguage":"es","@id":"https:\/\/panwinjet.com\/product\/uhp-1000bar-hydro-jetting-84-litres-280bar-pump-hydro-jetter-nozzles-for-monro-mvt-nozzles-f2-driving-tube-0-6-10371\/#primaryimage","url":"https:\/\/panwinjet.com\/wp-content\/uploads\/2026\/04\/0.6-4-scaled.jpg","contentUrl":"https:\/\/panwinjet.com\/wp-content\/uploads\/2026\/04\/0.6-4-scaled.jpg","width":2560,"height":1152},{"@type":"BreadcrumbList","@id":"https:\/\/panwinjet.com\/product\/uhp-1000bar-hydro-jetting-84-litres-280bar-pump-hydro-jetter-nozzles-for-monro-mvt-nozzles-f2-driving-tube-0-6-10371\/#breadcrumb","itemListElement":[{"@type":"ListItem","position":1,"name":"\u9996\u9875","item":"https:\/\/panwinjet.com\/"},{"@type":"ListItem","position":2,"name":"PRODUCT","item":"https:\/\/panwinjet.com\/product\/"},{"@type":"ListItem","position":3,"name":"UHP 1000Bar Hydro-Jetting 84 litres 280bar pump hydro jetter Nozzles for Monro MVT nozzles F2 driving Tube-0.6-10371"}]},{"@type":"WebSite","@id":"https:\/\/panwinjet.com\/#website","url":"https:\/\/panwinjet.com\/","name":"Panwin Machinery&amp;Equipment","description":"Shenzhen Panwin Machinery&amp;Equipment Co.Ltd","potentialAction":[{"@type":"SearchAction","target":{"@type":"EntryPoint","urlTemplate":"https:\/\/panwinjet.com\/?s={search_term_string}"},"query-input":{"@type":"PropertyValueSpecification","valueRequired":true,"valueName":"search_term_string"}}],"inLanguage":"es"}]}},"_links":{"self":[{"href":"https:\/\/panwinjet.com\/es\/wp-json\/wp\/v2\/product\/2169","targetHints":{"allow":["GET"]}}],"collection":[{"href":"https:\/\/panwinjet.com\/es\/wp-json\/wp\/v2\/product"}],"about":[{"href":"https:\/\/panwinjet.com\/es\/wp-json\/wp\/v2\/types\/product"}],"wp:featuredmedia":[{"embeddable":true,"href":"https:\/\/panwinjet.com\/es\/wp-json\/wp\/v2\/media\/2171"}],"wp:attachment":[{"href":"https:\/\/panwinjet.com\/es\/wp-json\/wp\/v2\/media?parent=2169"}],"wp:term":[{"taxonomy":"product_brand","embeddable":true,"href":"https:\/\/panwinjet.com\/es\/wp-json\/wp\/v2\/product_brand?post=2169"},{"taxonomy":"product_cat","embeddable":true,"href":"https:\/\/panwinjet.com\/es\/wp-json\/wp\/v2\/product_cat?post=2169"},{"taxonomy":"product_tag","embeddable":true,"href":"https:\/\/panwinjet.com\/es\/wp-json\/wp\/v2\/product_tag?post=2169"}],"curies":[{"name":"wp","href":"https:\/\/api.w.org\/{rel}","templated":true}]}}