{"id":2069,"date":"2026-03-18T09:55:39","date_gmt":"2026-03-18T09:55:39","guid":{"rendered":"https:\/\/panwinjet.com\/?post_type=product&#038;p=2069"},"modified":"2026-03-18T09:55:39","modified_gmt":"2026-03-18T09:55:39","slug":"2800bar-40kpsi-uhp-hydro-jetting-barracude-self-rotating-surface-preperation-nozzle","status":"publish","type":"product","link":"https:\/\/panwinjet.com\/es\/producto\/2800bar-40kpsi-uhp-hydro-jetting-barracude-self-rotating-surface-preperation-nozzle\/","title":{"rendered":"2800Bar 40Kpsi UHP Hydro-Jetting Barracude Self-Rotating Surface Preperation Nozzle"},"content":{"rendered":"<p>Surface Preparation\/SSPC-SP 12 White Metal Standard<br \/>\nBoquilla autogiratorio de preparaci\u00f3n de superficies Barracuda, de f\u00e1cil mantenimiento y alta eficiencia, que mejora la productividad. El chorro de agua a ultraalta presi\u00f3n se ha convertido en el m\u00e9todo est\u00e1ndar para la eliminaci\u00f3n de recubrimientos gracias a su econom\u00eda y ventajas ambientales. Nuestra boquilla 30%-50% ofrece una mayor vida \u00fatil y un mantenimiento sencillo que ahorra tiempo. La Barracuda es ideal para usar con las pistolas de pulverizaci\u00f3n Panwin de control de volcado de 20K y 40K.<\/p>\n<p>High quality 7\/16-20 Or M10 sapphire nozzle Rotation speed control 1,200 to 2,600 RPM<br \/>\nRango de operaci\u00f3n 1379-2759 bar (20.000-40.000 psi)<br \/>\n2800 Bar: 15 a 38 LPM<br \/>\n1500 Bar: 12 a 35 LPM<br \/>\nS\u00f3lo pesa 1,3 kg<br \/>\nConstrucci\u00f3n duradera de acero inoxidable Estructura de f\u00e1cil mantenimiento<br \/>\nCojinete rotatorio de larga duraci\u00f3n<br \/>\nCabezal giratorio integral<\/p>","protected":false},"excerpt":{"rendered":"<p>La herramienta de limpieza de superficies autorrotativa con chorro de agua a presi\u00f3n de 40 kpsir cuenta con un sistema de frenado magn\u00e9tico instalado en la pistola rociadora. Gira a velocidad controlada, generando flujos centralizados y densos.<br \/>\nThis lightweight cleaning head can be connected to any type of high pressure cleaners and is easy to maintain. Working pressure of cleaning tool rated up to 22K or 40k psi(1500bar or 2800bar), it can be applies in industrial equipment surface preparation, ship hull rust and paint removal.<\/p>","protected":false},"featured_media":2077,"template":"","meta":[],"product_brand":[],"product_cat":[10,11,4,5],"product_tag":[158,157,156],"class_list":{"0":"post-2069","1":"product","2":"type-product","3":"status-publish","4":"has-post-thumbnail","6":"product_cat-pipeline-tube-uhp-water-blasting-cleaning-device","7":"product_cat-ship-cleaning-device","8":"product_cat-uhp-blasting-hand-air-gun","9":"product_cat-uhp-rotating-nozzles","10":"product_tag-surface-preparation-rotary-nozzles","11":"product_tag-barracuda-self-rotating-surface","12":"product_tag-uhp-40k-barracude-rotary-nozzles","14":"first","15":"instock","16":"sale","17":"shipping-taxable","18":"purchasable","19":"product-type-simple"},"yoast_head":"<!-- This site is optimized with the Yoast SEO plugin v24.9 - https:\/\/yoast.com\/wordpress\/plugins\/seo\/ -->\n<title>2800Bar 40Kpsi UHP Hydro-Jetting Barracude Self-Rotating Surface Preperation Nozzle - Panwin Machinery&amp;Equipment<\/title>\n<meta name=\"robots\" content=\"index, follow, max-snippet:-1, max-image-preview:large, max-video-preview:-1\" \/>\n<link rel=\"canonical\" href=\"https:\/\/panwinjet.com\/es\/producto\/2800bar-40kpsi-uhp-hydro-jetting-barracude-self-rotating-surface-preperation-nozzle\/\" \/>\n<meta property=\"og:locale\" content=\"es_ES\" \/>\n<meta property=\"og:type\" content=\"article\" \/>\n<meta property=\"og:title\" content=\"2800Bar 40Kpsi UHP Hydro-Jetting Barracude Self-Rotating Surface Preperation Nozzle - Panwin Machinery&amp;Equipment\" \/>\n<meta property=\"og:description\" content=\"The 40kpsir pressure water blasting self-rotating surface cleaning tool is a surface cleaner with magnetic braking system installed on the spray gun. It rotate at a controlled speed while producing centralized and dense flows. This lightweight cleaning head can be connected to any type of high pressure cleaners and is easy to maintain. Working pressure of cleaning tool rated up to 22K or 40k psi(1500bar or 2800bar), it can be applies in industrial equipment surface preparation, ship hull rust and paint removal.\" \/>\n<meta property=\"og:url\" content=\"https:\/\/panwinjet.com\/es\/producto\/2800bar-40kpsi-uhp-hydro-jetting-barracude-self-rotating-surface-preperation-nozzle\/\" \/>\n<meta property=\"og:site_name\" content=\"Panwin Machinery&amp;Equipment\" \/>\n<meta property=\"og:image\" content=\"https:\/\/panwinjet.com\/wp-content\/uploads\/2026\/03\/2800Bar-Barracuda-Nozzles-1.jpg\" \/>\n\t<meta property=\"og:image:width\" content=\"2276\" \/>\n\t<meta property=\"og:image:height\" content=\"1024\" \/>\n\t<meta property=\"og:image:type\" content=\"image\/jpeg\" \/>\n<meta name=\"twitter:card\" content=\"summary_large_image\" \/>\n<meta name=\"twitter:label1\" content=\"Tiempo de lectura\" \/>\n\t<meta name=\"twitter:data1\" content=\"1 minuto\" \/>\n<script type=\"application\/ld+json\" class=\"yoast-schema-graph\">{\"@context\":\"https:\/\/schema.org\",\"@graph\":[{\"@type\":\"WebPage\",\"@id\":\"https:\/\/panwinjet.com\/product\/2800bar-40kpsi-uhp-hydro-jetting-barracude-self-rotating-surface-preperation-nozzle\/\",\"url\":\"https:\/\/panwinjet.com\/product\/2800bar-40kpsi-uhp-hydro-jetting-barracude-self-rotating-surface-preperation-nozzle\/\",\"name\":\"2800Bar 40Kpsi UHP Hydro-Jetting Barracude Self-Rotating Surface Preperation Nozzle - Panwin Machinery&amp;Equipment\",\"isPartOf\":{\"@id\":\"https:\/\/panwinjet.com\/#website\"},\"primaryImageOfPage\":{\"@id\":\"https:\/\/panwinjet.com\/product\/2800bar-40kpsi-uhp-hydro-jetting-barracude-self-rotating-surface-preperation-nozzle\/#primaryimage\"},\"image\":{\"@id\":\"https:\/\/panwinjet.com\/product\/2800bar-40kpsi-uhp-hydro-jetting-barracude-self-rotating-surface-preperation-nozzle\/#primaryimage\"},\"thumbnailUrl\":\"https:\/\/panwinjet.com\/wp-content\/uploads\/2026\/03\/2800Bar-Barracuda-Nozzles-1.jpg\",\"datePublished\":\"2026-03-18T09:55:39+00:00\",\"breadcrumb\":{\"@id\":\"https:\/\/panwinjet.com\/product\/2800bar-40kpsi-uhp-hydro-jetting-barracude-self-rotating-surface-preperation-nozzle\/#breadcrumb\"},\"inLanguage\":\"es\",\"potentialAction\":[{\"@type\":\"ReadAction\",\"target\":[\"https:\/\/panwinjet.com\/product\/2800bar-40kpsi-uhp-hydro-jetting-barracude-self-rotating-surface-preperation-nozzle\/\"]}]},{\"@type\":\"ImageObject\",\"inLanguage\":\"es\",\"@id\":\"https:\/\/panwinjet.com\/product\/2800bar-40kpsi-uhp-hydro-jetting-barracude-self-rotating-surface-preperation-nozzle\/#primaryimage\",\"url\":\"https:\/\/panwinjet.com\/wp-content\/uploads\/2026\/03\/2800Bar-Barracuda-Nozzles-1.jpg\",\"contentUrl\":\"https:\/\/panwinjet.com\/wp-content\/uploads\/2026\/03\/2800Bar-Barracuda-Nozzles-1.jpg\",\"width\":2276,\"height\":1024},{\"@type\":\"BreadcrumbList\",\"@id\":\"https:\/\/panwinjet.com\/product\/2800bar-40kpsi-uhp-hydro-jetting-barracude-self-rotating-surface-preperation-nozzle\/#breadcrumb\",\"itemListElement\":[{\"@type\":\"ListItem\",\"position\":1,\"name\":\"\u9996\u9875\",\"item\":\"https:\/\/panwinjet.com\/\"},{\"@type\":\"ListItem\",\"position\":2,\"name\":\"PRODUCT\",\"item\":\"https:\/\/panwinjet.com\/product\/\"},{\"@type\":\"ListItem\",\"position\":3,\"name\":\"2800Bar 40Kpsi UHP Hydro-Jetting Barracude Self-Rotating Surface Preperation Nozzle\"}]},{\"@type\":\"WebSite\",\"@id\":\"https:\/\/panwinjet.com\/#website\",\"url\":\"https:\/\/panwinjet.com\/\",\"name\":\"Panwin Machinery&amp;Equipment\",\"description\":\"Shenzhen Panwin Machinery&amp;Equipment Co.Ltd\",\"potentialAction\":[{\"@type\":\"SearchAction\",\"target\":{\"@type\":\"EntryPoint\",\"urlTemplate\":\"https:\/\/panwinjet.com\/?s={search_term_string}\"},\"query-input\":{\"@type\":\"PropertyValueSpecification\",\"valueRequired\":true,\"valueName\":\"search_term_string\"}}],\"inLanguage\":\"es\"}]}<\/script>\n<!-- \/ Yoast SEO plugin. -->","yoast_head_json":{"title":"2800Bar 40Kpsi UHP Hydro-Jetting Barracude Self-Rotating Surface Preperation Nozzle - Panwin Machinery&amp;Equipment","robots":{"index":"index","follow":"follow","max-snippet":"max-snippet:-1","max-image-preview":"max-image-preview:large","max-video-preview":"max-video-preview:-1"},"canonical":"https:\/\/panwinjet.com\/es\/producto\/2800bar-40kpsi-uhp-hydro-jetting-barracude-self-rotating-surface-preperation-nozzle\/","og_locale":"es_ES","og_type":"article","og_title":"2800Bar 40Kpsi UHP Hydro-Jetting Barracude Self-Rotating Surface Preperation Nozzle - Panwin Machinery&amp;Equipment","og_description":"The 40kpsir pressure water blasting self-rotating surface cleaning tool is a surface cleaner with magnetic braking system installed on the spray gun. It rotate at a controlled speed while producing centralized and dense flows. This lightweight cleaning head can be connected to any type of high pressure cleaners and is easy to maintain. Working pressure of cleaning tool rated up to 22K or 40k psi(1500bar or 2800bar), it can be applies in industrial equipment surface preparation, ship hull rust and paint removal.","og_url":"https:\/\/panwinjet.com\/es\/producto\/2800bar-40kpsi-uhp-hydro-jetting-barracude-self-rotating-surface-preperation-nozzle\/","og_site_name":"Panwin Machinery&amp;Equipment","og_image":[{"width":2276,"height":1024,"url":"https:\/\/panwinjet.com\/wp-content\/uploads\/2026\/03\/2800Bar-Barracuda-Nozzles-1.jpg","type":"image\/jpeg"}],"twitter_card":"summary_large_image","twitter_misc":{"Tiempo de lectura":"1 minuto"},"schema":{"@context":"https:\/\/schema.org","@graph":[{"@type":"WebPage","@id":"https:\/\/panwinjet.com\/product\/2800bar-40kpsi-uhp-hydro-jetting-barracude-self-rotating-surface-preperation-nozzle\/","url":"https:\/\/panwinjet.com\/product\/2800bar-40kpsi-uhp-hydro-jetting-barracude-self-rotating-surface-preperation-nozzle\/","name":"2800Bar 40Kpsi UHP Hydro-Jetting Barracude Self-Rotating Surface Preperation Nozzle - Panwin Machinery&amp;Equipment","isPartOf":{"@id":"https:\/\/panwinjet.com\/#website"},"primaryImageOfPage":{"@id":"https:\/\/panwinjet.com\/product\/2800bar-40kpsi-uhp-hydro-jetting-barracude-self-rotating-surface-preperation-nozzle\/#primaryimage"},"image":{"@id":"https:\/\/panwinjet.com\/product\/2800bar-40kpsi-uhp-hydro-jetting-barracude-self-rotating-surface-preperation-nozzle\/#primaryimage"},"thumbnailUrl":"https:\/\/panwinjet.com\/wp-content\/uploads\/2026\/03\/2800Bar-Barracuda-Nozzles-1.jpg","datePublished":"2026-03-18T09:55:39+00:00","breadcrumb":{"@id":"https:\/\/panwinjet.com\/product\/2800bar-40kpsi-uhp-hydro-jetting-barracude-self-rotating-surface-preperation-nozzle\/#breadcrumb"},"inLanguage":"es","potentialAction":[{"@type":"ReadAction","target":["https:\/\/panwinjet.com\/product\/2800bar-40kpsi-uhp-hydro-jetting-barracude-self-rotating-surface-preperation-nozzle\/"]}]},{"@type":"ImageObject","inLanguage":"es","@id":"https:\/\/panwinjet.com\/product\/2800bar-40kpsi-uhp-hydro-jetting-barracude-self-rotating-surface-preperation-nozzle\/#primaryimage","url":"https:\/\/panwinjet.com\/wp-content\/uploads\/2026\/03\/2800Bar-Barracuda-Nozzles-1.jpg","contentUrl":"https:\/\/panwinjet.com\/wp-content\/uploads\/2026\/03\/2800Bar-Barracuda-Nozzles-1.jpg","width":2276,"height":1024},{"@type":"BreadcrumbList","@id":"https:\/\/panwinjet.com\/product\/2800bar-40kpsi-uhp-hydro-jetting-barracude-self-rotating-surface-preperation-nozzle\/#breadcrumb","itemListElement":[{"@type":"ListItem","position":1,"name":"\u9996\u9875","item":"https:\/\/panwinjet.com\/"},{"@type":"ListItem","position":2,"name":"PRODUCT","item":"https:\/\/panwinjet.com\/product\/"},{"@type":"ListItem","position":3,"name":"2800Bar 40Kpsi UHP Hydro-Jetting Barracude Self-Rotating Surface Preperation Nozzle"}]},{"@type":"WebSite","@id":"https:\/\/panwinjet.com\/#website","url":"https:\/\/panwinjet.com\/","name":"Panwin Machinery&amp;Equipment","description":"Shenzhen Panwin Machinery&amp;Equipment Co.Ltd","potentialAction":[{"@type":"SearchAction","target":{"@type":"EntryPoint","urlTemplate":"https:\/\/panwinjet.com\/?s={search_term_string}"},"query-input":{"@type":"PropertyValueSpecification","valueRequired":true,"valueName":"search_term_string"}}],"inLanguage":"es"}]}},"_links":{"self":[{"href":"https:\/\/panwinjet.com\/es\/wp-json\/wp\/v2\/product\/2069","targetHints":{"allow":["GET"]}}],"collection":[{"href":"https:\/\/panwinjet.com\/es\/wp-json\/wp\/v2\/product"}],"about":[{"href":"https:\/\/panwinjet.com\/es\/wp-json\/wp\/v2\/types\/product"}],"wp:featuredmedia":[{"embeddable":true,"href":"https:\/\/panwinjet.com\/es\/wp-json\/wp\/v2\/media\/2077"}],"wp:attachment":[{"href":"https:\/\/panwinjet.com\/es\/wp-json\/wp\/v2\/media?parent=2069"}],"wp:term":[{"taxonomy":"product_brand","embeddable":true,"href":"https:\/\/panwinjet.com\/es\/wp-json\/wp\/v2\/product_brand?post=2069"},{"taxonomy":"product_cat","embeddable":true,"href":"https:\/\/panwinjet.com\/es\/wp-json\/wp\/v2\/product_cat?post=2069"},{"taxonomy":"product_tag","embeddable":true,"href":"https:\/\/panwinjet.com\/es\/wp-json\/wp\/v2\/product_tag?post=2069"}],"curies":[{"name":"wp","href":"https:\/\/api.w.org\/{rel}","templated":true}]}}