{"id":2056,"date":"2026-03-16T09:10:04","date_gmt":"2026-03-16T09:10:04","guid":{"rendered":"https:\/\/panwinjet.com\/?post_type=product&#038;p=2056"},"modified":"2026-03-16T16:10:03","modified_gmt":"2026-03-16T16:10:03","slug":"hot-sale-uhp-1500bar-small-pipeline-hydro-jet-blasting-cleaning-banshee-nozzles-dn33","status":"publish","type":"product","link":"https:\/\/panwinjet.com\/es\/producto\/hot-sale-uhp-1500bar-small-pipeline-hydro-jet-blasting-cleaning-banshee-nozzles-dn33\/","title":{"rendered":"Hot Sale  UHP 1500Bar small Pipeline hydro Jet blasting cleaning Banshee Nozzles DN33"},"content":{"rendered":"<p>Our 22KPSI small Pipeline hydro Jet blasting cleaning Banshee Nozzle is used for small pipe and tube, it is highest-efficiency pipe clean nozzles due to advantage features:<br \/>\nVentajas y caracter\u00edsticas:<br \/>\nA: Gama completa de rangos de presi\u00f3n y caudal disponibles<br \/>\nB: La velocidad de rotaci\u00f3n puede alcanzar hasta 7000 rpm.<br \/>\nC: Servicio sencillo, se puede reparar en el lugar de trabajo.<br \/>\nD: Fabricado en acero inoxidable de alta calidad para prolongar su vida \u00fatil<\/p>\n<p>E: La parte exterior de la boquilla est\u00e1 recubierta con una capa de material especial para prolongar su vida \u00fatil y tiene m\u00faltiples patrones porosos para satisfacer diferentes requisitos de funcionamiento.<\/p>\n<p>Solicitud:<br \/>\nIndustria de la construcci\u00f3n con chorro de agua a ultra alta presi\u00f3n<br \/>\nChorro de agua a presi\u00f3n por agua para la industria del hierro, el acero y los metales<br \/>\nIngenier\u00eda mec\u00e1nica y de aparatos para hidrolavadoras de alta presi\u00f3n<br \/>\nIndustria del cemento y el hormig\u00f3n<br \/>\nLimpieza de superficies con barracuda de alta presi\u00f3n<br \/>\nPiezas para equipos de limpieza UHP Hydro Jet<br \/>\nBarras pulverizadoras de limpieza industrial<br \/>\nM\u00e1quina de hidrolavado para la industria de refinaci\u00f3n de petr\u00f3leo<br \/>\nLimpieza de superficies con chorro de agua a presi\u00f3n, limpieza de tanques y recipientes.<br \/>\nLimpieza del intercambiador de calor,<br \/>\nLimpieza de pintura de autom\u00f3viles, limpieza de la industria minera, limpieza de f\u00e1bricas de acero, etc.<br \/>\nEquipos de limpieza de alcantarillado de alta presi\u00f3n para redes de tuber\u00edas municipales de suministro de agua y drenaje;<\/p>","protected":false},"excerpt":{"rendered":"<p>Las boquillas Banshee se utilizan ampliamente para la limpieza de intercambiadores de calor, tuber\u00edas de peque\u00f1o di\u00e1metro y barreras de tuber\u00edas, entre otros. Son altamente eficientes y f\u00e1ciles de usar para la limpieza de tubos de peque\u00f1o di\u00e1metro. En Panwin, le ofrecemos boquillas Banshee en varios tama\u00f1os.<\/p>","protected":false},"featured_media":2050,"template":"","meta":[],"product_brand":[],"product_cat":[9,10,5],"product_tag":[152,150,151],"class_list":{"0":"post-2056","1":"product","2":"type-product","3":"status-publish","4":"has-post-thumbnail","6":"product_cat-heat-exchanger-cleaning-device","7":"product_cat-pipeline-tube-uhp-water-blasting-cleaning-device","8":"product_cat-uhp-rotating-nozzles","9":"product_tag-22kpsi-heat-exchange-banshee-nozzles","10":"product_tag-uhp-1500bar","11":"product_tag-uhp-banshee-nozzles","13":"first","14":"instock","15":"sale","16":"shipping-taxable","17":"purchasable","18":"product-type-simple"},"yoast_head":"<!-- This site is optimized with the Yoast SEO plugin v24.9 - https:\/\/yoast.com\/wordpress\/plugins\/seo\/ -->\n<title>Hot Sale UHP 1500Bar small Pipeline hydro Jet blasting cleaning Banshee Nozzles DN33 - Panwin Machinery&amp;Equipment<\/title>\n<meta name=\"robots\" content=\"index, follow, max-snippet:-1, max-image-preview:large, max-video-preview:-1\" \/>\n<link rel=\"canonical\" href=\"https:\/\/panwinjet.com\/es\/producto\/hot-sale-uhp-1500bar-small-pipeline-hydro-jet-blasting-cleaning-banshee-nozzles-dn33\/\" \/>\n<meta property=\"og:locale\" content=\"es_ES\" \/>\n<meta property=\"og:type\" content=\"article\" \/>\n<meta property=\"og:title\" content=\"Hot Sale UHP 1500Bar small Pipeline hydro Jet blasting cleaning Banshee Nozzles DN33 - Panwin Machinery&amp;Equipment\" \/>\n<meta property=\"og:description\" content=\"The Banshee nozzles is widely applied for heat-exchange cleaning and small diameter pipe and cleaning the pipe barrier etc, it is high-efficiency and easy-operation for small diameter pipe tube cleaning. We Panwin provide you various size of Banshee nozzles.\" \/>\n<meta property=\"og:url\" content=\"https:\/\/panwinjet.com\/es\/producto\/hot-sale-uhp-1500bar-small-pipeline-hydro-jet-blasting-cleaning-banshee-nozzles-dn33\/\" \/>\n<meta property=\"og:site_name\" content=\"Panwin Machinery&amp;Equipment\" \/>\n<meta property=\"article:modified_time\" content=\"2026-03-16T16:10:03+00:00\" \/>\n<meta property=\"og:image\" content=\"https:\/\/panwinjet.com\/wp-content\/uploads\/2026\/03\/Banshee-DN33-3.jpg\" \/>\n\t<meta property=\"og:image:width\" content=\"2276\" \/>\n\t<meta property=\"og:image:height\" content=\"1024\" \/>\n\t<meta property=\"og:image:type\" content=\"image\/jpeg\" \/>\n<meta name=\"twitter:card\" content=\"summary_large_image\" \/>\n<meta name=\"twitter:label1\" content=\"Tiempo de lectura\" \/>\n\t<meta name=\"twitter:data1\" content=\"1 minuto\" \/>\n<script type=\"application\/ld+json\" class=\"yoast-schema-graph\">{\"@context\":\"https:\/\/schema.org\",\"@graph\":[{\"@type\":\"WebPage\",\"@id\":\"https:\/\/panwinjet.com\/product\/hot-sale-uhp-1500bar-small-pipeline-hydro-jet-blasting-cleaning-banshee-nozzles-dn33\/\",\"url\":\"https:\/\/panwinjet.com\/product\/hot-sale-uhp-1500bar-small-pipeline-hydro-jet-blasting-cleaning-banshee-nozzles-dn33\/\",\"name\":\"Hot Sale UHP 1500Bar small Pipeline hydro Jet blasting cleaning Banshee Nozzles DN33 - Panwin Machinery&amp;Equipment\",\"isPartOf\":{\"@id\":\"https:\/\/panwinjet.com\/#website\"},\"primaryImageOfPage\":{\"@id\":\"https:\/\/panwinjet.com\/product\/hot-sale-uhp-1500bar-small-pipeline-hydro-jet-blasting-cleaning-banshee-nozzles-dn33\/#primaryimage\"},\"image\":{\"@id\":\"https:\/\/panwinjet.com\/product\/hot-sale-uhp-1500bar-small-pipeline-hydro-jet-blasting-cleaning-banshee-nozzles-dn33\/#primaryimage\"},\"thumbnailUrl\":\"https:\/\/panwinjet.com\/wp-content\/uploads\/2026\/03\/Banshee-DN33-3.jpg\",\"datePublished\":\"2026-03-16T09:10:04+00:00\",\"dateModified\":\"2026-03-16T16:10:03+00:00\",\"breadcrumb\":{\"@id\":\"https:\/\/panwinjet.com\/product\/hot-sale-uhp-1500bar-small-pipeline-hydro-jet-blasting-cleaning-banshee-nozzles-dn33\/#breadcrumb\"},\"inLanguage\":\"es\",\"potentialAction\":[{\"@type\":\"ReadAction\",\"target\":[\"https:\/\/panwinjet.com\/product\/hot-sale-uhp-1500bar-small-pipeline-hydro-jet-blasting-cleaning-banshee-nozzles-dn33\/\"]}]},{\"@type\":\"ImageObject\",\"inLanguage\":\"es\",\"@id\":\"https:\/\/panwinjet.com\/product\/hot-sale-uhp-1500bar-small-pipeline-hydro-jet-blasting-cleaning-banshee-nozzles-dn33\/#primaryimage\",\"url\":\"https:\/\/panwinjet.com\/wp-content\/uploads\/2026\/03\/Banshee-DN33-3.jpg\",\"contentUrl\":\"https:\/\/panwinjet.com\/wp-content\/uploads\/2026\/03\/Banshee-DN33-3.jpg\",\"width\":2276,\"height\":1024},{\"@type\":\"BreadcrumbList\",\"@id\":\"https:\/\/panwinjet.com\/product\/hot-sale-uhp-1500bar-small-pipeline-hydro-jet-blasting-cleaning-banshee-nozzles-dn33\/#breadcrumb\",\"itemListElement\":[{\"@type\":\"ListItem\",\"position\":1,\"name\":\"\u9996\u9875\",\"item\":\"https:\/\/panwinjet.com\/\"},{\"@type\":\"ListItem\",\"position\":2,\"name\":\"PRODUCT\",\"item\":\"https:\/\/panwinjet.com\/product\/\"},{\"@type\":\"ListItem\",\"position\":3,\"name\":\"Hot Sale UHP 1500Bar small Pipeline hydro Jet blasting cleaning Banshee Nozzles DN33\"}]},{\"@type\":\"WebSite\",\"@id\":\"https:\/\/panwinjet.com\/#website\",\"url\":\"https:\/\/panwinjet.com\/\",\"name\":\"Panwin Machinery&amp;Equipment\",\"description\":\"Shenzhen Panwin Machinery&amp;Equipment Co.Ltd\",\"potentialAction\":[{\"@type\":\"SearchAction\",\"target\":{\"@type\":\"EntryPoint\",\"urlTemplate\":\"https:\/\/panwinjet.com\/?s={search_term_string}\"},\"query-input\":{\"@type\":\"PropertyValueSpecification\",\"valueRequired\":true,\"valueName\":\"search_term_string\"}}],\"inLanguage\":\"es\"}]}<\/script>\n<!-- \/ Yoast SEO plugin. -->","yoast_head_json":{"title":"Hot Sale UHP 1500Bar small Pipeline hydro Jet blasting cleaning Banshee Nozzles DN33 - Panwin Machinery&amp;Equipment","robots":{"index":"index","follow":"follow","max-snippet":"max-snippet:-1","max-image-preview":"max-image-preview:large","max-video-preview":"max-video-preview:-1"},"canonical":"https:\/\/panwinjet.com\/es\/producto\/hot-sale-uhp-1500bar-small-pipeline-hydro-jet-blasting-cleaning-banshee-nozzles-dn33\/","og_locale":"es_ES","og_type":"article","og_title":"Hot Sale UHP 1500Bar small Pipeline hydro Jet blasting cleaning Banshee Nozzles DN33 - Panwin Machinery&amp;Equipment","og_description":"The Banshee nozzles is widely applied for heat-exchange cleaning and small diameter pipe and cleaning the pipe barrier etc, it is high-efficiency and easy-operation for small diameter pipe tube cleaning. We Panwin provide you various size of Banshee nozzles.","og_url":"https:\/\/panwinjet.com\/es\/producto\/hot-sale-uhp-1500bar-small-pipeline-hydro-jet-blasting-cleaning-banshee-nozzles-dn33\/","og_site_name":"Panwin Machinery&amp;Equipment","article_modified_time":"2026-03-16T16:10:03+00:00","og_image":[{"width":2276,"height":1024,"url":"https:\/\/panwinjet.com\/wp-content\/uploads\/2026\/03\/Banshee-DN33-3.jpg","type":"image\/jpeg"}],"twitter_card":"summary_large_image","twitter_misc":{"Tiempo de lectura":"1 minuto"},"schema":{"@context":"https:\/\/schema.org","@graph":[{"@type":"WebPage","@id":"https:\/\/panwinjet.com\/product\/hot-sale-uhp-1500bar-small-pipeline-hydro-jet-blasting-cleaning-banshee-nozzles-dn33\/","url":"https:\/\/panwinjet.com\/product\/hot-sale-uhp-1500bar-small-pipeline-hydro-jet-blasting-cleaning-banshee-nozzles-dn33\/","name":"Hot Sale UHP 1500Bar small Pipeline hydro Jet blasting cleaning Banshee Nozzles DN33 - Panwin Machinery&amp;Equipment","isPartOf":{"@id":"https:\/\/panwinjet.com\/#website"},"primaryImageOfPage":{"@id":"https:\/\/panwinjet.com\/product\/hot-sale-uhp-1500bar-small-pipeline-hydro-jet-blasting-cleaning-banshee-nozzles-dn33\/#primaryimage"},"image":{"@id":"https:\/\/panwinjet.com\/product\/hot-sale-uhp-1500bar-small-pipeline-hydro-jet-blasting-cleaning-banshee-nozzles-dn33\/#primaryimage"},"thumbnailUrl":"https:\/\/panwinjet.com\/wp-content\/uploads\/2026\/03\/Banshee-DN33-3.jpg","datePublished":"2026-03-16T09:10:04+00:00","dateModified":"2026-03-16T16:10:03+00:00","breadcrumb":{"@id":"https:\/\/panwinjet.com\/product\/hot-sale-uhp-1500bar-small-pipeline-hydro-jet-blasting-cleaning-banshee-nozzles-dn33\/#breadcrumb"},"inLanguage":"es","potentialAction":[{"@type":"ReadAction","target":["https:\/\/panwinjet.com\/product\/hot-sale-uhp-1500bar-small-pipeline-hydro-jet-blasting-cleaning-banshee-nozzles-dn33\/"]}]},{"@type":"ImageObject","inLanguage":"es","@id":"https:\/\/panwinjet.com\/product\/hot-sale-uhp-1500bar-small-pipeline-hydro-jet-blasting-cleaning-banshee-nozzles-dn33\/#primaryimage","url":"https:\/\/panwinjet.com\/wp-content\/uploads\/2026\/03\/Banshee-DN33-3.jpg","contentUrl":"https:\/\/panwinjet.com\/wp-content\/uploads\/2026\/03\/Banshee-DN33-3.jpg","width":2276,"height":1024},{"@type":"BreadcrumbList","@id":"https:\/\/panwinjet.com\/product\/hot-sale-uhp-1500bar-small-pipeline-hydro-jet-blasting-cleaning-banshee-nozzles-dn33\/#breadcrumb","itemListElement":[{"@type":"ListItem","position":1,"name":"\u9996\u9875","item":"https:\/\/panwinjet.com\/"},{"@type":"ListItem","position":2,"name":"PRODUCT","item":"https:\/\/panwinjet.com\/product\/"},{"@type":"ListItem","position":3,"name":"Hot Sale UHP 1500Bar small Pipeline hydro Jet blasting cleaning Banshee Nozzles DN33"}]},{"@type":"WebSite","@id":"https:\/\/panwinjet.com\/#website","url":"https:\/\/panwinjet.com\/","name":"Panwin Machinery&amp;Equipment","description":"Shenzhen Panwin Machinery&amp;Equipment Co.Ltd","potentialAction":[{"@type":"SearchAction","target":{"@type":"EntryPoint","urlTemplate":"https:\/\/panwinjet.com\/?s={search_term_string}"},"query-input":{"@type":"PropertyValueSpecification","valueRequired":true,"valueName":"search_term_string"}}],"inLanguage":"es"}]}},"_links":{"self":[{"href":"https:\/\/panwinjet.com\/es\/wp-json\/wp\/v2\/product\/2056","targetHints":{"allow":["GET"]}}],"collection":[{"href":"https:\/\/panwinjet.com\/es\/wp-json\/wp\/v2\/product"}],"about":[{"href":"https:\/\/panwinjet.com\/es\/wp-json\/wp\/v2\/types\/product"}],"wp:featuredmedia":[{"embeddable":true,"href":"https:\/\/panwinjet.com\/es\/wp-json\/wp\/v2\/media\/2050"}],"wp:attachment":[{"href":"https:\/\/panwinjet.com\/es\/wp-json\/wp\/v2\/media?parent=2056"}],"wp:term":[{"taxonomy":"product_brand","embeddable":true,"href":"https:\/\/panwinjet.com\/es\/wp-json\/wp\/v2\/product_brand?post=2056"},{"taxonomy":"product_cat","embeddable":true,"href":"https:\/\/panwinjet.com\/es\/wp-json\/wp\/v2\/product_cat?post=2056"},{"taxonomy":"product_tag","embeddable":true,"href":"https:\/\/panwinjet.com\/es\/wp-json\/wp\/v2\/product_tag?post=2056"}],"curies":[{"name":"wp","href":"https:\/\/api.w.org\/{rel}","templated":true}]}}