{"id":2034,"date":"2026-02-02T10:14:13","date_gmt":"2026-02-02T10:14:13","guid":{"rendered":"https:\/\/panwinjet.com\/?post_type=product&#038;p=2034"},"modified":"2026-02-02T10:14:13","modified_gmt":"2026-02-02T10:14:13","slug":"uhp-hydro-jet-tube-cleaning-machine-parts-sapphire-nozzles-tip-3-8-24-0-021inch","status":"publish","type":"product","link":"https:\/\/panwinjet.com\/es\/producto\/uhp-hydro-jet-tube-cleaning-machine-parts-sapphire-nozzles-tip-3-8-24-0-021inch\/","title":{"rendered":"UHP Hydro Jet Tube cleaning machine parts Sapphire nozzles Tip 3\/8-24-0.021inch"},"content":{"rendered":"<p>3.Product Feature And Application of 40000psi Pressure Water blasting chemical industry cleaning machine components 3\/8-24 Nozzles<br \/>\nThe 4000psi Pressure Water blasting chemical industry cleaning machine components 3\/8-24 Nozzles are made of high-quality ruby and sapphire, it has advanced performance in spraying as mentioned below.<br \/>\nCaracter\u00edsticas de las boquillas:<br \/>\nTiempo de uso prolongado<br \/>\nCoherencia del flujo de chorros de alta presi\u00f3n<br \/>\nPotente chorro de agua<br \/>\nExcelente rendimiento en chorro de agua<\/p>","protected":false},"excerpt":{"rendered":"<p>1.Product Introduction of 40000psi Pressure Water blasting chemical industry cleaning machine components 3\/8-24 Nozzles-0.012&#8221;<br \/>\nFor the 40000psi Pressure Water blasting chemical industry cleaning machine components 3\/8-24 Nozzles,in Water blasting cleaning operation, the nozzles is the key components for high-efficiency and stable performance cleaning operation.<br \/>\nEn Panwin ofrecemos a nuestros clientes boquillas de alta calidad para diferentes niveles de presi\u00f3n. Nuestras boquillas tienen una clasificaci\u00f3n UHP de hasta 55 Kpsi, con conexi\u00f3n de rosca 3\/8-24 UNF, y pueden insertarse en boquillas rotativas y barras de pulverizaci\u00f3n. El cuerpo de las boquillas est\u00e1 tratado t\u00e9rmicamente para endurecerse y fabricado con material de zafiro superior, lo que garantiza una larga vida \u00fatil y una alta calidad.<\/p>","protected":false},"featured_media":2037,"template":"","meta":[],"product_brand":[],"product_cat":[3,11,5],"product_tag":[149,148],"class_list":{"0":"post-2034","1":"product","2":"type-product","3":"status-publish","4":"has-post-thumbnail","6":"product_cat-sapphire-nozzles","7":"product_cat-ship-cleaning-device","8":"product_cat-uhp-rotating-nozzles","9":"product_tag-uhp-sappire-nozzles","10":"product_tag-water-blasting-cleaning-machine-nozzles","12":"first","13":"instock","14":"shipping-taxable","15":"product-type-simple"},"yoast_head":"<!-- This site is optimized with the Yoast SEO plugin v24.9 - https:\/\/yoast.com\/wordpress\/plugins\/seo\/ -->\n<title>UHP Hydro Jet Tube cleaning machine parts Sapphire nozzles Tip 3\/8-24-0.021inch - Panwin Machinery&amp;Equipment<\/title>\n<meta name=\"robots\" content=\"index, follow, max-snippet:-1, max-image-preview:large, max-video-preview:-1\" \/>\n<link rel=\"canonical\" href=\"https:\/\/panwinjet.com\/es\/producto\/uhp-hydro-jet-tube-cleaning-machine-parts-sapphire-nozzles-tip-3-8-24-0-021inch\/\" \/>\n<meta property=\"og:locale\" content=\"es_ES\" \/>\n<meta property=\"og:type\" content=\"article\" \/>\n<meta property=\"og:title\" content=\"UHP Hydro Jet Tube cleaning machine parts Sapphire nozzles Tip 3\/8-24-0.021inch - Panwin Machinery&amp;Equipment\" \/>\n<meta property=\"og:description\" content=\"1.Product Introduction of 40000psi Pressure Water blasting chemical industry cleaning machine components 3\/8-24 Nozzles-0.012&#039;&#039; For the 40000psi Pressure Water blasting chemical industry cleaning machine components 3\/8-24 Nozzles,in Water blasting cleaning operation, the nozzles is the key components for high-efficiency and stable performance cleaning operation. We Panwin provides our customers high-quality nozzles for different pressure level, our nozzles is UHP Rated up to 55Kpsi, with 3\/8-24 UNF thread connection, it can insert in the rotary nozzles and spray-bars, the nozzles body heat-harden treated, and Superior sapphire material, it is long-life and high-quality.\" \/>\n<meta property=\"og:url\" content=\"https:\/\/panwinjet.com\/es\/producto\/uhp-hydro-jet-tube-cleaning-machine-parts-sapphire-nozzles-tip-3-8-24-0-021inch\/\" \/>\n<meta property=\"og:site_name\" content=\"Panwin Machinery&amp;Equipment\" \/>\n<meta property=\"og:image\" content=\"https:\/\/panwinjet.com\/wp-content\/uploads\/2026\/02\/UHP-Nozzles-3-8-21-3-scaled.jpg\" \/>\n\t<meta property=\"og:image:width\" content=\"1152\" \/>\n\t<meta property=\"og:image:height\" content=\"2560\" \/>\n\t<meta property=\"og:image:type\" content=\"image\/jpeg\" \/>\n<meta name=\"twitter:card\" content=\"summary_large_image\" \/>\n<meta name=\"twitter:label1\" content=\"Tiempo de lectura\" \/>\n\t<meta name=\"twitter:data1\" content=\"1 minuto\" \/>\n<script type=\"application\/ld+json\" class=\"yoast-schema-graph\">{\"@context\":\"https:\/\/schema.org\",\"@graph\":[{\"@type\":\"WebPage\",\"@id\":\"https:\/\/panwinjet.com\/product\/uhp-hydro-jet-tube-cleaning-machine-parts-sapphire-nozzles-tip-3-8-24-0-021inch\/\",\"url\":\"https:\/\/panwinjet.com\/product\/uhp-hydro-jet-tube-cleaning-machine-parts-sapphire-nozzles-tip-3-8-24-0-021inch\/\",\"name\":\"UHP Hydro Jet Tube cleaning machine parts Sapphire nozzles Tip 3\/8-24-0.021inch - Panwin Machinery&amp;Equipment\",\"isPartOf\":{\"@id\":\"https:\/\/panwinjet.com\/#website\"},\"primaryImageOfPage\":{\"@id\":\"https:\/\/panwinjet.com\/product\/uhp-hydro-jet-tube-cleaning-machine-parts-sapphire-nozzles-tip-3-8-24-0-021inch\/#primaryimage\"},\"image\":{\"@id\":\"https:\/\/panwinjet.com\/product\/uhp-hydro-jet-tube-cleaning-machine-parts-sapphire-nozzles-tip-3-8-24-0-021inch\/#primaryimage\"},\"thumbnailUrl\":\"https:\/\/panwinjet.com\/wp-content\/uploads\/2026\/02\/UHP-Nozzles-3-8-21-3-scaled.jpg\",\"datePublished\":\"2026-02-02T10:14:13+00:00\",\"breadcrumb\":{\"@id\":\"https:\/\/panwinjet.com\/product\/uhp-hydro-jet-tube-cleaning-machine-parts-sapphire-nozzles-tip-3-8-24-0-021inch\/#breadcrumb\"},\"inLanguage\":\"es\",\"potentialAction\":[{\"@type\":\"ReadAction\",\"target\":[\"https:\/\/panwinjet.com\/product\/uhp-hydro-jet-tube-cleaning-machine-parts-sapphire-nozzles-tip-3-8-24-0-021inch\/\"]}]},{\"@type\":\"ImageObject\",\"inLanguage\":\"es\",\"@id\":\"https:\/\/panwinjet.com\/product\/uhp-hydro-jet-tube-cleaning-machine-parts-sapphire-nozzles-tip-3-8-24-0-021inch\/#primaryimage\",\"url\":\"https:\/\/panwinjet.com\/wp-content\/uploads\/2026\/02\/UHP-Nozzles-3-8-21-3-scaled.jpg\",\"contentUrl\":\"https:\/\/panwinjet.com\/wp-content\/uploads\/2026\/02\/UHP-Nozzles-3-8-21-3-scaled.jpg\",\"width\":1152,\"height\":2560},{\"@type\":\"BreadcrumbList\",\"@id\":\"https:\/\/panwinjet.com\/product\/uhp-hydro-jet-tube-cleaning-machine-parts-sapphire-nozzles-tip-3-8-24-0-021inch\/#breadcrumb\",\"itemListElement\":[{\"@type\":\"ListItem\",\"position\":1,\"name\":\"\u9996\u9875\",\"item\":\"https:\/\/panwinjet.com\/\"},{\"@type\":\"ListItem\",\"position\":2,\"name\":\"PRODUCT\",\"item\":\"https:\/\/panwinjet.com\/product\/\"},{\"@type\":\"ListItem\",\"position\":3,\"name\":\"UHP Hydro Jet Tube cleaning machine parts Sapphire nozzles Tip 3\/8-24-0.021inch\"}]},{\"@type\":\"WebSite\",\"@id\":\"https:\/\/panwinjet.com\/#website\",\"url\":\"https:\/\/panwinjet.com\/\",\"name\":\"Panwin Machinery&amp;Equipment\",\"description\":\"Shenzhen Panwin Machinery&amp;Equipment Co.Ltd\",\"potentialAction\":[{\"@type\":\"SearchAction\",\"target\":{\"@type\":\"EntryPoint\",\"urlTemplate\":\"https:\/\/panwinjet.com\/?s={search_term_string}\"},\"query-input\":{\"@type\":\"PropertyValueSpecification\",\"valueRequired\":true,\"valueName\":\"search_term_string\"}}],\"inLanguage\":\"es\"}]}<\/script>\n<!-- \/ Yoast SEO plugin. -->","yoast_head_json":{"title":"UHP Hydro Jet Tube cleaning machine parts Sapphire nozzles Tip 3\/8-24-0.021inch - Panwin Machinery&amp;Equipment","robots":{"index":"index","follow":"follow","max-snippet":"max-snippet:-1","max-image-preview":"max-image-preview:large","max-video-preview":"max-video-preview:-1"},"canonical":"https:\/\/panwinjet.com\/es\/producto\/uhp-hydro-jet-tube-cleaning-machine-parts-sapphire-nozzles-tip-3-8-24-0-021inch\/","og_locale":"es_ES","og_type":"article","og_title":"UHP Hydro Jet Tube cleaning machine parts Sapphire nozzles Tip 3\/8-24-0.021inch - Panwin Machinery&amp;Equipment","og_description":"1.Product Introduction of 40000psi Pressure Water blasting chemical industry cleaning machine components 3\/8-24 Nozzles-0.012'' For the 40000psi Pressure Water blasting chemical industry cleaning machine components 3\/8-24 Nozzles,in Water blasting cleaning operation, the nozzles is the key components for high-efficiency and stable performance cleaning operation. We Panwin provides our customers high-quality nozzles for different pressure level, our nozzles is UHP Rated up to 55Kpsi, with 3\/8-24 UNF thread connection, it can insert in the rotary nozzles and spray-bars, the nozzles body heat-harden treated, and Superior sapphire material, it is long-life and high-quality.","og_url":"https:\/\/panwinjet.com\/es\/producto\/uhp-hydro-jet-tube-cleaning-machine-parts-sapphire-nozzles-tip-3-8-24-0-021inch\/","og_site_name":"Panwin Machinery&amp;Equipment","og_image":[{"width":1152,"height":2560,"url":"https:\/\/panwinjet.com\/wp-content\/uploads\/2026\/02\/UHP-Nozzles-3-8-21-3-scaled.jpg","type":"image\/jpeg"}],"twitter_card":"summary_large_image","twitter_misc":{"Tiempo de lectura":"1 minuto"},"schema":{"@context":"https:\/\/schema.org","@graph":[{"@type":"WebPage","@id":"https:\/\/panwinjet.com\/product\/uhp-hydro-jet-tube-cleaning-machine-parts-sapphire-nozzles-tip-3-8-24-0-021inch\/","url":"https:\/\/panwinjet.com\/product\/uhp-hydro-jet-tube-cleaning-machine-parts-sapphire-nozzles-tip-3-8-24-0-021inch\/","name":"UHP Hydro Jet Tube cleaning machine parts Sapphire nozzles Tip 3\/8-24-0.021inch - Panwin Machinery&amp;Equipment","isPartOf":{"@id":"https:\/\/panwinjet.com\/#website"},"primaryImageOfPage":{"@id":"https:\/\/panwinjet.com\/product\/uhp-hydro-jet-tube-cleaning-machine-parts-sapphire-nozzles-tip-3-8-24-0-021inch\/#primaryimage"},"image":{"@id":"https:\/\/panwinjet.com\/product\/uhp-hydro-jet-tube-cleaning-machine-parts-sapphire-nozzles-tip-3-8-24-0-021inch\/#primaryimage"},"thumbnailUrl":"https:\/\/panwinjet.com\/wp-content\/uploads\/2026\/02\/UHP-Nozzles-3-8-21-3-scaled.jpg","datePublished":"2026-02-02T10:14:13+00:00","breadcrumb":{"@id":"https:\/\/panwinjet.com\/product\/uhp-hydro-jet-tube-cleaning-machine-parts-sapphire-nozzles-tip-3-8-24-0-021inch\/#breadcrumb"},"inLanguage":"es","potentialAction":[{"@type":"ReadAction","target":["https:\/\/panwinjet.com\/product\/uhp-hydro-jet-tube-cleaning-machine-parts-sapphire-nozzles-tip-3-8-24-0-021inch\/"]}]},{"@type":"ImageObject","inLanguage":"es","@id":"https:\/\/panwinjet.com\/product\/uhp-hydro-jet-tube-cleaning-machine-parts-sapphire-nozzles-tip-3-8-24-0-021inch\/#primaryimage","url":"https:\/\/panwinjet.com\/wp-content\/uploads\/2026\/02\/UHP-Nozzles-3-8-21-3-scaled.jpg","contentUrl":"https:\/\/panwinjet.com\/wp-content\/uploads\/2026\/02\/UHP-Nozzles-3-8-21-3-scaled.jpg","width":1152,"height":2560},{"@type":"BreadcrumbList","@id":"https:\/\/panwinjet.com\/product\/uhp-hydro-jet-tube-cleaning-machine-parts-sapphire-nozzles-tip-3-8-24-0-021inch\/#breadcrumb","itemListElement":[{"@type":"ListItem","position":1,"name":"\u9996\u9875","item":"https:\/\/panwinjet.com\/"},{"@type":"ListItem","position":2,"name":"PRODUCT","item":"https:\/\/panwinjet.com\/product\/"},{"@type":"ListItem","position":3,"name":"UHP Hydro Jet Tube cleaning machine parts Sapphire nozzles Tip 3\/8-24-0.021inch"}]},{"@type":"WebSite","@id":"https:\/\/panwinjet.com\/#website","url":"https:\/\/panwinjet.com\/","name":"Panwin Machinery&amp;Equipment","description":"Shenzhen Panwin Machinery&amp;Equipment Co.Ltd","potentialAction":[{"@type":"SearchAction","target":{"@type":"EntryPoint","urlTemplate":"https:\/\/panwinjet.com\/?s={search_term_string}"},"query-input":{"@type":"PropertyValueSpecification","valueRequired":true,"valueName":"search_term_string"}}],"inLanguage":"es"}]}},"_links":{"self":[{"href":"https:\/\/panwinjet.com\/es\/wp-json\/wp\/v2\/product\/2034","targetHints":{"allow":["GET"]}}],"collection":[{"href":"https:\/\/panwinjet.com\/es\/wp-json\/wp\/v2\/product"}],"about":[{"href":"https:\/\/panwinjet.com\/es\/wp-json\/wp\/v2\/types\/product"}],"wp:featuredmedia":[{"embeddable":true,"href":"https:\/\/panwinjet.com\/es\/wp-json\/wp\/v2\/media\/2037"}],"wp:attachment":[{"href":"https:\/\/panwinjet.com\/es\/wp-json\/wp\/v2\/media?parent=2034"}],"wp:term":[{"taxonomy":"product_brand","embeddable":true,"href":"https:\/\/panwinjet.com\/es\/wp-json\/wp\/v2\/product_brand?post=2034"},{"taxonomy":"product_cat","embeddable":true,"href":"https:\/\/panwinjet.com\/es\/wp-json\/wp\/v2\/product_cat?post=2034"},{"taxonomy":"product_tag","embeddable":true,"href":"https:\/\/panwinjet.com\/es\/wp-json\/wp\/v2\/product_tag?post=2034"}],"curies":[{"name":"wp","href":"https:\/\/api.w.org\/{rel}","templated":true}]}}