{"id":2025,"date":"2026-01-23T13:08:34","date_gmt":"2026-01-23T13:08:34","guid":{"rendered":"https:\/\/panwinjet.com\/?post_type=product&#038;p=2025"},"modified":"2026-01-23T13:08:34","modified_gmt":"2026-01-23T13:08:34","slug":"14500kpsi-1000bar-pressure-water-jet-blasting-surface-perpetration-flat-jet-cleaning-rotary-for-802-3501-monro-jet-style-mvt-f2-nozzles","status":"publish","type":"product","link":"https:\/\/panwinjet.com\/es\/producto\/14500kpsi-1000bar-pressure-water-jet-blasting-surface-perpetration-flat-jet-cleaning-rotary-for-802-3501-monro-jet-style-mvt-f2-nozzles\/","title":{"rendered":"14500KPSI 1000Bar Pressure Water Jet Blasting Surface Perpetration Flat Jet cleaning Rotary for 802-3501 monro Jet Style MVT F2 Nozzles"},"content":{"rendered":"<p>The 1000Bar Pressure Water Jet Blasting Paint Removal cleaning Rotary Flat Jet for monro MVT F2 Nozzles has quite advantages and superior Features:<br \/>\n1: Mayores niveles de capacidad de limpieza<br \/>\n2: Calidad de chorro constante<br \/>\n3: Larga vida \u00fatil<br \/>\n4: Ligero, duradero y confiable.<br \/>\n5: F\u00e1cil de instalar y desmontar.<\/p>\n<p>Solicitud:<br \/>\nChorro de agua a presi\u00f3n por agua para la industria del hierro, el acero y los metales<br \/>\nIngenier\u00eda mec\u00e1nica y de aparatos para hidrolavadoras de alta presi\u00f3n<br \/>\nIndustria del cemento y el hormig\u00f3n<br \/>\nM\u00e1quina de hidrolavado para la industria de refinaci\u00f3n de petr\u00f3leo<br \/>\nLimpieza de superficies con hidrojet<br \/>\nLimpieza de pintura de autom\u00f3viles, limpieza de la industria minera, limpieza de f\u00e1bricas de acero, etc.<br \/>\nEquipos de limpieza de alcantarillado de alta presi\u00f3n para redes de tuber\u00edas municipales de suministro de agua y drenaje;<br \/>\nLimpieza y eliminaci\u00f3n de rebabas de piezas fundidas<br \/>\nEliminaci\u00f3n de recubrimientos superficiales<br \/>\nDespliegue en alta mar<br \/>\nConstrucci\u00f3n naval<br \/>\nDemolici\u00f3n de hormig\u00f3n<br \/>\nEliminaci\u00f3n de capas de bet\u00fan<br \/>\nEliminaci\u00f3n de pintura<\/p>","protected":false},"excerpt":{"rendered":"<p>14500KPSI 1000Bar Pressure Water Jet Blasting Surface Perpetration Flat Jet cleaning Rotary for 802-3501 monro Jet Style MVT F2 Nozzles<br \/>\nThis F2 Rotary Flat Jet for monro MVT F1 nozzles combine the high power of the point jet with the large area output of the flat jet. They can be used with all approved high-pressure fittings and mounted on lances.<br \/>\nThis Models Rotary Flat Jet for monro MVT F2 Nozzles can be used up to an operating pressure of 1000 bar, and three different connection thread types are available.<br \/>\ncompact design, Rotor Diameter:0.60-2.8mm for different flow rate level,This Rotary Flat Jet F2 Nozzles can be used both in building construction and in civil engineering for surface treatment and cleaning.<\/p>","protected":false},"featured_media":2031,"template":"","meta":[],"product_brand":[],"product_cat":[10,11,5],"product_tag":[147,146,145],"class_list":{"0":"post-2025","1":"product","2":"type-product","3":"status-publish","4":"has-post-thumbnail","6":"product_cat-pipeline-tube-uhp-water-blasting-cleaning-device","7":"product_cat-ship-cleaning-device","8":"product_cat-uhp-rotating-nozzles","9":"product_tag-14500kpsi-1000bar-pressure-water","10":"product_tag-monro-jet-nozzles","11":"product_tag-mvt-f2-nozzles","13":"first","14":"instock","15":"shipping-taxable","16":"product-type-simple"},"yoast_head":"<!-- This site is optimized with the Yoast SEO plugin v24.9 - https:\/\/yoast.com\/wordpress\/plugins\/seo\/ -->\n<title>14500KPSI 1000Bar Pressure Water Jet Blasting Surface Perpetration Flat Jet cleaning Rotary for 802-3501 monro Jet Style MVT F2 Nozzles - Panwin Machinery&amp;Equipment<\/title>\n<meta name=\"robots\" content=\"index, follow, max-snippet:-1, max-image-preview:large, max-video-preview:-1\" \/>\n<link rel=\"canonical\" href=\"https:\/\/panwinjet.com\/es\/producto\/14500kpsi-1000bar-pressure-water-jet-blasting-surface-perpetration-flat-jet-cleaning-rotary-for-802-3501-monro-jet-style-mvt-f2-nozzles\/\" \/>\n<meta property=\"og:locale\" content=\"es_ES\" \/>\n<meta property=\"og:type\" content=\"article\" \/>\n<meta property=\"og:title\" content=\"14500KPSI 1000Bar Pressure Water Jet Blasting Surface Perpetration Flat Jet cleaning Rotary for 802-3501 monro Jet Style MVT F2 Nozzles - Panwin Machinery&amp;Equipment\" \/>\n<meta property=\"og:description\" content=\"14500KPSI 1000Bar Pressure Water Jet Blasting Surface Perpetration Flat Jet cleaning Rotary for 802-3501 monro Jet Style MVT F2 Nozzles This F2 Rotary Flat Jet for monro MVT F1 nozzles combine the high power of the point jet with the large area output of the flat jet. They can be used with all approved high-pressure fittings and mounted on lances. This Models Rotary Flat Jet for monro MVT F2 Nozzles can be used up to an operating pressure of 1000 bar, and three different connection thread types are available. compact design, Rotor Diameter:0.60-2.8mm for different flow rate level,This Rotary Flat Jet F2 Nozzles can be used both in building construction and in civil engineering for surface treatment and cleaning.\" \/>\n<meta property=\"og:url\" content=\"https:\/\/panwinjet.com\/es\/producto\/14500kpsi-1000bar-pressure-water-jet-blasting-surface-perpetration-flat-jet-cleaning-rotary-for-802-3501-monro-jet-style-mvt-f2-nozzles\/\" \/>\n<meta property=\"og:site_name\" content=\"Panwin Machinery&amp;Equipment\" \/>\n<meta property=\"og:image\" content=\"https:\/\/panwinjet.com\/wp-content\/uploads\/2026\/01\/MVT-F2-Nozzles-2-1-scaled.jpg\" \/>\n\t<meta property=\"og:image:width\" content=\"1152\" \/>\n\t<meta property=\"og:image:height\" content=\"2560\" \/>\n\t<meta property=\"og:image:type\" content=\"image\/jpeg\" \/>\n<meta name=\"twitter:card\" content=\"summary_large_image\" \/>\n<meta name=\"twitter:label1\" content=\"Tiempo de lectura\" \/>\n\t<meta name=\"twitter:data1\" content=\"1 minuto\" \/>\n<script type=\"application\/ld+json\" class=\"yoast-schema-graph\">{\"@context\":\"https:\/\/schema.org\",\"@graph\":[{\"@type\":\"WebPage\",\"@id\":\"https:\/\/panwinjet.com\/product\/14500kpsi-1000bar-pressure-water-jet-blasting-surface-perpetration-flat-jet-cleaning-rotary-for-802-3501-monro-jet-style-mvt-f2-nozzles\/\",\"url\":\"https:\/\/panwinjet.com\/product\/14500kpsi-1000bar-pressure-water-jet-blasting-surface-perpetration-flat-jet-cleaning-rotary-for-802-3501-monro-jet-style-mvt-f2-nozzles\/\",\"name\":\"14500KPSI 1000Bar Pressure Water Jet Blasting Surface Perpetration Flat Jet cleaning Rotary for 802-3501 monro Jet Style MVT F2 Nozzles - Panwin Machinery&amp;Equipment\",\"isPartOf\":{\"@id\":\"https:\/\/panwinjet.com\/#website\"},\"primaryImageOfPage\":{\"@id\":\"https:\/\/panwinjet.com\/product\/14500kpsi-1000bar-pressure-water-jet-blasting-surface-perpetration-flat-jet-cleaning-rotary-for-802-3501-monro-jet-style-mvt-f2-nozzles\/#primaryimage\"},\"image\":{\"@id\":\"https:\/\/panwinjet.com\/product\/14500kpsi-1000bar-pressure-water-jet-blasting-surface-perpetration-flat-jet-cleaning-rotary-for-802-3501-monro-jet-style-mvt-f2-nozzles\/#primaryimage\"},\"thumbnailUrl\":\"https:\/\/panwinjet.com\/wp-content\/uploads\/2026\/01\/MVT-F2-Nozzles-2-1-scaled.jpg\",\"datePublished\":\"2026-01-23T13:08:34+00:00\",\"breadcrumb\":{\"@id\":\"https:\/\/panwinjet.com\/product\/14500kpsi-1000bar-pressure-water-jet-blasting-surface-perpetration-flat-jet-cleaning-rotary-for-802-3501-monro-jet-style-mvt-f2-nozzles\/#breadcrumb\"},\"inLanguage\":\"es\",\"potentialAction\":[{\"@type\":\"ReadAction\",\"target\":[\"https:\/\/panwinjet.com\/product\/14500kpsi-1000bar-pressure-water-jet-blasting-surface-perpetration-flat-jet-cleaning-rotary-for-802-3501-monro-jet-style-mvt-f2-nozzles\/\"]}]},{\"@type\":\"ImageObject\",\"inLanguage\":\"es\",\"@id\":\"https:\/\/panwinjet.com\/product\/14500kpsi-1000bar-pressure-water-jet-blasting-surface-perpetration-flat-jet-cleaning-rotary-for-802-3501-monro-jet-style-mvt-f2-nozzles\/#primaryimage\",\"url\":\"https:\/\/panwinjet.com\/wp-content\/uploads\/2026\/01\/MVT-F2-Nozzles-2-1-scaled.jpg\",\"contentUrl\":\"https:\/\/panwinjet.com\/wp-content\/uploads\/2026\/01\/MVT-F2-Nozzles-2-1-scaled.jpg\",\"width\":1152,\"height\":2560},{\"@type\":\"BreadcrumbList\",\"@id\":\"https:\/\/panwinjet.com\/product\/14500kpsi-1000bar-pressure-water-jet-blasting-surface-perpetration-flat-jet-cleaning-rotary-for-802-3501-monro-jet-style-mvt-f2-nozzles\/#breadcrumb\",\"itemListElement\":[{\"@type\":\"ListItem\",\"position\":1,\"name\":\"\u9996\u9875\",\"item\":\"https:\/\/panwinjet.com\/\"},{\"@type\":\"ListItem\",\"position\":2,\"name\":\"PRODUCT\",\"item\":\"https:\/\/panwinjet.com\/product\/\"},{\"@type\":\"ListItem\",\"position\":3,\"name\":\"14500KPSI 1000Bar Pressure Water Jet Blasting Surface Perpetration Flat Jet cleaning Rotary for 802-3501 monro Jet Style MVT F2 Nozzles\"}]},{\"@type\":\"WebSite\",\"@id\":\"https:\/\/panwinjet.com\/#website\",\"url\":\"https:\/\/panwinjet.com\/\",\"name\":\"Panwin Machinery&amp;Equipment\",\"description\":\"Shenzhen Panwin Machinery&amp;Equipment Co.Ltd\",\"potentialAction\":[{\"@type\":\"SearchAction\",\"target\":{\"@type\":\"EntryPoint\",\"urlTemplate\":\"https:\/\/panwinjet.com\/?s={search_term_string}\"},\"query-input\":{\"@type\":\"PropertyValueSpecification\",\"valueRequired\":true,\"valueName\":\"search_term_string\"}}],\"inLanguage\":\"es\"}]}<\/script>\n<!-- \/ Yoast SEO plugin. -->","yoast_head_json":{"title":"14500KPSI 1000Bar Pressure Water Jet Blasting Surface Perpetration Flat Jet cleaning Rotary for 802-3501 monro Jet Style MVT F2 Nozzles - Panwin Machinery&amp;Equipment","robots":{"index":"index","follow":"follow","max-snippet":"max-snippet:-1","max-image-preview":"max-image-preview:large","max-video-preview":"max-video-preview:-1"},"canonical":"https:\/\/panwinjet.com\/es\/producto\/14500kpsi-1000bar-pressure-water-jet-blasting-surface-perpetration-flat-jet-cleaning-rotary-for-802-3501-monro-jet-style-mvt-f2-nozzles\/","og_locale":"es_ES","og_type":"article","og_title":"14500KPSI 1000Bar Pressure Water Jet Blasting Surface Perpetration Flat Jet cleaning Rotary for 802-3501 monro Jet Style MVT F2 Nozzles - Panwin Machinery&amp;Equipment","og_description":"14500KPSI 1000Bar Pressure Water Jet Blasting Surface Perpetration Flat Jet cleaning Rotary for 802-3501 monro Jet Style MVT F2 Nozzles This F2 Rotary Flat Jet for monro MVT F1 nozzles combine the high power of the point jet with the large area output of the flat jet. They can be used with all approved high-pressure fittings and mounted on lances. This Models Rotary Flat Jet for monro MVT F2 Nozzles can be used up to an operating pressure of 1000 bar, and three different connection thread types are available. compact design, Rotor Diameter:0.60-2.8mm for different flow rate level,This Rotary Flat Jet F2 Nozzles can be used both in building construction and in civil engineering for surface treatment and cleaning.","og_url":"https:\/\/panwinjet.com\/es\/producto\/14500kpsi-1000bar-pressure-water-jet-blasting-surface-perpetration-flat-jet-cleaning-rotary-for-802-3501-monro-jet-style-mvt-f2-nozzles\/","og_site_name":"Panwin Machinery&amp;Equipment","og_image":[{"width":1152,"height":2560,"url":"https:\/\/panwinjet.com\/wp-content\/uploads\/2026\/01\/MVT-F2-Nozzles-2-1-scaled.jpg","type":"image\/jpeg"}],"twitter_card":"summary_large_image","twitter_misc":{"Tiempo de lectura":"1 minuto"},"schema":{"@context":"https:\/\/schema.org","@graph":[{"@type":"WebPage","@id":"https:\/\/panwinjet.com\/product\/14500kpsi-1000bar-pressure-water-jet-blasting-surface-perpetration-flat-jet-cleaning-rotary-for-802-3501-monro-jet-style-mvt-f2-nozzles\/","url":"https:\/\/panwinjet.com\/product\/14500kpsi-1000bar-pressure-water-jet-blasting-surface-perpetration-flat-jet-cleaning-rotary-for-802-3501-monro-jet-style-mvt-f2-nozzles\/","name":"14500KPSI 1000Bar Pressure Water Jet Blasting Surface Perpetration Flat Jet cleaning Rotary for 802-3501 monro Jet Style MVT F2 Nozzles - Panwin Machinery&amp;Equipment","isPartOf":{"@id":"https:\/\/panwinjet.com\/#website"},"primaryImageOfPage":{"@id":"https:\/\/panwinjet.com\/product\/14500kpsi-1000bar-pressure-water-jet-blasting-surface-perpetration-flat-jet-cleaning-rotary-for-802-3501-monro-jet-style-mvt-f2-nozzles\/#primaryimage"},"image":{"@id":"https:\/\/panwinjet.com\/product\/14500kpsi-1000bar-pressure-water-jet-blasting-surface-perpetration-flat-jet-cleaning-rotary-for-802-3501-monro-jet-style-mvt-f2-nozzles\/#primaryimage"},"thumbnailUrl":"https:\/\/panwinjet.com\/wp-content\/uploads\/2026\/01\/MVT-F2-Nozzles-2-1-scaled.jpg","datePublished":"2026-01-23T13:08:34+00:00","breadcrumb":{"@id":"https:\/\/panwinjet.com\/product\/14500kpsi-1000bar-pressure-water-jet-blasting-surface-perpetration-flat-jet-cleaning-rotary-for-802-3501-monro-jet-style-mvt-f2-nozzles\/#breadcrumb"},"inLanguage":"es","potentialAction":[{"@type":"ReadAction","target":["https:\/\/panwinjet.com\/product\/14500kpsi-1000bar-pressure-water-jet-blasting-surface-perpetration-flat-jet-cleaning-rotary-for-802-3501-monro-jet-style-mvt-f2-nozzles\/"]}]},{"@type":"ImageObject","inLanguage":"es","@id":"https:\/\/panwinjet.com\/product\/14500kpsi-1000bar-pressure-water-jet-blasting-surface-perpetration-flat-jet-cleaning-rotary-for-802-3501-monro-jet-style-mvt-f2-nozzles\/#primaryimage","url":"https:\/\/panwinjet.com\/wp-content\/uploads\/2026\/01\/MVT-F2-Nozzles-2-1-scaled.jpg","contentUrl":"https:\/\/panwinjet.com\/wp-content\/uploads\/2026\/01\/MVT-F2-Nozzles-2-1-scaled.jpg","width":1152,"height":2560},{"@type":"BreadcrumbList","@id":"https:\/\/panwinjet.com\/product\/14500kpsi-1000bar-pressure-water-jet-blasting-surface-perpetration-flat-jet-cleaning-rotary-for-802-3501-monro-jet-style-mvt-f2-nozzles\/#breadcrumb","itemListElement":[{"@type":"ListItem","position":1,"name":"\u9996\u9875","item":"https:\/\/panwinjet.com\/"},{"@type":"ListItem","position":2,"name":"PRODUCT","item":"https:\/\/panwinjet.com\/product\/"},{"@type":"ListItem","position":3,"name":"14500KPSI 1000Bar Pressure Water Jet Blasting Surface Perpetration Flat Jet cleaning Rotary for 802-3501 monro Jet Style MVT F2 Nozzles"}]},{"@type":"WebSite","@id":"https:\/\/panwinjet.com\/#website","url":"https:\/\/panwinjet.com\/","name":"Panwin Machinery&amp;Equipment","description":"Shenzhen Panwin Machinery&amp;Equipment Co.Ltd","potentialAction":[{"@type":"SearchAction","target":{"@type":"EntryPoint","urlTemplate":"https:\/\/panwinjet.com\/?s={search_term_string}"},"query-input":{"@type":"PropertyValueSpecification","valueRequired":true,"valueName":"search_term_string"}}],"inLanguage":"es"}]}},"_links":{"self":[{"href":"https:\/\/panwinjet.com\/es\/wp-json\/wp\/v2\/product\/2025","targetHints":{"allow":["GET"]}}],"collection":[{"href":"https:\/\/panwinjet.com\/es\/wp-json\/wp\/v2\/product"}],"about":[{"href":"https:\/\/panwinjet.com\/es\/wp-json\/wp\/v2\/types\/product"}],"wp:featuredmedia":[{"embeddable":true,"href":"https:\/\/panwinjet.com\/es\/wp-json\/wp\/v2\/media\/2031"}],"wp:attachment":[{"href":"https:\/\/panwinjet.com\/es\/wp-json\/wp\/v2\/media?parent=2025"}],"wp:term":[{"taxonomy":"product_brand","embeddable":true,"href":"https:\/\/panwinjet.com\/es\/wp-json\/wp\/v2\/product_brand?post=2025"},{"taxonomy":"product_cat","embeddable":true,"href":"https:\/\/panwinjet.com\/es\/wp-json\/wp\/v2\/product_cat?post=2025"},{"taxonomy":"product_tag","embeddable":true,"href":"https:\/\/panwinjet.com\/es\/wp-json\/wp\/v2\/product_tag?post=2025"}],"curies":[{"name":"wp","href":"https:\/\/api.w.org\/{rel}","templated":true}]}}